{"id":7874,"date":"2020-09-18T22:32:34","date_gmt":"2020-09-18T20:32:34","guid":{"rendered":"https:\/\/www.allscore.de\/shop\/?post_type=product&#038;p=7874"},"modified":"2026-03-19T13:49:51","modified_gmt":"2026-03-19T12:49:51","slug":"fuer-koenigreich-und-vaterland-fall-46","status":"publish","type":"product","link":"https:\/\/www.allscore.de\/shop\/produkt\/fuer-koenigreich-und-vaterland-fall-46\/","title":{"rendered":"Sherlock Holmes, neue F\u00e4lle 46: F\u00fcr K\u00f6nigreich und Vaterland"},"content":{"rendered":"<p>Sherlock Holmes, neue F\u00e4lle 46: F\u00fcr K\u00f6nigreich und Vaterland<\/p>\n<p>In der elit\u00e4ren K\u00f6niglichen Milit\u00e4rakademie in Woolwich ist ein r\u00e4tselhafter Mord geschehen. Der streitbare Professor Ellis wurde in seinem Arbeitszimmer tot aufgefunden. Holmes und Watson werden zur Aufkl\u00e4rung des Verbrechens hinzugezogen. Doch schon bald muss der Meisterdetektiv erkennen, dass in der Welt soldatischer Strenge und Hierarchie andere Regeln herrschen&#8230;<\/p>\n<p>Sherlock Holmes: Christian Rode<br \/>\nWatson \/ Erz\u00e4hler: Peter Groeger<br \/>\nInspector Lestrade: Lutz Harder<br \/>\nInspector Dash: Michael Pink<br \/>\nMajor-General F. T. Lloyd: Erich R\u00e4uker<br \/>\nMr. Whiteside: Bernd Stephan<br \/>\nJoseph Ellis: J\u00fcrgen Kluckert<br \/>\nAidan Rutledge: Martin Sabel<br \/>\nNorman Walsh: Tobias Nath<br \/>\nIan Patterson: Nils Rieke<br \/>\nLawrence Brooker: Nicolai Tegeler<br \/>\nMrs. Hudson: Arianne Borbach<\/p>\n<p>Regie: Gerd Naumann<br \/>\nBuch und Idee: Andreas Masuth<br \/>\nKomponist: Stephan Eicke<br \/>\nInterpret: Sandro Friedrich [Fl\u00f6te]<br \/>\nSounddesign, Mischung &amp; Master: Tom Steinbrecher<\/p>\n<p>Spieldauer: ca. 77 Minuten<\/p>\n","protected":false},"excerpt":{"rendered":"<p>Sherlock Holmes, neue F\u00e4lle 46: F\u00fcr K\u00f6nigreich und Vaterland In der elit\u00e4ren K\u00f6niglichen Milit\u00e4rakademie in Woolwich ist ein r\u00e4tselhafter Mord geschehen. Der streitbare Professor Ellis wurde in seinem Arbeitszimmer tot aufgefunden. Holmes und Watson werden zur Aufkl\u00e4rung des Verbrechens hinzugezogen. Doch schon bald muss der Meisterdetektiv erkennen, dass in der Welt soldatischer Strenge und Hierarchie&#8230;<\/p>\n<p><a rel=\"bookmark\" class=\"vonzot-button-simple wvc-button wvc-button-size-sm\" href=\"https:\/\/www.allscore.de\/shop\/produkt\/fuer-koenigreich-und-vaterland-fall-46\/\"><span>Read more<\/span><\/a><\/p>\n","protected":false},"featured_media":7520,"template":"","meta":[],"product_brand":[],"product_cat":[72,213],"product_tag":[],"class_list":{"0":"post-7874","1":"product","2":"type-product","3":"status-publish","4":"has-post-thumbnail","6":"product_cat-hoerspiele","7":"product_cat-sherlock-holmes-die-neuen-faelle","8":"product_shipping_class-tontraeger-cd","9":"entry","10":"clearfix","11":"entry-grid","12":"entry-columns-3","13":"entry-product-module-layout-sidebar-right","14":"thumbnail-color-tone-dark","15":"entry-product","17":"entry-product-grid","19":"first","20":"instock","21":"taxable","22":"shipping-taxable","23":"purchasable","24":"product-type-simple"},"yoast_head":"<!-- This site is optimized with the Yoast SEO plugin v27.3 - https:\/\/yoast.com\/product\/yoast-seo-wordpress\/ -->\n<title>Sherlock Holmes, neue F\u00e4lle 46: F\u00fcr K\u00f6nigreich und Vaterland<\/title>\n<meta name=\"description\" content=\"Sherlock Holmes, neue F\u00e4lle 46: F\u00fcr K\u00f6nigreich und Vaterland In der elit\u00e4ren K\u00f6niglichen Milit\u00e4rakademie in Woolwich ist ein r\u00e4tselhafter Mord geschehen.\" \/>\n<meta name=\"robots\" content=\"index, follow, max-snippet:-1, max-image-preview:large, max-video-preview:-1\" \/>\n<link rel=\"canonical\" href=\"https:\/\/www.allscore.de\/shop\/produkt\/fuer-koenigreich-und-vaterland-fall-46\/\" \/>\n<meta property=\"og:locale\" content=\"de_DE\" \/>\n<meta property=\"og:type\" content=\"article\" \/>\n<meta property=\"og:title\" content=\"Sherlock Holmes, neue F\u00e4lle 46: F\u00fcr K\u00f6nigreich und Vaterland\" \/>\n<meta property=\"og:description\" content=\"Sherlock Holmes, neue F\u00e4lle 46: F\u00fcr K\u00f6nigreich und Vaterland In der elit\u00e4ren K\u00f6niglichen Milit\u00e4rakademie in Woolwich ist ein r\u00e4tselhafter Mord geschehen.\" \/>\n<meta property=\"og:url\" content=\"https:\/\/www.allscore.de\/shop\/produkt\/fuer-koenigreich-und-vaterland-fall-46\/\" \/>\n<meta property=\"og:site_name\" content=\"Allscore Shop\" \/>\n<meta property=\"article:modified_time\" content=\"2026-03-19T12:49:51+00:00\" \/>\n<meta property=\"og:image\" content=\"https:\/\/www.allscore.de\/shop\/wp-content\/uploads\/2020\/09\/SH46_1200x1200.jpg\" \/>\n\t<meta property=\"og:image:width\" content=\"1200\" \/>\n\t<meta property=\"og:image:height\" content=\"1200\" \/>\n\t<meta property=\"og:image:type\" content=\"image\/jpeg\" \/>\n<meta name=\"twitter:card\" content=\"summary_large_image\" \/>\n<meta name=\"twitter:label1\" content=\"Gesch\u00e4tzte Lesezeit\" \/>\n\t<meta name=\"twitter:data1\" content=\"1\u00a0Minute\" \/>\n<script type=\"application\/ld+json\" class=\"yoast-schema-graph\">{\"@context\":\"https:\\\/\\\/schema.org\",\"@graph\":[{\"@type\":\"WebPage\",\"@id\":\"https:\\\/\\\/www.allscore.de\\\/shop\\\/produkt\\\/fuer-koenigreich-und-vaterland-fall-46\\\/\",\"url\":\"https:\\\/\\\/www.allscore.de\\\/shop\\\/produkt\\\/fuer-koenigreich-und-vaterland-fall-46\\\/\",\"name\":\"Sherlock Holmes, neue F\u00e4lle 46: F\u00fcr K\u00f6nigreich und Vaterland\",\"isPartOf\":{\"@id\":\"https:\\\/\\\/www.allscore.de\\\/shop\\\/#website\"},\"primaryImageOfPage\":{\"@id\":\"https:\\\/\\\/www.allscore.de\\\/shop\\\/produkt\\\/fuer-koenigreich-und-vaterland-fall-46\\\/#primaryimage\"},\"image\":{\"@id\":\"https:\\\/\\\/www.allscore.de\\\/shop\\\/produkt\\\/fuer-koenigreich-und-vaterland-fall-46\\\/#primaryimage\"},\"thumbnailUrl\":\"https:\\\/\\\/www.allscore.de\\\/shop\\\/wp-content\\\/uploads\\\/2020\\\/09\\\/SH46_1200x1200.jpg\",\"datePublished\":\"2020-09-18T20:32:34+00:00\",\"dateModified\":\"2026-03-19T12:49:51+00:00\",\"description\":\"Sherlock Holmes, neue F\u00e4lle 46: F\u00fcr K\u00f6nigreich und Vaterland In der elit\u00e4ren K\u00f6niglichen Milit\u00e4rakademie in Woolwich ist ein r\u00e4tselhafter Mord geschehen.\",\"breadcrumb\":{\"@id\":\"https:\\\/\\\/www.allscore.de\\\/shop\\\/produkt\\\/fuer-koenigreich-und-vaterland-fall-46\\\/#breadcrumb\"},\"inLanguage\":\"de\",\"potentialAction\":[{\"@type\":\"ReadAction\",\"target\":[\"https:\\\/\\\/www.allscore.de\\\/shop\\\/produkt\\\/fuer-koenigreich-und-vaterland-fall-46\\\/\"]}]},{\"@type\":\"ImageObject\",\"inLanguage\":\"de\",\"@id\":\"https:\\\/\\\/www.allscore.de\\\/shop\\\/produkt\\\/fuer-koenigreich-und-vaterland-fall-46\\\/#primaryimage\",\"url\":\"https:\\\/\\\/www.allscore.de\\\/shop\\\/wp-content\\\/uploads\\\/2020\\\/09\\\/SH46_1200x1200.jpg\",\"contentUrl\":\"https:\\\/\\\/www.allscore.de\\\/shop\\\/wp-content\\\/uploads\\\/2020\\\/09\\\/SH46_1200x1200.jpg\",\"width\":1200,\"height\":1200,\"caption\":\"F\u00fcr K\u00f6nigreich und Vaterland\"},{\"@type\":\"BreadcrumbList\",\"@id\":\"https:\\\/\\\/www.allscore.de\\\/shop\\\/produkt\\\/fuer-koenigreich-und-vaterland-fall-46\\\/#breadcrumb\",\"itemListElement\":[{\"@type\":\"ListItem\",\"position\":1,\"name\":\"Startseite\",\"item\":\"https:\\\/\\\/www.allscore.de\\\/shop\\\/\"},{\"@type\":\"ListItem\",\"position\":2,\"name\":\"Produkte\",\"item\":\"https:\\\/\\\/www.allscore.de\\\/shop\\\/shop\\\/\"},{\"@type\":\"ListItem\",\"position\":3,\"name\":\"Sherlock Holmes, neue F\u00e4lle 46: F\u00fcr K\u00f6nigreich und Vaterland\"}]},{\"@type\":\"WebSite\",\"@id\":\"https:\\\/\\\/www.allscore.de\\\/shop\\\/#website\",\"url\":\"https:\\\/\\\/www.allscore.de\\\/shop\\\/\",\"name\":\"Allscore Shop\",\"description\":\"All Score Media\",\"publisher\":{\"@id\":\"https:\\\/\\\/www.allscore.de\\\/shop\\\/#organization\"},\"potentialAction\":[{\"@type\":\"SearchAction\",\"target\":{\"@type\":\"EntryPoint\",\"urlTemplate\":\"https:\\\/\\\/www.allscore.de\\\/shop\\\/?s={search_term_string}\"},\"query-input\":{\"@type\":\"PropertyValueSpecification\",\"valueRequired\":true,\"valueName\":\"search_term_string\"}}],\"inLanguage\":\"de\"},{\"@type\":\"Organization\",\"@id\":\"https:\\\/\\\/www.allscore.de\\\/shop\\\/#organization\",\"name\":\"All Score Media\",\"alternateName\":\"Allscore\",\"url\":\"https:\\\/\\\/www.allscore.de\\\/shop\\\/\",\"logo\":{\"@type\":\"ImageObject\",\"inLanguage\":\"de\",\"@id\":\"https:\\\/\\\/www.allscore.de\\\/shop\\\/#\\\/schema\\\/logo\\\/image\\\/\",\"url\":\"https:\\\/\\\/www.allscore.de\\\/shop\\\/wp-content\\\/uploads\\\/2026\\\/01\\\/Logo_Yoast_Shop_2026.png\",\"contentUrl\":\"https:\\\/\\\/www.allscore.de\\\/shop\\\/wp-content\\\/uploads\\\/2026\\\/01\\\/Logo_Yoast_Shop_2026.png\",\"width\":696,\"height\":696,\"caption\":\"All Score Media\"},\"image\":{\"@id\":\"https:\\\/\\\/www.allscore.de\\\/shop\\\/#\\\/schema\\\/logo\\\/image\\\/\"}}]}<\/script>\n<!-- \/ Yoast SEO plugin. -->","yoast_head_json":{"title":"Sherlock Holmes, neue F\u00e4lle 46: F\u00fcr K\u00f6nigreich und Vaterland","description":"Sherlock Holmes, neue F\u00e4lle 46: F\u00fcr K\u00f6nigreich und Vaterland In der elit\u00e4ren K\u00f6niglichen Milit\u00e4rakademie in Woolwich ist ein r\u00e4tselhafter Mord geschehen.","robots":{"index":"index","follow":"follow","max-snippet":"max-snippet:-1","max-image-preview":"max-image-preview:large","max-video-preview":"max-video-preview:-1"},"canonical":"https:\/\/www.allscore.de\/shop\/produkt\/fuer-koenigreich-und-vaterland-fall-46\/","og_locale":"de_DE","og_type":"article","og_title":"Sherlock Holmes, neue F\u00e4lle 46: F\u00fcr K\u00f6nigreich und Vaterland","og_description":"Sherlock Holmes, neue F\u00e4lle 46: F\u00fcr K\u00f6nigreich und Vaterland In der elit\u00e4ren K\u00f6niglichen Milit\u00e4rakademie in Woolwich ist ein r\u00e4tselhafter Mord geschehen.","og_url":"https:\/\/www.allscore.de\/shop\/produkt\/fuer-koenigreich-und-vaterland-fall-46\/","og_site_name":"Allscore Shop","article_modified_time":"2026-03-19T12:49:51+00:00","og_image":[{"width":1200,"height":1200,"url":"https:\/\/www.allscore.de\/shop\/wp-content\/uploads\/2020\/09\/SH46_1200x1200.jpg","type":"image\/jpeg"}],"twitter_card":"summary_large_image","twitter_misc":{"Gesch\u00e4tzte Lesezeit":"1\u00a0Minute"},"schema":{"@context":"https:\/\/schema.org","@graph":[{"@type":"WebPage","@id":"https:\/\/www.allscore.de\/shop\/produkt\/fuer-koenigreich-und-vaterland-fall-46\/","url":"https:\/\/www.allscore.de\/shop\/produkt\/fuer-koenigreich-und-vaterland-fall-46\/","name":"Sherlock Holmes, neue F\u00e4lle 46: F\u00fcr K\u00f6nigreich und Vaterland","isPartOf":{"@id":"https:\/\/www.allscore.de\/shop\/#website"},"primaryImageOfPage":{"@id":"https:\/\/www.allscore.de\/shop\/produkt\/fuer-koenigreich-und-vaterland-fall-46\/#primaryimage"},"image":{"@id":"https:\/\/www.allscore.de\/shop\/produkt\/fuer-koenigreich-und-vaterland-fall-46\/#primaryimage"},"thumbnailUrl":"https:\/\/www.allscore.de\/shop\/wp-content\/uploads\/2020\/09\/SH46_1200x1200.jpg","datePublished":"2020-09-18T20:32:34+00:00","dateModified":"2026-03-19T12:49:51+00:00","description":"Sherlock Holmes, neue F\u00e4lle 46: F\u00fcr K\u00f6nigreich und Vaterland In der elit\u00e4ren K\u00f6niglichen Milit\u00e4rakademie in Woolwich ist ein r\u00e4tselhafter Mord geschehen.","breadcrumb":{"@id":"https:\/\/www.allscore.de\/shop\/produkt\/fuer-koenigreich-und-vaterland-fall-46\/#breadcrumb"},"inLanguage":"de","potentialAction":[{"@type":"ReadAction","target":["https:\/\/www.allscore.de\/shop\/produkt\/fuer-koenigreich-und-vaterland-fall-46\/"]}]},{"@type":"ImageObject","inLanguage":"de","@id":"https:\/\/www.allscore.de\/shop\/produkt\/fuer-koenigreich-und-vaterland-fall-46\/#primaryimage","url":"https:\/\/www.allscore.de\/shop\/wp-content\/uploads\/2020\/09\/SH46_1200x1200.jpg","contentUrl":"https:\/\/www.allscore.de\/shop\/wp-content\/uploads\/2020\/09\/SH46_1200x1200.jpg","width":1200,"height":1200,"caption":"F\u00fcr K\u00f6nigreich und Vaterland"},{"@type":"BreadcrumbList","@id":"https:\/\/www.allscore.de\/shop\/produkt\/fuer-koenigreich-und-vaterland-fall-46\/#breadcrumb","itemListElement":[{"@type":"ListItem","position":1,"name":"Startseite","item":"https:\/\/www.allscore.de\/shop\/"},{"@type":"ListItem","position":2,"name":"Produkte","item":"https:\/\/www.allscore.de\/shop\/shop\/"},{"@type":"ListItem","position":3,"name":"Sherlock Holmes, neue F\u00e4lle 46: F\u00fcr K\u00f6nigreich und Vaterland"}]},{"@type":"WebSite","@id":"https:\/\/www.allscore.de\/shop\/#website","url":"https:\/\/www.allscore.de\/shop\/","name":"Allscore Shop","description":"All Score Media","publisher":{"@id":"https:\/\/www.allscore.de\/shop\/#organization"},"potentialAction":[{"@type":"SearchAction","target":{"@type":"EntryPoint","urlTemplate":"https:\/\/www.allscore.de\/shop\/?s={search_term_string}"},"query-input":{"@type":"PropertyValueSpecification","valueRequired":true,"valueName":"search_term_string"}}],"inLanguage":"de"},{"@type":"Organization","@id":"https:\/\/www.allscore.de\/shop\/#organization","name":"All Score Media","alternateName":"Allscore","url":"https:\/\/www.allscore.de\/shop\/","logo":{"@type":"ImageObject","inLanguage":"de","@id":"https:\/\/www.allscore.de\/shop\/#\/schema\/logo\/image\/","url":"https:\/\/www.allscore.de\/shop\/wp-content\/uploads\/2026\/01\/Logo_Yoast_Shop_2026.png","contentUrl":"https:\/\/www.allscore.de\/shop\/wp-content\/uploads\/2026\/01\/Logo_Yoast_Shop_2026.png","width":696,"height":696,"caption":"All Score Media"},"image":{"@id":"https:\/\/www.allscore.de\/shop\/#\/schema\/logo\/image\/"}}]}},"_links":{"self":[{"href":"https:\/\/www.allscore.de\/shop\/wp-json\/wp\/v2\/product\/7874","targetHints":{"allow":["GET"]}}],"collection":[{"href":"https:\/\/www.allscore.de\/shop\/wp-json\/wp\/v2\/product"}],"about":[{"href":"https:\/\/www.allscore.de\/shop\/wp-json\/wp\/v2\/types\/product"}],"wp:featuredmedia":[{"embeddable":true,"href":"https:\/\/www.allscore.de\/shop\/wp-json\/wp\/v2\/media\/7520"}],"wp:attachment":[{"href":"https:\/\/www.allscore.de\/shop\/wp-json\/wp\/v2\/media?parent=7874"}],"wp:term":[{"taxonomy":"product_brand","embeddable":true,"href":"https:\/\/www.allscore.de\/shop\/wp-json\/wp\/v2\/product_brand?post=7874"},{"taxonomy":"product_cat","embeddable":true,"href":"https:\/\/www.allscore.de\/shop\/wp-json\/wp\/v2\/product_cat?post=7874"},{"taxonomy":"product_tag","embeddable":true,"href":"https:\/\/www.allscore.de\/shop\/wp-json\/wp\/v2\/product_tag?post=7874"}],"curies":[{"name":"wp","href":"https:\/\/api.w.org\/{rel}","templated":true}]}}