{"id":7871,"date":"2020-05-18T22:29:46","date_gmt":"2020-05-18T20:29:46","guid":{"rendered":"https:\/\/www.allscore.de\/shop\/?post_type=product&#038;p=7871"},"modified":"2025-10-30T15:35:11","modified_gmt":"2025-10-30T14:35:11","slug":"der-sterbende-engel-fall-45","status":"publish","type":"product","link":"https:\/\/www.allscore.de\/shop\/produkt\/der-sterbende-engel-fall-45\/","title":{"rendered":"Sherlock Holmes, neue F\u00e4lle 45: Der sterbende Engel"},"content":{"rendered":"<p>Sherlock Holmes, neue F\u00e4lle 45: Der sterbende Engel<\/p>\n<p>In dem kleinen Ort Barnsleigh Hill taucht in einer st\u00fcrmischen Nacht eine junge Frau auf, die sich Angel nennt. Niemand wei\u00df, woher sie kommt. Von dem Ehepaar Patrick und Nora Fayne wird die Frau liebevoll in ihr Haus aufgenommen. Doch die Harmonie w\u00e4hrt nicht lange, denn schon bald kommt es zu Spannungen, die nach und nach den gesamten Ort \u00fcberschatten. Eines Tages wird Angel am Ufer des Dorfweihers gefunden \u2013 ermordet. Ein Schuldiger wird schnell ausgemacht und festgenommen. Alles hat den Anschein, als k\u00f6nne das Dorf nun wieder zur Tagesordnung \u00fcbergehen. Wenn da nicht ein gewisser Sherlock Holmes w\u00e4re, der nicht an die allzu hastig gefundene L\u00f6sung glauben mag&#8230;<\/p>\n<p>Sherlock Holmes: Christian Rode<br \/>\nWatson \/ Erz\u00e4hler: Peter Groeger<br \/>\nPatrick Fayne: Joachim Kaps<br \/>\nNora Fayne: Ute Noack<br \/>\nAngel Coles: Jenny Maria Meyer<br \/>\nSteven Gunderson: Kaspar Eichel<br \/>\nHenry Stubbs: Wolfgang Draeger<br \/>\nBenjamin \u201eBenny\u201c Stubbs: Martin Sabel<br \/>\nNed Bowler: Achim Buch<br \/>\nJasmin Coppers: Jannika Jira<\/p>\n<p>Regie: Gerd Naumann<br \/>\nBuch und Idee: Marc Freund<br \/>\nKomponist: Stephan Eicke<br \/>\nInterpret: Sandro Friedrich [Bassfl\u00f6te]<br \/>\nSounddesign, Mischung &amp; Master: Tom Steinbrecher<\/p>\n<p>Spieldauer: ca. 63 Minuten<\/p>\n","protected":false},"excerpt":{"rendered":"<p>Sherlock Holmes, neue F\u00e4lle 45: Der sterbende Engel In dem kleinen Ort Barnsleigh Hill taucht in einer st\u00fcrmischen Nacht eine junge Frau auf, die sich Angel nennt. Niemand wei\u00df, woher sie kommt. Von dem Ehepaar Patrick und Nora Fayne wird die Frau liebevoll in ihr Haus aufgenommen. Doch die Harmonie w\u00e4hrt nicht lange, denn schon&#8230;<\/p>\n<p><a rel=\"bookmark\" class=\"vonzot-button-simple wvc-button wvc-button-size-sm\" href=\"https:\/\/www.allscore.de\/shop\/produkt\/der-sterbende-engel-fall-45\/\"><span>Read more<\/span><\/a><\/p>\n","protected":false},"featured_media":7519,"template":"","meta":[],"product_brand":[],"product_cat":[72,213],"product_tag":[],"class_list":{"0":"post-7871","1":"product","2":"type-product","3":"status-publish","4":"has-post-thumbnail","6":"product_cat-hoerspiele","7":"product_cat-sherlock-holmes-die-neuen-faelle","8":"product_shipping_class-tontraeger-cd","9":"entry","10":"clearfix","11":"entry-grid","12":"entry-columns-3","13":"entry-product-module-layout-sidebar-right","14":"thumbnail-color-tone-dark","15":"entry-product","17":"entry-product-grid","19":"first","20":"instock","21":"taxable","22":"shipping-taxable","23":"purchasable","24":"product-type-simple"},"yoast_head":"<!-- This site is optimized with the Yoast SEO plugin v27.3 - https:\/\/yoast.com\/product\/yoast-seo-wordpress\/ -->\n<title>Sherlock Holmes, neue F\u00e4lle 45: Der sterbende Engel<\/title>\n<meta name=\"description\" content=\"Sherlock Holmes, neue F\u00e4lle 45: Der sterbende Engel In dem kleinen Ort Barnsleigh Hill taucht in einer st\u00fcrmischen Nacht eine junge Frau auf, die sich\" \/>\n<meta name=\"robots\" content=\"index, follow, max-snippet:-1, max-image-preview:large, max-video-preview:-1\" \/>\n<link rel=\"canonical\" href=\"https:\/\/www.allscore.de\/shop\/produkt\/der-sterbende-engel-fall-45\/\" \/>\n<meta property=\"og:locale\" content=\"de_DE\" \/>\n<meta property=\"og:type\" content=\"article\" \/>\n<meta property=\"og:title\" content=\"Sherlock Holmes, neue F\u00e4lle 45: Der sterbende Engel\" \/>\n<meta property=\"og:description\" content=\"Sherlock Holmes, neue F\u00e4lle 45: Der sterbende Engel In dem kleinen Ort Barnsleigh Hill taucht in einer st\u00fcrmischen Nacht eine junge Frau auf, die sich\" \/>\n<meta property=\"og:url\" content=\"https:\/\/www.allscore.de\/shop\/produkt\/der-sterbende-engel-fall-45\/\" \/>\n<meta property=\"og:site_name\" content=\"Allscore Shop\" \/>\n<meta property=\"article:modified_time\" content=\"2025-10-30T14:35:11+00:00\" \/>\n<meta property=\"og:image\" content=\"https:\/\/www.allscore.de\/shop\/wp-content\/uploads\/2020\/09\/SH45_1200x1200.jpg\" \/>\n\t<meta property=\"og:image:width\" content=\"1200\" \/>\n\t<meta property=\"og:image:height\" content=\"1200\" \/>\n\t<meta property=\"og:image:type\" content=\"image\/jpeg\" \/>\n<meta name=\"twitter:card\" content=\"summary_large_image\" \/>\n<meta name=\"twitter:label1\" content=\"Gesch\u00e4tzte Lesezeit\" \/>\n\t<meta name=\"twitter:data1\" content=\"2\u00a0Minuten\" \/>\n<script type=\"application\/ld+json\" class=\"yoast-schema-graph\">{\"@context\":\"https:\\\/\\\/schema.org\",\"@graph\":[{\"@type\":\"WebPage\",\"@id\":\"https:\\\/\\\/www.allscore.de\\\/shop\\\/produkt\\\/der-sterbende-engel-fall-45\\\/\",\"url\":\"https:\\\/\\\/www.allscore.de\\\/shop\\\/produkt\\\/der-sterbende-engel-fall-45\\\/\",\"name\":\"Sherlock Holmes, neue F\u00e4lle 45: Der sterbende Engel\",\"isPartOf\":{\"@id\":\"https:\\\/\\\/www.allscore.de\\\/shop\\\/#website\"},\"primaryImageOfPage\":{\"@id\":\"https:\\\/\\\/www.allscore.de\\\/shop\\\/produkt\\\/der-sterbende-engel-fall-45\\\/#primaryimage\"},\"image\":{\"@id\":\"https:\\\/\\\/www.allscore.de\\\/shop\\\/produkt\\\/der-sterbende-engel-fall-45\\\/#primaryimage\"},\"thumbnailUrl\":\"https:\\\/\\\/www.allscore.de\\\/shop\\\/wp-content\\\/uploads\\\/2020\\\/09\\\/SH45_1200x1200.jpg\",\"datePublished\":\"2020-05-18T20:29:46+00:00\",\"dateModified\":\"2025-10-30T14:35:11+00:00\",\"description\":\"Sherlock Holmes, neue F\u00e4lle 45: Der sterbende Engel In dem kleinen Ort Barnsleigh Hill taucht in einer st\u00fcrmischen Nacht eine junge Frau auf, die sich\",\"breadcrumb\":{\"@id\":\"https:\\\/\\\/www.allscore.de\\\/shop\\\/produkt\\\/der-sterbende-engel-fall-45\\\/#breadcrumb\"},\"inLanguage\":\"de\",\"potentialAction\":[{\"@type\":\"ReadAction\",\"target\":[\"https:\\\/\\\/www.allscore.de\\\/shop\\\/produkt\\\/der-sterbende-engel-fall-45\\\/\"]}]},{\"@type\":\"ImageObject\",\"inLanguage\":\"de\",\"@id\":\"https:\\\/\\\/www.allscore.de\\\/shop\\\/produkt\\\/der-sterbende-engel-fall-45\\\/#primaryimage\",\"url\":\"https:\\\/\\\/www.allscore.de\\\/shop\\\/wp-content\\\/uploads\\\/2020\\\/09\\\/SH45_1200x1200.jpg\",\"contentUrl\":\"https:\\\/\\\/www.allscore.de\\\/shop\\\/wp-content\\\/uploads\\\/2020\\\/09\\\/SH45_1200x1200.jpg\",\"width\":1200,\"height\":1200,\"caption\":\"Der sterbende Engel\"},{\"@type\":\"BreadcrumbList\",\"@id\":\"https:\\\/\\\/www.allscore.de\\\/shop\\\/produkt\\\/der-sterbende-engel-fall-45\\\/#breadcrumb\",\"itemListElement\":[{\"@type\":\"ListItem\",\"position\":1,\"name\":\"Startseite\",\"item\":\"https:\\\/\\\/www.allscore.de\\\/shop\\\/\"},{\"@type\":\"ListItem\",\"position\":2,\"name\":\"Produkte\",\"item\":\"https:\\\/\\\/www.allscore.de\\\/shop\\\/shop\\\/\"},{\"@type\":\"ListItem\",\"position\":3,\"name\":\"Sherlock Holmes, neue F\u00e4lle 45: Der sterbende Engel\"}]},{\"@type\":\"WebSite\",\"@id\":\"https:\\\/\\\/www.allscore.de\\\/shop\\\/#website\",\"url\":\"https:\\\/\\\/www.allscore.de\\\/shop\\\/\",\"name\":\"Allscore Shop\",\"description\":\"All Score Media\",\"publisher\":{\"@id\":\"https:\\\/\\\/www.allscore.de\\\/shop\\\/#organization\"},\"potentialAction\":[{\"@type\":\"SearchAction\",\"target\":{\"@type\":\"EntryPoint\",\"urlTemplate\":\"https:\\\/\\\/www.allscore.de\\\/shop\\\/?s={search_term_string}\"},\"query-input\":{\"@type\":\"PropertyValueSpecification\",\"valueRequired\":true,\"valueName\":\"search_term_string\"}}],\"inLanguage\":\"de\"},{\"@type\":\"Organization\",\"@id\":\"https:\\\/\\\/www.allscore.de\\\/shop\\\/#organization\",\"name\":\"All Score Media\",\"alternateName\":\"Allscore\",\"url\":\"https:\\\/\\\/www.allscore.de\\\/shop\\\/\",\"logo\":{\"@type\":\"ImageObject\",\"inLanguage\":\"de\",\"@id\":\"https:\\\/\\\/www.allscore.de\\\/shop\\\/#\\\/schema\\\/logo\\\/image\\\/\",\"url\":\"https:\\\/\\\/www.allscore.de\\\/shop\\\/wp-content\\\/uploads\\\/2026\\\/01\\\/Logo_Yoast_Shop_2026.png\",\"contentUrl\":\"https:\\\/\\\/www.allscore.de\\\/shop\\\/wp-content\\\/uploads\\\/2026\\\/01\\\/Logo_Yoast_Shop_2026.png\",\"width\":696,\"height\":696,\"caption\":\"All Score Media\"},\"image\":{\"@id\":\"https:\\\/\\\/www.allscore.de\\\/shop\\\/#\\\/schema\\\/logo\\\/image\\\/\"}}]}<\/script>\n<!-- \/ Yoast SEO plugin. -->","yoast_head_json":{"title":"Sherlock Holmes, neue F\u00e4lle 45: Der sterbende Engel","description":"Sherlock Holmes, neue F\u00e4lle 45: Der sterbende Engel In dem kleinen Ort Barnsleigh Hill taucht in einer st\u00fcrmischen Nacht eine junge Frau auf, die sich","robots":{"index":"index","follow":"follow","max-snippet":"max-snippet:-1","max-image-preview":"max-image-preview:large","max-video-preview":"max-video-preview:-1"},"canonical":"https:\/\/www.allscore.de\/shop\/produkt\/der-sterbende-engel-fall-45\/","og_locale":"de_DE","og_type":"article","og_title":"Sherlock Holmes, neue F\u00e4lle 45: Der sterbende Engel","og_description":"Sherlock Holmes, neue F\u00e4lle 45: Der sterbende Engel In dem kleinen Ort Barnsleigh Hill taucht in einer st\u00fcrmischen Nacht eine junge Frau auf, die sich","og_url":"https:\/\/www.allscore.de\/shop\/produkt\/der-sterbende-engel-fall-45\/","og_site_name":"Allscore Shop","article_modified_time":"2025-10-30T14:35:11+00:00","og_image":[{"width":1200,"height":1200,"url":"https:\/\/www.allscore.de\/shop\/wp-content\/uploads\/2020\/09\/SH45_1200x1200.jpg","type":"image\/jpeg"}],"twitter_card":"summary_large_image","twitter_misc":{"Gesch\u00e4tzte Lesezeit":"2\u00a0Minuten"},"schema":{"@context":"https:\/\/schema.org","@graph":[{"@type":"WebPage","@id":"https:\/\/www.allscore.de\/shop\/produkt\/der-sterbende-engel-fall-45\/","url":"https:\/\/www.allscore.de\/shop\/produkt\/der-sterbende-engel-fall-45\/","name":"Sherlock Holmes, neue F\u00e4lle 45: Der sterbende Engel","isPartOf":{"@id":"https:\/\/www.allscore.de\/shop\/#website"},"primaryImageOfPage":{"@id":"https:\/\/www.allscore.de\/shop\/produkt\/der-sterbende-engel-fall-45\/#primaryimage"},"image":{"@id":"https:\/\/www.allscore.de\/shop\/produkt\/der-sterbende-engel-fall-45\/#primaryimage"},"thumbnailUrl":"https:\/\/www.allscore.de\/shop\/wp-content\/uploads\/2020\/09\/SH45_1200x1200.jpg","datePublished":"2020-05-18T20:29:46+00:00","dateModified":"2025-10-30T14:35:11+00:00","description":"Sherlock Holmes, neue F\u00e4lle 45: Der sterbende Engel In dem kleinen Ort Barnsleigh Hill taucht in einer st\u00fcrmischen Nacht eine junge Frau auf, die sich","breadcrumb":{"@id":"https:\/\/www.allscore.de\/shop\/produkt\/der-sterbende-engel-fall-45\/#breadcrumb"},"inLanguage":"de","potentialAction":[{"@type":"ReadAction","target":["https:\/\/www.allscore.de\/shop\/produkt\/der-sterbende-engel-fall-45\/"]}]},{"@type":"ImageObject","inLanguage":"de","@id":"https:\/\/www.allscore.de\/shop\/produkt\/der-sterbende-engel-fall-45\/#primaryimage","url":"https:\/\/www.allscore.de\/shop\/wp-content\/uploads\/2020\/09\/SH45_1200x1200.jpg","contentUrl":"https:\/\/www.allscore.de\/shop\/wp-content\/uploads\/2020\/09\/SH45_1200x1200.jpg","width":1200,"height":1200,"caption":"Der sterbende Engel"},{"@type":"BreadcrumbList","@id":"https:\/\/www.allscore.de\/shop\/produkt\/der-sterbende-engel-fall-45\/#breadcrumb","itemListElement":[{"@type":"ListItem","position":1,"name":"Startseite","item":"https:\/\/www.allscore.de\/shop\/"},{"@type":"ListItem","position":2,"name":"Produkte","item":"https:\/\/www.allscore.de\/shop\/shop\/"},{"@type":"ListItem","position":3,"name":"Sherlock Holmes, neue F\u00e4lle 45: Der sterbende Engel"}]},{"@type":"WebSite","@id":"https:\/\/www.allscore.de\/shop\/#website","url":"https:\/\/www.allscore.de\/shop\/","name":"Allscore Shop","description":"All Score Media","publisher":{"@id":"https:\/\/www.allscore.de\/shop\/#organization"},"potentialAction":[{"@type":"SearchAction","target":{"@type":"EntryPoint","urlTemplate":"https:\/\/www.allscore.de\/shop\/?s={search_term_string}"},"query-input":{"@type":"PropertyValueSpecification","valueRequired":true,"valueName":"search_term_string"}}],"inLanguage":"de"},{"@type":"Organization","@id":"https:\/\/www.allscore.de\/shop\/#organization","name":"All Score Media","alternateName":"Allscore","url":"https:\/\/www.allscore.de\/shop\/","logo":{"@type":"ImageObject","inLanguage":"de","@id":"https:\/\/www.allscore.de\/shop\/#\/schema\/logo\/image\/","url":"https:\/\/www.allscore.de\/shop\/wp-content\/uploads\/2026\/01\/Logo_Yoast_Shop_2026.png","contentUrl":"https:\/\/www.allscore.de\/shop\/wp-content\/uploads\/2026\/01\/Logo_Yoast_Shop_2026.png","width":696,"height":696,"caption":"All Score Media"},"image":{"@id":"https:\/\/www.allscore.de\/shop\/#\/schema\/logo\/image\/"}}]}},"_links":{"self":[{"href":"https:\/\/www.allscore.de\/shop\/wp-json\/wp\/v2\/product\/7871","targetHints":{"allow":["GET"]}}],"collection":[{"href":"https:\/\/www.allscore.de\/shop\/wp-json\/wp\/v2\/product"}],"about":[{"href":"https:\/\/www.allscore.de\/shop\/wp-json\/wp\/v2\/types\/product"}],"wp:featuredmedia":[{"embeddable":true,"href":"https:\/\/www.allscore.de\/shop\/wp-json\/wp\/v2\/media\/7519"}],"wp:attachment":[{"href":"https:\/\/www.allscore.de\/shop\/wp-json\/wp\/v2\/media?parent=7871"}],"wp:term":[{"taxonomy":"product_brand","embeddable":true,"href":"https:\/\/www.allscore.de\/shop\/wp-json\/wp\/v2\/product_brand?post=7871"},{"taxonomy":"product_cat","embeddable":true,"href":"https:\/\/www.allscore.de\/shop\/wp-json\/wp\/v2\/product_cat?post=7871"},{"taxonomy":"product_tag","embeddable":true,"href":"https:\/\/www.allscore.de\/shop\/wp-json\/wp\/v2\/product_tag?post=7871"}],"curies":[{"name":"wp","href":"https:\/\/api.w.org\/{rel}","templated":true}]}}