{"id":7850,"date":"2018-09-18T22:09:13","date_gmt":"2018-09-18T20:09:13","guid":{"rendered":"https:\/\/www.allscore.de\/shop\/?post_type=product&#038;p=7850"},"modified":"2026-03-30T18:09:56","modified_gmt":"2026-03-30T16:09:56","slug":"die-rote-spinne-fall-38","status":"publish","type":"product","link":"https:\/\/www.allscore.de\/shop\/produkt\/die-rote-spinne-fall-38\/","title":{"rendered":"Sherlock Holmes, neue F\u00e4lle 38: Die rote Spinne"},"content":{"rendered":"<p>Sherlock Holmes, neue F\u00e4lle 38: Die rote Spinne<\/p>\n<p>Holmes und Watson kommen bei einem Theaterbesuch einem lange zur\u00fcckliegenden Verbrechen auf die Spur. W\u00e4hrend der Vorstellung glaubt die Hauptdarstellerin Lady Gigi den M\u00f6rder ihrer Mutter im Publikum zu sehen. Doch ihre Mutter ist eines nat\u00fcrlichen Todes gestorben, als die junge Darstellerin noch ein Kind war. Holmes ist \u00fcberzeugt davon, dass Lady Gigi im zarten Kindesalter wahrhaftig einen Mord mitangesehen haben muss. Die L\u00f6sung des R\u00e4tsels, so glaubt er, liegt in ihrem Unterbewusstsein&#8230;<\/p>\n<p>Sherlock Holmes: Christian Rode<br \/>\nWatson \/ Erz\u00e4hler: Peter Groeger<br \/>\nInspector Lestrade: Lutz Harder<br \/>\nLady Gigi: Nicole Hannak<br \/>\nLord Rufus Ashley: Wolfgang Rumpf<br \/>\nMr. Carreras: Helmut Krauss<br \/>\nDr. Maybuse: Uwe Jellinek<br \/>\nTerry Fisher: Nicolai Tegeler<br \/>\nTerrys Freundin: Jenny L\u00f6ffler<br \/>\nWirt: Hartmut Neugebauer<br \/>\nSchwester: Anke Reitzenstein<br \/>\nPastor: Georg Tryphon<br \/>\nAraber: Dirk Hardegen<br \/>\nMichael Ripper: Lothar Blumhagen<br \/>\nSeemann 1: Tino Kie\u00dfling<br \/>\nSeemann 2: Gerald Paradies<br \/>\nSchaffner: Bernd Vollbrecht<br \/>\nB\u00fcrger: Detlef Tams, Robert Missler<\/p>\n<p>Regie: Gerd Naumann<br \/>\nBuch und Idee: Bodo Traber<br \/>\nKomponist: Stephan Eicke<br \/>\nInterpret: Deryn Cullen [Cello]<br \/>\nSounddesign, Mischung &amp; Master: Tom Steinbrecher<\/p>\n<p>Spieldauer: ca. 80 Minuten<\/p>\n","protected":false},"excerpt":{"rendered":"<p>Sherlock Holmes, neue F\u00e4lle 38: Die rote Spinne Holmes und Watson kommen bei einem Theaterbesuch einem lange zur\u00fcckliegenden Verbrechen auf die Spur. W\u00e4hrend der Vorstellung glaubt die Hauptdarstellerin Lady Gigi den M\u00f6rder ihrer Mutter im Publikum zu sehen. Doch ihre Mutter ist eines nat\u00fcrlichen Todes gestorben, als die junge Darstellerin noch ein Kind war. Holmes&#8230;<\/p>\n<p><a rel=\"bookmark\" class=\"vonzot-button-simple wvc-button wvc-button-size-sm\" href=\"https:\/\/www.allscore.de\/shop\/produkt\/die-rote-spinne-fall-38\/\"><span>Read more<\/span><\/a><\/p>\n","protected":false},"featured_media":7512,"template":"","meta":[],"product_brand":[],"product_cat":[72,213],"product_tag":[],"class_list":{"0":"post-7850","1":"product","2":"type-product","3":"status-publish","4":"has-post-thumbnail","6":"product_cat-hoerspiele","7":"product_cat-sherlock-holmes-die-neuen-faelle","8":"product_shipping_class-tontraeger-cd","9":"entry","10":"clearfix","11":"entry-grid","12":"entry-columns-3","13":"entry-product-module-layout-sidebar-right","14":"thumbnail-color-tone-dark","15":"entry-product","17":"entry-product-grid","19":"first","20":"instock","21":"taxable","22":"shipping-taxable","23":"purchasable","24":"product-type-simple"},"yoast_head":"<!-- This site is optimized with the Yoast SEO plugin v27.3 - https:\/\/yoast.com\/product\/yoast-seo-wordpress\/ -->\n<title>Sherlock Holmes, neue F\u00e4lle 38: Die rote Spinne<\/title>\n<meta name=\"description\" content=\"Sherlock Holmes, neue F\u00e4lle 38: Die rote Spinne Holmes und Watson kommen bei einem Theaterbesuch einem lange zur\u00fcckliegenden Verbrechen auf die Spur.\" \/>\n<meta name=\"robots\" content=\"index, follow, max-snippet:-1, max-image-preview:large, max-video-preview:-1\" \/>\n<link rel=\"canonical\" href=\"https:\/\/www.allscore.de\/shop\/produkt\/die-rote-spinne-fall-38\/\" \/>\n<meta property=\"og:locale\" content=\"de_DE\" \/>\n<meta property=\"og:type\" content=\"article\" \/>\n<meta property=\"og:title\" content=\"Sherlock Holmes, neue F\u00e4lle 38: Die rote Spinne\" \/>\n<meta property=\"og:description\" content=\"Sherlock Holmes, neue F\u00e4lle 38: Die rote Spinne Holmes und Watson kommen bei einem Theaterbesuch einem lange zur\u00fcckliegenden Verbrechen auf die Spur.\" \/>\n<meta property=\"og:url\" content=\"https:\/\/www.allscore.de\/shop\/produkt\/die-rote-spinne-fall-38\/\" \/>\n<meta property=\"og:site_name\" content=\"Allscore Shop\" \/>\n<meta property=\"article:modified_time\" content=\"2026-03-30T16:09:56+00:00\" \/>\n<meta property=\"og:image\" content=\"https:\/\/www.allscore.de\/shop\/wp-content\/uploads\/2020\/09\/SH38_1200x1200.jpg\" \/>\n\t<meta property=\"og:image:width\" content=\"1200\" \/>\n\t<meta property=\"og:image:height\" content=\"1200\" \/>\n\t<meta property=\"og:image:type\" content=\"image\/jpeg\" \/>\n<meta name=\"twitter:card\" content=\"summary_large_image\" \/>\n<script type=\"application\/ld+json\" class=\"yoast-schema-graph\">{\"@context\":\"https:\\\/\\\/schema.org\",\"@graph\":[{\"@type\":\"WebPage\",\"@id\":\"https:\\\/\\\/www.allscore.de\\\/shop\\\/produkt\\\/die-rote-spinne-fall-38\\\/\",\"url\":\"https:\\\/\\\/www.allscore.de\\\/shop\\\/produkt\\\/die-rote-spinne-fall-38\\\/\",\"name\":\"Sherlock Holmes, neue F\u00e4lle 38: Die rote Spinne\",\"isPartOf\":{\"@id\":\"https:\\\/\\\/www.allscore.de\\\/shop\\\/#website\"},\"primaryImageOfPage\":{\"@id\":\"https:\\\/\\\/www.allscore.de\\\/shop\\\/produkt\\\/die-rote-spinne-fall-38\\\/#primaryimage\"},\"image\":{\"@id\":\"https:\\\/\\\/www.allscore.de\\\/shop\\\/produkt\\\/die-rote-spinne-fall-38\\\/#primaryimage\"},\"thumbnailUrl\":\"https:\\\/\\\/www.allscore.de\\\/shop\\\/wp-content\\\/uploads\\\/2020\\\/09\\\/SH38_1200x1200.jpg\",\"datePublished\":\"2018-09-18T20:09:13+00:00\",\"dateModified\":\"2026-03-30T16:09:56+00:00\",\"description\":\"Sherlock Holmes, neue F\u00e4lle 38: Die rote Spinne Holmes und Watson kommen bei einem Theaterbesuch einem lange zur\u00fcckliegenden Verbrechen auf die Spur.\",\"breadcrumb\":{\"@id\":\"https:\\\/\\\/www.allscore.de\\\/shop\\\/produkt\\\/die-rote-spinne-fall-38\\\/#breadcrumb\"},\"inLanguage\":\"de\",\"potentialAction\":[{\"@type\":\"ReadAction\",\"target\":[\"https:\\\/\\\/www.allscore.de\\\/shop\\\/produkt\\\/die-rote-spinne-fall-38\\\/\"]}]},{\"@type\":\"ImageObject\",\"inLanguage\":\"de\",\"@id\":\"https:\\\/\\\/www.allscore.de\\\/shop\\\/produkt\\\/die-rote-spinne-fall-38\\\/#primaryimage\",\"url\":\"https:\\\/\\\/www.allscore.de\\\/shop\\\/wp-content\\\/uploads\\\/2020\\\/09\\\/SH38_1200x1200.jpg\",\"contentUrl\":\"https:\\\/\\\/www.allscore.de\\\/shop\\\/wp-content\\\/uploads\\\/2020\\\/09\\\/SH38_1200x1200.jpg\",\"width\":1200,\"height\":1200,\"caption\":\"Die rote Spinne\"},{\"@type\":\"BreadcrumbList\",\"@id\":\"https:\\\/\\\/www.allscore.de\\\/shop\\\/produkt\\\/die-rote-spinne-fall-38\\\/#breadcrumb\",\"itemListElement\":[{\"@type\":\"ListItem\",\"position\":1,\"name\":\"Startseite\",\"item\":\"https:\\\/\\\/www.allscore.de\\\/shop\\\/\"},{\"@type\":\"ListItem\",\"position\":2,\"name\":\"Produkte\",\"item\":\"https:\\\/\\\/www.allscore.de\\\/shop\\\/shop\\\/\"},{\"@type\":\"ListItem\",\"position\":3,\"name\":\"Sherlock Holmes, neue F\u00e4lle 38: Die rote Spinne\"}]},{\"@type\":\"WebSite\",\"@id\":\"https:\\\/\\\/www.allscore.de\\\/shop\\\/#website\",\"url\":\"https:\\\/\\\/www.allscore.de\\\/shop\\\/\",\"name\":\"Allscore Shop\",\"description\":\"All Score Media\",\"publisher\":{\"@id\":\"https:\\\/\\\/www.allscore.de\\\/shop\\\/#organization\"},\"potentialAction\":[{\"@type\":\"SearchAction\",\"target\":{\"@type\":\"EntryPoint\",\"urlTemplate\":\"https:\\\/\\\/www.allscore.de\\\/shop\\\/?s={search_term_string}\"},\"query-input\":{\"@type\":\"PropertyValueSpecification\",\"valueRequired\":true,\"valueName\":\"search_term_string\"}}],\"inLanguage\":\"de\"},{\"@type\":\"Organization\",\"@id\":\"https:\\\/\\\/www.allscore.de\\\/shop\\\/#organization\",\"name\":\"All Score Media\",\"alternateName\":\"Allscore\",\"url\":\"https:\\\/\\\/www.allscore.de\\\/shop\\\/\",\"logo\":{\"@type\":\"ImageObject\",\"inLanguage\":\"de\",\"@id\":\"https:\\\/\\\/www.allscore.de\\\/shop\\\/#\\\/schema\\\/logo\\\/image\\\/\",\"url\":\"https:\\\/\\\/www.allscore.de\\\/shop\\\/wp-content\\\/uploads\\\/2026\\\/01\\\/Logo_Yoast_Shop_2026.png\",\"contentUrl\":\"https:\\\/\\\/www.allscore.de\\\/shop\\\/wp-content\\\/uploads\\\/2026\\\/01\\\/Logo_Yoast_Shop_2026.png\",\"width\":696,\"height\":696,\"caption\":\"All Score Media\"},\"image\":{\"@id\":\"https:\\\/\\\/www.allscore.de\\\/shop\\\/#\\\/schema\\\/logo\\\/image\\\/\"}}]}<\/script>\n<!-- \/ Yoast SEO plugin. -->","yoast_head_json":{"title":"Sherlock Holmes, neue F\u00e4lle 38: Die rote Spinne","description":"Sherlock Holmes, neue F\u00e4lle 38: Die rote Spinne Holmes und Watson kommen bei einem Theaterbesuch einem lange zur\u00fcckliegenden Verbrechen auf die Spur.","robots":{"index":"index","follow":"follow","max-snippet":"max-snippet:-1","max-image-preview":"max-image-preview:large","max-video-preview":"max-video-preview:-1"},"canonical":"https:\/\/www.allscore.de\/shop\/produkt\/die-rote-spinne-fall-38\/","og_locale":"de_DE","og_type":"article","og_title":"Sherlock Holmes, neue F\u00e4lle 38: Die rote Spinne","og_description":"Sherlock Holmes, neue F\u00e4lle 38: Die rote Spinne Holmes und Watson kommen bei einem Theaterbesuch einem lange zur\u00fcckliegenden Verbrechen auf die Spur.","og_url":"https:\/\/www.allscore.de\/shop\/produkt\/die-rote-spinne-fall-38\/","og_site_name":"Allscore Shop","article_modified_time":"2026-03-30T16:09:56+00:00","og_image":[{"width":1200,"height":1200,"url":"https:\/\/www.allscore.de\/shop\/wp-content\/uploads\/2020\/09\/SH38_1200x1200.jpg","type":"image\/jpeg"}],"twitter_card":"summary_large_image","schema":{"@context":"https:\/\/schema.org","@graph":[{"@type":"WebPage","@id":"https:\/\/www.allscore.de\/shop\/produkt\/die-rote-spinne-fall-38\/","url":"https:\/\/www.allscore.de\/shop\/produkt\/die-rote-spinne-fall-38\/","name":"Sherlock Holmes, neue F\u00e4lle 38: Die rote Spinne","isPartOf":{"@id":"https:\/\/www.allscore.de\/shop\/#website"},"primaryImageOfPage":{"@id":"https:\/\/www.allscore.de\/shop\/produkt\/die-rote-spinne-fall-38\/#primaryimage"},"image":{"@id":"https:\/\/www.allscore.de\/shop\/produkt\/die-rote-spinne-fall-38\/#primaryimage"},"thumbnailUrl":"https:\/\/www.allscore.de\/shop\/wp-content\/uploads\/2020\/09\/SH38_1200x1200.jpg","datePublished":"2018-09-18T20:09:13+00:00","dateModified":"2026-03-30T16:09:56+00:00","description":"Sherlock Holmes, neue F\u00e4lle 38: Die rote Spinne Holmes und Watson kommen bei einem Theaterbesuch einem lange zur\u00fcckliegenden Verbrechen auf die Spur.","breadcrumb":{"@id":"https:\/\/www.allscore.de\/shop\/produkt\/die-rote-spinne-fall-38\/#breadcrumb"},"inLanguage":"de","potentialAction":[{"@type":"ReadAction","target":["https:\/\/www.allscore.de\/shop\/produkt\/die-rote-spinne-fall-38\/"]}]},{"@type":"ImageObject","inLanguage":"de","@id":"https:\/\/www.allscore.de\/shop\/produkt\/die-rote-spinne-fall-38\/#primaryimage","url":"https:\/\/www.allscore.de\/shop\/wp-content\/uploads\/2020\/09\/SH38_1200x1200.jpg","contentUrl":"https:\/\/www.allscore.de\/shop\/wp-content\/uploads\/2020\/09\/SH38_1200x1200.jpg","width":1200,"height":1200,"caption":"Die rote Spinne"},{"@type":"BreadcrumbList","@id":"https:\/\/www.allscore.de\/shop\/produkt\/die-rote-spinne-fall-38\/#breadcrumb","itemListElement":[{"@type":"ListItem","position":1,"name":"Startseite","item":"https:\/\/www.allscore.de\/shop\/"},{"@type":"ListItem","position":2,"name":"Produkte","item":"https:\/\/www.allscore.de\/shop\/shop\/"},{"@type":"ListItem","position":3,"name":"Sherlock Holmes, neue F\u00e4lle 38: Die rote Spinne"}]},{"@type":"WebSite","@id":"https:\/\/www.allscore.de\/shop\/#website","url":"https:\/\/www.allscore.de\/shop\/","name":"Allscore Shop","description":"All Score Media","publisher":{"@id":"https:\/\/www.allscore.de\/shop\/#organization"},"potentialAction":[{"@type":"SearchAction","target":{"@type":"EntryPoint","urlTemplate":"https:\/\/www.allscore.de\/shop\/?s={search_term_string}"},"query-input":{"@type":"PropertyValueSpecification","valueRequired":true,"valueName":"search_term_string"}}],"inLanguage":"de"},{"@type":"Organization","@id":"https:\/\/www.allscore.de\/shop\/#organization","name":"All Score Media","alternateName":"Allscore","url":"https:\/\/www.allscore.de\/shop\/","logo":{"@type":"ImageObject","inLanguage":"de","@id":"https:\/\/www.allscore.de\/shop\/#\/schema\/logo\/image\/","url":"https:\/\/www.allscore.de\/shop\/wp-content\/uploads\/2026\/01\/Logo_Yoast_Shop_2026.png","contentUrl":"https:\/\/www.allscore.de\/shop\/wp-content\/uploads\/2026\/01\/Logo_Yoast_Shop_2026.png","width":696,"height":696,"caption":"All Score Media"},"image":{"@id":"https:\/\/www.allscore.de\/shop\/#\/schema\/logo\/image\/"}}]}},"_links":{"self":[{"href":"https:\/\/www.allscore.de\/shop\/wp-json\/wp\/v2\/product\/7850","targetHints":{"allow":["GET"]}}],"collection":[{"href":"https:\/\/www.allscore.de\/shop\/wp-json\/wp\/v2\/product"}],"about":[{"href":"https:\/\/www.allscore.de\/shop\/wp-json\/wp\/v2\/types\/product"}],"wp:featuredmedia":[{"embeddable":true,"href":"https:\/\/www.allscore.de\/shop\/wp-json\/wp\/v2\/media\/7512"}],"wp:attachment":[{"href":"https:\/\/www.allscore.de\/shop\/wp-json\/wp\/v2\/media?parent=7850"}],"wp:term":[{"taxonomy":"product_brand","embeddable":true,"href":"https:\/\/www.allscore.de\/shop\/wp-json\/wp\/v2\/product_brand?post=7850"},{"taxonomy":"product_cat","embeddable":true,"href":"https:\/\/www.allscore.de\/shop\/wp-json\/wp\/v2\/product_cat?post=7850"},{"taxonomy":"product_tag","embeddable":true,"href":"https:\/\/www.allscore.de\/shop\/wp-json\/wp\/v2\/product_tag?post=7850"}],"curies":[{"name":"wp","href":"https:\/\/api.w.org\/{rel}","templated":true}]}}