{"id":7844,"date":"2018-03-18T22:03:58","date_gmt":"2018-03-18T21:03:58","guid":{"rendered":"https:\/\/www.allscore.de\/shop\/?post_type=product&#038;p=7844"},"modified":"2026-04-02T13:39:03","modified_gmt":"2026-04-02T11:39:03","slug":"remis-in-zehn-zuegen-fall-36","status":"publish","type":"product","link":"https:\/\/www.allscore.de\/shop\/produkt\/remis-in-zehn-zuegen-fall-36\/","title":{"rendered":"Sherlock Holmes, neue F\u00e4lle 36: Remis in zehn Z\u00fcgen"},"content":{"rendered":"<p>Sherlock Holmes, neue F\u00e4lle 36: Remis in zehn Z\u00fcgen<\/p>\n<p>Aus der Royal Gallery im Palace of Westminster wird der Sovereign<strong>&#8218;<\/strong>s Orb gestohlen. Es handelt sich um eine mit Edelsteinen besetzte, goldene Hohlkugel, die einen zentralen Bestandteil der britischen Kr\u00f6nungsinsignien darstellt. Einer der Wachleute scheint verd\u00e4chtig. Hat der Mann etwas mit dem Diebstahl zu tun? Sherlock Holmes ist Besucher eines Schachwettkampfes im Palace of Westminster und \u00fcbernimmt die Ermittlungen\u2026<\/p>\n<p>Sherlock Holmes: Christian Rode<br \/>\nWatson \/ Erz\u00e4hler: Peter Groeger<br \/>\nInspector Lestrade: Lutz Harder<br \/>\nMycroft Holmes: Reent Reins<br \/>\nRaymond Greenhill: J\u00fcrgen Thormann<br \/>\nWilliam Small: Thomas Petruo<br \/>\nPhil Cobb: J\u00f6rg Hengstler<br \/>\nScott Bibury: Harry K\u00fchn<br \/>\nZuschauer: Thomas Danneberg<\/p>\n<p>Regie: Gerd Naumann<br \/>\nBuch und Idee: Eric Niemann<br \/>\nKomponist: Stephan Eicke<br \/>\nInterpret: Sandro Friedrich [Sopransaxofon]<br \/>\nSounddesign, Mischung &amp; Master: Tom Steinbrecher<\/p>\n<p>Spieldauer: ca. 66 Minuten<\/p>\n","protected":false},"excerpt":{"rendered":"<p>Sherlock Holmes, neue F\u00e4lle 36: Remis in zehn Z\u00fcgen Aus der Royal Gallery im Palace of Westminster wird der Sovereign&#8218;s Orb gestohlen. Es handelt sich um eine mit Edelsteinen besetzte, goldene Hohlkugel, die einen zentralen Bestandteil der britischen Kr\u00f6nungsinsignien darstellt. Einer der Wachleute scheint verd\u00e4chtig. Hat der Mann etwas mit dem Diebstahl zu tun? Sherlock&#8230;<\/p>\n<p><a rel=\"bookmark\" class=\"vonzot-button-simple wvc-button wvc-button-size-sm\" href=\"https:\/\/www.allscore.de\/shop\/produkt\/remis-in-zehn-zuegen-fall-36\/\"><span>Read more<\/span><\/a><\/p>\n","protected":false},"featured_media":7510,"template":"","meta":[],"product_brand":[],"product_cat":[72,213],"product_tag":[],"class_list":{"0":"post-7844","1":"product","2":"type-product","3":"status-publish","4":"has-post-thumbnail","6":"product_cat-hoerspiele","7":"product_cat-sherlock-holmes-die-neuen-faelle","8":"product_shipping_class-tontraeger-cd","9":"entry","10":"clearfix","11":"entry-grid","12":"entry-columns-3","13":"entry-product-module-layout-sidebar-right","14":"thumbnail-color-tone-dark","15":"entry-product","17":"entry-product-grid","19":"first","20":"instock","21":"taxable","22":"shipping-taxable","23":"purchasable","24":"product-type-simple"},"yoast_head":"<!-- This site is optimized with the Yoast SEO plugin v27.4 - https:\/\/yoast.com\/product\/yoast-seo-wordpress\/ -->\n<title>Sherlock Holmes, neue F\u00e4lle 36: Remis in zehn Z\u00fcgen<\/title>\n<meta name=\"description\" content=\"Sherlock Holmes, neue F\u00e4lle 36: Remis in zehn Z\u00fcgen Aus der Royal Gallery im Palace of Westminster wird der Sovereign&#039;s Orb gestohlen. Es handelt sich um\" \/>\n<meta name=\"robots\" content=\"index, follow, max-snippet:-1, max-image-preview:large, max-video-preview:-1\" \/>\n<link rel=\"canonical\" href=\"https:\/\/www.allscore.de\/shop\/produkt\/remis-in-zehn-zuegen-fall-36\/\" \/>\n<meta property=\"og:locale\" content=\"de_DE\" \/>\n<meta property=\"og:type\" content=\"article\" \/>\n<meta property=\"og:title\" content=\"Sherlock Holmes, neue F\u00e4lle 36: Remis in zehn Z\u00fcgen\" \/>\n<meta property=\"og:description\" content=\"Sherlock Holmes, neue F\u00e4lle 36: Remis in zehn Z\u00fcgen Aus der Royal Gallery im Palace of Westminster wird der Sovereign&#039;s Orb gestohlen. Es handelt sich um\" \/>\n<meta property=\"og:url\" content=\"https:\/\/www.allscore.de\/shop\/produkt\/remis-in-zehn-zuegen-fall-36\/\" \/>\n<meta property=\"og:site_name\" content=\"Allscore Shop\" \/>\n<meta property=\"article:modified_time\" content=\"2026-04-02T11:39:03+00:00\" \/>\n<meta property=\"og:image\" content=\"https:\/\/www.allscore.de\/shop\/wp-content\/uploads\/2020\/09\/SH36_1200x1200.jpg\" \/>\n\t<meta property=\"og:image:width\" content=\"1200\" \/>\n\t<meta property=\"og:image:height\" content=\"1200\" \/>\n\t<meta property=\"og:image:type\" content=\"image\/jpeg\" \/>\n<meta name=\"twitter:card\" content=\"summary_large_image\" \/>\n<meta name=\"twitter:label1\" content=\"Gesch\u00e4tzte Lesezeit\" \/>\n\t<meta name=\"twitter:data1\" content=\"1\u00a0Minute\" \/>\n<script type=\"application\/ld+json\" class=\"yoast-schema-graph\">{\"@context\":\"https:\\\/\\\/schema.org\",\"@graph\":[{\"@type\":\"WebPage\",\"@id\":\"https:\\\/\\\/www.allscore.de\\\/shop\\\/produkt\\\/remis-in-zehn-zuegen-fall-36\\\/\",\"url\":\"https:\\\/\\\/www.allscore.de\\\/shop\\\/produkt\\\/remis-in-zehn-zuegen-fall-36\\\/\",\"name\":\"Sherlock Holmes, neue F\u00e4lle 36: Remis in zehn Z\u00fcgen\",\"isPartOf\":{\"@id\":\"https:\\\/\\\/www.allscore.de\\\/shop\\\/#website\"},\"primaryImageOfPage\":{\"@id\":\"https:\\\/\\\/www.allscore.de\\\/shop\\\/produkt\\\/remis-in-zehn-zuegen-fall-36\\\/#primaryimage\"},\"image\":{\"@id\":\"https:\\\/\\\/www.allscore.de\\\/shop\\\/produkt\\\/remis-in-zehn-zuegen-fall-36\\\/#primaryimage\"},\"thumbnailUrl\":\"https:\\\/\\\/www.allscore.de\\\/shop\\\/wp-content\\\/uploads\\\/2020\\\/09\\\/SH36_1200x1200.jpg\",\"datePublished\":\"2018-03-18T21:03:58+00:00\",\"dateModified\":\"2026-04-02T11:39:03+00:00\",\"description\":\"Sherlock Holmes, neue F\u00e4lle 36: Remis in zehn Z\u00fcgen Aus der Royal Gallery im Palace of Westminster wird der Sovereign's Orb gestohlen. Es handelt sich um\",\"breadcrumb\":{\"@id\":\"https:\\\/\\\/www.allscore.de\\\/shop\\\/produkt\\\/remis-in-zehn-zuegen-fall-36\\\/#breadcrumb\"},\"inLanguage\":\"de\",\"potentialAction\":[{\"@type\":\"ReadAction\",\"target\":[\"https:\\\/\\\/www.allscore.de\\\/shop\\\/produkt\\\/remis-in-zehn-zuegen-fall-36\\\/\"]}]},{\"@type\":\"ImageObject\",\"inLanguage\":\"de\",\"@id\":\"https:\\\/\\\/www.allscore.de\\\/shop\\\/produkt\\\/remis-in-zehn-zuegen-fall-36\\\/#primaryimage\",\"url\":\"https:\\\/\\\/www.allscore.de\\\/shop\\\/wp-content\\\/uploads\\\/2020\\\/09\\\/SH36_1200x1200.jpg\",\"contentUrl\":\"https:\\\/\\\/www.allscore.de\\\/shop\\\/wp-content\\\/uploads\\\/2020\\\/09\\\/SH36_1200x1200.jpg\",\"width\":1200,\"height\":1200,\"caption\":\"Remis in zehn Z\u00fcgen\"},{\"@type\":\"BreadcrumbList\",\"@id\":\"https:\\\/\\\/www.allscore.de\\\/shop\\\/produkt\\\/remis-in-zehn-zuegen-fall-36\\\/#breadcrumb\",\"itemListElement\":[{\"@type\":\"ListItem\",\"position\":1,\"name\":\"Startseite\",\"item\":\"https:\\\/\\\/www.allscore.de\\\/shop\\\/\"},{\"@type\":\"ListItem\",\"position\":2,\"name\":\"Produkte\",\"item\":\"https:\\\/\\\/www.allscore.de\\\/shop\\\/shop\\\/\"},{\"@type\":\"ListItem\",\"position\":3,\"name\":\"Sherlock Holmes, neue F\u00e4lle 36: Remis in zehn Z\u00fcgen\"}]},{\"@type\":\"WebSite\",\"@id\":\"https:\\\/\\\/www.allscore.de\\\/shop\\\/#website\",\"url\":\"https:\\\/\\\/www.allscore.de\\\/shop\\\/\",\"name\":\"Allscore Shop\",\"description\":\"All Score Media\",\"publisher\":{\"@id\":\"https:\\\/\\\/www.allscore.de\\\/shop\\\/#organization\"},\"potentialAction\":[{\"@type\":\"SearchAction\",\"target\":{\"@type\":\"EntryPoint\",\"urlTemplate\":\"https:\\\/\\\/www.allscore.de\\\/shop\\\/?s={search_term_string}\"},\"query-input\":{\"@type\":\"PropertyValueSpecification\",\"valueRequired\":true,\"valueName\":\"search_term_string\"}}],\"inLanguage\":\"de\"},{\"@type\":\"Organization\",\"@id\":\"https:\\\/\\\/www.allscore.de\\\/shop\\\/#organization\",\"name\":\"All Score Media\",\"alternateName\":\"Allscore\",\"url\":\"https:\\\/\\\/www.allscore.de\\\/shop\\\/\",\"logo\":{\"@type\":\"ImageObject\",\"inLanguage\":\"de\",\"@id\":\"https:\\\/\\\/www.allscore.de\\\/shop\\\/#\\\/schema\\\/logo\\\/image\\\/\",\"url\":\"https:\\\/\\\/www.allscore.de\\\/shop\\\/wp-content\\\/uploads\\\/2026\\\/01\\\/Logo_Yoast_Shop_2026.png\",\"contentUrl\":\"https:\\\/\\\/www.allscore.de\\\/shop\\\/wp-content\\\/uploads\\\/2026\\\/01\\\/Logo_Yoast_Shop_2026.png\",\"width\":696,\"height\":696,\"caption\":\"All Score Media\"},\"image\":{\"@id\":\"https:\\\/\\\/www.allscore.de\\\/shop\\\/#\\\/schema\\\/logo\\\/image\\\/\"}}]}<\/script>\n<!-- \/ Yoast SEO plugin. -->","yoast_head_json":{"title":"Sherlock Holmes, neue F\u00e4lle 36: Remis in zehn Z\u00fcgen","description":"Sherlock Holmes, neue F\u00e4lle 36: Remis in zehn Z\u00fcgen Aus der Royal Gallery im Palace of Westminster wird der Sovereign's Orb gestohlen. Es handelt sich um","robots":{"index":"index","follow":"follow","max-snippet":"max-snippet:-1","max-image-preview":"max-image-preview:large","max-video-preview":"max-video-preview:-1"},"canonical":"https:\/\/www.allscore.de\/shop\/produkt\/remis-in-zehn-zuegen-fall-36\/","og_locale":"de_DE","og_type":"article","og_title":"Sherlock Holmes, neue F\u00e4lle 36: Remis in zehn Z\u00fcgen","og_description":"Sherlock Holmes, neue F\u00e4lle 36: Remis in zehn Z\u00fcgen Aus der Royal Gallery im Palace of Westminster wird der Sovereign's Orb gestohlen. Es handelt sich um","og_url":"https:\/\/www.allscore.de\/shop\/produkt\/remis-in-zehn-zuegen-fall-36\/","og_site_name":"Allscore Shop","article_modified_time":"2026-04-02T11:39:03+00:00","og_image":[{"width":1200,"height":1200,"url":"https:\/\/www.allscore.de\/shop\/wp-content\/uploads\/2020\/09\/SH36_1200x1200.jpg","type":"image\/jpeg"}],"twitter_card":"summary_large_image","twitter_misc":{"Gesch\u00e4tzte Lesezeit":"1\u00a0Minute"},"schema":{"@context":"https:\/\/schema.org","@graph":[{"@type":"WebPage","@id":"https:\/\/www.allscore.de\/shop\/produkt\/remis-in-zehn-zuegen-fall-36\/","url":"https:\/\/www.allscore.de\/shop\/produkt\/remis-in-zehn-zuegen-fall-36\/","name":"Sherlock Holmes, neue F\u00e4lle 36: Remis in zehn Z\u00fcgen","isPartOf":{"@id":"https:\/\/www.allscore.de\/shop\/#website"},"primaryImageOfPage":{"@id":"https:\/\/www.allscore.de\/shop\/produkt\/remis-in-zehn-zuegen-fall-36\/#primaryimage"},"image":{"@id":"https:\/\/www.allscore.de\/shop\/produkt\/remis-in-zehn-zuegen-fall-36\/#primaryimage"},"thumbnailUrl":"https:\/\/www.allscore.de\/shop\/wp-content\/uploads\/2020\/09\/SH36_1200x1200.jpg","datePublished":"2018-03-18T21:03:58+00:00","dateModified":"2026-04-02T11:39:03+00:00","description":"Sherlock Holmes, neue F\u00e4lle 36: Remis in zehn Z\u00fcgen Aus der Royal Gallery im Palace of Westminster wird der Sovereign's Orb gestohlen. Es handelt sich um","breadcrumb":{"@id":"https:\/\/www.allscore.de\/shop\/produkt\/remis-in-zehn-zuegen-fall-36\/#breadcrumb"},"inLanguage":"de","potentialAction":[{"@type":"ReadAction","target":["https:\/\/www.allscore.de\/shop\/produkt\/remis-in-zehn-zuegen-fall-36\/"]}]},{"@type":"ImageObject","inLanguage":"de","@id":"https:\/\/www.allscore.de\/shop\/produkt\/remis-in-zehn-zuegen-fall-36\/#primaryimage","url":"https:\/\/www.allscore.de\/shop\/wp-content\/uploads\/2020\/09\/SH36_1200x1200.jpg","contentUrl":"https:\/\/www.allscore.de\/shop\/wp-content\/uploads\/2020\/09\/SH36_1200x1200.jpg","width":1200,"height":1200,"caption":"Remis in zehn Z\u00fcgen"},{"@type":"BreadcrumbList","@id":"https:\/\/www.allscore.de\/shop\/produkt\/remis-in-zehn-zuegen-fall-36\/#breadcrumb","itemListElement":[{"@type":"ListItem","position":1,"name":"Startseite","item":"https:\/\/www.allscore.de\/shop\/"},{"@type":"ListItem","position":2,"name":"Produkte","item":"https:\/\/www.allscore.de\/shop\/shop\/"},{"@type":"ListItem","position":3,"name":"Sherlock Holmes, neue F\u00e4lle 36: Remis in zehn Z\u00fcgen"}]},{"@type":"WebSite","@id":"https:\/\/www.allscore.de\/shop\/#website","url":"https:\/\/www.allscore.de\/shop\/","name":"Allscore Shop","description":"All Score Media","publisher":{"@id":"https:\/\/www.allscore.de\/shop\/#organization"},"potentialAction":[{"@type":"SearchAction","target":{"@type":"EntryPoint","urlTemplate":"https:\/\/www.allscore.de\/shop\/?s={search_term_string}"},"query-input":{"@type":"PropertyValueSpecification","valueRequired":true,"valueName":"search_term_string"}}],"inLanguage":"de"},{"@type":"Organization","@id":"https:\/\/www.allscore.de\/shop\/#organization","name":"All Score Media","alternateName":"Allscore","url":"https:\/\/www.allscore.de\/shop\/","logo":{"@type":"ImageObject","inLanguage":"de","@id":"https:\/\/www.allscore.de\/shop\/#\/schema\/logo\/image\/","url":"https:\/\/www.allscore.de\/shop\/wp-content\/uploads\/2026\/01\/Logo_Yoast_Shop_2026.png","contentUrl":"https:\/\/www.allscore.de\/shop\/wp-content\/uploads\/2026\/01\/Logo_Yoast_Shop_2026.png","width":696,"height":696,"caption":"All Score Media"},"image":{"@id":"https:\/\/www.allscore.de\/shop\/#\/schema\/logo\/image\/"}}]}},"_links":{"self":[{"href":"https:\/\/www.allscore.de\/shop\/wp-json\/wp\/v2\/product\/7844","targetHints":{"allow":["GET"]}}],"collection":[{"href":"https:\/\/www.allscore.de\/shop\/wp-json\/wp\/v2\/product"}],"about":[{"href":"https:\/\/www.allscore.de\/shop\/wp-json\/wp\/v2\/types\/product"}],"wp:featuredmedia":[{"embeddable":true,"href":"https:\/\/www.allscore.de\/shop\/wp-json\/wp\/v2\/media\/7510"}],"wp:attachment":[{"href":"https:\/\/www.allscore.de\/shop\/wp-json\/wp\/v2\/media?parent=7844"}],"wp:term":[{"taxonomy":"product_brand","embeddable":true,"href":"https:\/\/www.allscore.de\/shop\/wp-json\/wp\/v2\/product_brand?post=7844"},{"taxonomy":"product_cat","embeddable":true,"href":"https:\/\/www.allscore.de\/shop\/wp-json\/wp\/v2\/product_cat?post=7844"},{"taxonomy":"product_tag","embeddable":true,"href":"https:\/\/www.allscore.de\/shop\/wp-json\/wp\/v2\/product_tag?post=7844"}],"curies":[{"name":"wp","href":"https:\/\/api.w.org\/{rel}","templated":true}]}}