{"id":7829,"date":"2017-03-18T21:47:08","date_gmt":"2017-03-18T20:47:08","guid":{"rendered":"https:\/\/www.allscore.de\/shop\/?post_type=product&#038;p=7829"},"modified":"2026-03-19T13:54:46","modified_gmt":"2026-03-19T12:54:46","slug":"die-todesfalle-von-dornwood-fall-31","status":"publish","type":"product","link":"https:\/\/www.allscore.de\/shop\/produkt\/die-todesfalle-von-dornwood-fall-31\/","title":{"rendered":"Sherlock Holmes, neue F\u00e4lle 31: Die Todesfalle von Dornwood"},"content":{"rendered":"<p>Sherlock Holmes, neue F\u00e4lle 31: Die Todesfalle von Dornwood<\/p>\n<p>Ein einsames Gasthaus in einer abgelegenen Gegend Nordenglands. Ein Reisender, der spurlos verschwunden ist und eine junge Frau, die sich in Sorge um ihren Bruder an Sherlock Holmes wendet. Der gro\u00dfe Detektiv und Dr. Watson machen sich auf die Suche nach dem Vermissten. Dabei geraten sie nach Dornwood, wo nicht alle Dinge so sind, wie sie auf den ersten Blick scheinen. Das Interesse von Holmes ist geweckt, als er auf eine in der N\u00e4he gelegene Privatklinik st\u00f6\u00dft, die von dem dubiosen Dr. Wheldon betrieben wird. Als ein weiterer Reisender aus dem Gasthaus verschwindet, glaubt Holmes zu wissen, an welchem Ort die F\u00e4den zusammenlaufen und begibt sich damit in gro\u00dfe Gefahr&#8230;<\/p>\n<p>Sherlock Holmes: Christian Rode<br \/>\nWatson \/ Erz\u00e4hler: Peter Groeger<br \/>\nInspector Lestrade: Lutz Harder<br \/>\nFarley Straker: Alexis Kr\u00fcger<br \/>\nDr. Wheldon: Eckart Dux<br \/>\nMurray Hoskin: Uwe Jellinek<br \/>\nEmma Hoskin: Hildegard Meier<br \/>\nBarnabas Gladstone: Helmut Krauss<br \/>\nNora Henderson: Vera Bunk<br \/>\nEmily Stack: Nicole Hannak<br \/>\nJennings: Gerald Paradies<br \/>\nLennard Flowers: Lothar Blumhagen<br \/>\nu.a.<\/p>\n<p>Regie: Gerd Naumann<br \/>\nBuch und Idee: Marc Freund<br \/>\nKomponist: Stephan Eicke<br \/>\nInterpret: Bethan Roberts [Oboe]<br \/>\nSounddesign, Mischung &amp; Master: Tom Steinbrecher<\/p>\n<p>Spieldauer: ca. 77 Minuten<\/p>\n","protected":false},"excerpt":{"rendered":"<p>Sherlock Holmes, neue F\u00e4lle 31: Die Todesfalle von Dornwood Ein einsames Gasthaus in einer abgelegenen Gegend Nordenglands. Ein Reisender, der spurlos verschwunden ist und eine junge Frau, die sich in Sorge um ihren Bruder an Sherlock Holmes wendet. Der gro\u00dfe Detektiv und Dr. Watson machen sich auf die Suche nach dem Vermissten. Dabei geraten sie&#8230;<\/p>\n<p><a rel=\"bookmark\" class=\"vonzot-button-simple wvc-button wvc-button-size-sm\" href=\"https:\/\/www.allscore.de\/shop\/produkt\/die-todesfalle-von-dornwood-fall-31\/\"><span>Read more<\/span><\/a><\/p>\n","protected":false},"featured_media":7561,"template":"","meta":[],"product_brand":[],"product_cat":[72,213],"product_tag":[],"class_list":{"0":"post-7829","1":"product","2":"type-product","3":"status-publish","4":"has-post-thumbnail","6":"product_cat-hoerspiele","7":"product_cat-sherlock-holmes-die-neuen-faelle","8":"product_shipping_class-tontraeger-cd","9":"entry","10":"clearfix","11":"entry-grid","12":"entry-columns-3","13":"entry-product-module-layout-sidebar-right","14":"thumbnail-color-tone-dark","15":"entry-product","17":"entry-product-grid","19":"first","20":"instock","21":"taxable","22":"shipping-taxable","23":"purchasable","24":"product-type-simple"},"yoast_head":"<!-- This site is optimized with the Yoast SEO plugin v27.4 - https:\/\/yoast.com\/product\/yoast-seo-wordpress\/ -->\n<title>Sherlock Holmes, neue F\u00e4lle 31: Die Todesfalle von Dornwood<\/title>\n<meta name=\"description\" content=\"Sherlock Holmes, neue F\u00e4lle 31: Die Todesfalle von Dornwood Ein einsames Gasthaus in einer abgelegenen Gegend Nordenglands. Ein Reisender, der spurlos\" \/>\n<meta name=\"robots\" content=\"index, follow, max-snippet:-1, max-image-preview:large, max-video-preview:-1\" \/>\n<link rel=\"canonical\" href=\"https:\/\/www.allscore.de\/shop\/produkt\/die-todesfalle-von-dornwood-fall-31\/\" \/>\n<meta property=\"og:locale\" content=\"de_DE\" \/>\n<meta property=\"og:type\" content=\"article\" \/>\n<meta property=\"og:title\" content=\"Sherlock Holmes, neue F\u00e4lle 31: Die Todesfalle von Dornwood\" \/>\n<meta property=\"og:description\" content=\"Sherlock Holmes, neue F\u00e4lle 31: Die Todesfalle von Dornwood Ein einsames Gasthaus in einer abgelegenen Gegend Nordenglands. Ein Reisender, der spurlos\" \/>\n<meta property=\"og:url\" content=\"https:\/\/www.allscore.de\/shop\/produkt\/die-todesfalle-von-dornwood-fall-31\/\" \/>\n<meta property=\"og:site_name\" content=\"Allscore Shop\" \/>\n<meta property=\"article:modified_time\" content=\"2026-03-19T12:54:46+00:00\" \/>\n<meta property=\"og:image\" content=\"https:\/\/www.allscore.de\/shop\/wp-content\/uploads\/2020\/09\/SH31_1200x1200.jpg\" \/>\n\t<meta property=\"og:image:width\" content=\"1200\" \/>\n\t<meta property=\"og:image:height\" content=\"1200\" \/>\n\t<meta property=\"og:image:type\" content=\"image\/jpeg\" \/>\n<meta name=\"twitter:card\" content=\"summary_large_image\" \/>\n<meta name=\"twitter:label1\" content=\"Gesch\u00e4tzte Lesezeit\" \/>\n\t<meta name=\"twitter:data1\" content=\"2\u00a0Minuten\" \/>\n<script type=\"application\/ld+json\" class=\"yoast-schema-graph\">{\"@context\":\"https:\\\/\\\/schema.org\",\"@graph\":[{\"@type\":\"WebPage\",\"@id\":\"https:\\\/\\\/www.allscore.de\\\/shop\\\/produkt\\\/die-todesfalle-von-dornwood-fall-31\\\/\",\"url\":\"https:\\\/\\\/www.allscore.de\\\/shop\\\/produkt\\\/die-todesfalle-von-dornwood-fall-31\\\/\",\"name\":\"Sherlock Holmes, neue F\u00e4lle 31: Die Todesfalle von Dornwood\",\"isPartOf\":{\"@id\":\"https:\\\/\\\/www.allscore.de\\\/shop\\\/#website\"},\"primaryImageOfPage\":{\"@id\":\"https:\\\/\\\/www.allscore.de\\\/shop\\\/produkt\\\/die-todesfalle-von-dornwood-fall-31\\\/#primaryimage\"},\"image\":{\"@id\":\"https:\\\/\\\/www.allscore.de\\\/shop\\\/produkt\\\/die-todesfalle-von-dornwood-fall-31\\\/#primaryimage\"},\"thumbnailUrl\":\"https:\\\/\\\/www.allscore.de\\\/shop\\\/wp-content\\\/uploads\\\/2020\\\/09\\\/SH31_1200x1200.jpg\",\"datePublished\":\"2017-03-18T20:47:08+00:00\",\"dateModified\":\"2026-03-19T12:54:46+00:00\",\"description\":\"Sherlock Holmes, neue F\u00e4lle 31: Die Todesfalle von Dornwood Ein einsames Gasthaus in einer abgelegenen Gegend Nordenglands. Ein Reisender, der spurlos\",\"breadcrumb\":{\"@id\":\"https:\\\/\\\/www.allscore.de\\\/shop\\\/produkt\\\/die-todesfalle-von-dornwood-fall-31\\\/#breadcrumb\"},\"inLanguage\":\"de\",\"potentialAction\":[{\"@type\":\"ReadAction\",\"target\":[\"https:\\\/\\\/www.allscore.de\\\/shop\\\/produkt\\\/die-todesfalle-von-dornwood-fall-31\\\/\"]}]},{\"@type\":\"ImageObject\",\"inLanguage\":\"de\",\"@id\":\"https:\\\/\\\/www.allscore.de\\\/shop\\\/produkt\\\/die-todesfalle-von-dornwood-fall-31\\\/#primaryimage\",\"url\":\"https:\\\/\\\/www.allscore.de\\\/shop\\\/wp-content\\\/uploads\\\/2020\\\/09\\\/SH31_1200x1200.jpg\",\"contentUrl\":\"https:\\\/\\\/www.allscore.de\\\/shop\\\/wp-content\\\/uploads\\\/2020\\\/09\\\/SH31_1200x1200.jpg\",\"width\":1200,\"height\":1200,\"caption\":\"Die Todesfalle von Dornwood\"},{\"@type\":\"BreadcrumbList\",\"@id\":\"https:\\\/\\\/www.allscore.de\\\/shop\\\/produkt\\\/die-todesfalle-von-dornwood-fall-31\\\/#breadcrumb\",\"itemListElement\":[{\"@type\":\"ListItem\",\"position\":1,\"name\":\"Startseite\",\"item\":\"https:\\\/\\\/www.allscore.de\\\/shop\\\/\"},{\"@type\":\"ListItem\",\"position\":2,\"name\":\"Produkte\",\"item\":\"https:\\\/\\\/www.allscore.de\\\/shop\\\/shop\\\/\"},{\"@type\":\"ListItem\",\"position\":3,\"name\":\"Sherlock Holmes, neue F\u00e4lle 31: Die Todesfalle von Dornwood\"}]},{\"@type\":\"WebSite\",\"@id\":\"https:\\\/\\\/www.allscore.de\\\/shop\\\/#website\",\"url\":\"https:\\\/\\\/www.allscore.de\\\/shop\\\/\",\"name\":\"Allscore Shop\",\"description\":\"All Score Media\",\"publisher\":{\"@id\":\"https:\\\/\\\/www.allscore.de\\\/shop\\\/#organization\"},\"potentialAction\":[{\"@type\":\"SearchAction\",\"target\":{\"@type\":\"EntryPoint\",\"urlTemplate\":\"https:\\\/\\\/www.allscore.de\\\/shop\\\/?s={search_term_string}\"},\"query-input\":{\"@type\":\"PropertyValueSpecification\",\"valueRequired\":true,\"valueName\":\"search_term_string\"}}],\"inLanguage\":\"de\"},{\"@type\":\"Organization\",\"@id\":\"https:\\\/\\\/www.allscore.de\\\/shop\\\/#organization\",\"name\":\"All Score Media\",\"alternateName\":\"Allscore\",\"url\":\"https:\\\/\\\/www.allscore.de\\\/shop\\\/\",\"logo\":{\"@type\":\"ImageObject\",\"inLanguage\":\"de\",\"@id\":\"https:\\\/\\\/www.allscore.de\\\/shop\\\/#\\\/schema\\\/logo\\\/image\\\/\",\"url\":\"https:\\\/\\\/www.allscore.de\\\/shop\\\/wp-content\\\/uploads\\\/2026\\\/01\\\/Logo_Yoast_Shop_2026.png\",\"contentUrl\":\"https:\\\/\\\/www.allscore.de\\\/shop\\\/wp-content\\\/uploads\\\/2026\\\/01\\\/Logo_Yoast_Shop_2026.png\",\"width\":696,\"height\":696,\"caption\":\"All Score Media\"},\"image\":{\"@id\":\"https:\\\/\\\/www.allscore.de\\\/shop\\\/#\\\/schema\\\/logo\\\/image\\\/\"}}]}<\/script>\n<!-- \/ Yoast SEO plugin. -->","yoast_head_json":{"title":"Sherlock Holmes, neue F\u00e4lle 31: Die Todesfalle von Dornwood","description":"Sherlock Holmes, neue F\u00e4lle 31: Die Todesfalle von Dornwood Ein einsames Gasthaus in einer abgelegenen Gegend Nordenglands. Ein Reisender, der spurlos","robots":{"index":"index","follow":"follow","max-snippet":"max-snippet:-1","max-image-preview":"max-image-preview:large","max-video-preview":"max-video-preview:-1"},"canonical":"https:\/\/www.allscore.de\/shop\/produkt\/die-todesfalle-von-dornwood-fall-31\/","og_locale":"de_DE","og_type":"article","og_title":"Sherlock Holmes, neue F\u00e4lle 31: Die Todesfalle von Dornwood","og_description":"Sherlock Holmes, neue F\u00e4lle 31: Die Todesfalle von Dornwood Ein einsames Gasthaus in einer abgelegenen Gegend Nordenglands. Ein Reisender, der spurlos","og_url":"https:\/\/www.allscore.de\/shop\/produkt\/die-todesfalle-von-dornwood-fall-31\/","og_site_name":"Allscore Shop","article_modified_time":"2026-03-19T12:54:46+00:00","og_image":[{"width":1200,"height":1200,"url":"https:\/\/www.allscore.de\/shop\/wp-content\/uploads\/2020\/09\/SH31_1200x1200.jpg","type":"image\/jpeg"}],"twitter_card":"summary_large_image","twitter_misc":{"Gesch\u00e4tzte Lesezeit":"2\u00a0Minuten"},"schema":{"@context":"https:\/\/schema.org","@graph":[{"@type":"WebPage","@id":"https:\/\/www.allscore.de\/shop\/produkt\/die-todesfalle-von-dornwood-fall-31\/","url":"https:\/\/www.allscore.de\/shop\/produkt\/die-todesfalle-von-dornwood-fall-31\/","name":"Sherlock Holmes, neue F\u00e4lle 31: Die Todesfalle von Dornwood","isPartOf":{"@id":"https:\/\/www.allscore.de\/shop\/#website"},"primaryImageOfPage":{"@id":"https:\/\/www.allscore.de\/shop\/produkt\/die-todesfalle-von-dornwood-fall-31\/#primaryimage"},"image":{"@id":"https:\/\/www.allscore.de\/shop\/produkt\/die-todesfalle-von-dornwood-fall-31\/#primaryimage"},"thumbnailUrl":"https:\/\/www.allscore.de\/shop\/wp-content\/uploads\/2020\/09\/SH31_1200x1200.jpg","datePublished":"2017-03-18T20:47:08+00:00","dateModified":"2026-03-19T12:54:46+00:00","description":"Sherlock Holmes, neue F\u00e4lle 31: Die Todesfalle von Dornwood Ein einsames Gasthaus in einer abgelegenen Gegend Nordenglands. Ein Reisender, der spurlos","breadcrumb":{"@id":"https:\/\/www.allscore.de\/shop\/produkt\/die-todesfalle-von-dornwood-fall-31\/#breadcrumb"},"inLanguage":"de","potentialAction":[{"@type":"ReadAction","target":["https:\/\/www.allscore.de\/shop\/produkt\/die-todesfalle-von-dornwood-fall-31\/"]}]},{"@type":"ImageObject","inLanguage":"de","@id":"https:\/\/www.allscore.de\/shop\/produkt\/die-todesfalle-von-dornwood-fall-31\/#primaryimage","url":"https:\/\/www.allscore.de\/shop\/wp-content\/uploads\/2020\/09\/SH31_1200x1200.jpg","contentUrl":"https:\/\/www.allscore.de\/shop\/wp-content\/uploads\/2020\/09\/SH31_1200x1200.jpg","width":1200,"height":1200,"caption":"Die Todesfalle von Dornwood"},{"@type":"BreadcrumbList","@id":"https:\/\/www.allscore.de\/shop\/produkt\/die-todesfalle-von-dornwood-fall-31\/#breadcrumb","itemListElement":[{"@type":"ListItem","position":1,"name":"Startseite","item":"https:\/\/www.allscore.de\/shop\/"},{"@type":"ListItem","position":2,"name":"Produkte","item":"https:\/\/www.allscore.de\/shop\/shop\/"},{"@type":"ListItem","position":3,"name":"Sherlock Holmes, neue F\u00e4lle 31: Die Todesfalle von Dornwood"}]},{"@type":"WebSite","@id":"https:\/\/www.allscore.de\/shop\/#website","url":"https:\/\/www.allscore.de\/shop\/","name":"Allscore Shop","description":"All Score Media","publisher":{"@id":"https:\/\/www.allscore.de\/shop\/#organization"},"potentialAction":[{"@type":"SearchAction","target":{"@type":"EntryPoint","urlTemplate":"https:\/\/www.allscore.de\/shop\/?s={search_term_string}"},"query-input":{"@type":"PropertyValueSpecification","valueRequired":true,"valueName":"search_term_string"}}],"inLanguage":"de"},{"@type":"Organization","@id":"https:\/\/www.allscore.de\/shop\/#organization","name":"All Score Media","alternateName":"Allscore","url":"https:\/\/www.allscore.de\/shop\/","logo":{"@type":"ImageObject","inLanguage":"de","@id":"https:\/\/www.allscore.de\/shop\/#\/schema\/logo\/image\/","url":"https:\/\/www.allscore.de\/shop\/wp-content\/uploads\/2026\/01\/Logo_Yoast_Shop_2026.png","contentUrl":"https:\/\/www.allscore.de\/shop\/wp-content\/uploads\/2026\/01\/Logo_Yoast_Shop_2026.png","width":696,"height":696,"caption":"All Score Media"},"image":{"@id":"https:\/\/www.allscore.de\/shop\/#\/schema\/logo\/image\/"}}]}},"_links":{"self":[{"href":"https:\/\/www.allscore.de\/shop\/wp-json\/wp\/v2\/product\/7829","targetHints":{"allow":["GET"]}}],"collection":[{"href":"https:\/\/www.allscore.de\/shop\/wp-json\/wp\/v2\/product"}],"about":[{"href":"https:\/\/www.allscore.de\/shop\/wp-json\/wp\/v2\/types\/product"}],"wp:featuredmedia":[{"embeddable":true,"href":"https:\/\/www.allscore.de\/shop\/wp-json\/wp\/v2\/media\/7561"}],"wp:attachment":[{"href":"https:\/\/www.allscore.de\/shop\/wp-json\/wp\/v2\/media?parent=7829"}],"wp:term":[{"taxonomy":"product_brand","embeddable":true,"href":"https:\/\/www.allscore.de\/shop\/wp-json\/wp\/v2\/product_brand?post=7829"},{"taxonomy":"product_cat","embeddable":true,"href":"https:\/\/www.allscore.de\/shop\/wp-json\/wp\/v2\/product_cat?post=7829"},{"taxonomy":"product_tag","embeddable":true,"href":"https:\/\/www.allscore.de\/shop\/wp-json\/wp\/v2\/product_tag?post=7829"}],"curies":[{"name":"wp","href":"https:\/\/api.w.org\/{rel}","templated":true}]}}