{"id":7805,"date":"2016-01-18T21:24:41","date_gmt":"2016-01-18T20:24:41","guid":{"rendered":"https:\/\/www.allscore.de\/shop\/?post_type=product&#038;p=7805"},"modified":"2026-03-26T19:37:26","modified_gmt":"2026-03-26T18:37:26","slug":"die-prinzen-im-tower-fall-23","status":"publish","type":"product","link":"https:\/\/www.allscore.de\/shop\/produkt\/die-prinzen-im-tower-fall-23\/","title":{"rendered":"Sherlock Holmes, neue F\u00e4lle 23: Die Prinzen im Tower"},"content":{"rendered":"<p>Sherlock Holmes, neue F\u00e4lle 23: Die Prinzen im Tower<\/p>\n<p>Der angesehene Historiker Lester Davenport sucht Holmes auf, da sein Freund Archibald Caldwell vermisst wird. Bald schon muss Holmes feststellen, dass dieser ermordet wurde. Caldwell war nicht nur der Archivar des sagenumwobenen Londoner Towers, sondern auch im Besitz einzigartiger Informationen zu einem der dunkelsten Kapitel der englischen Geschichte \u2013 die Rosenkriege und das Verschwinden der Prinzenbr\u00fcder Eduard und Richard im Jahre 1483. War der verfemte K\u00f6nig Richard III., entgegen der weit verbreiteten Meinung, doch nicht f\u00fcr den Tod der beiden verantwortlich? Wer k\u00f6nnte ein Interesse daran haben, f\u00fcr diese Wahrheit zu morden?<\/p>\n<p>Sherlock Holmes: Christian Rode<br \/>\nWatson \/ Erz\u00e4hler: Peter Groeger<br \/>\nInspector Lestrade: Lutz Harder<br \/>\nCharles Boulton: Lothar Blumhagen<br \/>\nArchibald Caldwell: Peter Weis<br \/>\nProfessor Lester Davenport: Uwe Jellinek<br \/>\nSinclair: Sven Gerhardt<br \/>\nConstable: Tino Kie\u00dfling<br \/>\nu.a.<\/p>\n<p>Regie: Gerd Naumann<br \/>\nBuch und Idee: Andreas Masuth<br \/>\nKomponist: Stephan Eicke<br \/>\nInterpret: Sandro Friedrich [Schalmei, Block- u. Traversfl\u00f6te]<br \/>\nSounddesign, Mischung &amp; Master: Tom Steinbrecher<\/p>\n<p>Spieldauer: ca. 79 Minuten<\/p>\n","protected":false},"excerpt":{"rendered":"<p>Sherlock Holmes, neue F\u00e4lle 23: Die Prinzen im Tower Der angesehene Historiker Lester Davenport sucht Holmes auf, da sein Freund Archibald Caldwell vermisst wird. Bald schon muss Holmes feststellen, dass dieser ermordet wurde. Caldwell war nicht nur der Archivar des sagenumwobenen Londoner Towers, sondern auch im Besitz einzigartiger Informationen zu einem der dunkelsten Kapitel der&#8230;<\/p>\n<p><a rel=\"bookmark\" class=\"vonzot-button-simple wvc-button wvc-button-size-sm\" href=\"https:\/\/www.allscore.de\/shop\/produkt\/die-prinzen-im-tower-fall-23\/\"><span>Read more<\/span><\/a><\/p>\n","protected":false},"featured_media":7553,"template":"","meta":[],"product_brand":[],"product_cat":[72,213],"product_tag":[],"class_list":{"0":"post-7805","1":"product","2":"type-product","3":"status-publish","4":"has-post-thumbnail","6":"product_cat-hoerspiele","7":"product_cat-sherlock-holmes-die-neuen-faelle","8":"product_shipping_class-tontraeger-cd","9":"entry","10":"clearfix","11":"entry-grid","12":"entry-columns-3","13":"entry-product-module-layout-sidebar-right","14":"thumbnail-color-tone-dark","15":"entry-product","17":"entry-product-grid","19":"first","20":"instock","21":"taxable","22":"shipping-taxable","23":"purchasable","24":"product-type-simple"},"yoast_head":"<!-- This site is optimized with the Yoast SEO plugin v27.3 - https:\/\/yoast.com\/product\/yoast-seo-wordpress\/ -->\n<title>Sherlock Holmes, neue F\u00e4lle 23: Die Prinzen im Tower<\/title>\n<meta name=\"description\" content=\"Sherlock Holmes, neue F\u00e4lle 23: Die Prinzen im Tower Der angesehene Historiker Lester Davenport sucht Holmes auf, da sein Freund Archibald Caldwell\" \/>\n<meta name=\"robots\" content=\"index, follow, max-snippet:-1, max-image-preview:large, max-video-preview:-1\" \/>\n<link rel=\"canonical\" href=\"https:\/\/www.allscore.de\/shop\/produkt\/die-prinzen-im-tower-fall-23\/\" \/>\n<meta property=\"og:locale\" content=\"de_DE\" \/>\n<meta property=\"og:type\" content=\"article\" \/>\n<meta property=\"og:title\" content=\"Sherlock Holmes, neue F\u00e4lle 23: Die Prinzen im Tower\" \/>\n<meta property=\"og:description\" content=\"Sherlock Holmes, neue F\u00e4lle 23: Die Prinzen im Tower Der angesehene Historiker Lester Davenport sucht Holmes auf, da sein Freund Archibald Caldwell\" \/>\n<meta property=\"og:url\" content=\"https:\/\/www.allscore.de\/shop\/produkt\/die-prinzen-im-tower-fall-23\/\" \/>\n<meta property=\"og:site_name\" content=\"Allscore Shop\" \/>\n<meta property=\"article:modified_time\" content=\"2026-03-26T18:37:26+00:00\" \/>\n<meta property=\"og:image\" content=\"https:\/\/www.allscore.de\/shop\/wp-content\/uploads\/2020\/09\/SH23_1200x1200.jpg\" \/>\n\t<meta property=\"og:image:width\" content=\"1200\" \/>\n\t<meta property=\"og:image:height\" content=\"1200\" \/>\n\t<meta property=\"og:image:type\" content=\"image\/jpeg\" \/>\n<meta name=\"twitter:card\" content=\"summary_large_image\" \/>\n<meta name=\"twitter:label1\" content=\"Gesch\u00e4tzte Lesezeit\" \/>\n\t<meta name=\"twitter:data1\" content=\"1\u00a0Minute\" \/>\n<script type=\"application\/ld+json\" class=\"yoast-schema-graph\">{\"@context\":\"https:\\\/\\\/schema.org\",\"@graph\":[{\"@type\":\"WebPage\",\"@id\":\"https:\\\/\\\/www.allscore.de\\\/shop\\\/produkt\\\/die-prinzen-im-tower-fall-23\\\/\",\"url\":\"https:\\\/\\\/www.allscore.de\\\/shop\\\/produkt\\\/die-prinzen-im-tower-fall-23\\\/\",\"name\":\"Sherlock Holmes, neue F\u00e4lle 23: Die Prinzen im Tower\",\"isPartOf\":{\"@id\":\"https:\\\/\\\/www.allscore.de\\\/shop\\\/#website\"},\"primaryImageOfPage\":{\"@id\":\"https:\\\/\\\/www.allscore.de\\\/shop\\\/produkt\\\/die-prinzen-im-tower-fall-23\\\/#primaryimage\"},\"image\":{\"@id\":\"https:\\\/\\\/www.allscore.de\\\/shop\\\/produkt\\\/die-prinzen-im-tower-fall-23\\\/#primaryimage\"},\"thumbnailUrl\":\"https:\\\/\\\/www.allscore.de\\\/shop\\\/wp-content\\\/uploads\\\/2020\\\/09\\\/SH23_1200x1200.jpg\",\"datePublished\":\"2016-01-18T20:24:41+00:00\",\"dateModified\":\"2026-03-26T18:37:26+00:00\",\"description\":\"Sherlock Holmes, neue F\u00e4lle 23: Die Prinzen im Tower Der angesehene Historiker Lester Davenport sucht Holmes auf, da sein Freund Archibald Caldwell\",\"breadcrumb\":{\"@id\":\"https:\\\/\\\/www.allscore.de\\\/shop\\\/produkt\\\/die-prinzen-im-tower-fall-23\\\/#breadcrumb\"},\"inLanguage\":\"de\",\"potentialAction\":[{\"@type\":\"ReadAction\",\"target\":[\"https:\\\/\\\/www.allscore.de\\\/shop\\\/produkt\\\/die-prinzen-im-tower-fall-23\\\/\"]}]},{\"@type\":\"ImageObject\",\"inLanguage\":\"de\",\"@id\":\"https:\\\/\\\/www.allscore.de\\\/shop\\\/produkt\\\/die-prinzen-im-tower-fall-23\\\/#primaryimage\",\"url\":\"https:\\\/\\\/www.allscore.de\\\/shop\\\/wp-content\\\/uploads\\\/2020\\\/09\\\/SH23_1200x1200.jpg\",\"contentUrl\":\"https:\\\/\\\/www.allscore.de\\\/shop\\\/wp-content\\\/uploads\\\/2020\\\/09\\\/SH23_1200x1200.jpg\",\"width\":1200,\"height\":1200,\"caption\":\"Die Prinzen im Tower\"},{\"@type\":\"BreadcrumbList\",\"@id\":\"https:\\\/\\\/www.allscore.de\\\/shop\\\/produkt\\\/die-prinzen-im-tower-fall-23\\\/#breadcrumb\",\"itemListElement\":[{\"@type\":\"ListItem\",\"position\":1,\"name\":\"Startseite\",\"item\":\"https:\\\/\\\/www.allscore.de\\\/shop\\\/\"},{\"@type\":\"ListItem\",\"position\":2,\"name\":\"Produkte\",\"item\":\"https:\\\/\\\/www.allscore.de\\\/shop\\\/shop\\\/\"},{\"@type\":\"ListItem\",\"position\":3,\"name\":\"Sherlock Holmes, neue F\u00e4lle 23: Die Prinzen im Tower\"}]},{\"@type\":\"WebSite\",\"@id\":\"https:\\\/\\\/www.allscore.de\\\/shop\\\/#website\",\"url\":\"https:\\\/\\\/www.allscore.de\\\/shop\\\/\",\"name\":\"Allscore Shop\",\"description\":\"All Score Media\",\"publisher\":{\"@id\":\"https:\\\/\\\/www.allscore.de\\\/shop\\\/#organization\"},\"potentialAction\":[{\"@type\":\"SearchAction\",\"target\":{\"@type\":\"EntryPoint\",\"urlTemplate\":\"https:\\\/\\\/www.allscore.de\\\/shop\\\/?s={search_term_string}\"},\"query-input\":{\"@type\":\"PropertyValueSpecification\",\"valueRequired\":true,\"valueName\":\"search_term_string\"}}],\"inLanguage\":\"de\"},{\"@type\":\"Organization\",\"@id\":\"https:\\\/\\\/www.allscore.de\\\/shop\\\/#organization\",\"name\":\"All Score Media\",\"alternateName\":\"Allscore\",\"url\":\"https:\\\/\\\/www.allscore.de\\\/shop\\\/\",\"logo\":{\"@type\":\"ImageObject\",\"inLanguage\":\"de\",\"@id\":\"https:\\\/\\\/www.allscore.de\\\/shop\\\/#\\\/schema\\\/logo\\\/image\\\/\",\"url\":\"https:\\\/\\\/www.allscore.de\\\/shop\\\/wp-content\\\/uploads\\\/2026\\\/01\\\/Logo_Yoast_Shop_2026.png\",\"contentUrl\":\"https:\\\/\\\/www.allscore.de\\\/shop\\\/wp-content\\\/uploads\\\/2026\\\/01\\\/Logo_Yoast_Shop_2026.png\",\"width\":696,\"height\":696,\"caption\":\"All Score Media\"},\"image\":{\"@id\":\"https:\\\/\\\/www.allscore.de\\\/shop\\\/#\\\/schema\\\/logo\\\/image\\\/\"}}]}<\/script>\n<!-- \/ Yoast SEO plugin. -->","yoast_head_json":{"title":"Sherlock Holmes, neue F\u00e4lle 23: Die Prinzen im Tower","description":"Sherlock Holmes, neue F\u00e4lle 23: Die Prinzen im Tower Der angesehene Historiker Lester Davenport sucht Holmes auf, da sein Freund Archibald Caldwell","robots":{"index":"index","follow":"follow","max-snippet":"max-snippet:-1","max-image-preview":"max-image-preview:large","max-video-preview":"max-video-preview:-1"},"canonical":"https:\/\/www.allscore.de\/shop\/produkt\/die-prinzen-im-tower-fall-23\/","og_locale":"de_DE","og_type":"article","og_title":"Sherlock Holmes, neue F\u00e4lle 23: Die Prinzen im Tower","og_description":"Sherlock Holmes, neue F\u00e4lle 23: Die Prinzen im Tower Der angesehene Historiker Lester Davenport sucht Holmes auf, da sein Freund Archibald Caldwell","og_url":"https:\/\/www.allscore.de\/shop\/produkt\/die-prinzen-im-tower-fall-23\/","og_site_name":"Allscore Shop","article_modified_time":"2026-03-26T18:37:26+00:00","og_image":[{"width":1200,"height":1200,"url":"https:\/\/www.allscore.de\/shop\/wp-content\/uploads\/2020\/09\/SH23_1200x1200.jpg","type":"image\/jpeg"}],"twitter_card":"summary_large_image","twitter_misc":{"Gesch\u00e4tzte Lesezeit":"1\u00a0Minute"},"schema":{"@context":"https:\/\/schema.org","@graph":[{"@type":"WebPage","@id":"https:\/\/www.allscore.de\/shop\/produkt\/die-prinzen-im-tower-fall-23\/","url":"https:\/\/www.allscore.de\/shop\/produkt\/die-prinzen-im-tower-fall-23\/","name":"Sherlock Holmes, neue F\u00e4lle 23: Die Prinzen im Tower","isPartOf":{"@id":"https:\/\/www.allscore.de\/shop\/#website"},"primaryImageOfPage":{"@id":"https:\/\/www.allscore.de\/shop\/produkt\/die-prinzen-im-tower-fall-23\/#primaryimage"},"image":{"@id":"https:\/\/www.allscore.de\/shop\/produkt\/die-prinzen-im-tower-fall-23\/#primaryimage"},"thumbnailUrl":"https:\/\/www.allscore.de\/shop\/wp-content\/uploads\/2020\/09\/SH23_1200x1200.jpg","datePublished":"2016-01-18T20:24:41+00:00","dateModified":"2026-03-26T18:37:26+00:00","description":"Sherlock Holmes, neue F\u00e4lle 23: Die Prinzen im Tower Der angesehene Historiker Lester Davenport sucht Holmes auf, da sein Freund Archibald Caldwell","breadcrumb":{"@id":"https:\/\/www.allscore.de\/shop\/produkt\/die-prinzen-im-tower-fall-23\/#breadcrumb"},"inLanguage":"de","potentialAction":[{"@type":"ReadAction","target":["https:\/\/www.allscore.de\/shop\/produkt\/die-prinzen-im-tower-fall-23\/"]}]},{"@type":"ImageObject","inLanguage":"de","@id":"https:\/\/www.allscore.de\/shop\/produkt\/die-prinzen-im-tower-fall-23\/#primaryimage","url":"https:\/\/www.allscore.de\/shop\/wp-content\/uploads\/2020\/09\/SH23_1200x1200.jpg","contentUrl":"https:\/\/www.allscore.de\/shop\/wp-content\/uploads\/2020\/09\/SH23_1200x1200.jpg","width":1200,"height":1200,"caption":"Die Prinzen im Tower"},{"@type":"BreadcrumbList","@id":"https:\/\/www.allscore.de\/shop\/produkt\/die-prinzen-im-tower-fall-23\/#breadcrumb","itemListElement":[{"@type":"ListItem","position":1,"name":"Startseite","item":"https:\/\/www.allscore.de\/shop\/"},{"@type":"ListItem","position":2,"name":"Produkte","item":"https:\/\/www.allscore.de\/shop\/shop\/"},{"@type":"ListItem","position":3,"name":"Sherlock Holmes, neue F\u00e4lle 23: Die Prinzen im Tower"}]},{"@type":"WebSite","@id":"https:\/\/www.allscore.de\/shop\/#website","url":"https:\/\/www.allscore.de\/shop\/","name":"Allscore Shop","description":"All Score Media","publisher":{"@id":"https:\/\/www.allscore.de\/shop\/#organization"},"potentialAction":[{"@type":"SearchAction","target":{"@type":"EntryPoint","urlTemplate":"https:\/\/www.allscore.de\/shop\/?s={search_term_string}"},"query-input":{"@type":"PropertyValueSpecification","valueRequired":true,"valueName":"search_term_string"}}],"inLanguage":"de"},{"@type":"Organization","@id":"https:\/\/www.allscore.de\/shop\/#organization","name":"All Score Media","alternateName":"Allscore","url":"https:\/\/www.allscore.de\/shop\/","logo":{"@type":"ImageObject","inLanguage":"de","@id":"https:\/\/www.allscore.de\/shop\/#\/schema\/logo\/image\/","url":"https:\/\/www.allscore.de\/shop\/wp-content\/uploads\/2026\/01\/Logo_Yoast_Shop_2026.png","contentUrl":"https:\/\/www.allscore.de\/shop\/wp-content\/uploads\/2026\/01\/Logo_Yoast_Shop_2026.png","width":696,"height":696,"caption":"All Score Media"},"image":{"@id":"https:\/\/www.allscore.de\/shop\/#\/schema\/logo\/image\/"}}]}},"_links":{"self":[{"href":"https:\/\/www.allscore.de\/shop\/wp-json\/wp\/v2\/product\/7805","targetHints":{"allow":["GET"]}}],"collection":[{"href":"https:\/\/www.allscore.de\/shop\/wp-json\/wp\/v2\/product"}],"about":[{"href":"https:\/\/www.allscore.de\/shop\/wp-json\/wp\/v2\/types\/product"}],"wp:featuredmedia":[{"embeddable":true,"href":"https:\/\/www.allscore.de\/shop\/wp-json\/wp\/v2\/media\/7553"}],"wp:attachment":[{"href":"https:\/\/www.allscore.de\/shop\/wp-json\/wp\/v2\/media?parent=7805"}],"wp:term":[{"taxonomy":"product_brand","embeddable":true,"href":"https:\/\/www.allscore.de\/shop\/wp-json\/wp\/v2\/product_brand?post=7805"},{"taxonomy":"product_cat","embeddable":true,"href":"https:\/\/www.allscore.de\/shop\/wp-json\/wp\/v2\/product_cat?post=7805"},{"taxonomy":"product_tag","embeddable":true,"href":"https:\/\/www.allscore.de\/shop\/wp-json\/wp\/v2\/product_tag?post=7805"}],"curies":[{"name":"wp","href":"https:\/\/api.w.org\/{rel}","templated":true}]}}