{"id":7802,"date":"2015-11-18T21:21:10","date_gmt":"2015-11-18T20:21:10","guid":{"rendered":"https:\/\/www.allscore.de\/shop\/?post_type=product&#038;p=7802"},"modified":"2026-03-26T19:36:57","modified_gmt":"2026-03-26T18:36:57","slug":"die-schreiende-taenzerin-fall-22","status":"publish","type":"product","link":"https:\/\/www.allscore.de\/shop\/produkt\/die-schreiende-taenzerin-fall-22\/","title":{"rendered":"Sherlock Holmes, neue F\u00e4lle 22: Die schreiende T\u00e4nzerin"},"content":{"rendered":"<p>Sherlock Holmes, neue F\u00e4lle 22: Die schreiende T\u00e4nzerin<\/p>\n<p>Die Tanzdarbietung der ber\u00fchmten Ballerina Daria Markos wurde zum wiederholten Male durch einen markersch\u00fctternden Schrei unterbrochen \u2013 und wieder war es ihr eigener! Es gibt weder Hinweise auf ein Verbrechen noch auf eine Bedrohung. Holmes und Watson folgen einer Spur, auf der sie mit k\u00fcnstlerischen Temperamenten, chemischen R\u00e4tseln und den architektonischen Geheimnissen des Londoner Opernhauses konfrontiert werden. Es ist eine Spur, deren Ziel zwischen Verg\u00e4nglichkeit und Ewigkeit liegt\u2026<\/p>\n<p>Sherlock Holmes: Christian Rode<br \/>\nWatson \/ Erz\u00e4hler: Peter Groeger<br \/>\nInspector Lestrade: Lutz Harder<br \/>\nLady Agnes Collins: Ulrike M\u00f6ckel<br \/>\nDaria Markos: Nicole Hannak<br \/>\nEnrico Morelli: Peter Weis<br \/>\nDr. Claudio Scarpa: Uwe Jellinek<br \/>\nKenneth Fangway: Nicolai Tegeler<br \/>\nArthur Linnam: Sven Gerhardt<br \/>\nu.a.<\/p>\n<p>Regie: Gerd Naumann<br \/>\nBuch und Idee: Peter Kr\u00fcger<br \/>\nKomponist: Stephan Eicke<br \/>\nInterpret: Ian West [Klarinette]<br \/>\nSounddesign, Mischung &amp; Master: Tom Steinbrecher<\/p>\n<p>Spieldauer: ca. 77 Minuten<\/p>\n","protected":false},"excerpt":{"rendered":"<p>Sherlock Holmes, neue F\u00e4lle 22: Die schreiende T\u00e4nzerin Die Tanzdarbietung der ber\u00fchmten Ballerina Daria Markos wurde zum wiederholten Male durch einen markersch\u00fctternden Schrei unterbrochen \u2013 und wieder war es ihr eigener! Es gibt weder Hinweise auf ein Verbrechen noch auf eine Bedrohung. Holmes und Watson folgen einer Spur, auf der sie mit k\u00fcnstlerischen Temperamenten, chemischen&#8230;<\/p>\n<p><a rel=\"bookmark\" class=\"vonzot-button-simple wvc-button wvc-button-size-sm\" href=\"https:\/\/www.allscore.de\/shop\/produkt\/die-schreiende-taenzerin-fall-22\/\"><span>Read more<\/span><\/a><\/p>\n","protected":false},"featured_media":7552,"template":"","meta":[],"product_brand":[],"product_cat":[72,213],"product_tag":[],"class_list":{"0":"post-7802","1":"product","2":"type-product","3":"status-publish","4":"has-post-thumbnail","6":"product_cat-hoerspiele","7":"product_cat-sherlock-holmes-die-neuen-faelle","8":"product_shipping_class-tontraeger-cd","9":"entry","10":"clearfix","11":"entry-grid","12":"entry-columns-3","13":"entry-product-module-layout-sidebar-right","14":"thumbnail-color-tone-dark","15":"entry-product","17":"entry-product-grid","19":"first","20":"instock","21":"taxable","22":"shipping-taxable","23":"purchasable","24":"product-type-simple"},"yoast_head":"<!-- This site is optimized with the Yoast SEO plugin v27.3 - https:\/\/yoast.com\/product\/yoast-seo-wordpress\/ -->\n<title>Sherlock Holmes, neue F\u00e4lle 22: Die schreiende T\u00e4nzerin<\/title>\n<meta name=\"description\" content=\"Sherlock Holmes, neue F\u00e4lle 22: Die schreiende T\u00e4nzerin Die Tanzdarbietung der ber\u00fchmten Ballerina Daria Markos wurde zum wiederholten Male durch einen\" \/>\n<meta name=\"robots\" content=\"index, follow, max-snippet:-1, max-image-preview:large, max-video-preview:-1\" \/>\n<link rel=\"canonical\" href=\"https:\/\/www.allscore.de\/shop\/produkt\/die-schreiende-taenzerin-fall-22\/\" \/>\n<meta property=\"og:locale\" content=\"de_DE\" \/>\n<meta property=\"og:type\" content=\"article\" \/>\n<meta property=\"og:title\" content=\"Sherlock Holmes, neue F\u00e4lle 22: Die schreiende T\u00e4nzerin\" \/>\n<meta property=\"og:description\" content=\"Sherlock Holmes, neue F\u00e4lle 22: Die schreiende T\u00e4nzerin Die Tanzdarbietung der ber\u00fchmten Ballerina Daria Markos wurde zum wiederholten Male durch einen\" \/>\n<meta property=\"og:url\" content=\"https:\/\/www.allscore.de\/shop\/produkt\/die-schreiende-taenzerin-fall-22\/\" \/>\n<meta property=\"og:site_name\" content=\"Allscore Shop\" \/>\n<meta property=\"article:modified_time\" content=\"2026-03-26T18:36:57+00:00\" \/>\n<meta property=\"og:image\" content=\"https:\/\/www.allscore.de\/shop\/wp-content\/uploads\/2020\/09\/SH22_1200x1200.jpg\" \/>\n\t<meta property=\"og:image:width\" content=\"1200\" \/>\n\t<meta property=\"og:image:height\" content=\"1200\" \/>\n\t<meta property=\"og:image:type\" content=\"image\/jpeg\" \/>\n<meta name=\"twitter:card\" content=\"summary_large_image\" \/>\n<meta name=\"twitter:label1\" content=\"Gesch\u00e4tzte Lesezeit\" \/>\n\t<meta name=\"twitter:data1\" content=\"1\u00a0Minute\" \/>\n<script type=\"application\/ld+json\" class=\"yoast-schema-graph\">{\"@context\":\"https:\\\/\\\/schema.org\",\"@graph\":[{\"@type\":\"WebPage\",\"@id\":\"https:\\\/\\\/www.allscore.de\\\/shop\\\/produkt\\\/die-schreiende-taenzerin-fall-22\\\/\",\"url\":\"https:\\\/\\\/www.allscore.de\\\/shop\\\/produkt\\\/die-schreiende-taenzerin-fall-22\\\/\",\"name\":\"Sherlock Holmes, neue F\u00e4lle 22: Die schreiende T\u00e4nzerin\",\"isPartOf\":{\"@id\":\"https:\\\/\\\/www.allscore.de\\\/shop\\\/#website\"},\"primaryImageOfPage\":{\"@id\":\"https:\\\/\\\/www.allscore.de\\\/shop\\\/produkt\\\/die-schreiende-taenzerin-fall-22\\\/#primaryimage\"},\"image\":{\"@id\":\"https:\\\/\\\/www.allscore.de\\\/shop\\\/produkt\\\/die-schreiende-taenzerin-fall-22\\\/#primaryimage\"},\"thumbnailUrl\":\"https:\\\/\\\/www.allscore.de\\\/shop\\\/wp-content\\\/uploads\\\/2020\\\/09\\\/SH22_1200x1200.jpg\",\"datePublished\":\"2015-11-18T20:21:10+00:00\",\"dateModified\":\"2026-03-26T18:36:57+00:00\",\"description\":\"Sherlock Holmes, neue F\u00e4lle 22: Die schreiende T\u00e4nzerin Die Tanzdarbietung der ber\u00fchmten Ballerina Daria Markos wurde zum wiederholten Male durch einen\",\"breadcrumb\":{\"@id\":\"https:\\\/\\\/www.allscore.de\\\/shop\\\/produkt\\\/die-schreiende-taenzerin-fall-22\\\/#breadcrumb\"},\"inLanguage\":\"de\",\"potentialAction\":[{\"@type\":\"ReadAction\",\"target\":[\"https:\\\/\\\/www.allscore.de\\\/shop\\\/produkt\\\/die-schreiende-taenzerin-fall-22\\\/\"]}]},{\"@type\":\"ImageObject\",\"inLanguage\":\"de\",\"@id\":\"https:\\\/\\\/www.allscore.de\\\/shop\\\/produkt\\\/die-schreiende-taenzerin-fall-22\\\/#primaryimage\",\"url\":\"https:\\\/\\\/www.allscore.de\\\/shop\\\/wp-content\\\/uploads\\\/2020\\\/09\\\/SH22_1200x1200.jpg\",\"contentUrl\":\"https:\\\/\\\/www.allscore.de\\\/shop\\\/wp-content\\\/uploads\\\/2020\\\/09\\\/SH22_1200x1200.jpg\",\"width\":1200,\"height\":1200,\"caption\":\"Die schreiende T\u00e4nzerin\"},{\"@type\":\"BreadcrumbList\",\"@id\":\"https:\\\/\\\/www.allscore.de\\\/shop\\\/produkt\\\/die-schreiende-taenzerin-fall-22\\\/#breadcrumb\",\"itemListElement\":[{\"@type\":\"ListItem\",\"position\":1,\"name\":\"Startseite\",\"item\":\"https:\\\/\\\/www.allscore.de\\\/shop\\\/\"},{\"@type\":\"ListItem\",\"position\":2,\"name\":\"Produkte\",\"item\":\"https:\\\/\\\/www.allscore.de\\\/shop\\\/shop\\\/\"},{\"@type\":\"ListItem\",\"position\":3,\"name\":\"Sherlock Holmes, neue F\u00e4lle 22: Die schreiende T\u00e4nzerin\"}]},{\"@type\":\"WebSite\",\"@id\":\"https:\\\/\\\/www.allscore.de\\\/shop\\\/#website\",\"url\":\"https:\\\/\\\/www.allscore.de\\\/shop\\\/\",\"name\":\"Allscore Shop\",\"description\":\"All Score Media\",\"publisher\":{\"@id\":\"https:\\\/\\\/www.allscore.de\\\/shop\\\/#organization\"},\"potentialAction\":[{\"@type\":\"SearchAction\",\"target\":{\"@type\":\"EntryPoint\",\"urlTemplate\":\"https:\\\/\\\/www.allscore.de\\\/shop\\\/?s={search_term_string}\"},\"query-input\":{\"@type\":\"PropertyValueSpecification\",\"valueRequired\":true,\"valueName\":\"search_term_string\"}}],\"inLanguage\":\"de\"},{\"@type\":\"Organization\",\"@id\":\"https:\\\/\\\/www.allscore.de\\\/shop\\\/#organization\",\"name\":\"All Score Media\",\"alternateName\":\"Allscore\",\"url\":\"https:\\\/\\\/www.allscore.de\\\/shop\\\/\",\"logo\":{\"@type\":\"ImageObject\",\"inLanguage\":\"de\",\"@id\":\"https:\\\/\\\/www.allscore.de\\\/shop\\\/#\\\/schema\\\/logo\\\/image\\\/\",\"url\":\"https:\\\/\\\/www.allscore.de\\\/shop\\\/wp-content\\\/uploads\\\/2026\\\/01\\\/Logo_Yoast_Shop_2026.png\",\"contentUrl\":\"https:\\\/\\\/www.allscore.de\\\/shop\\\/wp-content\\\/uploads\\\/2026\\\/01\\\/Logo_Yoast_Shop_2026.png\",\"width\":696,\"height\":696,\"caption\":\"All Score Media\"},\"image\":{\"@id\":\"https:\\\/\\\/www.allscore.de\\\/shop\\\/#\\\/schema\\\/logo\\\/image\\\/\"}}]}<\/script>\n<!-- \/ Yoast SEO plugin. -->","yoast_head_json":{"title":"Sherlock Holmes, neue F\u00e4lle 22: Die schreiende T\u00e4nzerin","description":"Sherlock Holmes, neue F\u00e4lle 22: Die schreiende T\u00e4nzerin Die Tanzdarbietung der ber\u00fchmten Ballerina Daria Markos wurde zum wiederholten Male durch einen","robots":{"index":"index","follow":"follow","max-snippet":"max-snippet:-1","max-image-preview":"max-image-preview:large","max-video-preview":"max-video-preview:-1"},"canonical":"https:\/\/www.allscore.de\/shop\/produkt\/die-schreiende-taenzerin-fall-22\/","og_locale":"de_DE","og_type":"article","og_title":"Sherlock Holmes, neue F\u00e4lle 22: Die schreiende T\u00e4nzerin","og_description":"Sherlock Holmes, neue F\u00e4lle 22: Die schreiende T\u00e4nzerin Die Tanzdarbietung der ber\u00fchmten Ballerina Daria Markos wurde zum wiederholten Male durch einen","og_url":"https:\/\/www.allscore.de\/shop\/produkt\/die-schreiende-taenzerin-fall-22\/","og_site_name":"Allscore Shop","article_modified_time":"2026-03-26T18:36:57+00:00","og_image":[{"width":1200,"height":1200,"url":"https:\/\/www.allscore.de\/shop\/wp-content\/uploads\/2020\/09\/SH22_1200x1200.jpg","type":"image\/jpeg"}],"twitter_card":"summary_large_image","twitter_misc":{"Gesch\u00e4tzte Lesezeit":"1\u00a0Minute"},"schema":{"@context":"https:\/\/schema.org","@graph":[{"@type":"WebPage","@id":"https:\/\/www.allscore.de\/shop\/produkt\/die-schreiende-taenzerin-fall-22\/","url":"https:\/\/www.allscore.de\/shop\/produkt\/die-schreiende-taenzerin-fall-22\/","name":"Sherlock Holmes, neue F\u00e4lle 22: Die schreiende T\u00e4nzerin","isPartOf":{"@id":"https:\/\/www.allscore.de\/shop\/#website"},"primaryImageOfPage":{"@id":"https:\/\/www.allscore.de\/shop\/produkt\/die-schreiende-taenzerin-fall-22\/#primaryimage"},"image":{"@id":"https:\/\/www.allscore.de\/shop\/produkt\/die-schreiende-taenzerin-fall-22\/#primaryimage"},"thumbnailUrl":"https:\/\/www.allscore.de\/shop\/wp-content\/uploads\/2020\/09\/SH22_1200x1200.jpg","datePublished":"2015-11-18T20:21:10+00:00","dateModified":"2026-03-26T18:36:57+00:00","description":"Sherlock Holmes, neue F\u00e4lle 22: Die schreiende T\u00e4nzerin Die Tanzdarbietung der ber\u00fchmten Ballerina Daria Markos wurde zum wiederholten Male durch einen","breadcrumb":{"@id":"https:\/\/www.allscore.de\/shop\/produkt\/die-schreiende-taenzerin-fall-22\/#breadcrumb"},"inLanguage":"de","potentialAction":[{"@type":"ReadAction","target":["https:\/\/www.allscore.de\/shop\/produkt\/die-schreiende-taenzerin-fall-22\/"]}]},{"@type":"ImageObject","inLanguage":"de","@id":"https:\/\/www.allscore.de\/shop\/produkt\/die-schreiende-taenzerin-fall-22\/#primaryimage","url":"https:\/\/www.allscore.de\/shop\/wp-content\/uploads\/2020\/09\/SH22_1200x1200.jpg","contentUrl":"https:\/\/www.allscore.de\/shop\/wp-content\/uploads\/2020\/09\/SH22_1200x1200.jpg","width":1200,"height":1200,"caption":"Die schreiende T\u00e4nzerin"},{"@type":"BreadcrumbList","@id":"https:\/\/www.allscore.de\/shop\/produkt\/die-schreiende-taenzerin-fall-22\/#breadcrumb","itemListElement":[{"@type":"ListItem","position":1,"name":"Startseite","item":"https:\/\/www.allscore.de\/shop\/"},{"@type":"ListItem","position":2,"name":"Produkte","item":"https:\/\/www.allscore.de\/shop\/shop\/"},{"@type":"ListItem","position":3,"name":"Sherlock Holmes, neue F\u00e4lle 22: Die schreiende T\u00e4nzerin"}]},{"@type":"WebSite","@id":"https:\/\/www.allscore.de\/shop\/#website","url":"https:\/\/www.allscore.de\/shop\/","name":"Allscore Shop","description":"All Score Media","publisher":{"@id":"https:\/\/www.allscore.de\/shop\/#organization"},"potentialAction":[{"@type":"SearchAction","target":{"@type":"EntryPoint","urlTemplate":"https:\/\/www.allscore.de\/shop\/?s={search_term_string}"},"query-input":{"@type":"PropertyValueSpecification","valueRequired":true,"valueName":"search_term_string"}}],"inLanguage":"de"},{"@type":"Organization","@id":"https:\/\/www.allscore.de\/shop\/#organization","name":"All Score Media","alternateName":"Allscore","url":"https:\/\/www.allscore.de\/shop\/","logo":{"@type":"ImageObject","inLanguage":"de","@id":"https:\/\/www.allscore.de\/shop\/#\/schema\/logo\/image\/","url":"https:\/\/www.allscore.de\/shop\/wp-content\/uploads\/2026\/01\/Logo_Yoast_Shop_2026.png","contentUrl":"https:\/\/www.allscore.de\/shop\/wp-content\/uploads\/2026\/01\/Logo_Yoast_Shop_2026.png","width":696,"height":696,"caption":"All Score Media"},"image":{"@id":"https:\/\/www.allscore.de\/shop\/#\/schema\/logo\/image\/"}}]}},"_links":{"self":[{"href":"https:\/\/www.allscore.de\/shop\/wp-json\/wp\/v2\/product\/7802","targetHints":{"allow":["GET"]}}],"collection":[{"href":"https:\/\/www.allscore.de\/shop\/wp-json\/wp\/v2\/product"}],"about":[{"href":"https:\/\/www.allscore.de\/shop\/wp-json\/wp\/v2\/types\/product"}],"wp:featuredmedia":[{"embeddable":true,"href":"https:\/\/www.allscore.de\/shop\/wp-json\/wp\/v2\/media\/7552"}],"wp:attachment":[{"href":"https:\/\/www.allscore.de\/shop\/wp-json\/wp\/v2\/media?parent=7802"}],"wp:term":[{"taxonomy":"product_brand","embeddable":true,"href":"https:\/\/www.allscore.de\/shop\/wp-json\/wp\/v2\/product_brand?post=7802"},{"taxonomy":"product_cat","embeddable":true,"href":"https:\/\/www.allscore.de\/shop\/wp-json\/wp\/v2\/product_cat?post=7802"},{"taxonomy":"product_tag","embeddable":true,"href":"https:\/\/www.allscore.de\/shop\/wp-json\/wp\/v2\/product_tag?post=7802"}],"curies":[{"name":"wp","href":"https:\/\/api.w.org\/{rel}","templated":true}]}}