{"id":7780,"date":"2014-11-18T20:03:00","date_gmt":"2014-11-18T19:03:00","guid":{"rendered":"https:\/\/www.allscore.de\/shop\/?post_type=product&#038;p=7780"},"modified":"2026-03-24T19:22:34","modified_gmt":"2026-03-24T18:22:34","slug":"das-geheimnis-von-baskerville-hall-fall-15","status":"publish","type":"product","link":"https:\/\/www.allscore.de\/shop\/produkt\/das-geheimnis-von-baskerville-hall-fall-15\/","title":{"rendered":"Sherlock Holmes, neue F\u00e4lle 15: Das Geheimnis von Baskerville Hall"},"content":{"rendered":"<p>Sherlock Holmes, neue F\u00e4lle 15: Das Geheimnis von Baskerville Hall<\/p>\n<p>Dreizehn schwarze S\u00e4rge im Nachtzug wecken das Interesse von Sherlock Holmes. Doch noch ehe er das Geheimnis l\u00fcften kann, \u00fcberschlagen sich die Ereignisse: Der Zug wird entf\u00fchrt und von Inspector Lestrade fehlt jede Spur.<br \/>\nHolmes nimmt die F\u00e4hrte auf, die ihn in das von W\u00f6lfen heimgesuchte Moor von Devonshire f\u00fchrt. Die F\u00e4den des Falles laufen in Baskerville Hall zusammen, wo auf den Meisterdetektiv so manche gef\u00e4hrliche \u00dcberraschung wartet&#8230;<\/p>\n<p>Sherlock Holmes: Christian Rode<br \/>\nWatson \/ Erz\u00e4hler: Peter Groeger<br \/>\nInspector Lestrade: Lutz Harder<br \/>\nJonathan Holmwood: Eckart Dux<br \/>\nStanley Ferris: Santiago Ziesmer<br \/>\nBeryl Stapleton: Deborah Ziegler<br \/>\nWalter Milburn: Peter Schiff<br \/>\nu.a.<\/p>\n<p>Regie: Gerd Naumann<br \/>\nBuch und Idee: Marc Freund<br \/>\nKomponist: Stephan Eicke<br \/>\nSounddesign, Mischung &amp; Master: Tom Steinbrecher<\/p>\n<p>Spieldauer: ca. 80 Minuten<\/p>\n","protected":false},"excerpt":{"rendered":"<p>Sherlock Holmes, neue F\u00e4lle 15: Das Geheimnis von Baskerville Hall Dreizehn schwarze S\u00e4rge im Nachtzug wecken das Interesse von Sherlock Holmes. Doch noch ehe er das Geheimnis l\u00fcften kann, \u00fcberschlagen sich die Ereignisse: Der Zug wird entf\u00fchrt und von Inspector Lestrade fehlt jede Spur. Holmes nimmt die F\u00e4hrte auf, die ihn in das von W\u00f6lfen&#8230;<\/p>\n<p><a rel=\"bookmark\" class=\"vonzot-button-simple wvc-button wvc-button-size-sm\" href=\"https:\/\/www.allscore.de\/shop\/produkt\/das-geheimnis-von-baskerville-hall-fall-15\/\"><span>Read more<\/span><\/a><\/p>\n","protected":false},"featured_media":7545,"template":"","meta":[],"product_brand":[],"product_cat":[72,213],"product_tag":[],"class_list":{"0":"post-7780","1":"product","2":"type-product","3":"status-publish","4":"has-post-thumbnail","6":"product_cat-hoerspiele","7":"product_cat-sherlock-holmes-die-neuen-faelle","8":"product_shipping_class-tontraeger-cd","9":"entry","10":"clearfix","11":"entry-grid","12":"entry-columns-3","13":"entry-product-module-layout-sidebar-right","14":"thumbnail-color-tone-dark","15":"entry-product","17":"entry-product-grid","19":"first","20":"instock","21":"taxable","22":"shipping-taxable","23":"purchasable","24":"product-type-simple"},"yoast_head":"<!-- This site is optimized with the Yoast SEO plugin v27.3 - https:\/\/yoast.com\/product\/yoast-seo-wordpress\/ -->\n<title>Sherlock Holmes, neue F\u00e4lle 15: Das Geheimnis von Baskerville Hall<\/title>\n<meta name=\"description\" content=\"Sherlock Holmes, neue F\u00e4lle 15: Das Geheimnis von Baskerville Hall Dreizehn schwarze S\u00e4rge im Nachtzug wecken das Interesse von Sherlock Holmes. Doch noch\" \/>\n<meta name=\"robots\" content=\"index, follow, max-snippet:-1, max-image-preview:large, max-video-preview:-1\" \/>\n<link rel=\"canonical\" href=\"https:\/\/www.allscore.de\/shop\/produkt\/das-geheimnis-von-baskerville-hall-fall-15\/\" \/>\n<meta property=\"og:locale\" content=\"de_DE\" \/>\n<meta property=\"og:type\" content=\"article\" \/>\n<meta property=\"og:title\" content=\"Sherlock Holmes, neue F\u00e4lle 15: Das Geheimnis von Baskerville Hall\" \/>\n<meta property=\"og:description\" content=\"Sherlock Holmes, neue F\u00e4lle 15: Das Geheimnis von Baskerville Hall Dreizehn schwarze S\u00e4rge im Nachtzug wecken das Interesse von Sherlock Holmes. Doch noch\" \/>\n<meta property=\"og:url\" content=\"https:\/\/www.allscore.de\/shop\/produkt\/das-geheimnis-von-baskerville-hall-fall-15\/\" \/>\n<meta property=\"og:site_name\" content=\"Allscore Shop\" \/>\n<meta property=\"article:modified_time\" content=\"2026-03-24T18:22:34+00:00\" \/>\n<meta property=\"og:image\" content=\"https:\/\/www.allscore.de\/shop\/wp-content\/uploads\/2020\/09\/SH15_1200x1200.jpg\" \/>\n\t<meta property=\"og:image:width\" content=\"1200\" \/>\n\t<meta property=\"og:image:height\" content=\"1200\" \/>\n\t<meta property=\"og:image:type\" content=\"image\/jpeg\" \/>\n<meta name=\"twitter:card\" content=\"summary_large_image\" \/>\n<meta name=\"twitter:label1\" content=\"Gesch\u00e4tzte Lesezeit\" \/>\n\t<meta name=\"twitter:data1\" content=\"1\u00a0Minute\" \/>\n<script type=\"application\/ld+json\" class=\"yoast-schema-graph\">{\"@context\":\"https:\\\/\\\/schema.org\",\"@graph\":[{\"@type\":\"WebPage\",\"@id\":\"https:\\\/\\\/www.allscore.de\\\/shop\\\/produkt\\\/das-geheimnis-von-baskerville-hall-fall-15\\\/\",\"url\":\"https:\\\/\\\/www.allscore.de\\\/shop\\\/produkt\\\/das-geheimnis-von-baskerville-hall-fall-15\\\/\",\"name\":\"Sherlock Holmes, neue F\u00e4lle 15: Das Geheimnis von Baskerville Hall\",\"isPartOf\":{\"@id\":\"https:\\\/\\\/www.allscore.de\\\/shop\\\/#website\"},\"primaryImageOfPage\":{\"@id\":\"https:\\\/\\\/www.allscore.de\\\/shop\\\/produkt\\\/das-geheimnis-von-baskerville-hall-fall-15\\\/#primaryimage\"},\"image\":{\"@id\":\"https:\\\/\\\/www.allscore.de\\\/shop\\\/produkt\\\/das-geheimnis-von-baskerville-hall-fall-15\\\/#primaryimage\"},\"thumbnailUrl\":\"https:\\\/\\\/www.allscore.de\\\/shop\\\/wp-content\\\/uploads\\\/2020\\\/09\\\/SH15_1200x1200.jpg\",\"datePublished\":\"2014-11-18T19:03:00+00:00\",\"dateModified\":\"2026-03-24T18:22:34+00:00\",\"description\":\"Sherlock Holmes, neue F\u00e4lle 15: Das Geheimnis von Baskerville Hall Dreizehn schwarze S\u00e4rge im Nachtzug wecken das Interesse von Sherlock Holmes. Doch noch\",\"breadcrumb\":{\"@id\":\"https:\\\/\\\/www.allscore.de\\\/shop\\\/produkt\\\/das-geheimnis-von-baskerville-hall-fall-15\\\/#breadcrumb\"},\"inLanguage\":\"de\",\"potentialAction\":[{\"@type\":\"ReadAction\",\"target\":[\"https:\\\/\\\/www.allscore.de\\\/shop\\\/produkt\\\/das-geheimnis-von-baskerville-hall-fall-15\\\/\"]}]},{\"@type\":\"ImageObject\",\"inLanguage\":\"de\",\"@id\":\"https:\\\/\\\/www.allscore.de\\\/shop\\\/produkt\\\/das-geheimnis-von-baskerville-hall-fall-15\\\/#primaryimage\",\"url\":\"https:\\\/\\\/www.allscore.de\\\/shop\\\/wp-content\\\/uploads\\\/2020\\\/09\\\/SH15_1200x1200.jpg\",\"contentUrl\":\"https:\\\/\\\/www.allscore.de\\\/shop\\\/wp-content\\\/uploads\\\/2020\\\/09\\\/SH15_1200x1200.jpg\",\"width\":1200,\"height\":1200,\"caption\":\"Das Geheimnis von Baskerville Hall\"},{\"@type\":\"BreadcrumbList\",\"@id\":\"https:\\\/\\\/www.allscore.de\\\/shop\\\/produkt\\\/das-geheimnis-von-baskerville-hall-fall-15\\\/#breadcrumb\",\"itemListElement\":[{\"@type\":\"ListItem\",\"position\":1,\"name\":\"Startseite\",\"item\":\"https:\\\/\\\/www.allscore.de\\\/shop\\\/\"},{\"@type\":\"ListItem\",\"position\":2,\"name\":\"Produkte\",\"item\":\"https:\\\/\\\/www.allscore.de\\\/shop\\\/shop\\\/\"},{\"@type\":\"ListItem\",\"position\":3,\"name\":\"Sherlock Holmes, neue F\u00e4lle 15: Das Geheimnis von Baskerville Hall\"}]},{\"@type\":\"WebSite\",\"@id\":\"https:\\\/\\\/www.allscore.de\\\/shop\\\/#website\",\"url\":\"https:\\\/\\\/www.allscore.de\\\/shop\\\/\",\"name\":\"Allscore Shop\",\"description\":\"All Score Media\",\"publisher\":{\"@id\":\"https:\\\/\\\/www.allscore.de\\\/shop\\\/#organization\"},\"potentialAction\":[{\"@type\":\"SearchAction\",\"target\":{\"@type\":\"EntryPoint\",\"urlTemplate\":\"https:\\\/\\\/www.allscore.de\\\/shop\\\/?s={search_term_string}\"},\"query-input\":{\"@type\":\"PropertyValueSpecification\",\"valueRequired\":true,\"valueName\":\"search_term_string\"}}],\"inLanguage\":\"de\"},{\"@type\":\"Organization\",\"@id\":\"https:\\\/\\\/www.allscore.de\\\/shop\\\/#organization\",\"name\":\"All Score Media\",\"alternateName\":\"Allscore\",\"url\":\"https:\\\/\\\/www.allscore.de\\\/shop\\\/\",\"logo\":{\"@type\":\"ImageObject\",\"inLanguage\":\"de\",\"@id\":\"https:\\\/\\\/www.allscore.de\\\/shop\\\/#\\\/schema\\\/logo\\\/image\\\/\",\"url\":\"https:\\\/\\\/www.allscore.de\\\/shop\\\/wp-content\\\/uploads\\\/2026\\\/01\\\/Logo_Yoast_Shop_2026.png\",\"contentUrl\":\"https:\\\/\\\/www.allscore.de\\\/shop\\\/wp-content\\\/uploads\\\/2026\\\/01\\\/Logo_Yoast_Shop_2026.png\",\"width\":696,\"height\":696,\"caption\":\"All Score Media\"},\"image\":{\"@id\":\"https:\\\/\\\/www.allscore.de\\\/shop\\\/#\\\/schema\\\/logo\\\/image\\\/\"}}]}<\/script>\n<!-- \/ Yoast SEO plugin. -->","yoast_head_json":{"title":"Sherlock Holmes, neue F\u00e4lle 15: Das Geheimnis von Baskerville Hall","description":"Sherlock Holmes, neue F\u00e4lle 15: Das Geheimnis von Baskerville Hall Dreizehn schwarze S\u00e4rge im Nachtzug wecken das Interesse von Sherlock Holmes. Doch noch","robots":{"index":"index","follow":"follow","max-snippet":"max-snippet:-1","max-image-preview":"max-image-preview:large","max-video-preview":"max-video-preview:-1"},"canonical":"https:\/\/www.allscore.de\/shop\/produkt\/das-geheimnis-von-baskerville-hall-fall-15\/","og_locale":"de_DE","og_type":"article","og_title":"Sherlock Holmes, neue F\u00e4lle 15: Das Geheimnis von Baskerville Hall","og_description":"Sherlock Holmes, neue F\u00e4lle 15: Das Geheimnis von Baskerville Hall Dreizehn schwarze S\u00e4rge im Nachtzug wecken das Interesse von Sherlock Holmes. Doch noch","og_url":"https:\/\/www.allscore.de\/shop\/produkt\/das-geheimnis-von-baskerville-hall-fall-15\/","og_site_name":"Allscore Shop","article_modified_time":"2026-03-24T18:22:34+00:00","og_image":[{"width":1200,"height":1200,"url":"https:\/\/www.allscore.de\/shop\/wp-content\/uploads\/2020\/09\/SH15_1200x1200.jpg","type":"image\/jpeg"}],"twitter_card":"summary_large_image","twitter_misc":{"Gesch\u00e4tzte Lesezeit":"1\u00a0Minute"},"schema":{"@context":"https:\/\/schema.org","@graph":[{"@type":"WebPage","@id":"https:\/\/www.allscore.de\/shop\/produkt\/das-geheimnis-von-baskerville-hall-fall-15\/","url":"https:\/\/www.allscore.de\/shop\/produkt\/das-geheimnis-von-baskerville-hall-fall-15\/","name":"Sherlock Holmes, neue F\u00e4lle 15: Das Geheimnis von Baskerville Hall","isPartOf":{"@id":"https:\/\/www.allscore.de\/shop\/#website"},"primaryImageOfPage":{"@id":"https:\/\/www.allscore.de\/shop\/produkt\/das-geheimnis-von-baskerville-hall-fall-15\/#primaryimage"},"image":{"@id":"https:\/\/www.allscore.de\/shop\/produkt\/das-geheimnis-von-baskerville-hall-fall-15\/#primaryimage"},"thumbnailUrl":"https:\/\/www.allscore.de\/shop\/wp-content\/uploads\/2020\/09\/SH15_1200x1200.jpg","datePublished":"2014-11-18T19:03:00+00:00","dateModified":"2026-03-24T18:22:34+00:00","description":"Sherlock Holmes, neue F\u00e4lle 15: Das Geheimnis von Baskerville Hall Dreizehn schwarze S\u00e4rge im Nachtzug wecken das Interesse von Sherlock Holmes. Doch noch","breadcrumb":{"@id":"https:\/\/www.allscore.de\/shop\/produkt\/das-geheimnis-von-baskerville-hall-fall-15\/#breadcrumb"},"inLanguage":"de","potentialAction":[{"@type":"ReadAction","target":["https:\/\/www.allscore.de\/shop\/produkt\/das-geheimnis-von-baskerville-hall-fall-15\/"]}]},{"@type":"ImageObject","inLanguage":"de","@id":"https:\/\/www.allscore.de\/shop\/produkt\/das-geheimnis-von-baskerville-hall-fall-15\/#primaryimage","url":"https:\/\/www.allscore.de\/shop\/wp-content\/uploads\/2020\/09\/SH15_1200x1200.jpg","contentUrl":"https:\/\/www.allscore.de\/shop\/wp-content\/uploads\/2020\/09\/SH15_1200x1200.jpg","width":1200,"height":1200,"caption":"Das Geheimnis von Baskerville Hall"},{"@type":"BreadcrumbList","@id":"https:\/\/www.allscore.de\/shop\/produkt\/das-geheimnis-von-baskerville-hall-fall-15\/#breadcrumb","itemListElement":[{"@type":"ListItem","position":1,"name":"Startseite","item":"https:\/\/www.allscore.de\/shop\/"},{"@type":"ListItem","position":2,"name":"Produkte","item":"https:\/\/www.allscore.de\/shop\/shop\/"},{"@type":"ListItem","position":3,"name":"Sherlock Holmes, neue F\u00e4lle 15: Das Geheimnis von Baskerville Hall"}]},{"@type":"WebSite","@id":"https:\/\/www.allscore.de\/shop\/#website","url":"https:\/\/www.allscore.de\/shop\/","name":"Allscore Shop","description":"All Score Media","publisher":{"@id":"https:\/\/www.allscore.de\/shop\/#organization"},"potentialAction":[{"@type":"SearchAction","target":{"@type":"EntryPoint","urlTemplate":"https:\/\/www.allscore.de\/shop\/?s={search_term_string}"},"query-input":{"@type":"PropertyValueSpecification","valueRequired":true,"valueName":"search_term_string"}}],"inLanguage":"de"},{"@type":"Organization","@id":"https:\/\/www.allscore.de\/shop\/#organization","name":"All Score Media","alternateName":"Allscore","url":"https:\/\/www.allscore.de\/shop\/","logo":{"@type":"ImageObject","inLanguage":"de","@id":"https:\/\/www.allscore.de\/shop\/#\/schema\/logo\/image\/","url":"https:\/\/www.allscore.de\/shop\/wp-content\/uploads\/2026\/01\/Logo_Yoast_Shop_2026.png","contentUrl":"https:\/\/www.allscore.de\/shop\/wp-content\/uploads\/2026\/01\/Logo_Yoast_Shop_2026.png","width":696,"height":696,"caption":"All Score Media"},"image":{"@id":"https:\/\/www.allscore.de\/shop\/#\/schema\/logo\/image\/"}}]}},"_links":{"self":[{"href":"https:\/\/www.allscore.de\/shop\/wp-json\/wp\/v2\/product\/7780","targetHints":{"allow":["GET"]}}],"collection":[{"href":"https:\/\/www.allscore.de\/shop\/wp-json\/wp\/v2\/product"}],"about":[{"href":"https:\/\/www.allscore.de\/shop\/wp-json\/wp\/v2\/types\/product"}],"wp:featuredmedia":[{"embeddable":true,"href":"https:\/\/www.allscore.de\/shop\/wp-json\/wp\/v2\/media\/7545"}],"wp:attachment":[{"href":"https:\/\/www.allscore.de\/shop\/wp-json\/wp\/v2\/media?parent=7780"}],"wp:term":[{"taxonomy":"product_brand","embeddable":true,"href":"https:\/\/www.allscore.de\/shop\/wp-json\/wp\/v2\/product_brand?post=7780"},{"taxonomy":"product_cat","embeddable":true,"href":"https:\/\/www.allscore.de\/shop\/wp-json\/wp\/v2\/product_cat?post=7780"},{"taxonomy":"product_tag","embeddable":true,"href":"https:\/\/www.allscore.de\/shop\/wp-json\/wp\/v2\/product_tag?post=7780"}],"curies":[{"name":"wp","href":"https:\/\/api.w.org\/{rel}","templated":true}]}}