{"id":7777,"date":"2014-10-18T20:00:13","date_gmt":"2014-10-18T18:00:13","guid":{"rendered":"https:\/\/www.allscore.de\/shop\/?post_type=product&#038;p=7777"},"modified":"2026-03-24T19:22:20","modified_gmt":"2026-03-24T18:22:20","slug":"der-bibelfeste-moerder-fall-14","status":"publish","type":"product","link":"https:\/\/www.allscore.de\/shop\/produkt\/der-bibelfeste-moerder-fall-14\/","title":{"rendered":"Sherlock Holmes, neue F\u00e4lle 14: Der bibelfeste M\u00f6rder"},"content":{"rendered":"<p>Sherlock Holmes, neue F\u00e4lle 14: Der bibelfeste M\u00f6rder<\/p>\n<p>In den kalten Novembertagen des Jahres 1902 werden in den Stra\u00dfen Londons drei Menschen ermordet. Bei den Leichen, denen die Zungen herausgeschnitten wurden, findet die Polizei mysteri\u00f6se Bibelzitate. Auch ein enger Freund von Sherlock Holmes ist unter den Opfern, weshalb der Detektiv auf eigene Faust ermittelt. Ein n\u00e4chtlicher Besuch im Leichenschauhaus liefert den entscheidenden Hinweis&#8230;<\/p>\n<p>Sherlock Holmes: Christian Rode<br \/>\nWatson \/ Erz\u00e4hler: Peter Groeger<br \/>\nReverend Albert White: Tobias Meister<br \/>\nInspector Lestrade: Lutz Harder<br \/>\nJames McNamee: Klaus-Peter Hoppe<br \/>\nPatrick Murphy: Fabian Kluckert<br \/>\nArthur Courtman: Helmut Krauss<br \/>\nu.a.<\/p>\n<p>Regie: Gerd Naumann<br \/>\nBuch und Idee: Eric Niemann<br \/>\nKomponist: Stephan Eicke<br \/>\nSounddesign, Mischung &amp; Master: Tom Steinbrecher<\/p>\n<p>Spieldauer: ca. 80 Minuten<\/p>\n","protected":false},"excerpt":{"rendered":"<p>Sherlock Holmes, neue F\u00e4lle 14: Der bibelfeste M\u00f6rder In den kalten Novembertagen des Jahres 1902 werden in den Stra\u00dfen Londons drei Menschen ermordet. Bei den Leichen, denen die Zungen herausgeschnitten wurden, findet die Polizei mysteri\u00f6se Bibelzitate. Auch ein enger Freund von Sherlock Holmes ist unter den Opfern, weshalb der Detektiv auf eigene Faust ermittelt. Ein&#8230;<\/p>\n<p><a rel=\"bookmark\" class=\"vonzot-button-simple wvc-button wvc-button-size-sm\" href=\"https:\/\/www.allscore.de\/shop\/produkt\/der-bibelfeste-moerder-fall-14\/\"><span>Read more<\/span><\/a><\/p>\n","protected":false},"featured_media":7544,"template":"","meta":[],"product_brand":[],"product_cat":[72,213],"product_tag":[],"class_list":{"0":"post-7777","1":"product","2":"type-product","3":"status-publish","4":"has-post-thumbnail","6":"product_cat-hoerspiele","7":"product_cat-sherlock-holmes-die-neuen-faelle","8":"product_shipping_class-tontraeger-cd","9":"entry","10":"clearfix","11":"entry-grid","12":"entry-columns-3","13":"entry-product-module-layout-sidebar-right","14":"thumbnail-color-tone-dark","15":"entry-product","17":"entry-product-grid","19":"first","20":"instock","21":"taxable","22":"shipping-taxable","23":"purchasable","24":"product-type-simple"},"yoast_head":"<!-- This site is optimized with the Yoast SEO plugin v27.4 - https:\/\/yoast.com\/product\/yoast-seo-wordpress\/ -->\n<title>Sherlock Holmes, neue F\u00e4lle 14: Der bibelfeste M\u00f6rder<\/title>\n<meta name=\"description\" content=\"Sherlock Holmes, neue F\u00e4lle 14: Der bibelfeste M\u00f6rder In den kalten Novembertagen des Jahres 1902 werden in den Stra\u00dfen Londons drei Menschen ermordet.\" \/>\n<meta name=\"robots\" content=\"index, follow, max-snippet:-1, max-image-preview:large, max-video-preview:-1\" \/>\n<link rel=\"canonical\" href=\"https:\/\/www.allscore.de\/shop\/produkt\/der-bibelfeste-moerder-fall-14\/\" \/>\n<meta property=\"og:locale\" content=\"de_DE\" \/>\n<meta property=\"og:type\" content=\"article\" \/>\n<meta property=\"og:title\" content=\"Sherlock Holmes, neue F\u00e4lle 14: Der bibelfeste M\u00f6rder\" \/>\n<meta property=\"og:description\" content=\"Sherlock Holmes, neue F\u00e4lle 14: Der bibelfeste M\u00f6rder In den kalten Novembertagen des Jahres 1902 werden in den Stra\u00dfen Londons drei Menschen ermordet.\" \/>\n<meta property=\"og:url\" content=\"https:\/\/www.allscore.de\/shop\/produkt\/der-bibelfeste-moerder-fall-14\/\" \/>\n<meta property=\"og:site_name\" content=\"Allscore Shop\" \/>\n<meta property=\"article:modified_time\" content=\"2026-03-24T18:22:20+00:00\" \/>\n<meta property=\"og:image\" content=\"https:\/\/www.allscore.de\/shop\/wp-content\/uploads\/2020\/09\/SH14_1200x1200.jpg\" \/>\n\t<meta property=\"og:image:width\" content=\"1200\" \/>\n\t<meta property=\"og:image:height\" content=\"1200\" \/>\n\t<meta property=\"og:image:type\" content=\"image\/jpeg\" \/>\n<meta name=\"twitter:card\" content=\"summary_large_image\" \/>\n<meta name=\"twitter:label1\" content=\"Gesch\u00e4tzte Lesezeit\" \/>\n\t<meta name=\"twitter:data1\" content=\"1\u00a0Minute\" \/>\n<script type=\"application\/ld+json\" class=\"yoast-schema-graph\">{\"@context\":\"https:\\\/\\\/schema.org\",\"@graph\":[{\"@type\":\"WebPage\",\"@id\":\"https:\\\/\\\/www.allscore.de\\\/shop\\\/produkt\\\/der-bibelfeste-moerder-fall-14\\\/\",\"url\":\"https:\\\/\\\/www.allscore.de\\\/shop\\\/produkt\\\/der-bibelfeste-moerder-fall-14\\\/\",\"name\":\"Sherlock Holmes, neue F\u00e4lle 14: Der bibelfeste M\u00f6rder\",\"isPartOf\":{\"@id\":\"https:\\\/\\\/www.allscore.de\\\/shop\\\/#website\"},\"primaryImageOfPage\":{\"@id\":\"https:\\\/\\\/www.allscore.de\\\/shop\\\/produkt\\\/der-bibelfeste-moerder-fall-14\\\/#primaryimage\"},\"image\":{\"@id\":\"https:\\\/\\\/www.allscore.de\\\/shop\\\/produkt\\\/der-bibelfeste-moerder-fall-14\\\/#primaryimage\"},\"thumbnailUrl\":\"https:\\\/\\\/www.allscore.de\\\/shop\\\/wp-content\\\/uploads\\\/2020\\\/09\\\/SH14_1200x1200.jpg\",\"datePublished\":\"2014-10-18T18:00:13+00:00\",\"dateModified\":\"2026-03-24T18:22:20+00:00\",\"description\":\"Sherlock Holmes, neue F\u00e4lle 14: Der bibelfeste M\u00f6rder In den kalten Novembertagen des Jahres 1902 werden in den Stra\u00dfen Londons drei Menschen ermordet.\",\"breadcrumb\":{\"@id\":\"https:\\\/\\\/www.allscore.de\\\/shop\\\/produkt\\\/der-bibelfeste-moerder-fall-14\\\/#breadcrumb\"},\"inLanguage\":\"de\",\"potentialAction\":[{\"@type\":\"ReadAction\",\"target\":[\"https:\\\/\\\/www.allscore.de\\\/shop\\\/produkt\\\/der-bibelfeste-moerder-fall-14\\\/\"]}]},{\"@type\":\"ImageObject\",\"inLanguage\":\"de\",\"@id\":\"https:\\\/\\\/www.allscore.de\\\/shop\\\/produkt\\\/der-bibelfeste-moerder-fall-14\\\/#primaryimage\",\"url\":\"https:\\\/\\\/www.allscore.de\\\/shop\\\/wp-content\\\/uploads\\\/2020\\\/09\\\/SH14_1200x1200.jpg\",\"contentUrl\":\"https:\\\/\\\/www.allscore.de\\\/shop\\\/wp-content\\\/uploads\\\/2020\\\/09\\\/SH14_1200x1200.jpg\",\"width\":1200,\"height\":1200,\"caption\":\"Der bibelfeste M\u00f6rder\"},{\"@type\":\"BreadcrumbList\",\"@id\":\"https:\\\/\\\/www.allscore.de\\\/shop\\\/produkt\\\/der-bibelfeste-moerder-fall-14\\\/#breadcrumb\",\"itemListElement\":[{\"@type\":\"ListItem\",\"position\":1,\"name\":\"Startseite\",\"item\":\"https:\\\/\\\/www.allscore.de\\\/shop\\\/\"},{\"@type\":\"ListItem\",\"position\":2,\"name\":\"Produkte\",\"item\":\"https:\\\/\\\/www.allscore.de\\\/shop\\\/shop\\\/\"},{\"@type\":\"ListItem\",\"position\":3,\"name\":\"Sherlock Holmes, neue F\u00e4lle 14: Der bibelfeste M\u00f6rder\"}]},{\"@type\":\"WebSite\",\"@id\":\"https:\\\/\\\/www.allscore.de\\\/shop\\\/#website\",\"url\":\"https:\\\/\\\/www.allscore.de\\\/shop\\\/\",\"name\":\"Allscore Shop\",\"description\":\"All Score Media\",\"publisher\":{\"@id\":\"https:\\\/\\\/www.allscore.de\\\/shop\\\/#organization\"},\"potentialAction\":[{\"@type\":\"SearchAction\",\"target\":{\"@type\":\"EntryPoint\",\"urlTemplate\":\"https:\\\/\\\/www.allscore.de\\\/shop\\\/?s={search_term_string}\"},\"query-input\":{\"@type\":\"PropertyValueSpecification\",\"valueRequired\":true,\"valueName\":\"search_term_string\"}}],\"inLanguage\":\"de\"},{\"@type\":\"Organization\",\"@id\":\"https:\\\/\\\/www.allscore.de\\\/shop\\\/#organization\",\"name\":\"All Score Media\",\"alternateName\":\"Allscore\",\"url\":\"https:\\\/\\\/www.allscore.de\\\/shop\\\/\",\"logo\":{\"@type\":\"ImageObject\",\"inLanguage\":\"de\",\"@id\":\"https:\\\/\\\/www.allscore.de\\\/shop\\\/#\\\/schema\\\/logo\\\/image\\\/\",\"url\":\"https:\\\/\\\/www.allscore.de\\\/shop\\\/wp-content\\\/uploads\\\/2026\\\/01\\\/Logo_Yoast_Shop_2026.png\",\"contentUrl\":\"https:\\\/\\\/www.allscore.de\\\/shop\\\/wp-content\\\/uploads\\\/2026\\\/01\\\/Logo_Yoast_Shop_2026.png\",\"width\":696,\"height\":696,\"caption\":\"All Score Media\"},\"image\":{\"@id\":\"https:\\\/\\\/www.allscore.de\\\/shop\\\/#\\\/schema\\\/logo\\\/image\\\/\"}}]}<\/script>\n<!-- \/ Yoast SEO plugin. -->","yoast_head_json":{"title":"Sherlock Holmes, neue F\u00e4lle 14: Der bibelfeste M\u00f6rder","description":"Sherlock Holmes, neue F\u00e4lle 14: Der bibelfeste M\u00f6rder In den kalten Novembertagen des Jahres 1902 werden in den Stra\u00dfen Londons drei Menschen ermordet.","robots":{"index":"index","follow":"follow","max-snippet":"max-snippet:-1","max-image-preview":"max-image-preview:large","max-video-preview":"max-video-preview:-1"},"canonical":"https:\/\/www.allscore.de\/shop\/produkt\/der-bibelfeste-moerder-fall-14\/","og_locale":"de_DE","og_type":"article","og_title":"Sherlock Holmes, neue F\u00e4lle 14: Der bibelfeste M\u00f6rder","og_description":"Sherlock Holmes, neue F\u00e4lle 14: Der bibelfeste M\u00f6rder In den kalten Novembertagen des Jahres 1902 werden in den Stra\u00dfen Londons drei Menschen ermordet.","og_url":"https:\/\/www.allscore.de\/shop\/produkt\/der-bibelfeste-moerder-fall-14\/","og_site_name":"Allscore Shop","article_modified_time":"2026-03-24T18:22:20+00:00","og_image":[{"width":1200,"height":1200,"url":"https:\/\/www.allscore.de\/shop\/wp-content\/uploads\/2020\/09\/SH14_1200x1200.jpg","type":"image\/jpeg"}],"twitter_card":"summary_large_image","twitter_misc":{"Gesch\u00e4tzte Lesezeit":"1\u00a0Minute"},"schema":{"@context":"https:\/\/schema.org","@graph":[{"@type":"WebPage","@id":"https:\/\/www.allscore.de\/shop\/produkt\/der-bibelfeste-moerder-fall-14\/","url":"https:\/\/www.allscore.de\/shop\/produkt\/der-bibelfeste-moerder-fall-14\/","name":"Sherlock Holmes, neue F\u00e4lle 14: Der bibelfeste M\u00f6rder","isPartOf":{"@id":"https:\/\/www.allscore.de\/shop\/#website"},"primaryImageOfPage":{"@id":"https:\/\/www.allscore.de\/shop\/produkt\/der-bibelfeste-moerder-fall-14\/#primaryimage"},"image":{"@id":"https:\/\/www.allscore.de\/shop\/produkt\/der-bibelfeste-moerder-fall-14\/#primaryimage"},"thumbnailUrl":"https:\/\/www.allscore.de\/shop\/wp-content\/uploads\/2020\/09\/SH14_1200x1200.jpg","datePublished":"2014-10-18T18:00:13+00:00","dateModified":"2026-03-24T18:22:20+00:00","description":"Sherlock Holmes, neue F\u00e4lle 14: Der bibelfeste M\u00f6rder In den kalten Novembertagen des Jahres 1902 werden in den Stra\u00dfen Londons drei Menschen ermordet.","breadcrumb":{"@id":"https:\/\/www.allscore.de\/shop\/produkt\/der-bibelfeste-moerder-fall-14\/#breadcrumb"},"inLanguage":"de","potentialAction":[{"@type":"ReadAction","target":["https:\/\/www.allscore.de\/shop\/produkt\/der-bibelfeste-moerder-fall-14\/"]}]},{"@type":"ImageObject","inLanguage":"de","@id":"https:\/\/www.allscore.de\/shop\/produkt\/der-bibelfeste-moerder-fall-14\/#primaryimage","url":"https:\/\/www.allscore.de\/shop\/wp-content\/uploads\/2020\/09\/SH14_1200x1200.jpg","contentUrl":"https:\/\/www.allscore.de\/shop\/wp-content\/uploads\/2020\/09\/SH14_1200x1200.jpg","width":1200,"height":1200,"caption":"Der bibelfeste M\u00f6rder"},{"@type":"BreadcrumbList","@id":"https:\/\/www.allscore.de\/shop\/produkt\/der-bibelfeste-moerder-fall-14\/#breadcrumb","itemListElement":[{"@type":"ListItem","position":1,"name":"Startseite","item":"https:\/\/www.allscore.de\/shop\/"},{"@type":"ListItem","position":2,"name":"Produkte","item":"https:\/\/www.allscore.de\/shop\/shop\/"},{"@type":"ListItem","position":3,"name":"Sherlock Holmes, neue F\u00e4lle 14: Der bibelfeste M\u00f6rder"}]},{"@type":"WebSite","@id":"https:\/\/www.allscore.de\/shop\/#website","url":"https:\/\/www.allscore.de\/shop\/","name":"Allscore Shop","description":"All Score Media","publisher":{"@id":"https:\/\/www.allscore.de\/shop\/#organization"},"potentialAction":[{"@type":"SearchAction","target":{"@type":"EntryPoint","urlTemplate":"https:\/\/www.allscore.de\/shop\/?s={search_term_string}"},"query-input":{"@type":"PropertyValueSpecification","valueRequired":true,"valueName":"search_term_string"}}],"inLanguage":"de"},{"@type":"Organization","@id":"https:\/\/www.allscore.de\/shop\/#organization","name":"All Score Media","alternateName":"Allscore","url":"https:\/\/www.allscore.de\/shop\/","logo":{"@type":"ImageObject","inLanguage":"de","@id":"https:\/\/www.allscore.de\/shop\/#\/schema\/logo\/image\/","url":"https:\/\/www.allscore.de\/shop\/wp-content\/uploads\/2026\/01\/Logo_Yoast_Shop_2026.png","contentUrl":"https:\/\/www.allscore.de\/shop\/wp-content\/uploads\/2026\/01\/Logo_Yoast_Shop_2026.png","width":696,"height":696,"caption":"All Score Media"},"image":{"@id":"https:\/\/www.allscore.de\/shop\/#\/schema\/logo\/image\/"}}]}},"_links":{"self":[{"href":"https:\/\/www.allscore.de\/shop\/wp-json\/wp\/v2\/product\/7777","targetHints":{"allow":["GET"]}}],"collection":[{"href":"https:\/\/www.allscore.de\/shop\/wp-json\/wp\/v2\/product"}],"about":[{"href":"https:\/\/www.allscore.de\/shop\/wp-json\/wp\/v2\/types\/product"}],"wp:featuredmedia":[{"embeddable":true,"href":"https:\/\/www.allscore.de\/shop\/wp-json\/wp\/v2\/media\/7544"}],"wp:attachment":[{"href":"https:\/\/www.allscore.de\/shop\/wp-json\/wp\/v2\/media?parent=7777"}],"wp:term":[{"taxonomy":"product_brand","embeddable":true,"href":"https:\/\/www.allscore.de\/shop\/wp-json\/wp\/v2\/product_brand?post=7777"},{"taxonomy":"product_cat","embeddable":true,"href":"https:\/\/www.allscore.de\/shop\/wp-json\/wp\/v2\/product_cat?post=7777"},{"taxonomy":"product_tag","embeddable":true,"href":"https:\/\/www.allscore.de\/shop\/wp-json\/wp\/v2\/product_tag?post=7777"}],"curies":[{"name":"wp","href":"https:\/\/api.w.org\/{rel}","templated":true}]}}