{"id":7494,"date":"2020-03-08T18:39:12","date_gmt":"2020-03-08T17:39:12","guid":{"rendered":"https:\/\/www.allscore.de\/shop\/?post_type=product&#038;p=7494"},"modified":"2025-06-02T13:00:57","modified_gmt":"2025-06-02T11:00:57","slug":"professor-van-dusen-zaehlt-nach","status":"publish","type":"product","link":"https:\/\/www.allscore.de\/shop\/produkt\/professor-van-dusen-zaehlt-nach\/","title":{"rendered":"Professor van Dusen z\u00e4hlt nach (21)"},"content":{"rendered":"<p>PRESSE<\/p>\n<p><a href=\"https:\/\/www.lese-und-hoercafe.de\/hoerspiele_buecher\/krimi\/professor_van_dusen_zaehlt_nach.html\" target=\"blank\" rel=\"noopener noreferrer\">Das Lese- und H\u00f6rcafe<\/a> [M\u00e4rz 2020]: &#8222;Das Buch von Marc Freund l\u00e4sst keine Langeweile aufkommen und die Produktion von Gerd Naumann ist hervorragend. Ambiente und Ger\u00e4usche sind ohne Makel. Bei der Spieldauer von 53 Minuten kommt keine Langeweile auf und es macht Spa\u00df zuzuh\u00f6ren.&#8220;<\/p>\n<p><a href=\"https:\/\/www.zauberspiegel-online.de\/index.php\/krimi-thriller-mainmenu-12\/gehrtes-mainmenu-161\/37061-einer-nach-dem-anderen-professor-van-dusen-zaehlt-nach-21\" target=\"blank\" rel=\"noopener noreferrer\">Zauberspiegel-online<\/a> [April 2020]: &#8222;Auf sehr unterhaltsamen 53 Minuten erleben wir hier also ungew\u00f6hnliche Krimispannung im New York des beginnenden 20. Jahrhundert.&#8220;<\/p>\n<p><a href=\"https:\/\/www.monstersandcritics.de\/professor-van-dusen-fall-21-professor-van-dusen-zahlt-nach-horspielkritik\/\" target=\"blank\" rel=\"noopener noreferrer\">Monsters &amp; Critics<\/a> [April 2020]: &#8222;Diese Episode sticht wieder durch den geschickten Handlungsaufbau hervor, da es in der Theorie drei T\u00e4ter gibt. Problematisch ist nur, dass diese scheinbar nacheinander sterben, so dass van Dusen seinen Geist diesmal mehr als anstrengen muss. 10 von 10 Punkten!&#8220;<\/p>\n<p><a href=\"https:\/\/www.hoerbuchjunkies.com\/Professor-van-Dusen-z.ae.hlt-nach.htm\" target=\"blank\" rel=\"noopener noreferrer\">H\u00f6rbuch-Junkies<\/a> [April 2020]: &#8222;Auch \u201eProfessor van Dusen z\u00e4hlt nach\u201c ist ohne Einschr\u00e4nkung zu empfehlen und vereint alles, das man von einem guten H\u00f6rspiel erwartet. Story, Sprecher, Produktion und Ger\u00e4uschkulisse sind passend und bescheren eine vergn\u00fcgliche H\u00f6rspielstunde. Volle Punktzahl.&#8220;<\/p>\n<p><a href=\"https:\/\/www.poldis-hoerspielseite.de\/z3467.htm\" target=\"blank\" rel=\"noopener noreferrer\">Poldis H\u00f6rspielseite<\/a> [April 2019]: &#8222;Professor van Dusen z\u00e4hlt nach ist ein trickreicher Fall, der im Laufe der Handlung immer neue, teils verwirrende Details hinzuf\u00fcgt. Das sorgt daf\u00fcr, dass der H\u00f6rer bald nicht mehr wei\u00df, wem er trauen soll, bis die Aufl\u00f6sung nicht nur spannend und unterhaltsam pr\u00e4sentiert wird, sondern auch clever erdacht wurde. Ein sehr stimmiger Fall, der die Qualit\u00e4t der Reihe unterstreicht.&#8220;<\/p>\n","protected":false},"excerpt":{"rendered":"<p>Eine eigenwillige Versicherung bereitet Professor van Dusen Kopfzerbrechen. Laut einer darin enthaltenen Klausel darf die angesparte Summe nur an den letzten \u00dcberlebenden von drei Beg\u00fcnstigten ausgezahlt werden. Pl\u00f6tzlich geschehen in deren Umfeld allerhand unerkl\u00e4rliche Unf\u00e4lle. Nur wenig sp\u00e4ter kommt es zu einem tragischen Todesfall. Professor van Dusen ist \u00fcberzeugt, dass ein kaltbl\u00fctig kalkulierter Mord vorliegt. Doch damit rei\u00dfen die dramatischen Ereignisse nicht ab. Eine Leiche verschwindet und jeder misstraut dem anderen. Professor van Dusen muss einmal mehr unter Beweis stellen, dass er den Beinamen &#8222;die Denkmaschine&#8220; nicht zu Unrecht tr\u00e4gt.<\/p>\n<p>Professor van Dusen: Bernd Vollbrecht<br \/>\nHutchinson Hatch: Nicolai Tegeler<br \/>\nRobert Willings: Harry K\u00fchn<br \/>\nNorman Quigley: Klaus-Peter Grap<br \/>\nLeslie Curry: Sven Brieger<br \/>\nWilma Droud: Nora Jokhosha<br \/>\nColin Ferrell: Fabian Oscar Wien<\/p>\n<p>Regie: Gerd Naumann<br \/>\nBuch: Marc Freund<br \/>\nKomponist: Christian Bluthardt<br \/>\nSounddesign, Mischung &amp; Master: Tom Steinbrecher<\/p>\n<p>Spieldauer: ca. 53 Minuten<\/p>\n","protected":false},"featured_media":7408,"template":"","meta":[],"product_brand":[],"product_cat":[72,210],"product_tag":[],"class_list":{"0":"post-7494","1":"product","2":"type-product","3":"status-publish","4":"has-post-thumbnail","6":"product_cat-hoerspiele","7":"product_cat-professor-van-dusen-neue-faelle","8":"product_shipping_class-tontraeger-cd","9":"entry","10":"clearfix","11":"entry-grid","12":"entry-columns-3","13":"entry-product-module-layout-sidebar-right","14":"thumbnail-color-tone-dark","15":"entry-product","17":"entry-product-grid","19":"first","20":"instock","21":"taxable","22":"shipping-taxable","23":"purchasable","24":"product-type-simple"},"yoast_head":"<!-- This site is optimized with the Yoast SEO plugin v27.3 - https:\/\/yoast.com\/product\/yoast-seo-wordpress\/ -->\n<title>Professor van Dusen z\u00e4hlt nach (21)<\/title>\n<meta name=\"description\" content=\"Eine eigenwillige Versicherung bereitet Professor van Dusen Kopfzerbrechen. Laut einer darin enthaltenen Klausel darf die angesparte Summe nur an den letzten \u00dcberlebenden von drei Beg\u00fcnstigten ausgezahlt werden. Pl\u00f6tzlich geschehen in deren Umfeld allerhand unerkl\u00e4rliche Unf\u00e4lle. Nur wenig sp\u00e4ter kommt es zu einem tragischen Todesfall. Professor van Dusen ist \u00fcberzeugt, dass ein kaltbl\u00fctig kalkulierter Mord vorliegt. Doch damit rei\u00dfen die dramatischen Ereignisse nicht ab. Eine Leiche verschwindet und jeder misstraut dem anderen. Professor van Dusen muss einmal mehr unter Beweis stellen, dass er den Beinamen &quot;die Denkmaschine&quot; nicht zu Unrecht tr\u00e4gt.  Professor van Dusen: Bernd Vollbrecht Hutchinson Hatch: Nicolai Tegeler Robert Willings: Harry K\u00fchn Norman Quigley: Klaus-Peter Grap Leslie Curry: Sven Brieger Wilma Droud: Nora Jokhosha Colin Ferrell: Fabian Oscar Wien  Regie: Gerd Naumann Buch: Marc Freund Komponist: Christian Bluthardt Sounddesign, Mischung &amp; Master: Tom Steinbrecher  Spieldauer: ca. 53 Minuten\" \/>\n<meta name=\"robots\" content=\"index, follow, max-snippet:-1, max-image-preview:large, max-video-preview:-1\" \/>\n<link rel=\"canonical\" href=\"https:\/\/www.allscore.de\/shop\/produkt\/professor-van-dusen-zaehlt-nach\/\" \/>\n<meta property=\"og:locale\" content=\"de_DE\" \/>\n<meta property=\"og:type\" content=\"article\" \/>\n<meta property=\"og:title\" content=\"Professor van Dusen z\u00e4hlt nach (21)\" \/>\n<meta property=\"og:description\" content=\"Eine eigenwillige Versicherung bereitet Professor van Dusen Kopfzerbrechen. Laut einer darin enthaltenen Klausel darf die angesparte Summe nur an den letzten \u00dcberlebenden von drei Beg\u00fcnstigten ausgezahlt werden. Pl\u00f6tzlich geschehen in deren Umfeld allerhand unerkl\u00e4rliche Unf\u00e4lle. Nur wenig sp\u00e4ter kommt es zu einem tragischen Todesfall. Professor van Dusen ist \u00fcberzeugt, dass ein kaltbl\u00fctig kalkulierter Mord vorliegt. Doch damit rei\u00dfen die dramatischen Ereignisse nicht ab. Eine Leiche verschwindet und jeder misstraut dem anderen. Professor van Dusen muss einmal mehr unter Beweis stellen, dass er den Beinamen &quot;die Denkmaschine&quot; nicht zu Unrecht tr\u00e4gt.  Professor van Dusen: Bernd Vollbrecht Hutchinson Hatch: Nicolai Tegeler Robert Willings: Harry K\u00fchn Norman Quigley: Klaus-Peter Grap Leslie Curry: Sven Brieger Wilma Droud: Nora Jokhosha Colin Ferrell: Fabian Oscar Wien  Regie: Gerd Naumann Buch: Marc Freund Komponist: Christian Bluthardt Sounddesign, Mischung &amp; Master: Tom Steinbrecher  Spieldauer: ca. 53 Minuten\" \/>\n<meta property=\"og:url\" content=\"https:\/\/www.allscore.de\/shop\/produkt\/professor-van-dusen-zaehlt-nach\/\" \/>\n<meta property=\"og:site_name\" content=\"Allscore Shop\" \/>\n<meta property=\"article:modified_time\" content=\"2025-06-02T11:00:57+00:00\" \/>\n<meta property=\"og:image\" content=\"https:\/\/www.allscore.de\/shop\/wp-content\/uploads\/2020\/09\/PvD21_1200x1200.jpg\" \/>\n\t<meta property=\"og:image:width\" content=\"1200\" \/>\n\t<meta property=\"og:image:height\" content=\"1200\" \/>\n\t<meta property=\"og:image:type\" content=\"image\/jpeg\" \/>\n<meta name=\"twitter:card\" content=\"summary_large_image\" \/>\n<meta name=\"twitter:label1\" content=\"Gesch\u00e4tzte Lesezeit\" \/>\n\t<meta name=\"twitter:data1\" content=\"1\u00a0Minute\" \/>\n<script type=\"application\/ld+json\" class=\"yoast-schema-graph\">{\"@context\":\"https:\\\/\\\/schema.org\",\"@graph\":[{\"@type\":\"WebPage\",\"@id\":\"https:\\\/\\\/www.allscore.de\\\/shop\\\/produkt\\\/professor-van-dusen-zaehlt-nach\\\/\",\"url\":\"https:\\\/\\\/www.allscore.de\\\/shop\\\/produkt\\\/professor-van-dusen-zaehlt-nach\\\/\",\"name\":\"Professor van Dusen z\u00e4hlt nach (21)\",\"isPartOf\":{\"@id\":\"https:\\\/\\\/www.allscore.de\\\/shop\\\/#website\"},\"primaryImageOfPage\":{\"@id\":\"https:\\\/\\\/www.allscore.de\\\/shop\\\/produkt\\\/professor-van-dusen-zaehlt-nach\\\/#primaryimage\"},\"image\":{\"@id\":\"https:\\\/\\\/www.allscore.de\\\/shop\\\/produkt\\\/professor-van-dusen-zaehlt-nach\\\/#primaryimage\"},\"thumbnailUrl\":\"https:\\\/\\\/www.allscore.de\\\/shop\\\/wp-content\\\/uploads\\\/2020\\\/09\\\/PvD21_1200x1200.jpg\",\"datePublished\":\"2020-03-08T17:39:12+00:00\",\"dateModified\":\"2025-06-02T11:00:57+00:00\",\"description\":\"Eine eigenwillige Versicherung bereitet Professor van Dusen Kopfzerbrechen. Laut einer darin enthaltenen Klausel darf die angesparte Summe nur an den letzten \u00dcberlebenden von drei Beg\u00fcnstigten ausgezahlt werden. Pl\u00f6tzlich geschehen in deren Umfeld allerhand unerkl\u00e4rliche Unf\u00e4lle. Nur wenig sp\u00e4ter kommt es zu einem tragischen Todesfall. Professor van Dusen ist \u00fcberzeugt, dass ein kaltbl\u00fctig kalkulierter Mord vorliegt. Doch damit rei\u00dfen die dramatischen Ereignisse nicht ab. Eine Leiche verschwindet und jeder misstraut dem anderen. Professor van Dusen muss einmal mehr unter Beweis stellen, dass er den Beinamen \\\"die Denkmaschine\\\" nicht zu Unrecht tr\u00e4gt. Professor van Dusen: Bernd Vollbrecht Hutchinson Hatch: Nicolai Tegeler Robert Willings: Harry K\u00fchn Norman Quigley: Klaus-Peter Grap Leslie Curry: Sven Brieger Wilma Droud: Nora Jokhosha Colin Ferrell: Fabian Oscar Wien Regie: Gerd Naumann Buch: Marc Freund Komponist: Christian Bluthardt Sounddesign, Mischung &amp; Master: Tom Steinbrecher Spieldauer: ca. 53 Minuten\",\"breadcrumb\":{\"@id\":\"https:\\\/\\\/www.allscore.de\\\/shop\\\/produkt\\\/professor-van-dusen-zaehlt-nach\\\/#breadcrumb\"},\"inLanguage\":\"de\",\"potentialAction\":[{\"@type\":\"ReadAction\",\"target\":[\"https:\\\/\\\/www.allscore.de\\\/shop\\\/produkt\\\/professor-van-dusen-zaehlt-nach\\\/\"]}]},{\"@type\":\"ImageObject\",\"inLanguage\":\"de\",\"@id\":\"https:\\\/\\\/www.allscore.de\\\/shop\\\/produkt\\\/professor-van-dusen-zaehlt-nach\\\/#primaryimage\",\"url\":\"https:\\\/\\\/www.allscore.de\\\/shop\\\/wp-content\\\/uploads\\\/2020\\\/09\\\/PvD21_1200x1200.jpg\",\"contentUrl\":\"https:\\\/\\\/www.allscore.de\\\/shop\\\/wp-content\\\/uploads\\\/2020\\\/09\\\/PvD21_1200x1200.jpg\",\"width\":1200,\"height\":1200,\"caption\":\"Professor van Dusen z\u00e4hlt nach\"},{\"@type\":\"BreadcrumbList\",\"@id\":\"https:\\\/\\\/www.allscore.de\\\/shop\\\/produkt\\\/professor-van-dusen-zaehlt-nach\\\/#breadcrumb\",\"itemListElement\":[{\"@type\":\"ListItem\",\"position\":1,\"name\":\"Startseite\",\"item\":\"https:\\\/\\\/www.allscore.de\\\/shop\\\/\"},{\"@type\":\"ListItem\",\"position\":2,\"name\":\"Produkte\",\"item\":\"https:\\\/\\\/www.allscore.de\\\/shop\\\/shop\\\/\"},{\"@type\":\"ListItem\",\"position\":3,\"name\":\"Professor van Dusen z\u00e4hlt nach (21)\"}]},{\"@type\":\"WebSite\",\"@id\":\"https:\\\/\\\/www.allscore.de\\\/shop\\\/#website\",\"url\":\"https:\\\/\\\/www.allscore.de\\\/shop\\\/\",\"name\":\"Allscore Shop\",\"description\":\"All Score Media\",\"publisher\":{\"@id\":\"https:\\\/\\\/www.allscore.de\\\/shop\\\/#organization\"},\"potentialAction\":[{\"@type\":\"SearchAction\",\"target\":{\"@type\":\"EntryPoint\",\"urlTemplate\":\"https:\\\/\\\/www.allscore.de\\\/shop\\\/?s={search_term_string}\"},\"query-input\":{\"@type\":\"PropertyValueSpecification\",\"valueRequired\":true,\"valueName\":\"search_term_string\"}}],\"inLanguage\":\"de\"},{\"@type\":\"Organization\",\"@id\":\"https:\\\/\\\/www.allscore.de\\\/shop\\\/#organization\",\"name\":\"All Score Media\",\"alternateName\":\"Allscore\",\"url\":\"https:\\\/\\\/www.allscore.de\\\/shop\\\/\",\"logo\":{\"@type\":\"ImageObject\",\"inLanguage\":\"de\",\"@id\":\"https:\\\/\\\/www.allscore.de\\\/shop\\\/#\\\/schema\\\/logo\\\/image\\\/\",\"url\":\"https:\\\/\\\/www.allscore.de\\\/shop\\\/wp-content\\\/uploads\\\/2026\\\/01\\\/Logo_Yoast_Shop_2026.png\",\"contentUrl\":\"https:\\\/\\\/www.allscore.de\\\/shop\\\/wp-content\\\/uploads\\\/2026\\\/01\\\/Logo_Yoast_Shop_2026.png\",\"width\":696,\"height\":696,\"caption\":\"All Score Media\"},\"image\":{\"@id\":\"https:\\\/\\\/www.allscore.de\\\/shop\\\/#\\\/schema\\\/logo\\\/image\\\/\"}}]}<\/script>\n<!-- \/ Yoast SEO plugin. -->","yoast_head_json":{"title":"Professor van Dusen z\u00e4hlt nach (21)","description":"Eine eigenwillige Versicherung bereitet Professor van Dusen Kopfzerbrechen. Laut einer darin enthaltenen Klausel darf die angesparte Summe nur an den letzten \u00dcberlebenden von drei Beg\u00fcnstigten ausgezahlt werden. Pl\u00f6tzlich geschehen in deren Umfeld allerhand unerkl\u00e4rliche Unf\u00e4lle. Nur wenig sp\u00e4ter kommt es zu einem tragischen Todesfall. Professor van Dusen ist \u00fcberzeugt, dass ein kaltbl\u00fctig kalkulierter Mord vorliegt. Doch damit rei\u00dfen die dramatischen Ereignisse nicht ab. Eine Leiche verschwindet und jeder misstraut dem anderen. Professor van Dusen muss einmal mehr unter Beweis stellen, dass er den Beinamen \"die Denkmaschine\" nicht zu Unrecht tr\u00e4gt.  Professor van Dusen: Bernd Vollbrecht Hutchinson Hatch: Nicolai Tegeler Robert Willings: Harry K\u00fchn Norman Quigley: Klaus-Peter Grap Leslie Curry: Sven Brieger Wilma Droud: Nora Jokhosha Colin Ferrell: Fabian Oscar Wien  Regie: Gerd Naumann Buch: Marc Freund Komponist: Christian Bluthardt Sounddesign, Mischung &amp; Master: Tom Steinbrecher  Spieldauer: ca. 53 Minuten","robots":{"index":"index","follow":"follow","max-snippet":"max-snippet:-1","max-image-preview":"max-image-preview:large","max-video-preview":"max-video-preview:-1"},"canonical":"https:\/\/www.allscore.de\/shop\/produkt\/professor-van-dusen-zaehlt-nach\/","og_locale":"de_DE","og_type":"article","og_title":"Professor van Dusen z\u00e4hlt nach (21)","og_description":"Eine eigenwillige Versicherung bereitet Professor van Dusen Kopfzerbrechen. Laut einer darin enthaltenen Klausel darf die angesparte Summe nur an den letzten \u00dcberlebenden von drei Beg\u00fcnstigten ausgezahlt werden. Pl\u00f6tzlich geschehen in deren Umfeld allerhand unerkl\u00e4rliche Unf\u00e4lle. Nur wenig sp\u00e4ter kommt es zu einem tragischen Todesfall. Professor van Dusen ist \u00fcberzeugt, dass ein kaltbl\u00fctig kalkulierter Mord vorliegt. Doch damit rei\u00dfen die dramatischen Ereignisse nicht ab. Eine Leiche verschwindet und jeder misstraut dem anderen. Professor van Dusen muss einmal mehr unter Beweis stellen, dass er den Beinamen \"die Denkmaschine\" nicht zu Unrecht tr\u00e4gt.  Professor van Dusen: Bernd Vollbrecht Hutchinson Hatch: Nicolai Tegeler Robert Willings: Harry K\u00fchn Norman Quigley: Klaus-Peter Grap Leslie Curry: Sven Brieger Wilma Droud: Nora Jokhosha Colin Ferrell: Fabian Oscar Wien  Regie: Gerd Naumann Buch: Marc Freund Komponist: Christian Bluthardt Sounddesign, Mischung &amp; Master: Tom Steinbrecher  Spieldauer: ca. 53 Minuten","og_url":"https:\/\/www.allscore.de\/shop\/produkt\/professor-van-dusen-zaehlt-nach\/","og_site_name":"Allscore Shop","article_modified_time":"2025-06-02T11:00:57+00:00","og_image":[{"width":1200,"height":1200,"url":"https:\/\/www.allscore.de\/shop\/wp-content\/uploads\/2020\/09\/PvD21_1200x1200.jpg","type":"image\/jpeg"}],"twitter_card":"summary_large_image","twitter_misc":{"Gesch\u00e4tzte Lesezeit":"1\u00a0Minute"},"schema":{"@context":"https:\/\/schema.org","@graph":[{"@type":"WebPage","@id":"https:\/\/www.allscore.de\/shop\/produkt\/professor-van-dusen-zaehlt-nach\/","url":"https:\/\/www.allscore.de\/shop\/produkt\/professor-van-dusen-zaehlt-nach\/","name":"Professor van Dusen z\u00e4hlt nach (21)","isPartOf":{"@id":"https:\/\/www.allscore.de\/shop\/#website"},"primaryImageOfPage":{"@id":"https:\/\/www.allscore.de\/shop\/produkt\/professor-van-dusen-zaehlt-nach\/#primaryimage"},"image":{"@id":"https:\/\/www.allscore.de\/shop\/produkt\/professor-van-dusen-zaehlt-nach\/#primaryimage"},"thumbnailUrl":"https:\/\/www.allscore.de\/shop\/wp-content\/uploads\/2020\/09\/PvD21_1200x1200.jpg","datePublished":"2020-03-08T17:39:12+00:00","dateModified":"2025-06-02T11:00:57+00:00","description":"Eine eigenwillige Versicherung bereitet Professor van Dusen Kopfzerbrechen. Laut einer darin enthaltenen Klausel darf die angesparte Summe nur an den letzten \u00dcberlebenden von drei Beg\u00fcnstigten ausgezahlt werden. Pl\u00f6tzlich geschehen in deren Umfeld allerhand unerkl\u00e4rliche Unf\u00e4lle. Nur wenig sp\u00e4ter kommt es zu einem tragischen Todesfall. Professor van Dusen ist \u00fcberzeugt, dass ein kaltbl\u00fctig kalkulierter Mord vorliegt. Doch damit rei\u00dfen die dramatischen Ereignisse nicht ab. Eine Leiche verschwindet und jeder misstraut dem anderen. Professor van Dusen muss einmal mehr unter Beweis stellen, dass er den Beinamen \"die Denkmaschine\" nicht zu Unrecht tr\u00e4gt. Professor van Dusen: Bernd Vollbrecht Hutchinson Hatch: Nicolai Tegeler Robert Willings: Harry K\u00fchn Norman Quigley: Klaus-Peter Grap Leslie Curry: Sven Brieger Wilma Droud: Nora Jokhosha Colin Ferrell: Fabian Oscar Wien Regie: Gerd Naumann Buch: Marc Freund Komponist: Christian Bluthardt Sounddesign, Mischung &amp; Master: Tom Steinbrecher Spieldauer: ca. 53 Minuten","breadcrumb":{"@id":"https:\/\/www.allscore.de\/shop\/produkt\/professor-van-dusen-zaehlt-nach\/#breadcrumb"},"inLanguage":"de","potentialAction":[{"@type":"ReadAction","target":["https:\/\/www.allscore.de\/shop\/produkt\/professor-van-dusen-zaehlt-nach\/"]}]},{"@type":"ImageObject","inLanguage":"de","@id":"https:\/\/www.allscore.de\/shop\/produkt\/professor-van-dusen-zaehlt-nach\/#primaryimage","url":"https:\/\/www.allscore.de\/shop\/wp-content\/uploads\/2020\/09\/PvD21_1200x1200.jpg","contentUrl":"https:\/\/www.allscore.de\/shop\/wp-content\/uploads\/2020\/09\/PvD21_1200x1200.jpg","width":1200,"height":1200,"caption":"Professor van Dusen z\u00e4hlt nach"},{"@type":"BreadcrumbList","@id":"https:\/\/www.allscore.de\/shop\/produkt\/professor-van-dusen-zaehlt-nach\/#breadcrumb","itemListElement":[{"@type":"ListItem","position":1,"name":"Startseite","item":"https:\/\/www.allscore.de\/shop\/"},{"@type":"ListItem","position":2,"name":"Produkte","item":"https:\/\/www.allscore.de\/shop\/shop\/"},{"@type":"ListItem","position":3,"name":"Professor van Dusen z\u00e4hlt nach (21)"}]},{"@type":"WebSite","@id":"https:\/\/www.allscore.de\/shop\/#website","url":"https:\/\/www.allscore.de\/shop\/","name":"Allscore Shop","description":"All Score Media","publisher":{"@id":"https:\/\/www.allscore.de\/shop\/#organization"},"potentialAction":[{"@type":"SearchAction","target":{"@type":"EntryPoint","urlTemplate":"https:\/\/www.allscore.de\/shop\/?s={search_term_string}"},"query-input":{"@type":"PropertyValueSpecification","valueRequired":true,"valueName":"search_term_string"}}],"inLanguage":"de"},{"@type":"Organization","@id":"https:\/\/www.allscore.de\/shop\/#organization","name":"All Score Media","alternateName":"Allscore","url":"https:\/\/www.allscore.de\/shop\/","logo":{"@type":"ImageObject","inLanguage":"de","@id":"https:\/\/www.allscore.de\/shop\/#\/schema\/logo\/image\/","url":"https:\/\/www.allscore.de\/shop\/wp-content\/uploads\/2026\/01\/Logo_Yoast_Shop_2026.png","contentUrl":"https:\/\/www.allscore.de\/shop\/wp-content\/uploads\/2026\/01\/Logo_Yoast_Shop_2026.png","width":696,"height":696,"caption":"All Score Media"},"image":{"@id":"https:\/\/www.allscore.de\/shop\/#\/schema\/logo\/image\/"}}]}},"_links":{"self":[{"href":"https:\/\/www.allscore.de\/shop\/wp-json\/wp\/v2\/product\/7494","targetHints":{"allow":["GET"]}}],"collection":[{"href":"https:\/\/www.allscore.de\/shop\/wp-json\/wp\/v2\/product"}],"about":[{"href":"https:\/\/www.allscore.de\/shop\/wp-json\/wp\/v2\/types\/product"}],"wp:featuredmedia":[{"embeddable":true,"href":"https:\/\/www.allscore.de\/shop\/wp-json\/wp\/v2\/media\/7408"}],"wp:attachment":[{"href":"https:\/\/www.allscore.de\/shop\/wp-json\/wp\/v2\/media?parent=7494"}],"wp:term":[{"taxonomy":"product_brand","embeddable":true,"href":"https:\/\/www.allscore.de\/shop\/wp-json\/wp\/v2\/product_brand?post=7494"},{"taxonomy":"product_cat","embeddable":true,"href":"https:\/\/www.allscore.de\/shop\/wp-json\/wp\/v2\/product_cat?post=7494"},{"taxonomy":"product_tag","embeddable":true,"href":"https:\/\/www.allscore.de\/shop\/wp-json\/wp\/v2\/product_tag?post=7494"}],"curies":[{"name":"wp","href":"https:\/\/api.w.org\/{rel}","templated":true}]}}