{"id":7490,"date":"2019-11-08T18:32:31","date_gmt":"2019-11-08T17:32:31","guid":{"rendered":"https:\/\/www.allscore.de\/shop\/?post_type=product&#038;p=7490"},"modified":"2024-12-27T17:01:20","modified_gmt":"2024-12-27T16:01:20","slug":"professor-van-dusens-weihnachtsgeschichte","status":"publish","type":"product","link":"https:\/\/www.allscore.de\/shop\/produkt\/professor-van-dusens-weihnachtsgeschichte\/","title":{"rendered":"Professor van Dusens Weihnachtsgeschichte (20)"},"content":{"rendered":"<p>PRESSE<\/p>\n<p><a href=\"https:\/\/www.zauberspiegel-online.de\/index.php\/krimi-thriller-mainmenu-12\/gehrtes-mainmenu-161\/36605-weihnachten-mit-van-dusen-professor-van-dusen-20\" target=\"blank\" rel=\"noopener noreferrer\">Zauberspiegel-online<\/a> [Dezember 2019]: &#8222;Sprecher, Musik und Background sind hervorragend. Die Geschichte in weiten Teilen auch sehr unterhaltsam und spannend.&#8220;<\/p>\n<p><a href=\"https:\/\/www.monstersandcritics.de\/professor-van-dusen-fall-20-professor-van-dusens-weihnachtsgeschichte-horspielkritik\/\" target=\"blank\" rel=\"noopener noreferrer\">Monsters &amp; Critics<\/a> [Dezember 2019]: &#8222;Professor van Dusens Weihnachtsgeschichte ist eine spannende Krimigeschichte mit vielen Anspielungen auf die klassische Weihnachtsgeschichte. Pers\u00f6nlich hat mir die Geschichte sehr gut gefallen, vor allem die kleinen aber feinen Unterschiede zum Original waren ausgezeichnet. Auch nach 20 Episoden freue ich mich, dank der Originalit\u00e4t der Geschichten, immer wieder auf eine neue \u201eProfessor van Dusen\u201c Episode&#8230; 10 von 10 Punkten!&#8220;<\/p>\n<p><a href=\"https:\/\/www.buchtips.net\/rez10612-die-neuen-faelle-fall-20-professor-van-dusens-weihnachtsgeschichte.htm\" target=\"blank\" rel=\"noopener noreferrer\">Buchtips.net<\/a> [Dezember 2019]: &#8222;Innerhalb einer tollen Serie ist Professor van Dusens Weihnachtsgeschichte ein absolutes Highlight, das zudem perfekt in die Jahreszeit passt. Eine Folge, die auch Serienerfinder Michael Koser restlos begeistern d\u00fcrfte, denn sie atmet in jeder Sekunde den Geist der urspr\u00fcnglichen Reihe&#8230; 10 von 10 Punkten!&#8220;<\/p>\n<p><a href=\"http:\/\/www.hoerspatz.de\/texte_rezis\/dusen_neue_20x.html\" target=\"blank\" rel=\"noopener noreferrer\">Hoerspatz.de<\/a> [Dezember 2019]: &#8222;Bei Allscore gibt es was zu feiern: f\u00fcnf Jahre und 20 Folgen neue F\u00e4lle von Professor van Dusen! Und deshalb gibt es in Folge 20 etwas ganz Besonderes zu h\u00f6ren: ein Van-Dusen-H\u00f6rspiel nach Charles Dickens&#8216; ber\u00fchmter Weihnachtsgeschichte&#8230; allerw\u00e4rmste Empfehlung!&#8220;<\/p>\n<p><a href=\"https:\/\/www.hoerbuchjunkies.com\/Professor-van-Dusens-Weihnachtsgeschichte.htm\" target=\"blank\" rel=\"noopener noreferrer\">H\u00f6rbuch-Junkies<\/a> [Januar 2020]: &#8222;Die Geschichte ist schl\u00fcssig und spannend erz\u00e4hlt und baut schnell Atmosph\u00e4re auf. Der gute Fluss, in dem die Ereignisse voran getrieben werden, l\u00e4sst keine Langeweile aufkommen, zu besch\u00e4ftigt ist der H\u00f6rer, den neuen Hinweisen zu folgen und eine eigene Theorie zu entwickeln. Der Fall ist nicht von Anfang an zu durchschauen und h\u00e4lt seine Spannung konstant&#8230; Volle Punktzahl!&#8220;<\/p>\n<p><a href=\"https:\/\/www.poldis-hoerspielseite.de\/z3386.htm\" target=\"blank\" rel=\"noopener noreferrer\">Poldis H\u00f6rspielseite<\/a> [Januar 2019]: &#8222;Die Weihnachtsgeschichte von Charles Dickens wird hier in einen ungew\u00f6hnlichen und spannenden Kriminalfall \u00fcbertragen, der mit starken und ungew\u00f6hnlichen Verlauf punktet. Die Figuren bringen eine sehr markante Note mit ein und sorgen auch f\u00fcr feinen Humor. Eine sehr gelungene Variation der bekannten Vorlage, die bestens in die Reihe passt.&#8220;<\/p>\n","protected":false},"excerpt":{"rendered":"<p>24. Dezember 1899. Ganz New York bereitet sich auf das bevorstehende Weihnachtsfest vor. Ganz New York? Nein. Professor van Dusen will von dem Trubel nichts wissen. Selbst als sein Freund und Chronist Hutchinson Hatch mit einer schier unglaublichen Geschichte daherkommt, winkt die Denkmaschine ab. Nachbar Jeremiah Jarvis hat einen Brief seines verstorbenen Teilhabers Barlow erhalten. Darin wird ihm in der Nacht zum 25. Dezember der Besuch von drei Geistern angek\u00fcndigt. Niemand scheint so recht daran zu glauben. Als der erste Geist jedoch leibhaftig auftaucht, verstummen die kritischen Stimmen abrupt. In der eiskalten Winternacht spitzen sich die Ereignisse im Hause Jarvis dramatisch zu. Professor van Dusen ist gezwungen zu handeln, wenn er ein perfide geplantes Verbrechen noch rechtzeitig verhindern will.<\/p>\n<p>Professor van Dusen: Bernd Vollbrecht<br \/>\nHutchinson Hatch: Nicolai Tegeler<br \/>\nJeremiah \u201eJJ\u201c Jarvis: Georg Tryphon<br \/>\nJohn Aitken: Bernd Egger<br \/>\nSherman Jarvis: Marco Rosenberg<br \/>\nPat LeForest: Katharina Palm<br \/>\nQuentin Culwick: Uwe Jellinek<br \/>\nFaustino: Martin Sabel<br \/>\nMann: Lutz Harder<br \/>\nFrau: Cornelia Waibel<\/p>\n<p>Regie: Gerd Naumann<br \/>\nBuch: Marc Freund<br \/>\nKomponist: Christian Bluthardt<br \/>\nSounddesign, Mischung &amp; Master: Tom Steinbrecher<\/p>\n<p>Spieldauer: ca. 63 Minuten<\/p>\n","protected":false},"featured_media":7409,"template":"","meta":[],"product_brand":[],"product_cat":[72,210],"product_tag":[],"class_list":{"0":"post-7490","1":"product","2":"type-product","3":"status-publish","4":"has-post-thumbnail","6":"product_cat-hoerspiele","7":"product_cat-professor-van-dusen-neue-faelle","8":"product_shipping_class-tontraeger-cd","9":"entry","10":"clearfix","11":"entry-grid","12":"entry-columns-3","13":"entry-product-module-layout-sidebar-right","14":"thumbnail-color-tone-dark","15":"entry-product","17":"entry-product-grid","19":"first","20":"instock","21":"taxable","22":"shipping-taxable","23":"purchasable","24":"product-type-simple"},"yoast_head":"<!-- This site is optimized with the Yoast SEO plugin v27.3 - https:\/\/yoast.com\/product\/yoast-seo-wordpress\/ -->\n<title>Professor van Dusens Weihnachtsgeschichte (20)<\/title>\n<meta name=\"description\" content=\"24. Dezember 1899. Ganz New York bereitet sich auf das bevorstehende Weihnachtsfest vor. Ganz New York? Nein. Professor van Dusen will von dem Trubel nichts wissen. Selbst als sein Freund und Chronist Hutchinson Hatch mit einer schier unglaublichen Geschichte daherkommt, winkt die Denkmaschine ab. Nachbar Jeremiah Jarvis hat einen Brief seines verstorbenen Teilhabers Barlow erhalten. Darin wird ihm in der Nacht zum 25. Dezember der Besuch von drei Geistern angek\u00fcndigt. Niemand scheint so recht daran zu glauben. Als der erste Geist jedoch leibhaftig auftaucht, verstummen die kritischen Stimmen abrupt. In der eiskalten Winternacht spitzen sich die Ereignisse im Hause Jarvis dramatisch zu. Professor van Dusen ist gezwungen zu handeln, wenn er ein perfide geplantes Verbrechen noch rechtzeitig verhindern will.  Professor van Dusen: Bernd Vollbrecht Hutchinson Hatch: Nicolai Tegeler Jeremiah \u201eJJ\u201c Jarvis: Georg Tryphon John Aitken: Bernd Egger Sherman Jarvis: Marco Rosenberg Pat LeForest: Katharina Palm Quentin Culwick: Uwe Jellinek Faustino: Martin Sabel Mann: Lutz Harder Frau: Cornelia Waibel  Regie: Gerd Naumann Buch: Marc Freund Komponist: Christian Bluthardt Sounddesign, Mischung &amp; Master: Tom Steinbrecher  Spieldauer: ca. 63 Minuten\" \/>\n<meta name=\"robots\" content=\"index, follow, max-snippet:-1, max-image-preview:large, max-video-preview:-1\" \/>\n<link rel=\"canonical\" href=\"https:\/\/www.allscore.de\/shop\/produkt\/professor-van-dusens-weihnachtsgeschichte\/\" \/>\n<meta property=\"og:locale\" content=\"de_DE\" \/>\n<meta property=\"og:type\" content=\"article\" \/>\n<meta property=\"og:title\" content=\"Professor van Dusens Weihnachtsgeschichte (20)\" \/>\n<meta property=\"og:description\" content=\"24. Dezember 1899. Ganz New York bereitet sich auf das bevorstehende Weihnachtsfest vor. Ganz New York? Nein. Professor van Dusen will von dem Trubel nichts wissen. Selbst als sein Freund und Chronist Hutchinson Hatch mit einer schier unglaublichen Geschichte daherkommt, winkt die Denkmaschine ab. Nachbar Jeremiah Jarvis hat einen Brief seines verstorbenen Teilhabers Barlow erhalten. Darin wird ihm in der Nacht zum 25. Dezember der Besuch von drei Geistern angek\u00fcndigt. Niemand scheint so recht daran zu glauben. Als der erste Geist jedoch leibhaftig auftaucht, verstummen die kritischen Stimmen abrupt. In der eiskalten Winternacht spitzen sich die Ereignisse im Hause Jarvis dramatisch zu. Professor van Dusen ist gezwungen zu handeln, wenn er ein perfide geplantes Verbrechen noch rechtzeitig verhindern will.  Professor van Dusen: Bernd Vollbrecht Hutchinson Hatch: Nicolai Tegeler Jeremiah \u201eJJ\u201c Jarvis: Georg Tryphon John Aitken: Bernd Egger Sherman Jarvis: Marco Rosenberg Pat LeForest: Katharina Palm Quentin Culwick: Uwe Jellinek Faustino: Martin Sabel Mann: Lutz Harder Frau: Cornelia Waibel  Regie: Gerd Naumann Buch: Marc Freund Komponist: Christian Bluthardt Sounddesign, Mischung &amp; Master: Tom Steinbrecher  Spieldauer: ca. 63 Minuten\" \/>\n<meta property=\"og:url\" content=\"https:\/\/www.allscore.de\/shop\/produkt\/professor-van-dusens-weihnachtsgeschichte\/\" \/>\n<meta property=\"og:site_name\" content=\"Allscore Shop\" \/>\n<meta property=\"article:modified_time\" content=\"2024-12-27T16:01:20+00:00\" \/>\n<meta property=\"og:image\" content=\"https:\/\/www.allscore.de\/shop\/wp-content\/uploads\/2020\/09\/PvD20_1200x1200.jpg\" \/>\n\t<meta property=\"og:image:width\" content=\"1200\" \/>\n\t<meta property=\"og:image:height\" content=\"1200\" \/>\n\t<meta property=\"og:image:type\" content=\"image\/jpeg\" \/>\n<meta name=\"twitter:card\" content=\"summary_large_image\" \/>\n<meta name=\"twitter:label1\" content=\"Gesch\u00e4tzte Lesezeit\" \/>\n\t<meta name=\"twitter:data1\" content=\"2\u00a0Minuten\" \/>\n<script type=\"application\/ld+json\" class=\"yoast-schema-graph\">{\"@context\":\"https:\\\/\\\/schema.org\",\"@graph\":[{\"@type\":\"WebPage\",\"@id\":\"https:\\\/\\\/www.allscore.de\\\/shop\\\/produkt\\\/professor-van-dusens-weihnachtsgeschichte\\\/\",\"url\":\"https:\\\/\\\/www.allscore.de\\\/shop\\\/produkt\\\/professor-van-dusens-weihnachtsgeschichte\\\/\",\"name\":\"Professor van Dusens Weihnachtsgeschichte (20)\",\"isPartOf\":{\"@id\":\"https:\\\/\\\/www.allscore.de\\\/shop\\\/#website\"},\"primaryImageOfPage\":{\"@id\":\"https:\\\/\\\/www.allscore.de\\\/shop\\\/produkt\\\/professor-van-dusens-weihnachtsgeschichte\\\/#primaryimage\"},\"image\":{\"@id\":\"https:\\\/\\\/www.allscore.de\\\/shop\\\/produkt\\\/professor-van-dusens-weihnachtsgeschichte\\\/#primaryimage\"},\"thumbnailUrl\":\"https:\\\/\\\/www.allscore.de\\\/shop\\\/wp-content\\\/uploads\\\/2020\\\/09\\\/PvD20_1200x1200.jpg\",\"datePublished\":\"2019-11-08T17:32:31+00:00\",\"dateModified\":\"2024-12-27T16:01:20+00:00\",\"description\":\"24. Dezember 1899. Ganz New York bereitet sich auf das bevorstehende Weihnachtsfest vor. Ganz New York? Nein. Professor van Dusen will von dem Trubel nichts wissen. Selbst als sein Freund und Chronist Hutchinson Hatch mit einer schier unglaublichen Geschichte daherkommt, winkt die Denkmaschine ab. Nachbar Jeremiah Jarvis hat einen Brief seines verstorbenen Teilhabers Barlow erhalten. Darin wird ihm in der Nacht zum 25. Dezember der Besuch von drei Geistern angek\u00fcndigt. Niemand scheint so recht daran zu glauben. Als der erste Geist jedoch leibhaftig auftaucht, verstummen die kritischen Stimmen abrupt. In der eiskalten Winternacht spitzen sich die Ereignisse im Hause Jarvis dramatisch zu. Professor van Dusen ist gezwungen zu handeln, wenn er ein perfide geplantes Verbrechen noch rechtzeitig verhindern will. Professor van Dusen: Bernd Vollbrecht Hutchinson Hatch: Nicolai Tegeler Jeremiah \u201eJJ\u201c Jarvis: Georg Tryphon John Aitken: Bernd Egger Sherman Jarvis: Marco Rosenberg Pat LeForest: Katharina Palm Quentin Culwick: Uwe Jellinek Faustino: Martin Sabel Mann: Lutz Harder Frau: Cornelia Waibel Regie: Gerd Naumann Buch: Marc Freund Komponist: Christian Bluthardt Sounddesign, Mischung &amp; Master: Tom Steinbrecher Spieldauer: ca. 63 Minuten\",\"breadcrumb\":{\"@id\":\"https:\\\/\\\/www.allscore.de\\\/shop\\\/produkt\\\/professor-van-dusens-weihnachtsgeschichte\\\/#breadcrumb\"},\"inLanguage\":\"de\",\"potentialAction\":[{\"@type\":\"ReadAction\",\"target\":[\"https:\\\/\\\/www.allscore.de\\\/shop\\\/produkt\\\/professor-van-dusens-weihnachtsgeschichte\\\/\"]}]},{\"@type\":\"ImageObject\",\"inLanguage\":\"de\",\"@id\":\"https:\\\/\\\/www.allscore.de\\\/shop\\\/produkt\\\/professor-van-dusens-weihnachtsgeschichte\\\/#primaryimage\",\"url\":\"https:\\\/\\\/www.allscore.de\\\/shop\\\/wp-content\\\/uploads\\\/2020\\\/09\\\/PvD20_1200x1200.jpg\",\"contentUrl\":\"https:\\\/\\\/www.allscore.de\\\/shop\\\/wp-content\\\/uploads\\\/2020\\\/09\\\/PvD20_1200x1200.jpg\",\"width\":1200,\"height\":1200,\"caption\":\"Professor van Dusens Weihnachtsgeschichte\"},{\"@type\":\"BreadcrumbList\",\"@id\":\"https:\\\/\\\/www.allscore.de\\\/shop\\\/produkt\\\/professor-van-dusens-weihnachtsgeschichte\\\/#breadcrumb\",\"itemListElement\":[{\"@type\":\"ListItem\",\"position\":1,\"name\":\"Startseite\",\"item\":\"https:\\\/\\\/www.allscore.de\\\/shop\\\/\"},{\"@type\":\"ListItem\",\"position\":2,\"name\":\"Produkte\",\"item\":\"https:\\\/\\\/www.allscore.de\\\/shop\\\/shop\\\/\"},{\"@type\":\"ListItem\",\"position\":3,\"name\":\"Professor van Dusens Weihnachtsgeschichte (20)\"}]},{\"@type\":\"WebSite\",\"@id\":\"https:\\\/\\\/www.allscore.de\\\/shop\\\/#website\",\"url\":\"https:\\\/\\\/www.allscore.de\\\/shop\\\/\",\"name\":\"Allscore Shop\",\"description\":\"All Score Media\",\"publisher\":{\"@id\":\"https:\\\/\\\/www.allscore.de\\\/shop\\\/#organization\"},\"potentialAction\":[{\"@type\":\"SearchAction\",\"target\":{\"@type\":\"EntryPoint\",\"urlTemplate\":\"https:\\\/\\\/www.allscore.de\\\/shop\\\/?s={search_term_string}\"},\"query-input\":{\"@type\":\"PropertyValueSpecification\",\"valueRequired\":true,\"valueName\":\"search_term_string\"}}],\"inLanguage\":\"de\"},{\"@type\":\"Organization\",\"@id\":\"https:\\\/\\\/www.allscore.de\\\/shop\\\/#organization\",\"name\":\"All Score Media\",\"alternateName\":\"Allscore\",\"url\":\"https:\\\/\\\/www.allscore.de\\\/shop\\\/\",\"logo\":{\"@type\":\"ImageObject\",\"inLanguage\":\"de\",\"@id\":\"https:\\\/\\\/www.allscore.de\\\/shop\\\/#\\\/schema\\\/logo\\\/image\\\/\",\"url\":\"https:\\\/\\\/www.allscore.de\\\/shop\\\/wp-content\\\/uploads\\\/2026\\\/01\\\/Logo_Yoast_Shop_2026.png\",\"contentUrl\":\"https:\\\/\\\/www.allscore.de\\\/shop\\\/wp-content\\\/uploads\\\/2026\\\/01\\\/Logo_Yoast_Shop_2026.png\",\"width\":696,\"height\":696,\"caption\":\"All Score Media\"},\"image\":{\"@id\":\"https:\\\/\\\/www.allscore.de\\\/shop\\\/#\\\/schema\\\/logo\\\/image\\\/\"}}]}<\/script>\n<!-- \/ Yoast SEO plugin. -->","yoast_head_json":{"title":"Professor van Dusens Weihnachtsgeschichte (20)","description":"24. Dezember 1899. Ganz New York bereitet sich auf das bevorstehende Weihnachtsfest vor. Ganz New York? Nein. Professor van Dusen will von dem Trubel nichts wissen. Selbst als sein Freund und Chronist Hutchinson Hatch mit einer schier unglaublichen Geschichte daherkommt, winkt die Denkmaschine ab. Nachbar Jeremiah Jarvis hat einen Brief seines verstorbenen Teilhabers Barlow erhalten. Darin wird ihm in der Nacht zum 25. Dezember der Besuch von drei Geistern angek\u00fcndigt. Niemand scheint so recht daran zu glauben. Als der erste Geist jedoch leibhaftig auftaucht, verstummen die kritischen Stimmen abrupt. In der eiskalten Winternacht spitzen sich die Ereignisse im Hause Jarvis dramatisch zu. Professor van Dusen ist gezwungen zu handeln, wenn er ein perfide geplantes Verbrechen noch rechtzeitig verhindern will.  Professor van Dusen: Bernd Vollbrecht Hutchinson Hatch: Nicolai Tegeler Jeremiah \u201eJJ\u201c Jarvis: Georg Tryphon John Aitken: Bernd Egger Sherman Jarvis: Marco Rosenberg Pat LeForest: Katharina Palm Quentin Culwick: Uwe Jellinek Faustino: Martin Sabel Mann: Lutz Harder Frau: Cornelia Waibel  Regie: Gerd Naumann Buch: Marc Freund Komponist: Christian Bluthardt Sounddesign, Mischung &amp; Master: Tom Steinbrecher  Spieldauer: ca. 63 Minuten","robots":{"index":"index","follow":"follow","max-snippet":"max-snippet:-1","max-image-preview":"max-image-preview:large","max-video-preview":"max-video-preview:-1"},"canonical":"https:\/\/www.allscore.de\/shop\/produkt\/professor-van-dusens-weihnachtsgeschichte\/","og_locale":"de_DE","og_type":"article","og_title":"Professor van Dusens Weihnachtsgeschichte (20)","og_description":"24. Dezember 1899. Ganz New York bereitet sich auf das bevorstehende Weihnachtsfest vor. Ganz New York? Nein. Professor van Dusen will von dem Trubel nichts wissen. Selbst als sein Freund und Chronist Hutchinson Hatch mit einer schier unglaublichen Geschichte daherkommt, winkt die Denkmaschine ab. Nachbar Jeremiah Jarvis hat einen Brief seines verstorbenen Teilhabers Barlow erhalten. Darin wird ihm in der Nacht zum 25. Dezember der Besuch von drei Geistern angek\u00fcndigt. Niemand scheint so recht daran zu glauben. Als der erste Geist jedoch leibhaftig auftaucht, verstummen die kritischen Stimmen abrupt. In der eiskalten Winternacht spitzen sich die Ereignisse im Hause Jarvis dramatisch zu. Professor van Dusen ist gezwungen zu handeln, wenn er ein perfide geplantes Verbrechen noch rechtzeitig verhindern will.  Professor van Dusen: Bernd Vollbrecht Hutchinson Hatch: Nicolai Tegeler Jeremiah \u201eJJ\u201c Jarvis: Georg Tryphon John Aitken: Bernd Egger Sherman Jarvis: Marco Rosenberg Pat LeForest: Katharina Palm Quentin Culwick: Uwe Jellinek Faustino: Martin Sabel Mann: Lutz Harder Frau: Cornelia Waibel  Regie: Gerd Naumann Buch: Marc Freund Komponist: Christian Bluthardt Sounddesign, Mischung &amp; Master: Tom Steinbrecher  Spieldauer: ca. 63 Minuten","og_url":"https:\/\/www.allscore.de\/shop\/produkt\/professor-van-dusens-weihnachtsgeschichte\/","og_site_name":"Allscore Shop","article_modified_time":"2024-12-27T16:01:20+00:00","og_image":[{"width":1200,"height":1200,"url":"https:\/\/www.allscore.de\/shop\/wp-content\/uploads\/2020\/09\/PvD20_1200x1200.jpg","type":"image\/jpeg"}],"twitter_card":"summary_large_image","twitter_misc":{"Gesch\u00e4tzte Lesezeit":"2\u00a0Minuten"},"schema":{"@context":"https:\/\/schema.org","@graph":[{"@type":"WebPage","@id":"https:\/\/www.allscore.de\/shop\/produkt\/professor-van-dusens-weihnachtsgeschichte\/","url":"https:\/\/www.allscore.de\/shop\/produkt\/professor-van-dusens-weihnachtsgeschichte\/","name":"Professor van Dusens Weihnachtsgeschichte (20)","isPartOf":{"@id":"https:\/\/www.allscore.de\/shop\/#website"},"primaryImageOfPage":{"@id":"https:\/\/www.allscore.de\/shop\/produkt\/professor-van-dusens-weihnachtsgeschichte\/#primaryimage"},"image":{"@id":"https:\/\/www.allscore.de\/shop\/produkt\/professor-van-dusens-weihnachtsgeschichte\/#primaryimage"},"thumbnailUrl":"https:\/\/www.allscore.de\/shop\/wp-content\/uploads\/2020\/09\/PvD20_1200x1200.jpg","datePublished":"2019-11-08T17:32:31+00:00","dateModified":"2024-12-27T16:01:20+00:00","description":"24. Dezember 1899. Ganz New York bereitet sich auf das bevorstehende Weihnachtsfest vor. Ganz New York? Nein. Professor van Dusen will von dem Trubel nichts wissen. Selbst als sein Freund und Chronist Hutchinson Hatch mit einer schier unglaublichen Geschichte daherkommt, winkt die Denkmaschine ab. Nachbar Jeremiah Jarvis hat einen Brief seines verstorbenen Teilhabers Barlow erhalten. Darin wird ihm in der Nacht zum 25. Dezember der Besuch von drei Geistern angek\u00fcndigt. Niemand scheint so recht daran zu glauben. Als der erste Geist jedoch leibhaftig auftaucht, verstummen die kritischen Stimmen abrupt. In der eiskalten Winternacht spitzen sich die Ereignisse im Hause Jarvis dramatisch zu. Professor van Dusen ist gezwungen zu handeln, wenn er ein perfide geplantes Verbrechen noch rechtzeitig verhindern will. Professor van Dusen: Bernd Vollbrecht Hutchinson Hatch: Nicolai Tegeler Jeremiah \u201eJJ\u201c Jarvis: Georg Tryphon John Aitken: Bernd Egger Sherman Jarvis: Marco Rosenberg Pat LeForest: Katharina Palm Quentin Culwick: Uwe Jellinek Faustino: Martin Sabel Mann: Lutz Harder Frau: Cornelia Waibel Regie: Gerd Naumann Buch: Marc Freund Komponist: Christian Bluthardt Sounddesign, Mischung &amp; Master: Tom Steinbrecher Spieldauer: ca. 63 Minuten","breadcrumb":{"@id":"https:\/\/www.allscore.de\/shop\/produkt\/professor-van-dusens-weihnachtsgeschichte\/#breadcrumb"},"inLanguage":"de","potentialAction":[{"@type":"ReadAction","target":["https:\/\/www.allscore.de\/shop\/produkt\/professor-van-dusens-weihnachtsgeschichte\/"]}]},{"@type":"ImageObject","inLanguage":"de","@id":"https:\/\/www.allscore.de\/shop\/produkt\/professor-van-dusens-weihnachtsgeschichte\/#primaryimage","url":"https:\/\/www.allscore.de\/shop\/wp-content\/uploads\/2020\/09\/PvD20_1200x1200.jpg","contentUrl":"https:\/\/www.allscore.de\/shop\/wp-content\/uploads\/2020\/09\/PvD20_1200x1200.jpg","width":1200,"height":1200,"caption":"Professor van Dusens Weihnachtsgeschichte"},{"@type":"BreadcrumbList","@id":"https:\/\/www.allscore.de\/shop\/produkt\/professor-van-dusens-weihnachtsgeschichte\/#breadcrumb","itemListElement":[{"@type":"ListItem","position":1,"name":"Startseite","item":"https:\/\/www.allscore.de\/shop\/"},{"@type":"ListItem","position":2,"name":"Produkte","item":"https:\/\/www.allscore.de\/shop\/shop\/"},{"@type":"ListItem","position":3,"name":"Professor van Dusens Weihnachtsgeschichte (20)"}]},{"@type":"WebSite","@id":"https:\/\/www.allscore.de\/shop\/#website","url":"https:\/\/www.allscore.de\/shop\/","name":"Allscore Shop","description":"All Score Media","publisher":{"@id":"https:\/\/www.allscore.de\/shop\/#organization"},"potentialAction":[{"@type":"SearchAction","target":{"@type":"EntryPoint","urlTemplate":"https:\/\/www.allscore.de\/shop\/?s={search_term_string}"},"query-input":{"@type":"PropertyValueSpecification","valueRequired":true,"valueName":"search_term_string"}}],"inLanguage":"de"},{"@type":"Organization","@id":"https:\/\/www.allscore.de\/shop\/#organization","name":"All Score Media","alternateName":"Allscore","url":"https:\/\/www.allscore.de\/shop\/","logo":{"@type":"ImageObject","inLanguage":"de","@id":"https:\/\/www.allscore.de\/shop\/#\/schema\/logo\/image\/","url":"https:\/\/www.allscore.de\/shop\/wp-content\/uploads\/2026\/01\/Logo_Yoast_Shop_2026.png","contentUrl":"https:\/\/www.allscore.de\/shop\/wp-content\/uploads\/2026\/01\/Logo_Yoast_Shop_2026.png","width":696,"height":696,"caption":"All Score Media"},"image":{"@id":"https:\/\/www.allscore.de\/shop\/#\/schema\/logo\/image\/"}}]}},"_links":{"self":[{"href":"https:\/\/www.allscore.de\/shop\/wp-json\/wp\/v2\/product\/7490","targetHints":{"allow":["GET"]}}],"collection":[{"href":"https:\/\/www.allscore.de\/shop\/wp-json\/wp\/v2\/product"}],"about":[{"href":"https:\/\/www.allscore.de\/shop\/wp-json\/wp\/v2\/types\/product"}],"wp:featuredmedia":[{"embeddable":true,"href":"https:\/\/www.allscore.de\/shop\/wp-json\/wp\/v2\/media\/7409"}],"wp:attachment":[{"href":"https:\/\/www.allscore.de\/shop\/wp-json\/wp\/v2\/media?parent=7490"}],"wp:term":[{"taxonomy":"product_brand","embeddable":true,"href":"https:\/\/www.allscore.de\/shop\/wp-json\/wp\/v2\/product_brand?post=7490"},{"taxonomy":"product_cat","embeddable":true,"href":"https:\/\/www.allscore.de\/shop\/wp-json\/wp\/v2\/product_cat?post=7490"},{"taxonomy":"product_tag","embeddable":true,"href":"https:\/\/www.allscore.de\/shop\/wp-json\/wp\/v2\/product_tag?post=7490"}],"curies":[{"name":"wp","href":"https:\/\/api.w.org\/{rel}","templated":true}]}}