{"id":7486,"date":"2019-09-08T18:29:10","date_gmt":"2019-09-08T16:29:10","guid":{"rendered":"https:\/\/www.allscore.de\/shop\/?post_type=product&#038;p=7486"},"modified":"2025-01-12T17:57:49","modified_gmt":"2025-01-12T16:57:49","slug":"professor-van-dusen-legt-einen-koeder-aus","status":"publish","type":"product","link":"https:\/\/www.allscore.de\/shop\/produkt\/professor-van-dusen-legt-einen-koeder-aus\/","title":{"rendered":"Professor van Dusen legt einen K\u00f6der aus (19)"},"content":{"rendered":"<div class=\"more\">\n<p>PRESSE<\/p>\n<p><a href=\"https:\/\/www.lese-und-hoercafe.de\/hoerspiele_buecher\/krimi\/professor_van_dusen_legt_einen_koeder_aus.html\" target=\"blank\" rel=\"noopener noreferrer\">Das Lese- und H\u00f6rcafe<\/a> [Oktober 2019]: &#8222;Die Umsetzung ist wieder einmal hervorragend, das Soundsetting gut und auch die Musik gef\u00e4llt mir. Insgesamt gesehen eine gelungene Fortsetzung der Professor van Dusen Reihe, bei der es Spa\u00df macht zuzuh\u00f6ren.&#8220;<\/p>\n<p><a href=\"https:\/\/www.zauberspiegel-online.de\/index.php\/krimi-thriller-mainmenu-12\/gehrtes-mainmenu-161\/36243-ein-zylinder-voller-hirn-professor-van-dusen-19-legt-einen-koeder-aus\" target=\"blank\" rel=\"noopener noreferrer\">Zauberspiegel-online<\/a> [Oktober 2019]: &#8222;Ein H\u00f6rspiel, welches wieder in die Annalen der H\u00f6rspielgeschichte eingehen wird.&#8220;<\/p>\n<p><a href=\"https:\/\/www.monstersandcritics.de\/professor-van-dusen-fall-19-professor-van-dusen-legt-einen-koder-aus-horspielkritik\/\" target=\"blank\" rel=\"noopener noreferrer\">Monsters &amp; Critics<\/a> [Oktober 2019]: &#8222;Das Mitr\u00e4tseln macht immer Spa\u00df, auch wenn man niemals die Informationen und Weisheit eines Professor van Dusen besitzen wird um den Fall jemals zur G\u00e4nze l\u00f6sen zu k\u00f6nnen&#8230; 10 von 10 Punkten!&#8220;<\/p>\n<p><a href=\"https:\/\/www.buchtips.net\/rez10524-die-neuen-faelle-fall-19-professor-van-dusen-legt-einen-koeder-aus.htm\" target=\"blank\" rel=\"noopener noreferrer\">Buchtips.net<\/a> [Oktober 2019]: &#8222;Jeder Fan der kleinen Denkmaschine wird von &#8222;Professor van Dusen legt einen K\u00f6der aus&#8220; begeistert sein. Das H\u00f6rspiel besitzt den Charme der alten Serie und kombiniert diese mit den St\u00e4rken der neuen Folgen. Genauso muss ein Van-Dusen-H\u00f6rspiel klingen&#8230; 10 von 10 Punkten!&#8220;<\/p>\n<p><a href=\"http:\/\/hoerspatz.de\/texte_rezis\/dusen_neue_19.html\" target=\"blank\" rel=\"noopener noreferrer\">Hoerspatz.de<\/a> [Oktober 2019]: &#8222;Ein Locked-Room-Mystery, wie es im Buche steht, wird mit dieser 19. Folge der wunderbaren Allscore-Reihe pr\u00e4sentiert&#8230; Top-Fall mit viel Lokal- und Zeitkolorit, Spannung und Humor &#8211; H\u00f6rtipp!&#8220;<\/p>\n<p><a href=\"https:\/\/www.hoerbuchjunkies.com\/Professor-van-Dusen-legt-einen-K.oe.der-aus.htm\" target=\"blank\" rel=\"noopener noreferrer\">H\u00f6rbuch-Junkies<\/a> [Oktober 2019]: &#8222;Auch \u201eProfessor van Dusen legt einen K\u00f6der aus\u201c ist ohne Einschr\u00e4nkung zu empfehlen und vereint alles, das man von einem guten H\u00f6rspiel erwartet. Story, Sprecher, Produktion und Ger\u00e4uschkulisse sind passend und bescheren eine vergn\u00fcgliche, humorvolle H\u00f6rspielstunde, die man nur mit voller Punktzahl bewerten kann.&#8220;<\/p>\n<p><a href=\"https:\/\/www.poldis-hoerspielseite.de\/z3346.htm\" target=\"blank\" rel=\"noopener noreferrer\">Poldis H\u00f6rspielseite<\/a> [Oktober 2019]: &#8222;Ein klassischer Kriminalfall mit markanten Charakteren, ausf\u00fchrlichen Recherchen und einer gelungenen Grundstimmung mit vielen humorigen Spr\u00fcchen und geschickt gesetzten Spannungspunkten.&#8220;<\/p>\n<p><a href=\"http:\/\/www.reziratte.de\/2019\/10\/09\/professor-van-dusen-19-legt-einen-koeder-aus\/\" target=\"blank\" rel=\"noopener noreferrer\">Reziratte<\/a> [Oktober 2019]: &#8222;Ein kreativer neuer Fall f\u00fcr den Professor und Hatschi Halef\u2026\u00e4h\u2026Hutchinson Hatch, bei dem ich Tr\u00e4nen gelacht und den ich deshalb gleich mehrmals geh\u00f6rt habe. Eine tolle Idee, \u00fcberraschende Ermittlungen und eine ganze Reihe skurriler Figuren machen die Geschichte zum echten H\u00f6rvergn\u00fcgen.&#8220;<\/p>\n<\/div>\n","protected":false},"excerpt":{"rendered":"<p>Das Grauen schleicht auf vier Pfoten durch das Gef\u00e4ngnis von Berlin Moabit. Nacheinander werden drei Insassen tot aufgefunden. In ihren Nacken befinden sich deutliche Bissspuren und in ihren verschlossenen Zellen wird jeweils eine tote Ratte gefunden. Der Aufschrei des Entsetzens ist gro\u00df und erreicht Professor van Dusen im Hotel Kaiserhof. Die Denkmaschine eilt zu Hilfe und wird in einen haarstr\u00e4ubenden Fall verwickelt. Wie sich schnell zeigt, kam der Hilferuf keine Sekunde zu fr\u00fch, denn ein weiterer Mord k\u00fcndigt sich bereits an. K\u00f6nnen Professor van Dusen und Hutchinson Hatch den t\u00f6dlichen Bissen ein Ende setzen?<\/p>\n<p>Professor van Dusen: Bernd Vollbrecht<br \/>\nHutchinson Hatch: Nicolai Tegeler<br \/>\nAlbert Zweck: Marko Br\u00e4utigam<br \/>\nErnst Hilgendorff: Tom Semmler<br \/>\nDr. Heinz Kaminsky: Lutz Harder<br \/>\nHenriette von Droste: Liane Rudolph<br \/>\nR\u00fcdiger Eichbaum: Heiko Akrap<br \/>\nGernot Kuhn: Amadeus Strobl<br \/>\nJakob Reinhardt: Felix W\u00fcrgler<br \/>\nHerr Hagen: Fabian Oscar Wien<br \/>\nDietrich Eberslohe: Tino Kie\u00dfling<\/p>\n<p>Regie: Gerd Naumann<br \/>\nBuch: Marc Freund<br \/>\nKomponist: Christian Bluthardt<br \/>\nSounddesign, Mischung &amp; Master: Tom Steinbrecher<\/p>\n<p>Spieldauer: ca. 69 Minuten<\/p>\n","protected":false},"featured_media":7410,"template":"","meta":[],"product_brand":[],"product_cat":[72,210],"product_tag":[],"class_list":{"0":"post-7486","1":"product","2":"type-product","3":"status-publish","4":"has-post-thumbnail","6":"product_cat-hoerspiele","7":"product_cat-professor-van-dusen-neue-faelle","8":"product_shipping_class-tontraeger-cd","9":"entry","10":"clearfix","11":"entry-grid","12":"entry-columns-3","13":"entry-product-module-layout-sidebar-right","14":"thumbnail-color-tone-dark","15":"entry-product","17":"entry-product-grid","19":"first","20":"instock","21":"taxable","22":"shipping-taxable","23":"purchasable","24":"product-type-simple"},"yoast_head":"<!-- This site is optimized with the Yoast SEO plugin v27.4 - https:\/\/yoast.com\/product\/yoast-seo-wordpress\/ -->\n<title>Professor van Dusen legt einen K\u00f6der aus (19)<\/title>\n<meta name=\"description\" content=\"Das Grauen schleicht auf vier Pfoten durch das Gef\u00e4ngnis von Berlin Moabit. Nacheinander werden drei Insassen tot aufgefunden. In ihren Nacken befinden sich deutliche Bissspuren und in ihren verschlossenen Zellen wird jeweils eine tote Ratte gefunden. Der Aufschrei des Entsetzens ist gro\u00df und erreicht Professor van Dusen im Hotel Kaiserhof. Die Denkmaschine eilt zu Hilfe und wird in einen haarstr\u00e4ubenden Fall verwickelt. Wie sich schnell zeigt, kam der Hilferuf keine Sekunde zu fr\u00fch, denn ein weiterer Mord k\u00fcndigt sich bereits an. K\u00f6nnen Professor van Dusen und Hutchinson Hatch den t\u00f6dlichen Bissen ein Ende setzen?  Professor van Dusen: Bernd Vollbrecht Hutchinson Hatch: Nicolai Tegeler Albert Zweck: Marko Br\u00e4utigam Ernst Hilgendorff: Tom Semmler Dr. Heinz Kaminsky: Lutz Harder Henriette von Droste: Liane Rudolph R\u00fcdiger Eichbaum: Heiko Akrap Gernot Kuhn: Amadeus Strobl Jakob Reinhardt: Felix W\u00fcrgler Herr Hagen: Fabian Oscar Wien Dietrich Eberslohe: Tino Kie\u00dfling  Regie: Gerd Naumann Buch: Marc Freund Komponist: Christian Bluthardt Sounddesign, Mischung &amp; Master: Tom Steinbrecher  Spieldauer: ca. 69 Minuten\" \/>\n<meta name=\"robots\" content=\"index, follow, max-snippet:-1, max-image-preview:large, max-video-preview:-1\" \/>\n<link rel=\"canonical\" href=\"https:\/\/www.allscore.de\/shop\/produkt\/professor-van-dusen-legt-einen-koeder-aus\/\" \/>\n<meta property=\"og:locale\" content=\"de_DE\" \/>\n<meta property=\"og:type\" content=\"article\" \/>\n<meta property=\"og:title\" content=\"Professor van Dusen legt einen K\u00f6der aus (19)\" \/>\n<meta property=\"og:description\" content=\"Das Grauen schleicht auf vier Pfoten durch das Gef\u00e4ngnis von Berlin Moabit. Nacheinander werden drei Insassen tot aufgefunden. In ihren Nacken befinden sich deutliche Bissspuren und in ihren verschlossenen Zellen wird jeweils eine tote Ratte gefunden. Der Aufschrei des Entsetzens ist gro\u00df und erreicht Professor van Dusen im Hotel Kaiserhof. Die Denkmaschine eilt zu Hilfe und wird in einen haarstr\u00e4ubenden Fall verwickelt. Wie sich schnell zeigt, kam der Hilferuf keine Sekunde zu fr\u00fch, denn ein weiterer Mord k\u00fcndigt sich bereits an. K\u00f6nnen Professor van Dusen und Hutchinson Hatch den t\u00f6dlichen Bissen ein Ende setzen?  Professor van Dusen: Bernd Vollbrecht Hutchinson Hatch: Nicolai Tegeler Albert Zweck: Marko Br\u00e4utigam Ernst Hilgendorff: Tom Semmler Dr. Heinz Kaminsky: Lutz Harder Henriette von Droste: Liane Rudolph R\u00fcdiger Eichbaum: Heiko Akrap Gernot Kuhn: Amadeus Strobl Jakob Reinhardt: Felix W\u00fcrgler Herr Hagen: Fabian Oscar Wien Dietrich Eberslohe: Tino Kie\u00dfling  Regie: Gerd Naumann Buch: Marc Freund Komponist: Christian Bluthardt Sounddesign, Mischung &amp; Master: Tom Steinbrecher  Spieldauer: ca. 69 Minuten\" \/>\n<meta property=\"og:url\" content=\"https:\/\/www.allscore.de\/shop\/produkt\/professor-van-dusen-legt-einen-koeder-aus\/\" \/>\n<meta property=\"og:site_name\" content=\"Allscore Shop\" \/>\n<meta property=\"article:modified_time\" content=\"2025-01-12T16:57:49+00:00\" \/>\n<meta property=\"og:image\" content=\"https:\/\/www.allscore.de\/shop\/wp-content\/uploads\/2020\/09\/PvD19_1200x1200.jpg\" \/>\n\t<meta property=\"og:image:width\" content=\"1200\" \/>\n\t<meta property=\"og:image:height\" content=\"1200\" \/>\n\t<meta property=\"og:image:type\" content=\"image\/jpeg\" \/>\n<meta name=\"twitter:card\" content=\"summary_large_image\" \/>\n<meta name=\"twitter:label1\" content=\"Gesch\u00e4tzte Lesezeit\" \/>\n\t<meta name=\"twitter:data1\" content=\"2\u00a0Minuten\" \/>\n<script type=\"application\/ld+json\" class=\"yoast-schema-graph\">{\"@context\":\"https:\\\/\\\/schema.org\",\"@graph\":[{\"@type\":\"WebPage\",\"@id\":\"https:\\\/\\\/www.allscore.de\\\/shop\\\/produkt\\\/professor-van-dusen-legt-einen-koeder-aus\\\/\",\"url\":\"https:\\\/\\\/www.allscore.de\\\/shop\\\/produkt\\\/professor-van-dusen-legt-einen-koeder-aus\\\/\",\"name\":\"Professor van Dusen legt einen K\u00f6der aus (19)\",\"isPartOf\":{\"@id\":\"https:\\\/\\\/www.allscore.de\\\/shop\\\/#website\"},\"primaryImageOfPage\":{\"@id\":\"https:\\\/\\\/www.allscore.de\\\/shop\\\/produkt\\\/professor-van-dusen-legt-einen-koeder-aus\\\/#primaryimage\"},\"image\":{\"@id\":\"https:\\\/\\\/www.allscore.de\\\/shop\\\/produkt\\\/professor-van-dusen-legt-einen-koeder-aus\\\/#primaryimage\"},\"thumbnailUrl\":\"https:\\\/\\\/www.allscore.de\\\/shop\\\/wp-content\\\/uploads\\\/2020\\\/09\\\/PvD19_1200x1200.jpg\",\"datePublished\":\"2019-09-08T16:29:10+00:00\",\"dateModified\":\"2025-01-12T16:57:49+00:00\",\"description\":\"Das Grauen schleicht auf vier Pfoten durch das Gef\u00e4ngnis von Berlin Moabit. Nacheinander werden drei Insassen tot aufgefunden. In ihren Nacken befinden sich deutliche Bissspuren und in ihren verschlossenen Zellen wird jeweils eine tote Ratte gefunden. Der Aufschrei des Entsetzens ist gro\u00df und erreicht Professor van Dusen im Hotel Kaiserhof. Die Denkmaschine eilt zu Hilfe und wird in einen haarstr\u00e4ubenden Fall verwickelt. Wie sich schnell zeigt, kam der Hilferuf keine Sekunde zu fr\u00fch, denn ein weiterer Mord k\u00fcndigt sich bereits an. K\u00f6nnen Professor van Dusen und Hutchinson Hatch den t\u00f6dlichen Bissen ein Ende setzen? Professor van Dusen: Bernd Vollbrecht Hutchinson Hatch: Nicolai Tegeler Albert Zweck: Marko Br\u00e4utigam Ernst Hilgendorff: Tom Semmler Dr. Heinz Kaminsky: Lutz Harder Henriette von Droste: Liane Rudolph R\u00fcdiger Eichbaum: Heiko Akrap Gernot Kuhn: Amadeus Strobl Jakob Reinhardt: Felix W\u00fcrgler Herr Hagen: Fabian Oscar Wien Dietrich Eberslohe: Tino Kie\u00dfling Regie: Gerd Naumann Buch: Marc Freund Komponist: Christian Bluthardt Sounddesign, Mischung &amp; Master: Tom Steinbrecher Spieldauer: ca. 69 Minuten\",\"breadcrumb\":{\"@id\":\"https:\\\/\\\/www.allscore.de\\\/shop\\\/produkt\\\/professor-van-dusen-legt-einen-koeder-aus\\\/#breadcrumb\"},\"inLanguage\":\"de\",\"potentialAction\":[{\"@type\":\"ReadAction\",\"target\":[\"https:\\\/\\\/www.allscore.de\\\/shop\\\/produkt\\\/professor-van-dusen-legt-einen-koeder-aus\\\/\"]}]},{\"@type\":\"ImageObject\",\"inLanguage\":\"de\",\"@id\":\"https:\\\/\\\/www.allscore.de\\\/shop\\\/produkt\\\/professor-van-dusen-legt-einen-koeder-aus\\\/#primaryimage\",\"url\":\"https:\\\/\\\/www.allscore.de\\\/shop\\\/wp-content\\\/uploads\\\/2020\\\/09\\\/PvD19_1200x1200.jpg\",\"contentUrl\":\"https:\\\/\\\/www.allscore.de\\\/shop\\\/wp-content\\\/uploads\\\/2020\\\/09\\\/PvD19_1200x1200.jpg\",\"width\":1200,\"height\":1200,\"caption\":\"Professor van Dusen legt einen K\u00f6der aus\"},{\"@type\":\"BreadcrumbList\",\"@id\":\"https:\\\/\\\/www.allscore.de\\\/shop\\\/produkt\\\/professor-van-dusen-legt-einen-koeder-aus\\\/#breadcrumb\",\"itemListElement\":[{\"@type\":\"ListItem\",\"position\":1,\"name\":\"Startseite\",\"item\":\"https:\\\/\\\/www.allscore.de\\\/shop\\\/\"},{\"@type\":\"ListItem\",\"position\":2,\"name\":\"Produkte\",\"item\":\"https:\\\/\\\/www.allscore.de\\\/shop\\\/shop\\\/\"},{\"@type\":\"ListItem\",\"position\":3,\"name\":\"Professor van Dusen legt einen K\u00f6der aus (19)\"}]},{\"@type\":\"WebSite\",\"@id\":\"https:\\\/\\\/www.allscore.de\\\/shop\\\/#website\",\"url\":\"https:\\\/\\\/www.allscore.de\\\/shop\\\/\",\"name\":\"Allscore Shop\",\"description\":\"All Score Media\",\"publisher\":{\"@id\":\"https:\\\/\\\/www.allscore.de\\\/shop\\\/#organization\"},\"potentialAction\":[{\"@type\":\"SearchAction\",\"target\":{\"@type\":\"EntryPoint\",\"urlTemplate\":\"https:\\\/\\\/www.allscore.de\\\/shop\\\/?s={search_term_string}\"},\"query-input\":{\"@type\":\"PropertyValueSpecification\",\"valueRequired\":true,\"valueName\":\"search_term_string\"}}],\"inLanguage\":\"de\"},{\"@type\":\"Organization\",\"@id\":\"https:\\\/\\\/www.allscore.de\\\/shop\\\/#organization\",\"name\":\"All Score Media\",\"alternateName\":\"Allscore\",\"url\":\"https:\\\/\\\/www.allscore.de\\\/shop\\\/\",\"logo\":{\"@type\":\"ImageObject\",\"inLanguage\":\"de\",\"@id\":\"https:\\\/\\\/www.allscore.de\\\/shop\\\/#\\\/schema\\\/logo\\\/image\\\/\",\"url\":\"https:\\\/\\\/www.allscore.de\\\/shop\\\/wp-content\\\/uploads\\\/2026\\\/01\\\/Logo_Yoast_Shop_2026.png\",\"contentUrl\":\"https:\\\/\\\/www.allscore.de\\\/shop\\\/wp-content\\\/uploads\\\/2026\\\/01\\\/Logo_Yoast_Shop_2026.png\",\"width\":696,\"height\":696,\"caption\":\"All Score Media\"},\"image\":{\"@id\":\"https:\\\/\\\/www.allscore.de\\\/shop\\\/#\\\/schema\\\/logo\\\/image\\\/\"}}]}<\/script>\n<!-- \/ Yoast SEO plugin. -->","yoast_head_json":{"title":"Professor van Dusen legt einen K\u00f6der aus (19)","description":"Das Grauen schleicht auf vier Pfoten durch das Gef\u00e4ngnis von Berlin Moabit. Nacheinander werden drei Insassen tot aufgefunden. In ihren Nacken befinden sich deutliche Bissspuren und in ihren verschlossenen Zellen wird jeweils eine tote Ratte gefunden. Der Aufschrei des Entsetzens ist gro\u00df und erreicht Professor van Dusen im Hotel Kaiserhof. Die Denkmaschine eilt zu Hilfe und wird in einen haarstr\u00e4ubenden Fall verwickelt. Wie sich schnell zeigt, kam der Hilferuf keine Sekunde zu fr\u00fch, denn ein weiterer Mord k\u00fcndigt sich bereits an. K\u00f6nnen Professor van Dusen und Hutchinson Hatch den t\u00f6dlichen Bissen ein Ende setzen?  Professor van Dusen: Bernd Vollbrecht Hutchinson Hatch: Nicolai Tegeler Albert Zweck: Marko Br\u00e4utigam Ernst Hilgendorff: Tom Semmler Dr. Heinz Kaminsky: Lutz Harder Henriette von Droste: Liane Rudolph R\u00fcdiger Eichbaum: Heiko Akrap Gernot Kuhn: Amadeus Strobl Jakob Reinhardt: Felix W\u00fcrgler Herr Hagen: Fabian Oscar Wien Dietrich Eberslohe: Tino Kie\u00dfling  Regie: Gerd Naumann Buch: Marc Freund Komponist: Christian Bluthardt Sounddesign, Mischung &amp; Master: Tom Steinbrecher  Spieldauer: ca. 69 Minuten","robots":{"index":"index","follow":"follow","max-snippet":"max-snippet:-1","max-image-preview":"max-image-preview:large","max-video-preview":"max-video-preview:-1"},"canonical":"https:\/\/www.allscore.de\/shop\/produkt\/professor-van-dusen-legt-einen-koeder-aus\/","og_locale":"de_DE","og_type":"article","og_title":"Professor van Dusen legt einen K\u00f6der aus (19)","og_description":"Das Grauen schleicht auf vier Pfoten durch das Gef\u00e4ngnis von Berlin Moabit. Nacheinander werden drei Insassen tot aufgefunden. In ihren Nacken befinden sich deutliche Bissspuren und in ihren verschlossenen Zellen wird jeweils eine tote Ratte gefunden. Der Aufschrei des Entsetzens ist gro\u00df und erreicht Professor van Dusen im Hotel Kaiserhof. Die Denkmaschine eilt zu Hilfe und wird in einen haarstr\u00e4ubenden Fall verwickelt. Wie sich schnell zeigt, kam der Hilferuf keine Sekunde zu fr\u00fch, denn ein weiterer Mord k\u00fcndigt sich bereits an. K\u00f6nnen Professor van Dusen und Hutchinson Hatch den t\u00f6dlichen Bissen ein Ende setzen?  Professor van Dusen: Bernd Vollbrecht Hutchinson Hatch: Nicolai Tegeler Albert Zweck: Marko Br\u00e4utigam Ernst Hilgendorff: Tom Semmler Dr. Heinz Kaminsky: Lutz Harder Henriette von Droste: Liane Rudolph R\u00fcdiger Eichbaum: Heiko Akrap Gernot Kuhn: Amadeus Strobl Jakob Reinhardt: Felix W\u00fcrgler Herr Hagen: Fabian Oscar Wien Dietrich Eberslohe: Tino Kie\u00dfling  Regie: Gerd Naumann Buch: Marc Freund Komponist: Christian Bluthardt Sounddesign, Mischung &amp; Master: Tom Steinbrecher  Spieldauer: ca. 69 Minuten","og_url":"https:\/\/www.allscore.de\/shop\/produkt\/professor-van-dusen-legt-einen-koeder-aus\/","og_site_name":"Allscore Shop","article_modified_time":"2025-01-12T16:57:49+00:00","og_image":[{"width":1200,"height":1200,"url":"https:\/\/www.allscore.de\/shop\/wp-content\/uploads\/2020\/09\/PvD19_1200x1200.jpg","type":"image\/jpeg"}],"twitter_card":"summary_large_image","twitter_misc":{"Gesch\u00e4tzte Lesezeit":"2\u00a0Minuten"},"schema":{"@context":"https:\/\/schema.org","@graph":[{"@type":"WebPage","@id":"https:\/\/www.allscore.de\/shop\/produkt\/professor-van-dusen-legt-einen-koeder-aus\/","url":"https:\/\/www.allscore.de\/shop\/produkt\/professor-van-dusen-legt-einen-koeder-aus\/","name":"Professor van Dusen legt einen K\u00f6der aus (19)","isPartOf":{"@id":"https:\/\/www.allscore.de\/shop\/#website"},"primaryImageOfPage":{"@id":"https:\/\/www.allscore.de\/shop\/produkt\/professor-van-dusen-legt-einen-koeder-aus\/#primaryimage"},"image":{"@id":"https:\/\/www.allscore.de\/shop\/produkt\/professor-van-dusen-legt-einen-koeder-aus\/#primaryimage"},"thumbnailUrl":"https:\/\/www.allscore.de\/shop\/wp-content\/uploads\/2020\/09\/PvD19_1200x1200.jpg","datePublished":"2019-09-08T16:29:10+00:00","dateModified":"2025-01-12T16:57:49+00:00","description":"Das Grauen schleicht auf vier Pfoten durch das Gef\u00e4ngnis von Berlin Moabit. Nacheinander werden drei Insassen tot aufgefunden. In ihren Nacken befinden sich deutliche Bissspuren und in ihren verschlossenen Zellen wird jeweils eine tote Ratte gefunden. Der Aufschrei des Entsetzens ist gro\u00df und erreicht Professor van Dusen im Hotel Kaiserhof. Die Denkmaschine eilt zu Hilfe und wird in einen haarstr\u00e4ubenden Fall verwickelt. Wie sich schnell zeigt, kam der Hilferuf keine Sekunde zu fr\u00fch, denn ein weiterer Mord k\u00fcndigt sich bereits an. K\u00f6nnen Professor van Dusen und Hutchinson Hatch den t\u00f6dlichen Bissen ein Ende setzen? Professor van Dusen: Bernd Vollbrecht Hutchinson Hatch: Nicolai Tegeler Albert Zweck: Marko Br\u00e4utigam Ernst Hilgendorff: Tom Semmler Dr. Heinz Kaminsky: Lutz Harder Henriette von Droste: Liane Rudolph R\u00fcdiger Eichbaum: Heiko Akrap Gernot Kuhn: Amadeus Strobl Jakob Reinhardt: Felix W\u00fcrgler Herr Hagen: Fabian Oscar Wien Dietrich Eberslohe: Tino Kie\u00dfling Regie: Gerd Naumann Buch: Marc Freund Komponist: Christian Bluthardt Sounddesign, Mischung &amp; Master: Tom Steinbrecher Spieldauer: ca. 69 Minuten","breadcrumb":{"@id":"https:\/\/www.allscore.de\/shop\/produkt\/professor-van-dusen-legt-einen-koeder-aus\/#breadcrumb"},"inLanguage":"de","potentialAction":[{"@type":"ReadAction","target":["https:\/\/www.allscore.de\/shop\/produkt\/professor-van-dusen-legt-einen-koeder-aus\/"]}]},{"@type":"ImageObject","inLanguage":"de","@id":"https:\/\/www.allscore.de\/shop\/produkt\/professor-van-dusen-legt-einen-koeder-aus\/#primaryimage","url":"https:\/\/www.allscore.de\/shop\/wp-content\/uploads\/2020\/09\/PvD19_1200x1200.jpg","contentUrl":"https:\/\/www.allscore.de\/shop\/wp-content\/uploads\/2020\/09\/PvD19_1200x1200.jpg","width":1200,"height":1200,"caption":"Professor van Dusen legt einen K\u00f6der aus"},{"@type":"BreadcrumbList","@id":"https:\/\/www.allscore.de\/shop\/produkt\/professor-van-dusen-legt-einen-koeder-aus\/#breadcrumb","itemListElement":[{"@type":"ListItem","position":1,"name":"Startseite","item":"https:\/\/www.allscore.de\/shop\/"},{"@type":"ListItem","position":2,"name":"Produkte","item":"https:\/\/www.allscore.de\/shop\/shop\/"},{"@type":"ListItem","position":3,"name":"Professor van Dusen legt einen K\u00f6der aus (19)"}]},{"@type":"WebSite","@id":"https:\/\/www.allscore.de\/shop\/#website","url":"https:\/\/www.allscore.de\/shop\/","name":"Allscore Shop","description":"All Score Media","publisher":{"@id":"https:\/\/www.allscore.de\/shop\/#organization"},"potentialAction":[{"@type":"SearchAction","target":{"@type":"EntryPoint","urlTemplate":"https:\/\/www.allscore.de\/shop\/?s={search_term_string}"},"query-input":{"@type":"PropertyValueSpecification","valueRequired":true,"valueName":"search_term_string"}}],"inLanguage":"de"},{"@type":"Organization","@id":"https:\/\/www.allscore.de\/shop\/#organization","name":"All Score Media","alternateName":"Allscore","url":"https:\/\/www.allscore.de\/shop\/","logo":{"@type":"ImageObject","inLanguage":"de","@id":"https:\/\/www.allscore.de\/shop\/#\/schema\/logo\/image\/","url":"https:\/\/www.allscore.de\/shop\/wp-content\/uploads\/2026\/01\/Logo_Yoast_Shop_2026.png","contentUrl":"https:\/\/www.allscore.de\/shop\/wp-content\/uploads\/2026\/01\/Logo_Yoast_Shop_2026.png","width":696,"height":696,"caption":"All Score Media"},"image":{"@id":"https:\/\/www.allscore.de\/shop\/#\/schema\/logo\/image\/"}}]}},"_links":{"self":[{"href":"https:\/\/www.allscore.de\/shop\/wp-json\/wp\/v2\/product\/7486","targetHints":{"allow":["GET"]}}],"collection":[{"href":"https:\/\/www.allscore.de\/shop\/wp-json\/wp\/v2\/product"}],"about":[{"href":"https:\/\/www.allscore.de\/shop\/wp-json\/wp\/v2\/types\/product"}],"wp:featuredmedia":[{"embeddable":true,"href":"https:\/\/www.allscore.de\/shop\/wp-json\/wp\/v2\/media\/7410"}],"wp:attachment":[{"href":"https:\/\/www.allscore.de\/shop\/wp-json\/wp\/v2\/media?parent=7486"}],"wp:term":[{"taxonomy":"product_brand","embeddable":true,"href":"https:\/\/www.allscore.de\/shop\/wp-json\/wp\/v2\/product_brand?post=7486"},{"taxonomy":"product_cat","embeddable":true,"href":"https:\/\/www.allscore.de\/shop\/wp-json\/wp\/v2\/product_cat?post=7486"},{"taxonomy":"product_tag","embeddable":true,"href":"https:\/\/www.allscore.de\/shop\/wp-json\/wp\/v2\/product_tag?post=7486"}],"curies":[{"name":"wp","href":"https:\/\/api.w.org\/{rel}","templated":true}]}}