{"id":7482,"date":"2019-06-08T18:24:10","date_gmt":"2019-06-08T16:24:10","guid":{"rendered":"https:\/\/www.allscore.de\/shop\/?post_type=product&#038;p=7482"},"modified":"2024-12-25T22:44:41","modified_gmt":"2024-12-25T21:44:41","slug":"professor-van-dusen-und-der-lachende-moerder","status":"publish","type":"product","link":"https:\/\/www.allscore.de\/shop\/produkt\/professor-van-dusen-und-der-lachende-moerder\/","title":{"rendered":"Professor van Dusen und der lachende M\u00f6rder (18)"},"content":{"rendered":"<div class=\"more\">\n<p>PRESSE<\/p>\n<p><a href=\"http:\/\/hoerspatz.de\/texte_rezis\/dusen_neue_18.html\" target=\"blank\" rel=\"noopener noreferrer\">Hoerspatz.de<\/a> [Juni 2019]: &#8222;In PROFESSOR VAN DUSEN UND DER LACHENDE M\u00d6RDER aus der Feder von Autor Marc Freund hat Hutchinson Hatch eine gro\u00dfe Stunde &#8211; der Professor bleibt \u00fcber lange Zeit nur die &#8222;zweite Geige&#8220;. Aber wer van Dusen kennt, wei\u00df, dass das nicht so bleibt&#8230; Kurzweiliger launiger Fall, der Riesenspa\u00df macht &#8211; w\u00e4rmste Empfehlung!&#8220;<\/p>\n<p><a href=\"https:\/\/www.hoerbuchjunkies.com\/Professor-van-Dusen-und-der-lachende-M.oe.rder.htm\" target=\"blank\" rel=\"noopener noreferrer\">H\u00f6rbuch-Junkies<\/a> [Juni 2019]: &#8222;Die Geschichte ist schl\u00fcssig und spannend erz\u00e4hlt und baut schnell Atmosph\u00e4re auf. Der gute Fluss, in dem die Ereignisse voran getrieben werden, l\u00e4sst keine Langeweile aufkommen, zu besch\u00e4ftigt ist der H\u00f6rer, den neuen Hinweisen zu folgen und eine eigene Theorie zu entwickeln. Wendungen, neue Hinweise und \u00dcberraschungen lassen dann das spannende Ende wenig vorhersehbar kommen und so gibt es ein \u00fcberraschendes Ende in Acapulco. So vereint auch diese Folge wieder alles, was einen guten Kriminalfall ausmacht. &#8220;<\/p>\n<p><a href=\"https:\/\/www.monstersandcritics.de\/professor-van-dusen-fall-18-professor-van-dusen-und-der-lachende-morder-horspielkritik\/\" target=\"blank\" rel=\"noopener noreferrer\">Monsters &amp; Critics<\/a> [Juli 2019]: &#8222;Die achtzehnte Episode der Professor van Dusen Reihe aus dem Hause All Score Media ist wieder gute Kriminalunterhaltung mit einem unglaublichen Twist. Hatch und Penny haben die ganze Episode immer unglaubliche gute Ideen, wie Costello seine Frau ermordet haben k\u00f6nnte, doch die Wahrheit liegt nat\u00fcrlich wieder ganz wo anders und nur van Dusen kennt die Wahrheit&#8230; 10 von 10 Punkten!&#8220;<\/p>\n<p><a href=\"https:\/\/www.zauberspiegel-online.de\/index.php\/krimi-thriller-mainmenu-12\/gehrtes-mainmenu-161\/35873-minder-komplexer-fall-als-cerebrale-abwechslung-professor-van-dusen-18\" target=\"blank\" rel=\"noopener noreferrer\">Zauberspiegel-online<\/a> [Juli 2019]: &#8222;Eine wirklich wundervolle Geschichte, in der man erneut das Flair von New York sp\u00fcrt.&#8220;<\/p>\n<p><a href=\"https:\/\/www.poldis-hoerspielseite.de\/z3302.htm\" target=\"blank\" rel=\"noopener noreferrer\">Poldis H\u00f6rspielseite<\/a> [Sept. 2019]: &#8222;Ein clever durchdachter Krimi, bei dem lange nicht klar ist, welches Verbrechen nun begangen wurde. Die Ermittlungen werden von Hutchinson und Penny \u00fcbernommen, was frischen Wind in die Serie bringt, ebenso wie der treffende Humor und viele kleine, gelungene Einf\u00e4lle. Eine besonders starke Episode der Serie, die neben dem lockeren Grundton auch viel Spannung bietet.&#8220;<\/p>\n<p><a href=\"http:\/\/www.reziratte.de\/2019\/08\/05\/professor-van-dusen-18-und-der-lachende-moerder\/\" target=\"blank\" rel=\"noopener noreferrer\">Reziratte<\/a> [Aug. 2019]: &#8222;Eine Story mit wenig van Dusen. Den L\u00f6wenanteil der Geschichte bestreiten Hatch und Penny, was aber ebenfalls ganz spannend und unterhaltsam ist. Vor allem, weil der Fall quasi von hinten aufgerollt wird. Das ist mal ein anderer Verlauf und sorgt f\u00fcr Abwechslung. Aber nicht verzagen, auch wenn es lange nicht so ausieht, zum Ende hin wird es doch noch ein waschechter van Dusen\u2013Fall.&#8220;<\/p>\n<p><a href=\"https:\/\/www.buchtips.net\/rez10441-die-neuen-faelle-fall-18-professor-van-dusen-und-der-lachende-moerder.htm\" target=\"blank\" rel=\"noopener noreferrer\">Buchtips.net<\/a> [Juli 2019]: &#8220; Mit der achtzehnten Folge hat Marc Freund ein kleines und feines Kriminalh\u00f6rspiel verfasst, welches sicher nicht zu den spektakul\u00e4rsten F\u00e4llen des Professor van Dusen geh\u00f6rt, das aber in bester Tradition zu den alten Michael-Koser-H\u00f6rspielen steht.&#8220;<\/p>\n<\/div>\n","protected":false},"excerpt":{"rendered":"<p>Hutchinson Hatch wird ein wichtiges Beweisst\u00fcck in einem laufenden Mordprozess zugespielt. Sofort begibt er sich damit an den Gerichtshof, wo der des Mordes angeklagte Marvin Costello allerdings freigesprochen wird. Hatch wird von diesem ausgelacht und verh\u00f6hnt. Doch damit nicht genug: Nicht einmal Professor van Dusen scheint sich f\u00fcr diesen Fall zu interessieren. Hatch und seine Freundin Penny sind fest entschlossen, den Fall aufzukl\u00e4ren und ermitteln auf eigene Faust. Schnell stellen sie fest, dass Costello und dessen neue Freundin Estelle von zahlreichen Geheimnissen umgeben sind, die f\u00fcr Hatch und Penny nur einen Schluss zulassen: Marvin Costello steht kurz davor, einen weiteren Mord zu begehen. Kann Professor van Dusen Schlimmeres verhindern?<\/p>\n<p>Professor van Dusen: Bernd Vollbrecht<br \/>\nHutchinson Hatch: Nicolai Tegeler<br \/>\nPenelope \u201ePenny\u201c De Witt: Vera Bunk<br \/>\nMarvin Costello: Stefan Gossler<br \/>\nEstelle Leclair: Rubina Nath<br \/>\nEdward Lawrence: Peter Flechtner<br \/>\nAllister Redstroke: Harry K\u00fchn<br \/>\nHerbert Wilkinson: Reinhard Kuhnert<br \/>\nMister Fonda: Lutz Harder<br \/>\nGordon Hobb: Erik Sch\u00e4ffler<\/p>\n<p>Regie: Gerd Naumann<br \/>\nBuch: Marc Freund<br \/>\nKomponist: Christian Bluthardt<br \/>\nSounddesign, Mischung &amp; Master: Tom Steinbrecher<\/p>\n<p>Spieldauer: ca. 56 Minuten<\/p>\n","protected":false},"featured_media":7411,"template":"","meta":[],"product_brand":[],"product_cat":[72,210],"product_tag":[],"class_list":{"0":"post-7482","1":"product","2":"type-product","3":"status-publish","4":"has-post-thumbnail","6":"product_cat-hoerspiele","7":"product_cat-professor-van-dusen-neue-faelle","8":"product_shipping_class-tontraeger-cd","9":"entry","10":"clearfix","11":"entry-grid","12":"entry-columns-3","13":"entry-product-module-layout-sidebar-right","14":"thumbnail-color-tone-dark","15":"entry-product","17":"entry-product-grid","19":"first","20":"instock","21":"taxable","22":"shipping-taxable","23":"purchasable","24":"product-type-simple"},"yoast_head":"<!-- This site is optimized with the Yoast SEO plugin v27.4 - https:\/\/yoast.com\/product\/yoast-seo-wordpress\/ -->\n<title>Professor van Dusen und der lachende M\u00f6rder (18)<\/title>\n<meta name=\"description\" content=\"Hutchinson Hatch wird ein wichtiges Beweisst\u00fcck in einem laufenden Mordprozess zugespielt. Sofort begibt er sich damit an den Gerichtshof, wo der des Mordes angeklagte Marvin Costello allerdings freigesprochen wird. Hatch wird von diesem ausgelacht und verh\u00f6hnt. Doch damit nicht genug: Nicht einmal Professor van Dusen scheint sich f\u00fcr diesen Fall zu interessieren. Hatch und seine Freundin Penny sind fest entschlossen, den Fall aufzukl\u00e4ren und ermitteln auf eigene Faust. Schnell stellen sie fest, dass Costello und dessen neue Freundin Estelle von zahlreichen Geheimnissen umgeben sind, die f\u00fcr Hatch und Penny nur einen Schluss zulassen: Marvin Costello steht kurz davor, einen weiteren Mord zu begehen. Kann Professor van Dusen Schlimmeres verhindern?  Professor van Dusen: Bernd Vollbrecht Hutchinson Hatch: Nicolai Tegeler Penelope \u201ePenny\u201c De Witt: Vera Bunk Marvin Costello: Stefan Gossler Estelle Leclair: Rubina Nath Edward Lawrence: Peter Flechtner Allister Redstroke: Harry K\u00fchn Herbert Wilkinson: Reinhard Kuhnert Mister Fonda: Lutz Harder Gordon Hobb: Erik Sch\u00e4ffler  Regie: Gerd Naumann Buch: Marc Freund Komponist: Christian Bluthardt Sounddesign, Mischung &amp; Master: Tom Steinbrecher  Spieldauer: ca. 56 Minuten\" \/>\n<meta name=\"robots\" content=\"index, follow, max-snippet:-1, max-image-preview:large, max-video-preview:-1\" \/>\n<link rel=\"canonical\" href=\"https:\/\/www.allscore.de\/shop\/produkt\/professor-van-dusen-und-der-lachende-moerder\/\" \/>\n<meta property=\"og:locale\" content=\"de_DE\" \/>\n<meta property=\"og:type\" content=\"article\" \/>\n<meta property=\"og:title\" content=\"Professor van Dusen und der lachende M\u00f6rder (18)\" \/>\n<meta property=\"og:description\" content=\"Hutchinson Hatch wird ein wichtiges Beweisst\u00fcck in einem laufenden Mordprozess zugespielt. Sofort begibt er sich damit an den Gerichtshof, wo der des Mordes angeklagte Marvin Costello allerdings freigesprochen wird. Hatch wird von diesem ausgelacht und verh\u00f6hnt. Doch damit nicht genug: Nicht einmal Professor van Dusen scheint sich f\u00fcr diesen Fall zu interessieren. Hatch und seine Freundin Penny sind fest entschlossen, den Fall aufzukl\u00e4ren und ermitteln auf eigene Faust. Schnell stellen sie fest, dass Costello und dessen neue Freundin Estelle von zahlreichen Geheimnissen umgeben sind, die f\u00fcr Hatch und Penny nur einen Schluss zulassen: Marvin Costello steht kurz davor, einen weiteren Mord zu begehen. Kann Professor van Dusen Schlimmeres verhindern?  Professor van Dusen: Bernd Vollbrecht Hutchinson Hatch: Nicolai Tegeler Penelope \u201ePenny\u201c De Witt: Vera Bunk Marvin Costello: Stefan Gossler Estelle Leclair: Rubina Nath Edward Lawrence: Peter Flechtner Allister Redstroke: Harry K\u00fchn Herbert Wilkinson: Reinhard Kuhnert Mister Fonda: Lutz Harder Gordon Hobb: Erik Sch\u00e4ffler  Regie: Gerd Naumann Buch: Marc Freund Komponist: Christian Bluthardt Sounddesign, Mischung &amp; Master: Tom Steinbrecher  Spieldauer: ca. 56 Minuten\" \/>\n<meta property=\"og:url\" content=\"https:\/\/www.allscore.de\/shop\/produkt\/professor-van-dusen-und-der-lachende-moerder\/\" \/>\n<meta property=\"og:site_name\" content=\"Allscore Shop\" \/>\n<meta property=\"article:modified_time\" content=\"2024-12-25T21:44:41+00:00\" \/>\n<meta property=\"og:image\" content=\"https:\/\/www.allscore.de\/shop\/wp-content\/uploads\/2020\/09\/PvD18_1200x1200.jpg\" \/>\n\t<meta property=\"og:image:width\" content=\"1200\" \/>\n\t<meta property=\"og:image:height\" content=\"1200\" \/>\n\t<meta property=\"og:image:type\" content=\"image\/jpeg\" \/>\n<meta name=\"twitter:card\" content=\"summary_large_image\" \/>\n<meta name=\"twitter:label1\" content=\"Gesch\u00e4tzte Lesezeit\" \/>\n\t<meta name=\"twitter:data1\" content=\"2\u00a0Minuten\" \/>\n<script type=\"application\/ld+json\" class=\"yoast-schema-graph\">{\"@context\":\"https:\\\/\\\/schema.org\",\"@graph\":[{\"@type\":\"WebPage\",\"@id\":\"https:\\\/\\\/www.allscore.de\\\/shop\\\/produkt\\\/professor-van-dusen-und-der-lachende-moerder\\\/\",\"url\":\"https:\\\/\\\/www.allscore.de\\\/shop\\\/produkt\\\/professor-van-dusen-und-der-lachende-moerder\\\/\",\"name\":\"Professor van Dusen und der lachende M\u00f6rder (18)\",\"isPartOf\":{\"@id\":\"https:\\\/\\\/www.allscore.de\\\/shop\\\/#website\"},\"primaryImageOfPage\":{\"@id\":\"https:\\\/\\\/www.allscore.de\\\/shop\\\/produkt\\\/professor-van-dusen-und-der-lachende-moerder\\\/#primaryimage\"},\"image\":{\"@id\":\"https:\\\/\\\/www.allscore.de\\\/shop\\\/produkt\\\/professor-van-dusen-und-der-lachende-moerder\\\/#primaryimage\"},\"thumbnailUrl\":\"https:\\\/\\\/www.allscore.de\\\/shop\\\/wp-content\\\/uploads\\\/2020\\\/09\\\/PvD18_1200x1200.jpg\",\"datePublished\":\"2019-06-08T16:24:10+00:00\",\"dateModified\":\"2024-12-25T21:44:41+00:00\",\"description\":\"Hutchinson Hatch wird ein wichtiges Beweisst\u00fcck in einem laufenden Mordprozess zugespielt. Sofort begibt er sich damit an den Gerichtshof, wo der des Mordes angeklagte Marvin Costello allerdings freigesprochen wird. Hatch wird von diesem ausgelacht und verh\u00f6hnt. Doch damit nicht genug: Nicht einmal Professor van Dusen scheint sich f\u00fcr diesen Fall zu interessieren. Hatch und seine Freundin Penny sind fest entschlossen, den Fall aufzukl\u00e4ren und ermitteln auf eigene Faust. Schnell stellen sie fest, dass Costello und dessen neue Freundin Estelle von zahlreichen Geheimnissen umgeben sind, die f\u00fcr Hatch und Penny nur einen Schluss zulassen: Marvin Costello steht kurz davor, einen weiteren Mord zu begehen. Kann Professor van Dusen Schlimmeres verhindern? Professor van Dusen: Bernd Vollbrecht Hutchinson Hatch: Nicolai Tegeler Penelope \u201ePenny\u201c De Witt: Vera Bunk Marvin Costello: Stefan Gossler Estelle Leclair: Rubina Nath Edward Lawrence: Peter Flechtner Allister Redstroke: Harry K\u00fchn Herbert Wilkinson: Reinhard Kuhnert Mister Fonda: Lutz Harder Gordon Hobb: Erik Sch\u00e4ffler Regie: Gerd Naumann Buch: Marc Freund Komponist: Christian Bluthardt Sounddesign, Mischung &amp; Master: Tom Steinbrecher Spieldauer: ca. 56 Minuten\",\"breadcrumb\":{\"@id\":\"https:\\\/\\\/www.allscore.de\\\/shop\\\/produkt\\\/professor-van-dusen-und-der-lachende-moerder\\\/#breadcrumb\"},\"inLanguage\":\"de\",\"potentialAction\":[{\"@type\":\"ReadAction\",\"target\":[\"https:\\\/\\\/www.allscore.de\\\/shop\\\/produkt\\\/professor-van-dusen-und-der-lachende-moerder\\\/\"]}]},{\"@type\":\"ImageObject\",\"inLanguage\":\"de\",\"@id\":\"https:\\\/\\\/www.allscore.de\\\/shop\\\/produkt\\\/professor-van-dusen-und-der-lachende-moerder\\\/#primaryimage\",\"url\":\"https:\\\/\\\/www.allscore.de\\\/shop\\\/wp-content\\\/uploads\\\/2020\\\/09\\\/PvD18_1200x1200.jpg\",\"contentUrl\":\"https:\\\/\\\/www.allscore.de\\\/shop\\\/wp-content\\\/uploads\\\/2020\\\/09\\\/PvD18_1200x1200.jpg\",\"width\":1200,\"height\":1200,\"caption\":\"Professor van Dusen und der lachende M\u00f6rder\"},{\"@type\":\"BreadcrumbList\",\"@id\":\"https:\\\/\\\/www.allscore.de\\\/shop\\\/produkt\\\/professor-van-dusen-und-der-lachende-moerder\\\/#breadcrumb\",\"itemListElement\":[{\"@type\":\"ListItem\",\"position\":1,\"name\":\"Startseite\",\"item\":\"https:\\\/\\\/www.allscore.de\\\/shop\\\/\"},{\"@type\":\"ListItem\",\"position\":2,\"name\":\"Produkte\",\"item\":\"https:\\\/\\\/www.allscore.de\\\/shop\\\/shop\\\/\"},{\"@type\":\"ListItem\",\"position\":3,\"name\":\"Professor van Dusen und der lachende M\u00f6rder (18)\"}]},{\"@type\":\"WebSite\",\"@id\":\"https:\\\/\\\/www.allscore.de\\\/shop\\\/#website\",\"url\":\"https:\\\/\\\/www.allscore.de\\\/shop\\\/\",\"name\":\"Allscore Shop\",\"description\":\"All Score Media\",\"publisher\":{\"@id\":\"https:\\\/\\\/www.allscore.de\\\/shop\\\/#organization\"},\"potentialAction\":[{\"@type\":\"SearchAction\",\"target\":{\"@type\":\"EntryPoint\",\"urlTemplate\":\"https:\\\/\\\/www.allscore.de\\\/shop\\\/?s={search_term_string}\"},\"query-input\":{\"@type\":\"PropertyValueSpecification\",\"valueRequired\":true,\"valueName\":\"search_term_string\"}}],\"inLanguage\":\"de\"},{\"@type\":\"Organization\",\"@id\":\"https:\\\/\\\/www.allscore.de\\\/shop\\\/#organization\",\"name\":\"All Score Media\",\"alternateName\":\"Allscore\",\"url\":\"https:\\\/\\\/www.allscore.de\\\/shop\\\/\",\"logo\":{\"@type\":\"ImageObject\",\"inLanguage\":\"de\",\"@id\":\"https:\\\/\\\/www.allscore.de\\\/shop\\\/#\\\/schema\\\/logo\\\/image\\\/\",\"url\":\"https:\\\/\\\/www.allscore.de\\\/shop\\\/wp-content\\\/uploads\\\/2026\\\/01\\\/Logo_Yoast_Shop_2026.png\",\"contentUrl\":\"https:\\\/\\\/www.allscore.de\\\/shop\\\/wp-content\\\/uploads\\\/2026\\\/01\\\/Logo_Yoast_Shop_2026.png\",\"width\":696,\"height\":696,\"caption\":\"All Score Media\"},\"image\":{\"@id\":\"https:\\\/\\\/www.allscore.de\\\/shop\\\/#\\\/schema\\\/logo\\\/image\\\/\"}}]}<\/script>\n<!-- \/ Yoast SEO plugin. -->","yoast_head_json":{"title":"Professor van Dusen und der lachende M\u00f6rder (18)","description":"Hutchinson Hatch wird ein wichtiges Beweisst\u00fcck in einem laufenden Mordprozess zugespielt. Sofort begibt er sich damit an den Gerichtshof, wo der des Mordes angeklagte Marvin Costello allerdings freigesprochen wird. Hatch wird von diesem ausgelacht und verh\u00f6hnt. Doch damit nicht genug: Nicht einmal Professor van Dusen scheint sich f\u00fcr diesen Fall zu interessieren. Hatch und seine Freundin Penny sind fest entschlossen, den Fall aufzukl\u00e4ren und ermitteln auf eigene Faust. Schnell stellen sie fest, dass Costello und dessen neue Freundin Estelle von zahlreichen Geheimnissen umgeben sind, die f\u00fcr Hatch und Penny nur einen Schluss zulassen: Marvin Costello steht kurz davor, einen weiteren Mord zu begehen. Kann Professor van Dusen Schlimmeres verhindern?  Professor van Dusen: Bernd Vollbrecht Hutchinson Hatch: Nicolai Tegeler Penelope \u201ePenny\u201c De Witt: Vera Bunk Marvin Costello: Stefan Gossler Estelle Leclair: Rubina Nath Edward Lawrence: Peter Flechtner Allister Redstroke: Harry K\u00fchn Herbert Wilkinson: Reinhard Kuhnert Mister Fonda: Lutz Harder Gordon Hobb: Erik Sch\u00e4ffler  Regie: Gerd Naumann Buch: Marc Freund Komponist: Christian Bluthardt Sounddesign, Mischung &amp; Master: Tom Steinbrecher  Spieldauer: ca. 56 Minuten","robots":{"index":"index","follow":"follow","max-snippet":"max-snippet:-1","max-image-preview":"max-image-preview:large","max-video-preview":"max-video-preview:-1"},"canonical":"https:\/\/www.allscore.de\/shop\/produkt\/professor-van-dusen-und-der-lachende-moerder\/","og_locale":"de_DE","og_type":"article","og_title":"Professor van Dusen und der lachende M\u00f6rder (18)","og_description":"Hutchinson Hatch wird ein wichtiges Beweisst\u00fcck in einem laufenden Mordprozess zugespielt. Sofort begibt er sich damit an den Gerichtshof, wo der des Mordes angeklagte Marvin Costello allerdings freigesprochen wird. Hatch wird von diesem ausgelacht und verh\u00f6hnt. Doch damit nicht genug: Nicht einmal Professor van Dusen scheint sich f\u00fcr diesen Fall zu interessieren. Hatch und seine Freundin Penny sind fest entschlossen, den Fall aufzukl\u00e4ren und ermitteln auf eigene Faust. Schnell stellen sie fest, dass Costello und dessen neue Freundin Estelle von zahlreichen Geheimnissen umgeben sind, die f\u00fcr Hatch und Penny nur einen Schluss zulassen: Marvin Costello steht kurz davor, einen weiteren Mord zu begehen. Kann Professor van Dusen Schlimmeres verhindern?  Professor van Dusen: Bernd Vollbrecht Hutchinson Hatch: Nicolai Tegeler Penelope \u201ePenny\u201c De Witt: Vera Bunk Marvin Costello: Stefan Gossler Estelle Leclair: Rubina Nath Edward Lawrence: Peter Flechtner Allister Redstroke: Harry K\u00fchn Herbert Wilkinson: Reinhard Kuhnert Mister Fonda: Lutz Harder Gordon Hobb: Erik Sch\u00e4ffler  Regie: Gerd Naumann Buch: Marc Freund Komponist: Christian Bluthardt Sounddesign, Mischung &amp; Master: Tom Steinbrecher  Spieldauer: ca. 56 Minuten","og_url":"https:\/\/www.allscore.de\/shop\/produkt\/professor-van-dusen-und-der-lachende-moerder\/","og_site_name":"Allscore Shop","article_modified_time":"2024-12-25T21:44:41+00:00","og_image":[{"width":1200,"height":1200,"url":"https:\/\/www.allscore.de\/shop\/wp-content\/uploads\/2020\/09\/PvD18_1200x1200.jpg","type":"image\/jpeg"}],"twitter_card":"summary_large_image","twitter_misc":{"Gesch\u00e4tzte Lesezeit":"2\u00a0Minuten"},"schema":{"@context":"https:\/\/schema.org","@graph":[{"@type":"WebPage","@id":"https:\/\/www.allscore.de\/shop\/produkt\/professor-van-dusen-und-der-lachende-moerder\/","url":"https:\/\/www.allscore.de\/shop\/produkt\/professor-van-dusen-und-der-lachende-moerder\/","name":"Professor van Dusen und der lachende M\u00f6rder (18)","isPartOf":{"@id":"https:\/\/www.allscore.de\/shop\/#website"},"primaryImageOfPage":{"@id":"https:\/\/www.allscore.de\/shop\/produkt\/professor-van-dusen-und-der-lachende-moerder\/#primaryimage"},"image":{"@id":"https:\/\/www.allscore.de\/shop\/produkt\/professor-van-dusen-und-der-lachende-moerder\/#primaryimage"},"thumbnailUrl":"https:\/\/www.allscore.de\/shop\/wp-content\/uploads\/2020\/09\/PvD18_1200x1200.jpg","datePublished":"2019-06-08T16:24:10+00:00","dateModified":"2024-12-25T21:44:41+00:00","description":"Hutchinson Hatch wird ein wichtiges Beweisst\u00fcck in einem laufenden Mordprozess zugespielt. Sofort begibt er sich damit an den Gerichtshof, wo der des Mordes angeklagte Marvin Costello allerdings freigesprochen wird. Hatch wird von diesem ausgelacht und verh\u00f6hnt. Doch damit nicht genug: Nicht einmal Professor van Dusen scheint sich f\u00fcr diesen Fall zu interessieren. Hatch und seine Freundin Penny sind fest entschlossen, den Fall aufzukl\u00e4ren und ermitteln auf eigene Faust. Schnell stellen sie fest, dass Costello und dessen neue Freundin Estelle von zahlreichen Geheimnissen umgeben sind, die f\u00fcr Hatch und Penny nur einen Schluss zulassen: Marvin Costello steht kurz davor, einen weiteren Mord zu begehen. Kann Professor van Dusen Schlimmeres verhindern? Professor van Dusen: Bernd Vollbrecht Hutchinson Hatch: Nicolai Tegeler Penelope \u201ePenny\u201c De Witt: Vera Bunk Marvin Costello: Stefan Gossler Estelle Leclair: Rubina Nath Edward Lawrence: Peter Flechtner Allister Redstroke: Harry K\u00fchn Herbert Wilkinson: Reinhard Kuhnert Mister Fonda: Lutz Harder Gordon Hobb: Erik Sch\u00e4ffler Regie: Gerd Naumann Buch: Marc Freund Komponist: Christian Bluthardt Sounddesign, Mischung &amp; Master: Tom Steinbrecher Spieldauer: ca. 56 Minuten","breadcrumb":{"@id":"https:\/\/www.allscore.de\/shop\/produkt\/professor-van-dusen-und-der-lachende-moerder\/#breadcrumb"},"inLanguage":"de","potentialAction":[{"@type":"ReadAction","target":["https:\/\/www.allscore.de\/shop\/produkt\/professor-van-dusen-und-der-lachende-moerder\/"]}]},{"@type":"ImageObject","inLanguage":"de","@id":"https:\/\/www.allscore.de\/shop\/produkt\/professor-van-dusen-und-der-lachende-moerder\/#primaryimage","url":"https:\/\/www.allscore.de\/shop\/wp-content\/uploads\/2020\/09\/PvD18_1200x1200.jpg","contentUrl":"https:\/\/www.allscore.de\/shop\/wp-content\/uploads\/2020\/09\/PvD18_1200x1200.jpg","width":1200,"height":1200,"caption":"Professor van Dusen und der lachende M\u00f6rder"},{"@type":"BreadcrumbList","@id":"https:\/\/www.allscore.de\/shop\/produkt\/professor-van-dusen-und-der-lachende-moerder\/#breadcrumb","itemListElement":[{"@type":"ListItem","position":1,"name":"Startseite","item":"https:\/\/www.allscore.de\/shop\/"},{"@type":"ListItem","position":2,"name":"Produkte","item":"https:\/\/www.allscore.de\/shop\/shop\/"},{"@type":"ListItem","position":3,"name":"Professor van Dusen und der lachende M\u00f6rder (18)"}]},{"@type":"WebSite","@id":"https:\/\/www.allscore.de\/shop\/#website","url":"https:\/\/www.allscore.de\/shop\/","name":"Allscore Shop","description":"All Score Media","publisher":{"@id":"https:\/\/www.allscore.de\/shop\/#organization"},"potentialAction":[{"@type":"SearchAction","target":{"@type":"EntryPoint","urlTemplate":"https:\/\/www.allscore.de\/shop\/?s={search_term_string}"},"query-input":{"@type":"PropertyValueSpecification","valueRequired":true,"valueName":"search_term_string"}}],"inLanguage":"de"},{"@type":"Organization","@id":"https:\/\/www.allscore.de\/shop\/#organization","name":"All Score Media","alternateName":"Allscore","url":"https:\/\/www.allscore.de\/shop\/","logo":{"@type":"ImageObject","inLanguage":"de","@id":"https:\/\/www.allscore.de\/shop\/#\/schema\/logo\/image\/","url":"https:\/\/www.allscore.de\/shop\/wp-content\/uploads\/2026\/01\/Logo_Yoast_Shop_2026.png","contentUrl":"https:\/\/www.allscore.de\/shop\/wp-content\/uploads\/2026\/01\/Logo_Yoast_Shop_2026.png","width":696,"height":696,"caption":"All Score Media"},"image":{"@id":"https:\/\/www.allscore.de\/shop\/#\/schema\/logo\/image\/"}}]}},"_links":{"self":[{"href":"https:\/\/www.allscore.de\/shop\/wp-json\/wp\/v2\/product\/7482","targetHints":{"allow":["GET"]}}],"collection":[{"href":"https:\/\/www.allscore.de\/shop\/wp-json\/wp\/v2\/product"}],"about":[{"href":"https:\/\/www.allscore.de\/shop\/wp-json\/wp\/v2\/types\/product"}],"wp:featuredmedia":[{"embeddable":true,"href":"https:\/\/www.allscore.de\/shop\/wp-json\/wp\/v2\/media\/7411"}],"wp:attachment":[{"href":"https:\/\/www.allscore.de\/shop\/wp-json\/wp\/v2\/media?parent=7482"}],"wp:term":[{"taxonomy":"product_brand","embeddable":true,"href":"https:\/\/www.allscore.de\/shop\/wp-json\/wp\/v2\/product_brand?post=7482"},{"taxonomy":"product_cat","embeddable":true,"href":"https:\/\/www.allscore.de\/shop\/wp-json\/wp\/v2\/product_cat?post=7482"},{"taxonomy":"product_tag","embeddable":true,"href":"https:\/\/www.allscore.de\/shop\/wp-json\/wp\/v2\/product_tag?post=7482"}],"curies":[{"name":"wp","href":"https:\/\/api.w.org\/{rel}","templated":true}]}}