{"id":7478,"date":"2019-03-08T18:17:16","date_gmt":"2019-03-08T17:17:16","guid":{"rendered":"https:\/\/www.allscore.de\/shop\/?post_type=product&#038;p=7478"},"modified":"2026-03-31T07:30:14","modified_gmt":"2026-03-31T05:30:14","slug":"professor-van-dusen-setzt-die-segel","status":"publish","type":"product","link":"https:\/\/www.allscore.de\/shop\/produkt\/professor-van-dusen-setzt-die-segel\/","title":{"rendered":"Professor van Dusen setzt die Segel (17)"},"content":{"rendered":"<div class=\"more\">\n<p>PRESSE<\/p>\n<p><a href=\"https:\/\/www.monstersandcritics.de\/professor-van-dusen-fall-17-professor-van-dusen-setzt-die-segel-horspielkritik\" target=\"blank\" rel=\"noopener noreferrer\">Monsters &amp; Critics<\/a> [M\u00e4rz 2019]: &#8222;W\u00e4hrend bei vielen anderen H\u00f6rspielen der Charme der Geschichten im Laufe der Zeit abnimmt, trifft auf die neuen Abenteuer des Professor van Dusen genau das Gegenteil zu. Die Handlungen werden immer ausgekl\u00fcgelter und dadurch auch spannender&#8230; 10 von 10 Punkten!&#8220;<\/p>\n<p><a href=\"http:\/\/www.hoerspatz.de\/texte_rezis\/dusen_neue_17.html\" target=\"blank\" rel=\"noopener noreferrer\">Hoerspatz.de<\/a> [M\u00e4rz 2019]: &#8222;Professor van Dusen setzt die Segel, und man darf ohne Reue mitsegeln &#8211; gelungene Folge mit viel Witz, klasse Dialogen und kniffligem Fall: w\u00e4rmste Empfehlung!&#8220;<\/p>\n<p><a href=\"https:\/\/www.poldis-hoerspielseite.de\/z3190.htm\" target=\"blank\" rel=\"noopener noreferrer\">Poldis H\u00f6rspielseite<\/a> [M\u00e4rz 2019]: &#8222;Die Sprecher sind wieder sehr gut ausgew\u00e4hlt worden und sorgen f\u00fcr einen sehr pr\u00e4senten Ausdruck ihrer Charaktere. Die \u00e4u\u00dferst sympathische Liane Rudolph findet f\u00fcr die Rolle der Greetje Vandermeer wieder eine andere Facette ihrer Stimme und setzt ihre Szenen mit viel Energie um. Douglas Welbats einpr\u00e4gsamer Klang funktioniert auch als Rudolf Hamann in dieser Episode sehr gut, zumal er gekonnt Akzente setzt und die Aufmerksamkeit so auf ausgew\u00e4hlte Passagen lenkt.&#8220;<\/p>\n<p><a href=\"http:\/\/www.reziratte.de\/2019\/05\/29\/professor-van-dusen-17-setzt-die-segel\/\" target=\"blank\" rel=\"noopener noreferrer\">Reziratte<\/a> [Mai 2019]: &#8222;Nach einem ausf\u00fchrlichen und sehr unterhaltsamen Einstieg gilt es dann doch noch, einen waschechten Mord aufzukl\u00e4ren. Das gelingt van Dusen in seiner gewohnt unnachahmlichen Art einmal mehr mit Bravour. Doch wird dieses Mal nicht jeder B\u00f6sewicht zur Strecke gebracht. Stattdessen geht ein Widersacher f\u00fcr van Dusen neu ins Rennen, von dem man sicher noch h\u00f6ren wird.&#8220;<\/p>\n<p><a href=\"https:\/\/www.buchtips.net\/rez10310-die-neuen-faelle-fall-17-professor-van-dusen-setzt-die-segel.htm\" target=\"blank\" rel=\"noopener noreferrer\">Buchtips.net<\/a> [M\u00e4rz 2019]: &#8222;Akustisch wurde das H\u00f6rspiel gut umgesetzt. Vor allem die Strandszenen klingen sehr authentisch. Von den Sprechern sind Bernd Vollbrecht und Nicolai Tegeler als Van Dusen und Hatch inzwischen eine Bank. Ebenfalls ein Volltreffer ist Liane Rudolph als mysteri\u00f6se Greetje Vandermeer.&#8220;<\/p>\n<p><a href=\"https:\/\/www.hoerbuchjunkies.com\/Professor-van-Dusen-setzt-die-Segel.htm\" target=\"blank\" rel=\"noopener noreferrer\">H\u00f6rbuch-Junkies<\/a> [April 2019]: &#8222;Auch \u201eProfessor van Dusen setzt die Segel\u201c ist ohne Einschr\u00e4nkung zu empfehlen und vereint alles, das man von einem guten H\u00f6rspiel erwartet. Story, Sprecher, Produktion und Ger\u00e4uschkulisse sind passend und bescheren eine vergn\u00fcgliche H\u00f6rstunde, die man nur mit voller Punktzahl bewerten kann.&#8220;<\/p>\n<\/div>\n","protected":false},"excerpt":{"rendered":"<p>Professor van Dusen verschl\u00e4gt es in das niederl\u00e4ndische Seebad Zandvoort. Dort will er Ahnenforschung betreiben, jedoch verlaufen seine Recherchen alles andere als gl\u00fccklich. Noch dazu geschehen im Hotel <em>Zee Paleis<\/em>\u00a0 seltsame Dinge und nicht jeder ist, wer er vorgibt, zu sein. Als kurz darauf am Strand ein Mord geschieht, muss der Professor nicht nur einen k\u00fchlen Kopf bewahren, sondern sich zudem einem altbekannten Gegner stellen. Dieser hat nichts von seiner Gef\u00e4hrlichkeit eingeb\u00fc\u00dft.<\/p>\n<p>Professor van Dusen: Bernd Vollbrecht<br \/>\nHutchinson Hatch: Nicolai Tegeler<br \/>\nGreetje Vandermeer: Liane Rudolph<br \/>\nRudolf Hamann: Douglas Welbat<br \/>\nHanno Prott: Nils Rieke<br \/>\nSigmund Sch\u00f6nhausen: Wolf Frass<br \/>\nAntonius Waterboer: Peter Weis<br \/>\nSina Waterboer: Cornelia Waibel<br \/>\nFranjo van Weijk: Peter Kirchberger<br \/>\nu.a.<\/p>\n<p>Regie: Gerd Naumann<br \/>\nBuch: Marc Freund<br \/>\nKomponist: Christian Bluthardt<br \/>\nSounddesign, Mischung &amp; Master: Tom Steinbrecher<\/p>\n<p>Spieldauer: ca. 62 Minuten<\/p>\n","protected":false},"featured_media":7412,"template":"","meta":[],"product_brand":[],"product_cat":[72,210],"product_tag":[],"class_list":{"0":"post-7478","1":"product","2":"type-product","3":"status-publish","4":"has-post-thumbnail","6":"product_cat-hoerspiele","7":"product_cat-professor-van-dusen-neue-faelle","8":"product_shipping_class-tontraeger-cd","9":"entry","10":"clearfix","11":"entry-grid","12":"entry-columns-3","13":"entry-product-module-layout-sidebar-right","14":"thumbnail-color-tone-dark","15":"entry-product","17":"entry-product-grid","19":"first","20":"instock","21":"taxable","22":"shipping-taxable","23":"purchasable","24":"product-type-simple"},"yoast_head":"<!-- This site is optimized with the Yoast SEO plugin v27.4 - https:\/\/yoast.com\/product\/yoast-seo-wordpress\/ -->\n<title>Professor van Dusen setzt die Segel (17)<\/title>\n<meta name=\"description\" content=\"Professor van Dusen verschl\u00e4gt es in das niederl\u00e4ndische Seebad Zandvoort. Dort will er Ahnenforschung betreiben, jedoch verlaufen seine Recherchen alles andere als gl\u00fccklich. Noch dazu geschehen im Hotel Zee Paleis\u00a0 seltsame Dinge und nicht jeder ist, wer er vorgibt, zu sein. Als kurz darauf am Strand ein Mord geschieht, muss der Professor nicht nur einen k\u00fchlen Kopf bewahren, sondern sich zudem einem altbekannten Gegner stellen. Dieser hat nichts von seiner Gef\u00e4hrlichkeit eingeb\u00fc\u00dft.  Professor van Dusen: Bernd Vollbrecht Hutchinson Hatch: Nicolai Tegeler Greetje Vandermeer: Liane Rudolph Rudolf Hamann: Douglas Welbat Hanno Prott: Nils Rieke Sigmund Sch\u00f6nhausen: Wolf Frass Antonius Waterboer: Peter Weis Sina Waterboer: Cornelia Waibel Franjo van Weijk: Peter Kirchberger u.a.  Regie: Gerd Naumann Buch: Marc Freund Komponist: Christian Bluthardt Sounddesign, Mischung &amp; Master: Tom Steinbrecher  Spieldauer: ca. 62 Minuten\" \/>\n<meta name=\"robots\" content=\"index, follow, max-snippet:-1, max-image-preview:large, max-video-preview:-1\" \/>\n<link rel=\"canonical\" href=\"https:\/\/www.allscore.de\/shop\/produkt\/professor-van-dusen-setzt-die-segel\/\" \/>\n<meta property=\"og:locale\" content=\"de_DE\" \/>\n<meta property=\"og:type\" content=\"article\" \/>\n<meta property=\"og:title\" content=\"Professor van Dusen setzt die Segel (17)\" \/>\n<meta property=\"og:description\" content=\"Professor van Dusen verschl\u00e4gt es in das niederl\u00e4ndische Seebad Zandvoort. Dort will er Ahnenforschung betreiben, jedoch verlaufen seine Recherchen alles andere als gl\u00fccklich. Noch dazu geschehen im Hotel Zee Paleis\u00a0 seltsame Dinge und nicht jeder ist, wer er vorgibt, zu sein. Als kurz darauf am Strand ein Mord geschieht, muss der Professor nicht nur einen k\u00fchlen Kopf bewahren, sondern sich zudem einem altbekannten Gegner stellen. Dieser hat nichts von seiner Gef\u00e4hrlichkeit eingeb\u00fc\u00dft.  Professor van Dusen: Bernd Vollbrecht Hutchinson Hatch: Nicolai Tegeler Greetje Vandermeer: Liane Rudolph Rudolf Hamann: Douglas Welbat Hanno Prott: Nils Rieke Sigmund Sch\u00f6nhausen: Wolf Frass Antonius Waterboer: Peter Weis Sina Waterboer: Cornelia Waibel Franjo van Weijk: Peter Kirchberger u.a.  Regie: Gerd Naumann Buch: Marc Freund Komponist: Christian Bluthardt Sounddesign, Mischung &amp; Master: Tom Steinbrecher  Spieldauer: ca. 62 Minuten\" \/>\n<meta property=\"og:url\" content=\"https:\/\/www.allscore.de\/shop\/produkt\/professor-van-dusen-setzt-die-segel\/\" \/>\n<meta property=\"og:site_name\" content=\"Allscore Shop\" \/>\n<meta property=\"article:modified_time\" content=\"2026-03-31T05:30:14+00:00\" \/>\n<meta property=\"og:image\" content=\"https:\/\/www.allscore.de\/shop\/wp-content\/uploads\/2020\/09\/PvD17_1200x1200.jpg\" \/>\n\t<meta property=\"og:image:width\" content=\"1200\" \/>\n\t<meta property=\"og:image:height\" content=\"1200\" \/>\n\t<meta property=\"og:image:type\" content=\"image\/jpeg\" \/>\n<meta name=\"twitter:card\" content=\"summary_large_image\" \/>\n<meta name=\"twitter:label1\" content=\"Gesch\u00e4tzte Lesezeit\" \/>\n\t<meta name=\"twitter:data1\" content=\"2\u00a0Minuten\" \/>\n<script type=\"application\/ld+json\" class=\"yoast-schema-graph\">{\"@context\":\"https:\\\/\\\/schema.org\",\"@graph\":[{\"@type\":\"WebPage\",\"@id\":\"https:\\\/\\\/www.allscore.de\\\/shop\\\/produkt\\\/professor-van-dusen-setzt-die-segel\\\/\",\"url\":\"https:\\\/\\\/www.allscore.de\\\/shop\\\/produkt\\\/professor-van-dusen-setzt-die-segel\\\/\",\"name\":\"Professor van Dusen setzt die Segel (17)\",\"isPartOf\":{\"@id\":\"https:\\\/\\\/www.allscore.de\\\/shop\\\/#website\"},\"primaryImageOfPage\":{\"@id\":\"https:\\\/\\\/www.allscore.de\\\/shop\\\/produkt\\\/professor-van-dusen-setzt-die-segel\\\/#primaryimage\"},\"image\":{\"@id\":\"https:\\\/\\\/www.allscore.de\\\/shop\\\/produkt\\\/professor-van-dusen-setzt-die-segel\\\/#primaryimage\"},\"thumbnailUrl\":\"https:\\\/\\\/www.allscore.de\\\/shop\\\/wp-content\\\/uploads\\\/2020\\\/09\\\/PvD17_1200x1200.jpg\",\"datePublished\":\"2019-03-08T17:17:16+00:00\",\"dateModified\":\"2026-03-31T05:30:14+00:00\",\"description\":\"Professor van Dusen verschl\u00e4gt es in das niederl\u00e4ndische Seebad Zandvoort. Dort will er Ahnenforschung betreiben, jedoch verlaufen seine Recherchen alles andere als gl\u00fccklich. Noch dazu geschehen im Hotel Zee Paleis\u00a0 seltsame Dinge und nicht jeder ist, wer er vorgibt, zu sein. Als kurz darauf am Strand ein Mord geschieht, muss der Professor nicht nur einen k\u00fchlen Kopf bewahren, sondern sich zudem einem altbekannten Gegner stellen. Dieser hat nichts von seiner Gef\u00e4hrlichkeit eingeb\u00fc\u00dft. Professor van Dusen: Bernd Vollbrecht Hutchinson Hatch: Nicolai Tegeler Greetje Vandermeer: Liane Rudolph Rudolf Hamann: Douglas Welbat Hanno Prott: Nils Rieke Sigmund Sch\u00f6nhausen: Wolf Frass Antonius Waterboer: Peter Weis Sina Waterboer: Cornelia Waibel Franjo van Weijk: Peter Kirchberger u.a. Regie: Gerd Naumann Buch: Marc Freund Komponist: Christian Bluthardt Sounddesign, Mischung &amp; Master: Tom Steinbrecher Spieldauer: ca. 62 Minuten\",\"breadcrumb\":{\"@id\":\"https:\\\/\\\/www.allscore.de\\\/shop\\\/produkt\\\/professor-van-dusen-setzt-die-segel\\\/#breadcrumb\"},\"inLanguage\":\"de\",\"potentialAction\":[{\"@type\":\"ReadAction\",\"target\":[\"https:\\\/\\\/www.allscore.de\\\/shop\\\/produkt\\\/professor-van-dusen-setzt-die-segel\\\/\"]}]},{\"@type\":\"ImageObject\",\"inLanguage\":\"de\",\"@id\":\"https:\\\/\\\/www.allscore.de\\\/shop\\\/produkt\\\/professor-van-dusen-setzt-die-segel\\\/#primaryimage\",\"url\":\"https:\\\/\\\/www.allscore.de\\\/shop\\\/wp-content\\\/uploads\\\/2020\\\/09\\\/PvD17_1200x1200.jpg\",\"contentUrl\":\"https:\\\/\\\/www.allscore.de\\\/shop\\\/wp-content\\\/uploads\\\/2020\\\/09\\\/PvD17_1200x1200.jpg\",\"width\":1200,\"height\":1200,\"caption\":\"Professor van Dusen setzt die Segel\"},{\"@type\":\"BreadcrumbList\",\"@id\":\"https:\\\/\\\/www.allscore.de\\\/shop\\\/produkt\\\/professor-van-dusen-setzt-die-segel\\\/#breadcrumb\",\"itemListElement\":[{\"@type\":\"ListItem\",\"position\":1,\"name\":\"Startseite\",\"item\":\"https:\\\/\\\/www.allscore.de\\\/shop\\\/\"},{\"@type\":\"ListItem\",\"position\":2,\"name\":\"Produkte\",\"item\":\"https:\\\/\\\/www.allscore.de\\\/shop\\\/shop\\\/\"},{\"@type\":\"ListItem\",\"position\":3,\"name\":\"Professor van Dusen setzt die Segel (17)\"}]},{\"@type\":\"WebSite\",\"@id\":\"https:\\\/\\\/www.allscore.de\\\/shop\\\/#website\",\"url\":\"https:\\\/\\\/www.allscore.de\\\/shop\\\/\",\"name\":\"Allscore Shop\",\"description\":\"All Score Media\",\"publisher\":{\"@id\":\"https:\\\/\\\/www.allscore.de\\\/shop\\\/#organization\"},\"potentialAction\":[{\"@type\":\"SearchAction\",\"target\":{\"@type\":\"EntryPoint\",\"urlTemplate\":\"https:\\\/\\\/www.allscore.de\\\/shop\\\/?s={search_term_string}\"},\"query-input\":{\"@type\":\"PropertyValueSpecification\",\"valueRequired\":true,\"valueName\":\"search_term_string\"}}],\"inLanguage\":\"de\"},{\"@type\":\"Organization\",\"@id\":\"https:\\\/\\\/www.allscore.de\\\/shop\\\/#organization\",\"name\":\"All Score Media\",\"alternateName\":\"Allscore\",\"url\":\"https:\\\/\\\/www.allscore.de\\\/shop\\\/\",\"logo\":{\"@type\":\"ImageObject\",\"inLanguage\":\"de\",\"@id\":\"https:\\\/\\\/www.allscore.de\\\/shop\\\/#\\\/schema\\\/logo\\\/image\\\/\",\"url\":\"https:\\\/\\\/www.allscore.de\\\/shop\\\/wp-content\\\/uploads\\\/2026\\\/01\\\/Logo_Yoast_Shop_2026.png\",\"contentUrl\":\"https:\\\/\\\/www.allscore.de\\\/shop\\\/wp-content\\\/uploads\\\/2026\\\/01\\\/Logo_Yoast_Shop_2026.png\",\"width\":696,\"height\":696,\"caption\":\"All Score Media\"},\"image\":{\"@id\":\"https:\\\/\\\/www.allscore.de\\\/shop\\\/#\\\/schema\\\/logo\\\/image\\\/\"}}]}<\/script>\n<!-- \/ Yoast SEO plugin. -->","yoast_head_json":{"title":"Professor van Dusen setzt die Segel (17)","description":"Professor van Dusen verschl\u00e4gt es in das niederl\u00e4ndische Seebad Zandvoort. Dort will er Ahnenforschung betreiben, jedoch verlaufen seine Recherchen alles andere als gl\u00fccklich. Noch dazu geschehen im Hotel Zee Paleis\u00a0 seltsame Dinge und nicht jeder ist, wer er vorgibt, zu sein. Als kurz darauf am Strand ein Mord geschieht, muss der Professor nicht nur einen k\u00fchlen Kopf bewahren, sondern sich zudem einem altbekannten Gegner stellen. Dieser hat nichts von seiner Gef\u00e4hrlichkeit eingeb\u00fc\u00dft.  Professor van Dusen: Bernd Vollbrecht Hutchinson Hatch: Nicolai Tegeler Greetje Vandermeer: Liane Rudolph Rudolf Hamann: Douglas Welbat Hanno Prott: Nils Rieke Sigmund Sch\u00f6nhausen: Wolf Frass Antonius Waterboer: Peter Weis Sina Waterboer: Cornelia Waibel Franjo van Weijk: Peter Kirchberger u.a.  Regie: Gerd Naumann Buch: Marc Freund Komponist: Christian Bluthardt Sounddesign, Mischung &amp; Master: Tom Steinbrecher  Spieldauer: ca. 62 Minuten","robots":{"index":"index","follow":"follow","max-snippet":"max-snippet:-1","max-image-preview":"max-image-preview:large","max-video-preview":"max-video-preview:-1"},"canonical":"https:\/\/www.allscore.de\/shop\/produkt\/professor-van-dusen-setzt-die-segel\/","og_locale":"de_DE","og_type":"article","og_title":"Professor van Dusen setzt die Segel (17)","og_description":"Professor van Dusen verschl\u00e4gt es in das niederl\u00e4ndische Seebad Zandvoort. Dort will er Ahnenforschung betreiben, jedoch verlaufen seine Recherchen alles andere als gl\u00fccklich. Noch dazu geschehen im Hotel Zee Paleis\u00a0 seltsame Dinge und nicht jeder ist, wer er vorgibt, zu sein. Als kurz darauf am Strand ein Mord geschieht, muss der Professor nicht nur einen k\u00fchlen Kopf bewahren, sondern sich zudem einem altbekannten Gegner stellen. Dieser hat nichts von seiner Gef\u00e4hrlichkeit eingeb\u00fc\u00dft.  Professor van Dusen: Bernd Vollbrecht Hutchinson Hatch: Nicolai Tegeler Greetje Vandermeer: Liane Rudolph Rudolf Hamann: Douglas Welbat Hanno Prott: Nils Rieke Sigmund Sch\u00f6nhausen: Wolf Frass Antonius Waterboer: Peter Weis Sina Waterboer: Cornelia Waibel Franjo van Weijk: Peter Kirchberger u.a.  Regie: Gerd Naumann Buch: Marc Freund Komponist: Christian Bluthardt Sounddesign, Mischung &amp; Master: Tom Steinbrecher  Spieldauer: ca. 62 Minuten","og_url":"https:\/\/www.allscore.de\/shop\/produkt\/professor-van-dusen-setzt-die-segel\/","og_site_name":"Allscore Shop","article_modified_time":"2026-03-31T05:30:14+00:00","og_image":[{"width":1200,"height":1200,"url":"https:\/\/www.allscore.de\/shop\/wp-content\/uploads\/2020\/09\/PvD17_1200x1200.jpg","type":"image\/jpeg"}],"twitter_card":"summary_large_image","twitter_misc":{"Gesch\u00e4tzte Lesezeit":"2\u00a0Minuten"},"schema":{"@context":"https:\/\/schema.org","@graph":[{"@type":"WebPage","@id":"https:\/\/www.allscore.de\/shop\/produkt\/professor-van-dusen-setzt-die-segel\/","url":"https:\/\/www.allscore.de\/shop\/produkt\/professor-van-dusen-setzt-die-segel\/","name":"Professor van Dusen setzt die Segel (17)","isPartOf":{"@id":"https:\/\/www.allscore.de\/shop\/#website"},"primaryImageOfPage":{"@id":"https:\/\/www.allscore.de\/shop\/produkt\/professor-van-dusen-setzt-die-segel\/#primaryimage"},"image":{"@id":"https:\/\/www.allscore.de\/shop\/produkt\/professor-van-dusen-setzt-die-segel\/#primaryimage"},"thumbnailUrl":"https:\/\/www.allscore.de\/shop\/wp-content\/uploads\/2020\/09\/PvD17_1200x1200.jpg","datePublished":"2019-03-08T17:17:16+00:00","dateModified":"2026-03-31T05:30:14+00:00","description":"Professor van Dusen verschl\u00e4gt es in das niederl\u00e4ndische Seebad Zandvoort. Dort will er Ahnenforschung betreiben, jedoch verlaufen seine Recherchen alles andere als gl\u00fccklich. Noch dazu geschehen im Hotel Zee Paleis\u00a0 seltsame Dinge und nicht jeder ist, wer er vorgibt, zu sein. Als kurz darauf am Strand ein Mord geschieht, muss der Professor nicht nur einen k\u00fchlen Kopf bewahren, sondern sich zudem einem altbekannten Gegner stellen. Dieser hat nichts von seiner Gef\u00e4hrlichkeit eingeb\u00fc\u00dft. Professor van Dusen: Bernd Vollbrecht Hutchinson Hatch: Nicolai Tegeler Greetje Vandermeer: Liane Rudolph Rudolf Hamann: Douglas Welbat Hanno Prott: Nils Rieke Sigmund Sch\u00f6nhausen: Wolf Frass Antonius Waterboer: Peter Weis Sina Waterboer: Cornelia Waibel Franjo van Weijk: Peter Kirchberger u.a. Regie: Gerd Naumann Buch: Marc Freund Komponist: Christian Bluthardt Sounddesign, Mischung &amp; Master: Tom Steinbrecher Spieldauer: ca. 62 Minuten","breadcrumb":{"@id":"https:\/\/www.allscore.de\/shop\/produkt\/professor-van-dusen-setzt-die-segel\/#breadcrumb"},"inLanguage":"de","potentialAction":[{"@type":"ReadAction","target":["https:\/\/www.allscore.de\/shop\/produkt\/professor-van-dusen-setzt-die-segel\/"]}]},{"@type":"ImageObject","inLanguage":"de","@id":"https:\/\/www.allscore.de\/shop\/produkt\/professor-van-dusen-setzt-die-segel\/#primaryimage","url":"https:\/\/www.allscore.de\/shop\/wp-content\/uploads\/2020\/09\/PvD17_1200x1200.jpg","contentUrl":"https:\/\/www.allscore.de\/shop\/wp-content\/uploads\/2020\/09\/PvD17_1200x1200.jpg","width":1200,"height":1200,"caption":"Professor van Dusen setzt die Segel"},{"@type":"BreadcrumbList","@id":"https:\/\/www.allscore.de\/shop\/produkt\/professor-van-dusen-setzt-die-segel\/#breadcrumb","itemListElement":[{"@type":"ListItem","position":1,"name":"Startseite","item":"https:\/\/www.allscore.de\/shop\/"},{"@type":"ListItem","position":2,"name":"Produkte","item":"https:\/\/www.allscore.de\/shop\/shop\/"},{"@type":"ListItem","position":3,"name":"Professor van Dusen setzt die Segel (17)"}]},{"@type":"WebSite","@id":"https:\/\/www.allscore.de\/shop\/#website","url":"https:\/\/www.allscore.de\/shop\/","name":"Allscore Shop","description":"All Score Media","publisher":{"@id":"https:\/\/www.allscore.de\/shop\/#organization"},"potentialAction":[{"@type":"SearchAction","target":{"@type":"EntryPoint","urlTemplate":"https:\/\/www.allscore.de\/shop\/?s={search_term_string}"},"query-input":{"@type":"PropertyValueSpecification","valueRequired":true,"valueName":"search_term_string"}}],"inLanguage":"de"},{"@type":"Organization","@id":"https:\/\/www.allscore.de\/shop\/#organization","name":"All Score Media","alternateName":"Allscore","url":"https:\/\/www.allscore.de\/shop\/","logo":{"@type":"ImageObject","inLanguage":"de","@id":"https:\/\/www.allscore.de\/shop\/#\/schema\/logo\/image\/","url":"https:\/\/www.allscore.de\/shop\/wp-content\/uploads\/2026\/01\/Logo_Yoast_Shop_2026.png","contentUrl":"https:\/\/www.allscore.de\/shop\/wp-content\/uploads\/2026\/01\/Logo_Yoast_Shop_2026.png","width":696,"height":696,"caption":"All Score Media"},"image":{"@id":"https:\/\/www.allscore.de\/shop\/#\/schema\/logo\/image\/"}}]}},"_links":{"self":[{"href":"https:\/\/www.allscore.de\/shop\/wp-json\/wp\/v2\/product\/7478","targetHints":{"allow":["GET"]}}],"collection":[{"href":"https:\/\/www.allscore.de\/shop\/wp-json\/wp\/v2\/product"}],"about":[{"href":"https:\/\/www.allscore.de\/shop\/wp-json\/wp\/v2\/types\/product"}],"wp:featuredmedia":[{"embeddable":true,"href":"https:\/\/www.allscore.de\/shop\/wp-json\/wp\/v2\/media\/7412"}],"wp:attachment":[{"href":"https:\/\/www.allscore.de\/shop\/wp-json\/wp\/v2\/media?parent=7478"}],"wp:term":[{"taxonomy":"product_brand","embeddable":true,"href":"https:\/\/www.allscore.de\/shop\/wp-json\/wp\/v2\/product_brand?post=7478"},{"taxonomy":"product_cat","embeddable":true,"href":"https:\/\/www.allscore.de\/shop\/wp-json\/wp\/v2\/product_cat?post=7478"},{"taxonomy":"product_tag","embeddable":true,"href":"https:\/\/www.allscore.de\/shop\/wp-json\/wp\/v2\/product_tag?post=7478"}],"curies":[{"name":"wp","href":"https:\/\/api.w.org\/{rel}","templated":true}]}}