{"id":7474,"date":"2018-11-08T18:13:26","date_gmt":"2018-11-08T17:13:26","guid":{"rendered":"https:\/\/www.allscore.de\/shop\/?post_type=product&#038;p=7474"},"modified":"2024-12-25T22:44:41","modified_gmt":"2024-12-25T21:44:41","slug":"professor-van-dusen-nimmt-die-beichte-ab","status":"publish","type":"product","link":"https:\/\/www.allscore.de\/shop\/produkt\/professor-van-dusen-nimmt-die-beichte-ab\/","title":{"rendered":"Professor van Dusen nimmt die Beichte ab (16)"},"content":{"rendered":"<p>PRESSE<\/p>\n<p><a href=\"http:\/\/www.hoerspatz.de\/texte_rezis\/dusen_neue_16.html\" target=\"blank\" rel=\"noopener noreferrer\">Hoerspatz.de<\/a> [Dez. 2018]: &#8222;Ein abgeschlossenes Kloster mit interessanter Vergangenheit, ein unheimliches Sturm-Ambiente in finsterer Nacht, suspekte Charaktere, das Paranormale &#8211; hier ist alles vorhanden f\u00fcr einen knackigen und unterhaltsamen Fall&#8230; hei\u00dfe Empfehlung!&#8220;<\/p>\n<p><a href=\"https:\/\/www.zauberspiegel-online.de\/index.php\/krimi-und-thriller-unter-der-lupe-341\/35074-professor-van-dusen-16-nimmt-die-beichte-ab\" target=\"blank\" rel=\"noopener noreferrer\">Zauberspiegel-online<\/a> [Feb. 2019]: &#8222;Die Geschichte ist wirklich mal ungew\u00f6hnlich und bietet Abwechslung. Dadurch zeichnet sich ja diese neue van Dusen-Serie ohnehin aus.&#8220;<\/p>\n<p><a href=\"http:\/\/www.reziratte.de\/2019\/04\/22\/professor-van-dusen-16-nimmt-die-beichte-ab\/\" target=\"blank\" rel=\"noopener noreferrer\">Reziratte<\/a> [April 2019]: &#8222;Es bleibt bis zur letzten Minuten spannend, wer der- oder diejenige m\u00f6rderische Welche ist\u2026 Eine spannende Geschichte mit unheimlichen Einschl\u00e4gen und so genau mein Fall!&#8220;<\/p>\n<p><a href=\"https:\/\/www.monstersandcritics.de\/professor-van-dusen-fall-16-professor-van-dusen-nimmt-die-beichte-ab-horspielkritik\" target=\"blank\" rel=\"noopener noreferrer\">Monsters &amp; Critics<\/a> [Jan. 2019]: &#8222;In dieser Episode dreht sich alles um die Mystik der Geister sowie Ereignisse in der Vergangenheit, die eine verheerende Wirkung auf die Gegenwart haben. Dabei k\u00f6nnen uns die Macher der Serie bei All Score Media mal wieder gut an der Nase herumf\u00fchren und erneut viele falsche F\u00e4hrten legen. 10 von 10 Punkten!&#8220;<\/p>\n<p><a href=\"https:\/\/www.hoerbuchjunkies.com\/Professor-van-Dusen-nimmt-die-Beichte-ab.htm\" target=\"blank\" rel=\"noopener noreferrer\">Hoerbuchjunkies.com<\/a> [Dez. 2018]: &#8222;Wunderbar, wie hier wieder einmal die sehr am\u00fcsanten Eigenschaften der Hauptfigur van Dusen \u00fcberspitzt dargestellt werden, so dass man als H\u00f6rer hin und her gerissen ist, zwischen Begeisterung \u00fcber seinen ganz eigenen Charme und das Flair, das die Rolle mit sich bringt und Emp\u00f6rung \u00fcber derlei Dreistigkeit. Nat\u00fcrlich funktioniert so eine starke Pers\u00f6nlichkeit nur mit einer ebenfalls starken Geschichte und die hat der Autor hier abgeliefert. Der H\u00f6rer wird absolut auf die Folter gespannt und kann bis zum Schluss hin kaum erraten, wie sich der Fall aufl\u00f6st. Dabei werden Finten gestreut und der Spannungsbogen konstant gehalten. Kurzum: Van Dusen macht einfach Spa\u00df und die Geschichte \u00fcberzeugt in jeder Einzelheit.&#8220;<\/p>\n<p><a href=\"https:\/\/www.buchtips.net\/rez10203-die-neuen-faelle-fall-16-professor-van-dusen-nimmt-die-beichte-ab.htm\" target=\"blank\" rel=\"noopener noreferrer\">Buchtips.net<\/a> [Nov. 2018]: &#8222;Immer wenn Marc Freund sich f\u00fcr eine H\u00f6rspielfolge als Autor verantwortlich zeichnet, kann man sicher sein, dass es einen durchdachten, spannenden und sehr unterhaltsamen Fall gibt. Das trifft auch bei dieser Episode der zu. Nach einer am\u00fcsanten Einstiegsszene nimmt der Kriminalfall mit der Ankunft im Kloster Fahrt auf. Bis zuletzt bleibt Identit\u00e4t des T\u00e4ters offen, was dem H\u00f6rer erm\u00f6glicht, kr\u00e4ftig mitzuraten. Die Aufl\u00f6sung ist schl\u00fcssig und in bestem Sinne eines Professor van Dusen w\u00fcrdig. 10\/10***&#8220;<\/p>\n","protected":false},"excerpt":{"rendered":"<p>Eine harmlose Reise nach Florida entpuppt sich f\u00fcr Professor van Dusen und seinen Begleiter Hutchinson Hatch als ein gef\u00e4hrliches Abenteuer. Durch einen Hurricane vom Weg abgekommen, landen die beiden M\u00e4nner in einem Nonnenkloster. Dort geht es den Bewohnerinnen zufolge nicht mit rechten Dingen zu. Geheime Zeichen an der Wand versetzen die Nonnen in Aufruhr. Auch die erste Leiche l\u00e4sst nicht lange auf sich warten. Professor van Dusen nimmt daraufhin die Herausforderung eines Parapsychologen an, in einem Wettstreit die L\u00f6sung des Falls zu finden.<\/p>\n<p>Professor van Dusen: Bernd Vollbrecht<br \/>\nHutchinson Hatch: Nicolai Tegeler<br \/>\nMutter Ignatia: Luise Lunow<br \/>\nMarion: Nicole Hannak<br \/>\nAmalia: Franziska Endres<br \/>\nKassandra: Ilka Teichm\u00fcller<br \/>\nGeorgina Rampole: Jenny Maria Meyer<br \/>\nGonsalez: Peter Lontzek<br \/>\nJohn Anderson: Dirk M\u00fcller<br \/>\nGeorge Hickson: Eckart Dux<br \/>\nu.a.<\/p>\n<p>Regie: Gerd Naumann<br \/>\nBuch: Marc Freund<br \/>\nKomponist: Christian Bluthardt<br \/>\nSounddesign, Mischung &amp; Master: Tom Steinbrecher<\/p>\n<p>Spieldauer: ca. 68 Minuten<\/p>\n","protected":false},"featured_media":7413,"template":"","meta":[],"product_brand":[],"product_cat":[72,210],"product_tag":[],"class_list":{"0":"post-7474","1":"product","2":"type-product","3":"status-publish","4":"has-post-thumbnail","6":"product_cat-hoerspiele","7":"product_cat-professor-van-dusen-neue-faelle","8":"product_shipping_class-tontraeger-cd","9":"entry","10":"clearfix","11":"entry-grid","12":"entry-columns-3","13":"entry-product-module-layout-sidebar-right","14":"thumbnail-color-tone-dark","15":"entry-product","17":"entry-product-grid","19":"first","20":"instock","21":"taxable","22":"shipping-taxable","23":"purchasable","24":"product-type-simple"},"yoast_head":"<!-- This site is optimized with the Yoast SEO plugin v27.4 - https:\/\/yoast.com\/product\/yoast-seo-wordpress\/ -->\n<title>Professor van Dusen nimmt die Beichte ab (16)<\/title>\n<meta name=\"description\" content=\"Eine harmlose Reise nach Florida entpuppt sich f\u00fcr Professor van Dusen und seinen Begleiter Hutchinson Hatch als ein gef\u00e4hrliches Abenteuer. Durch einen Hurricane vom Weg abgekommen, landen die beiden M\u00e4nner in einem Nonnenkloster. Dort geht es den Bewohnerinnen zufolge nicht mit rechten Dingen zu. Geheime Zeichen an der Wand versetzen die Nonnen in Aufruhr. Auch die erste Leiche l\u00e4sst nicht lange auf sich warten. Professor van Dusen nimmt daraufhin die Herausforderung eines Parapsychologen an, in einem Wettstreit die L\u00f6sung des Falls zu finden.  Professor van Dusen: Bernd Vollbrecht Hutchinson Hatch: Nicolai Tegeler Mutter Ignatia: Luise Lunow Marion: Nicole Hannak Amalia: Franziska Endres Kassandra: Ilka Teichm\u00fcller Georgina Rampole: Jenny Maria Meyer Gonsalez: Peter Lontzek John Anderson: Dirk M\u00fcller George Hickson: Eckart Dux u.a.  Regie: Gerd Naumann Buch: Marc Freund Komponist: Christian Bluthardt Sounddesign, Mischung &amp; Master: Tom Steinbrecher  Spieldauer: ca. 68 Minuten\" \/>\n<meta name=\"robots\" content=\"index, follow, max-snippet:-1, max-image-preview:large, max-video-preview:-1\" \/>\n<link rel=\"canonical\" href=\"https:\/\/www.allscore.de\/shop\/produkt\/professor-van-dusen-nimmt-die-beichte-ab\/\" \/>\n<meta property=\"og:locale\" content=\"de_DE\" \/>\n<meta property=\"og:type\" content=\"article\" \/>\n<meta property=\"og:title\" content=\"Professor van Dusen nimmt die Beichte ab (16)\" \/>\n<meta property=\"og:description\" content=\"Eine harmlose Reise nach Florida entpuppt sich f\u00fcr Professor van Dusen und seinen Begleiter Hutchinson Hatch als ein gef\u00e4hrliches Abenteuer. Durch einen Hurricane vom Weg abgekommen, landen die beiden M\u00e4nner in einem Nonnenkloster. Dort geht es den Bewohnerinnen zufolge nicht mit rechten Dingen zu. Geheime Zeichen an der Wand versetzen die Nonnen in Aufruhr. Auch die erste Leiche l\u00e4sst nicht lange auf sich warten. Professor van Dusen nimmt daraufhin die Herausforderung eines Parapsychologen an, in einem Wettstreit die L\u00f6sung des Falls zu finden.  Professor van Dusen: Bernd Vollbrecht Hutchinson Hatch: Nicolai Tegeler Mutter Ignatia: Luise Lunow Marion: Nicole Hannak Amalia: Franziska Endres Kassandra: Ilka Teichm\u00fcller Georgina Rampole: Jenny Maria Meyer Gonsalez: Peter Lontzek John Anderson: Dirk M\u00fcller George Hickson: Eckart Dux u.a.  Regie: Gerd Naumann Buch: Marc Freund Komponist: Christian Bluthardt Sounddesign, Mischung &amp; Master: Tom Steinbrecher  Spieldauer: ca. 68 Minuten\" \/>\n<meta property=\"og:url\" content=\"https:\/\/www.allscore.de\/shop\/produkt\/professor-van-dusen-nimmt-die-beichte-ab\/\" \/>\n<meta property=\"og:site_name\" content=\"Allscore Shop\" \/>\n<meta property=\"article:modified_time\" content=\"2024-12-25T21:44:41+00:00\" \/>\n<meta property=\"og:image\" content=\"https:\/\/www.allscore.de\/shop\/wp-content\/uploads\/2020\/09\/PvD16_1200x1200.jpg\" \/>\n\t<meta property=\"og:image:width\" content=\"1200\" \/>\n\t<meta property=\"og:image:height\" content=\"1200\" \/>\n\t<meta property=\"og:image:type\" content=\"image\/jpeg\" \/>\n<meta name=\"twitter:card\" content=\"summary_large_image\" \/>\n<meta name=\"twitter:label1\" content=\"Gesch\u00e4tzte Lesezeit\" \/>\n\t<meta name=\"twitter:data1\" content=\"2\u00a0Minuten\" \/>\n<script type=\"application\/ld+json\" class=\"yoast-schema-graph\">{\"@context\":\"https:\\\/\\\/schema.org\",\"@graph\":[{\"@type\":\"WebPage\",\"@id\":\"https:\\\/\\\/www.allscore.de\\\/shop\\\/produkt\\\/professor-van-dusen-nimmt-die-beichte-ab\\\/\",\"url\":\"https:\\\/\\\/www.allscore.de\\\/shop\\\/produkt\\\/professor-van-dusen-nimmt-die-beichte-ab\\\/\",\"name\":\"Professor van Dusen nimmt die Beichte ab (16)\",\"isPartOf\":{\"@id\":\"https:\\\/\\\/www.allscore.de\\\/shop\\\/#website\"},\"primaryImageOfPage\":{\"@id\":\"https:\\\/\\\/www.allscore.de\\\/shop\\\/produkt\\\/professor-van-dusen-nimmt-die-beichte-ab\\\/#primaryimage\"},\"image\":{\"@id\":\"https:\\\/\\\/www.allscore.de\\\/shop\\\/produkt\\\/professor-van-dusen-nimmt-die-beichte-ab\\\/#primaryimage\"},\"thumbnailUrl\":\"https:\\\/\\\/www.allscore.de\\\/shop\\\/wp-content\\\/uploads\\\/2020\\\/09\\\/PvD16_1200x1200.jpg\",\"datePublished\":\"2018-11-08T17:13:26+00:00\",\"dateModified\":\"2024-12-25T21:44:41+00:00\",\"description\":\"Eine harmlose Reise nach Florida entpuppt sich f\u00fcr Professor van Dusen und seinen Begleiter Hutchinson Hatch als ein gef\u00e4hrliches Abenteuer. Durch einen Hurricane vom Weg abgekommen, landen die beiden M\u00e4nner in einem Nonnenkloster. Dort geht es den Bewohnerinnen zufolge nicht mit rechten Dingen zu. Geheime Zeichen an der Wand versetzen die Nonnen in Aufruhr. Auch die erste Leiche l\u00e4sst nicht lange auf sich warten. Professor van Dusen nimmt daraufhin die Herausforderung eines Parapsychologen an, in einem Wettstreit die L\u00f6sung des Falls zu finden. Professor van Dusen: Bernd Vollbrecht Hutchinson Hatch: Nicolai Tegeler Mutter Ignatia: Luise Lunow Marion: Nicole Hannak Amalia: Franziska Endres Kassandra: Ilka Teichm\u00fcller Georgina Rampole: Jenny Maria Meyer Gonsalez: Peter Lontzek John Anderson: Dirk M\u00fcller George Hickson: Eckart Dux u.a. Regie: Gerd Naumann Buch: Marc Freund Komponist: Christian Bluthardt Sounddesign, Mischung &amp; Master: Tom Steinbrecher Spieldauer: ca. 68 Minuten\",\"breadcrumb\":{\"@id\":\"https:\\\/\\\/www.allscore.de\\\/shop\\\/produkt\\\/professor-van-dusen-nimmt-die-beichte-ab\\\/#breadcrumb\"},\"inLanguage\":\"de\",\"potentialAction\":[{\"@type\":\"ReadAction\",\"target\":[\"https:\\\/\\\/www.allscore.de\\\/shop\\\/produkt\\\/professor-van-dusen-nimmt-die-beichte-ab\\\/\"]}]},{\"@type\":\"ImageObject\",\"inLanguage\":\"de\",\"@id\":\"https:\\\/\\\/www.allscore.de\\\/shop\\\/produkt\\\/professor-van-dusen-nimmt-die-beichte-ab\\\/#primaryimage\",\"url\":\"https:\\\/\\\/www.allscore.de\\\/shop\\\/wp-content\\\/uploads\\\/2020\\\/09\\\/PvD16_1200x1200.jpg\",\"contentUrl\":\"https:\\\/\\\/www.allscore.de\\\/shop\\\/wp-content\\\/uploads\\\/2020\\\/09\\\/PvD16_1200x1200.jpg\",\"width\":1200,\"height\":1200,\"caption\":\"Professor van Dusen nimmt die Beichte ab\"},{\"@type\":\"BreadcrumbList\",\"@id\":\"https:\\\/\\\/www.allscore.de\\\/shop\\\/produkt\\\/professor-van-dusen-nimmt-die-beichte-ab\\\/#breadcrumb\",\"itemListElement\":[{\"@type\":\"ListItem\",\"position\":1,\"name\":\"Startseite\",\"item\":\"https:\\\/\\\/www.allscore.de\\\/shop\\\/\"},{\"@type\":\"ListItem\",\"position\":2,\"name\":\"Produkte\",\"item\":\"https:\\\/\\\/www.allscore.de\\\/shop\\\/shop\\\/\"},{\"@type\":\"ListItem\",\"position\":3,\"name\":\"Professor van Dusen nimmt die Beichte ab (16)\"}]},{\"@type\":\"WebSite\",\"@id\":\"https:\\\/\\\/www.allscore.de\\\/shop\\\/#website\",\"url\":\"https:\\\/\\\/www.allscore.de\\\/shop\\\/\",\"name\":\"Allscore Shop\",\"description\":\"All Score Media\",\"publisher\":{\"@id\":\"https:\\\/\\\/www.allscore.de\\\/shop\\\/#organization\"},\"potentialAction\":[{\"@type\":\"SearchAction\",\"target\":{\"@type\":\"EntryPoint\",\"urlTemplate\":\"https:\\\/\\\/www.allscore.de\\\/shop\\\/?s={search_term_string}\"},\"query-input\":{\"@type\":\"PropertyValueSpecification\",\"valueRequired\":true,\"valueName\":\"search_term_string\"}}],\"inLanguage\":\"de\"},{\"@type\":\"Organization\",\"@id\":\"https:\\\/\\\/www.allscore.de\\\/shop\\\/#organization\",\"name\":\"All Score Media\",\"alternateName\":\"Allscore\",\"url\":\"https:\\\/\\\/www.allscore.de\\\/shop\\\/\",\"logo\":{\"@type\":\"ImageObject\",\"inLanguage\":\"de\",\"@id\":\"https:\\\/\\\/www.allscore.de\\\/shop\\\/#\\\/schema\\\/logo\\\/image\\\/\",\"url\":\"https:\\\/\\\/www.allscore.de\\\/shop\\\/wp-content\\\/uploads\\\/2026\\\/01\\\/Logo_Yoast_Shop_2026.png\",\"contentUrl\":\"https:\\\/\\\/www.allscore.de\\\/shop\\\/wp-content\\\/uploads\\\/2026\\\/01\\\/Logo_Yoast_Shop_2026.png\",\"width\":696,\"height\":696,\"caption\":\"All Score Media\"},\"image\":{\"@id\":\"https:\\\/\\\/www.allscore.de\\\/shop\\\/#\\\/schema\\\/logo\\\/image\\\/\"}}]}<\/script>\n<!-- \/ Yoast SEO plugin. -->","yoast_head_json":{"title":"Professor van Dusen nimmt die Beichte ab (16)","description":"Eine harmlose Reise nach Florida entpuppt sich f\u00fcr Professor van Dusen und seinen Begleiter Hutchinson Hatch als ein gef\u00e4hrliches Abenteuer. Durch einen Hurricane vom Weg abgekommen, landen die beiden M\u00e4nner in einem Nonnenkloster. Dort geht es den Bewohnerinnen zufolge nicht mit rechten Dingen zu. Geheime Zeichen an der Wand versetzen die Nonnen in Aufruhr. Auch die erste Leiche l\u00e4sst nicht lange auf sich warten. Professor van Dusen nimmt daraufhin die Herausforderung eines Parapsychologen an, in einem Wettstreit die L\u00f6sung des Falls zu finden.  Professor van Dusen: Bernd Vollbrecht Hutchinson Hatch: Nicolai Tegeler Mutter Ignatia: Luise Lunow Marion: Nicole Hannak Amalia: Franziska Endres Kassandra: Ilka Teichm\u00fcller Georgina Rampole: Jenny Maria Meyer Gonsalez: Peter Lontzek John Anderson: Dirk M\u00fcller George Hickson: Eckart Dux u.a.  Regie: Gerd Naumann Buch: Marc Freund Komponist: Christian Bluthardt Sounddesign, Mischung &amp; Master: Tom Steinbrecher  Spieldauer: ca. 68 Minuten","robots":{"index":"index","follow":"follow","max-snippet":"max-snippet:-1","max-image-preview":"max-image-preview:large","max-video-preview":"max-video-preview:-1"},"canonical":"https:\/\/www.allscore.de\/shop\/produkt\/professor-van-dusen-nimmt-die-beichte-ab\/","og_locale":"de_DE","og_type":"article","og_title":"Professor van Dusen nimmt die Beichte ab (16)","og_description":"Eine harmlose Reise nach Florida entpuppt sich f\u00fcr Professor van Dusen und seinen Begleiter Hutchinson Hatch als ein gef\u00e4hrliches Abenteuer. Durch einen Hurricane vom Weg abgekommen, landen die beiden M\u00e4nner in einem Nonnenkloster. Dort geht es den Bewohnerinnen zufolge nicht mit rechten Dingen zu. Geheime Zeichen an der Wand versetzen die Nonnen in Aufruhr. Auch die erste Leiche l\u00e4sst nicht lange auf sich warten. Professor van Dusen nimmt daraufhin die Herausforderung eines Parapsychologen an, in einem Wettstreit die L\u00f6sung des Falls zu finden.  Professor van Dusen: Bernd Vollbrecht Hutchinson Hatch: Nicolai Tegeler Mutter Ignatia: Luise Lunow Marion: Nicole Hannak Amalia: Franziska Endres Kassandra: Ilka Teichm\u00fcller Georgina Rampole: Jenny Maria Meyer Gonsalez: Peter Lontzek John Anderson: Dirk M\u00fcller George Hickson: Eckart Dux u.a.  Regie: Gerd Naumann Buch: Marc Freund Komponist: Christian Bluthardt Sounddesign, Mischung &amp; Master: Tom Steinbrecher  Spieldauer: ca. 68 Minuten","og_url":"https:\/\/www.allscore.de\/shop\/produkt\/professor-van-dusen-nimmt-die-beichte-ab\/","og_site_name":"Allscore Shop","article_modified_time":"2024-12-25T21:44:41+00:00","og_image":[{"width":1200,"height":1200,"url":"https:\/\/www.allscore.de\/shop\/wp-content\/uploads\/2020\/09\/PvD16_1200x1200.jpg","type":"image\/jpeg"}],"twitter_card":"summary_large_image","twitter_misc":{"Gesch\u00e4tzte Lesezeit":"2\u00a0Minuten"},"schema":{"@context":"https:\/\/schema.org","@graph":[{"@type":"WebPage","@id":"https:\/\/www.allscore.de\/shop\/produkt\/professor-van-dusen-nimmt-die-beichte-ab\/","url":"https:\/\/www.allscore.de\/shop\/produkt\/professor-van-dusen-nimmt-die-beichte-ab\/","name":"Professor van Dusen nimmt die Beichte ab (16)","isPartOf":{"@id":"https:\/\/www.allscore.de\/shop\/#website"},"primaryImageOfPage":{"@id":"https:\/\/www.allscore.de\/shop\/produkt\/professor-van-dusen-nimmt-die-beichte-ab\/#primaryimage"},"image":{"@id":"https:\/\/www.allscore.de\/shop\/produkt\/professor-van-dusen-nimmt-die-beichte-ab\/#primaryimage"},"thumbnailUrl":"https:\/\/www.allscore.de\/shop\/wp-content\/uploads\/2020\/09\/PvD16_1200x1200.jpg","datePublished":"2018-11-08T17:13:26+00:00","dateModified":"2024-12-25T21:44:41+00:00","description":"Eine harmlose Reise nach Florida entpuppt sich f\u00fcr Professor van Dusen und seinen Begleiter Hutchinson Hatch als ein gef\u00e4hrliches Abenteuer. Durch einen Hurricane vom Weg abgekommen, landen die beiden M\u00e4nner in einem Nonnenkloster. Dort geht es den Bewohnerinnen zufolge nicht mit rechten Dingen zu. Geheime Zeichen an der Wand versetzen die Nonnen in Aufruhr. Auch die erste Leiche l\u00e4sst nicht lange auf sich warten. Professor van Dusen nimmt daraufhin die Herausforderung eines Parapsychologen an, in einem Wettstreit die L\u00f6sung des Falls zu finden. Professor van Dusen: Bernd Vollbrecht Hutchinson Hatch: Nicolai Tegeler Mutter Ignatia: Luise Lunow Marion: Nicole Hannak Amalia: Franziska Endres Kassandra: Ilka Teichm\u00fcller Georgina Rampole: Jenny Maria Meyer Gonsalez: Peter Lontzek John Anderson: Dirk M\u00fcller George Hickson: Eckart Dux u.a. Regie: Gerd Naumann Buch: Marc Freund Komponist: Christian Bluthardt Sounddesign, Mischung &amp; Master: Tom Steinbrecher Spieldauer: ca. 68 Minuten","breadcrumb":{"@id":"https:\/\/www.allscore.de\/shop\/produkt\/professor-van-dusen-nimmt-die-beichte-ab\/#breadcrumb"},"inLanguage":"de","potentialAction":[{"@type":"ReadAction","target":["https:\/\/www.allscore.de\/shop\/produkt\/professor-van-dusen-nimmt-die-beichte-ab\/"]}]},{"@type":"ImageObject","inLanguage":"de","@id":"https:\/\/www.allscore.de\/shop\/produkt\/professor-van-dusen-nimmt-die-beichte-ab\/#primaryimage","url":"https:\/\/www.allscore.de\/shop\/wp-content\/uploads\/2020\/09\/PvD16_1200x1200.jpg","contentUrl":"https:\/\/www.allscore.de\/shop\/wp-content\/uploads\/2020\/09\/PvD16_1200x1200.jpg","width":1200,"height":1200,"caption":"Professor van Dusen nimmt die Beichte ab"},{"@type":"BreadcrumbList","@id":"https:\/\/www.allscore.de\/shop\/produkt\/professor-van-dusen-nimmt-die-beichte-ab\/#breadcrumb","itemListElement":[{"@type":"ListItem","position":1,"name":"Startseite","item":"https:\/\/www.allscore.de\/shop\/"},{"@type":"ListItem","position":2,"name":"Produkte","item":"https:\/\/www.allscore.de\/shop\/shop\/"},{"@type":"ListItem","position":3,"name":"Professor van Dusen nimmt die Beichte ab (16)"}]},{"@type":"WebSite","@id":"https:\/\/www.allscore.de\/shop\/#website","url":"https:\/\/www.allscore.de\/shop\/","name":"Allscore Shop","description":"All Score Media","publisher":{"@id":"https:\/\/www.allscore.de\/shop\/#organization"},"potentialAction":[{"@type":"SearchAction","target":{"@type":"EntryPoint","urlTemplate":"https:\/\/www.allscore.de\/shop\/?s={search_term_string}"},"query-input":{"@type":"PropertyValueSpecification","valueRequired":true,"valueName":"search_term_string"}}],"inLanguage":"de"},{"@type":"Organization","@id":"https:\/\/www.allscore.de\/shop\/#organization","name":"All Score Media","alternateName":"Allscore","url":"https:\/\/www.allscore.de\/shop\/","logo":{"@type":"ImageObject","inLanguage":"de","@id":"https:\/\/www.allscore.de\/shop\/#\/schema\/logo\/image\/","url":"https:\/\/www.allscore.de\/shop\/wp-content\/uploads\/2026\/01\/Logo_Yoast_Shop_2026.png","contentUrl":"https:\/\/www.allscore.de\/shop\/wp-content\/uploads\/2026\/01\/Logo_Yoast_Shop_2026.png","width":696,"height":696,"caption":"All Score Media"},"image":{"@id":"https:\/\/www.allscore.de\/shop\/#\/schema\/logo\/image\/"}}]}},"_links":{"self":[{"href":"https:\/\/www.allscore.de\/shop\/wp-json\/wp\/v2\/product\/7474","targetHints":{"allow":["GET"]}}],"collection":[{"href":"https:\/\/www.allscore.de\/shop\/wp-json\/wp\/v2\/product"}],"about":[{"href":"https:\/\/www.allscore.de\/shop\/wp-json\/wp\/v2\/types\/product"}],"wp:featuredmedia":[{"embeddable":true,"href":"https:\/\/www.allscore.de\/shop\/wp-json\/wp\/v2\/media\/7413"}],"wp:attachment":[{"href":"https:\/\/www.allscore.de\/shop\/wp-json\/wp\/v2\/media?parent=7474"}],"wp:term":[{"taxonomy":"product_brand","embeddable":true,"href":"https:\/\/www.allscore.de\/shop\/wp-json\/wp\/v2\/product_brand?post=7474"},{"taxonomy":"product_cat","embeddable":true,"href":"https:\/\/www.allscore.de\/shop\/wp-json\/wp\/v2\/product_cat?post=7474"},{"taxonomy":"product_tag","embeddable":true,"href":"https:\/\/www.allscore.de\/shop\/wp-json\/wp\/v2\/product_tag?post=7474"}],"curies":[{"name":"wp","href":"https:\/\/api.w.org\/{rel}","templated":true}]}}