{"id":7470,"date":"2018-09-08T18:08:43","date_gmt":"2018-09-08T16:08:43","guid":{"rendered":"https:\/\/www.allscore.de\/shop\/?post_type=product&#038;p=7470"},"modified":"2025-10-24T15:55:14","modified_gmt":"2025-10-24T13:55:14","slug":"professor-van-dusen-in-der-totenvilla","status":"publish","type":"product","link":"https:\/\/www.allscore.de\/shop\/produkt\/professor-van-dusen-in-der-totenvilla\/","title":{"rendered":"Professor van Dusen in der Totenvilla (15)"},"content":{"rendered":"<div class=\"more\">\n<p>PRESSE<\/p>\n<p><a href=\"http:\/\/www.hoerspatz.de\/texte_rezis\/dusen_neue_15.htm\" target=\"blank\" rel=\"noopener noreferrer\">Hoerspatz.de<\/a> [Okt. 2018]: &#8222;Professor van Dusen in Berlin (hoffentlich nicht zum letzten Mal) &#8211; mit Zylinder und Zyankali: hervorragende Folge der sch\u00f6nen &#8222;neuen&#8220; Van-Dusen-Reihe von Allscore &#8211; H\u00f6rtipp, Damen und Herren, jawoll, H\u00f6rtipp!!&#8220;<\/p>\n<p><a href=\"http:\/\/www.reziratte.de\/2019\/04\/15\/professor-van-dusen-15-in-der-totenvilla\/\" target=\"blank\" rel=\"noopener noreferrer\">Reziratte<\/a> [April 2019]: &#8222;Die Geschichte beginnt wunderbar schr\u00e4g und eine Spur gruselig, schl\u00e4gt dann aber eine ganz andere, unerwartete Richtung ein. Das sorgt f\u00fcr \u00dcberraschung und h\u00e4lt die Spannung durchg\u00e4ngig hoch. Bei der Aufl\u00f6sung gl\u00e4nzt van Dusen dieses Mal nicht nur mit Intelligenz, sondern auch mit einer guten Portion Dreistigkeit. Das macht Spass!&#8220;<\/p>\n<p><a href=\"https:\/\/www.youtube.com\/watch?v=BJPYXUoNC7k&amp;feature=youtu.be#t=27m25s\" target=\"blank\" rel=\"noopener noreferrer\">OhrCast #82<\/a> [Nov. 2018]: &#8222;&#8230;ein guter Van Dusen!&#8220;<\/p>\n<p><a href=\"http:\/\/www.poldis-hoerspielseite.de\/z3046.htm\" target=\"blank\" rel=\"noopener noreferrer\">Poldis H\u00f6rspielseite<\/a> [Sept. 2018]: &#8222;Sch\u00f6n, dass van Dusens Aufenthalt in Berlin hier mit einer sehr unterhaltsamen Episode angereichert wird, die dem H\u00f6rer viele R\u00e4tsel aufgibt und immer wieder mit kleinen \u00dcberraschungen f\u00fcr neue Aufregung sorgt. Das Ende ist sehr packend, pr\u00e4gnant und ungewohnt f\u00fcr die Serie, was mir ebenfalls sehr gut gefallen hat.&#8220;<\/p>\n<p><a href=\"https:\/\/www.monstersandcritics.de\/professor-van-dusen-fall-15-professor-van-dusen-in-der-totenvilla-horspielkritik\/\" target=\"blank\" rel=\"noopener noreferrer\">Monsters &amp; Critics<\/a> [Okt. 2018]: &#8222;Mit Dr. Raguse f\u00fchrt Autor Marc Freund das perfekte Gegenst\u00fcck zu van Dusen ein. Damit erschafft er (auch wenn der Hobbykriminologe es nicht gerne h\u00f6rt) das van Dusen Pendant zu Sherlock Holmes Moriarty&#8230; Ich bin sehr gespannt, wie es mit van Dusen und seinem neuen Rivalen weitergehen wird \u2013 denn jeder Superman braucht auch seinen eigenen Lex Luthor. Meine Meinung: 10 von 10 Punkten!&#8220;<\/p>\n<p><a href=\"https:\/\/www.hoerbuchjunkies.com\/Professor-van-Dusen-in-der-Totenvilla.htm\" target=\"blank\" rel=\"noopener noreferrer\">Hoerbuchjunkies.com<\/a> [Okt. 2018]: &#8222;Volle Punktzahl und H\u00f6rempfehlung \u2013 nicht nur f\u00fcr Fans!&#8220;<\/p>\n<p><a href=\"https:\/\/www.buchtips.net\/rez10145-die-neuen-faelle-fall-15-professor-van-dusen-in-der-totenvilla.htm\" target=\"blank\" rel=\"noopener noreferrer\">Buchtips.net<\/a> [Okt. 2018]: &#8222;Innerhalb dieser neuen F\u00e4lle ist &#8222;Professor van Dusen in der Totenvilla&#8220; ein ganz besonderes Juwel. Eine Episode, die den Geist der alten Serie in sich aufnimmt und eine tolle und \u00e4u\u00dferst spannende Geschichte erz\u00e4hlt. Chapeau Marc Freund f\u00fcr dieses h\u00f6renswerte Van-Dusen-H\u00f6rspiel. 10\/10***&#8220;<\/p>\n<\/div>\n<div class=\"col-md-9 col-lg-9\"><\/div>\n","protected":false},"excerpt":{"rendered":"<p>Unverhofft kommt oft. Und so kommt es, dass Professor van Dusen und Hutchinson Hatch nicht, wie vorgesehen, bei einem wissenschaftlichen Vortrag landen, sondern inmitten des Berliner Grunewalds. Dort, in einem abgelegenen Haus, machen die beiden eine entsetzliche Entdeckung: Dreizehn Leichen, die im Frack um einen Tisch herumsitzen.<br \/>\nBei den Nachforschungen st\u00f6\u00dft van Dusen schon bald auf eine Gestalt, die hinter vorgehaltener Hand <em>Das Gespenst von Berlin<\/em> genannt wird. Doch was hat es damit auf sich? Die Denkmaschine muss erst das R\u00e4tsel der dreizehn Toten l\u00f6sen, um die Spur des Verbrechers aufnehmen zu k\u00f6nnen.<\/p>\n<p>Professor van Dusen: Bernd Vollbrecht<br \/>\nHutchinson Hatch: Nicolai Tegeler<br \/>\nHermann \u201eder Fuchs\u201c Reinecke: Thomas Schmuckert<br \/>\nHerr Lang: J\u00fcrgen Thormann<br \/>\nDr. Raguse: J\u00f6rg Hengstler<br \/>\nProf. Marzahn: Rainer Brandt<br \/>\nMathilda Helm: Yvonne Greitzke<br \/>\nGernot Disselbeck: Achim Buch<br \/>\nHelga Schroth: Jenny L\u00f6ffler<br \/>\nFritz Gerhard: Tim Knauer<br \/>\nLuise Gerhard: Marieke Oeffinger<br \/>\nHeino Habicht: Heiko Akrap<br \/>\nu.a.<\/p>\n<p>Regie: Gerd Naumann<br \/>\nBuch: Marc Freund<br \/>\nKomponist: Christian Bluthardt<br \/>\nSounddesign, Mischung &amp; Master: Tom Steinbrecher<\/p>\n<p>Spieldauer: ca. 70 Minuten<\/p>\n","protected":false},"featured_media":7414,"template":"","meta":[],"product_brand":[],"product_cat":[72,210],"product_tag":[],"class_list":{"0":"post-7470","1":"product","2":"type-product","3":"status-publish","4":"has-post-thumbnail","6":"product_cat-hoerspiele","7":"product_cat-professor-van-dusen-neue-faelle","8":"product_shipping_class-tontraeger-cd","9":"entry","10":"clearfix","11":"entry-grid","12":"entry-columns-3","13":"entry-product-module-layout-sidebar-right","14":"thumbnail-color-tone-dark","15":"is-youtube","16":"entry-product","18":"entry-product-grid","20":"first","21":"instock","22":"taxable","23":"shipping-taxable","24":"purchasable","25":"product-type-simple"},"yoast_head":"<!-- This site is optimized with the Yoast SEO plugin v27.4 - https:\/\/yoast.com\/product\/yoast-seo-wordpress\/ -->\n<title>Professor van Dusen in der Totenvilla (15)<\/title>\n<meta name=\"description\" content=\"Unverhofft kommt oft. Und so kommt es, dass Professor van Dusen und Hutchinson Hatch nicht, wie vorgesehen, bei einem wissenschaftlichen Vortrag landen, sondern inmitten des Berliner Grunewalds. Dort, in einem abgelegenen Haus, machen die beiden eine entsetzliche Entdeckung: Dreizehn Leichen, die im Frack um einen Tisch herumsitzen. Bei den Nachforschungen st\u00f6\u00dft van Dusen schon bald auf eine Gestalt, die hinter vorgehaltener Hand Das Gespenst von Berlin genannt wird. Doch was hat es damit auf sich? Die Denkmaschine muss erst das R\u00e4tsel der dreizehn Toten l\u00f6sen, um die Spur des Verbrechers aufnehmen zu k\u00f6nnen.  Professor van Dusen: Bernd Vollbrecht Hutchinson Hatch: Nicolai Tegeler Hermann \u201eder Fuchs\u201c Reinecke: Thomas Schmuckert Herr Lang: J\u00fcrgen Thormann Dr. Raguse: J\u00f6rg Hengstler Prof. Marzahn: Rainer Brandt Mathilda Helm: Yvonne Greitzke Gernot Disselbeck: Achim Buch Helga Schroth: Jenny L\u00f6ffler Fritz Gerhard: Tim Knauer Luise Gerhard: Marieke Oeffinger Heino Habicht: Heiko Akrap u.a.  Regie: Gerd Naumann Buch: Marc Freund Komponist: Christian Bluthardt Sounddesign, Mischung &amp; Master: Tom Steinbrecher  Spieldauer: ca. 70 Minuten\" \/>\n<meta name=\"robots\" content=\"index, follow, max-snippet:-1, max-image-preview:large, max-video-preview:-1\" \/>\n<link rel=\"canonical\" href=\"https:\/\/www.allscore.de\/shop\/produkt\/professor-van-dusen-in-der-totenvilla\/\" \/>\n<meta property=\"og:locale\" content=\"de_DE\" \/>\n<meta property=\"og:type\" content=\"article\" \/>\n<meta property=\"og:title\" content=\"Professor van Dusen in der Totenvilla (15)\" \/>\n<meta property=\"og:description\" content=\"Unverhofft kommt oft. Und so kommt es, dass Professor van Dusen und Hutchinson Hatch nicht, wie vorgesehen, bei einem wissenschaftlichen Vortrag landen, sondern inmitten des Berliner Grunewalds. Dort, in einem abgelegenen Haus, machen die beiden eine entsetzliche Entdeckung: Dreizehn Leichen, die im Frack um einen Tisch herumsitzen. Bei den Nachforschungen st\u00f6\u00dft van Dusen schon bald auf eine Gestalt, die hinter vorgehaltener Hand Das Gespenst von Berlin genannt wird. Doch was hat es damit auf sich? Die Denkmaschine muss erst das R\u00e4tsel der dreizehn Toten l\u00f6sen, um die Spur des Verbrechers aufnehmen zu k\u00f6nnen.  Professor van Dusen: Bernd Vollbrecht Hutchinson Hatch: Nicolai Tegeler Hermann \u201eder Fuchs\u201c Reinecke: Thomas Schmuckert Herr Lang: J\u00fcrgen Thormann Dr. Raguse: J\u00f6rg Hengstler Prof. Marzahn: Rainer Brandt Mathilda Helm: Yvonne Greitzke Gernot Disselbeck: Achim Buch Helga Schroth: Jenny L\u00f6ffler Fritz Gerhard: Tim Knauer Luise Gerhard: Marieke Oeffinger Heino Habicht: Heiko Akrap u.a.  Regie: Gerd Naumann Buch: Marc Freund Komponist: Christian Bluthardt Sounddesign, Mischung &amp; Master: Tom Steinbrecher  Spieldauer: ca. 70 Minuten\" \/>\n<meta property=\"og:url\" content=\"https:\/\/www.allscore.de\/shop\/produkt\/professor-van-dusen-in-der-totenvilla\/\" \/>\n<meta property=\"og:site_name\" content=\"Allscore Shop\" \/>\n<meta property=\"article:modified_time\" content=\"2025-10-24T13:55:14+00:00\" \/>\n<meta property=\"og:image\" content=\"https:\/\/www.allscore.de\/shop\/wp-content\/uploads\/2020\/09\/PvD15_1200x1200.jpg\" \/>\n\t<meta property=\"og:image:width\" content=\"1200\" \/>\n\t<meta property=\"og:image:height\" content=\"1200\" \/>\n\t<meta property=\"og:image:type\" content=\"image\/jpeg\" \/>\n<meta name=\"twitter:card\" content=\"summary_large_image\" \/>\n<meta name=\"twitter:label1\" content=\"Gesch\u00e4tzte Lesezeit\" \/>\n\t<meta name=\"twitter:data1\" content=\"1\u00a0Minute\" \/>\n<script type=\"application\/ld+json\" class=\"yoast-schema-graph\">{\"@context\":\"https:\\\/\\\/schema.org\",\"@graph\":[{\"@type\":\"WebPage\",\"@id\":\"https:\\\/\\\/www.allscore.de\\\/shop\\\/produkt\\\/professor-van-dusen-in-der-totenvilla\\\/\",\"url\":\"https:\\\/\\\/www.allscore.de\\\/shop\\\/produkt\\\/professor-van-dusen-in-der-totenvilla\\\/\",\"name\":\"Professor van Dusen in der Totenvilla (15)\",\"isPartOf\":{\"@id\":\"https:\\\/\\\/www.allscore.de\\\/shop\\\/#website\"},\"primaryImageOfPage\":{\"@id\":\"https:\\\/\\\/www.allscore.de\\\/shop\\\/produkt\\\/professor-van-dusen-in-der-totenvilla\\\/#primaryimage\"},\"image\":{\"@id\":\"https:\\\/\\\/www.allscore.de\\\/shop\\\/produkt\\\/professor-van-dusen-in-der-totenvilla\\\/#primaryimage\"},\"thumbnailUrl\":\"https:\\\/\\\/www.allscore.de\\\/shop\\\/wp-content\\\/uploads\\\/2020\\\/09\\\/PvD15_1200x1200.jpg\",\"datePublished\":\"2018-09-08T16:08:43+00:00\",\"dateModified\":\"2025-10-24T13:55:14+00:00\",\"description\":\"Unverhofft kommt oft. Und so kommt es, dass Professor van Dusen und Hutchinson Hatch nicht, wie vorgesehen, bei einem wissenschaftlichen Vortrag landen, sondern inmitten des Berliner Grunewalds. Dort, in einem abgelegenen Haus, machen die beiden eine entsetzliche Entdeckung: Dreizehn Leichen, die im Frack um einen Tisch herumsitzen. Bei den Nachforschungen st\u00f6\u00dft van Dusen schon bald auf eine Gestalt, die hinter vorgehaltener Hand Das Gespenst von Berlin genannt wird. Doch was hat es damit auf sich? Die Denkmaschine muss erst das R\u00e4tsel der dreizehn Toten l\u00f6sen, um die Spur des Verbrechers aufnehmen zu k\u00f6nnen. Professor van Dusen: Bernd Vollbrecht Hutchinson Hatch: Nicolai Tegeler Hermann \u201eder Fuchs\u201c Reinecke: Thomas Schmuckert Herr Lang: J\u00fcrgen Thormann Dr. Raguse: J\u00f6rg Hengstler Prof. Marzahn: Rainer Brandt Mathilda Helm: Yvonne Greitzke Gernot Disselbeck: Achim Buch Helga Schroth: Jenny L\u00f6ffler Fritz Gerhard: Tim Knauer Luise Gerhard: Marieke Oeffinger Heino Habicht: Heiko Akrap u.a. Regie: Gerd Naumann Buch: Marc Freund Komponist: Christian Bluthardt Sounddesign, Mischung &amp; Master: Tom Steinbrecher Spieldauer: ca. 70 Minuten\",\"breadcrumb\":{\"@id\":\"https:\\\/\\\/www.allscore.de\\\/shop\\\/produkt\\\/professor-van-dusen-in-der-totenvilla\\\/#breadcrumb\"},\"inLanguage\":\"de\",\"potentialAction\":[{\"@type\":\"ReadAction\",\"target\":[\"https:\\\/\\\/www.allscore.de\\\/shop\\\/produkt\\\/professor-van-dusen-in-der-totenvilla\\\/\"]}]},{\"@type\":\"ImageObject\",\"inLanguage\":\"de\",\"@id\":\"https:\\\/\\\/www.allscore.de\\\/shop\\\/produkt\\\/professor-van-dusen-in-der-totenvilla\\\/#primaryimage\",\"url\":\"https:\\\/\\\/www.allscore.de\\\/shop\\\/wp-content\\\/uploads\\\/2020\\\/09\\\/PvD15_1200x1200.jpg\",\"contentUrl\":\"https:\\\/\\\/www.allscore.de\\\/shop\\\/wp-content\\\/uploads\\\/2020\\\/09\\\/PvD15_1200x1200.jpg\",\"width\":1200,\"height\":1200,\"caption\":\"Professor van Dusen in der Totenvilla\"},{\"@type\":\"BreadcrumbList\",\"@id\":\"https:\\\/\\\/www.allscore.de\\\/shop\\\/produkt\\\/professor-van-dusen-in-der-totenvilla\\\/#breadcrumb\",\"itemListElement\":[{\"@type\":\"ListItem\",\"position\":1,\"name\":\"Startseite\",\"item\":\"https:\\\/\\\/www.allscore.de\\\/shop\\\/\"},{\"@type\":\"ListItem\",\"position\":2,\"name\":\"Produkte\",\"item\":\"https:\\\/\\\/www.allscore.de\\\/shop\\\/shop\\\/\"},{\"@type\":\"ListItem\",\"position\":3,\"name\":\"Professor van Dusen in der Totenvilla (15)\"}]},{\"@type\":\"WebSite\",\"@id\":\"https:\\\/\\\/www.allscore.de\\\/shop\\\/#website\",\"url\":\"https:\\\/\\\/www.allscore.de\\\/shop\\\/\",\"name\":\"Allscore Shop\",\"description\":\"All Score Media\",\"publisher\":{\"@id\":\"https:\\\/\\\/www.allscore.de\\\/shop\\\/#organization\"},\"potentialAction\":[{\"@type\":\"SearchAction\",\"target\":{\"@type\":\"EntryPoint\",\"urlTemplate\":\"https:\\\/\\\/www.allscore.de\\\/shop\\\/?s={search_term_string}\"},\"query-input\":{\"@type\":\"PropertyValueSpecification\",\"valueRequired\":true,\"valueName\":\"search_term_string\"}}],\"inLanguage\":\"de\"},{\"@type\":\"Organization\",\"@id\":\"https:\\\/\\\/www.allscore.de\\\/shop\\\/#organization\",\"name\":\"All Score Media\",\"alternateName\":\"Allscore\",\"url\":\"https:\\\/\\\/www.allscore.de\\\/shop\\\/\",\"logo\":{\"@type\":\"ImageObject\",\"inLanguage\":\"de\",\"@id\":\"https:\\\/\\\/www.allscore.de\\\/shop\\\/#\\\/schema\\\/logo\\\/image\\\/\",\"url\":\"https:\\\/\\\/www.allscore.de\\\/shop\\\/wp-content\\\/uploads\\\/2026\\\/01\\\/Logo_Yoast_Shop_2026.png\",\"contentUrl\":\"https:\\\/\\\/www.allscore.de\\\/shop\\\/wp-content\\\/uploads\\\/2026\\\/01\\\/Logo_Yoast_Shop_2026.png\",\"width\":696,\"height\":696,\"caption\":\"All Score Media\"},\"image\":{\"@id\":\"https:\\\/\\\/www.allscore.de\\\/shop\\\/#\\\/schema\\\/logo\\\/image\\\/\"}}]}<\/script>\n<!-- \/ Yoast SEO plugin. -->","yoast_head_json":{"title":"Professor van Dusen in der Totenvilla (15)","description":"Unverhofft kommt oft. Und so kommt es, dass Professor van Dusen und Hutchinson Hatch nicht, wie vorgesehen, bei einem wissenschaftlichen Vortrag landen, sondern inmitten des Berliner Grunewalds. Dort, in einem abgelegenen Haus, machen die beiden eine entsetzliche Entdeckung: Dreizehn Leichen, die im Frack um einen Tisch herumsitzen. Bei den Nachforschungen st\u00f6\u00dft van Dusen schon bald auf eine Gestalt, die hinter vorgehaltener Hand Das Gespenst von Berlin genannt wird. Doch was hat es damit auf sich? Die Denkmaschine muss erst das R\u00e4tsel der dreizehn Toten l\u00f6sen, um die Spur des Verbrechers aufnehmen zu k\u00f6nnen.  Professor van Dusen: Bernd Vollbrecht Hutchinson Hatch: Nicolai Tegeler Hermann \u201eder Fuchs\u201c Reinecke: Thomas Schmuckert Herr Lang: J\u00fcrgen Thormann Dr. Raguse: J\u00f6rg Hengstler Prof. Marzahn: Rainer Brandt Mathilda Helm: Yvonne Greitzke Gernot Disselbeck: Achim Buch Helga Schroth: Jenny L\u00f6ffler Fritz Gerhard: Tim Knauer Luise Gerhard: Marieke Oeffinger Heino Habicht: Heiko Akrap u.a.  Regie: Gerd Naumann Buch: Marc Freund Komponist: Christian Bluthardt Sounddesign, Mischung &amp; Master: Tom Steinbrecher  Spieldauer: ca. 70 Minuten","robots":{"index":"index","follow":"follow","max-snippet":"max-snippet:-1","max-image-preview":"max-image-preview:large","max-video-preview":"max-video-preview:-1"},"canonical":"https:\/\/www.allscore.de\/shop\/produkt\/professor-van-dusen-in-der-totenvilla\/","og_locale":"de_DE","og_type":"article","og_title":"Professor van Dusen in der Totenvilla (15)","og_description":"Unverhofft kommt oft. Und so kommt es, dass Professor van Dusen und Hutchinson Hatch nicht, wie vorgesehen, bei einem wissenschaftlichen Vortrag landen, sondern inmitten des Berliner Grunewalds. Dort, in einem abgelegenen Haus, machen die beiden eine entsetzliche Entdeckung: Dreizehn Leichen, die im Frack um einen Tisch herumsitzen. Bei den Nachforschungen st\u00f6\u00dft van Dusen schon bald auf eine Gestalt, die hinter vorgehaltener Hand Das Gespenst von Berlin genannt wird. Doch was hat es damit auf sich? Die Denkmaschine muss erst das R\u00e4tsel der dreizehn Toten l\u00f6sen, um die Spur des Verbrechers aufnehmen zu k\u00f6nnen.  Professor van Dusen: Bernd Vollbrecht Hutchinson Hatch: Nicolai Tegeler Hermann \u201eder Fuchs\u201c Reinecke: Thomas Schmuckert Herr Lang: J\u00fcrgen Thormann Dr. Raguse: J\u00f6rg Hengstler Prof. Marzahn: Rainer Brandt Mathilda Helm: Yvonne Greitzke Gernot Disselbeck: Achim Buch Helga Schroth: Jenny L\u00f6ffler Fritz Gerhard: Tim Knauer Luise Gerhard: Marieke Oeffinger Heino Habicht: Heiko Akrap u.a.  Regie: Gerd Naumann Buch: Marc Freund Komponist: Christian Bluthardt Sounddesign, Mischung &amp; Master: Tom Steinbrecher  Spieldauer: ca. 70 Minuten","og_url":"https:\/\/www.allscore.de\/shop\/produkt\/professor-van-dusen-in-der-totenvilla\/","og_site_name":"Allscore Shop","article_modified_time":"2025-10-24T13:55:14+00:00","og_image":[{"width":1200,"height":1200,"url":"https:\/\/www.allscore.de\/shop\/wp-content\/uploads\/2020\/09\/PvD15_1200x1200.jpg","type":"image\/jpeg"}],"twitter_card":"summary_large_image","twitter_misc":{"Gesch\u00e4tzte Lesezeit":"1\u00a0Minute"},"schema":{"@context":"https:\/\/schema.org","@graph":[{"@type":"WebPage","@id":"https:\/\/www.allscore.de\/shop\/produkt\/professor-van-dusen-in-der-totenvilla\/","url":"https:\/\/www.allscore.de\/shop\/produkt\/professor-van-dusen-in-der-totenvilla\/","name":"Professor van Dusen in der Totenvilla (15)","isPartOf":{"@id":"https:\/\/www.allscore.de\/shop\/#website"},"primaryImageOfPage":{"@id":"https:\/\/www.allscore.de\/shop\/produkt\/professor-van-dusen-in-der-totenvilla\/#primaryimage"},"image":{"@id":"https:\/\/www.allscore.de\/shop\/produkt\/professor-van-dusen-in-der-totenvilla\/#primaryimage"},"thumbnailUrl":"https:\/\/www.allscore.de\/shop\/wp-content\/uploads\/2020\/09\/PvD15_1200x1200.jpg","datePublished":"2018-09-08T16:08:43+00:00","dateModified":"2025-10-24T13:55:14+00:00","description":"Unverhofft kommt oft. Und so kommt es, dass Professor van Dusen und Hutchinson Hatch nicht, wie vorgesehen, bei einem wissenschaftlichen Vortrag landen, sondern inmitten des Berliner Grunewalds. Dort, in einem abgelegenen Haus, machen die beiden eine entsetzliche Entdeckung: Dreizehn Leichen, die im Frack um einen Tisch herumsitzen. Bei den Nachforschungen st\u00f6\u00dft van Dusen schon bald auf eine Gestalt, die hinter vorgehaltener Hand Das Gespenst von Berlin genannt wird. Doch was hat es damit auf sich? Die Denkmaschine muss erst das R\u00e4tsel der dreizehn Toten l\u00f6sen, um die Spur des Verbrechers aufnehmen zu k\u00f6nnen. Professor van Dusen: Bernd Vollbrecht Hutchinson Hatch: Nicolai Tegeler Hermann \u201eder Fuchs\u201c Reinecke: Thomas Schmuckert Herr Lang: J\u00fcrgen Thormann Dr. Raguse: J\u00f6rg Hengstler Prof. Marzahn: Rainer Brandt Mathilda Helm: Yvonne Greitzke Gernot Disselbeck: Achim Buch Helga Schroth: Jenny L\u00f6ffler Fritz Gerhard: Tim Knauer Luise Gerhard: Marieke Oeffinger Heino Habicht: Heiko Akrap u.a. Regie: Gerd Naumann Buch: Marc Freund Komponist: Christian Bluthardt Sounddesign, Mischung &amp; Master: Tom Steinbrecher Spieldauer: ca. 70 Minuten","breadcrumb":{"@id":"https:\/\/www.allscore.de\/shop\/produkt\/professor-van-dusen-in-der-totenvilla\/#breadcrumb"},"inLanguage":"de","potentialAction":[{"@type":"ReadAction","target":["https:\/\/www.allscore.de\/shop\/produkt\/professor-van-dusen-in-der-totenvilla\/"]}]},{"@type":"ImageObject","inLanguage":"de","@id":"https:\/\/www.allscore.de\/shop\/produkt\/professor-van-dusen-in-der-totenvilla\/#primaryimage","url":"https:\/\/www.allscore.de\/shop\/wp-content\/uploads\/2020\/09\/PvD15_1200x1200.jpg","contentUrl":"https:\/\/www.allscore.de\/shop\/wp-content\/uploads\/2020\/09\/PvD15_1200x1200.jpg","width":1200,"height":1200,"caption":"Professor van Dusen in der Totenvilla"},{"@type":"BreadcrumbList","@id":"https:\/\/www.allscore.de\/shop\/produkt\/professor-van-dusen-in-der-totenvilla\/#breadcrumb","itemListElement":[{"@type":"ListItem","position":1,"name":"Startseite","item":"https:\/\/www.allscore.de\/shop\/"},{"@type":"ListItem","position":2,"name":"Produkte","item":"https:\/\/www.allscore.de\/shop\/shop\/"},{"@type":"ListItem","position":3,"name":"Professor van Dusen in der Totenvilla (15)"}]},{"@type":"WebSite","@id":"https:\/\/www.allscore.de\/shop\/#website","url":"https:\/\/www.allscore.de\/shop\/","name":"Allscore Shop","description":"All Score Media","publisher":{"@id":"https:\/\/www.allscore.de\/shop\/#organization"},"potentialAction":[{"@type":"SearchAction","target":{"@type":"EntryPoint","urlTemplate":"https:\/\/www.allscore.de\/shop\/?s={search_term_string}"},"query-input":{"@type":"PropertyValueSpecification","valueRequired":true,"valueName":"search_term_string"}}],"inLanguage":"de"},{"@type":"Organization","@id":"https:\/\/www.allscore.de\/shop\/#organization","name":"All Score Media","alternateName":"Allscore","url":"https:\/\/www.allscore.de\/shop\/","logo":{"@type":"ImageObject","inLanguage":"de","@id":"https:\/\/www.allscore.de\/shop\/#\/schema\/logo\/image\/","url":"https:\/\/www.allscore.de\/shop\/wp-content\/uploads\/2026\/01\/Logo_Yoast_Shop_2026.png","contentUrl":"https:\/\/www.allscore.de\/shop\/wp-content\/uploads\/2026\/01\/Logo_Yoast_Shop_2026.png","width":696,"height":696,"caption":"All Score Media"},"image":{"@id":"https:\/\/www.allscore.de\/shop\/#\/schema\/logo\/image\/"}}]}},"_links":{"self":[{"href":"https:\/\/www.allscore.de\/shop\/wp-json\/wp\/v2\/product\/7470","targetHints":{"allow":["GET"]}}],"collection":[{"href":"https:\/\/www.allscore.de\/shop\/wp-json\/wp\/v2\/product"}],"about":[{"href":"https:\/\/www.allscore.de\/shop\/wp-json\/wp\/v2\/types\/product"}],"wp:featuredmedia":[{"embeddable":true,"href":"https:\/\/www.allscore.de\/shop\/wp-json\/wp\/v2\/media\/7414"}],"wp:attachment":[{"href":"https:\/\/www.allscore.de\/shop\/wp-json\/wp\/v2\/media?parent=7470"}],"wp:term":[{"taxonomy":"product_brand","embeddable":true,"href":"https:\/\/www.allscore.de\/shop\/wp-json\/wp\/v2\/product_brand?post=7470"},{"taxonomy":"product_cat","embeddable":true,"href":"https:\/\/www.allscore.de\/shop\/wp-json\/wp\/v2\/product_cat?post=7470"},{"taxonomy":"product_tag","embeddable":true,"href":"https:\/\/www.allscore.de\/shop\/wp-json\/wp\/v2\/product_tag?post=7470"}],"curies":[{"name":"wp","href":"https:\/\/api.w.org\/{rel}","templated":true}]}}