{"id":7466,"date":"2018-06-08T17:49:44","date_gmt":"2018-06-08T15:49:44","guid":{"rendered":"https:\/\/www.allscore.de\/shop\/?post_type=product&#038;p=7466"},"modified":"2026-03-31T07:30:14","modified_gmt":"2026-03-31T05:30:14","slug":"professor-van-dusen-geht-ein-licht-auf","status":"publish","type":"product","link":"https:\/\/www.allscore.de\/shop\/produkt\/professor-van-dusen-geht-ein-licht-auf\/","title":{"rendered":"Professor van Dusen geht ein Licht auf (14)"},"content":{"rendered":"<p>PRESSE<\/p>\n<p><a href=\"http:\/\/hoerspatz.de\/texte_rezis\/dusen_neue_14.html\" target=\"blank\" rel=\"noopener noreferrer\">Hoerspatz.de<\/a> [August 2018]: &#8222;Ein knackiger Fall, sprachlich und stilistisch auf hohem Niveau, viele ulkige Ideen (ich sage nur Lasso!) &#8211; insgesamt eine superbe Folge &#8211; well done, Mr. F. &#8211; H\u00f6rtipp!&#8220;<\/p>\n<p><a href=\"https:\/\/www.youtube.com\/watch?v=xvJeG9a_3FU#t=41m26s\" target=\"blank\" rel=\"noopener noreferrer\">OhrCast #78<\/a> [Juli 2018]: &#8222;Das z\u00fcndet, das funktioniert! &#8230; So geht Van Dusen, so macht Van Dusen Spa\u00df!&#8220;<\/p>\n<p><a href=\"http:\/\/www.poldis-hoerspielseite.de\/z2976.htm\" target=\"blank\" rel=\"noopener noreferrer\">Poldis H\u00f6rspielseite<\/a> [Juni 2018]: &#8222;Ich mag die leicht skurrile Art der Dorfbewohner, die sehr spezielle Beziehung zwischen den beiden Protagonisten, Roberta als wichtigen Nebencharakter. Doch auch der Fortlauf der Geschichte ist gut erz\u00e4hlt und wird durch immer neue Details und am Ende einigen spannenden Szenen angereichert. Eine sehr h\u00f6renswerte Produktion.&#8220;<\/p>\n<p><a href=\"http:\/\/www.monstersandcritics.de\/professor-van-dusen-fall-14-professor-van-dusen-geht-ein-licht-auf-hoerspielkritik\/\" target=\"blank\" rel=\"noopener noreferrer\">Monsters &amp; Critics<\/a> [Juli 2018]: Eine gute Episode, mit einem spannenden, dennoch ein wenig \u00fcbertriebenen Ende. Meine Meinung: 10 von 10 Punkten!<\/p>\n<p><a href=\"https:\/\/www.allscore.de\/search\/Der H\u00f6rer wird absolut auf die Folter gespannt und kann bis zum Schluss hin kaum erraten, wie sich der Fall aufl\u00f6st. Dabei werden Finten gestreut und der Spannungsbogen konstant gehalten. Kurzum: Van Dusen macht einfach Spa\u00df und die Geschichte \u00fcberzeugt in jeder Einzelheit.\" target=\"blank\" rel=\"noopener noreferrer\">Hoerbuchjunkies.com<\/a> [Juni 2018]: &#8222;Auch die Sprecher k\u00f6nnen wieder mit einer starken Leistung \u00fcberzeugen, allen voran Bernd Vollbrecht als van Dusen. Seine Stimme ist facettenreich und es gelingt ihm hervorragend, der \u00fcberhebliche Art van Dusens Stimme zu verleihen. Ebenfalls gro\u00dfartig besetzt sind die Nebenrollen von u.a. Uwe Jellinek, Udo Schenk, Peter Reinhardt, Christian Rode, Harald Effenberg und Bert Franzke, die mit ihrem ganzen K\u00f6nnen aufwarten und mit ihren pr\u00e4gnanten Stimmen \u00fcberzeugen. &#8220;<\/p>\n<p><a href=\"https:\/\/www.buchtips.net\/rez10060-die-neuen-faelle-fall-14-professor-van-dusen-geht-ein-licht-auf.htm\" target=\"blank\" rel=\"noopener noreferrer\">Buchtips.net<\/a> [Juli 2017]: &#8222;Nicht nur dem \u00fcberaus brillanten Hobbykriminologen Prof. Dr. Dr. Dr. Augustus van Dusen geht bei dieser Folge ein Licht auf. Auch der H\u00f6rer hat seine Freude an dieser Story, die durch einen guten Plot, passende Akustik und ausgezeichnete Sprecher zu \u00fcberzeugen wei\u00df.&#8220;<\/p>\n","protected":false},"excerpt":{"rendered":"<p>Ein grausiger Fund ersch\u00fcttert die kleine englische Ortschaft Pendeen: Eine Leiche baumelt am Gel\u00e4nder des Leuchtturms im Wind. Es ist der Leuchtturmw\u00e4rter Wilkie Scott. Alle Welt glaubt an einen Selbstmord. Alle Welt? Nein. Professor van Dusen versucht auf eigenwillige Weise, und mit Hilfe seines Chronisten Hutchinson Hatch, Licht ins Dunkel zu bringen. Doch ausgerechnet Hatch begeht einen verh\u00e4ngnisvollen Fehler und die vermeintlich leichte M\u00f6rderjagd wird zu einem gef\u00e4hrlichen Unterfangen.<\/p>\n<p>Professor van Dusen: Bernd Vollbrecht<br \/>\nHutchinson Hatch: Nicolai Tegeler<br \/>\nRoberta Scott: Franziska Endres<br \/>\nPreston Davies: R\u00fcdiger Schulzki<br \/>\nWilkie Scott: Bert Franzke<br \/>\nDr. Angus Hall: Harald Effenberg<br \/>\nRoy Mitchell: Lutz Harder<br \/>\nGlen Turner: Tino Kie\u00dfling<br \/>\nBadger Carson: Heiko Akrap<br \/>\nu.a.<\/p>\n<p>Regie: Gerd Naumann<br \/>\nBuch: Marc Freund<br \/>\nKomponist: Christian Bluthardt<br \/>\nSounddesign, Mischung &amp; Master: Tom Steinbrecher<\/p>\n<p>Spieldauer: ca. 70 Minuten<\/p>\n","protected":false},"featured_media":7415,"template":"","meta":[],"product_brand":[],"product_cat":[72,210],"product_tag":[],"class_list":{"0":"post-7466","1":"product","2":"type-product","3":"status-publish","4":"has-post-thumbnail","6":"product_cat-hoerspiele","7":"product_cat-professor-van-dusen-neue-faelle","8":"product_shipping_class-tontraeger-cd","9":"entry","10":"clearfix","11":"entry-grid","12":"entry-columns-3","13":"entry-product-module-layout-sidebar-right","14":"thumbnail-color-tone-dark","15":"is-youtube","16":"entry-product","18":"entry-product-grid","20":"first","21":"instock","22":"taxable","23":"shipping-taxable","24":"purchasable","25":"product-type-simple"},"yoast_head":"<!-- This site is optimized with the Yoast SEO plugin v27.4 - https:\/\/yoast.com\/product\/yoast-seo-wordpress\/ -->\n<title>Professor van Dusen geht ein Licht auf (14)<\/title>\n<meta name=\"description\" content=\"Ein grausiger Fund ersch\u00fcttert die kleine englische Ortschaft Pendeen: Eine Leiche baumelt am Gel\u00e4nder des Leuchtturms im Wind. Es ist der Leuchtturmw\u00e4rter Wilkie Scott. Alle Welt glaubt an einen Selbstmord. Alle Welt? Nein. Professor van Dusen versucht auf eigenwillige Weise, und mit Hilfe seines Chronisten Hutchinson Hatch, Licht ins Dunkel zu bringen. Doch ausgerechnet Hatch begeht einen verh\u00e4ngnisvollen Fehler und die vermeintlich leichte M\u00f6rderjagd wird zu einem gef\u00e4hrlichen Unterfangen.  Professor van Dusen: Bernd Vollbrecht Hutchinson Hatch: Nicolai Tegeler Roberta Scott: Franziska Endres Preston Davies: R\u00fcdiger Schulzki Wilkie Scott: Bert Franzke Dr. Angus Hall: Harald Effenberg Roy Mitchell: Lutz Harder Glen Turner: Tino Kie\u00dfling Badger Carson: Heiko Akrap u.a.  Regie: Gerd Naumann Buch: Marc Freund Komponist: Christian Bluthardt Sounddesign, Mischung &amp; Master: Tom Steinbrecher  Spieldauer: ca. 70 Minuten\" \/>\n<meta name=\"robots\" content=\"index, follow, max-snippet:-1, max-image-preview:large, max-video-preview:-1\" \/>\n<link rel=\"canonical\" href=\"https:\/\/www.allscore.de\/shop\/produkt\/professor-van-dusen-geht-ein-licht-auf\/\" \/>\n<meta property=\"og:locale\" content=\"de_DE\" \/>\n<meta property=\"og:type\" content=\"article\" \/>\n<meta property=\"og:title\" content=\"Professor van Dusen geht ein Licht auf (14)\" \/>\n<meta property=\"og:description\" content=\"Ein grausiger Fund ersch\u00fcttert die kleine englische Ortschaft Pendeen: Eine Leiche baumelt am Gel\u00e4nder des Leuchtturms im Wind. Es ist der Leuchtturmw\u00e4rter Wilkie Scott. Alle Welt glaubt an einen Selbstmord. Alle Welt? Nein. Professor van Dusen versucht auf eigenwillige Weise, und mit Hilfe seines Chronisten Hutchinson Hatch, Licht ins Dunkel zu bringen. Doch ausgerechnet Hatch begeht einen verh\u00e4ngnisvollen Fehler und die vermeintlich leichte M\u00f6rderjagd wird zu einem gef\u00e4hrlichen Unterfangen.  Professor van Dusen: Bernd Vollbrecht Hutchinson Hatch: Nicolai Tegeler Roberta Scott: Franziska Endres Preston Davies: R\u00fcdiger Schulzki Wilkie Scott: Bert Franzke Dr. Angus Hall: Harald Effenberg Roy Mitchell: Lutz Harder Glen Turner: Tino Kie\u00dfling Badger Carson: Heiko Akrap u.a.  Regie: Gerd Naumann Buch: Marc Freund Komponist: Christian Bluthardt Sounddesign, Mischung &amp; Master: Tom Steinbrecher  Spieldauer: ca. 70 Minuten\" \/>\n<meta property=\"og:url\" content=\"https:\/\/www.allscore.de\/shop\/produkt\/professor-van-dusen-geht-ein-licht-auf\/\" \/>\n<meta property=\"og:site_name\" content=\"Allscore Shop\" \/>\n<meta property=\"article:modified_time\" content=\"2026-03-31T05:30:14+00:00\" \/>\n<meta property=\"og:image\" content=\"https:\/\/www.allscore.de\/shop\/wp-content\/uploads\/2020\/09\/PvD14_1200x1200.jpg\" \/>\n\t<meta property=\"og:image:width\" content=\"1200\" \/>\n\t<meta property=\"og:image:height\" content=\"1200\" \/>\n\t<meta property=\"og:image:type\" content=\"image\/jpeg\" \/>\n<meta name=\"twitter:card\" content=\"summary_large_image\" \/>\n<meta name=\"twitter:label1\" content=\"Gesch\u00e4tzte Lesezeit\" \/>\n\t<meta name=\"twitter:data1\" content=\"1\u00a0Minute\" \/>\n<script type=\"application\/ld+json\" class=\"yoast-schema-graph\">{\"@context\":\"https:\\\/\\\/schema.org\",\"@graph\":[{\"@type\":\"WebPage\",\"@id\":\"https:\\\/\\\/www.allscore.de\\\/shop\\\/produkt\\\/professor-van-dusen-geht-ein-licht-auf\\\/\",\"url\":\"https:\\\/\\\/www.allscore.de\\\/shop\\\/produkt\\\/professor-van-dusen-geht-ein-licht-auf\\\/\",\"name\":\"Professor van Dusen geht ein Licht auf (14)\",\"isPartOf\":{\"@id\":\"https:\\\/\\\/www.allscore.de\\\/shop\\\/#website\"},\"primaryImageOfPage\":{\"@id\":\"https:\\\/\\\/www.allscore.de\\\/shop\\\/produkt\\\/professor-van-dusen-geht-ein-licht-auf\\\/#primaryimage\"},\"image\":{\"@id\":\"https:\\\/\\\/www.allscore.de\\\/shop\\\/produkt\\\/professor-van-dusen-geht-ein-licht-auf\\\/#primaryimage\"},\"thumbnailUrl\":\"https:\\\/\\\/www.allscore.de\\\/shop\\\/wp-content\\\/uploads\\\/2020\\\/09\\\/PvD14_1200x1200.jpg\",\"datePublished\":\"2018-06-08T15:49:44+00:00\",\"dateModified\":\"2026-03-31T05:30:14+00:00\",\"description\":\"Ein grausiger Fund ersch\u00fcttert die kleine englische Ortschaft Pendeen: Eine Leiche baumelt am Gel\u00e4nder des Leuchtturms im Wind. Es ist der Leuchtturmw\u00e4rter Wilkie Scott. Alle Welt glaubt an einen Selbstmord. Alle Welt? Nein. Professor van Dusen versucht auf eigenwillige Weise, und mit Hilfe seines Chronisten Hutchinson Hatch, Licht ins Dunkel zu bringen. Doch ausgerechnet Hatch begeht einen verh\u00e4ngnisvollen Fehler und die vermeintlich leichte M\u00f6rderjagd wird zu einem gef\u00e4hrlichen Unterfangen. Professor van Dusen: Bernd Vollbrecht Hutchinson Hatch: Nicolai Tegeler Roberta Scott: Franziska Endres Preston Davies: R\u00fcdiger Schulzki Wilkie Scott: Bert Franzke Dr. Angus Hall: Harald Effenberg Roy Mitchell: Lutz Harder Glen Turner: Tino Kie\u00dfling Badger Carson: Heiko Akrap u.a. Regie: Gerd Naumann Buch: Marc Freund Komponist: Christian Bluthardt Sounddesign, Mischung &amp; Master: Tom Steinbrecher Spieldauer: ca. 70 Minuten\",\"breadcrumb\":{\"@id\":\"https:\\\/\\\/www.allscore.de\\\/shop\\\/produkt\\\/professor-van-dusen-geht-ein-licht-auf\\\/#breadcrumb\"},\"inLanguage\":\"de\",\"potentialAction\":[{\"@type\":\"ReadAction\",\"target\":[\"https:\\\/\\\/www.allscore.de\\\/shop\\\/produkt\\\/professor-van-dusen-geht-ein-licht-auf\\\/\"]}]},{\"@type\":\"ImageObject\",\"inLanguage\":\"de\",\"@id\":\"https:\\\/\\\/www.allscore.de\\\/shop\\\/produkt\\\/professor-van-dusen-geht-ein-licht-auf\\\/#primaryimage\",\"url\":\"https:\\\/\\\/www.allscore.de\\\/shop\\\/wp-content\\\/uploads\\\/2020\\\/09\\\/PvD14_1200x1200.jpg\",\"contentUrl\":\"https:\\\/\\\/www.allscore.de\\\/shop\\\/wp-content\\\/uploads\\\/2020\\\/09\\\/PvD14_1200x1200.jpg\",\"width\":1200,\"height\":1200,\"caption\":\"Professor van Dusen geht ein Licht auf\"},{\"@type\":\"BreadcrumbList\",\"@id\":\"https:\\\/\\\/www.allscore.de\\\/shop\\\/produkt\\\/professor-van-dusen-geht-ein-licht-auf\\\/#breadcrumb\",\"itemListElement\":[{\"@type\":\"ListItem\",\"position\":1,\"name\":\"Startseite\",\"item\":\"https:\\\/\\\/www.allscore.de\\\/shop\\\/\"},{\"@type\":\"ListItem\",\"position\":2,\"name\":\"Produkte\",\"item\":\"https:\\\/\\\/www.allscore.de\\\/shop\\\/shop\\\/\"},{\"@type\":\"ListItem\",\"position\":3,\"name\":\"Professor van Dusen geht ein Licht auf (14)\"}]},{\"@type\":\"WebSite\",\"@id\":\"https:\\\/\\\/www.allscore.de\\\/shop\\\/#website\",\"url\":\"https:\\\/\\\/www.allscore.de\\\/shop\\\/\",\"name\":\"Allscore Shop\",\"description\":\"All Score Media\",\"publisher\":{\"@id\":\"https:\\\/\\\/www.allscore.de\\\/shop\\\/#organization\"},\"potentialAction\":[{\"@type\":\"SearchAction\",\"target\":{\"@type\":\"EntryPoint\",\"urlTemplate\":\"https:\\\/\\\/www.allscore.de\\\/shop\\\/?s={search_term_string}\"},\"query-input\":{\"@type\":\"PropertyValueSpecification\",\"valueRequired\":true,\"valueName\":\"search_term_string\"}}],\"inLanguage\":\"de\"},{\"@type\":\"Organization\",\"@id\":\"https:\\\/\\\/www.allscore.de\\\/shop\\\/#organization\",\"name\":\"All Score Media\",\"alternateName\":\"Allscore\",\"url\":\"https:\\\/\\\/www.allscore.de\\\/shop\\\/\",\"logo\":{\"@type\":\"ImageObject\",\"inLanguage\":\"de\",\"@id\":\"https:\\\/\\\/www.allscore.de\\\/shop\\\/#\\\/schema\\\/logo\\\/image\\\/\",\"url\":\"https:\\\/\\\/www.allscore.de\\\/shop\\\/wp-content\\\/uploads\\\/2026\\\/01\\\/Logo_Yoast_Shop_2026.png\",\"contentUrl\":\"https:\\\/\\\/www.allscore.de\\\/shop\\\/wp-content\\\/uploads\\\/2026\\\/01\\\/Logo_Yoast_Shop_2026.png\",\"width\":696,\"height\":696,\"caption\":\"All Score Media\"},\"image\":{\"@id\":\"https:\\\/\\\/www.allscore.de\\\/shop\\\/#\\\/schema\\\/logo\\\/image\\\/\"}}]}<\/script>\n<!-- \/ Yoast SEO plugin. -->","yoast_head_json":{"title":"Professor van Dusen geht ein Licht auf (14)","description":"Ein grausiger Fund ersch\u00fcttert die kleine englische Ortschaft Pendeen: Eine Leiche baumelt am Gel\u00e4nder des Leuchtturms im Wind. Es ist der Leuchtturmw\u00e4rter Wilkie Scott. Alle Welt glaubt an einen Selbstmord. Alle Welt? Nein. Professor van Dusen versucht auf eigenwillige Weise, und mit Hilfe seines Chronisten Hutchinson Hatch, Licht ins Dunkel zu bringen. Doch ausgerechnet Hatch begeht einen verh\u00e4ngnisvollen Fehler und die vermeintlich leichte M\u00f6rderjagd wird zu einem gef\u00e4hrlichen Unterfangen.  Professor van Dusen: Bernd Vollbrecht Hutchinson Hatch: Nicolai Tegeler Roberta Scott: Franziska Endres Preston Davies: R\u00fcdiger Schulzki Wilkie Scott: Bert Franzke Dr. Angus Hall: Harald Effenberg Roy Mitchell: Lutz Harder Glen Turner: Tino Kie\u00dfling Badger Carson: Heiko Akrap u.a.  Regie: Gerd Naumann Buch: Marc Freund Komponist: Christian Bluthardt Sounddesign, Mischung &amp; Master: Tom Steinbrecher  Spieldauer: ca. 70 Minuten","robots":{"index":"index","follow":"follow","max-snippet":"max-snippet:-1","max-image-preview":"max-image-preview:large","max-video-preview":"max-video-preview:-1"},"canonical":"https:\/\/www.allscore.de\/shop\/produkt\/professor-van-dusen-geht-ein-licht-auf\/","og_locale":"de_DE","og_type":"article","og_title":"Professor van Dusen geht ein Licht auf (14)","og_description":"Ein grausiger Fund ersch\u00fcttert die kleine englische Ortschaft Pendeen: Eine Leiche baumelt am Gel\u00e4nder des Leuchtturms im Wind. Es ist der Leuchtturmw\u00e4rter Wilkie Scott. Alle Welt glaubt an einen Selbstmord. Alle Welt? Nein. Professor van Dusen versucht auf eigenwillige Weise, und mit Hilfe seines Chronisten Hutchinson Hatch, Licht ins Dunkel zu bringen. Doch ausgerechnet Hatch begeht einen verh\u00e4ngnisvollen Fehler und die vermeintlich leichte M\u00f6rderjagd wird zu einem gef\u00e4hrlichen Unterfangen.  Professor van Dusen: Bernd Vollbrecht Hutchinson Hatch: Nicolai Tegeler Roberta Scott: Franziska Endres Preston Davies: R\u00fcdiger Schulzki Wilkie Scott: Bert Franzke Dr. Angus Hall: Harald Effenberg Roy Mitchell: Lutz Harder Glen Turner: Tino Kie\u00dfling Badger Carson: Heiko Akrap u.a.  Regie: Gerd Naumann Buch: Marc Freund Komponist: Christian Bluthardt Sounddesign, Mischung &amp; Master: Tom Steinbrecher  Spieldauer: ca. 70 Minuten","og_url":"https:\/\/www.allscore.de\/shop\/produkt\/professor-van-dusen-geht-ein-licht-auf\/","og_site_name":"Allscore Shop","article_modified_time":"2026-03-31T05:30:14+00:00","og_image":[{"width":1200,"height":1200,"url":"https:\/\/www.allscore.de\/shop\/wp-content\/uploads\/2020\/09\/PvD14_1200x1200.jpg","type":"image\/jpeg"}],"twitter_card":"summary_large_image","twitter_misc":{"Gesch\u00e4tzte Lesezeit":"1\u00a0Minute"},"schema":{"@context":"https:\/\/schema.org","@graph":[{"@type":"WebPage","@id":"https:\/\/www.allscore.de\/shop\/produkt\/professor-van-dusen-geht-ein-licht-auf\/","url":"https:\/\/www.allscore.de\/shop\/produkt\/professor-van-dusen-geht-ein-licht-auf\/","name":"Professor van Dusen geht ein Licht auf (14)","isPartOf":{"@id":"https:\/\/www.allscore.de\/shop\/#website"},"primaryImageOfPage":{"@id":"https:\/\/www.allscore.de\/shop\/produkt\/professor-van-dusen-geht-ein-licht-auf\/#primaryimage"},"image":{"@id":"https:\/\/www.allscore.de\/shop\/produkt\/professor-van-dusen-geht-ein-licht-auf\/#primaryimage"},"thumbnailUrl":"https:\/\/www.allscore.de\/shop\/wp-content\/uploads\/2020\/09\/PvD14_1200x1200.jpg","datePublished":"2018-06-08T15:49:44+00:00","dateModified":"2026-03-31T05:30:14+00:00","description":"Ein grausiger Fund ersch\u00fcttert die kleine englische Ortschaft Pendeen: Eine Leiche baumelt am Gel\u00e4nder des Leuchtturms im Wind. Es ist der Leuchtturmw\u00e4rter Wilkie Scott. Alle Welt glaubt an einen Selbstmord. Alle Welt? Nein. Professor van Dusen versucht auf eigenwillige Weise, und mit Hilfe seines Chronisten Hutchinson Hatch, Licht ins Dunkel zu bringen. Doch ausgerechnet Hatch begeht einen verh\u00e4ngnisvollen Fehler und die vermeintlich leichte M\u00f6rderjagd wird zu einem gef\u00e4hrlichen Unterfangen. Professor van Dusen: Bernd Vollbrecht Hutchinson Hatch: Nicolai Tegeler Roberta Scott: Franziska Endres Preston Davies: R\u00fcdiger Schulzki Wilkie Scott: Bert Franzke Dr. Angus Hall: Harald Effenberg Roy Mitchell: Lutz Harder Glen Turner: Tino Kie\u00dfling Badger Carson: Heiko Akrap u.a. Regie: Gerd Naumann Buch: Marc Freund Komponist: Christian Bluthardt Sounddesign, Mischung &amp; Master: Tom Steinbrecher Spieldauer: ca. 70 Minuten","breadcrumb":{"@id":"https:\/\/www.allscore.de\/shop\/produkt\/professor-van-dusen-geht-ein-licht-auf\/#breadcrumb"},"inLanguage":"de","potentialAction":[{"@type":"ReadAction","target":["https:\/\/www.allscore.de\/shop\/produkt\/professor-van-dusen-geht-ein-licht-auf\/"]}]},{"@type":"ImageObject","inLanguage":"de","@id":"https:\/\/www.allscore.de\/shop\/produkt\/professor-van-dusen-geht-ein-licht-auf\/#primaryimage","url":"https:\/\/www.allscore.de\/shop\/wp-content\/uploads\/2020\/09\/PvD14_1200x1200.jpg","contentUrl":"https:\/\/www.allscore.de\/shop\/wp-content\/uploads\/2020\/09\/PvD14_1200x1200.jpg","width":1200,"height":1200,"caption":"Professor van Dusen geht ein Licht auf"},{"@type":"BreadcrumbList","@id":"https:\/\/www.allscore.de\/shop\/produkt\/professor-van-dusen-geht-ein-licht-auf\/#breadcrumb","itemListElement":[{"@type":"ListItem","position":1,"name":"Startseite","item":"https:\/\/www.allscore.de\/shop\/"},{"@type":"ListItem","position":2,"name":"Produkte","item":"https:\/\/www.allscore.de\/shop\/shop\/"},{"@type":"ListItem","position":3,"name":"Professor van Dusen geht ein Licht auf (14)"}]},{"@type":"WebSite","@id":"https:\/\/www.allscore.de\/shop\/#website","url":"https:\/\/www.allscore.de\/shop\/","name":"Allscore Shop","description":"All Score Media","publisher":{"@id":"https:\/\/www.allscore.de\/shop\/#organization"},"potentialAction":[{"@type":"SearchAction","target":{"@type":"EntryPoint","urlTemplate":"https:\/\/www.allscore.de\/shop\/?s={search_term_string}"},"query-input":{"@type":"PropertyValueSpecification","valueRequired":true,"valueName":"search_term_string"}}],"inLanguage":"de"},{"@type":"Organization","@id":"https:\/\/www.allscore.de\/shop\/#organization","name":"All Score Media","alternateName":"Allscore","url":"https:\/\/www.allscore.de\/shop\/","logo":{"@type":"ImageObject","inLanguage":"de","@id":"https:\/\/www.allscore.de\/shop\/#\/schema\/logo\/image\/","url":"https:\/\/www.allscore.de\/shop\/wp-content\/uploads\/2026\/01\/Logo_Yoast_Shop_2026.png","contentUrl":"https:\/\/www.allscore.de\/shop\/wp-content\/uploads\/2026\/01\/Logo_Yoast_Shop_2026.png","width":696,"height":696,"caption":"All Score Media"},"image":{"@id":"https:\/\/www.allscore.de\/shop\/#\/schema\/logo\/image\/"}}]}},"_links":{"self":[{"href":"https:\/\/www.allscore.de\/shop\/wp-json\/wp\/v2\/product\/7466","targetHints":{"allow":["GET"]}}],"collection":[{"href":"https:\/\/www.allscore.de\/shop\/wp-json\/wp\/v2\/product"}],"about":[{"href":"https:\/\/www.allscore.de\/shop\/wp-json\/wp\/v2\/types\/product"}],"wp:featuredmedia":[{"embeddable":true,"href":"https:\/\/www.allscore.de\/shop\/wp-json\/wp\/v2\/media\/7415"}],"wp:attachment":[{"href":"https:\/\/www.allscore.de\/shop\/wp-json\/wp\/v2\/media?parent=7466"}],"wp:term":[{"taxonomy":"product_brand","embeddable":true,"href":"https:\/\/www.allscore.de\/shop\/wp-json\/wp\/v2\/product_brand?post=7466"},{"taxonomy":"product_cat","embeddable":true,"href":"https:\/\/www.allscore.de\/shop\/wp-json\/wp\/v2\/product_cat?post=7466"},{"taxonomy":"product_tag","embeddable":true,"href":"https:\/\/www.allscore.de\/shop\/wp-json\/wp\/v2\/product_tag?post=7466"}],"curies":[{"name":"wp","href":"https:\/\/api.w.org\/{rel}","templated":true}]}}