{"id":7462,"date":"2018-03-08T17:28:12","date_gmt":"2018-03-08T16:28:12","guid":{"rendered":"https:\/\/www.allscore.de\/shop\/?post_type=product&#038;p=7462"},"modified":"2026-03-28T11:33:51","modified_gmt":"2026-03-28T10:33:51","slug":"professor-van-dusen-spielt-theater","status":"publish","type":"product","link":"https:\/\/www.allscore.de\/shop\/produkt\/professor-van-dusen-spielt-theater\/","title":{"rendered":"Professor van Dusen spielt Theater (13)"},"content":{"rendered":"<p>PRESSE<\/p>\n<p><a href=\"http:\/\/www.hoerspatz.de\/texte_rezis\/dusen_neue_13.html\" target=\"blank\" rel=\"noopener noreferrer\">Hoerspatz.de<\/a> [M\u00e4rz 2018]: &#8222;Das Script von Autor Eric Niemann macht rundum Spa\u00df. Ein knackiger Fall, gute Dialoge, Hatch, der wie immer einiges einstecken muss (&#8222;In Wasser getr\u00e4nkte Kleidung&#8230;&#8220;) &#8211; hier passt alles zusammen&#8230; hei\u00dfe Empfehlung f\u00fcr Denkmaschinen-Fans!&#8220;<\/p>\n<p><a href=\"http:\/\/www.reziratte.de\/2018\/05\/08\/professor-van-dusen-13-van-dusen-spielt-theater\/\" target=\"blank\" rel=\"noopener noreferrer\">Reziratte<\/a> [Mai 2018]: &#8222;Udo Schenk quasi in die Rolle eines Patholgen zu stecken, hat bei seiner Stimme seinen ganz eigenen Reiz. Er klingt wunderbar b\u00f6se und zwielichtig, was einen genialen Kontrast zu van Dusens munterer Redeweise bildet. In einer kleineren Rolle ist der unl\u00e4ngst verstorbene Christian Rode zu h\u00f6ren und gibt mit ruhiger Stimme und \u00fcberheblichem Ton einen Reverend, dem man ebenfalls nicht so recht trauen m\u00f6chte.&#8220;<\/p>\n<p><a href=\"http:\/\/www.poldis-hoerspielseite.de\/z2867.htm\" target=\"blank\" rel=\"noopener noreferrer\">Poldis H\u00f6rspielseite<\/a> [M\u00e4rz 2018]: &#8222;Professor van Dusen spielt Theater &#8211; der Titel wird hier gleich in mehrfacher Hinsicht erf\u00fcllt. Die Handlung ist sehr gut konzipiert und endet keineswegs mit der Enttarnung des \u00dcbelt\u00e4ters, sondern geht im Gegenteil danach noch einmal richtig los. Das ist sehr spannend und mit viel Energie umgesetzt, sodass mich die Folge vollkommen \u00fcberzeugen konnte.&#8220;<\/p>\n<p><a href=\"http:\/\/www.monstersandcritics.de\/professor-van-dusen-fall-13-professor-van-dusen-spielt-theater-hoerspielkritik\" target=\"blank\" rel=\"noopener noreferrer\">Monsters &amp; Critics<\/a> [April 2018]: Auch der dreizehnte Fall von Professor van Dusen ist wieder klassische Krimiunterhaltung und daher auch sehr spannend. Ich freue mich schon auf eine Fortsetzung dieser Serie, die fast immer durch au\u00dfergew\u00f6hnliche Ideen und unglaublichen Wortwitz \u00fcberzeugt. Meine Meinung: 10 von 10 Punkten!<\/p>\n<p><a target=\" blank\" rel=\"noopener noreferrer\">Hoerbuchjunkies.com<\/a> [April 2018]: &#8222;Auch die Sprecher k\u00f6nnen wieder mit einer starken Leistung \u00fcberzeugen, allen voran Bernd Vollbrecht als van Dusen. Seine Stimme ist facettenreich und es gelingt ihm hervorragend, der \u00fcberhebliche Art van Dusens Stimme zu verleihen. Ebenfalls gro\u00dfartig besetzt sind die Nebenrollen von u.a. Uwe Jellinek, Udo Schenk, Peter Reinhardt, Christian Rode, Harald Effenberg und Bert Franzke, die mit ihrem ganzen K\u00f6nnen aufwarten und mit ihren pr\u00e4gnanten Stimmen \u00fcberzeugen. &#8220;<\/p>\n<p><a href=\"https:\/\/www.buchtips.net\/rez9942-die-neuen-faelle-fall-13-professor-van-dusen-spielt-theater.htm\" target=\"blank\" rel=\"noopener noreferrer\">Buchtips.net<\/a> [M\u00e4rz 2018]: &#8222;Sehr gut hat mir die akustische Umsetzung gefallen. Die Ger\u00e4uschkulisse ist authentisch und wird von passender Musik umrahmt. Die Sprecher machen ebenfalls einen guten Job. Bernd Vollbrecht und Nicolai Tegeler sind inzwischen fest in ihren Rollen als Professor van Dusen und Hatchinson Hatch verankert.&#8220;<\/p>\n","protected":false},"excerpt":{"rendered":"<p>Im New Yorker Stadtteil Harlem sterben Menschen. Niemand wei\u00df, woran. Rechtsmediziner Calvert obduziert die Leichen, ohne auch nur den geringsten Hinweis auf die Todesursache zu finden. Hat vielleicht das Wasser aus dem Washington-Brunnen mit den mysteri\u00f6sen Todesf\u00e4llen zu tun? Zumindest scheinen alle Verstorbenen in ihren letzten Stunden aus dem Brunnen getrunken zu haben. Als Reverend Harding an der r\u00e4tselhaften Erkrankung stirbt, nachdem er mit Professor van Dusen und Hutchinson Hatch gesprochen hat, w\u00e4hnen sich die beiden auf der richtigen Spur&#8230;<\/p>\n<p>Professor van Dusen: Bernd Vollbrecht<br \/>\nHutchinson Hatch: Nicolai Tegeler<br \/>\nDetective Sergeant Caruso: Uwe Jellinek<br \/>\nProfessor John Calvert: Udo Schenk<br \/>\nDoktor Angel: Peter Reinhardt<br \/>\nReverend Joshua Seligman: Christian Rode<br \/>\nDoktor Eugenio Carius: Harald Effenberg<br \/>\nJohn Raleigh Plott: Bert Franzke<br \/>\nDoktor Edward Small: Lutz Harder<br \/>\nMrs. Beal: Marion Elskis<br \/>\nStra\u00dfenjunge: Heiko Akrap<\/p>\n<p>Regie: Gerd Naumann<br \/>\nBuch: Eric Niemann<br \/>\nKomponist: Christian Bluthardt<br \/>\nSounddesign, Mischung &amp; Master: Tom Steinbrecher<\/p>\n<p>Spieldauer: ca. 49 Minuten<\/p>\n","protected":false},"featured_media":7416,"template":"","meta":[],"product_brand":[],"product_cat":[72,210],"product_tag":[],"class_list":{"0":"post-7462","1":"product","2":"type-product","3":"status-publish","4":"has-post-thumbnail","6":"product_cat-hoerspiele","7":"product_cat-professor-van-dusen-neue-faelle","8":"product_shipping_class-tontraeger-cd","9":"entry","10":"clearfix","11":"entry-grid","12":"entry-columns-3","13":"entry-product-module-layout-sidebar-right","14":"thumbnail-color-tone-dark","15":"entry-product","17":"entry-product-grid","19":"first","20":"instock","21":"taxable","22":"shipping-taxable","23":"purchasable","24":"product-type-simple"},"yoast_head":"<!-- This site is optimized with the Yoast SEO plugin v27.4 - https:\/\/yoast.com\/product\/yoast-seo-wordpress\/ -->\n<title>Professor van Dusen spielt Theater (13)<\/title>\n<meta name=\"description\" content=\"Im New Yorker Stadtteil Harlem sterben Menschen. Niemand wei\u00df, woran. Rechtsmediziner Calvert obduziert die Leichen, ohne auch nur den geringsten Hinweis auf die Todesursache zu finden. Hat vielleicht das Wasser aus dem Washington-Brunnen mit den mysteri\u00f6sen Todesf\u00e4llen zu tun? Zumindest scheinen alle Verstorbenen in ihren letzten Stunden aus dem Brunnen getrunken zu haben. Als Reverend Harding an der r\u00e4tselhaften Erkrankung stirbt, nachdem er mit Professor van Dusen und Hutchinson Hatch gesprochen hat, w\u00e4hnen sich die beiden auf der richtigen Spur...  Professor van Dusen: Bernd Vollbrecht Hutchinson Hatch: Nicolai Tegeler Detective Sergeant Caruso: Uwe Jellinek Professor John Calvert: Udo Schenk Doktor Angel: Peter Reinhardt Reverend Joshua Seligman: Christian Rode Doktor Eugenio Carius: Harald Effenberg John Raleigh Plott: Bert Franzke Doktor Edward Small: Lutz Harder Mrs. Beal: Marion Elskis Stra\u00dfenjunge: Heiko Akrap  Regie: Gerd Naumann Buch: Eric Niemann Komponist: Christian Bluthardt Sounddesign, Mischung &amp; Master: Tom Steinbrecher  Spieldauer: ca. 49 Minuten\" \/>\n<meta name=\"robots\" content=\"index, follow, max-snippet:-1, max-image-preview:large, max-video-preview:-1\" \/>\n<link rel=\"canonical\" href=\"https:\/\/www.allscore.de\/shop\/produkt\/professor-van-dusen-spielt-theater\/\" \/>\n<meta property=\"og:locale\" content=\"de_DE\" \/>\n<meta property=\"og:type\" content=\"article\" \/>\n<meta property=\"og:title\" content=\"Professor van Dusen spielt Theater (13)\" \/>\n<meta property=\"og:description\" content=\"Im New Yorker Stadtteil Harlem sterben Menschen. Niemand wei\u00df, woran. Rechtsmediziner Calvert obduziert die Leichen, ohne auch nur den geringsten Hinweis auf die Todesursache zu finden. Hat vielleicht das Wasser aus dem Washington-Brunnen mit den mysteri\u00f6sen Todesf\u00e4llen zu tun? Zumindest scheinen alle Verstorbenen in ihren letzten Stunden aus dem Brunnen getrunken zu haben. Als Reverend Harding an der r\u00e4tselhaften Erkrankung stirbt, nachdem er mit Professor van Dusen und Hutchinson Hatch gesprochen hat, w\u00e4hnen sich die beiden auf der richtigen Spur...  Professor van Dusen: Bernd Vollbrecht Hutchinson Hatch: Nicolai Tegeler Detective Sergeant Caruso: Uwe Jellinek Professor John Calvert: Udo Schenk Doktor Angel: Peter Reinhardt Reverend Joshua Seligman: Christian Rode Doktor Eugenio Carius: Harald Effenberg John Raleigh Plott: Bert Franzke Doktor Edward Small: Lutz Harder Mrs. Beal: Marion Elskis Stra\u00dfenjunge: Heiko Akrap  Regie: Gerd Naumann Buch: Eric Niemann Komponist: Christian Bluthardt Sounddesign, Mischung &amp; Master: Tom Steinbrecher  Spieldauer: ca. 49 Minuten\" \/>\n<meta property=\"og:url\" content=\"https:\/\/www.allscore.de\/shop\/produkt\/professor-van-dusen-spielt-theater\/\" \/>\n<meta property=\"og:site_name\" content=\"Allscore Shop\" \/>\n<meta property=\"article:modified_time\" content=\"2026-03-28T10:33:51+00:00\" \/>\n<meta property=\"og:image\" content=\"https:\/\/www.allscore.de\/shop\/wp-content\/uploads\/2020\/09\/PvD13_1200x1200.jpg\" \/>\n\t<meta property=\"og:image:width\" content=\"1200\" \/>\n\t<meta property=\"og:image:height\" content=\"1200\" \/>\n\t<meta property=\"og:image:type\" content=\"image\/jpeg\" \/>\n<meta name=\"twitter:card\" content=\"summary_large_image\" \/>\n<meta name=\"twitter:label1\" content=\"Gesch\u00e4tzte Lesezeit\" \/>\n\t<meta name=\"twitter:data1\" content=\"2\u00a0Minuten\" \/>\n<script type=\"application\/ld+json\" class=\"yoast-schema-graph\">{\"@context\":\"https:\\\/\\\/schema.org\",\"@graph\":[{\"@type\":\"WebPage\",\"@id\":\"https:\\\/\\\/www.allscore.de\\\/shop\\\/produkt\\\/professor-van-dusen-spielt-theater\\\/\",\"url\":\"https:\\\/\\\/www.allscore.de\\\/shop\\\/produkt\\\/professor-van-dusen-spielt-theater\\\/\",\"name\":\"Professor van Dusen spielt Theater (13)\",\"isPartOf\":{\"@id\":\"https:\\\/\\\/www.allscore.de\\\/shop\\\/#website\"},\"primaryImageOfPage\":{\"@id\":\"https:\\\/\\\/www.allscore.de\\\/shop\\\/produkt\\\/professor-van-dusen-spielt-theater\\\/#primaryimage\"},\"image\":{\"@id\":\"https:\\\/\\\/www.allscore.de\\\/shop\\\/produkt\\\/professor-van-dusen-spielt-theater\\\/#primaryimage\"},\"thumbnailUrl\":\"https:\\\/\\\/www.allscore.de\\\/shop\\\/wp-content\\\/uploads\\\/2020\\\/09\\\/PvD13_1200x1200.jpg\",\"datePublished\":\"2018-03-08T16:28:12+00:00\",\"dateModified\":\"2026-03-28T10:33:51+00:00\",\"description\":\"Im New Yorker Stadtteil Harlem sterben Menschen. Niemand wei\u00df, woran. Rechtsmediziner Calvert obduziert die Leichen, ohne auch nur den geringsten Hinweis auf die Todesursache zu finden. Hat vielleicht das Wasser aus dem Washington-Brunnen mit den mysteri\u00f6sen Todesf\u00e4llen zu tun? Zumindest scheinen alle Verstorbenen in ihren letzten Stunden aus dem Brunnen getrunken zu haben. Als Reverend Harding an der r\u00e4tselhaften Erkrankung stirbt, nachdem er mit Professor van Dusen und Hutchinson Hatch gesprochen hat, w\u00e4hnen sich die beiden auf der richtigen Spur... Professor van Dusen: Bernd Vollbrecht Hutchinson Hatch: Nicolai Tegeler Detective Sergeant Caruso: Uwe Jellinek Professor John Calvert: Udo Schenk Doktor Angel: Peter Reinhardt Reverend Joshua Seligman: Christian Rode Doktor Eugenio Carius: Harald Effenberg John Raleigh Plott: Bert Franzke Doktor Edward Small: Lutz Harder Mrs. Beal: Marion Elskis Stra\u00dfenjunge: Heiko Akrap Regie: Gerd Naumann Buch: Eric Niemann Komponist: Christian Bluthardt Sounddesign, Mischung &amp; Master: Tom Steinbrecher Spieldauer: ca. 49 Minuten\",\"breadcrumb\":{\"@id\":\"https:\\\/\\\/www.allscore.de\\\/shop\\\/produkt\\\/professor-van-dusen-spielt-theater\\\/#breadcrumb\"},\"inLanguage\":\"de\",\"potentialAction\":[{\"@type\":\"ReadAction\",\"target\":[\"https:\\\/\\\/www.allscore.de\\\/shop\\\/produkt\\\/professor-van-dusen-spielt-theater\\\/\"]}]},{\"@type\":\"ImageObject\",\"inLanguage\":\"de\",\"@id\":\"https:\\\/\\\/www.allscore.de\\\/shop\\\/produkt\\\/professor-van-dusen-spielt-theater\\\/#primaryimage\",\"url\":\"https:\\\/\\\/www.allscore.de\\\/shop\\\/wp-content\\\/uploads\\\/2020\\\/09\\\/PvD13_1200x1200.jpg\",\"contentUrl\":\"https:\\\/\\\/www.allscore.de\\\/shop\\\/wp-content\\\/uploads\\\/2020\\\/09\\\/PvD13_1200x1200.jpg\",\"width\":1200,\"height\":1200,\"caption\":\"Professor van Dusen spielt Theater\"},{\"@type\":\"BreadcrumbList\",\"@id\":\"https:\\\/\\\/www.allscore.de\\\/shop\\\/produkt\\\/professor-van-dusen-spielt-theater\\\/#breadcrumb\",\"itemListElement\":[{\"@type\":\"ListItem\",\"position\":1,\"name\":\"Startseite\",\"item\":\"https:\\\/\\\/www.allscore.de\\\/shop\\\/\"},{\"@type\":\"ListItem\",\"position\":2,\"name\":\"Produkte\",\"item\":\"https:\\\/\\\/www.allscore.de\\\/shop\\\/shop\\\/\"},{\"@type\":\"ListItem\",\"position\":3,\"name\":\"Professor van Dusen spielt Theater (13)\"}]},{\"@type\":\"WebSite\",\"@id\":\"https:\\\/\\\/www.allscore.de\\\/shop\\\/#website\",\"url\":\"https:\\\/\\\/www.allscore.de\\\/shop\\\/\",\"name\":\"Allscore Shop\",\"description\":\"All Score Media\",\"publisher\":{\"@id\":\"https:\\\/\\\/www.allscore.de\\\/shop\\\/#organization\"},\"potentialAction\":[{\"@type\":\"SearchAction\",\"target\":{\"@type\":\"EntryPoint\",\"urlTemplate\":\"https:\\\/\\\/www.allscore.de\\\/shop\\\/?s={search_term_string}\"},\"query-input\":{\"@type\":\"PropertyValueSpecification\",\"valueRequired\":true,\"valueName\":\"search_term_string\"}}],\"inLanguage\":\"de\"},{\"@type\":\"Organization\",\"@id\":\"https:\\\/\\\/www.allscore.de\\\/shop\\\/#organization\",\"name\":\"All Score Media\",\"alternateName\":\"Allscore\",\"url\":\"https:\\\/\\\/www.allscore.de\\\/shop\\\/\",\"logo\":{\"@type\":\"ImageObject\",\"inLanguage\":\"de\",\"@id\":\"https:\\\/\\\/www.allscore.de\\\/shop\\\/#\\\/schema\\\/logo\\\/image\\\/\",\"url\":\"https:\\\/\\\/www.allscore.de\\\/shop\\\/wp-content\\\/uploads\\\/2026\\\/01\\\/Logo_Yoast_Shop_2026.png\",\"contentUrl\":\"https:\\\/\\\/www.allscore.de\\\/shop\\\/wp-content\\\/uploads\\\/2026\\\/01\\\/Logo_Yoast_Shop_2026.png\",\"width\":696,\"height\":696,\"caption\":\"All Score Media\"},\"image\":{\"@id\":\"https:\\\/\\\/www.allscore.de\\\/shop\\\/#\\\/schema\\\/logo\\\/image\\\/\"}}]}<\/script>\n<!-- \/ Yoast SEO plugin. -->","yoast_head_json":{"title":"Professor van Dusen spielt Theater (13)","description":"Im New Yorker Stadtteil Harlem sterben Menschen. Niemand wei\u00df, woran. Rechtsmediziner Calvert obduziert die Leichen, ohne auch nur den geringsten Hinweis auf die Todesursache zu finden. Hat vielleicht das Wasser aus dem Washington-Brunnen mit den mysteri\u00f6sen Todesf\u00e4llen zu tun? Zumindest scheinen alle Verstorbenen in ihren letzten Stunden aus dem Brunnen getrunken zu haben. Als Reverend Harding an der r\u00e4tselhaften Erkrankung stirbt, nachdem er mit Professor van Dusen und Hutchinson Hatch gesprochen hat, w\u00e4hnen sich die beiden auf der richtigen Spur...  Professor van Dusen: Bernd Vollbrecht Hutchinson Hatch: Nicolai Tegeler Detective Sergeant Caruso: Uwe Jellinek Professor John Calvert: Udo Schenk Doktor Angel: Peter Reinhardt Reverend Joshua Seligman: Christian Rode Doktor Eugenio Carius: Harald Effenberg John Raleigh Plott: Bert Franzke Doktor Edward Small: Lutz Harder Mrs. Beal: Marion Elskis Stra\u00dfenjunge: Heiko Akrap  Regie: Gerd Naumann Buch: Eric Niemann Komponist: Christian Bluthardt Sounddesign, Mischung &amp; Master: Tom Steinbrecher  Spieldauer: ca. 49 Minuten","robots":{"index":"index","follow":"follow","max-snippet":"max-snippet:-1","max-image-preview":"max-image-preview:large","max-video-preview":"max-video-preview:-1"},"canonical":"https:\/\/www.allscore.de\/shop\/produkt\/professor-van-dusen-spielt-theater\/","og_locale":"de_DE","og_type":"article","og_title":"Professor van Dusen spielt Theater (13)","og_description":"Im New Yorker Stadtteil Harlem sterben Menschen. Niemand wei\u00df, woran. Rechtsmediziner Calvert obduziert die Leichen, ohne auch nur den geringsten Hinweis auf die Todesursache zu finden. Hat vielleicht das Wasser aus dem Washington-Brunnen mit den mysteri\u00f6sen Todesf\u00e4llen zu tun? Zumindest scheinen alle Verstorbenen in ihren letzten Stunden aus dem Brunnen getrunken zu haben. Als Reverend Harding an der r\u00e4tselhaften Erkrankung stirbt, nachdem er mit Professor van Dusen und Hutchinson Hatch gesprochen hat, w\u00e4hnen sich die beiden auf der richtigen Spur...  Professor van Dusen: Bernd Vollbrecht Hutchinson Hatch: Nicolai Tegeler Detective Sergeant Caruso: Uwe Jellinek Professor John Calvert: Udo Schenk Doktor Angel: Peter Reinhardt Reverend Joshua Seligman: Christian Rode Doktor Eugenio Carius: Harald Effenberg John Raleigh Plott: Bert Franzke Doktor Edward Small: Lutz Harder Mrs. Beal: Marion Elskis Stra\u00dfenjunge: Heiko Akrap  Regie: Gerd Naumann Buch: Eric Niemann Komponist: Christian Bluthardt Sounddesign, Mischung &amp; Master: Tom Steinbrecher  Spieldauer: ca. 49 Minuten","og_url":"https:\/\/www.allscore.de\/shop\/produkt\/professor-van-dusen-spielt-theater\/","og_site_name":"Allscore Shop","article_modified_time":"2026-03-28T10:33:51+00:00","og_image":[{"width":1200,"height":1200,"url":"https:\/\/www.allscore.de\/shop\/wp-content\/uploads\/2020\/09\/PvD13_1200x1200.jpg","type":"image\/jpeg"}],"twitter_card":"summary_large_image","twitter_misc":{"Gesch\u00e4tzte Lesezeit":"2\u00a0Minuten"},"schema":{"@context":"https:\/\/schema.org","@graph":[{"@type":"WebPage","@id":"https:\/\/www.allscore.de\/shop\/produkt\/professor-van-dusen-spielt-theater\/","url":"https:\/\/www.allscore.de\/shop\/produkt\/professor-van-dusen-spielt-theater\/","name":"Professor van Dusen spielt Theater (13)","isPartOf":{"@id":"https:\/\/www.allscore.de\/shop\/#website"},"primaryImageOfPage":{"@id":"https:\/\/www.allscore.de\/shop\/produkt\/professor-van-dusen-spielt-theater\/#primaryimage"},"image":{"@id":"https:\/\/www.allscore.de\/shop\/produkt\/professor-van-dusen-spielt-theater\/#primaryimage"},"thumbnailUrl":"https:\/\/www.allscore.de\/shop\/wp-content\/uploads\/2020\/09\/PvD13_1200x1200.jpg","datePublished":"2018-03-08T16:28:12+00:00","dateModified":"2026-03-28T10:33:51+00:00","description":"Im New Yorker Stadtteil Harlem sterben Menschen. Niemand wei\u00df, woran. Rechtsmediziner Calvert obduziert die Leichen, ohne auch nur den geringsten Hinweis auf die Todesursache zu finden. Hat vielleicht das Wasser aus dem Washington-Brunnen mit den mysteri\u00f6sen Todesf\u00e4llen zu tun? Zumindest scheinen alle Verstorbenen in ihren letzten Stunden aus dem Brunnen getrunken zu haben. Als Reverend Harding an der r\u00e4tselhaften Erkrankung stirbt, nachdem er mit Professor van Dusen und Hutchinson Hatch gesprochen hat, w\u00e4hnen sich die beiden auf der richtigen Spur... Professor van Dusen: Bernd Vollbrecht Hutchinson Hatch: Nicolai Tegeler Detective Sergeant Caruso: Uwe Jellinek Professor John Calvert: Udo Schenk Doktor Angel: Peter Reinhardt Reverend Joshua Seligman: Christian Rode Doktor Eugenio Carius: Harald Effenberg John Raleigh Plott: Bert Franzke Doktor Edward Small: Lutz Harder Mrs. Beal: Marion Elskis Stra\u00dfenjunge: Heiko Akrap Regie: Gerd Naumann Buch: Eric Niemann Komponist: Christian Bluthardt Sounddesign, Mischung &amp; Master: Tom Steinbrecher Spieldauer: ca. 49 Minuten","breadcrumb":{"@id":"https:\/\/www.allscore.de\/shop\/produkt\/professor-van-dusen-spielt-theater\/#breadcrumb"},"inLanguage":"de","potentialAction":[{"@type":"ReadAction","target":["https:\/\/www.allscore.de\/shop\/produkt\/professor-van-dusen-spielt-theater\/"]}]},{"@type":"ImageObject","inLanguage":"de","@id":"https:\/\/www.allscore.de\/shop\/produkt\/professor-van-dusen-spielt-theater\/#primaryimage","url":"https:\/\/www.allscore.de\/shop\/wp-content\/uploads\/2020\/09\/PvD13_1200x1200.jpg","contentUrl":"https:\/\/www.allscore.de\/shop\/wp-content\/uploads\/2020\/09\/PvD13_1200x1200.jpg","width":1200,"height":1200,"caption":"Professor van Dusen spielt Theater"},{"@type":"BreadcrumbList","@id":"https:\/\/www.allscore.de\/shop\/produkt\/professor-van-dusen-spielt-theater\/#breadcrumb","itemListElement":[{"@type":"ListItem","position":1,"name":"Startseite","item":"https:\/\/www.allscore.de\/shop\/"},{"@type":"ListItem","position":2,"name":"Produkte","item":"https:\/\/www.allscore.de\/shop\/shop\/"},{"@type":"ListItem","position":3,"name":"Professor van Dusen spielt Theater (13)"}]},{"@type":"WebSite","@id":"https:\/\/www.allscore.de\/shop\/#website","url":"https:\/\/www.allscore.de\/shop\/","name":"Allscore Shop","description":"All Score Media","publisher":{"@id":"https:\/\/www.allscore.de\/shop\/#organization"},"potentialAction":[{"@type":"SearchAction","target":{"@type":"EntryPoint","urlTemplate":"https:\/\/www.allscore.de\/shop\/?s={search_term_string}"},"query-input":{"@type":"PropertyValueSpecification","valueRequired":true,"valueName":"search_term_string"}}],"inLanguage":"de"},{"@type":"Organization","@id":"https:\/\/www.allscore.de\/shop\/#organization","name":"All Score Media","alternateName":"Allscore","url":"https:\/\/www.allscore.de\/shop\/","logo":{"@type":"ImageObject","inLanguage":"de","@id":"https:\/\/www.allscore.de\/shop\/#\/schema\/logo\/image\/","url":"https:\/\/www.allscore.de\/shop\/wp-content\/uploads\/2026\/01\/Logo_Yoast_Shop_2026.png","contentUrl":"https:\/\/www.allscore.de\/shop\/wp-content\/uploads\/2026\/01\/Logo_Yoast_Shop_2026.png","width":696,"height":696,"caption":"All Score Media"},"image":{"@id":"https:\/\/www.allscore.de\/shop\/#\/schema\/logo\/image\/"}}]}},"_links":{"self":[{"href":"https:\/\/www.allscore.de\/shop\/wp-json\/wp\/v2\/product\/7462","targetHints":{"allow":["GET"]}}],"collection":[{"href":"https:\/\/www.allscore.de\/shop\/wp-json\/wp\/v2\/product"}],"about":[{"href":"https:\/\/www.allscore.de\/shop\/wp-json\/wp\/v2\/types\/product"}],"wp:featuredmedia":[{"embeddable":true,"href":"https:\/\/www.allscore.de\/shop\/wp-json\/wp\/v2\/media\/7416"}],"wp:attachment":[{"href":"https:\/\/www.allscore.de\/shop\/wp-json\/wp\/v2\/media?parent=7462"}],"wp:term":[{"taxonomy":"product_brand","embeddable":true,"href":"https:\/\/www.allscore.de\/shop\/wp-json\/wp\/v2\/product_brand?post=7462"},{"taxonomy":"product_cat","embeddable":true,"href":"https:\/\/www.allscore.de\/shop\/wp-json\/wp\/v2\/product_cat?post=7462"},{"taxonomy":"product_tag","embeddable":true,"href":"https:\/\/www.allscore.de\/shop\/wp-json\/wp\/v2\/product_tag?post=7462"}],"curies":[{"name":"wp","href":"https:\/\/api.w.org\/{rel}","templated":true}]}}