{"id":7450,"date":"2017-05-08T16:58:22","date_gmt":"2017-05-08T14:58:22","guid":{"rendered":"https:\/\/www.allscore.de\/shop\/?post_type=product&#038;p=7450"},"modified":"2026-03-28T11:33:52","modified_gmt":"2026-03-28T10:33:52","slug":"professor-van-dusen-kauft-die-katze-im-sack","status":"publish","type":"product","link":"https:\/\/www.allscore.de\/shop\/produkt\/professor-van-dusen-kauft-die-katze-im-sack\/","title":{"rendered":"Professor van Dusen kauft die Katze im Sack (10)"},"content":{"rendered":"<div class=\"more\">\n<p>PRESSE<\/p>\n<p><a href=\"http:\/\/www.hoerspatz.de\/texte_rezis\/dusen_neue_10x.html\" target=\"blank\" rel=\"noopener noreferrer\">Hoerspatz.de<\/a> [Juli 2017]: &#8222;F\u00fcr mich die bisher beste Folge der Reihe &#8211; H\u00f6rtipp!&#8220;<\/p>\n<p><a href=\"http:\/\/www.zauberspiegel-online.de\/index.php\/krimi-und-thriller-unter-der-lupe-341\/31388-professor-van-dusen-10-kauft-die-katze-im-sack\" target=\"blank\" rel=\"noopener noreferrer\">Zauberspiegel-Online<\/a> [Juli 2017]: &#8222;Spannender geht\u00b4s nimmer. Auch ein van Dusen-Fall kann als Thriller \u00fcberzeugen.&#8220;<\/p>\n<p><a href=\"http:\/\/www.buecher-magazin.de\/rezensionen\/hoerbuecher\/thriller-und-krimis\/professor-van-dusen-kauft-die-katze-im-sack\" target=\"blank\" rel=\"noopener noreferrer\">B\u00fccher-Magazin<\/a> [Sept. 2017]: &#8222;&#8230;schon stecken sie in einem neuen Fall, der einen intelligenten und spannungsgeladenen Krimi mit ausgezeichneter Soundkulisse und tollen Sprechern verbindet und dabei von der arrogant-charmanten Hauptfigur und deren Flair lebt. Die Charaktere harmonieren miteinander und bescheren mit viel Humor \u00fcberraschenden Wendungen.&#8220;<\/p>\n<p><a href=\"https:\/\/www.buchtips.net\/rez9698-die-neuen-faelle-fall-10-professor-van-dusen-kauft-die-katze-im-sack.htm\" target=\"blank\" rel=\"noopener noreferrer\">Buchtips.net<\/a> [Sept. 2017]: &#8222;&#8218;Professor van Dusen kauft die Katz im Sack&#8216; ist ein weiterer H\u00f6hepunkt der neuen F\u00e4lle der Denkmaschine. Nach anf\u00e4nglichen Startschwierigkeiten muss Serienerfinder Michael Koser sehr zufrieden sein, was hier aus seiner Serie gemacht wurde. Sowohl in inhaltlicher als auch akustischer Hinsicht, steht die Serie dem Original in Nichts nach. Ich freue mich jetzt schon auf die n\u00e4chste Folge. 10 von 10 Punkten!&#8220;<\/p>\n<p><a href=\"http:\/\/www.hoerspieltipps.net\/hsp\/18977.html\" target=\"blank\" rel=\"noopener noreferrer\">Hoerspieltipps.net<\/a> [Juni 2017]: &#8222;Ich habe diese Folge mit viel Freude und Genuss geh\u00f6rt. Trotz mehr als 75 Minuten Spielzeit kommt hier keinerlei Langeweile auf, im Gegenteil, man wird mit kniffligen Wendungen und interessanten Figuren \u00fcberrascht. Auch die Sprecher \u00fcberzeugen mit einer gelungen Gratwanderung im Spiel, sie treffen stets das richtige Ma\u00df des notwendigen Overactings.&#8220;<\/p>\n<p><a href=\"http:\/\/www.poldis-hoerspielseite.de\/z2615.htm\" target=\"blank\" rel=\"noopener noreferrer\">Poldis H\u00f6rspielseite<\/a> [Juni 2017]: &#8222;Toll, wie gut die Charaktere wieder miteinander funktionieren und wie der Humor der Serie immer wieder durchschl\u00e4gt und f\u00fcr heitere Momente sorgt. Doch auch der Fall an sich ist sehr stark, wird mit vielen \u00fcberraschenden Momenten und falschen Spuren abwechslungsreich erz\u00e4hlt, wobei jeder Szene die n\u00f6tige Aufmerksamkeit zukommt.&#8220;<\/p>\n<p><a href=\"http:\/\/www.monstersandcritics.de\/professor-van-dusen-fall-10-professor-van-dusen-kauft-die-katze-im-sack-hoerspielkritik\/\" target=\"blank\" rel=\"noopener noreferrer\">Monsters &amp; Critics<\/a> [Juni 2017]: &#8222;&#8230;eine gelungene Kriminalgeschichte, bei der man sich lange auf dem Holzweg befindet. Die L\u00f6sung ist eigentlich schon von der ersten Minute an klar, doch uns Laien fehlt daf\u00fcr leider der kriminalistische Sachverstand. Wie gut, dass es den Professor und seinen Freund Hutchinson Hatch gibt. 10 von 10 Punkten!&#8220;<\/p>\n<p><a href=\"http:\/\/www.reziratte.de\/2017\/08\/08\/professor-van-dusen-10-kauft-die-katze-im-sack\/\" target=\"blank\" rel=\"noopener noreferrer\">Reziratte<\/a> [Aug. 2017]: &#8222;Eine von vorne bis hinten sehr spannende Geschichte, bei der man durchweg mitr\u00e4tseln kann und die einen immer wieder aufs Neue eine lange Nase zeigt, wenn man meint, sich \u00fcber etwas sicher zu sein. Das macht richtig Spass!&#8220;<\/p>\n<p><a href=\"http:\/\/www.hoerbuchjunkies.com\/Professor-van-Dusen-kauft-die-Katze-im-Sack.htm\" target=\"blank\" rel=\"noopener noreferrer\">Hoerbuchjunkies.com<\/a> [Juni 2017]: &#8222;Erneut eine Folge, die mit intelligenter Geschichte und tollen Sprechern beweisen kann, dass guter Krimi keine gro\u00dfen Knalleffekte braucht. Die qualitativ hochwertige Produktion und die gelungene Soundkulisse tun ihr \u00dcbriges um restlos zu \u00fcberzeugen. Volle Punktzahl und H\u00f6rempfehlung \u2013 nicht nur f\u00fcr Fans!&#8220;<\/p>\n<\/div>\n","protected":false},"excerpt":{"rendered":"<p>Eigentlich wollten Professor van Dusen und Hutchinson Hatch den Zwangsaufenthalt im sch\u00f6nen Wales zur Erholung nutzen. Doch damit ist es vorbei, als sie das verzweifelte Dienstm\u00e4dchen Janie um Hilfe bittet, deren Herrschaft Lady Agatha sich k\u00fcrzlich das Leben genommen haben soll. Aber Janie ist davon \u00fcberzeugt, dass es Mord war, und sie glaubt auch zu wissen, wer dahintersteckt: Der erfolgreiche Mystery-Autor Bryan Edgar Wilson!<\/p>\n<p>Professor van Dusen: Bernd Vollbrecht<br \/>\nHutchinson Hatch: Nicolai Tegeler<br \/>\nSuperintendent Foxhiller: Wolfgang Draeger<br \/>\nAngus Liammoir: Bernd Stephan<br \/>\nEmma Liammoir: Kerstin Draeger<br \/>\nBryan E. Wilson: Erich R\u00e4uker<br \/>\nJanie Marble: Luisa Wietzorek<br \/>\nEdward Arent: Tobias Nath<br \/>\nMrs. Hudson: Elga Sch\u00fctz<br \/>\nGlumis Fitzroy: Dirk M\u00fcller<br \/>\nPfarrer: J\u00fcrgen Kluckert<br \/>\nLady Agatha: Ute Noack<br \/>\nGleisarbeiter: Kaspar Eichel<br \/>\nSchauspieler 1: Christian Rode<br \/>\nSchauspieler 2: Peter Groeger<br \/>\nKonstabler: Jan Graewe<br \/>\nu.a.<\/p>\n<p>Regie: Gerd Naumann<br \/>\nBuch: Bodo Traber<br \/>\nKomponist: Christian Bluthardt<br \/>\nSounddesign, Mischung &amp; Master: Tom Steinbrecher<\/p>\n<p>Spieldauer: ca. 76 Minuten<\/p>\n","protected":false},"featured_media":7396,"template":"","meta":[],"product_brand":[],"product_cat":[72,210],"product_tag":[],"class_list":{"0":"post-7450","1":"product","2":"type-product","3":"status-publish","4":"has-post-thumbnail","6":"product_cat-hoerspiele","7":"product_cat-professor-van-dusen-neue-faelle","8":"product_shipping_class-tontraeger-cd","9":"entry","10":"clearfix","11":"entry-grid","12":"entry-columns-3","13":"entry-product-module-layout-sidebar-right","14":"thumbnail-color-tone-dark","15":"entry-product","17":"entry-product-grid","19":"first","20":"instock","21":"taxable","22":"shipping-taxable","23":"purchasable","24":"product-type-simple"},"yoast_head":"<!-- This site is optimized with the Yoast SEO plugin v27.3 - https:\/\/yoast.com\/product\/yoast-seo-wordpress\/ -->\n<title>Professor van Dusen kauft die Katze im Sack (10)<\/title>\n<meta name=\"description\" content=\"Eigentlich wollten Professor van Dusen und Hutchinson Hatch den Zwangsaufenthalt im sch\u00f6nen Wales zur Erholung nutzen. Doch damit ist es vorbei, als sie das verzweifelte Dienstm\u00e4dchen Janie um Hilfe bittet, deren Herrschaft Lady Agatha sich k\u00fcrzlich das Leben genommen haben soll. Aber Janie ist davon \u00fcberzeugt, dass es Mord war, und sie glaubt auch zu wissen, wer dahintersteckt: Der erfolgreiche Mystery-Autor Bryan Edgar Wilson!  Professor van Dusen: Bernd Vollbrecht Hutchinson Hatch: Nicolai Tegeler Superintendent Foxhiller: Wolfgang Draeger Angus Liammoir: Bernd Stephan Emma Liammoir: Kerstin Draeger Bryan E. Wilson: Erich R\u00e4uker Janie Marble: Luisa Wietzorek Edward Arent: Tobias Nath Mrs. Hudson: Elga Sch\u00fctz Glumis Fitzroy: Dirk M\u00fcller Pfarrer: J\u00fcrgen Kluckert Lady Agatha: Ute Noack Gleisarbeiter: Kaspar Eichel Schauspieler 1: Christian Rode Schauspieler 2: Peter Groeger Konstabler: Jan Graewe u.a.  Regie: Gerd Naumann Buch: Bodo Traber Komponist: Christian Bluthardt Sounddesign, Mischung &amp; Master: Tom Steinbrecher  Spieldauer: ca. 76 Minuten\" \/>\n<meta name=\"robots\" content=\"index, follow, max-snippet:-1, max-image-preview:large, max-video-preview:-1\" \/>\n<link rel=\"canonical\" href=\"https:\/\/www.allscore.de\/shop\/produkt\/professor-van-dusen-kauft-die-katze-im-sack\/\" \/>\n<meta property=\"og:locale\" content=\"de_DE\" \/>\n<meta property=\"og:type\" content=\"article\" \/>\n<meta property=\"og:title\" content=\"Professor van Dusen kauft die Katze im Sack (10)\" \/>\n<meta property=\"og:description\" content=\"Eigentlich wollten Professor van Dusen und Hutchinson Hatch den Zwangsaufenthalt im sch\u00f6nen Wales zur Erholung nutzen. Doch damit ist es vorbei, als sie das verzweifelte Dienstm\u00e4dchen Janie um Hilfe bittet, deren Herrschaft Lady Agatha sich k\u00fcrzlich das Leben genommen haben soll. Aber Janie ist davon \u00fcberzeugt, dass es Mord war, und sie glaubt auch zu wissen, wer dahintersteckt: Der erfolgreiche Mystery-Autor Bryan Edgar Wilson!  Professor van Dusen: Bernd Vollbrecht Hutchinson Hatch: Nicolai Tegeler Superintendent Foxhiller: Wolfgang Draeger Angus Liammoir: Bernd Stephan Emma Liammoir: Kerstin Draeger Bryan E. Wilson: Erich R\u00e4uker Janie Marble: Luisa Wietzorek Edward Arent: Tobias Nath Mrs. Hudson: Elga Sch\u00fctz Glumis Fitzroy: Dirk M\u00fcller Pfarrer: J\u00fcrgen Kluckert Lady Agatha: Ute Noack Gleisarbeiter: Kaspar Eichel Schauspieler 1: Christian Rode Schauspieler 2: Peter Groeger Konstabler: Jan Graewe u.a.  Regie: Gerd Naumann Buch: Bodo Traber Komponist: Christian Bluthardt Sounddesign, Mischung &amp; Master: Tom Steinbrecher  Spieldauer: ca. 76 Minuten\" \/>\n<meta property=\"og:url\" content=\"https:\/\/www.allscore.de\/shop\/produkt\/professor-van-dusen-kauft-die-katze-im-sack\/\" \/>\n<meta property=\"og:site_name\" content=\"Allscore Shop\" \/>\n<meta property=\"article:modified_time\" content=\"2026-03-28T10:33:52+00:00\" \/>\n<meta property=\"og:image\" content=\"https:\/\/www.allscore.de\/shop\/wp-content\/uploads\/2020\/09\/PvD10_1200x1200.jpg\" \/>\n\t<meta property=\"og:image:width\" content=\"1200\" \/>\n\t<meta property=\"og:image:height\" content=\"1200\" \/>\n\t<meta property=\"og:image:type\" content=\"image\/jpeg\" \/>\n<meta name=\"twitter:card\" content=\"summary_large_image\" \/>\n<meta name=\"twitter:label1\" content=\"Gesch\u00e4tzte Lesezeit\" \/>\n\t<meta name=\"twitter:data1\" content=\"2\u00a0Minuten\" \/>\n<script type=\"application\/ld+json\" class=\"yoast-schema-graph\">{\"@context\":\"https:\\\/\\\/schema.org\",\"@graph\":[{\"@type\":\"WebPage\",\"@id\":\"https:\\\/\\\/www.allscore.de\\\/shop\\\/produkt\\\/professor-van-dusen-kauft-die-katze-im-sack\\\/\",\"url\":\"https:\\\/\\\/www.allscore.de\\\/shop\\\/produkt\\\/professor-van-dusen-kauft-die-katze-im-sack\\\/\",\"name\":\"Professor van Dusen kauft die Katze im Sack (10)\",\"isPartOf\":{\"@id\":\"https:\\\/\\\/www.allscore.de\\\/shop\\\/#website\"},\"primaryImageOfPage\":{\"@id\":\"https:\\\/\\\/www.allscore.de\\\/shop\\\/produkt\\\/professor-van-dusen-kauft-die-katze-im-sack\\\/#primaryimage\"},\"image\":{\"@id\":\"https:\\\/\\\/www.allscore.de\\\/shop\\\/produkt\\\/professor-van-dusen-kauft-die-katze-im-sack\\\/#primaryimage\"},\"thumbnailUrl\":\"https:\\\/\\\/www.allscore.de\\\/shop\\\/wp-content\\\/uploads\\\/2020\\\/09\\\/PvD10_1200x1200.jpg\",\"datePublished\":\"2017-05-08T14:58:22+00:00\",\"dateModified\":\"2026-03-28T10:33:52+00:00\",\"description\":\"Eigentlich wollten Professor van Dusen und Hutchinson Hatch den Zwangsaufenthalt im sch\u00f6nen Wales zur Erholung nutzen. Doch damit ist es vorbei, als sie das verzweifelte Dienstm\u00e4dchen Janie um Hilfe bittet, deren Herrschaft Lady Agatha sich k\u00fcrzlich das Leben genommen haben soll. Aber Janie ist davon \u00fcberzeugt, dass es Mord war, und sie glaubt auch zu wissen, wer dahintersteckt: Der erfolgreiche Mystery-Autor Bryan Edgar Wilson! Professor van Dusen: Bernd Vollbrecht Hutchinson Hatch: Nicolai Tegeler Superintendent Foxhiller: Wolfgang Draeger Angus Liammoir: Bernd Stephan Emma Liammoir: Kerstin Draeger Bryan E. Wilson: Erich R\u00e4uker Janie Marble: Luisa Wietzorek Edward Arent: Tobias Nath Mrs. Hudson: Elga Sch\u00fctz Glumis Fitzroy: Dirk M\u00fcller Pfarrer: J\u00fcrgen Kluckert Lady Agatha: Ute Noack Gleisarbeiter: Kaspar Eichel Schauspieler 1: Christian Rode Schauspieler 2: Peter Groeger Konstabler: Jan Graewe u.a. Regie: Gerd Naumann Buch: Bodo Traber Komponist: Christian Bluthardt Sounddesign, Mischung &amp; Master: Tom Steinbrecher Spieldauer: ca. 76 Minuten\",\"breadcrumb\":{\"@id\":\"https:\\\/\\\/www.allscore.de\\\/shop\\\/produkt\\\/professor-van-dusen-kauft-die-katze-im-sack\\\/#breadcrumb\"},\"inLanguage\":\"de\",\"potentialAction\":[{\"@type\":\"ReadAction\",\"target\":[\"https:\\\/\\\/www.allscore.de\\\/shop\\\/produkt\\\/professor-van-dusen-kauft-die-katze-im-sack\\\/\"]}]},{\"@type\":\"ImageObject\",\"inLanguage\":\"de\",\"@id\":\"https:\\\/\\\/www.allscore.de\\\/shop\\\/produkt\\\/professor-van-dusen-kauft-die-katze-im-sack\\\/#primaryimage\",\"url\":\"https:\\\/\\\/www.allscore.de\\\/shop\\\/wp-content\\\/uploads\\\/2020\\\/09\\\/PvD10_1200x1200.jpg\",\"contentUrl\":\"https:\\\/\\\/www.allscore.de\\\/shop\\\/wp-content\\\/uploads\\\/2020\\\/09\\\/PvD10_1200x1200.jpg\",\"width\":1200,\"height\":1200,\"caption\":\"Professor van Dusen kauft die Katze im Sack\"},{\"@type\":\"BreadcrumbList\",\"@id\":\"https:\\\/\\\/www.allscore.de\\\/shop\\\/produkt\\\/professor-van-dusen-kauft-die-katze-im-sack\\\/#breadcrumb\",\"itemListElement\":[{\"@type\":\"ListItem\",\"position\":1,\"name\":\"Startseite\",\"item\":\"https:\\\/\\\/www.allscore.de\\\/shop\\\/\"},{\"@type\":\"ListItem\",\"position\":2,\"name\":\"Produkte\",\"item\":\"https:\\\/\\\/www.allscore.de\\\/shop\\\/shop\\\/\"},{\"@type\":\"ListItem\",\"position\":3,\"name\":\"Professor van Dusen kauft die Katze im Sack (10)\"}]},{\"@type\":\"WebSite\",\"@id\":\"https:\\\/\\\/www.allscore.de\\\/shop\\\/#website\",\"url\":\"https:\\\/\\\/www.allscore.de\\\/shop\\\/\",\"name\":\"Allscore Shop\",\"description\":\"All Score Media\",\"publisher\":{\"@id\":\"https:\\\/\\\/www.allscore.de\\\/shop\\\/#organization\"},\"potentialAction\":[{\"@type\":\"SearchAction\",\"target\":{\"@type\":\"EntryPoint\",\"urlTemplate\":\"https:\\\/\\\/www.allscore.de\\\/shop\\\/?s={search_term_string}\"},\"query-input\":{\"@type\":\"PropertyValueSpecification\",\"valueRequired\":true,\"valueName\":\"search_term_string\"}}],\"inLanguage\":\"de\"},{\"@type\":\"Organization\",\"@id\":\"https:\\\/\\\/www.allscore.de\\\/shop\\\/#organization\",\"name\":\"All Score Media\",\"alternateName\":\"Allscore\",\"url\":\"https:\\\/\\\/www.allscore.de\\\/shop\\\/\",\"logo\":{\"@type\":\"ImageObject\",\"inLanguage\":\"de\",\"@id\":\"https:\\\/\\\/www.allscore.de\\\/shop\\\/#\\\/schema\\\/logo\\\/image\\\/\",\"url\":\"https:\\\/\\\/www.allscore.de\\\/shop\\\/wp-content\\\/uploads\\\/2026\\\/01\\\/Logo_Yoast_Shop_2026.png\",\"contentUrl\":\"https:\\\/\\\/www.allscore.de\\\/shop\\\/wp-content\\\/uploads\\\/2026\\\/01\\\/Logo_Yoast_Shop_2026.png\",\"width\":696,\"height\":696,\"caption\":\"All Score Media\"},\"image\":{\"@id\":\"https:\\\/\\\/www.allscore.de\\\/shop\\\/#\\\/schema\\\/logo\\\/image\\\/\"}}]}<\/script>\n<!-- \/ Yoast SEO plugin. -->","yoast_head_json":{"title":"Professor van Dusen kauft die Katze im Sack (10)","description":"Eigentlich wollten Professor van Dusen und Hutchinson Hatch den Zwangsaufenthalt im sch\u00f6nen Wales zur Erholung nutzen. Doch damit ist es vorbei, als sie das verzweifelte Dienstm\u00e4dchen Janie um Hilfe bittet, deren Herrschaft Lady Agatha sich k\u00fcrzlich das Leben genommen haben soll. Aber Janie ist davon \u00fcberzeugt, dass es Mord war, und sie glaubt auch zu wissen, wer dahintersteckt: Der erfolgreiche Mystery-Autor Bryan Edgar Wilson!  Professor van Dusen: Bernd Vollbrecht Hutchinson Hatch: Nicolai Tegeler Superintendent Foxhiller: Wolfgang Draeger Angus Liammoir: Bernd Stephan Emma Liammoir: Kerstin Draeger Bryan E. Wilson: Erich R\u00e4uker Janie Marble: Luisa Wietzorek Edward Arent: Tobias Nath Mrs. Hudson: Elga Sch\u00fctz Glumis Fitzroy: Dirk M\u00fcller Pfarrer: J\u00fcrgen Kluckert Lady Agatha: Ute Noack Gleisarbeiter: Kaspar Eichel Schauspieler 1: Christian Rode Schauspieler 2: Peter Groeger Konstabler: Jan Graewe u.a.  Regie: Gerd Naumann Buch: Bodo Traber Komponist: Christian Bluthardt Sounddesign, Mischung &amp; Master: Tom Steinbrecher  Spieldauer: ca. 76 Minuten","robots":{"index":"index","follow":"follow","max-snippet":"max-snippet:-1","max-image-preview":"max-image-preview:large","max-video-preview":"max-video-preview:-1"},"canonical":"https:\/\/www.allscore.de\/shop\/produkt\/professor-van-dusen-kauft-die-katze-im-sack\/","og_locale":"de_DE","og_type":"article","og_title":"Professor van Dusen kauft die Katze im Sack (10)","og_description":"Eigentlich wollten Professor van Dusen und Hutchinson Hatch den Zwangsaufenthalt im sch\u00f6nen Wales zur Erholung nutzen. Doch damit ist es vorbei, als sie das verzweifelte Dienstm\u00e4dchen Janie um Hilfe bittet, deren Herrschaft Lady Agatha sich k\u00fcrzlich das Leben genommen haben soll. Aber Janie ist davon \u00fcberzeugt, dass es Mord war, und sie glaubt auch zu wissen, wer dahintersteckt: Der erfolgreiche Mystery-Autor Bryan Edgar Wilson!  Professor van Dusen: Bernd Vollbrecht Hutchinson Hatch: Nicolai Tegeler Superintendent Foxhiller: Wolfgang Draeger Angus Liammoir: Bernd Stephan Emma Liammoir: Kerstin Draeger Bryan E. Wilson: Erich R\u00e4uker Janie Marble: Luisa Wietzorek Edward Arent: Tobias Nath Mrs. Hudson: Elga Sch\u00fctz Glumis Fitzroy: Dirk M\u00fcller Pfarrer: J\u00fcrgen Kluckert Lady Agatha: Ute Noack Gleisarbeiter: Kaspar Eichel Schauspieler 1: Christian Rode Schauspieler 2: Peter Groeger Konstabler: Jan Graewe u.a.  Regie: Gerd Naumann Buch: Bodo Traber Komponist: Christian Bluthardt Sounddesign, Mischung &amp; Master: Tom Steinbrecher  Spieldauer: ca. 76 Minuten","og_url":"https:\/\/www.allscore.de\/shop\/produkt\/professor-van-dusen-kauft-die-katze-im-sack\/","og_site_name":"Allscore Shop","article_modified_time":"2026-03-28T10:33:52+00:00","og_image":[{"width":1200,"height":1200,"url":"https:\/\/www.allscore.de\/shop\/wp-content\/uploads\/2020\/09\/PvD10_1200x1200.jpg","type":"image\/jpeg"}],"twitter_card":"summary_large_image","twitter_misc":{"Gesch\u00e4tzte Lesezeit":"2\u00a0Minuten"},"schema":{"@context":"https:\/\/schema.org","@graph":[{"@type":"WebPage","@id":"https:\/\/www.allscore.de\/shop\/produkt\/professor-van-dusen-kauft-die-katze-im-sack\/","url":"https:\/\/www.allscore.de\/shop\/produkt\/professor-van-dusen-kauft-die-katze-im-sack\/","name":"Professor van Dusen kauft die Katze im Sack (10)","isPartOf":{"@id":"https:\/\/www.allscore.de\/shop\/#website"},"primaryImageOfPage":{"@id":"https:\/\/www.allscore.de\/shop\/produkt\/professor-van-dusen-kauft-die-katze-im-sack\/#primaryimage"},"image":{"@id":"https:\/\/www.allscore.de\/shop\/produkt\/professor-van-dusen-kauft-die-katze-im-sack\/#primaryimage"},"thumbnailUrl":"https:\/\/www.allscore.de\/shop\/wp-content\/uploads\/2020\/09\/PvD10_1200x1200.jpg","datePublished":"2017-05-08T14:58:22+00:00","dateModified":"2026-03-28T10:33:52+00:00","description":"Eigentlich wollten Professor van Dusen und Hutchinson Hatch den Zwangsaufenthalt im sch\u00f6nen Wales zur Erholung nutzen. Doch damit ist es vorbei, als sie das verzweifelte Dienstm\u00e4dchen Janie um Hilfe bittet, deren Herrschaft Lady Agatha sich k\u00fcrzlich das Leben genommen haben soll. Aber Janie ist davon \u00fcberzeugt, dass es Mord war, und sie glaubt auch zu wissen, wer dahintersteckt: Der erfolgreiche Mystery-Autor Bryan Edgar Wilson! Professor van Dusen: Bernd Vollbrecht Hutchinson Hatch: Nicolai Tegeler Superintendent Foxhiller: Wolfgang Draeger Angus Liammoir: Bernd Stephan Emma Liammoir: Kerstin Draeger Bryan E. Wilson: Erich R\u00e4uker Janie Marble: Luisa Wietzorek Edward Arent: Tobias Nath Mrs. Hudson: Elga Sch\u00fctz Glumis Fitzroy: Dirk M\u00fcller Pfarrer: J\u00fcrgen Kluckert Lady Agatha: Ute Noack Gleisarbeiter: Kaspar Eichel Schauspieler 1: Christian Rode Schauspieler 2: Peter Groeger Konstabler: Jan Graewe u.a. Regie: Gerd Naumann Buch: Bodo Traber Komponist: Christian Bluthardt Sounddesign, Mischung &amp; Master: Tom Steinbrecher Spieldauer: ca. 76 Minuten","breadcrumb":{"@id":"https:\/\/www.allscore.de\/shop\/produkt\/professor-van-dusen-kauft-die-katze-im-sack\/#breadcrumb"},"inLanguage":"de","potentialAction":[{"@type":"ReadAction","target":["https:\/\/www.allscore.de\/shop\/produkt\/professor-van-dusen-kauft-die-katze-im-sack\/"]}]},{"@type":"ImageObject","inLanguage":"de","@id":"https:\/\/www.allscore.de\/shop\/produkt\/professor-van-dusen-kauft-die-katze-im-sack\/#primaryimage","url":"https:\/\/www.allscore.de\/shop\/wp-content\/uploads\/2020\/09\/PvD10_1200x1200.jpg","contentUrl":"https:\/\/www.allscore.de\/shop\/wp-content\/uploads\/2020\/09\/PvD10_1200x1200.jpg","width":1200,"height":1200,"caption":"Professor van Dusen kauft die Katze im Sack"},{"@type":"BreadcrumbList","@id":"https:\/\/www.allscore.de\/shop\/produkt\/professor-van-dusen-kauft-die-katze-im-sack\/#breadcrumb","itemListElement":[{"@type":"ListItem","position":1,"name":"Startseite","item":"https:\/\/www.allscore.de\/shop\/"},{"@type":"ListItem","position":2,"name":"Produkte","item":"https:\/\/www.allscore.de\/shop\/shop\/"},{"@type":"ListItem","position":3,"name":"Professor van Dusen kauft die Katze im Sack (10)"}]},{"@type":"WebSite","@id":"https:\/\/www.allscore.de\/shop\/#website","url":"https:\/\/www.allscore.de\/shop\/","name":"Allscore Shop","description":"All Score Media","publisher":{"@id":"https:\/\/www.allscore.de\/shop\/#organization"},"potentialAction":[{"@type":"SearchAction","target":{"@type":"EntryPoint","urlTemplate":"https:\/\/www.allscore.de\/shop\/?s={search_term_string}"},"query-input":{"@type":"PropertyValueSpecification","valueRequired":true,"valueName":"search_term_string"}}],"inLanguage":"de"},{"@type":"Organization","@id":"https:\/\/www.allscore.de\/shop\/#organization","name":"All Score Media","alternateName":"Allscore","url":"https:\/\/www.allscore.de\/shop\/","logo":{"@type":"ImageObject","inLanguage":"de","@id":"https:\/\/www.allscore.de\/shop\/#\/schema\/logo\/image\/","url":"https:\/\/www.allscore.de\/shop\/wp-content\/uploads\/2026\/01\/Logo_Yoast_Shop_2026.png","contentUrl":"https:\/\/www.allscore.de\/shop\/wp-content\/uploads\/2026\/01\/Logo_Yoast_Shop_2026.png","width":696,"height":696,"caption":"All Score Media"},"image":{"@id":"https:\/\/www.allscore.de\/shop\/#\/schema\/logo\/image\/"}}]}},"_links":{"self":[{"href":"https:\/\/www.allscore.de\/shop\/wp-json\/wp\/v2\/product\/7450","targetHints":{"allow":["GET"]}}],"collection":[{"href":"https:\/\/www.allscore.de\/shop\/wp-json\/wp\/v2\/product"}],"about":[{"href":"https:\/\/www.allscore.de\/shop\/wp-json\/wp\/v2\/types\/product"}],"wp:featuredmedia":[{"embeddable":true,"href":"https:\/\/www.allscore.de\/shop\/wp-json\/wp\/v2\/media\/7396"}],"wp:attachment":[{"href":"https:\/\/www.allscore.de\/shop\/wp-json\/wp\/v2\/media?parent=7450"}],"wp:term":[{"taxonomy":"product_brand","embeddable":true,"href":"https:\/\/www.allscore.de\/shop\/wp-json\/wp\/v2\/product_brand?post=7450"},{"taxonomy":"product_cat","embeddable":true,"href":"https:\/\/www.allscore.de\/shop\/wp-json\/wp\/v2\/product_cat?post=7450"},{"taxonomy":"product_tag","embeddable":true,"href":"https:\/\/www.allscore.de\/shop\/wp-json\/wp\/v2\/product_tag?post=7450"}],"curies":[{"name":"wp","href":"https:\/\/api.w.org\/{rel}","templated":true}]}}