{"id":7438,"date":"2016-09-08T14:58:52","date_gmt":"2016-09-08T12:58:52","guid":{"rendered":"https:\/\/www.allscore.de\/shop\/?post_type=product&#038;p=7438"},"modified":"2026-03-28T11:33:52","modified_gmt":"2026-03-28T10:33:52","slug":"professor-van-dusen-zuendet-ein-feuerwerk","status":"publish","type":"product","link":"https:\/\/www.allscore.de\/shop\/produkt\/professor-van-dusen-zuendet-ein-feuerwerk\/","title":{"rendered":"Professor van Dusen z\u00fcndet ein Feuerwerk (07)"},"content":{"rendered":"<p>PRESSE<\/p>\n<p><a href=\"http:\/\/www.poldis-hoerspielseite.de\/z2404.htm\" target=\"blank\" rel=\"noopener noreferrer\">Poldis H\u00f6rspielseite<\/a> [Okt. 2016]: &#8222;&#8230;die Spannung steigert sich immer weiter, durch die pr\u00e4gnanten Charaktere wei\u00df der H\u00f6rer schon bald nicht mehr, wem er trauen kann \u2013 sehr gelungen!&#8220;<\/p>\n<p><a href=\"http:\/\/www.monstersandcritics.de\/professor-van-dusen-fall-7-professor-van-dusen-zuendet-ein-feuerwerk-hoerspielkritik\/\" target=\"blank\" rel=\"noopener noreferrer\">Monsters &amp; Critics<\/a> [Sept. 2016]: &#8222;&#8230; ein spannendes und abwechslungsreiches H\u00f6rspiel&#8230;, welches Lust auf noch mehr van Dusen macht. 10 von 10 Punkten!&#8220;<\/p>\n<p><a href=\"http:\/\/www.hoerbuchjunkies.com\/Professor-van-Dusen-z.ue.ndet-ein-Feuerwerk.htm\" target=\"blank\" rel=\"noopener noreferrer\">Hoerbuchjunkies.com<\/a> [Sept. 2016]: &#8222;Erneut eine Folge, die mit intelligenter Geschichte und tollen Sprechern beweisen kann, dass guter Krimi keine gro\u00dfen Knalleffekte braucht. Die qualitativ hochwertige Produktion und die gelungene Soundkulisse tun ihr \u00dcbriges um restlos zu \u00fcberzeugen. Volle Punktzahl und unbedingte H\u00f6rempfehlung \u2013 nicht nur f\u00fcr Fans!&#8220;<\/p>\n<p><a href=\"http:\/\/www.reziratte.de\/2016\/09\/22\/professor-van-dusen-07-zuendet-ein-feuerwerk\/\" target=\"blank\" rel=\"noopener noreferrer\">Reziratte<\/a> [Sept. 2016]: &#8222;Ein durchweg spannender Fall f\u00fcr den Professor an einem ganz wunderbaren Schauplatz!&#8220;<\/p>\n<p><a href=\"http:\/\/www.hoerspatz.de\/texte_rezis\/dusen_neue_07.htm\" target=\"blank\" rel=\"noopener noreferrer\">Hoerspatz.de<\/a> [Sept. 2016]: &#8222;Am Ende sind 2 und 2 nat\u00fcrlich mal wieder 4: Hier z\u00fcndet alles &#8211; Top-Abenteuer der Denkmaschine!&#8220;<\/p>\n","protected":false},"excerpt":{"rendered":"<p>Die Denkmaschine Professor van Dusen und sein Assistent Hutchinson Hatch erleben das Jahresende auf Blackwell&#8217;s Island. Genauer gesagt: Im New York City Lunatic Asylum, der Irrenanstalt, die sich auf der langgezogenen Insel zwischen Manhattan und Queens befindet. Nein, nicht was Sie jetzt denken! Die beiden sind der Einladung des Leiters der Anstalt gefolgt, um dort mit einigen ausgew\u00e4hlten G\u00e4sten den Silvesterabend zu begehen. Doch die Feier wird j\u00e4h beendet, als in der nahegelegenen Kirche ein Mann bei lebendigem Leibe verbrennt&#8230;<\/p>\n<p>Professor van Dusen: Bernd Vollbrecht<br \/>\nHutchinson Hatch: Nicolai Tegeler<br \/>\nDet. Serg. Rigoletto Caruso: Gerald Paradies<br \/>\nProf. Dr. Joseph Feldman: Dirk M\u00fcller<br \/>\nColin Harrison: Dirk Hardegen<br \/>\nDr. Stuart Finch: Manfred Lehmann<br \/>\nJane Crane: Anke Reitzenstein<br \/>\nGouverneur William T. Stetson: Hartmut Neugebauer<br \/>\nReverend George Walcott: Eckart Dux<br \/>\nAlbert Shaw: Thomas Bernhard<br \/>\nu.a.<\/p>\n<p>Regie: Gerd Naumann<br \/>\nBuch: Eric Niemann<br \/>\nKomponist: Christian Bluthardt<br \/>\nSounddesign, Mischung &amp; Master: Tom Steinbrecher<\/p>\n<p>Spieldauer: ca. 70 Minuten<\/p>\n","protected":false},"featured_media":7417,"template":"","meta":[],"product_brand":[],"product_cat":[72,210],"product_tag":[],"class_list":{"0":"post-7438","1":"product","2":"type-product","3":"status-publish","4":"has-post-thumbnail","6":"product_cat-hoerspiele","7":"product_cat-professor-van-dusen-neue-faelle","8":"product_shipping_class-tontraeger-cd","9":"entry","10":"clearfix","11":"entry-grid","12":"entry-columns-3","13":"entry-product-module-layout-sidebar-right","14":"thumbnail-color-tone-dark","15":"entry-product","17":"entry-product-grid","19":"first","20":"instock","21":"taxable","22":"shipping-taxable","23":"purchasable","24":"product-type-simple"},"yoast_head":"<!-- This site is optimized with the Yoast SEO plugin v27.3 - https:\/\/yoast.com\/product\/yoast-seo-wordpress\/ -->\n<title>Professor van Dusen z\u00fcndet ein Feuerwerk (07)<\/title>\n<meta name=\"description\" content=\"Die Denkmaschine Professor van Dusen und sein Assistent Hutchinson Hatch erleben das Jahresende auf Blackwell&#039;s Island. Genauer gesagt: Im New York City Lunatic Asylum, der Irrenanstalt, die sich auf der langgezogenen Insel zwischen Manhattan und Queens befindet. Nein, nicht was Sie jetzt denken! Die beiden sind der Einladung des Leiters der Anstalt gefolgt, um dort mit einigen ausgew\u00e4hlten G\u00e4sten den Silvesterabend zu begehen. Doch die Feier wird j\u00e4h beendet, als in der nahegelegenen Kirche ein Mann bei lebendigem Leibe verbrennt...  Professor van Dusen: Bernd Vollbrecht Hutchinson Hatch: Nicolai Tegeler Det. Serg. Rigoletto Caruso: Gerald Paradies Prof. Dr. Joseph Feldman: Dirk M\u00fcller Colin Harrison: Dirk Hardegen Dr. Stuart Finch: Manfred Lehmann Jane Crane: Anke Reitzenstein Gouverneur William T. Stetson: Hartmut Neugebauer Reverend George Walcott: Eckart Dux Albert Shaw: Thomas Bernhard u.a.  Regie: Gerd Naumann Buch: Eric Niemann Komponist: Christian Bluthardt Sounddesign, Mischung &amp; Master: Tom Steinbrecher  Spieldauer: ca. 70 Minuten\" \/>\n<meta name=\"robots\" content=\"index, follow, max-snippet:-1, max-image-preview:large, max-video-preview:-1\" \/>\n<link rel=\"canonical\" href=\"https:\/\/www.allscore.de\/shop\/produkt\/professor-van-dusen-zuendet-ein-feuerwerk\/\" \/>\n<meta property=\"og:locale\" content=\"de_DE\" \/>\n<meta property=\"og:type\" content=\"article\" \/>\n<meta property=\"og:title\" content=\"Professor van Dusen z\u00fcndet ein Feuerwerk (07)\" \/>\n<meta property=\"og:description\" content=\"Die Denkmaschine Professor van Dusen und sein Assistent Hutchinson Hatch erleben das Jahresende auf Blackwell&#039;s Island. Genauer gesagt: Im New York City Lunatic Asylum, der Irrenanstalt, die sich auf der langgezogenen Insel zwischen Manhattan und Queens befindet. Nein, nicht was Sie jetzt denken! Die beiden sind der Einladung des Leiters der Anstalt gefolgt, um dort mit einigen ausgew\u00e4hlten G\u00e4sten den Silvesterabend zu begehen. Doch die Feier wird j\u00e4h beendet, als in der nahegelegenen Kirche ein Mann bei lebendigem Leibe verbrennt...  Professor van Dusen: Bernd Vollbrecht Hutchinson Hatch: Nicolai Tegeler Det. Serg. Rigoletto Caruso: Gerald Paradies Prof. Dr. Joseph Feldman: Dirk M\u00fcller Colin Harrison: Dirk Hardegen Dr. Stuart Finch: Manfred Lehmann Jane Crane: Anke Reitzenstein Gouverneur William T. Stetson: Hartmut Neugebauer Reverend George Walcott: Eckart Dux Albert Shaw: Thomas Bernhard u.a.  Regie: Gerd Naumann Buch: Eric Niemann Komponist: Christian Bluthardt Sounddesign, Mischung &amp; Master: Tom Steinbrecher  Spieldauer: ca. 70 Minuten\" \/>\n<meta property=\"og:url\" content=\"https:\/\/www.allscore.de\/shop\/produkt\/professor-van-dusen-zuendet-ein-feuerwerk\/\" \/>\n<meta property=\"og:site_name\" content=\"Allscore Shop\" \/>\n<meta property=\"article:modified_time\" content=\"2026-03-28T10:33:52+00:00\" \/>\n<meta property=\"og:image\" content=\"https:\/\/www.allscore.de\/shop\/wp-content\/uploads\/2020\/09\/PvD07_1200x1200.jpg\" \/>\n\t<meta property=\"og:image:width\" content=\"1200\" \/>\n\t<meta property=\"og:image:height\" content=\"1200\" \/>\n\t<meta property=\"og:image:type\" content=\"image\/jpeg\" \/>\n<meta name=\"twitter:card\" content=\"summary_large_image\" \/>\n<meta name=\"twitter:label1\" content=\"Gesch\u00e4tzte Lesezeit\" \/>\n\t<meta name=\"twitter:data1\" content=\"1\u00a0Minute\" \/>\n<script type=\"application\/ld+json\" class=\"yoast-schema-graph\">{\"@context\":\"https:\\\/\\\/schema.org\",\"@graph\":[{\"@type\":\"WebPage\",\"@id\":\"https:\\\/\\\/www.allscore.de\\\/shop\\\/produkt\\\/professor-van-dusen-zuendet-ein-feuerwerk\\\/\",\"url\":\"https:\\\/\\\/www.allscore.de\\\/shop\\\/produkt\\\/professor-van-dusen-zuendet-ein-feuerwerk\\\/\",\"name\":\"Professor van Dusen z\u00fcndet ein Feuerwerk (07)\",\"isPartOf\":{\"@id\":\"https:\\\/\\\/www.allscore.de\\\/shop\\\/#website\"},\"primaryImageOfPage\":{\"@id\":\"https:\\\/\\\/www.allscore.de\\\/shop\\\/produkt\\\/professor-van-dusen-zuendet-ein-feuerwerk\\\/#primaryimage\"},\"image\":{\"@id\":\"https:\\\/\\\/www.allscore.de\\\/shop\\\/produkt\\\/professor-van-dusen-zuendet-ein-feuerwerk\\\/#primaryimage\"},\"thumbnailUrl\":\"https:\\\/\\\/www.allscore.de\\\/shop\\\/wp-content\\\/uploads\\\/2020\\\/09\\\/PvD07_1200x1200.jpg\",\"datePublished\":\"2016-09-08T12:58:52+00:00\",\"dateModified\":\"2026-03-28T10:33:52+00:00\",\"description\":\"Die Denkmaschine Professor van Dusen und sein Assistent Hutchinson Hatch erleben das Jahresende auf Blackwell's Island. Genauer gesagt: Im New York City Lunatic Asylum, der Irrenanstalt, die sich auf der langgezogenen Insel zwischen Manhattan und Queens befindet. Nein, nicht was Sie jetzt denken! Die beiden sind der Einladung des Leiters der Anstalt gefolgt, um dort mit einigen ausgew\u00e4hlten G\u00e4sten den Silvesterabend zu begehen. Doch die Feier wird j\u00e4h beendet, als in der nahegelegenen Kirche ein Mann bei lebendigem Leibe verbrennt... Professor van Dusen: Bernd Vollbrecht Hutchinson Hatch: Nicolai Tegeler Det. Serg. Rigoletto Caruso: Gerald Paradies Prof. Dr. Joseph Feldman: Dirk M\u00fcller Colin Harrison: Dirk Hardegen Dr. Stuart Finch: Manfred Lehmann Jane Crane: Anke Reitzenstein Gouverneur William T. Stetson: Hartmut Neugebauer Reverend George Walcott: Eckart Dux Albert Shaw: Thomas Bernhard u.a. Regie: Gerd Naumann Buch: Eric Niemann Komponist: Christian Bluthardt Sounddesign, Mischung &amp; Master: Tom Steinbrecher Spieldauer: ca. 70 Minuten\",\"breadcrumb\":{\"@id\":\"https:\\\/\\\/www.allscore.de\\\/shop\\\/produkt\\\/professor-van-dusen-zuendet-ein-feuerwerk\\\/#breadcrumb\"},\"inLanguage\":\"de\",\"potentialAction\":[{\"@type\":\"ReadAction\",\"target\":[\"https:\\\/\\\/www.allscore.de\\\/shop\\\/produkt\\\/professor-van-dusen-zuendet-ein-feuerwerk\\\/\"]}]},{\"@type\":\"ImageObject\",\"inLanguage\":\"de\",\"@id\":\"https:\\\/\\\/www.allscore.de\\\/shop\\\/produkt\\\/professor-van-dusen-zuendet-ein-feuerwerk\\\/#primaryimage\",\"url\":\"https:\\\/\\\/www.allscore.de\\\/shop\\\/wp-content\\\/uploads\\\/2020\\\/09\\\/PvD07_1200x1200.jpg\",\"contentUrl\":\"https:\\\/\\\/www.allscore.de\\\/shop\\\/wp-content\\\/uploads\\\/2020\\\/09\\\/PvD07_1200x1200.jpg\",\"width\":1200,\"height\":1200,\"caption\":\"Professor van Dusen z\u00fcndet ein Feuerwerk\"},{\"@type\":\"BreadcrumbList\",\"@id\":\"https:\\\/\\\/www.allscore.de\\\/shop\\\/produkt\\\/professor-van-dusen-zuendet-ein-feuerwerk\\\/#breadcrumb\",\"itemListElement\":[{\"@type\":\"ListItem\",\"position\":1,\"name\":\"Startseite\",\"item\":\"https:\\\/\\\/www.allscore.de\\\/shop\\\/\"},{\"@type\":\"ListItem\",\"position\":2,\"name\":\"Produkte\",\"item\":\"https:\\\/\\\/www.allscore.de\\\/shop\\\/shop\\\/\"},{\"@type\":\"ListItem\",\"position\":3,\"name\":\"Professor van Dusen z\u00fcndet ein Feuerwerk (07)\"}]},{\"@type\":\"WebSite\",\"@id\":\"https:\\\/\\\/www.allscore.de\\\/shop\\\/#website\",\"url\":\"https:\\\/\\\/www.allscore.de\\\/shop\\\/\",\"name\":\"Allscore Shop\",\"description\":\"All Score Media\",\"publisher\":{\"@id\":\"https:\\\/\\\/www.allscore.de\\\/shop\\\/#organization\"},\"potentialAction\":[{\"@type\":\"SearchAction\",\"target\":{\"@type\":\"EntryPoint\",\"urlTemplate\":\"https:\\\/\\\/www.allscore.de\\\/shop\\\/?s={search_term_string}\"},\"query-input\":{\"@type\":\"PropertyValueSpecification\",\"valueRequired\":true,\"valueName\":\"search_term_string\"}}],\"inLanguage\":\"de\"},{\"@type\":\"Organization\",\"@id\":\"https:\\\/\\\/www.allscore.de\\\/shop\\\/#organization\",\"name\":\"All Score Media\",\"alternateName\":\"Allscore\",\"url\":\"https:\\\/\\\/www.allscore.de\\\/shop\\\/\",\"logo\":{\"@type\":\"ImageObject\",\"inLanguage\":\"de\",\"@id\":\"https:\\\/\\\/www.allscore.de\\\/shop\\\/#\\\/schema\\\/logo\\\/image\\\/\",\"url\":\"https:\\\/\\\/www.allscore.de\\\/shop\\\/wp-content\\\/uploads\\\/2026\\\/01\\\/Logo_Yoast_Shop_2026.png\",\"contentUrl\":\"https:\\\/\\\/www.allscore.de\\\/shop\\\/wp-content\\\/uploads\\\/2026\\\/01\\\/Logo_Yoast_Shop_2026.png\",\"width\":696,\"height\":696,\"caption\":\"All Score Media\"},\"image\":{\"@id\":\"https:\\\/\\\/www.allscore.de\\\/shop\\\/#\\\/schema\\\/logo\\\/image\\\/\"}}]}<\/script>\n<!-- \/ Yoast SEO plugin. -->","yoast_head_json":{"title":"Professor van Dusen z\u00fcndet ein Feuerwerk (07)","description":"Die Denkmaschine Professor van Dusen und sein Assistent Hutchinson Hatch erleben das Jahresende auf Blackwell's Island. Genauer gesagt: Im New York City Lunatic Asylum, der Irrenanstalt, die sich auf der langgezogenen Insel zwischen Manhattan und Queens befindet. Nein, nicht was Sie jetzt denken! Die beiden sind der Einladung des Leiters der Anstalt gefolgt, um dort mit einigen ausgew\u00e4hlten G\u00e4sten den Silvesterabend zu begehen. Doch die Feier wird j\u00e4h beendet, als in der nahegelegenen Kirche ein Mann bei lebendigem Leibe verbrennt...  Professor van Dusen: Bernd Vollbrecht Hutchinson Hatch: Nicolai Tegeler Det. Serg. Rigoletto Caruso: Gerald Paradies Prof. Dr. Joseph Feldman: Dirk M\u00fcller Colin Harrison: Dirk Hardegen Dr. Stuart Finch: Manfred Lehmann Jane Crane: Anke Reitzenstein Gouverneur William T. Stetson: Hartmut Neugebauer Reverend George Walcott: Eckart Dux Albert Shaw: Thomas Bernhard u.a.  Regie: Gerd Naumann Buch: Eric Niemann Komponist: Christian Bluthardt Sounddesign, Mischung &amp; Master: Tom Steinbrecher  Spieldauer: ca. 70 Minuten","robots":{"index":"index","follow":"follow","max-snippet":"max-snippet:-1","max-image-preview":"max-image-preview:large","max-video-preview":"max-video-preview:-1"},"canonical":"https:\/\/www.allscore.de\/shop\/produkt\/professor-van-dusen-zuendet-ein-feuerwerk\/","og_locale":"de_DE","og_type":"article","og_title":"Professor van Dusen z\u00fcndet ein Feuerwerk (07)","og_description":"Die Denkmaschine Professor van Dusen und sein Assistent Hutchinson Hatch erleben das Jahresende auf Blackwell's Island. Genauer gesagt: Im New York City Lunatic Asylum, der Irrenanstalt, die sich auf der langgezogenen Insel zwischen Manhattan und Queens befindet. Nein, nicht was Sie jetzt denken! Die beiden sind der Einladung des Leiters der Anstalt gefolgt, um dort mit einigen ausgew\u00e4hlten G\u00e4sten den Silvesterabend zu begehen. Doch die Feier wird j\u00e4h beendet, als in der nahegelegenen Kirche ein Mann bei lebendigem Leibe verbrennt...  Professor van Dusen: Bernd Vollbrecht Hutchinson Hatch: Nicolai Tegeler Det. Serg. Rigoletto Caruso: Gerald Paradies Prof. Dr. Joseph Feldman: Dirk M\u00fcller Colin Harrison: Dirk Hardegen Dr. Stuart Finch: Manfred Lehmann Jane Crane: Anke Reitzenstein Gouverneur William T. Stetson: Hartmut Neugebauer Reverend George Walcott: Eckart Dux Albert Shaw: Thomas Bernhard u.a.  Regie: Gerd Naumann Buch: Eric Niemann Komponist: Christian Bluthardt Sounddesign, Mischung &amp; Master: Tom Steinbrecher  Spieldauer: ca. 70 Minuten","og_url":"https:\/\/www.allscore.de\/shop\/produkt\/professor-van-dusen-zuendet-ein-feuerwerk\/","og_site_name":"Allscore Shop","article_modified_time":"2026-03-28T10:33:52+00:00","og_image":[{"width":1200,"height":1200,"url":"https:\/\/www.allscore.de\/shop\/wp-content\/uploads\/2020\/09\/PvD07_1200x1200.jpg","type":"image\/jpeg"}],"twitter_card":"summary_large_image","twitter_misc":{"Gesch\u00e4tzte Lesezeit":"1\u00a0Minute"},"schema":{"@context":"https:\/\/schema.org","@graph":[{"@type":"WebPage","@id":"https:\/\/www.allscore.de\/shop\/produkt\/professor-van-dusen-zuendet-ein-feuerwerk\/","url":"https:\/\/www.allscore.de\/shop\/produkt\/professor-van-dusen-zuendet-ein-feuerwerk\/","name":"Professor van Dusen z\u00fcndet ein Feuerwerk (07)","isPartOf":{"@id":"https:\/\/www.allscore.de\/shop\/#website"},"primaryImageOfPage":{"@id":"https:\/\/www.allscore.de\/shop\/produkt\/professor-van-dusen-zuendet-ein-feuerwerk\/#primaryimage"},"image":{"@id":"https:\/\/www.allscore.de\/shop\/produkt\/professor-van-dusen-zuendet-ein-feuerwerk\/#primaryimage"},"thumbnailUrl":"https:\/\/www.allscore.de\/shop\/wp-content\/uploads\/2020\/09\/PvD07_1200x1200.jpg","datePublished":"2016-09-08T12:58:52+00:00","dateModified":"2026-03-28T10:33:52+00:00","description":"Die Denkmaschine Professor van Dusen und sein Assistent Hutchinson Hatch erleben das Jahresende auf Blackwell's Island. Genauer gesagt: Im New York City Lunatic Asylum, der Irrenanstalt, die sich auf der langgezogenen Insel zwischen Manhattan und Queens befindet. Nein, nicht was Sie jetzt denken! Die beiden sind der Einladung des Leiters der Anstalt gefolgt, um dort mit einigen ausgew\u00e4hlten G\u00e4sten den Silvesterabend zu begehen. Doch die Feier wird j\u00e4h beendet, als in der nahegelegenen Kirche ein Mann bei lebendigem Leibe verbrennt... Professor van Dusen: Bernd Vollbrecht Hutchinson Hatch: Nicolai Tegeler Det. Serg. Rigoletto Caruso: Gerald Paradies Prof. Dr. Joseph Feldman: Dirk M\u00fcller Colin Harrison: Dirk Hardegen Dr. Stuart Finch: Manfred Lehmann Jane Crane: Anke Reitzenstein Gouverneur William T. Stetson: Hartmut Neugebauer Reverend George Walcott: Eckart Dux Albert Shaw: Thomas Bernhard u.a. Regie: Gerd Naumann Buch: Eric Niemann Komponist: Christian Bluthardt Sounddesign, Mischung &amp; Master: Tom Steinbrecher Spieldauer: ca. 70 Minuten","breadcrumb":{"@id":"https:\/\/www.allscore.de\/shop\/produkt\/professor-van-dusen-zuendet-ein-feuerwerk\/#breadcrumb"},"inLanguage":"de","potentialAction":[{"@type":"ReadAction","target":["https:\/\/www.allscore.de\/shop\/produkt\/professor-van-dusen-zuendet-ein-feuerwerk\/"]}]},{"@type":"ImageObject","inLanguage":"de","@id":"https:\/\/www.allscore.de\/shop\/produkt\/professor-van-dusen-zuendet-ein-feuerwerk\/#primaryimage","url":"https:\/\/www.allscore.de\/shop\/wp-content\/uploads\/2020\/09\/PvD07_1200x1200.jpg","contentUrl":"https:\/\/www.allscore.de\/shop\/wp-content\/uploads\/2020\/09\/PvD07_1200x1200.jpg","width":1200,"height":1200,"caption":"Professor van Dusen z\u00fcndet ein Feuerwerk"},{"@type":"BreadcrumbList","@id":"https:\/\/www.allscore.de\/shop\/produkt\/professor-van-dusen-zuendet-ein-feuerwerk\/#breadcrumb","itemListElement":[{"@type":"ListItem","position":1,"name":"Startseite","item":"https:\/\/www.allscore.de\/shop\/"},{"@type":"ListItem","position":2,"name":"Produkte","item":"https:\/\/www.allscore.de\/shop\/shop\/"},{"@type":"ListItem","position":3,"name":"Professor van Dusen z\u00fcndet ein Feuerwerk (07)"}]},{"@type":"WebSite","@id":"https:\/\/www.allscore.de\/shop\/#website","url":"https:\/\/www.allscore.de\/shop\/","name":"Allscore Shop","description":"All Score Media","publisher":{"@id":"https:\/\/www.allscore.de\/shop\/#organization"},"potentialAction":[{"@type":"SearchAction","target":{"@type":"EntryPoint","urlTemplate":"https:\/\/www.allscore.de\/shop\/?s={search_term_string}"},"query-input":{"@type":"PropertyValueSpecification","valueRequired":true,"valueName":"search_term_string"}}],"inLanguage":"de"},{"@type":"Organization","@id":"https:\/\/www.allscore.de\/shop\/#organization","name":"All Score Media","alternateName":"Allscore","url":"https:\/\/www.allscore.de\/shop\/","logo":{"@type":"ImageObject","inLanguage":"de","@id":"https:\/\/www.allscore.de\/shop\/#\/schema\/logo\/image\/","url":"https:\/\/www.allscore.de\/shop\/wp-content\/uploads\/2026\/01\/Logo_Yoast_Shop_2026.png","contentUrl":"https:\/\/www.allscore.de\/shop\/wp-content\/uploads\/2026\/01\/Logo_Yoast_Shop_2026.png","width":696,"height":696,"caption":"All Score Media"},"image":{"@id":"https:\/\/www.allscore.de\/shop\/#\/schema\/logo\/image\/"}}]}},"_links":{"self":[{"href":"https:\/\/www.allscore.de\/shop\/wp-json\/wp\/v2\/product\/7438","targetHints":{"allow":["GET"]}}],"collection":[{"href":"https:\/\/www.allscore.de\/shop\/wp-json\/wp\/v2\/product"}],"about":[{"href":"https:\/\/www.allscore.de\/shop\/wp-json\/wp\/v2\/types\/product"}],"wp:featuredmedia":[{"embeddable":true,"href":"https:\/\/www.allscore.de\/shop\/wp-json\/wp\/v2\/media\/7417"}],"wp:attachment":[{"href":"https:\/\/www.allscore.de\/shop\/wp-json\/wp\/v2\/media?parent=7438"}],"wp:term":[{"taxonomy":"product_brand","embeddable":true,"href":"https:\/\/www.allscore.de\/shop\/wp-json\/wp\/v2\/product_brand?post=7438"},{"taxonomy":"product_cat","embeddable":true,"href":"https:\/\/www.allscore.de\/shop\/wp-json\/wp\/v2\/product_cat?post=7438"},{"taxonomy":"product_tag","embeddable":true,"href":"https:\/\/www.allscore.de\/shop\/wp-json\/wp\/v2\/product_tag?post=7438"}],"curies":[{"name":"wp","href":"https:\/\/api.w.org\/{rel}","templated":true}]}}