{"id":7429,"date":"2016-05-08T12:34:46","date_gmt":"2016-05-08T10:34:46","guid":{"rendered":"https:\/\/www.allscore.de\/shop\/?post_type=product&#038;p=7429"},"modified":"2026-03-28T11:33:52","modified_gmt":"2026-03-28T10:33:52","slug":"professor-van-dusen-schlaegt-sich-selbst","status":"publish","type":"product","link":"https:\/\/www.allscore.de\/shop\/produkt\/professor-van-dusen-schlaegt-sich-selbst\/","title":{"rendered":"Professor van Dusen schl\u00e4gt sich selbst (06)"},"content":{"rendered":"<p>PRESSE<\/p>\n<p><a href=\"http:\/\/www.reziratte.de\/2016\/09\/21\/professor-van-dusen-06-schlaegt-sich-selbst\/\" target=\"blank\" rel=\"noopener noreferrer\">Reziratte<\/a> [Sept. 2016]: &#8222;F\u00fcr mich eine wirklich gelungene Folge! Der Aufh\u00e4nger zum Fall hat einfach seinen Reiz. Genauso wie die Tatsache, dass van Dusens Widersachen es tats\u00e4chlich schafft. die Denkmaschine vorzuf\u00fchren. Au\u00dferdem mag ich Krimis und Thriller, in denen Hypnose eine Rolle spielt. Und der Funken Humor tut ein \u00dcbriges dazu.&#8220;<\/p>\n<p><a href=\"http:\/\/www.monstersandcritics.de\/professor-van-dusen-fall-6-professor-van-dusen-schlaegt-sich-selbst-hoerspielkritik\/\" target=\"blank\" rel=\"noopener noreferrer\">Monsters &amp; Critics<\/a> [Juni 2016]: &#8222;Professor van Dusen ist es immer wieder Wert in den CD Spieler gelegt zu werden. Die Geschichten sind meist so verzwickt, dass wirklich nur eine Denkmaschine auf die L\u00f6sung kommen kann. Dennoch macht es jedes Mal Spa\u00df den Folgen zu lauschen und zu versuchen selbst hinter die L\u00f6sung des Falles zukommen. Selbst wenn Michael Koser im Moment nicht an den Episoden beteiligt ist, hat man mit Eric Niemann einen passenden Nachfolger gefunden, der die Serie in Kosers Sinne weiterf\u00fchrt. 10 von 10 Punkten!&#8220;<\/p>\n<p><a href=\"http:\/\/www.hoerbuchjunkies.com\/Professor-van-Dusen-schl.ae.gt-sich-selbst.htm\" target=\"blank\" rel=\"noopener noreferrer\">Hoerbuchjunkies.com<\/a> [Juni 2016]: &#8222;Die sechste Folge dieser nostalgischen, zur vorletzten Jahrhundertwende spielenden H\u00f6rspielkrimireihe wartet erneut mit einer atmosph\u00e4rischen Beschreibung der Schaupl\u00e4tze sowie detailliert ausgearbeiteten historischen Hintergr\u00fcnden auf. Dabei wird die Spannung durchweg hochgehalten und l\u00e4sst den H\u00f6rer eine ganze Weile im Dunkeln tappen. Die intelligente Geschichte kann durchweg \u00fcberzeugen und bietet einen Fall, der es in sich hat und erneut durch die versnobte Art van Dusens zum Leben erweckt wird. Erz\u00e4hlt wird sie in gutem Fluss und auch die dichte Atmosph\u00e4re kann \u00fcberzeugen.&#8220;<\/p>\n<p><a href=\"http:\/\/www.buchtips.net\/rez9303-professor-van-dusen-schlaegt-sich-selbst.htm\" target=\"blank\" rel=\"noopener noreferrer\">Buchtips.net<\/a> [Juni 2016]: &#8222;&#8218;Professor van Dusen schl\u00e4gt sich selbst&#8216; ist abermals eine \u00e4u\u00dferst h\u00f6renswerte Episode der neuen F\u00e4lle. Inzwischen erreicht man m\u00fchelos das Niveau und den Charme der alten Episoden, so dass man der Serie nur eine lange Laufzeit w\u00fcnschen kann.&#8220;<\/p>\n<p><a href=\"http:\/\/www.zauberspiegel-online.de\/index.php\/krimi-und-thriller-unter-der-lupe-341\/28938-professor-van-dusen-6-schlaegt-sich-selbst\" target=\"blank\" rel=\"noopener noreferrer\">Zauberspiegel-Online<\/a> [Juli 2016]: &#8222;&#8230; ganz im Geiste der ehemaligen Radioserie &#8230; Herausgekommen ist etwas viel charmanteres &#8211; wie ich finde. Auffallend ist auch in dieser Folge die Liebe zum Detail.&#8220;<\/p>\n<p><a href=\"http:\/\/www.poldis-hoerspielseite.de\/z2316.htm\" target=\"blank\" rel=\"noopener noreferrer\">Poldis H\u00f6rspielseite<\/a> [Juni 2016]: &#8222;Wieder \u00fcberrascht die Serie mit einigen ungew\u00f6hnlichen Ansatzpunkten und einer sehr reizvollen Geschichte, sodass es nie langweilig wird. Der interessante Ausgangspunkt und die vielen Verwicklungen, das packende Ende und ausdrucksstarke Charaktere &#8211; \u201eProfessor van Dusen schl\u00e4gt sich selbst\u201c ist wieder sehr h\u00f6renswerte Krimikost.&#8220;<\/p>\n","protected":false},"excerpt":{"rendered":"<p>Aus dem Metropolitan Museum of Art wird ein ber\u00fchmtes Gem\u00e4lde von Antoine Watteau gestohlen. Nach Zeugenaussage des Museumsdirektors ger\u00e4t der Wachmann Henry James unter Verdacht und wird inhaftiert. Doch James ist unschuldig, wie Professor van Dusen zu berichten wei\u00df. Denn van Dusen kennt den Plan des Diebes in allen Einzelheiten \u2013 schlie\u00dflich hat die Denkmaschine ihn bei der Ausarbeitung tatkr\u00e4ftig unterst\u00fctzt &#8230;<\/p>\n<p>Professor van Dusen:Bernd Vollbrecht<br \/>\nHutchinson Hatch: Nicolai Tegeler<br \/>\nDet. Serg. Rigoletto Caruso: Gerald Paradies<br \/>\nRichard Carradine: Georg Tryphon<br \/>\nBartholomew Fleet: Helmut Krauss<br \/>\nTiburtius Sawyer: Lutz Riedel<br \/>\nDr. Horatia Duval: Sonja Deutsch<br \/>\nAlexander Keel: Tom Deininger<br \/>\nu.a.<\/p>\n<p>Regie: Gerd Naumann<br \/>\nBuch: Eric Niemann<br \/>\nKomponist: Christian Bluthardt<br \/>\nSounddesign, Mischung &amp; Master: Tom Steinbrecher<\/p>\n<p>Spieldauer: ca. 68 Minuten<\/p>\n","protected":false},"featured_media":7400,"template":"","meta":[],"product_brand":[],"product_cat":[72,210],"product_tag":[],"class_list":{"0":"post-7429","1":"product","2":"type-product","3":"status-publish","4":"has-post-thumbnail","6":"product_cat-hoerspiele","7":"product_cat-professor-van-dusen-neue-faelle","8":"product_shipping_class-tontraeger-cd","9":"entry","10":"clearfix","11":"entry-grid","12":"entry-columns-3","13":"entry-product-module-layout-sidebar-right","14":"thumbnail-color-tone-dark","15":"entry-product","17":"entry-product-grid","19":"first","20":"instock","21":"taxable","22":"shipping-taxable","23":"purchasable","24":"product-type-simple"},"yoast_head":"<!-- This site is optimized with the Yoast SEO plugin v27.4 - https:\/\/yoast.com\/product\/yoast-seo-wordpress\/ -->\n<title>Professor van Dusen schl\u00e4gt sich selbst (06)<\/title>\n<meta name=\"description\" content=\"Aus dem Metropolitan Museum of Art wird ein ber\u00fchmtes Gem\u00e4lde von Antoine Watteau gestohlen. Nach Zeugenaussage des Museumsdirektors ger\u00e4t der Wachmann Henry James unter Verdacht und wird inhaftiert. Doch James ist unschuldig, wie Professor van Dusen zu berichten wei\u00df. Denn van Dusen kennt den Plan des Diebes in allen Einzelheiten \u2013 schlie\u00dflich hat die Denkmaschine ihn bei der Ausarbeitung tatkr\u00e4ftig unterst\u00fctzt ...  Professor van Dusen:Bernd Vollbrecht Hutchinson Hatch: Nicolai Tegeler Det. Serg. Rigoletto Caruso: Gerald Paradies Richard Carradine: Georg Tryphon Bartholomew Fleet: Helmut Krauss Tiburtius Sawyer: Lutz Riedel Dr. Horatia Duval: Sonja Deutsch Alexander Keel: Tom Deininger u.a.  Regie: Gerd Naumann Buch: Eric Niemann Komponist: Christian Bluthardt Sounddesign, Mischung &amp; Master: Tom Steinbrecher  Spieldauer: ca. 68 Minuten\" \/>\n<meta name=\"robots\" content=\"index, follow, max-snippet:-1, max-image-preview:large, max-video-preview:-1\" \/>\n<link rel=\"canonical\" href=\"https:\/\/www.allscore.de\/shop\/produkt\/professor-van-dusen-schlaegt-sich-selbst\/\" \/>\n<meta property=\"og:locale\" content=\"de_DE\" \/>\n<meta property=\"og:type\" content=\"article\" \/>\n<meta property=\"og:title\" content=\"Professor van Dusen schl\u00e4gt sich selbst (06)\" \/>\n<meta property=\"og:description\" content=\"Aus dem Metropolitan Museum of Art wird ein ber\u00fchmtes Gem\u00e4lde von Antoine Watteau gestohlen. Nach Zeugenaussage des Museumsdirektors ger\u00e4t der Wachmann Henry James unter Verdacht und wird inhaftiert. Doch James ist unschuldig, wie Professor van Dusen zu berichten wei\u00df. Denn van Dusen kennt den Plan des Diebes in allen Einzelheiten \u2013 schlie\u00dflich hat die Denkmaschine ihn bei der Ausarbeitung tatkr\u00e4ftig unterst\u00fctzt ...  Professor van Dusen:Bernd Vollbrecht Hutchinson Hatch: Nicolai Tegeler Det. Serg. Rigoletto Caruso: Gerald Paradies Richard Carradine: Georg Tryphon Bartholomew Fleet: Helmut Krauss Tiburtius Sawyer: Lutz Riedel Dr. Horatia Duval: Sonja Deutsch Alexander Keel: Tom Deininger u.a.  Regie: Gerd Naumann Buch: Eric Niemann Komponist: Christian Bluthardt Sounddesign, Mischung &amp; Master: Tom Steinbrecher  Spieldauer: ca. 68 Minuten\" \/>\n<meta property=\"og:url\" content=\"https:\/\/www.allscore.de\/shop\/produkt\/professor-van-dusen-schlaegt-sich-selbst\/\" \/>\n<meta property=\"og:site_name\" content=\"Allscore Shop\" \/>\n<meta property=\"article:modified_time\" content=\"2026-03-28T10:33:52+00:00\" \/>\n<meta property=\"og:image\" content=\"https:\/\/www.allscore.de\/shop\/wp-content\/uploads\/2020\/09\/PvD06_1200x1200.jpg\" \/>\n\t<meta property=\"og:image:width\" content=\"1200\" \/>\n\t<meta property=\"og:image:height\" content=\"1200\" \/>\n\t<meta property=\"og:image:type\" content=\"image\/jpeg\" \/>\n<meta name=\"twitter:card\" content=\"summary_large_image\" \/>\n<meta name=\"twitter:label1\" content=\"Gesch\u00e4tzte Lesezeit\" \/>\n\t<meta name=\"twitter:data1\" content=\"2\u00a0Minuten\" \/>\n<script type=\"application\/ld+json\" class=\"yoast-schema-graph\">{\"@context\":\"https:\\\/\\\/schema.org\",\"@graph\":[{\"@type\":\"WebPage\",\"@id\":\"https:\\\/\\\/www.allscore.de\\\/shop\\\/produkt\\\/professor-van-dusen-schlaegt-sich-selbst\\\/\",\"url\":\"https:\\\/\\\/www.allscore.de\\\/shop\\\/produkt\\\/professor-van-dusen-schlaegt-sich-selbst\\\/\",\"name\":\"Professor van Dusen schl\u00e4gt sich selbst (06)\",\"isPartOf\":{\"@id\":\"https:\\\/\\\/www.allscore.de\\\/shop\\\/#website\"},\"primaryImageOfPage\":{\"@id\":\"https:\\\/\\\/www.allscore.de\\\/shop\\\/produkt\\\/professor-van-dusen-schlaegt-sich-selbst\\\/#primaryimage\"},\"image\":{\"@id\":\"https:\\\/\\\/www.allscore.de\\\/shop\\\/produkt\\\/professor-van-dusen-schlaegt-sich-selbst\\\/#primaryimage\"},\"thumbnailUrl\":\"https:\\\/\\\/www.allscore.de\\\/shop\\\/wp-content\\\/uploads\\\/2020\\\/09\\\/PvD06_1200x1200.jpg\",\"datePublished\":\"2016-05-08T10:34:46+00:00\",\"dateModified\":\"2026-03-28T10:33:52+00:00\",\"description\":\"Aus dem Metropolitan Museum of Art wird ein ber\u00fchmtes Gem\u00e4lde von Antoine Watteau gestohlen. Nach Zeugenaussage des Museumsdirektors ger\u00e4t der Wachmann Henry James unter Verdacht und wird inhaftiert. Doch James ist unschuldig, wie Professor van Dusen zu berichten wei\u00df. Denn van Dusen kennt den Plan des Diebes in allen Einzelheiten \u2013 schlie\u00dflich hat die Denkmaschine ihn bei der Ausarbeitung tatkr\u00e4ftig unterst\u00fctzt ... Professor van Dusen:Bernd Vollbrecht Hutchinson Hatch: Nicolai Tegeler Det. Serg. Rigoletto Caruso: Gerald Paradies Richard Carradine: Georg Tryphon Bartholomew Fleet: Helmut Krauss Tiburtius Sawyer: Lutz Riedel Dr. Horatia Duval: Sonja Deutsch Alexander Keel: Tom Deininger u.a. Regie: Gerd Naumann Buch: Eric Niemann Komponist: Christian Bluthardt Sounddesign, Mischung &amp; Master: Tom Steinbrecher Spieldauer: ca. 68 Minuten\",\"breadcrumb\":{\"@id\":\"https:\\\/\\\/www.allscore.de\\\/shop\\\/produkt\\\/professor-van-dusen-schlaegt-sich-selbst\\\/#breadcrumb\"},\"inLanguage\":\"de\",\"potentialAction\":[{\"@type\":\"ReadAction\",\"target\":[\"https:\\\/\\\/www.allscore.de\\\/shop\\\/produkt\\\/professor-van-dusen-schlaegt-sich-selbst\\\/\"]}]},{\"@type\":\"ImageObject\",\"inLanguage\":\"de\",\"@id\":\"https:\\\/\\\/www.allscore.de\\\/shop\\\/produkt\\\/professor-van-dusen-schlaegt-sich-selbst\\\/#primaryimage\",\"url\":\"https:\\\/\\\/www.allscore.de\\\/shop\\\/wp-content\\\/uploads\\\/2020\\\/09\\\/PvD06_1200x1200.jpg\",\"contentUrl\":\"https:\\\/\\\/www.allscore.de\\\/shop\\\/wp-content\\\/uploads\\\/2020\\\/09\\\/PvD06_1200x1200.jpg\",\"width\":1200,\"height\":1200,\"caption\":\"Professor van Dusen schl\u00e4gt sich selbst\"},{\"@type\":\"BreadcrumbList\",\"@id\":\"https:\\\/\\\/www.allscore.de\\\/shop\\\/produkt\\\/professor-van-dusen-schlaegt-sich-selbst\\\/#breadcrumb\",\"itemListElement\":[{\"@type\":\"ListItem\",\"position\":1,\"name\":\"Startseite\",\"item\":\"https:\\\/\\\/www.allscore.de\\\/shop\\\/\"},{\"@type\":\"ListItem\",\"position\":2,\"name\":\"Produkte\",\"item\":\"https:\\\/\\\/www.allscore.de\\\/shop\\\/shop\\\/\"},{\"@type\":\"ListItem\",\"position\":3,\"name\":\"Professor van Dusen schl\u00e4gt sich selbst (06)\"}]},{\"@type\":\"WebSite\",\"@id\":\"https:\\\/\\\/www.allscore.de\\\/shop\\\/#website\",\"url\":\"https:\\\/\\\/www.allscore.de\\\/shop\\\/\",\"name\":\"Allscore Shop\",\"description\":\"All Score Media\",\"publisher\":{\"@id\":\"https:\\\/\\\/www.allscore.de\\\/shop\\\/#organization\"},\"potentialAction\":[{\"@type\":\"SearchAction\",\"target\":{\"@type\":\"EntryPoint\",\"urlTemplate\":\"https:\\\/\\\/www.allscore.de\\\/shop\\\/?s={search_term_string}\"},\"query-input\":{\"@type\":\"PropertyValueSpecification\",\"valueRequired\":true,\"valueName\":\"search_term_string\"}}],\"inLanguage\":\"de\"},{\"@type\":\"Organization\",\"@id\":\"https:\\\/\\\/www.allscore.de\\\/shop\\\/#organization\",\"name\":\"All Score Media\",\"alternateName\":\"Allscore\",\"url\":\"https:\\\/\\\/www.allscore.de\\\/shop\\\/\",\"logo\":{\"@type\":\"ImageObject\",\"inLanguage\":\"de\",\"@id\":\"https:\\\/\\\/www.allscore.de\\\/shop\\\/#\\\/schema\\\/logo\\\/image\\\/\",\"url\":\"https:\\\/\\\/www.allscore.de\\\/shop\\\/wp-content\\\/uploads\\\/2026\\\/01\\\/Logo_Yoast_Shop_2026.png\",\"contentUrl\":\"https:\\\/\\\/www.allscore.de\\\/shop\\\/wp-content\\\/uploads\\\/2026\\\/01\\\/Logo_Yoast_Shop_2026.png\",\"width\":696,\"height\":696,\"caption\":\"All Score Media\"},\"image\":{\"@id\":\"https:\\\/\\\/www.allscore.de\\\/shop\\\/#\\\/schema\\\/logo\\\/image\\\/\"}}]}<\/script>\n<!-- \/ Yoast SEO plugin. -->","yoast_head_json":{"title":"Professor van Dusen schl\u00e4gt sich selbst (06)","description":"Aus dem Metropolitan Museum of Art wird ein ber\u00fchmtes Gem\u00e4lde von Antoine Watteau gestohlen. Nach Zeugenaussage des Museumsdirektors ger\u00e4t der Wachmann Henry James unter Verdacht und wird inhaftiert. Doch James ist unschuldig, wie Professor van Dusen zu berichten wei\u00df. Denn van Dusen kennt den Plan des Diebes in allen Einzelheiten \u2013 schlie\u00dflich hat die Denkmaschine ihn bei der Ausarbeitung tatkr\u00e4ftig unterst\u00fctzt ...  Professor van Dusen:Bernd Vollbrecht Hutchinson Hatch: Nicolai Tegeler Det. Serg. Rigoletto Caruso: Gerald Paradies Richard Carradine: Georg Tryphon Bartholomew Fleet: Helmut Krauss Tiburtius Sawyer: Lutz Riedel Dr. Horatia Duval: Sonja Deutsch Alexander Keel: Tom Deininger u.a.  Regie: Gerd Naumann Buch: Eric Niemann Komponist: Christian Bluthardt Sounddesign, Mischung &amp; Master: Tom Steinbrecher  Spieldauer: ca. 68 Minuten","robots":{"index":"index","follow":"follow","max-snippet":"max-snippet:-1","max-image-preview":"max-image-preview:large","max-video-preview":"max-video-preview:-1"},"canonical":"https:\/\/www.allscore.de\/shop\/produkt\/professor-van-dusen-schlaegt-sich-selbst\/","og_locale":"de_DE","og_type":"article","og_title":"Professor van Dusen schl\u00e4gt sich selbst (06)","og_description":"Aus dem Metropolitan Museum of Art wird ein ber\u00fchmtes Gem\u00e4lde von Antoine Watteau gestohlen. Nach Zeugenaussage des Museumsdirektors ger\u00e4t der Wachmann Henry James unter Verdacht und wird inhaftiert. Doch James ist unschuldig, wie Professor van Dusen zu berichten wei\u00df. Denn van Dusen kennt den Plan des Diebes in allen Einzelheiten \u2013 schlie\u00dflich hat die Denkmaschine ihn bei der Ausarbeitung tatkr\u00e4ftig unterst\u00fctzt ...  Professor van Dusen:Bernd Vollbrecht Hutchinson Hatch: Nicolai Tegeler Det. Serg. Rigoletto Caruso: Gerald Paradies Richard Carradine: Georg Tryphon Bartholomew Fleet: Helmut Krauss Tiburtius Sawyer: Lutz Riedel Dr. Horatia Duval: Sonja Deutsch Alexander Keel: Tom Deininger u.a.  Regie: Gerd Naumann Buch: Eric Niemann Komponist: Christian Bluthardt Sounddesign, Mischung &amp; Master: Tom Steinbrecher  Spieldauer: ca. 68 Minuten","og_url":"https:\/\/www.allscore.de\/shop\/produkt\/professor-van-dusen-schlaegt-sich-selbst\/","og_site_name":"Allscore Shop","article_modified_time":"2026-03-28T10:33:52+00:00","og_image":[{"width":1200,"height":1200,"url":"https:\/\/www.allscore.de\/shop\/wp-content\/uploads\/2020\/09\/PvD06_1200x1200.jpg","type":"image\/jpeg"}],"twitter_card":"summary_large_image","twitter_misc":{"Gesch\u00e4tzte Lesezeit":"2\u00a0Minuten"},"schema":{"@context":"https:\/\/schema.org","@graph":[{"@type":"WebPage","@id":"https:\/\/www.allscore.de\/shop\/produkt\/professor-van-dusen-schlaegt-sich-selbst\/","url":"https:\/\/www.allscore.de\/shop\/produkt\/professor-van-dusen-schlaegt-sich-selbst\/","name":"Professor van Dusen schl\u00e4gt sich selbst (06)","isPartOf":{"@id":"https:\/\/www.allscore.de\/shop\/#website"},"primaryImageOfPage":{"@id":"https:\/\/www.allscore.de\/shop\/produkt\/professor-van-dusen-schlaegt-sich-selbst\/#primaryimage"},"image":{"@id":"https:\/\/www.allscore.de\/shop\/produkt\/professor-van-dusen-schlaegt-sich-selbst\/#primaryimage"},"thumbnailUrl":"https:\/\/www.allscore.de\/shop\/wp-content\/uploads\/2020\/09\/PvD06_1200x1200.jpg","datePublished":"2016-05-08T10:34:46+00:00","dateModified":"2026-03-28T10:33:52+00:00","description":"Aus dem Metropolitan Museum of Art wird ein ber\u00fchmtes Gem\u00e4lde von Antoine Watteau gestohlen. Nach Zeugenaussage des Museumsdirektors ger\u00e4t der Wachmann Henry James unter Verdacht und wird inhaftiert. Doch James ist unschuldig, wie Professor van Dusen zu berichten wei\u00df. Denn van Dusen kennt den Plan des Diebes in allen Einzelheiten \u2013 schlie\u00dflich hat die Denkmaschine ihn bei der Ausarbeitung tatkr\u00e4ftig unterst\u00fctzt ... Professor van Dusen:Bernd Vollbrecht Hutchinson Hatch: Nicolai Tegeler Det. Serg. Rigoletto Caruso: Gerald Paradies Richard Carradine: Georg Tryphon Bartholomew Fleet: Helmut Krauss Tiburtius Sawyer: Lutz Riedel Dr. Horatia Duval: Sonja Deutsch Alexander Keel: Tom Deininger u.a. Regie: Gerd Naumann Buch: Eric Niemann Komponist: Christian Bluthardt Sounddesign, Mischung &amp; Master: Tom Steinbrecher Spieldauer: ca. 68 Minuten","breadcrumb":{"@id":"https:\/\/www.allscore.de\/shop\/produkt\/professor-van-dusen-schlaegt-sich-selbst\/#breadcrumb"},"inLanguage":"de","potentialAction":[{"@type":"ReadAction","target":["https:\/\/www.allscore.de\/shop\/produkt\/professor-van-dusen-schlaegt-sich-selbst\/"]}]},{"@type":"ImageObject","inLanguage":"de","@id":"https:\/\/www.allscore.de\/shop\/produkt\/professor-van-dusen-schlaegt-sich-selbst\/#primaryimage","url":"https:\/\/www.allscore.de\/shop\/wp-content\/uploads\/2020\/09\/PvD06_1200x1200.jpg","contentUrl":"https:\/\/www.allscore.de\/shop\/wp-content\/uploads\/2020\/09\/PvD06_1200x1200.jpg","width":1200,"height":1200,"caption":"Professor van Dusen schl\u00e4gt sich selbst"},{"@type":"BreadcrumbList","@id":"https:\/\/www.allscore.de\/shop\/produkt\/professor-van-dusen-schlaegt-sich-selbst\/#breadcrumb","itemListElement":[{"@type":"ListItem","position":1,"name":"Startseite","item":"https:\/\/www.allscore.de\/shop\/"},{"@type":"ListItem","position":2,"name":"Produkte","item":"https:\/\/www.allscore.de\/shop\/shop\/"},{"@type":"ListItem","position":3,"name":"Professor van Dusen schl\u00e4gt sich selbst (06)"}]},{"@type":"WebSite","@id":"https:\/\/www.allscore.de\/shop\/#website","url":"https:\/\/www.allscore.de\/shop\/","name":"Allscore Shop","description":"All Score Media","publisher":{"@id":"https:\/\/www.allscore.de\/shop\/#organization"},"potentialAction":[{"@type":"SearchAction","target":{"@type":"EntryPoint","urlTemplate":"https:\/\/www.allscore.de\/shop\/?s={search_term_string}"},"query-input":{"@type":"PropertyValueSpecification","valueRequired":true,"valueName":"search_term_string"}}],"inLanguage":"de"},{"@type":"Organization","@id":"https:\/\/www.allscore.de\/shop\/#organization","name":"All Score Media","alternateName":"Allscore","url":"https:\/\/www.allscore.de\/shop\/","logo":{"@type":"ImageObject","inLanguage":"de","@id":"https:\/\/www.allscore.de\/shop\/#\/schema\/logo\/image\/","url":"https:\/\/www.allscore.de\/shop\/wp-content\/uploads\/2026\/01\/Logo_Yoast_Shop_2026.png","contentUrl":"https:\/\/www.allscore.de\/shop\/wp-content\/uploads\/2026\/01\/Logo_Yoast_Shop_2026.png","width":696,"height":696,"caption":"All Score Media"},"image":{"@id":"https:\/\/www.allscore.de\/shop\/#\/schema\/logo\/image\/"}}]}},"_links":{"self":[{"href":"https:\/\/www.allscore.de\/shop\/wp-json\/wp\/v2\/product\/7429","targetHints":{"allow":["GET"]}}],"collection":[{"href":"https:\/\/www.allscore.de\/shop\/wp-json\/wp\/v2\/product"}],"about":[{"href":"https:\/\/www.allscore.de\/shop\/wp-json\/wp\/v2\/types\/product"}],"wp:featuredmedia":[{"embeddable":true,"href":"https:\/\/www.allscore.de\/shop\/wp-json\/wp\/v2\/media\/7400"}],"wp:attachment":[{"href":"https:\/\/www.allscore.de\/shop\/wp-json\/wp\/v2\/media?parent=7429"}],"wp:term":[{"taxonomy":"product_brand","embeddable":true,"href":"https:\/\/www.allscore.de\/shop\/wp-json\/wp\/v2\/product_brand?post=7429"},{"taxonomy":"product_cat","embeddable":true,"href":"https:\/\/www.allscore.de\/shop\/wp-json\/wp\/v2\/product_cat?post=7429"},{"taxonomy":"product_tag","embeddable":true,"href":"https:\/\/www.allscore.de\/shop\/wp-json\/wp\/v2\/product_tag?post=7429"}],"curies":[{"name":"wp","href":"https:\/\/api.w.org\/{rel}","templated":true}]}}