{"id":7423,"date":"2015-11-04T16:44:18","date_gmt":"2015-11-04T15:44:18","guid":{"rendered":"https:\/\/www.allscore.de\/shop\/?post_type=product&#038;p=7423"},"modified":"2026-04-26T22:00:06","modified_gmt":"2026-04-26T20:00:06","slug":"professor-van-dusen-jagt-einen-schatten","status":"publish","type":"product","link":"https:\/\/www.allscore.de\/shop\/produkt\/professor-van-dusen-jagt-einen-schatten\/","title":{"rendered":"Professor van Dusen jagt einen Schatten (04)"},"content":{"rendered":"<p>PRESSE<\/p>\n<p><a href=\"http:\/\/www.zauberspiegel-online.de\/index.php\/krimi-und-thriller-unter-der-lupe-341\/27878-professor-van-dusen-fall-4-jagt-einen-schatten\" target=\"blank\" rel=\"noopener noreferrer\">Zauberspiegel-online.de<\/a> [21.01.2016]: &#8222;Ein Wohlf\u00fchl-H\u00f6rspiel, rundherum, bei dem weder Spannung noch Atmosph\u00e4re verloren gehen&#8230; Im Mittelpunkt stehen nat\u00fcrlich wieder die Figuren. Gerd Naumann hat Ihnen mit seiner nachdr\u00fccklichen Regie viel Farbe und eigenes Leben gegeben und die Sprecher setzen das genial um.&#8220;<\/p>\n<p><a href=\"http:\/\/www.monstersandcritics.de\/professor-van-dusen-fall-4-professor-van-dusen-jagt-einen-schatten-horspielkritik\/\" target=\"blank\" rel=\"noopener noreferrer\">Monstersandcritics.de<\/a> [04.12.2015]: &#8222;Nun ist schon der vierte Fall der neuen Professor van Dusen Reihe erschienen und ich muss sagen, dass ich begeistert bin. Den Machern gelingt es, das Gef\u00fchl der fr\u00fcheren Radioh\u00f6rspiele passend einzufangen und in neue Geschichten zu packen.&#8220;<\/p>\n<p><a href=\"http:\/\/www.hoerbuchjunkies.com\/Professor-van-Dusen-jagt-einen-Schatten.htm\" target=\"blank\" rel=\"noopener noreferrer\">Hoerbuchjunkies.com<\/a> [Nov. 2015]: &#8222;Auch \u201eProfessor van Dusen jagt einen Schatten\u201c ist ohne Einschr\u00e4nkung zu empfehlen und vereint alles, das man von einem guten H\u00f6rspiel erwartet. Story, Sprecher, Produktion und Ger\u00e4uschkulisse sind passend und bescheren eine vergn\u00fcgliche H\u00f6rstunde, die man nur mit voller Punktzahl bewerten kann.&#8220;<\/p>\n","protected":false},"excerpt":{"rendered":"<p>Der seltsame Tod des Psychiaters Dr. Montgomery Scott, der in einem von innen verschlossenen Hotelzimmer mitten in der Nacht in Flammen aufgeht, stellt die Polizei vor ein unl\u00f6sbares R\u00e4tsel. Professor van Dusen ist davon \u00fcberzeugt, es mit einem raffinierten Mord zu tun zu haben. Kurz vor seinem Ableben hatte Dr. Scott ihm anvertraut, telefonisch mit dem Tode bedroht worden zu sein \u2013 von dem ber\u00fcchtigten Chicagoer Massenm\u00f6rder Thomas Holmes. Scott war sich sicher, die Stimme erkannt zu haben. Allerdings wurde Holmes vor einigen Monaten hingerichtet. Ist der Wahnsinnige aus dem Jenseits zur\u00fcckgekehrt, um Rache zu nehmen? Und wer steht dann noch auf seiner Todesliste?<\/p>\n<p>Professor van Dusen: Bernd Vollbrecht<br \/>\nHutchinson Hatch: Nicolai Tegeler<br \/>\nDet. Serg. Rigoletto Caruso: Gerald Paradies<br \/>\nDr. Forbes: Tino Kie\u00dfling<br \/>\nMiss Elisabeth: Nicole Hannak<br \/>\nRichter Strickland: J\u00fcrgen Thormann<br \/>\nHawkins: Helmut Krauss<br \/>\nDr. Scott: Christian Rode<br \/>\nButler Wallace: Alexis Kr\u00fcger<br \/>\nHotelier: Peter Groeger<br \/>\nBarkeeper: Tom Deininger<br \/>\nTotengr\u00e4ber: Lutz Harder<br \/>\nHolmes: Manfred Lehmann<br \/>\nOfficer: Thomas Petruo<br \/>\nDer Hinkende: Peter L\u00fchrs<br \/>\nPapagei: Juray Panczak<br \/>\nu.a.<\/p>\n<p>Regie: Gerd Naumann<br \/>\nBuch: Bodo Traber<br \/>\nKomponist: Christian Bluthardt<br \/>\nSounddesign, Mischung &amp; Master: Tom Steinbrecher<\/p>\n<p>Spieldauer: ca. 68 Minuten<\/p>\n","protected":false},"featured_media":7402,"template":"","meta":[],"product_brand":[],"product_cat":[72,210],"product_tag":[],"class_list":{"0":"post-7423","1":"product","2":"type-product","3":"status-publish","4":"has-post-thumbnail","6":"product_cat-hoerspiele","7":"product_cat-professor-van-dusen-neue-faelle","8":"product_shipping_class-tontraeger-cd","9":"entry","10":"clearfix","11":"entry-grid","12":"entry-columns-3","13":"entry-product-module-layout-sidebar-right","14":"thumbnail-color-tone-dark","15":"entry-product","17":"entry-product-grid","19":"first","20":"instock","21":"taxable","22":"shipping-taxable","23":"purchasable","24":"product-type-simple"},"yoast_head":"<!-- This site is optimized with the Yoast SEO plugin v27.4 - https:\/\/yoast.com\/product\/yoast-seo-wordpress\/ -->\n<title>Professor van Dusen jagt einen Schatten (04)<\/title>\n<meta name=\"description\" content=\"Der seltsame Tod des Psychiaters Dr. Montgomery Scott, der in einem von innen verschlossenen Hotelzimmer mitten in der Nacht in Flammen aufgeht, stellt die Polizei vor ein unl\u00f6sbares R\u00e4tsel. Professor van Dusen ist davon \u00fcberzeugt, es mit einem raffinierten Mord zu tun zu haben. Kurz vor seinem Ableben hatte Dr. Scott ihm anvertraut, telefonisch mit dem Tode bedroht worden zu sein \u2013 von dem ber\u00fcchtigten Chicagoer Massenm\u00f6rder Thomas Holmes. Scott war sich sicher, die Stimme erkannt zu haben. Allerdings wurde Holmes vor einigen Monaten hingerichtet. Ist der Wahnsinnige aus dem Jenseits zur\u00fcckgekehrt, um Rache zu nehmen? Und wer steht dann noch auf seiner Todesliste?  Professor van Dusen: Bernd Vollbrecht Hutchinson Hatch: Nicolai Tegeler Det. Serg. Rigoletto Caruso: Gerald Paradies Dr. Forbes: Tino Kie\u00dfling Miss Elisabeth: Nicole Hannak Richter Strickland: J\u00fcrgen Thormann Hawkins: Helmut Krauss Dr. Scott: Christian Rode Butler Wallace: Alexis Kr\u00fcger Hotelier: Peter Groeger Barkeeper: Tom Deininger Totengr\u00e4ber: Lutz Harder Holmes: Manfred Lehmann Officer: Thomas Petruo Der Hinkende: Peter L\u00fchrs Papagei: Juray Panczak u.a.  Regie: Gerd Naumann Buch: Bodo Traber Komponist: Christian Bluthardt Sounddesign, Mischung &amp; Master: Tom Steinbrecher  Spieldauer: ca. 68 Minuten\" \/>\n<meta name=\"robots\" content=\"index, follow, max-snippet:-1, max-image-preview:large, max-video-preview:-1\" \/>\n<link rel=\"canonical\" href=\"https:\/\/www.allscore.de\/shop\/produkt\/professor-van-dusen-jagt-einen-schatten\/\" \/>\n<meta property=\"og:locale\" content=\"de_DE\" \/>\n<meta property=\"og:type\" content=\"article\" \/>\n<meta property=\"og:title\" content=\"Professor van Dusen jagt einen Schatten (04)\" \/>\n<meta property=\"og:description\" content=\"Der seltsame Tod des Psychiaters Dr. Montgomery Scott, der in einem von innen verschlossenen Hotelzimmer mitten in der Nacht in Flammen aufgeht, stellt die Polizei vor ein unl\u00f6sbares R\u00e4tsel. Professor van Dusen ist davon \u00fcberzeugt, es mit einem raffinierten Mord zu tun zu haben. Kurz vor seinem Ableben hatte Dr. Scott ihm anvertraut, telefonisch mit dem Tode bedroht worden zu sein \u2013 von dem ber\u00fcchtigten Chicagoer Massenm\u00f6rder Thomas Holmes. Scott war sich sicher, die Stimme erkannt zu haben. Allerdings wurde Holmes vor einigen Monaten hingerichtet. Ist der Wahnsinnige aus dem Jenseits zur\u00fcckgekehrt, um Rache zu nehmen? Und wer steht dann noch auf seiner Todesliste?  Professor van Dusen: Bernd Vollbrecht Hutchinson Hatch: Nicolai Tegeler Det. Serg. Rigoletto Caruso: Gerald Paradies Dr. Forbes: Tino Kie\u00dfling Miss Elisabeth: Nicole Hannak Richter Strickland: J\u00fcrgen Thormann Hawkins: Helmut Krauss Dr. Scott: Christian Rode Butler Wallace: Alexis Kr\u00fcger Hotelier: Peter Groeger Barkeeper: Tom Deininger Totengr\u00e4ber: Lutz Harder Holmes: Manfred Lehmann Officer: Thomas Petruo Der Hinkende: Peter L\u00fchrs Papagei: Juray Panczak u.a.  Regie: Gerd Naumann Buch: Bodo Traber Komponist: Christian Bluthardt Sounddesign, Mischung &amp; Master: Tom Steinbrecher  Spieldauer: ca. 68 Minuten\" \/>\n<meta property=\"og:url\" content=\"https:\/\/www.allscore.de\/shop\/produkt\/professor-van-dusen-jagt-einen-schatten\/\" \/>\n<meta property=\"og:site_name\" content=\"Allscore Shop\" \/>\n<meta property=\"article:modified_time\" content=\"2026-04-26T20:00:06+00:00\" \/>\n<meta property=\"og:image\" content=\"https:\/\/www.allscore.de\/shop\/wp-content\/uploads\/2020\/09\/PvD04_1200x1200.jpg\" \/>\n\t<meta property=\"og:image:width\" content=\"1200\" \/>\n\t<meta property=\"og:image:height\" content=\"1200\" \/>\n\t<meta property=\"og:image:type\" content=\"image\/jpeg\" \/>\n<meta name=\"twitter:card\" content=\"summary_large_image\" \/>\n<meta name=\"twitter:label1\" content=\"Gesch\u00e4tzte Lesezeit\" \/>\n\t<meta name=\"twitter:data1\" content=\"1\u00a0Minute\" \/>\n<script type=\"application\/ld+json\" class=\"yoast-schema-graph\">{\"@context\":\"https:\\\/\\\/schema.org\",\"@graph\":[{\"@type\":\"WebPage\",\"@id\":\"https:\\\/\\\/www.allscore.de\\\/shop\\\/produkt\\\/professor-van-dusen-jagt-einen-schatten\\\/\",\"url\":\"https:\\\/\\\/www.allscore.de\\\/shop\\\/produkt\\\/professor-van-dusen-jagt-einen-schatten\\\/\",\"name\":\"Professor van Dusen jagt einen Schatten (04)\",\"isPartOf\":{\"@id\":\"https:\\\/\\\/www.allscore.de\\\/shop\\\/#website\"},\"primaryImageOfPage\":{\"@id\":\"https:\\\/\\\/www.allscore.de\\\/shop\\\/produkt\\\/professor-van-dusen-jagt-einen-schatten\\\/#primaryimage\"},\"image\":{\"@id\":\"https:\\\/\\\/www.allscore.de\\\/shop\\\/produkt\\\/professor-van-dusen-jagt-einen-schatten\\\/#primaryimage\"},\"thumbnailUrl\":\"https:\\\/\\\/www.allscore.de\\\/shop\\\/wp-content\\\/uploads\\\/2020\\\/09\\\/PvD04_1200x1200.jpg\",\"datePublished\":\"2015-11-04T15:44:18+00:00\",\"dateModified\":\"2026-04-26T20:00:06+00:00\",\"description\":\"Der seltsame Tod des Psychiaters Dr. Montgomery Scott, der in einem von innen verschlossenen Hotelzimmer mitten in der Nacht in Flammen aufgeht, stellt die Polizei vor ein unl\u00f6sbares R\u00e4tsel. Professor van Dusen ist davon \u00fcberzeugt, es mit einem raffinierten Mord zu tun zu haben. Kurz vor seinem Ableben hatte Dr. Scott ihm anvertraut, telefonisch mit dem Tode bedroht worden zu sein \u2013 von dem ber\u00fcchtigten Chicagoer Massenm\u00f6rder Thomas Holmes. Scott war sich sicher, die Stimme erkannt zu haben. Allerdings wurde Holmes vor einigen Monaten hingerichtet. Ist der Wahnsinnige aus dem Jenseits zur\u00fcckgekehrt, um Rache zu nehmen? Und wer steht dann noch auf seiner Todesliste? Professor van Dusen: Bernd Vollbrecht Hutchinson Hatch: Nicolai Tegeler Det. Serg. Rigoletto Caruso: Gerald Paradies Dr. Forbes: Tino Kie\u00dfling Miss Elisabeth: Nicole Hannak Richter Strickland: J\u00fcrgen Thormann Hawkins: Helmut Krauss Dr. Scott: Christian Rode Butler Wallace: Alexis Kr\u00fcger Hotelier: Peter Groeger Barkeeper: Tom Deininger Totengr\u00e4ber: Lutz Harder Holmes: Manfred Lehmann Officer: Thomas Petruo Der Hinkende: Peter L\u00fchrs Papagei: Juray Panczak u.a. Regie: Gerd Naumann Buch: Bodo Traber Komponist: Christian Bluthardt Sounddesign, Mischung &amp; Master: Tom Steinbrecher Spieldauer: ca. 68 Minuten\",\"breadcrumb\":{\"@id\":\"https:\\\/\\\/www.allscore.de\\\/shop\\\/produkt\\\/professor-van-dusen-jagt-einen-schatten\\\/#breadcrumb\"},\"inLanguage\":\"de\",\"potentialAction\":[{\"@type\":\"ReadAction\",\"target\":[\"https:\\\/\\\/www.allscore.de\\\/shop\\\/produkt\\\/professor-van-dusen-jagt-einen-schatten\\\/\"]}]},{\"@type\":\"ImageObject\",\"inLanguage\":\"de\",\"@id\":\"https:\\\/\\\/www.allscore.de\\\/shop\\\/produkt\\\/professor-van-dusen-jagt-einen-schatten\\\/#primaryimage\",\"url\":\"https:\\\/\\\/www.allscore.de\\\/shop\\\/wp-content\\\/uploads\\\/2020\\\/09\\\/PvD04_1200x1200.jpg\",\"contentUrl\":\"https:\\\/\\\/www.allscore.de\\\/shop\\\/wp-content\\\/uploads\\\/2020\\\/09\\\/PvD04_1200x1200.jpg\",\"width\":1200,\"height\":1200,\"caption\":\"Professor van Dusen jagt einen Schatten\"},{\"@type\":\"BreadcrumbList\",\"@id\":\"https:\\\/\\\/www.allscore.de\\\/shop\\\/produkt\\\/professor-van-dusen-jagt-einen-schatten\\\/#breadcrumb\",\"itemListElement\":[{\"@type\":\"ListItem\",\"position\":1,\"name\":\"Startseite\",\"item\":\"https:\\\/\\\/www.allscore.de\\\/shop\\\/\"},{\"@type\":\"ListItem\",\"position\":2,\"name\":\"Produkte\",\"item\":\"https:\\\/\\\/www.allscore.de\\\/shop\\\/shop\\\/\"},{\"@type\":\"ListItem\",\"position\":3,\"name\":\"Professor van Dusen jagt einen Schatten (04)\"}]},{\"@type\":\"WebSite\",\"@id\":\"https:\\\/\\\/www.allscore.de\\\/shop\\\/#website\",\"url\":\"https:\\\/\\\/www.allscore.de\\\/shop\\\/\",\"name\":\"Allscore Shop\",\"description\":\"All Score Media\",\"publisher\":{\"@id\":\"https:\\\/\\\/www.allscore.de\\\/shop\\\/#organization\"},\"potentialAction\":[{\"@type\":\"SearchAction\",\"target\":{\"@type\":\"EntryPoint\",\"urlTemplate\":\"https:\\\/\\\/www.allscore.de\\\/shop\\\/?s={search_term_string}\"},\"query-input\":{\"@type\":\"PropertyValueSpecification\",\"valueRequired\":true,\"valueName\":\"search_term_string\"}}],\"inLanguage\":\"de\"},{\"@type\":\"Organization\",\"@id\":\"https:\\\/\\\/www.allscore.de\\\/shop\\\/#organization\",\"name\":\"All Score Media\",\"alternateName\":\"Allscore\",\"url\":\"https:\\\/\\\/www.allscore.de\\\/shop\\\/\",\"logo\":{\"@type\":\"ImageObject\",\"inLanguage\":\"de\",\"@id\":\"https:\\\/\\\/www.allscore.de\\\/shop\\\/#\\\/schema\\\/logo\\\/image\\\/\",\"url\":\"https:\\\/\\\/www.allscore.de\\\/shop\\\/wp-content\\\/uploads\\\/2026\\\/01\\\/Logo_Yoast_Shop_2026.png\",\"contentUrl\":\"https:\\\/\\\/www.allscore.de\\\/shop\\\/wp-content\\\/uploads\\\/2026\\\/01\\\/Logo_Yoast_Shop_2026.png\",\"width\":696,\"height\":696,\"caption\":\"All Score Media\"},\"image\":{\"@id\":\"https:\\\/\\\/www.allscore.de\\\/shop\\\/#\\\/schema\\\/logo\\\/image\\\/\"}}]}<\/script>\n<!-- \/ Yoast SEO plugin. -->","yoast_head_json":{"title":"Professor van Dusen jagt einen Schatten (04)","description":"Der seltsame Tod des Psychiaters Dr. Montgomery Scott, der in einem von innen verschlossenen Hotelzimmer mitten in der Nacht in Flammen aufgeht, stellt die Polizei vor ein unl\u00f6sbares R\u00e4tsel. Professor van Dusen ist davon \u00fcberzeugt, es mit einem raffinierten Mord zu tun zu haben. Kurz vor seinem Ableben hatte Dr. Scott ihm anvertraut, telefonisch mit dem Tode bedroht worden zu sein \u2013 von dem ber\u00fcchtigten Chicagoer Massenm\u00f6rder Thomas Holmes. Scott war sich sicher, die Stimme erkannt zu haben. Allerdings wurde Holmes vor einigen Monaten hingerichtet. Ist der Wahnsinnige aus dem Jenseits zur\u00fcckgekehrt, um Rache zu nehmen? Und wer steht dann noch auf seiner Todesliste?  Professor van Dusen: Bernd Vollbrecht Hutchinson Hatch: Nicolai Tegeler Det. Serg. Rigoletto Caruso: Gerald Paradies Dr. Forbes: Tino Kie\u00dfling Miss Elisabeth: Nicole Hannak Richter Strickland: J\u00fcrgen Thormann Hawkins: Helmut Krauss Dr. Scott: Christian Rode Butler Wallace: Alexis Kr\u00fcger Hotelier: Peter Groeger Barkeeper: Tom Deininger Totengr\u00e4ber: Lutz Harder Holmes: Manfred Lehmann Officer: Thomas Petruo Der Hinkende: Peter L\u00fchrs Papagei: Juray Panczak u.a.  Regie: Gerd Naumann Buch: Bodo Traber Komponist: Christian Bluthardt Sounddesign, Mischung &amp; Master: Tom Steinbrecher  Spieldauer: ca. 68 Minuten","robots":{"index":"index","follow":"follow","max-snippet":"max-snippet:-1","max-image-preview":"max-image-preview:large","max-video-preview":"max-video-preview:-1"},"canonical":"https:\/\/www.allscore.de\/shop\/produkt\/professor-van-dusen-jagt-einen-schatten\/","og_locale":"de_DE","og_type":"article","og_title":"Professor van Dusen jagt einen Schatten (04)","og_description":"Der seltsame Tod des Psychiaters Dr. Montgomery Scott, der in einem von innen verschlossenen Hotelzimmer mitten in der Nacht in Flammen aufgeht, stellt die Polizei vor ein unl\u00f6sbares R\u00e4tsel. Professor van Dusen ist davon \u00fcberzeugt, es mit einem raffinierten Mord zu tun zu haben. Kurz vor seinem Ableben hatte Dr. Scott ihm anvertraut, telefonisch mit dem Tode bedroht worden zu sein \u2013 von dem ber\u00fcchtigten Chicagoer Massenm\u00f6rder Thomas Holmes. Scott war sich sicher, die Stimme erkannt zu haben. Allerdings wurde Holmes vor einigen Monaten hingerichtet. Ist der Wahnsinnige aus dem Jenseits zur\u00fcckgekehrt, um Rache zu nehmen? Und wer steht dann noch auf seiner Todesliste?  Professor van Dusen: Bernd Vollbrecht Hutchinson Hatch: Nicolai Tegeler Det. Serg. Rigoletto Caruso: Gerald Paradies Dr. Forbes: Tino Kie\u00dfling Miss Elisabeth: Nicole Hannak Richter Strickland: J\u00fcrgen Thormann Hawkins: Helmut Krauss Dr. Scott: Christian Rode Butler Wallace: Alexis Kr\u00fcger Hotelier: Peter Groeger Barkeeper: Tom Deininger Totengr\u00e4ber: Lutz Harder Holmes: Manfred Lehmann Officer: Thomas Petruo Der Hinkende: Peter L\u00fchrs Papagei: Juray Panczak u.a.  Regie: Gerd Naumann Buch: Bodo Traber Komponist: Christian Bluthardt Sounddesign, Mischung &amp; Master: Tom Steinbrecher  Spieldauer: ca. 68 Minuten","og_url":"https:\/\/www.allscore.de\/shop\/produkt\/professor-van-dusen-jagt-einen-schatten\/","og_site_name":"Allscore Shop","article_modified_time":"2026-04-26T20:00:06+00:00","og_image":[{"width":1200,"height":1200,"url":"https:\/\/www.allscore.de\/shop\/wp-content\/uploads\/2020\/09\/PvD04_1200x1200.jpg","type":"image\/jpeg"}],"twitter_card":"summary_large_image","twitter_misc":{"Gesch\u00e4tzte Lesezeit":"1\u00a0Minute"},"schema":{"@context":"https:\/\/schema.org","@graph":[{"@type":"WebPage","@id":"https:\/\/www.allscore.de\/shop\/produkt\/professor-van-dusen-jagt-einen-schatten\/","url":"https:\/\/www.allscore.de\/shop\/produkt\/professor-van-dusen-jagt-einen-schatten\/","name":"Professor van Dusen jagt einen Schatten (04)","isPartOf":{"@id":"https:\/\/www.allscore.de\/shop\/#website"},"primaryImageOfPage":{"@id":"https:\/\/www.allscore.de\/shop\/produkt\/professor-van-dusen-jagt-einen-schatten\/#primaryimage"},"image":{"@id":"https:\/\/www.allscore.de\/shop\/produkt\/professor-van-dusen-jagt-einen-schatten\/#primaryimage"},"thumbnailUrl":"https:\/\/www.allscore.de\/shop\/wp-content\/uploads\/2020\/09\/PvD04_1200x1200.jpg","datePublished":"2015-11-04T15:44:18+00:00","dateModified":"2026-04-26T20:00:06+00:00","description":"Der seltsame Tod des Psychiaters Dr. Montgomery Scott, der in einem von innen verschlossenen Hotelzimmer mitten in der Nacht in Flammen aufgeht, stellt die Polizei vor ein unl\u00f6sbares R\u00e4tsel. Professor van Dusen ist davon \u00fcberzeugt, es mit einem raffinierten Mord zu tun zu haben. Kurz vor seinem Ableben hatte Dr. Scott ihm anvertraut, telefonisch mit dem Tode bedroht worden zu sein \u2013 von dem ber\u00fcchtigten Chicagoer Massenm\u00f6rder Thomas Holmes. Scott war sich sicher, die Stimme erkannt zu haben. Allerdings wurde Holmes vor einigen Monaten hingerichtet. Ist der Wahnsinnige aus dem Jenseits zur\u00fcckgekehrt, um Rache zu nehmen? Und wer steht dann noch auf seiner Todesliste? Professor van Dusen: Bernd Vollbrecht Hutchinson Hatch: Nicolai Tegeler Det. Serg. Rigoletto Caruso: Gerald Paradies Dr. Forbes: Tino Kie\u00dfling Miss Elisabeth: Nicole Hannak Richter Strickland: J\u00fcrgen Thormann Hawkins: Helmut Krauss Dr. Scott: Christian Rode Butler Wallace: Alexis Kr\u00fcger Hotelier: Peter Groeger Barkeeper: Tom Deininger Totengr\u00e4ber: Lutz Harder Holmes: Manfred Lehmann Officer: Thomas Petruo Der Hinkende: Peter L\u00fchrs Papagei: Juray Panczak u.a. Regie: Gerd Naumann Buch: Bodo Traber Komponist: Christian Bluthardt Sounddesign, Mischung &amp; Master: Tom Steinbrecher Spieldauer: ca. 68 Minuten","breadcrumb":{"@id":"https:\/\/www.allscore.de\/shop\/produkt\/professor-van-dusen-jagt-einen-schatten\/#breadcrumb"},"inLanguage":"de","potentialAction":[{"@type":"ReadAction","target":["https:\/\/www.allscore.de\/shop\/produkt\/professor-van-dusen-jagt-einen-schatten\/"]}]},{"@type":"ImageObject","inLanguage":"de","@id":"https:\/\/www.allscore.de\/shop\/produkt\/professor-van-dusen-jagt-einen-schatten\/#primaryimage","url":"https:\/\/www.allscore.de\/shop\/wp-content\/uploads\/2020\/09\/PvD04_1200x1200.jpg","contentUrl":"https:\/\/www.allscore.de\/shop\/wp-content\/uploads\/2020\/09\/PvD04_1200x1200.jpg","width":1200,"height":1200,"caption":"Professor van Dusen jagt einen Schatten"},{"@type":"BreadcrumbList","@id":"https:\/\/www.allscore.de\/shop\/produkt\/professor-van-dusen-jagt-einen-schatten\/#breadcrumb","itemListElement":[{"@type":"ListItem","position":1,"name":"Startseite","item":"https:\/\/www.allscore.de\/shop\/"},{"@type":"ListItem","position":2,"name":"Produkte","item":"https:\/\/www.allscore.de\/shop\/shop\/"},{"@type":"ListItem","position":3,"name":"Professor van Dusen jagt einen Schatten (04)"}]},{"@type":"WebSite","@id":"https:\/\/www.allscore.de\/shop\/#website","url":"https:\/\/www.allscore.de\/shop\/","name":"Allscore Shop","description":"All Score Media","publisher":{"@id":"https:\/\/www.allscore.de\/shop\/#organization"},"potentialAction":[{"@type":"SearchAction","target":{"@type":"EntryPoint","urlTemplate":"https:\/\/www.allscore.de\/shop\/?s={search_term_string}"},"query-input":{"@type":"PropertyValueSpecification","valueRequired":true,"valueName":"search_term_string"}}],"inLanguage":"de"},{"@type":"Organization","@id":"https:\/\/www.allscore.de\/shop\/#organization","name":"All Score Media","alternateName":"Allscore","url":"https:\/\/www.allscore.de\/shop\/","logo":{"@type":"ImageObject","inLanguage":"de","@id":"https:\/\/www.allscore.de\/shop\/#\/schema\/logo\/image\/","url":"https:\/\/www.allscore.de\/shop\/wp-content\/uploads\/2026\/01\/Logo_Yoast_Shop_2026.png","contentUrl":"https:\/\/www.allscore.de\/shop\/wp-content\/uploads\/2026\/01\/Logo_Yoast_Shop_2026.png","width":696,"height":696,"caption":"All Score Media"},"image":{"@id":"https:\/\/www.allscore.de\/shop\/#\/schema\/logo\/image\/"}}]}},"_links":{"self":[{"href":"https:\/\/www.allscore.de\/shop\/wp-json\/wp\/v2\/product\/7423","targetHints":{"allow":["GET"]}}],"collection":[{"href":"https:\/\/www.allscore.de\/shop\/wp-json\/wp\/v2\/product"}],"about":[{"href":"https:\/\/www.allscore.de\/shop\/wp-json\/wp\/v2\/types\/product"}],"wp:featuredmedia":[{"embeddable":true,"href":"https:\/\/www.allscore.de\/shop\/wp-json\/wp\/v2\/media\/7402"}],"wp:attachment":[{"href":"https:\/\/www.allscore.de\/shop\/wp-json\/wp\/v2\/media?parent=7423"}],"wp:term":[{"taxonomy":"product_brand","embeddable":true,"href":"https:\/\/www.allscore.de\/shop\/wp-json\/wp\/v2\/product_brand?post=7423"},{"taxonomy":"product_cat","embeddable":true,"href":"https:\/\/www.allscore.de\/shop\/wp-json\/wp\/v2\/product_cat?post=7423"},{"taxonomy":"product_tag","embeddable":true,"href":"https:\/\/www.allscore.de\/shop\/wp-json\/wp\/v2\/product_tag?post=7423"}],"curies":[{"name":"wp","href":"https:\/\/api.w.org\/{rel}","templated":true}]}}