{"id":7391,"date":"2015-07-03T13:12:24","date_gmt":"2015-07-03T11:12:24","guid":{"rendered":"https:\/\/www.allscore.de\/shop\/?post_type=product&#038;p=7391"},"modified":"2024-12-08T10:57:01","modified_gmt":"2024-12-08T09:57:01","slug":"professor-van-dusen-reitet-das-trojanische-pferd","status":"publish","type":"product","link":"https:\/\/www.allscore.de\/shop\/produkt\/professor-van-dusen-reitet-das-trojanische-pferd\/","title":{"rendered":"Professor van Dusen reitet das trojanische Pferd (02)"},"content":{"rendered":"<p>Professor van Dusen reitet das trojanische Pferd (02)<\/p>\n<p>Eine sch\u00f6ne Frau bietet Spiros Makropulos, Million\u00e4r und Sammler antiker Kostbarkeiten, das ber\u00fchmte h\u00f6lzerne Pferd von Troja zum Kauf an. Ein plumper Betrug, wie Professor van Dusen schnell feststellt. Doch damit fangen die Probleme erst an. Makropulos wird ermordet, die Betr\u00fcgerin ebenfalls, eine zwielichtige Bar kommt ins Spiel, eine H\u00f6llenmaschine und der Ober-Eunuch des Sultans. Nur der Scharfsinn der Denkmaschine kann den Weg durchs Labyrinth des Verbrechens finden und den geheimnisvollen Mann in Schwarz entlarven.<\/p>\n<p>Professor van Dusen: Bernd Vollbrecht<br \/>\nHutchinson Hatch: Nicolai Tegeler<br \/>\nProfessor Hinkeldey: J\u00fcrgen Thormann<br \/>\nSpiros Makropulos: Georg Tryphon<br \/>\nRosa Makropulos: Nicole Hannak<br \/>\nMichalis Theodorakis: Lutz Harder<br \/>\nLucia Cozzolino: Sandrine Mittelst\u00e4dt<br \/>\nDr. Kallimachos: Christian Rode<br \/>\nKassandra: Margrit Strassburger<br \/>\nLeutnant Yilmaz: Peter Groeger<br \/>\nPortier: Rolf Marnitz<br \/>\nDr. G\u00fclen: Michael Pink<br \/>\nRita: Sandra Steinbach<br \/>\nClaudia: Hildegard Meier<br \/>\nKisil Agha: Alexis Kr\u00fcger<br \/>\nKaimakam der Sultansgarde: Wolfram von Stauffenberg<br \/>\nOsman: Tino Kie\u00dfling<br \/>\nKutscher: Jan Graewe<br \/>\nu.a.<\/p>\n<p>Regie: Gerd Naumann<br \/>\nIdee und Buch: Michael Koser<br \/>\nKomponist: Christian Bluthardt<br \/>\nSounddesign, Mischung &amp; Master: Tom Steinbrecher<\/p>\n<p>Spieldauer: ca. 80 Minuten<\/p>\n","protected":false},"excerpt":{"rendered":"<p>Seit langer Zeit ausverkauft, konnten wir bei einer Gesch\u00e4ftsaufl\u00f6sung f\u00fcnf dieser raren Exemplare zur\u00fcckkaufen (Fr\u00fchjahr 2024).<\/p>\n","protected":false},"featured_media":7404,"template":"","meta":[],"product_brand":[],"product_cat":[72,210,428,153],"product_tag":[],"class_list":{"0":"post-7391","1":"product","2":"type-product","3":"status-publish","4":"has-post-thumbnail","6":"product_cat-hoerspiele","7":"product_cat-professor-van-dusen-neue-faelle","8":"product_cat-raritaeten","9":"product_cat-specials","10":"product_shipping_class-tontraeger-cd","11":"entry","12":"clearfix","13":"entry-grid","14":"entry-columns-3","15":"entry-product-module-layout-sidebar-right","16":"thumbnail-color-tone-dark","17":"entry-product","19":"entry-product-grid","21":"first","22":"outofstock","23":"taxable","24":"shipping-taxable","25":"purchasable","26":"product-type-simple"},"yoast_head":"<!-- This site is optimized with the Yoast SEO plugin v27.4 - https:\/\/yoast.com\/product\/yoast-seo-wordpress\/ -->\n<title>Professor van Dusen reitet das trojanische Pferd (02)<\/title>\n<meta name=\"description\" content=\"Seit langer Zeit ausverkauft, konnten wir bei einer Gesch\u00e4ftsaufl\u00f6sung f\u00fcnf dieser raren Exemplare zur\u00fcckkaufen (Fr\u00fchjahr 2024).\" \/>\n<meta name=\"robots\" content=\"index, follow, max-snippet:-1, max-image-preview:large, max-video-preview:-1\" \/>\n<link rel=\"canonical\" href=\"https:\/\/www.allscore.de\/shop\/produkt\/professor-van-dusen-reitet-das-trojanische-pferd\/\" \/>\n<meta property=\"og:locale\" content=\"de_DE\" \/>\n<meta property=\"og:type\" content=\"article\" \/>\n<meta property=\"og:title\" content=\"Professor van Dusen reitet das trojanische Pferd (02)\" \/>\n<meta property=\"og:description\" content=\"Seit langer Zeit ausverkauft, konnten wir bei einer Gesch\u00e4ftsaufl\u00f6sung f\u00fcnf dieser raren Exemplare zur\u00fcckkaufen (Fr\u00fchjahr 2024).\" \/>\n<meta property=\"og:url\" content=\"https:\/\/www.allscore.de\/shop\/produkt\/professor-van-dusen-reitet-das-trojanische-pferd\/\" \/>\n<meta property=\"og:site_name\" content=\"Allscore Shop\" \/>\n<meta property=\"article:modified_time\" content=\"2024-12-08T09:57:01+00:00\" \/>\n<meta property=\"og:image\" content=\"https:\/\/www.allscore.de\/shop\/wp-content\/uploads\/2020\/09\/PvD02_1200x1200.jpg\" \/>\n\t<meta property=\"og:image:width\" content=\"1200\" \/>\n\t<meta property=\"og:image:height\" content=\"1200\" \/>\n\t<meta property=\"og:image:type\" content=\"image\/jpeg\" \/>\n<meta name=\"twitter:card\" content=\"summary_large_image\" \/>\n<meta name=\"twitter:label1\" content=\"Gesch\u00e4tzte Lesezeit\" \/>\n\t<meta name=\"twitter:data1\" content=\"1\u00a0Minute\" \/>\n<script type=\"application\/ld+json\" class=\"yoast-schema-graph\">{\"@context\":\"https:\\\/\\\/schema.org\",\"@graph\":[{\"@type\":\"WebPage\",\"@id\":\"https:\\\/\\\/www.allscore.de\\\/shop\\\/produkt\\\/professor-van-dusen-reitet-das-trojanische-pferd\\\/\",\"url\":\"https:\\\/\\\/www.allscore.de\\\/shop\\\/produkt\\\/professor-van-dusen-reitet-das-trojanische-pferd\\\/\",\"name\":\"Professor van Dusen reitet das trojanische Pferd (02)\",\"isPartOf\":{\"@id\":\"https:\\\/\\\/www.allscore.de\\\/shop\\\/#website\"},\"primaryImageOfPage\":{\"@id\":\"https:\\\/\\\/www.allscore.de\\\/shop\\\/produkt\\\/professor-van-dusen-reitet-das-trojanische-pferd\\\/#primaryimage\"},\"image\":{\"@id\":\"https:\\\/\\\/www.allscore.de\\\/shop\\\/produkt\\\/professor-van-dusen-reitet-das-trojanische-pferd\\\/#primaryimage\"},\"thumbnailUrl\":\"https:\\\/\\\/www.allscore.de\\\/shop\\\/wp-content\\\/uploads\\\/2020\\\/09\\\/PvD02_1200x1200.jpg\",\"datePublished\":\"2015-07-03T11:12:24+00:00\",\"dateModified\":\"2024-12-08T09:57:01+00:00\",\"description\":\"Seit langer Zeit ausverkauft, konnten wir bei einer Gesch\u00e4ftsaufl\u00f6sung f\u00fcnf dieser raren Exemplare zur\u00fcckkaufen (Fr\u00fchjahr 2024).\",\"breadcrumb\":{\"@id\":\"https:\\\/\\\/www.allscore.de\\\/shop\\\/produkt\\\/professor-van-dusen-reitet-das-trojanische-pferd\\\/#breadcrumb\"},\"inLanguage\":\"de\",\"potentialAction\":[{\"@type\":\"ReadAction\",\"target\":[\"https:\\\/\\\/www.allscore.de\\\/shop\\\/produkt\\\/professor-van-dusen-reitet-das-trojanische-pferd\\\/\"]}]},{\"@type\":\"ImageObject\",\"inLanguage\":\"de\",\"@id\":\"https:\\\/\\\/www.allscore.de\\\/shop\\\/produkt\\\/professor-van-dusen-reitet-das-trojanische-pferd\\\/#primaryimage\",\"url\":\"https:\\\/\\\/www.allscore.de\\\/shop\\\/wp-content\\\/uploads\\\/2020\\\/09\\\/PvD02_1200x1200.jpg\",\"contentUrl\":\"https:\\\/\\\/www.allscore.de\\\/shop\\\/wp-content\\\/uploads\\\/2020\\\/09\\\/PvD02_1200x1200.jpg\",\"width\":1200,\"height\":1200,\"caption\":\"Professor van Dusen reitet das trojanische Pferd\"},{\"@type\":\"BreadcrumbList\",\"@id\":\"https:\\\/\\\/www.allscore.de\\\/shop\\\/produkt\\\/professor-van-dusen-reitet-das-trojanische-pferd\\\/#breadcrumb\",\"itemListElement\":[{\"@type\":\"ListItem\",\"position\":1,\"name\":\"Startseite\",\"item\":\"https:\\\/\\\/www.allscore.de\\\/shop\\\/\"},{\"@type\":\"ListItem\",\"position\":2,\"name\":\"Produkte\",\"item\":\"https:\\\/\\\/www.allscore.de\\\/shop\\\/shop\\\/\"},{\"@type\":\"ListItem\",\"position\":3,\"name\":\"Professor van Dusen reitet das trojanische Pferd (02)\"}]},{\"@type\":\"WebSite\",\"@id\":\"https:\\\/\\\/www.allscore.de\\\/shop\\\/#website\",\"url\":\"https:\\\/\\\/www.allscore.de\\\/shop\\\/\",\"name\":\"Allscore Shop\",\"description\":\"All Score Media\",\"publisher\":{\"@id\":\"https:\\\/\\\/www.allscore.de\\\/shop\\\/#organization\"},\"potentialAction\":[{\"@type\":\"SearchAction\",\"target\":{\"@type\":\"EntryPoint\",\"urlTemplate\":\"https:\\\/\\\/www.allscore.de\\\/shop\\\/?s={search_term_string}\"},\"query-input\":{\"@type\":\"PropertyValueSpecification\",\"valueRequired\":true,\"valueName\":\"search_term_string\"}}],\"inLanguage\":\"de\"},{\"@type\":\"Organization\",\"@id\":\"https:\\\/\\\/www.allscore.de\\\/shop\\\/#organization\",\"name\":\"All Score Media\",\"alternateName\":\"Allscore\",\"url\":\"https:\\\/\\\/www.allscore.de\\\/shop\\\/\",\"logo\":{\"@type\":\"ImageObject\",\"inLanguage\":\"de\",\"@id\":\"https:\\\/\\\/www.allscore.de\\\/shop\\\/#\\\/schema\\\/logo\\\/image\\\/\",\"url\":\"https:\\\/\\\/www.allscore.de\\\/shop\\\/wp-content\\\/uploads\\\/2026\\\/01\\\/Logo_Yoast_Shop_2026.png\",\"contentUrl\":\"https:\\\/\\\/www.allscore.de\\\/shop\\\/wp-content\\\/uploads\\\/2026\\\/01\\\/Logo_Yoast_Shop_2026.png\",\"width\":696,\"height\":696,\"caption\":\"All Score Media\"},\"image\":{\"@id\":\"https:\\\/\\\/www.allscore.de\\\/shop\\\/#\\\/schema\\\/logo\\\/image\\\/\"}}]}<\/script>\n<!-- \/ Yoast SEO plugin. -->","yoast_head_json":{"title":"Professor van Dusen reitet das trojanische Pferd (02)","description":"Seit langer Zeit ausverkauft, konnten wir bei einer Gesch\u00e4ftsaufl\u00f6sung f\u00fcnf dieser raren Exemplare zur\u00fcckkaufen (Fr\u00fchjahr 2024).","robots":{"index":"index","follow":"follow","max-snippet":"max-snippet:-1","max-image-preview":"max-image-preview:large","max-video-preview":"max-video-preview:-1"},"canonical":"https:\/\/www.allscore.de\/shop\/produkt\/professor-van-dusen-reitet-das-trojanische-pferd\/","og_locale":"de_DE","og_type":"article","og_title":"Professor van Dusen reitet das trojanische Pferd (02)","og_description":"Seit langer Zeit ausverkauft, konnten wir bei einer Gesch\u00e4ftsaufl\u00f6sung f\u00fcnf dieser raren Exemplare zur\u00fcckkaufen (Fr\u00fchjahr 2024).","og_url":"https:\/\/www.allscore.de\/shop\/produkt\/professor-van-dusen-reitet-das-trojanische-pferd\/","og_site_name":"Allscore Shop","article_modified_time":"2024-12-08T09:57:01+00:00","og_image":[{"width":1200,"height":1200,"url":"https:\/\/www.allscore.de\/shop\/wp-content\/uploads\/2020\/09\/PvD02_1200x1200.jpg","type":"image\/jpeg"}],"twitter_card":"summary_large_image","twitter_misc":{"Gesch\u00e4tzte Lesezeit":"1\u00a0Minute"},"schema":{"@context":"https:\/\/schema.org","@graph":[{"@type":"WebPage","@id":"https:\/\/www.allscore.de\/shop\/produkt\/professor-van-dusen-reitet-das-trojanische-pferd\/","url":"https:\/\/www.allscore.de\/shop\/produkt\/professor-van-dusen-reitet-das-trojanische-pferd\/","name":"Professor van Dusen reitet das trojanische Pferd (02)","isPartOf":{"@id":"https:\/\/www.allscore.de\/shop\/#website"},"primaryImageOfPage":{"@id":"https:\/\/www.allscore.de\/shop\/produkt\/professor-van-dusen-reitet-das-trojanische-pferd\/#primaryimage"},"image":{"@id":"https:\/\/www.allscore.de\/shop\/produkt\/professor-van-dusen-reitet-das-trojanische-pferd\/#primaryimage"},"thumbnailUrl":"https:\/\/www.allscore.de\/shop\/wp-content\/uploads\/2020\/09\/PvD02_1200x1200.jpg","datePublished":"2015-07-03T11:12:24+00:00","dateModified":"2024-12-08T09:57:01+00:00","description":"Seit langer Zeit ausverkauft, konnten wir bei einer Gesch\u00e4ftsaufl\u00f6sung f\u00fcnf dieser raren Exemplare zur\u00fcckkaufen (Fr\u00fchjahr 2024).","breadcrumb":{"@id":"https:\/\/www.allscore.de\/shop\/produkt\/professor-van-dusen-reitet-das-trojanische-pferd\/#breadcrumb"},"inLanguage":"de","potentialAction":[{"@type":"ReadAction","target":["https:\/\/www.allscore.de\/shop\/produkt\/professor-van-dusen-reitet-das-trojanische-pferd\/"]}]},{"@type":"ImageObject","inLanguage":"de","@id":"https:\/\/www.allscore.de\/shop\/produkt\/professor-van-dusen-reitet-das-trojanische-pferd\/#primaryimage","url":"https:\/\/www.allscore.de\/shop\/wp-content\/uploads\/2020\/09\/PvD02_1200x1200.jpg","contentUrl":"https:\/\/www.allscore.de\/shop\/wp-content\/uploads\/2020\/09\/PvD02_1200x1200.jpg","width":1200,"height":1200,"caption":"Professor van Dusen reitet das trojanische Pferd"},{"@type":"BreadcrumbList","@id":"https:\/\/www.allscore.de\/shop\/produkt\/professor-van-dusen-reitet-das-trojanische-pferd\/#breadcrumb","itemListElement":[{"@type":"ListItem","position":1,"name":"Startseite","item":"https:\/\/www.allscore.de\/shop\/"},{"@type":"ListItem","position":2,"name":"Produkte","item":"https:\/\/www.allscore.de\/shop\/shop\/"},{"@type":"ListItem","position":3,"name":"Professor van Dusen reitet das trojanische Pferd (02)"}]},{"@type":"WebSite","@id":"https:\/\/www.allscore.de\/shop\/#website","url":"https:\/\/www.allscore.de\/shop\/","name":"Allscore Shop","description":"All Score Media","publisher":{"@id":"https:\/\/www.allscore.de\/shop\/#organization"},"potentialAction":[{"@type":"SearchAction","target":{"@type":"EntryPoint","urlTemplate":"https:\/\/www.allscore.de\/shop\/?s={search_term_string}"},"query-input":{"@type":"PropertyValueSpecification","valueRequired":true,"valueName":"search_term_string"}}],"inLanguage":"de"},{"@type":"Organization","@id":"https:\/\/www.allscore.de\/shop\/#organization","name":"All Score Media","alternateName":"Allscore","url":"https:\/\/www.allscore.de\/shop\/","logo":{"@type":"ImageObject","inLanguage":"de","@id":"https:\/\/www.allscore.de\/shop\/#\/schema\/logo\/image\/","url":"https:\/\/www.allscore.de\/shop\/wp-content\/uploads\/2026\/01\/Logo_Yoast_Shop_2026.png","contentUrl":"https:\/\/www.allscore.de\/shop\/wp-content\/uploads\/2026\/01\/Logo_Yoast_Shop_2026.png","width":696,"height":696,"caption":"All Score Media"},"image":{"@id":"https:\/\/www.allscore.de\/shop\/#\/schema\/logo\/image\/"}}]}},"_links":{"self":[{"href":"https:\/\/www.allscore.de\/shop\/wp-json\/wp\/v2\/product\/7391","targetHints":{"allow":["GET"]}}],"collection":[{"href":"https:\/\/www.allscore.de\/shop\/wp-json\/wp\/v2\/product"}],"about":[{"href":"https:\/\/www.allscore.de\/shop\/wp-json\/wp\/v2\/types\/product"}],"wp:featuredmedia":[{"embeddable":true,"href":"https:\/\/www.allscore.de\/shop\/wp-json\/wp\/v2\/media\/7404"}],"wp:attachment":[{"href":"https:\/\/www.allscore.de\/shop\/wp-json\/wp\/v2\/media?parent=7391"}],"wp:term":[{"taxonomy":"product_brand","embeddable":true,"href":"https:\/\/www.allscore.de\/shop\/wp-json\/wp\/v2\/product_brand?post=7391"},{"taxonomy":"product_cat","embeddable":true,"href":"https:\/\/www.allscore.de\/shop\/wp-json\/wp\/v2\/product_cat?post=7391"},{"taxonomy":"product_tag","embeddable":true,"href":"https:\/\/www.allscore.de\/shop\/wp-json\/wp\/v2\/product_tag?post=7391"}],"curies":[{"name":"wp","href":"https:\/\/api.w.org\/{rel}","templated":true}]}}