{"id":7045,"date":"2020-07-11T22:05:48","date_gmt":"2020-07-11T20:05:48","guid":{"rendered":"https:\/\/www.allscore.de\/shop\/?post_type=product&#038;p=7045"},"modified":"2022-11-03T15:38:05","modified_gmt":"2022-11-03T14:38:05","slug":"la-recolte","status":"publish","type":"product","link":"https:\/\/www.allscore.de\/shop\/produkt\/la-recolte\/","title":{"rendered":"Les Quitriche &#8211; La R\u00e9colte"},"content":{"rendered":"<p>PRESSE<\/p>\n<p>H\u00f6rerlebnis #76 [07\/11]: &#8222;Die vor allem franz\u00f6sisch gesungenen Songs, ab und an mit schr\u00e4gen englischen Einsprengseln versehen, bewegen sich in einem Spannungsverh\u00e4ltnis zwischen Beat, Garage und Rock-A-Billy und jazzig swingendem Background. Ein abwechslungsreiches, spannendes Album. Bitte mehr!&#8220;<\/p>\n<p>Szene Augsburg [J07\/11]: &#8222;&#8230;die Musiklandkommune Les Quitriche ist auch echt und z\u00fcchtet schon lange Beat-Blumen, die sich mehr oder weniger authentisch anh\u00f6ren, letzteres ist kein Manko. Die dezent anachronistischen Details in den Melodien und im Arrangement machen ihren Sound erst rund, traditionsbewusst und doch modern. In Eurovisonssprache: &#8222;Germany 10 points&#8220;.&#8220;<\/p>\n<p>Stuttgarter Nachrichten [31.01.2011]: &#8222;Les Quitriche machen Sixtiespop mit Schellenkranz, Melodica und allem, was dazugeh\u00f6rt. Sehr charmant klingt dieser Retro-Sound.&#8220;<\/p>\n<p>Cinesoundz [02\/11]: &#8222;&#8230;frenchyness..offensiv gespielt&#8220; &#8222;(live und vinyl tipp)&#8220;<\/p>\n<p>Whatz That Noize [01\/11]: &#8222;aus den 60ern r\u00fcbergebeamter FrankoBeat &#8222;<\/p>\n","protected":false},"excerpt":{"rendered":"<p>Die franz\u00f6sische Gro\u00dffamilie aus Quitriche-en-Auvergne hat Kartoffel\u00e4ckern und H\u00fchnermist den R\u00fccken gekehrt und tr\u00e4gt als \u201eLes Quitriche\u201c franz\u00f6sischen Sixties-Beat, charmante Pop-Songs und ausgesuchte Eigenz\u00fcchtungen in die weite Welt.<\/p>\n<p>Ihr lang erwartetes Album \u201eLa R\u00e9colte\u201c haben Les Quitriche auf der rauen Schw\u00e4bischen Alb, unweit ihrer Wahlheimat Stuttgart, aufgenommen. Herausgekommen sind 14 Perlen des \u201eSixties-Beat fran\u00e7ais\u201c, die den Gainsbourgs, Bardots und Dutroncs die Freudentr\u00e4nen in die Augen treiben. Darunter finden sich f\u00fcnf exquisite Fremdz\u00fcchtungen und neun explizite Eigengew\u00e4chse. Zudem erfreut sowohl beim edlem Vinyl als auch beim kleineren CD-Format das au\u00dfergew\u00f6hnliche monty-pythoneske Artwork die Augen des Liebhabers.<\/p>\n<p>Ackerbau- und Viehzuchtexperten sind sich einig: Les Quitriche haben eine reiche Ernte eingefahren.<br \/>\nUnd wer die acht Quitriches in den letzten Jahren schon live auf der B\u00fchne erlebt hat, wei\u00df, dass die begleitende Deutschland-Tour im Fr\u00fchjahr 2011 ein ganz gro\u00dfes Ereignis wird.<\/p>\n<p>&nbsp;<\/p>\n<p><img decoding=\"async\" src=\"https:\/\/www.allscore.de\/upload\/les_quitriche_lp_500.jpg\" \/><br \/>\nFoto: dierunkel<\/p>\n","protected":false},"featured_media":8020,"template":"","meta":[],"product_brand":[],"product_cat":[49,101,249,153],"product_tag":[],"class_list":{"0":"post-7045","1":"product","2":"type-product","3":"status-publish","4":"has-post-thumbnail","6":"product_cat-bands","7":"product_cat-les-quitriche","8":"product_cat-sonderangebote","9":"product_cat-specials","10":"product_shipping_class-tontraeger-cd","11":"entry","12":"clearfix","13":"entry-grid","14":"entry-columns-3","15":"entry-product-module-layout-sidebar-right","16":"thumbnail-color-tone-dark","17":"entry-product","19":"entry-product-grid","21":"first","22":"instock","23":"sale","24":"taxable","25":"shipping-taxable","26":"purchasable","27":"product-type-simple"},"yoast_head":"<!-- This site is optimized with the Yoast SEO plugin v27.4 - https:\/\/yoast.com\/product\/yoast-seo-wordpress\/ -->\n<title>Les Quitriche - La R\u00e9colte<\/title>\n<meta name=\"description\" content=\"Die franz\u00f6sische Gro\u00dffamilie aus Quitriche-en-Auvergne hat Kartoffel\u00e4ckern und H\u00fchnermist den R\u00fccken gekehrt und tr\u00e4gt als \u201eLes Quitriche\u201c franz\u00f6sischen Sixties-Beat, charmante Pop-Songs und ausgesuchte Eigenz\u00fcchtungen in die weite Welt.  Ihr lang erwartetes Album \u201eLa R\u00e9colte\u201c haben Les Quitriche auf der rauen Schw\u00e4bischen Alb, unweit ihrer Wahlheimat Stuttgart, aufgenommen. Herausgekommen sind 14 Perlen des \u201eSixties-Beat fran\u00e7ais\u201c, die den Gainsbourgs, Bardots und Dutroncs die Freudentr\u00e4nen in die Augen treiben. Darunter finden sich f\u00fcnf exquisite Fremdz\u00fcchtungen und neun explizite Eigengew\u00e4chse. Zudem erfreut sowohl beim edlem Vinyl als auch beim kleineren CD-Format das au\u00dfergew\u00f6hnliche monty-pythoneske Artwork die Augen des Liebhabers.  Ackerbau- und Viehzuchtexperten sind sich einig: Les Quitriche haben eine reiche Ernte eingefahren. Und wer die acht Quitriches in den letzten Jahren schon live auf der B\u00fchne erlebt hat, wei\u00df, dass die begleitende Deutschland-Tour im Fr\u00fchjahr 2011 ein ganz gro\u00dfes Ereignis wird.  &nbsp;   Foto: dierunkel\" \/>\n<meta name=\"robots\" content=\"index, follow, max-snippet:-1, max-image-preview:large, max-video-preview:-1\" \/>\n<link rel=\"canonical\" href=\"https:\/\/www.allscore.de\/shop\/produkt\/la-recolte\/\" \/>\n<meta property=\"og:locale\" content=\"de_DE\" \/>\n<meta property=\"og:type\" content=\"article\" \/>\n<meta property=\"og:title\" content=\"Les Quitriche - La R\u00e9colte\" \/>\n<meta property=\"og:description\" content=\"Die franz\u00f6sische Gro\u00dffamilie aus Quitriche-en-Auvergne hat Kartoffel\u00e4ckern und H\u00fchnermist den R\u00fccken gekehrt und tr\u00e4gt als \u201eLes Quitriche\u201c franz\u00f6sischen Sixties-Beat, charmante Pop-Songs und ausgesuchte Eigenz\u00fcchtungen in die weite Welt.  Ihr lang erwartetes Album \u201eLa R\u00e9colte\u201c haben Les Quitriche auf der rauen Schw\u00e4bischen Alb, unweit ihrer Wahlheimat Stuttgart, aufgenommen. Herausgekommen sind 14 Perlen des \u201eSixties-Beat fran\u00e7ais\u201c, die den Gainsbourgs, Bardots und Dutroncs die Freudentr\u00e4nen in die Augen treiben. Darunter finden sich f\u00fcnf exquisite Fremdz\u00fcchtungen und neun explizite Eigengew\u00e4chse. Zudem erfreut sowohl beim edlem Vinyl als auch beim kleineren CD-Format das au\u00dfergew\u00f6hnliche monty-pythoneske Artwork die Augen des Liebhabers.  Ackerbau- und Viehzuchtexperten sind sich einig: Les Quitriche haben eine reiche Ernte eingefahren. Und wer die acht Quitriches in den letzten Jahren schon live auf der B\u00fchne erlebt hat, wei\u00df, dass die begleitende Deutschland-Tour im Fr\u00fchjahr 2011 ein ganz gro\u00dfes Ereignis wird.  &nbsp;   Foto: dierunkel\" \/>\n<meta property=\"og:url\" content=\"https:\/\/www.allscore.de\/shop\/produkt\/la-recolte\/\" \/>\n<meta property=\"og:site_name\" content=\"Allscore Shop\" \/>\n<meta property=\"article:modified_time\" content=\"2022-11-03T14:38:05+00:00\" \/>\n<meta property=\"og:image\" content=\"https:\/\/www.allscore.de\/shop\/wp-content\/uploads\/2020\/09\/ASM035_1200x1200.jpg\" \/>\n\t<meta property=\"og:image:width\" content=\"1200\" \/>\n\t<meta property=\"og:image:height\" content=\"1200\" \/>\n\t<meta property=\"og:image:type\" content=\"image\/jpeg\" \/>\n<meta name=\"twitter:card\" content=\"summary_large_image\" \/>\n<meta name=\"twitter:label1\" content=\"Gesch\u00e4tzte Lesezeit\" \/>\n\t<meta name=\"twitter:data1\" content=\"1\u00a0Minute\" \/>\n<script type=\"application\/ld+json\" class=\"yoast-schema-graph\">{\"@context\":\"https:\\\/\\\/schema.org\",\"@graph\":[{\"@type\":\"WebPage\",\"@id\":\"https:\\\/\\\/www.allscore.de\\\/shop\\\/produkt\\\/la-recolte\\\/\",\"url\":\"https:\\\/\\\/www.allscore.de\\\/shop\\\/produkt\\\/la-recolte\\\/\",\"name\":\"Les Quitriche - La R\u00e9colte\",\"isPartOf\":{\"@id\":\"https:\\\/\\\/www.allscore.de\\\/shop\\\/#website\"},\"primaryImageOfPage\":{\"@id\":\"https:\\\/\\\/www.allscore.de\\\/shop\\\/produkt\\\/la-recolte\\\/#primaryimage\"},\"image\":{\"@id\":\"https:\\\/\\\/www.allscore.de\\\/shop\\\/produkt\\\/la-recolte\\\/#primaryimage\"},\"thumbnailUrl\":\"https:\\\/\\\/www.allscore.de\\\/shop\\\/wp-content\\\/uploads\\\/2020\\\/09\\\/ASM035_1200x1200.jpg\",\"datePublished\":\"2020-07-11T20:05:48+00:00\",\"dateModified\":\"2022-11-03T14:38:05+00:00\",\"description\":\"Die franz\u00f6sische Gro\u00dffamilie aus Quitriche-en-Auvergne hat Kartoffel\u00e4ckern und H\u00fchnermist den R\u00fccken gekehrt und tr\u00e4gt als \u201eLes Quitriche\u201c franz\u00f6sischen Sixties-Beat, charmante Pop-Songs und ausgesuchte Eigenz\u00fcchtungen in die weite Welt. Ihr lang erwartetes Album \u201eLa R\u00e9colte\u201c haben Les Quitriche auf der rauen Schw\u00e4bischen Alb, unweit ihrer Wahlheimat Stuttgart, aufgenommen. Herausgekommen sind 14 Perlen des \u201eSixties-Beat fran\u00e7ais\u201c, die den Gainsbourgs, Bardots und Dutroncs die Freudentr\u00e4nen in die Augen treiben. Darunter finden sich f\u00fcnf exquisite Fremdz\u00fcchtungen und neun explizite Eigengew\u00e4chse. Zudem erfreut sowohl beim edlem Vinyl als auch beim kleineren CD-Format das au\u00dfergew\u00f6hnliche monty-pythoneske Artwork die Augen des Liebhabers. Ackerbau- und Viehzuchtexperten sind sich einig: Les Quitriche haben eine reiche Ernte eingefahren. Und wer die acht Quitriches in den letzten Jahren schon live auf der B\u00fchne erlebt hat, wei\u00df, dass die begleitende Deutschland-Tour im Fr\u00fchjahr 2011 ein ganz gro\u00dfes Ereignis wird. &nbsp; Foto: dierunkel\",\"breadcrumb\":{\"@id\":\"https:\\\/\\\/www.allscore.de\\\/shop\\\/produkt\\\/la-recolte\\\/#breadcrumb\"},\"inLanguage\":\"de\",\"potentialAction\":[{\"@type\":\"ReadAction\",\"target\":[\"https:\\\/\\\/www.allscore.de\\\/shop\\\/produkt\\\/la-recolte\\\/\"]}]},{\"@type\":\"ImageObject\",\"inLanguage\":\"de\",\"@id\":\"https:\\\/\\\/www.allscore.de\\\/shop\\\/produkt\\\/la-recolte\\\/#primaryimage\",\"url\":\"https:\\\/\\\/www.allscore.de\\\/shop\\\/wp-content\\\/uploads\\\/2020\\\/09\\\/ASM035_1200x1200.jpg\",\"contentUrl\":\"https:\\\/\\\/www.allscore.de\\\/shop\\\/wp-content\\\/uploads\\\/2020\\\/09\\\/ASM035_1200x1200.jpg\",\"width\":1200,\"height\":1200,\"caption\":\"Les Quitriche - La R\u00e9colte\"},{\"@type\":\"BreadcrumbList\",\"@id\":\"https:\\\/\\\/www.allscore.de\\\/shop\\\/produkt\\\/la-recolte\\\/#breadcrumb\",\"itemListElement\":[{\"@type\":\"ListItem\",\"position\":1,\"name\":\"Startseite\",\"item\":\"https:\\\/\\\/www.allscore.de\\\/shop\\\/\"},{\"@type\":\"ListItem\",\"position\":2,\"name\":\"Produkte\",\"item\":\"https:\\\/\\\/www.allscore.de\\\/shop\\\/shop\\\/\"},{\"@type\":\"ListItem\",\"position\":3,\"name\":\"Les Quitriche &#8211; La R\u00e9colte\"}]},{\"@type\":\"WebSite\",\"@id\":\"https:\\\/\\\/www.allscore.de\\\/shop\\\/#website\",\"url\":\"https:\\\/\\\/www.allscore.de\\\/shop\\\/\",\"name\":\"Allscore Shop\",\"description\":\"All Score Media\",\"publisher\":{\"@id\":\"https:\\\/\\\/www.allscore.de\\\/shop\\\/#organization\"},\"potentialAction\":[{\"@type\":\"SearchAction\",\"target\":{\"@type\":\"EntryPoint\",\"urlTemplate\":\"https:\\\/\\\/www.allscore.de\\\/shop\\\/?s={search_term_string}\"},\"query-input\":{\"@type\":\"PropertyValueSpecification\",\"valueRequired\":true,\"valueName\":\"search_term_string\"}}],\"inLanguage\":\"de\"},{\"@type\":\"Organization\",\"@id\":\"https:\\\/\\\/www.allscore.de\\\/shop\\\/#organization\",\"name\":\"All Score Media\",\"alternateName\":\"Allscore\",\"url\":\"https:\\\/\\\/www.allscore.de\\\/shop\\\/\",\"logo\":{\"@type\":\"ImageObject\",\"inLanguage\":\"de\",\"@id\":\"https:\\\/\\\/www.allscore.de\\\/shop\\\/#\\\/schema\\\/logo\\\/image\\\/\",\"url\":\"https:\\\/\\\/www.allscore.de\\\/shop\\\/wp-content\\\/uploads\\\/2026\\\/01\\\/Logo_Yoast_Shop_2026.png\",\"contentUrl\":\"https:\\\/\\\/www.allscore.de\\\/shop\\\/wp-content\\\/uploads\\\/2026\\\/01\\\/Logo_Yoast_Shop_2026.png\",\"width\":696,\"height\":696,\"caption\":\"All Score Media\"},\"image\":{\"@id\":\"https:\\\/\\\/www.allscore.de\\\/shop\\\/#\\\/schema\\\/logo\\\/image\\\/\"}}]}<\/script>\n<!-- \/ Yoast SEO plugin. -->","yoast_head_json":{"title":"Les Quitriche - La R\u00e9colte","description":"Die franz\u00f6sische Gro\u00dffamilie aus Quitriche-en-Auvergne hat Kartoffel\u00e4ckern und H\u00fchnermist den R\u00fccken gekehrt und tr\u00e4gt als \u201eLes Quitriche\u201c franz\u00f6sischen Sixties-Beat, charmante Pop-Songs und ausgesuchte Eigenz\u00fcchtungen in die weite Welt.  Ihr lang erwartetes Album \u201eLa R\u00e9colte\u201c haben Les Quitriche auf der rauen Schw\u00e4bischen Alb, unweit ihrer Wahlheimat Stuttgart, aufgenommen. Herausgekommen sind 14 Perlen des \u201eSixties-Beat fran\u00e7ais\u201c, die den Gainsbourgs, Bardots und Dutroncs die Freudentr\u00e4nen in die Augen treiben. Darunter finden sich f\u00fcnf exquisite Fremdz\u00fcchtungen und neun explizite Eigengew\u00e4chse. Zudem erfreut sowohl beim edlem Vinyl als auch beim kleineren CD-Format das au\u00dfergew\u00f6hnliche monty-pythoneske Artwork die Augen des Liebhabers.  Ackerbau- und Viehzuchtexperten sind sich einig: Les Quitriche haben eine reiche Ernte eingefahren. Und wer die acht Quitriches in den letzten Jahren schon live auf der B\u00fchne erlebt hat, wei\u00df, dass die begleitende Deutschland-Tour im Fr\u00fchjahr 2011 ein ganz gro\u00dfes Ereignis wird.  &nbsp;   Foto: dierunkel","robots":{"index":"index","follow":"follow","max-snippet":"max-snippet:-1","max-image-preview":"max-image-preview:large","max-video-preview":"max-video-preview:-1"},"canonical":"https:\/\/www.allscore.de\/shop\/produkt\/la-recolte\/","og_locale":"de_DE","og_type":"article","og_title":"Les Quitriche - La R\u00e9colte","og_description":"Die franz\u00f6sische Gro\u00dffamilie aus Quitriche-en-Auvergne hat Kartoffel\u00e4ckern und H\u00fchnermist den R\u00fccken gekehrt und tr\u00e4gt als \u201eLes Quitriche\u201c franz\u00f6sischen Sixties-Beat, charmante Pop-Songs und ausgesuchte Eigenz\u00fcchtungen in die weite Welt.  Ihr lang erwartetes Album \u201eLa R\u00e9colte\u201c haben Les Quitriche auf der rauen Schw\u00e4bischen Alb, unweit ihrer Wahlheimat Stuttgart, aufgenommen. Herausgekommen sind 14 Perlen des \u201eSixties-Beat fran\u00e7ais\u201c, die den Gainsbourgs, Bardots und Dutroncs die Freudentr\u00e4nen in die Augen treiben. Darunter finden sich f\u00fcnf exquisite Fremdz\u00fcchtungen und neun explizite Eigengew\u00e4chse. Zudem erfreut sowohl beim edlem Vinyl als auch beim kleineren CD-Format das au\u00dfergew\u00f6hnliche monty-pythoneske Artwork die Augen des Liebhabers.  Ackerbau- und Viehzuchtexperten sind sich einig: Les Quitriche haben eine reiche Ernte eingefahren. Und wer die acht Quitriches in den letzten Jahren schon live auf der B\u00fchne erlebt hat, wei\u00df, dass die begleitende Deutschland-Tour im Fr\u00fchjahr 2011 ein ganz gro\u00dfes Ereignis wird.  &nbsp;   Foto: dierunkel","og_url":"https:\/\/www.allscore.de\/shop\/produkt\/la-recolte\/","og_site_name":"Allscore Shop","article_modified_time":"2022-11-03T14:38:05+00:00","og_image":[{"width":1200,"height":1200,"url":"https:\/\/www.allscore.de\/shop\/wp-content\/uploads\/2020\/09\/ASM035_1200x1200.jpg","type":"image\/jpeg"}],"twitter_card":"summary_large_image","twitter_misc":{"Gesch\u00e4tzte Lesezeit":"1\u00a0Minute"},"schema":{"@context":"https:\/\/schema.org","@graph":[{"@type":"WebPage","@id":"https:\/\/www.allscore.de\/shop\/produkt\/la-recolte\/","url":"https:\/\/www.allscore.de\/shop\/produkt\/la-recolte\/","name":"Les Quitriche - La R\u00e9colte","isPartOf":{"@id":"https:\/\/www.allscore.de\/shop\/#website"},"primaryImageOfPage":{"@id":"https:\/\/www.allscore.de\/shop\/produkt\/la-recolte\/#primaryimage"},"image":{"@id":"https:\/\/www.allscore.de\/shop\/produkt\/la-recolte\/#primaryimage"},"thumbnailUrl":"https:\/\/www.allscore.de\/shop\/wp-content\/uploads\/2020\/09\/ASM035_1200x1200.jpg","datePublished":"2020-07-11T20:05:48+00:00","dateModified":"2022-11-03T14:38:05+00:00","description":"Die franz\u00f6sische Gro\u00dffamilie aus Quitriche-en-Auvergne hat Kartoffel\u00e4ckern und H\u00fchnermist den R\u00fccken gekehrt und tr\u00e4gt als \u201eLes Quitriche\u201c franz\u00f6sischen Sixties-Beat, charmante Pop-Songs und ausgesuchte Eigenz\u00fcchtungen in die weite Welt. Ihr lang erwartetes Album \u201eLa R\u00e9colte\u201c haben Les Quitriche auf der rauen Schw\u00e4bischen Alb, unweit ihrer Wahlheimat Stuttgart, aufgenommen. Herausgekommen sind 14 Perlen des \u201eSixties-Beat fran\u00e7ais\u201c, die den Gainsbourgs, Bardots und Dutroncs die Freudentr\u00e4nen in die Augen treiben. Darunter finden sich f\u00fcnf exquisite Fremdz\u00fcchtungen und neun explizite Eigengew\u00e4chse. Zudem erfreut sowohl beim edlem Vinyl als auch beim kleineren CD-Format das au\u00dfergew\u00f6hnliche monty-pythoneske Artwork die Augen des Liebhabers. Ackerbau- und Viehzuchtexperten sind sich einig: Les Quitriche haben eine reiche Ernte eingefahren. Und wer die acht Quitriches in den letzten Jahren schon live auf der B\u00fchne erlebt hat, wei\u00df, dass die begleitende Deutschland-Tour im Fr\u00fchjahr 2011 ein ganz gro\u00dfes Ereignis wird. &nbsp; Foto: dierunkel","breadcrumb":{"@id":"https:\/\/www.allscore.de\/shop\/produkt\/la-recolte\/#breadcrumb"},"inLanguage":"de","potentialAction":[{"@type":"ReadAction","target":["https:\/\/www.allscore.de\/shop\/produkt\/la-recolte\/"]}]},{"@type":"ImageObject","inLanguage":"de","@id":"https:\/\/www.allscore.de\/shop\/produkt\/la-recolte\/#primaryimage","url":"https:\/\/www.allscore.de\/shop\/wp-content\/uploads\/2020\/09\/ASM035_1200x1200.jpg","contentUrl":"https:\/\/www.allscore.de\/shop\/wp-content\/uploads\/2020\/09\/ASM035_1200x1200.jpg","width":1200,"height":1200,"caption":"Les Quitriche - La R\u00e9colte"},{"@type":"BreadcrumbList","@id":"https:\/\/www.allscore.de\/shop\/produkt\/la-recolte\/#breadcrumb","itemListElement":[{"@type":"ListItem","position":1,"name":"Startseite","item":"https:\/\/www.allscore.de\/shop\/"},{"@type":"ListItem","position":2,"name":"Produkte","item":"https:\/\/www.allscore.de\/shop\/shop\/"},{"@type":"ListItem","position":3,"name":"Les Quitriche &#8211; La R\u00e9colte"}]},{"@type":"WebSite","@id":"https:\/\/www.allscore.de\/shop\/#website","url":"https:\/\/www.allscore.de\/shop\/","name":"Allscore Shop","description":"All Score Media","publisher":{"@id":"https:\/\/www.allscore.de\/shop\/#organization"},"potentialAction":[{"@type":"SearchAction","target":{"@type":"EntryPoint","urlTemplate":"https:\/\/www.allscore.de\/shop\/?s={search_term_string}"},"query-input":{"@type":"PropertyValueSpecification","valueRequired":true,"valueName":"search_term_string"}}],"inLanguage":"de"},{"@type":"Organization","@id":"https:\/\/www.allscore.de\/shop\/#organization","name":"All Score Media","alternateName":"Allscore","url":"https:\/\/www.allscore.de\/shop\/","logo":{"@type":"ImageObject","inLanguage":"de","@id":"https:\/\/www.allscore.de\/shop\/#\/schema\/logo\/image\/","url":"https:\/\/www.allscore.de\/shop\/wp-content\/uploads\/2026\/01\/Logo_Yoast_Shop_2026.png","contentUrl":"https:\/\/www.allscore.de\/shop\/wp-content\/uploads\/2026\/01\/Logo_Yoast_Shop_2026.png","width":696,"height":696,"caption":"All Score Media"},"image":{"@id":"https:\/\/www.allscore.de\/shop\/#\/schema\/logo\/image\/"}}]}},"_links":{"self":[{"href":"https:\/\/www.allscore.de\/shop\/wp-json\/wp\/v2\/product\/7045","targetHints":{"allow":["GET"]}}],"collection":[{"href":"https:\/\/www.allscore.de\/shop\/wp-json\/wp\/v2\/product"}],"about":[{"href":"https:\/\/www.allscore.de\/shop\/wp-json\/wp\/v2\/types\/product"}],"wp:featuredmedia":[{"embeddable":true,"href":"https:\/\/www.allscore.de\/shop\/wp-json\/wp\/v2\/media\/8020"}],"wp:attachment":[{"href":"https:\/\/www.allscore.de\/shop\/wp-json\/wp\/v2\/media?parent=7045"}],"wp:term":[{"taxonomy":"product_brand","embeddable":true,"href":"https:\/\/www.allscore.de\/shop\/wp-json\/wp\/v2\/product_brand?post=7045"},{"taxonomy":"product_cat","embeddable":true,"href":"https:\/\/www.allscore.de\/shop\/wp-json\/wp\/v2\/product_cat?post=7045"},{"taxonomy":"product_tag","embeddable":true,"href":"https:\/\/www.allscore.de\/shop\/wp-json\/wp\/v2\/product_tag?post=7045"}],"curies":[{"name":"wp","href":"https:\/\/api.w.org\/{rel}","templated":true}]}}