{"id":6984,"date":"2018-07-07T18:43:23","date_gmt":"2018-07-07T16:43:23","guid":{"rendered":"https:\/\/www.allscore.de\/shop\/?post_type=product&#038;p=6984"},"modified":"2026-02-12T08:12:23","modified_gmt":"2026-02-12T07:12:23","slug":"the-kilaueas-touch-my-alien","status":"publish","type":"product","link":"https:\/\/www.allscore.de\/shop\/produkt\/the-kilaueas-touch-my-alien\/","title":{"rendered":"The Kilaueas &#8211; Touch My Alien"},"content":{"rendered":"<p>PRESSE<\/p>\n<p>H\u00f6rerlebnis, Thomas Neumann [M\u00e4rz 19]: &#8222;Sie spielen, als h\u00e4tten sie Kontakt mit Au\u00dferirdischen gehabt&#8230; Diesmal ist es ein bisschen mehr Space-Sound, vielleicht ist man sogar etwas psychedelischer geworden. Geblieben ist der fulminante Gitarrensound, der an die Ventures erinnert&#8230; Super Sound auf Vinyl, exzellente Pressung.&#8220;<\/p>\n<p>LIFT, Anke Bauer [Okt. 18]: &#8222;Da schl\u00e4gt der Forecast aus und die Wellen-Seismographen zittern: Was die Berliner Surf-Kombo zu ihrem 20-j\u00e4hrigen B\u00fchnenjubil\u00e4um da raushaut, ist ein Fest. Ein atmosph\u00e4rischer Ritt auf rhythmisch perfekt brechenden Wellen. Mit Sonnenstrahlen im Genick und guten Moods im Herzen. Wohl wissend wie der Abend im gl\u00fchenden Schlund des Sixties-Instrumental-Surf verlaufen wird: laut, wild und hei\u00df! Dazu eine gesunde Portion Hangloose- Attit\u00fcde und einfach mittragen lassen&#8230;&#8220;<\/p>\n<p>Glitterhouse Mailorder, Joe Whirlypop [Nov. 18]: &#8222;Das Werk finde ich rundum gelungen: mit perfektem Artwork, authentisch klassischem Sound (pr\u00e4zise auf den Punkt produziert) und die 17 Songs haben klassisches Flair, Vintage-Drive und durchaus auch beachtliche Eing\u00e4ngigkeit.&#8220;<\/p>\n<p><a href=\"http:\/\/www.pipelinemag.co.uk\/\" target=\"parent\" rel=\"noopener noreferrer\">Pipeline Magazine<\/a> [Winter 2018]: &#8222;This is a four-piece guitar band playing reverb surf music with a real feel for its &#8217;60s roots. Their guitar sound is great and their tunes sparkle with originality.&#8220;<\/p>\n<p><a href=\"http:\/\/frankiepoolboy.blogspot.com\/2018\/11\/p.html\" target=\"parent\" rel=\"noopener noreferrer\">Frankiepoolboy<\/a> [Nov. 2018]: &#8222;A new Kilaueas album is always an anticipated and warmly greeted event.\u00a0 (&#8230;) This album is a blast!&#8220;<\/p>\n<p><a href=\"http:\/\/www.stormsurgeofreverb.com\/content\/kilaueas-touch-my-alien\" target=\"parent\" rel=\"noopener noreferrer\">Storm Surge Of Reverb<\/a> [Nov. 2018]: &#8222;It\u2019s very listenable the whole way through and never really drags. If you\u2019re already a Kilaueas fan I think you\u2019ll love this. If they never did much for you, I\u2019d give them another shot with this one.&#8220;<\/p>\n<div class=\"brlbs-cmpnt-container brlbs-cmpnt-content-blocker brlbs-cmpnt-with-individual-styles\" data-borlabs-cookie-content-blocker-id=\"youtube-content-blocker\" data-borlabs-cookie-content=\"PGlmcmFtZSB0aXRsZT0iVEhFIEtJTEFVRUFTISBUaGUgTWVuIGZyb20gTS4gRS4gTi4gUy4gQy4gSC4gT2ZmaWNpYWwgVmlkZW8iIHdpZHRoPSI1MDAiIGhlaWdodD0iMjgxIiBzcmM9Imh0dHBzOi8vd3d3LnlvdXR1YmUtbm9jb29raWUuY29tL2VtYmVkL21JQnBSOC1yLWVZP2ZlYXR1cmU9b2VtYmVkIiBmcmFtZWJvcmRlcj0iMCIgYWxsb3c9ImFjY2VsZXJvbWV0ZXI7IGF1dG9wbGF5OyBjbGlwYm9hcmQtd3JpdGU7IGVuY3J5cHRlZC1tZWRpYTsgZ3lyb3Njb3BlOyBwaWN0dXJlLWluLXBpY3R1cmU7IHdlYi1zaGFyZSIgcmVmZXJyZXJwb2xpY3k9InN0cmljdC1vcmlnaW4td2hlbi1jcm9zcy1vcmlnaW4iIGFsbG93ZnVsbHNjcmVlbj48L2lmcmFtZT4=\">\n<div class=\"brlbs-cmpnt-cb-preset-c brlbs-cmpnt-cb-youtube\">\n<div class=\"brlbs-cmpnt-cb-thumbnail\" style=\"background-image: url('https:\/\/www.allscore.de\/shop\/wp-content\/uploads\/borlabs-cookie\/1\/yt_mIBpR8-r-eY_hqdefault.jpg')\"><\/div>\n<div class=\"brlbs-cmpnt-cb-main\">\n<div class=\"brlbs-cmpnt-cb-play-button\"><\/div>\n<div class=\"brlbs-cmpnt-cb-content\">\n<p class=\"brlbs-cmpnt-cb-description\">Sie sehen gerade einen Platzhalterinhalt von <strong>YouTube<\/strong>. Um auf den eigentlichen Inhalt zuzugreifen, klicken Sie auf die Schaltfl\u00e4che unten. Bitte beachten Sie, dass dabei Daten an Drittanbieter weitergegeben werden.<\/p>\n<p> <a class=\"brlbs-cmpnt-cb-provider-toggle\" href=\"#\" data-borlabs-cookie-show-provider-information role=\"button\">Mehr Informationen<\/a> <\/div>\n<div class=\"brlbs-cmpnt-cb-buttons\"> <a class=\"brlbs-cmpnt-cb-btn\" href=\"#\" data-borlabs-cookie-unblock role=\"button\">Inhalt entsperren<\/a> <a class=\"brlbs-cmpnt-cb-btn\" href=\"#\" data-borlabs-cookie-accept-service role=\"button\" style=\"display: inherit\">Erforderlichen Service akzeptieren und Inhalte entsperren<\/a> <\/div><\/div><\/div>\n<\/div>\n","protected":false},"excerpt":{"rendered":"<p>Die Berliner THE KILAUEAS feiern 2018 mit ihrem f\u00fcnften Studioalbum TOUCH MY ALIEN nebenbei auch ihr 20j\u00e4hriges Bestehen. Seit sie 1998 erstmals im Proberaum und auf der B\u00fchne standen, begl\u00fccken sie uns mit Ihrem zeitlosen Instrumental-Surfsound, den sie mit viel schr\u00e4gem Humor erg\u00e4nzen.<br \/>\nTOUCH MY ALIEN f\u00fchrt die KILAUEAS diesmal in den Weltraum (\u201eThe Ace of Space\u201c, \u201eTouch my Alien\u201c\u2026), daneben gibt es Ausfl\u00fcge Richtung Spaghetti Western oder Rockabilly etc.<br \/>\nDie auf 500 St\u00fcck limitierte 180g-Vinyl-LP beinhaltet einen Downloadcode. Bei den 17 Tracks handelt es sich wie immer um Eigenkompositionen, lediglich \u201eGetaway Board\u201c und die Traditionals \u201ePe Langa Plopii Fara Sot\u201c sowie \u201eSanta Cruz&#8220; sind anderen Ursprungs.<\/p>\n","protected":false},"featured_media":8011,"template":"","meta":[],"product_brand":[],"product_cat":[49,100],"product_tag":[233],"class_list":{"0":"post-6984","1":"product","2":"type-product","3":"status-publish","4":"has-post-thumbnail","6":"product_cat-bands","7":"product_cat-the-kilaueas","8":"product_tag-surf","9":"product_shipping_class-tontraeger-schallplatte","10":"entry","11":"clearfix","12":"entry-grid","13":"entry-columns-3","14":"entry-product-module-layout-sidebar-right","15":"thumbnail-color-tone-dark","16":"is-youtube","17":"entry-product","19":"entry-product-grid","21":"first","22":"instock","23":"taxable","24":"shipping-taxable","25":"purchasable","26":"product-type-simple"},"yoast_head":"<!-- This site is optimized with the Yoast SEO plugin v27.4 - https:\/\/yoast.com\/product\/yoast-seo-wordpress\/ -->\n<title>The Kilaueas - Touch My Alien<\/title>\n<meta name=\"description\" content=\"Die Berliner THE KILAUEAS feiern 2018 mit ihrem f\u00fcnften Studioalbum TOUCH MY ALIEN nebenbei auch ihr 20j\u00e4hriges Bestehen. Seit sie 1998 erstmals im Proberaum und auf der B\u00fchne standen, begl\u00fccken sie uns mit Ihrem zeitlosen Instrumental-Surfsound, den sie mit viel schr\u00e4gem Humor erg\u00e4nzen. TOUCH MY ALIEN f\u00fchrt die KILAUEAS diesmal in den Weltraum (\u201eThe Ace of Space\u201c, \u201eTouch my Alien\u201c\u2026), daneben gibt es Ausfl\u00fcge Richtung Spaghetti Western oder Rockabilly etc. Die auf 500 St\u00fcck limitierte 180g-Vinyl-LP beinhaltet einen Downloadcode. Bei den 17 Tracks handelt es sich wie immer um Eigenkompositionen, lediglich \u201eGetaway Board\u201c und die Traditionals \u201ePe Langa Plopii Fara Sot\u201c sowie \u201eSanta Cruz&quot; sind anderen Ursprungs.\" \/>\n<meta name=\"robots\" content=\"index, follow, max-snippet:-1, max-image-preview:large, max-video-preview:-1\" \/>\n<link rel=\"canonical\" href=\"https:\/\/www.allscore.de\/shop\/produkt\/the-kilaueas-touch-my-alien\/\" \/>\n<meta property=\"og:locale\" content=\"de_DE\" \/>\n<meta property=\"og:type\" content=\"article\" \/>\n<meta property=\"og:title\" content=\"The Kilaueas - Touch My Alien\" \/>\n<meta property=\"og:description\" content=\"Die Berliner THE KILAUEAS feiern 2018 mit ihrem f\u00fcnften Studioalbum TOUCH MY ALIEN nebenbei auch ihr 20j\u00e4hriges Bestehen. Seit sie 1998 erstmals im Proberaum und auf der B\u00fchne standen, begl\u00fccken sie uns mit Ihrem zeitlosen Instrumental-Surfsound, den sie mit viel schr\u00e4gem Humor erg\u00e4nzen. TOUCH MY ALIEN f\u00fchrt die KILAUEAS diesmal in den Weltraum (\u201eThe Ace of Space\u201c, \u201eTouch my Alien\u201c\u2026), daneben gibt es Ausfl\u00fcge Richtung Spaghetti Western oder Rockabilly etc. Die auf 500 St\u00fcck limitierte 180g-Vinyl-LP beinhaltet einen Downloadcode. Bei den 17 Tracks handelt es sich wie immer um Eigenkompositionen, lediglich \u201eGetaway Board\u201c und die Traditionals \u201ePe Langa Plopii Fara Sot\u201c sowie \u201eSanta Cruz&quot; sind anderen Ursprungs.\" \/>\n<meta property=\"og:url\" content=\"https:\/\/www.allscore.de\/shop\/produkt\/the-kilaueas-touch-my-alien\/\" \/>\n<meta property=\"og:site_name\" content=\"Allscore Shop\" \/>\n<meta property=\"article:modified_time\" content=\"2026-02-12T07:12:23+00:00\" \/>\n<meta property=\"og:image\" content=\"https:\/\/www.allscore.de\/shop\/wp-content\/uploads\/2020\/09\/ASM046_1200x1200.jpg\" \/>\n\t<meta property=\"og:image:width\" content=\"1200\" \/>\n\t<meta property=\"og:image:height\" content=\"1200\" \/>\n\t<meta property=\"og:image:type\" content=\"image\/jpeg\" \/>\n<meta name=\"twitter:card\" content=\"summary_large_image\" \/>\n<meta name=\"twitter:label1\" content=\"Gesch\u00e4tzte Lesezeit\" \/>\n\t<meta name=\"twitter:data1\" content=\"2\u00a0Minuten\" \/>\n<script type=\"application\/ld+json\" class=\"yoast-schema-graph\">{\"@context\":\"https:\\\/\\\/schema.org\",\"@graph\":[{\"@type\":\"WebPage\",\"@id\":\"https:\\\/\\\/www.allscore.de\\\/shop\\\/produkt\\\/the-kilaueas-touch-my-alien\\\/\",\"url\":\"https:\\\/\\\/www.allscore.de\\\/shop\\\/produkt\\\/the-kilaueas-touch-my-alien\\\/\",\"name\":\"The Kilaueas - Touch My Alien\",\"isPartOf\":{\"@id\":\"https:\\\/\\\/www.allscore.de\\\/shop\\\/#website\"},\"primaryImageOfPage\":{\"@id\":\"https:\\\/\\\/www.allscore.de\\\/shop\\\/produkt\\\/the-kilaueas-touch-my-alien\\\/#primaryimage\"},\"image\":{\"@id\":\"https:\\\/\\\/www.allscore.de\\\/shop\\\/produkt\\\/the-kilaueas-touch-my-alien\\\/#primaryimage\"},\"thumbnailUrl\":\"https:\\\/\\\/www.allscore.de\\\/shop\\\/wp-content\\\/uploads\\\/2020\\\/09\\\/ASM046_1200x1200.jpg\",\"datePublished\":\"2018-07-07T16:43:23+00:00\",\"dateModified\":\"2026-02-12T07:12:23+00:00\",\"description\":\"Die Berliner THE KILAUEAS feiern 2018 mit ihrem f\u00fcnften Studioalbum TOUCH MY ALIEN nebenbei auch ihr 20j\u00e4hriges Bestehen. Seit sie 1998 erstmals im Proberaum und auf der B\u00fchne standen, begl\u00fccken sie uns mit Ihrem zeitlosen Instrumental-Surfsound, den sie mit viel schr\u00e4gem Humor erg\u00e4nzen. TOUCH MY ALIEN f\u00fchrt die KILAUEAS diesmal in den Weltraum (\u201eThe Ace of Space\u201c, \u201eTouch my Alien\u201c\u2026), daneben gibt es Ausfl\u00fcge Richtung Spaghetti Western oder Rockabilly etc. Die auf 500 St\u00fcck limitierte 180g-Vinyl-LP beinhaltet einen Downloadcode. Bei den 17 Tracks handelt es sich wie immer um Eigenkompositionen, lediglich \u201eGetaway Board\u201c und die Traditionals \u201ePe Langa Plopii Fara Sot\u201c sowie \u201eSanta Cruz\\\" sind anderen Ursprungs.\",\"breadcrumb\":{\"@id\":\"https:\\\/\\\/www.allscore.de\\\/shop\\\/produkt\\\/the-kilaueas-touch-my-alien\\\/#breadcrumb\"},\"inLanguage\":\"de\",\"potentialAction\":[{\"@type\":\"ReadAction\",\"target\":[\"https:\\\/\\\/www.allscore.de\\\/shop\\\/produkt\\\/the-kilaueas-touch-my-alien\\\/\"]}]},{\"@type\":\"ImageObject\",\"inLanguage\":\"de\",\"@id\":\"https:\\\/\\\/www.allscore.de\\\/shop\\\/produkt\\\/the-kilaueas-touch-my-alien\\\/#primaryimage\",\"url\":\"https:\\\/\\\/www.allscore.de\\\/shop\\\/wp-content\\\/uploads\\\/2020\\\/09\\\/ASM046_1200x1200.jpg\",\"contentUrl\":\"https:\\\/\\\/www.allscore.de\\\/shop\\\/wp-content\\\/uploads\\\/2020\\\/09\\\/ASM046_1200x1200.jpg\",\"width\":1200,\"height\":1200,\"caption\":\"The Kilaueas - Touch My Alien\"},{\"@type\":\"BreadcrumbList\",\"@id\":\"https:\\\/\\\/www.allscore.de\\\/shop\\\/produkt\\\/the-kilaueas-touch-my-alien\\\/#breadcrumb\",\"itemListElement\":[{\"@type\":\"ListItem\",\"position\":1,\"name\":\"Startseite\",\"item\":\"https:\\\/\\\/www.allscore.de\\\/shop\\\/\"},{\"@type\":\"ListItem\",\"position\":2,\"name\":\"Produkte\",\"item\":\"https:\\\/\\\/www.allscore.de\\\/shop\\\/shop\\\/\"},{\"@type\":\"ListItem\",\"position\":3,\"name\":\"The Kilaueas &#8211; Touch My Alien\"}]},{\"@type\":\"WebSite\",\"@id\":\"https:\\\/\\\/www.allscore.de\\\/shop\\\/#website\",\"url\":\"https:\\\/\\\/www.allscore.de\\\/shop\\\/\",\"name\":\"Allscore Shop\",\"description\":\"All Score Media\",\"publisher\":{\"@id\":\"https:\\\/\\\/www.allscore.de\\\/shop\\\/#organization\"},\"potentialAction\":[{\"@type\":\"SearchAction\",\"target\":{\"@type\":\"EntryPoint\",\"urlTemplate\":\"https:\\\/\\\/www.allscore.de\\\/shop\\\/?s={search_term_string}\"},\"query-input\":{\"@type\":\"PropertyValueSpecification\",\"valueRequired\":true,\"valueName\":\"search_term_string\"}}],\"inLanguage\":\"de\"},{\"@type\":\"Organization\",\"@id\":\"https:\\\/\\\/www.allscore.de\\\/shop\\\/#organization\",\"name\":\"All Score Media\",\"alternateName\":\"Allscore\",\"url\":\"https:\\\/\\\/www.allscore.de\\\/shop\\\/\",\"logo\":{\"@type\":\"ImageObject\",\"inLanguage\":\"de\",\"@id\":\"https:\\\/\\\/www.allscore.de\\\/shop\\\/#\\\/schema\\\/logo\\\/image\\\/\",\"url\":\"https:\\\/\\\/www.allscore.de\\\/shop\\\/wp-content\\\/uploads\\\/2026\\\/01\\\/Logo_Yoast_Shop_2026.png\",\"contentUrl\":\"https:\\\/\\\/www.allscore.de\\\/shop\\\/wp-content\\\/uploads\\\/2026\\\/01\\\/Logo_Yoast_Shop_2026.png\",\"width\":696,\"height\":696,\"caption\":\"All Score Media\"},\"image\":{\"@id\":\"https:\\\/\\\/www.allscore.de\\\/shop\\\/#\\\/schema\\\/logo\\\/image\\\/\"}}]}<\/script>\n<!-- \/ Yoast SEO plugin. -->","yoast_head_json":{"title":"The Kilaueas - Touch My Alien","description":"Die Berliner THE KILAUEAS feiern 2018 mit ihrem f\u00fcnften Studioalbum TOUCH MY ALIEN nebenbei auch ihr 20j\u00e4hriges Bestehen. Seit sie 1998 erstmals im Proberaum und auf der B\u00fchne standen, begl\u00fccken sie uns mit Ihrem zeitlosen Instrumental-Surfsound, den sie mit viel schr\u00e4gem Humor erg\u00e4nzen. TOUCH MY ALIEN f\u00fchrt die KILAUEAS diesmal in den Weltraum (\u201eThe Ace of Space\u201c, \u201eTouch my Alien\u201c\u2026), daneben gibt es Ausfl\u00fcge Richtung Spaghetti Western oder Rockabilly etc. Die auf 500 St\u00fcck limitierte 180g-Vinyl-LP beinhaltet einen Downloadcode. Bei den 17 Tracks handelt es sich wie immer um Eigenkompositionen, lediglich \u201eGetaway Board\u201c und die Traditionals \u201ePe Langa Plopii Fara Sot\u201c sowie \u201eSanta Cruz\" sind anderen Ursprungs.","robots":{"index":"index","follow":"follow","max-snippet":"max-snippet:-1","max-image-preview":"max-image-preview:large","max-video-preview":"max-video-preview:-1"},"canonical":"https:\/\/www.allscore.de\/shop\/produkt\/the-kilaueas-touch-my-alien\/","og_locale":"de_DE","og_type":"article","og_title":"The Kilaueas - Touch My Alien","og_description":"Die Berliner THE KILAUEAS feiern 2018 mit ihrem f\u00fcnften Studioalbum TOUCH MY ALIEN nebenbei auch ihr 20j\u00e4hriges Bestehen. Seit sie 1998 erstmals im Proberaum und auf der B\u00fchne standen, begl\u00fccken sie uns mit Ihrem zeitlosen Instrumental-Surfsound, den sie mit viel schr\u00e4gem Humor erg\u00e4nzen. TOUCH MY ALIEN f\u00fchrt die KILAUEAS diesmal in den Weltraum (\u201eThe Ace of Space\u201c, \u201eTouch my Alien\u201c\u2026), daneben gibt es Ausfl\u00fcge Richtung Spaghetti Western oder Rockabilly etc. Die auf 500 St\u00fcck limitierte 180g-Vinyl-LP beinhaltet einen Downloadcode. Bei den 17 Tracks handelt es sich wie immer um Eigenkompositionen, lediglich \u201eGetaway Board\u201c und die Traditionals \u201ePe Langa Plopii Fara Sot\u201c sowie \u201eSanta Cruz\" sind anderen Ursprungs.","og_url":"https:\/\/www.allscore.de\/shop\/produkt\/the-kilaueas-touch-my-alien\/","og_site_name":"Allscore Shop","article_modified_time":"2026-02-12T07:12:23+00:00","og_image":[{"width":1200,"height":1200,"url":"https:\/\/www.allscore.de\/shop\/wp-content\/uploads\/2020\/09\/ASM046_1200x1200.jpg","type":"image\/jpeg"}],"twitter_card":"summary_large_image","twitter_misc":{"Gesch\u00e4tzte Lesezeit":"2\u00a0Minuten"},"schema":{"@context":"https:\/\/schema.org","@graph":[{"@type":"WebPage","@id":"https:\/\/www.allscore.de\/shop\/produkt\/the-kilaueas-touch-my-alien\/","url":"https:\/\/www.allscore.de\/shop\/produkt\/the-kilaueas-touch-my-alien\/","name":"The Kilaueas - Touch My Alien","isPartOf":{"@id":"https:\/\/www.allscore.de\/shop\/#website"},"primaryImageOfPage":{"@id":"https:\/\/www.allscore.de\/shop\/produkt\/the-kilaueas-touch-my-alien\/#primaryimage"},"image":{"@id":"https:\/\/www.allscore.de\/shop\/produkt\/the-kilaueas-touch-my-alien\/#primaryimage"},"thumbnailUrl":"https:\/\/www.allscore.de\/shop\/wp-content\/uploads\/2020\/09\/ASM046_1200x1200.jpg","datePublished":"2018-07-07T16:43:23+00:00","dateModified":"2026-02-12T07:12:23+00:00","description":"Die Berliner THE KILAUEAS feiern 2018 mit ihrem f\u00fcnften Studioalbum TOUCH MY ALIEN nebenbei auch ihr 20j\u00e4hriges Bestehen. Seit sie 1998 erstmals im Proberaum und auf der B\u00fchne standen, begl\u00fccken sie uns mit Ihrem zeitlosen Instrumental-Surfsound, den sie mit viel schr\u00e4gem Humor erg\u00e4nzen. TOUCH MY ALIEN f\u00fchrt die KILAUEAS diesmal in den Weltraum (\u201eThe Ace of Space\u201c, \u201eTouch my Alien\u201c\u2026), daneben gibt es Ausfl\u00fcge Richtung Spaghetti Western oder Rockabilly etc. Die auf 500 St\u00fcck limitierte 180g-Vinyl-LP beinhaltet einen Downloadcode. Bei den 17 Tracks handelt es sich wie immer um Eigenkompositionen, lediglich \u201eGetaway Board\u201c und die Traditionals \u201ePe Langa Plopii Fara Sot\u201c sowie \u201eSanta Cruz\" sind anderen Ursprungs.","breadcrumb":{"@id":"https:\/\/www.allscore.de\/shop\/produkt\/the-kilaueas-touch-my-alien\/#breadcrumb"},"inLanguage":"de","potentialAction":[{"@type":"ReadAction","target":["https:\/\/www.allscore.de\/shop\/produkt\/the-kilaueas-touch-my-alien\/"]}]},{"@type":"ImageObject","inLanguage":"de","@id":"https:\/\/www.allscore.de\/shop\/produkt\/the-kilaueas-touch-my-alien\/#primaryimage","url":"https:\/\/www.allscore.de\/shop\/wp-content\/uploads\/2020\/09\/ASM046_1200x1200.jpg","contentUrl":"https:\/\/www.allscore.de\/shop\/wp-content\/uploads\/2020\/09\/ASM046_1200x1200.jpg","width":1200,"height":1200,"caption":"The Kilaueas - Touch My Alien"},{"@type":"BreadcrumbList","@id":"https:\/\/www.allscore.de\/shop\/produkt\/the-kilaueas-touch-my-alien\/#breadcrumb","itemListElement":[{"@type":"ListItem","position":1,"name":"Startseite","item":"https:\/\/www.allscore.de\/shop\/"},{"@type":"ListItem","position":2,"name":"Produkte","item":"https:\/\/www.allscore.de\/shop\/shop\/"},{"@type":"ListItem","position":3,"name":"The Kilaueas &#8211; Touch My Alien"}]},{"@type":"WebSite","@id":"https:\/\/www.allscore.de\/shop\/#website","url":"https:\/\/www.allscore.de\/shop\/","name":"Allscore Shop","description":"All Score Media","publisher":{"@id":"https:\/\/www.allscore.de\/shop\/#organization"},"potentialAction":[{"@type":"SearchAction","target":{"@type":"EntryPoint","urlTemplate":"https:\/\/www.allscore.de\/shop\/?s={search_term_string}"},"query-input":{"@type":"PropertyValueSpecification","valueRequired":true,"valueName":"search_term_string"}}],"inLanguage":"de"},{"@type":"Organization","@id":"https:\/\/www.allscore.de\/shop\/#organization","name":"All Score Media","alternateName":"Allscore","url":"https:\/\/www.allscore.de\/shop\/","logo":{"@type":"ImageObject","inLanguage":"de","@id":"https:\/\/www.allscore.de\/shop\/#\/schema\/logo\/image\/","url":"https:\/\/www.allscore.de\/shop\/wp-content\/uploads\/2026\/01\/Logo_Yoast_Shop_2026.png","contentUrl":"https:\/\/www.allscore.de\/shop\/wp-content\/uploads\/2026\/01\/Logo_Yoast_Shop_2026.png","width":696,"height":696,"caption":"All Score Media"},"image":{"@id":"https:\/\/www.allscore.de\/shop\/#\/schema\/logo\/image\/"}}]}},"_links":{"self":[{"href":"https:\/\/www.allscore.de\/shop\/wp-json\/wp\/v2\/product\/6984","targetHints":{"allow":["GET"]}}],"collection":[{"href":"https:\/\/www.allscore.de\/shop\/wp-json\/wp\/v2\/product"}],"about":[{"href":"https:\/\/www.allscore.de\/shop\/wp-json\/wp\/v2\/types\/product"}],"wp:featuredmedia":[{"embeddable":true,"href":"https:\/\/www.allscore.de\/shop\/wp-json\/wp\/v2\/media\/8011"}],"wp:attachment":[{"href":"https:\/\/www.allscore.de\/shop\/wp-json\/wp\/v2\/media?parent=6984"}],"wp:term":[{"taxonomy":"product_brand","embeddable":true,"href":"https:\/\/www.allscore.de\/shop\/wp-json\/wp\/v2\/product_brand?post=6984"},{"taxonomy":"product_cat","embeddable":true,"href":"https:\/\/www.allscore.de\/shop\/wp-json\/wp\/v2\/product_cat?post=6984"},{"taxonomy":"product_tag","embeddable":true,"href":"https:\/\/www.allscore.de\/shop\/wp-json\/wp\/v2\/product_tag?post=6984"}],"curies":[{"name":"wp","href":"https:\/\/api.w.org\/{rel}","templated":true}]}}