{"id":6870,"date":"2020-11-06T15:40:33","date_gmt":"2020-11-06T14:40:33","guid":{"rendered":"https:\/\/www.allscore.de\/shop\/?post_type=product&#038;p=6870"},"modified":"2025-10-24T19:13:23","modified_gmt":"2025-10-24T17:13:23","slug":"charlie-chan-6-hueter-der-schluessel","status":"publish","type":"product","link":"https:\/\/www.allscore.de\/shop\/produkt\/charlie-chan-6-hueter-der-schluessel\/","title":{"rendered":"Charlie Chan 6: H\u00fcter der Schl\u00fcssel"},"content":{"rendered":"<p>Ein H\u00f6rspiel nach dem Roman &#8218;KEEPER OF THE KEYS&#8216; (1932) von Earl Derr Biggers.<\/p>\n<p>Charlie Chan: Bodo Wolf<br \/>\nEllen Landini: Sabine Arnhold<br \/>\nMichael Ireland: Peter Flechtner<br \/>\nDudley Ward: Klaus-Peter Grap<br \/>\nJohn Ryder: Udo Schenk<br \/>\nDr. Frederic Swan: Lutz Mackensy<br \/>\nLuis Romano: J\u00f6rg Hengstler<br \/>\nHugh Beaton: Michael Pink<br \/>\nAh Sing: Georg Tryphon<br \/>\nCecile: Laurine Betz<\/p>\n<p>Regie und Produktion: Gerd Naumann \/ All Score Media<br \/>\nBuch: Marc Freund<br \/>\nMusik: Christian Bluthardt<br \/>\nSounddesign, Mischung &amp; Master: Tom Steinbrecher<\/p>\n","protected":false},"excerpt":{"rendered":"<p>Charlie Chan folgt einer Einladung an den verschneiten Lake Tahoe. Ein Mann namens Dudley Ward hat dort zu einer seltsamen Gesellschaft gebeten. In seinem einsamen Haus am See finden sich unter anderem drei M\u00e4nner ein, die mit ihm ein Schicksal teilen: Sie alle waren einst mit Ellen Landini verheiratet, einer ber\u00fchmten Operns\u00e4ngerin. Keiner der G\u00e4ste ist gut auf die Dame zu sprechen. Dann offenbart Ward den Clou des Abends: Ellen Landini taucht als \u00dcberraschungsgast auf. Damit ist Unheil vorprogrammiert. Und das l\u00e4sst nicht lange auf sich warten.<\/p>\n","protected":false},"featured_media":8010,"template":"","meta":[],"product_brand":[],"product_cat":[73,72],"product_tag":[],"class_list":{"0":"post-6870","1":"product","2":"type-product","3":"status-publish","4":"has-post-thumbnail","6":"product_cat-charlie-chan","7":"product_cat-hoerspiele","8":"product_shipping_class-tontraeger-cd","9":"entry","10":"clearfix","11":"entry-grid","12":"entry-columns-3","13":"entry-product-module-layout-sidebar-right","14":"thumbnail-color-tone-dark","15":"entry-product","17":"entry-product-grid","19":"first","20":"instock","21":"taxable","22":"shipping-taxable","23":"purchasable","24":"product-type-simple"},"yoast_head":"<!-- This site is optimized with the Yoast SEO plugin v27.4 - https:\/\/yoast.com\/product\/yoast-seo-wordpress\/ -->\n<title>Charlie Chan 6: H\u00fcter der Schl\u00fcssel<\/title>\n<meta name=\"description\" content=\"Charlie Chan folgt einer Einladung an den verschneiten Lake Tahoe. Ein Mann namens Dudley Ward hat dort zu einer seltsamen Gesellschaft gebeten. In seinem einsamen Haus am See finden sich unter anderem drei M\u00e4nner ein, die mit ihm ein Schicksal teilen: Sie alle waren einst mit Ellen Landini verheiratet, einer ber\u00fchmten Operns\u00e4ngerin. Keiner der G\u00e4ste ist gut auf die Dame zu sprechen. Dann offenbart Ward den Clou des Abends: Ellen Landini taucht als \u00dcberraschungsgast auf. Damit ist Unheil vorprogrammiert. Und das l\u00e4sst nicht lange auf sich warten.\" \/>\n<meta name=\"robots\" content=\"index, follow, max-snippet:-1, max-image-preview:large, max-video-preview:-1\" \/>\n<link rel=\"canonical\" href=\"https:\/\/www.allscore.de\/shop\/produkt\/charlie-chan-6-hueter-der-schluessel\/\" \/>\n<meta property=\"og:locale\" content=\"de_DE\" \/>\n<meta property=\"og:type\" content=\"article\" \/>\n<meta property=\"og:title\" content=\"Charlie Chan 6: H\u00fcter der Schl\u00fcssel\" \/>\n<meta property=\"og:description\" content=\"Charlie Chan folgt einer Einladung an den verschneiten Lake Tahoe. Ein Mann namens Dudley Ward hat dort zu einer seltsamen Gesellschaft gebeten. In seinem einsamen Haus am See finden sich unter anderem drei M\u00e4nner ein, die mit ihm ein Schicksal teilen: Sie alle waren einst mit Ellen Landini verheiratet, einer ber\u00fchmten Operns\u00e4ngerin. Keiner der G\u00e4ste ist gut auf die Dame zu sprechen. Dann offenbart Ward den Clou des Abends: Ellen Landini taucht als \u00dcberraschungsgast auf. Damit ist Unheil vorprogrammiert. Und das l\u00e4sst nicht lange auf sich warten.\" \/>\n<meta property=\"og:url\" content=\"https:\/\/www.allscore.de\/shop\/produkt\/charlie-chan-6-hueter-der-schluessel\/\" \/>\n<meta property=\"og:site_name\" content=\"Allscore Shop\" \/>\n<meta property=\"article:modified_time\" content=\"2025-10-24T17:13:23+00:00\" \/>\n<meta property=\"og:image\" content=\"https:\/\/www.allscore.de\/shop\/wp-content\/uploads\/2020\/09\/CC06_1200x1200.jpg\" \/>\n\t<meta property=\"og:image:width\" content=\"1200\" \/>\n\t<meta property=\"og:image:height\" content=\"1200\" \/>\n\t<meta property=\"og:image:type\" content=\"image\/jpeg\" \/>\n<meta name=\"twitter:card\" content=\"summary_large_image\" \/>\n<script type=\"application\/ld+json\" class=\"yoast-schema-graph\">{\"@context\":\"https:\\\/\\\/schema.org\",\"@graph\":[{\"@type\":\"WebPage\",\"@id\":\"https:\\\/\\\/www.allscore.de\\\/shop\\\/produkt\\\/charlie-chan-6-hueter-der-schluessel\\\/\",\"url\":\"https:\\\/\\\/www.allscore.de\\\/shop\\\/produkt\\\/charlie-chan-6-hueter-der-schluessel\\\/\",\"name\":\"Charlie Chan 6: H\u00fcter der Schl\u00fcssel\",\"isPartOf\":{\"@id\":\"https:\\\/\\\/www.allscore.de\\\/shop\\\/#website\"},\"primaryImageOfPage\":{\"@id\":\"https:\\\/\\\/www.allscore.de\\\/shop\\\/produkt\\\/charlie-chan-6-hueter-der-schluessel\\\/#primaryimage\"},\"image\":{\"@id\":\"https:\\\/\\\/www.allscore.de\\\/shop\\\/produkt\\\/charlie-chan-6-hueter-der-schluessel\\\/#primaryimage\"},\"thumbnailUrl\":\"https:\\\/\\\/www.allscore.de\\\/shop\\\/wp-content\\\/uploads\\\/2020\\\/09\\\/CC06_1200x1200.jpg\",\"datePublished\":\"2020-11-06T14:40:33+00:00\",\"dateModified\":\"2025-10-24T17:13:23+00:00\",\"description\":\"Charlie Chan folgt einer Einladung an den verschneiten Lake Tahoe. Ein Mann namens Dudley Ward hat dort zu einer seltsamen Gesellschaft gebeten. In seinem einsamen Haus am See finden sich unter anderem drei M\u00e4nner ein, die mit ihm ein Schicksal teilen: Sie alle waren einst mit Ellen Landini verheiratet, einer ber\u00fchmten Operns\u00e4ngerin. Keiner der G\u00e4ste ist gut auf die Dame zu sprechen. Dann offenbart Ward den Clou des Abends: Ellen Landini taucht als \u00dcberraschungsgast auf. Damit ist Unheil vorprogrammiert. Und das l\u00e4sst nicht lange auf sich warten.\",\"breadcrumb\":{\"@id\":\"https:\\\/\\\/www.allscore.de\\\/shop\\\/produkt\\\/charlie-chan-6-hueter-der-schluessel\\\/#breadcrumb\"},\"inLanguage\":\"de\",\"potentialAction\":[{\"@type\":\"ReadAction\",\"target\":[\"https:\\\/\\\/www.allscore.de\\\/shop\\\/produkt\\\/charlie-chan-6-hueter-der-schluessel\\\/\"]}]},{\"@type\":\"ImageObject\",\"inLanguage\":\"de\",\"@id\":\"https:\\\/\\\/www.allscore.de\\\/shop\\\/produkt\\\/charlie-chan-6-hueter-der-schluessel\\\/#primaryimage\",\"url\":\"https:\\\/\\\/www.allscore.de\\\/shop\\\/wp-content\\\/uploads\\\/2020\\\/09\\\/CC06_1200x1200.jpg\",\"contentUrl\":\"https:\\\/\\\/www.allscore.de\\\/shop\\\/wp-content\\\/uploads\\\/2020\\\/09\\\/CC06_1200x1200.jpg\",\"width\":1200,\"height\":1200,\"caption\":\"Charlie Chan 6\"},{\"@type\":\"BreadcrumbList\",\"@id\":\"https:\\\/\\\/www.allscore.de\\\/shop\\\/produkt\\\/charlie-chan-6-hueter-der-schluessel\\\/#breadcrumb\",\"itemListElement\":[{\"@type\":\"ListItem\",\"position\":1,\"name\":\"Startseite\",\"item\":\"https:\\\/\\\/www.allscore.de\\\/shop\\\/\"},{\"@type\":\"ListItem\",\"position\":2,\"name\":\"Produkte\",\"item\":\"https:\\\/\\\/www.allscore.de\\\/shop\\\/shop\\\/\"},{\"@type\":\"ListItem\",\"position\":3,\"name\":\"Charlie Chan 6: H\u00fcter der Schl\u00fcssel\"}]},{\"@type\":\"WebSite\",\"@id\":\"https:\\\/\\\/www.allscore.de\\\/shop\\\/#website\",\"url\":\"https:\\\/\\\/www.allscore.de\\\/shop\\\/\",\"name\":\"Allscore Shop\",\"description\":\"All Score Media\",\"publisher\":{\"@id\":\"https:\\\/\\\/www.allscore.de\\\/shop\\\/#organization\"},\"potentialAction\":[{\"@type\":\"SearchAction\",\"target\":{\"@type\":\"EntryPoint\",\"urlTemplate\":\"https:\\\/\\\/www.allscore.de\\\/shop\\\/?s={search_term_string}\"},\"query-input\":{\"@type\":\"PropertyValueSpecification\",\"valueRequired\":true,\"valueName\":\"search_term_string\"}}],\"inLanguage\":\"de\"},{\"@type\":\"Organization\",\"@id\":\"https:\\\/\\\/www.allscore.de\\\/shop\\\/#organization\",\"name\":\"All Score Media\",\"alternateName\":\"Allscore\",\"url\":\"https:\\\/\\\/www.allscore.de\\\/shop\\\/\",\"logo\":{\"@type\":\"ImageObject\",\"inLanguage\":\"de\",\"@id\":\"https:\\\/\\\/www.allscore.de\\\/shop\\\/#\\\/schema\\\/logo\\\/image\\\/\",\"url\":\"https:\\\/\\\/www.allscore.de\\\/shop\\\/wp-content\\\/uploads\\\/2026\\\/01\\\/Logo_Yoast_Shop_2026.png\",\"contentUrl\":\"https:\\\/\\\/www.allscore.de\\\/shop\\\/wp-content\\\/uploads\\\/2026\\\/01\\\/Logo_Yoast_Shop_2026.png\",\"width\":696,\"height\":696,\"caption\":\"All Score Media\"},\"image\":{\"@id\":\"https:\\\/\\\/www.allscore.de\\\/shop\\\/#\\\/schema\\\/logo\\\/image\\\/\"}}]}<\/script>\n<!-- \/ Yoast SEO plugin. -->","yoast_head_json":{"title":"Charlie Chan 6: H\u00fcter der Schl\u00fcssel","description":"Charlie Chan folgt einer Einladung an den verschneiten Lake Tahoe. Ein Mann namens Dudley Ward hat dort zu einer seltsamen Gesellschaft gebeten. In seinem einsamen Haus am See finden sich unter anderem drei M\u00e4nner ein, die mit ihm ein Schicksal teilen: Sie alle waren einst mit Ellen Landini verheiratet, einer ber\u00fchmten Operns\u00e4ngerin. Keiner der G\u00e4ste ist gut auf die Dame zu sprechen. Dann offenbart Ward den Clou des Abends: Ellen Landini taucht als \u00dcberraschungsgast auf. Damit ist Unheil vorprogrammiert. Und das l\u00e4sst nicht lange auf sich warten.","robots":{"index":"index","follow":"follow","max-snippet":"max-snippet:-1","max-image-preview":"max-image-preview:large","max-video-preview":"max-video-preview:-1"},"canonical":"https:\/\/www.allscore.de\/shop\/produkt\/charlie-chan-6-hueter-der-schluessel\/","og_locale":"de_DE","og_type":"article","og_title":"Charlie Chan 6: H\u00fcter der Schl\u00fcssel","og_description":"Charlie Chan folgt einer Einladung an den verschneiten Lake Tahoe. Ein Mann namens Dudley Ward hat dort zu einer seltsamen Gesellschaft gebeten. In seinem einsamen Haus am See finden sich unter anderem drei M\u00e4nner ein, die mit ihm ein Schicksal teilen: Sie alle waren einst mit Ellen Landini verheiratet, einer ber\u00fchmten Operns\u00e4ngerin. Keiner der G\u00e4ste ist gut auf die Dame zu sprechen. Dann offenbart Ward den Clou des Abends: Ellen Landini taucht als \u00dcberraschungsgast auf. Damit ist Unheil vorprogrammiert. Und das l\u00e4sst nicht lange auf sich warten.","og_url":"https:\/\/www.allscore.de\/shop\/produkt\/charlie-chan-6-hueter-der-schluessel\/","og_site_name":"Allscore Shop","article_modified_time":"2025-10-24T17:13:23+00:00","og_image":[{"width":1200,"height":1200,"url":"https:\/\/www.allscore.de\/shop\/wp-content\/uploads\/2020\/09\/CC06_1200x1200.jpg","type":"image\/jpeg"}],"twitter_card":"summary_large_image","schema":{"@context":"https:\/\/schema.org","@graph":[{"@type":"WebPage","@id":"https:\/\/www.allscore.de\/shop\/produkt\/charlie-chan-6-hueter-der-schluessel\/","url":"https:\/\/www.allscore.de\/shop\/produkt\/charlie-chan-6-hueter-der-schluessel\/","name":"Charlie Chan 6: H\u00fcter der Schl\u00fcssel","isPartOf":{"@id":"https:\/\/www.allscore.de\/shop\/#website"},"primaryImageOfPage":{"@id":"https:\/\/www.allscore.de\/shop\/produkt\/charlie-chan-6-hueter-der-schluessel\/#primaryimage"},"image":{"@id":"https:\/\/www.allscore.de\/shop\/produkt\/charlie-chan-6-hueter-der-schluessel\/#primaryimage"},"thumbnailUrl":"https:\/\/www.allscore.de\/shop\/wp-content\/uploads\/2020\/09\/CC06_1200x1200.jpg","datePublished":"2020-11-06T14:40:33+00:00","dateModified":"2025-10-24T17:13:23+00:00","description":"Charlie Chan folgt einer Einladung an den verschneiten Lake Tahoe. Ein Mann namens Dudley Ward hat dort zu einer seltsamen Gesellschaft gebeten. In seinem einsamen Haus am See finden sich unter anderem drei M\u00e4nner ein, die mit ihm ein Schicksal teilen: Sie alle waren einst mit Ellen Landini verheiratet, einer ber\u00fchmten Operns\u00e4ngerin. Keiner der G\u00e4ste ist gut auf die Dame zu sprechen. Dann offenbart Ward den Clou des Abends: Ellen Landini taucht als \u00dcberraschungsgast auf. Damit ist Unheil vorprogrammiert. Und das l\u00e4sst nicht lange auf sich warten.","breadcrumb":{"@id":"https:\/\/www.allscore.de\/shop\/produkt\/charlie-chan-6-hueter-der-schluessel\/#breadcrumb"},"inLanguage":"de","potentialAction":[{"@type":"ReadAction","target":["https:\/\/www.allscore.de\/shop\/produkt\/charlie-chan-6-hueter-der-schluessel\/"]}]},{"@type":"ImageObject","inLanguage":"de","@id":"https:\/\/www.allscore.de\/shop\/produkt\/charlie-chan-6-hueter-der-schluessel\/#primaryimage","url":"https:\/\/www.allscore.de\/shop\/wp-content\/uploads\/2020\/09\/CC06_1200x1200.jpg","contentUrl":"https:\/\/www.allscore.de\/shop\/wp-content\/uploads\/2020\/09\/CC06_1200x1200.jpg","width":1200,"height":1200,"caption":"Charlie Chan 6"},{"@type":"BreadcrumbList","@id":"https:\/\/www.allscore.de\/shop\/produkt\/charlie-chan-6-hueter-der-schluessel\/#breadcrumb","itemListElement":[{"@type":"ListItem","position":1,"name":"Startseite","item":"https:\/\/www.allscore.de\/shop\/"},{"@type":"ListItem","position":2,"name":"Produkte","item":"https:\/\/www.allscore.de\/shop\/shop\/"},{"@type":"ListItem","position":3,"name":"Charlie Chan 6: H\u00fcter der Schl\u00fcssel"}]},{"@type":"WebSite","@id":"https:\/\/www.allscore.de\/shop\/#website","url":"https:\/\/www.allscore.de\/shop\/","name":"Allscore Shop","description":"All Score Media","publisher":{"@id":"https:\/\/www.allscore.de\/shop\/#organization"},"potentialAction":[{"@type":"SearchAction","target":{"@type":"EntryPoint","urlTemplate":"https:\/\/www.allscore.de\/shop\/?s={search_term_string}"},"query-input":{"@type":"PropertyValueSpecification","valueRequired":true,"valueName":"search_term_string"}}],"inLanguage":"de"},{"@type":"Organization","@id":"https:\/\/www.allscore.de\/shop\/#organization","name":"All Score Media","alternateName":"Allscore","url":"https:\/\/www.allscore.de\/shop\/","logo":{"@type":"ImageObject","inLanguage":"de","@id":"https:\/\/www.allscore.de\/shop\/#\/schema\/logo\/image\/","url":"https:\/\/www.allscore.de\/shop\/wp-content\/uploads\/2026\/01\/Logo_Yoast_Shop_2026.png","contentUrl":"https:\/\/www.allscore.de\/shop\/wp-content\/uploads\/2026\/01\/Logo_Yoast_Shop_2026.png","width":696,"height":696,"caption":"All Score Media"},"image":{"@id":"https:\/\/www.allscore.de\/shop\/#\/schema\/logo\/image\/"}}]}},"_links":{"self":[{"href":"https:\/\/www.allscore.de\/shop\/wp-json\/wp\/v2\/product\/6870","targetHints":{"allow":["GET"]}}],"collection":[{"href":"https:\/\/www.allscore.de\/shop\/wp-json\/wp\/v2\/product"}],"about":[{"href":"https:\/\/www.allscore.de\/shop\/wp-json\/wp\/v2\/types\/product"}],"wp:featuredmedia":[{"embeddable":true,"href":"https:\/\/www.allscore.de\/shop\/wp-json\/wp\/v2\/media\/8010"}],"wp:attachment":[{"href":"https:\/\/www.allscore.de\/shop\/wp-json\/wp\/v2\/media?parent=6870"}],"wp:term":[{"taxonomy":"product_brand","embeddable":true,"href":"https:\/\/www.allscore.de\/shop\/wp-json\/wp\/v2\/product_brand?post=6870"},{"taxonomy":"product_cat","embeddable":true,"href":"https:\/\/www.allscore.de\/shop\/wp-json\/wp\/v2\/product_cat?post=6870"},{"taxonomy":"product_tag","embeddable":true,"href":"https:\/\/www.allscore.de\/shop\/wp-json\/wp\/v2\/product_tag?post=6870"}],"curies":[{"name":"wp","href":"https:\/\/api.w.org\/{rel}","templated":true}]}}