{"id":15089,"date":"2026-05-07T16:50:29","date_gmt":"2026-05-07T14:50:29","guid":{"rendered":"https:\/\/www.allscore.de\/shop\/?post_type=product&#038;p=15089"},"modified":"2026-05-08T11:19:52","modified_gmt":"2026-05-08T09:19:52","slug":"mondo-sangue-remake","status":"publish","type":"product","link":"https:\/\/www.allscore.de\/shop\/produkt\/mondo-sangue-remake\/","title":{"rendered":"Mondo Sangue &#8211; REMAKE"},"content":{"rendered":"<p>Mondo Sangue &#8211; REMAKE<\/p>\n<p>Zum zehnj\u00e4hrigen Jubil\u00e4um ihres Deb\u00fcts L&#8217;ISOLA DEI DANNATI inszenieren MONDO SANGUE mit REMAKE ein Meta-Sequel. Anstelle eines Greatest-Hits-Albums wird die Diskografie ihres \u201eMondoverse\u201c wie ein stilvoller Director\u2019s Cut dekonstruiert und von illustren G\u00e4sten neu synchronisiert.<\/p>\n<p>Alle sechs bisherigen Alben &#8211; zwischen Soundtrack-\u00c4sthetik, Giallo-Referenzen und cineastischer Popkultur &#8211; sind als Ausgangsmaterial f\u00fcr die internationalen \u201eRemakes\u201c vertreten. K\u00fcnstler*innen aus Deutschland, Frankreich, Italien, Spanien und den USA interpretieren ausgew\u00e4hlte Songs neu und verwandeln sie in einen stilistisch wilden Episodenfilm aus Disco, Italofunk und Pop &#8211; der charakteristische italienische Genrefilm-Charme bleibt als roter Faden erhalten.<\/p>\n<p>Mit dabei sind die G\u00e4ste Andreas Dorau, Stefanie Schrank, Mille Petrozza, DJ Friction und Zwanie Jonson sowie die internationalen Acts Eroina (F), Carlos Valderrama (IT), Arturo Banbini (ES) und Dave Neabore (USA) u.a.<br \/>\nEin besonderes Cameo liefert der legend\u00e4re italienische Filmkomponist Fabio Frizzi.<br \/>\nGleichzeitig bleiben MONDO SANGUE selbst als kreative Regisseur*innen ihrer Retrospektive pr\u00e4sent und steuern eigene Neuinterpretationen bei.<\/p>\n<p>Auch physisch wird REMAKE wie eine liebevoll restaurierte Collector\u2019s Edition pr\u00e4sentiert: als auf 333 Exemplare streng limitierte, handnummerierte ochsenblutrote 180g-LP mit aufwendig gestaltetem Artwork, bedruckter Innenh\u00fclle, Liner Notes und exklusiver Anniversary-Illustration von Adrian Keindorf.<\/p>\n<p>\u00dcber MONDO SANGUE<br \/>\nDas Stuttgarter Duo MONDO SANGUE (Christian Bluthardt und Yvy Pop), gegr\u00fcndet 2015, produziert Musik in Anlehnung an das italienische Genrekino der 1960\/70er Jahre und transportiert diesen einzigartigen Sound gekonnt in die Neuzeit.<\/p>\n<p>Diskografie<br \/>\nL&#8217;Isola dei Dannati (Island of the Damned) (2016, Allscore, ASM 042)<br \/>\nNo Place for a Man (Il Villaggio delle Donne) (2018, Allscore, ASM 045)<br \/>\nVEGA-5 (Avventure nel Cosmo) (2020, Allscore, ASM 047)<br \/>\nRosso come la notte (2021, Allscore, ASM 050)<br \/>\nGiallo come il giorno (2022, Allscore, ASM 052)<br \/>\nDIAMANTIK (2024, Allscore, ASM 059)<\/p>\n","protected":false},"excerpt":{"rendered":"<p>Ochsenblutrote 180g-LP im von Adrian Keindorf illustrierten Cover.<br \/>\nLimitiert auf 333 St\u00fcck und handnummeriert.<br \/>\nDiese LP erscheint am 06.06.2026 und kann ab sofort hier vorbestellt werden.<\/p>\n","protected":false},"featured_media":15103,"template":"","meta":[],"product_brand":[],"product_cat":[49,619,192,105],"product_tag":[334],"class_list":{"0":"post-15089","1":"product","2":"type-product","3":"status-publish","4":"has-post-thumbnail","6":"product_cat-bands","7":"product_cat-cinematic-music","8":"product_cat-mondo-sangue","9":"product_cat-soundtracks","10":"product_tag-film-inspired-music","11":"product_shipping_class-tontraeger-schallplatte","12":"entry","13":"clearfix","14":"entry-grid","15":"entry-columns-3","16":"entry-product-module-layout-sidebar-right","17":"thumbnail-color-tone-dark","18":"entry-product","20":"entry-product-grid","22":"first","23":"instock","24":"taxable","25":"shipping-taxable","26":"purchasable","27":"product-type-simple"},"yoast_head":"<!-- This site is optimized with the Yoast SEO plugin v27.4 - https:\/\/yoast.com\/product\/yoast-seo-wordpress\/ -->\n<title>Mondo Sangue - REMAKE<\/title>\n<meta name=\"description\" content=\"Zum 10j\u00e4hrigen Mondo-Sangue-Jubil\u00e4um: Ochsenblutrote 180g-LP im von Adrian Keindorf illustrierten Cover. Limitiert auf 333 St\u00fcck und handnummeriert.\" \/>\n<meta name=\"robots\" content=\"index, follow, max-snippet:-1, max-image-preview:large, max-video-preview:-1\" \/>\n<link rel=\"canonical\" href=\"https:\/\/www.allscore.de\/shop\/produkt\/mondo-sangue-remake\/\" \/>\n<meta property=\"og:locale\" content=\"de_DE\" \/>\n<meta property=\"og:type\" content=\"article\" \/>\n<meta property=\"og:title\" content=\"Mondo Sangue - REMAKE\" \/>\n<meta property=\"og:description\" content=\"Zum 10j\u00e4hrigen Mondo-Sangue-Jubil\u00e4um: Ochsenblutrote 180g-LP im von Adrian Keindorf illustrierten Cover. Limitiert auf 333 St\u00fcck und handnummeriert.\" \/>\n<meta property=\"og:url\" content=\"https:\/\/www.allscore.de\/shop\/produkt\/mondo-sangue-remake\/\" \/>\n<meta property=\"og:site_name\" content=\"Allscore Shop\" \/>\n<meta property=\"article:modified_time\" content=\"2026-05-08T09:19:52+00:00\" \/>\n<meta property=\"og:image\" content=\"https:\/\/www.allscore.de\/shop\/wp-content\/uploads\/2026\/05\/ASM061_1200x1200.jpg\" \/>\n\t<meta property=\"og:image:width\" content=\"1200\" \/>\n\t<meta property=\"og:image:height\" content=\"1200\" \/>\n\t<meta property=\"og:image:type\" content=\"image\/jpeg\" \/>\n<meta name=\"twitter:card\" content=\"summary_large_image\" \/>\n<meta name=\"twitter:label1\" content=\"Gesch\u00e4tzte Lesezeit\" \/>\n\t<meta name=\"twitter:data1\" content=\"2\u00a0Minuten\" \/>\n<script type=\"application\/ld+json\" class=\"yoast-schema-graph\">{\"@context\":\"https:\\\/\\\/schema.org\",\"@graph\":[{\"@type\":\"WebPage\",\"@id\":\"https:\\\/\\\/www.allscore.de\\\/shop\\\/produkt\\\/mondo-sangue-remake\\\/\",\"url\":\"https:\\\/\\\/www.allscore.de\\\/shop\\\/produkt\\\/mondo-sangue-remake\\\/\",\"name\":\"Mondo Sangue - REMAKE\",\"isPartOf\":{\"@id\":\"https:\\\/\\\/www.allscore.de\\\/shop\\\/#website\"},\"primaryImageOfPage\":{\"@id\":\"https:\\\/\\\/www.allscore.de\\\/shop\\\/produkt\\\/mondo-sangue-remake\\\/#primaryimage\"},\"image\":{\"@id\":\"https:\\\/\\\/www.allscore.de\\\/shop\\\/produkt\\\/mondo-sangue-remake\\\/#primaryimage\"},\"thumbnailUrl\":\"https:\\\/\\\/www.allscore.de\\\/shop\\\/wp-content\\\/uploads\\\/2026\\\/05\\\/ASM061_1200x1200.jpg\",\"datePublished\":\"2026-05-07T14:50:29+00:00\",\"dateModified\":\"2026-05-08T09:19:52+00:00\",\"description\":\"Zum 10j\u00e4hrigen Mondo-Sangue-Jubil\u00e4um: Ochsenblutrote 180g-LP im von Adrian Keindorf illustrierten Cover. Limitiert auf 333 St\u00fcck und handnummeriert.\",\"breadcrumb\":{\"@id\":\"https:\\\/\\\/www.allscore.de\\\/shop\\\/produkt\\\/mondo-sangue-remake\\\/#breadcrumb\"},\"inLanguage\":\"de\",\"potentialAction\":[{\"@type\":\"ReadAction\",\"target\":[\"https:\\\/\\\/www.allscore.de\\\/shop\\\/produkt\\\/mondo-sangue-remake\\\/\"]}]},{\"@type\":\"ImageObject\",\"inLanguage\":\"de\",\"@id\":\"https:\\\/\\\/www.allscore.de\\\/shop\\\/produkt\\\/mondo-sangue-remake\\\/#primaryimage\",\"url\":\"https:\\\/\\\/www.allscore.de\\\/shop\\\/wp-content\\\/uploads\\\/2026\\\/05\\\/ASM061_1200x1200.jpg\",\"contentUrl\":\"https:\\\/\\\/www.allscore.de\\\/shop\\\/wp-content\\\/uploads\\\/2026\\\/05\\\/ASM061_1200x1200.jpg\",\"width\":1200,\"height\":1200,\"caption\":\"Mondo Sangue - REMAKE\"},{\"@type\":\"BreadcrumbList\",\"@id\":\"https:\\\/\\\/www.allscore.de\\\/shop\\\/produkt\\\/mondo-sangue-remake\\\/#breadcrumb\",\"itemListElement\":[{\"@type\":\"ListItem\",\"position\":1,\"name\":\"Startseite\",\"item\":\"https:\\\/\\\/www.allscore.de\\\/shop\\\/\"},{\"@type\":\"ListItem\",\"position\":2,\"name\":\"Produkte\",\"item\":\"https:\\\/\\\/www.allscore.de\\\/shop\\\/shop\\\/\"},{\"@type\":\"ListItem\",\"position\":3,\"name\":\"Mondo Sangue &#8211; REMAKE\"}]},{\"@type\":\"WebSite\",\"@id\":\"https:\\\/\\\/www.allscore.de\\\/shop\\\/#website\",\"url\":\"https:\\\/\\\/www.allscore.de\\\/shop\\\/\",\"name\":\"Allscore Shop\",\"description\":\"All Score Media\",\"publisher\":{\"@id\":\"https:\\\/\\\/www.allscore.de\\\/shop\\\/#organization\"},\"potentialAction\":[{\"@type\":\"SearchAction\",\"target\":{\"@type\":\"EntryPoint\",\"urlTemplate\":\"https:\\\/\\\/www.allscore.de\\\/shop\\\/?s={search_term_string}\"},\"query-input\":{\"@type\":\"PropertyValueSpecification\",\"valueRequired\":true,\"valueName\":\"search_term_string\"}}],\"inLanguage\":\"de\"},{\"@type\":\"Organization\",\"@id\":\"https:\\\/\\\/www.allscore.de\\\/shop\\\/#organization\",\"name\":\"All Score Media\",\"alternateName\":\"Allscore\",\"url\":\"https:\\\/\\\/www.allscore.de\\\/shop\\\/\",\"logo\":{\"@type\":\"ImageObject\",\"inLanguage\":\"de\",\"@id\":\"https:\\\/\\\/www.allscore.de\\\/shop\\\/#\\\/schema\\\/logo\\\/image\\\/\",\"url\":\"https:\\\/\\\/www.allscore.de\\\/shop\\\/wp-content\\\/uploads\\\/2026\\\/01\\\/Logo_Yoast_Shop_2026.png\",\"contentUrl\":\"https:\\\/\\\/www.allscore.de\\\/shop\\\/wp-content\\\/uploads\\\/2026\\\/01\\\/Logo_Yoast_Shop_2026.png\",\"width\":696,\"height\":696,\"caption\":\"All Score Media\"},\"image\":{\"@id\":\"https:\\\/\\\/www.allscore.de\\\/shop\\\/#\\\/schema\\\/logo\\\/image\\\/\"}}]}<\/script>\n<!-- \/ Yoast SEO plugin. -->","yoast_head_json":{"title":"Mondo Sangue - REMAKE","description":"Zum 10j\u00e4hrigen Mondo-Sangue-Jubil\u00e4um: Ochsenblutrote 180g-LP im von Adrian Keindorf illustrierten Cover. Limitiert auf 333 St\u00fcck und handnummeriert.","robots":{"index":"index","follow":"follow","max-snippet":"max-snippet:-1","max-image-preview":"max-image-preview:large","max-video-preview":"max-video-preview:-1"},"canonical":"https:\/\/www.allscore.de\/shop\/produkt\/mondo-sangue-remake\/","og_locale":"de_DE","og_type":"article","og_title":"Mondo Sangue - REMAKE","og_description":"Zum 10j\u00e4hrigen Mondo-Sangue-Jubil\u00e4um: Ochsenblutrote 180g-LP im von Adrian Keindorf illustrierten Cover. Limitiert auf 333 St\u00fcck und handnummeriert.","og_url":"https:\/\/www.allscore.de\/shop\/produkt\/mondo-sangue-remake\/","og_site_name":"Allscore Shop","article_modified_time":"2026-05-08T09:19:52+00:00","og_image":[{"width":1200,"height":1200,"url":"https:\/\/www.allscore.de\/shop\/wp-content\/uploads\/2026\/05\/ASM061_1200x1200.jpg","type":"image\/jpeg"}],"twitter_card":"summary_large_image","twitter_misc":{"Gesch\u00e4tzte Lesezeit":"2\u00a0Minuten"},"schema":{"@context":"https:\/\/schema.org","@graph":[{"@type":"WebPage","@id":"https:\/\/www.allscore.de\/shop\/produkt\/mondo-sangue-remake\/","url":"https:\/\/www.allscore.de\/shop\/produkt\/mondo-sangue-remake\/","name":"Mondo Sangue - REMAKE","isPartOf":{"@id":"https:\/\/www.allscore.de\/shop\/#website"},"primaryImageOfPage":{"@id":"https:\/\/www.allscore.de\/shop\/produkt\/mondo-sangue-remake\/#primaryimage"},"image":{"@id":"https:\/\/www.allscore.de\/shop\/produkt\/mondo-sangue-remake\/#primaryimage"},"thumbnailUrl":"https:\/\/www.allscore.de\/shop\/wp-content\/uploads\/2026\/05\/ASM061_1200x1200.jpg","datePublished":"2026-05-07T14:50:29+00:00","dateModified":"2026-05-08T09:19:52+00:00","description":"Zum 10j\u00e4hrigen Mondo-Sangue-Jubil\u00e4um: Ochsenblutrote 180g-LP im von Adrian Keindorf illustrierten Cover. Limitiert auf 333 St\u00fcck und handnummeriert.","breadcrumb":{"@id":"https:\/\/www.allscore.de\/shop\/produkt\/mondo-sangue-remake\/#breadcrumb"},"inLanguage":"de","potentialAction":[{"@type":"ReadAction","target":["https:\/\/www.allscore.de\/shop\/produkt\/mondo-sangue-remake\/"]}]},{"@type":"ImageObject","inLanguage":"de","@id":"https:\/\/www.allscore.de\/shop\/produkt\/mondo-sangue-remake\/#primaryimage","url":"https:\/\/www.allscore.de\/shop\/wp-content\/uploads\/2026\/05\/ASM061_1200x1200.jpg","contentUrl":"https:\/\/www.allscore.de\/shop\/wp-content\/uploads\/2026\/05\/ASM061_1200x1200.jpg","width":1200,"height":1200,"caption":"Mondo Sangue - REMAKE"},{"@type":"BreadcrumbList","@id":"https:\/\/www.allscore.de\/shop\/produkt\/mondo-sangue-remake\/#breadcrumb","itemListElement":[{"@type":"ListItem","position":1,"name":"Startseite","item":"https:\/\/www.allscore.de\/shop\/"},{"@type":"ListItem","position":2,"name":"Produkte","item":"https:\/\/www.allscore.de\/shop\/shop\/"},{"@type":"ListItem","position":3,"name":"Mondo Sangue &#8211; REMAKE"}]},{"@type":"WebSite","@id":"https:\/\/www.allscore.de\/shop\/#website","url":"https:\/\/www.allscore.de\/shop\/","name":"Allscore Shop","description":"All Score Media","publisher":{"@id":"https:\/\/www.allscore.de\/shop\/#organization"},"potentialAction":[{"@type":"SearchAction","target":{"@type":"EntryPoint","urlTemplate":"https:\/\/www.allscore.de\/shop\/?s={search_term_string}"},"query-input":{"@type":"PropertyValueSpecification","valueRequired":true,"valueName":"search_term_string"}}],"inLanguage":"de"},{"@type":"Organization","@id":"https:\/\/www.allscore.de\/shop\/#organization","name":"All Score Media","alternateName":"Allscore","url":"https:\/\/www.allscore.de\/shop\/","logo":{"@type":"ImageObject","inLanguage":"de","@id":"https:\/\/www.allscore.de\/shop\/#\/schema\/logo\/image\/","url":"https:\/\/www.allscore.de\/shop\/wp-content\/uploads\/2026\/01\/Logo_Yoast_Shop_2026.png","contentUrl":"https:\/\/www.allscore.de\/shop\/wp-content\/uploads\/2026\/01\/Logo_Yoast_Shop_2026.png","width":696,"height":696,"caption":"All Score Media"},"image":{"@id":"https:\/\/www.allscore.de\/shop\/#\/schema\/logo\/image\/"}}]}},"_links":{"self":[{"href":"https:\/\/www.allscore.de\/shop\/wp-json\/wp\/v2\/product\/15089","targetHints":{"allow":["GET"]}}],"collection":[{"href":"https:\/\/www.allscore.de\/shop\/wp-json\/wp\/v2\/product"}],"about":[{"href":"https:\/\/www.allscore.de\/shop\/wp-json\/wp\/v2\/types\/product"}],"wp:featuredmedia":[{"embeddable":true,"href":"https:\/\/www.allscore.de\/shop\/wp-json\/wp\/v2\/media\/15103"}],"wp:attachment":[{"href":"https:\/\/www.allscore.de\/shop\/wp-json\/wp\/v2\/media?parent=15089"}],"wp:term":[{"taxonomy":"product_brand","embeddable":true,"href":"https:\/\/www.allscore.de\/shop\/wp-json\/wp\/v2\/product_brand?post=15089"},{"taxonomy":"product_cat","embeddable":true,"href":"https:\/\/www.allscore.de\/shop\/wp-json\/wp\/v2\/product_cat?post=15089"},{"taxonomy":"product_tag","embeddable":true,"href":"https:\/\/www.allscore.de\/shop\/wp-json\/wp\/v2\/product_tag?post=15089"}],"curies":[{"name":"wp","href":"https:\/\/api.w.org\/{rel}","templated":true}]}}