{"id":14948,"date":"2014-01-19T18:46:04","date_gmt":"2014-01-19T17:46:04","guid":{"rendered":"https:\/\/www.allscore.de\/shop\/?post_type=product&#038;p=14948"},"modified":"2026-03-24T18:58:09","modified_gmt":"2026-03-24T17:58:09","slug":"sherlock-holmes-die-neuen-faelle-bundle-7-9","status":"publish","type":"product","link":"https:\/\/www.allscore.de\/shop\/produkt\/sherlock-holmes-die-neuen-faelle-bundle-7-9\/","title":{"rendered":"Sherlock Holmes &#8211; Die neuen F\u00e4lle: Bundle 7-9"},"content":{"rendered":"<p>Sherlock Holmes &#8211; Die neuen F\u00e4lle: Bundle 7-9<\/p>\n<p>Paket mit den H\u00f6rspiel-CDs Sherlock Holmes &#8211; Die neuen F\u00e4lle 7-9 zum Sonderpreis:<\/p>\n<p>CD 7: Der eisige Tod,<br \/>\nCD 8: Der gr\u00fcne Admiral,<br \/>\nCD 9: Holmes unter Verdacht.<\/p>\n<p>(hierbei handelt es sich nicht um eine Collector&#8217;s Box)<\/p>\n","protected":false},"excerpt":{"rendered":"<p>Sherlock Holmes &#8211; Die neuen F\u00e4lle: Bundle 7-9 Paket mit den H\u00f6rspiel-CDs Sherlock Holmes &#8211; Die neuen F\u00e4lle 7-9 zum Sonderpreis: CD 7: Der eisige Tod, CD 8: Der gr\u00fcne Admiral, CD 9: Holmes unter Verdacht. (hierbei handelt es sich nicht um eine Collector&#8217;s Box)<\/p>\n","protected":false},"featured_media":14943,"template":"","meta":[],"product_brand":[],"product_cat":[247,72,213,153],"product_tag":[],"class_list":{"0":"post-14948","1":"product","2":"type-product","3":"status-publish","4":"has-post-thumbnail","6":"product_cat-bundles","7":"product_cat-hoerspiele","8":"product_cat-sherlock-holmes-die-neuen-faelle","9":"product_cat-specials","10":"product_shipping_class-tontraeger-cd","11":"entry","12":"clearfix","13":"entry-grid","14":"entry-columns-3","15":"entry-product-module-layout-sidebar-right","16":"thumbnail-color-tone-dark","17":"entry-product","19":"entry-product-grid","21":"first","22":"instock","23":"sale","24":"taxable","25":"shipping-taxable","26":"purchasable","27":"product-type-simple"},"yoast_head":"<!-- This site is optimized with the Yoast SEO plugin v27.3 - https:\/\/yoast.com\/product\/yoast-seo-wordpress\/ -->\n<title>Sherlock Holmes - Die neuen F\u00e4lle: Bundle 7-9<\/title>\n<meta name=\"description\" content=\"Dieses Sherlock-Holmes-CD-Bundle enth\u00e4lt 3 CDs: CD 7: Der eisige Tod, CD 8: Der gr\u00fcne Admiral, CD 9: Holmes unter Verdacht.\" \/>\n<meta name=\"robots\" content=\"index, follow, max-snippet:-1, max-image-preview:large, max-video-preview:-1\" \/>\n<link rel=\"canonical\" href=\"https:\/\/www.allscore.de\/shop\/produkt\/sherlock-holmes-die-neuen-faelle-bundle-7-9\/\" \/>\n<meta property=\"og:locale\" content=\"de_DE\" \/>\n<meta property=\"og:type\" content=\"article\" \/>\n<meta property=\"og:title\" content=\"Sherlock Holmes - Die neuen F\u00e4lle: Bundle 7-9\" \/>\n<meta property=\"og:description\" content=\"Bundle mit den H\u00f6rspielen Sherlock Holmes - Die neuen F\u00e4lle 7-9 zum Sonderpreis: CD 7: Der eisige Tod, CD 8: Der gr\u00fcne Admiral, CD 9: Holmes unter Verdacht.\" \/>\n<meta property=\"og:url\" content=\"https:\/\/www.allscore.de\/shop\/produkt\/sherlock-holmes-die-neuen-faelle-bundle-7-9\/\" \/>\n<meta property=\"og:site_name\" content=\"Allscore Shop\" \/>\n<meta property=\"article:modified_time\" content=\"2026-03-24T17:58:09+00:00\" \/>\n<meta property=\"og:image\" content=\"https:\/\/www.allscore.de\/shop\/wp-content\/uploads\/2026\/03\/Sherlock-Holmes-Bundle.jpg\" \/>\n\t<meta property=\"og:image:width\" content=\"1200\" \/>\n\t<meta property=\"og:image:height\" content=\"1200\" \/>\n\t<meta property=\"og:image:type\" content=\"image\/jpeg\" \/>\n<meta name=\"twitter:card\" content=\"summary_large_image\" \/>\n<meta name=\"twitter:label1\" content=\"Gesch\u00e4tzte Lesezeit\" \/>\n\t<meta name=\"twitter:data1\" content=\"1\u00a0Minute\" \/>\n<script type=\"application\/ld+json\" class=\"yoast-schema-graph\">{\"@context\":\"https:\\\/\\\/schema.org\",\"@graph\":[{\"@type\":\"WebPage\",\"@id\":\"https:\\\/\\\/www.allscore.de\\\/shop\\\/produkt\\\/sherlock-holmes-die-neuen-faelle-bundle-7-9\\\/\",\"url\":\"https:\\\/\\\/www.allscore.de\\\/shop\\\/produkt\\\/sherlock-holmes-die-neuen-faelle-bundle-7-9\\\/\",\"name\":\"Sherlock Holmes - Die neuen F\u00e4lle: Bundle 7-9\",\"isPartOf\":{\"@id\":\"https:\\\/\\\/www.allscore.de\\\/shop\\\/#website\"},\"primaryImageOfPage\":{\"@id\":\"https:\\\/\\\/www.allscore.de\\\/shop\\\/produkt\\\/sherlock-holmes-die-neuen-faelle-bundle-7-9\\\/#primaryimage\"},\"image\":{\"@id\":\"https:\\\/\\\/www.allscore.de\\\/shop\\\/produkt\\\/sherlock-holmes-die-neuen-faelle-bundle-7-9\\\/#primaryimage\"},\"thumbnailUrl\":\"https:\\\/\\\/www.allscore.de\\\/shop\\\/wp-content\\\/uploads\\\/2026\\\/03\\\/Sherlock-Holmes-Bundle.jpg\",\"datePublished\":\"2014-01-19T17:46:04+00:00\",\"dateModified\":\"2026-03-24T17:58:09+00:00\",\"description\":\"Dieses Sherlock-Holmes-CD-Bundle enth\u00e4lt 3 CDs: CD 7: Der eisige Tod, CD 8: Der gr\u00fcne Admiral, CD 9: Holmes unter Verdacht.\",\"breadcrumb\":{\"@id\":\"https:\\\/\\\/www.allscore.de\\\/shop\\\/produkt\\\/sherlock-holmes-die-neuen-faelle-bundle-7-9\\\/#breadcrumb\"},\"inLanguage\":\"de\",\"potentialAction\":[{\"@type\":\"ReadAction\",\"target\":[\"https:\\\/\\\/www.allscore.de\\\/shop\\\/produkt\\\/sherlock-holmes-die-neuen-faelle-bundle-7-9\\\/\"]}]},{\"@type\":\"ImageObject\",\"inLanguage\":\"de\",\"@id\":\"https:\\\/\\\/www.allscore.de\\\/shop\\\/produkt\\\/sherlock-holmes-die-neuen-faelle-bundle-7-9\\\/#primaryimage\",\"url\":\"https:\\\/\\\/www.allscore.de\\\/shop\\\/wp-content\\\/uploads\\\/2026\\\/03\\\/Sherlock-Holmes-Bundle.jpg\",\"contentUrl\":\"https:\\\/\\\/www.allscore.de\\\/shop\\\/wp-content\\\/uploads\\\/2026\\\/03\\\/Sherlock-Holmes-Bundle.jpg\",\"width\":1200,\"height\":1200,\"caption\":\"Sherlock-Holmes-Bundle\"},{\"@type\":\"BreadcrumbList\",\"@id\":\"https:\\\/\\\/www.allscore.de\\\/shop\\\/produkt\\\/sherlock-holmes-die-neuen-faelle-bundle-7-9\\\/#breadcrumb\",\"itemListElement\":[{\"@type\":\"ListItem\",\"position\":1,\"name\":\"Startseite\",\"item\":\"https:\\\/\\\/www.allscore.de\\\/shop\\\/\"},{\"@type\":\"ListItem\",\"position\":2,\"name\":\"Produkte\",\"item\":\"https:\\\/\\\/www.allscore.de\\\/shop\\\/shop\\\/\"},{\"@type\":\"ListItem\",\"position\":3,\"name\":\"Sherlock Holmes &#8211; Die neuen F\u00e4lle: Bundle 7-9\"}]},{\"@type\":\"WebSite\",\"@id\":\"https:\\\/\\\/www.allscore.de\\\/shop\\\/#website\",\"url\":\"https:\\\/\\\/www.allscore.de\\\/shop\\\/\",\"name\":\"Allscore Shop\",\"description\":\"All Score Media\",\"publisher\":{\"@id\":\"https:\\\/\\\/www.allscore.de\\\/shop\\\/#organization\"},\"potentialAction\":[{\"@type\":\"SearchAction\",\"target\":{\"@type\":\"EntryPoint\",\"urlTemplate\":\"https:\\\/\\\/www.allscore.de\\\/shop\\\/?s={search_term_string}\"},\"query-input\":{\"@type\":\"PropertyValueSpecification\",\"valueRequired\":true,\"valueName\":\"search_term_string\"}}],\"inLanguage\":\"de\"},{\"@type\":\"Organization\",\"@id\":\"https:\\\/\\\/www.allscore.de\\\/shop\\\/#organization\",\"name\":\"All Score Media\",\"alternateName\":\"Allscore\",\"url\":\"https:\\\/\\\/www.allscore.de\\\/shop\\\/\",\"logo\":{\"@type\":\"ImageObject\",\"inLanguage\":\"de\",\"@id\":\"https:\\\/\\\/www.allscore.de\\\/shop\\\/#\\\/schema\\\/logo\\\/image\\\/\",\"url\":\"https:\\\/\\\/www.allscore.de\\\/shop\\\/wp-content\\\/uploads\\\/2026\\\/01\\\/Logo_Yoast_Shop_2026.png\",\"contentUrl\":\"https:\\\/\\\/www.allscore.de\\\/shop\\\/wp-content\\\/uploads\\\/2026\\\/01\\\/Logo_Yoast_Shop_2026.png\",\"width\":696,\"height\":696,\"caption\":\"All Score Media\"},\"image\":{\"@id\":\"https:\\\/\\\/www.allscore.de\\\/shop\\\/#\\\/schema\\\/logo\\\/image\\\/\"}}]}<\/script>\n<!-- \/ Yoast SEO plugin. -->","yoast_head_json":{"title":"Sherlock Holmes - Die neuen F\u00e4lle: Bundle 7-9","description":"Dieses Sherlock-Holmes-CD-Bundle enth\u00e4lt 3 CDs: CD 7: Der eisige Tod, CD 8: Der gr\u00fcne Admiral, CD 9: Holmes unter Verdacht.","robots":{"index":"index","follow":"follow","max-snippet":"max-snippet:-1","max-image-preview":"max-image-preview:large","max-video-preview":"max-video-preview:-1"},"canonical":"https:\/\/www.allscore.de\/shop\/produkt\/sherlock-holmes-die-neuen-faelle-bundle-7-9\/","og_locale":"de_DE","og_type":"article","og_title":"Sherlock Holmes - Die neuen F\u00e4lle: Bundle 7-9","og_description":"Bundle mit den H\u00f6rspielen Sherlock Holmes - Die neuen F\u00e4lle 7-9 zum Sonderpreis: CD 7: Der eisige Tod, CD 8: Der gr\u00fcne Admiral, CD 9: Holmes unter Verdacht.","og_url":"https:\/\/www.allscore.de\/shop\/produkt\/sherlock-holmes-die-neuen-faelle-bundle-7-9\/","og_site_name":"Allscore Shop","article_modified_time":"2026-03-24T17:58:09+00:00","og_image":[{"width":1200,"height":1200,"url":"https:\/\/www.allscore.de\/shop\/wp-content\/uploads\/2026\/03\/Sherlock-Holmes-Bundle.jpg","type":"image\/jpeg"}],"twitter_card":"summary_large_image","twitter_misc":{"Gesch\u00e4tzte Lesezeit":"1\u00a0Minute"},"schema":{"@context":"https:\/\/schema.org","@graph":[{"@type":"WebPage","@id":"https:\/\/www.allscore.de\/shop\/produkt\/sherlock-holmes-die-neuen-faelle-bundle-7-9\/","url":"https:\/\/www.allscore.de\/shop\/produkt\/sherlock-holmes-die-neuen-faelle-bundle-7-9\/","name":"Sherlock Holmes - Die neuen F\u00e4lle: Bundle 7-9","isPartOf":{"@id":"https:\/\/www.allscore.de\/shop\/#website"},"primaryImageOfPage":{"@id":"https:\/\/www.allscore.de\/shop\/produkt\/sherlock-holmes-die-neuen-faelle-bundle-7-9\/#primaryimage"},"image":{"@id":"https:\/\/www.allscore.de\/shop\/produkt\/sherlock-holmes-die-neuen-faelle-bundle-7-9\/#primaryimage"},"thumbnailUrl":"https:\/\/www.allscore.de\/shop\/wp-content\/uploads\/2026\/03\/Sherlock-Holmes-Bundle.jpg","datePublished":"2014-01-19T17:46:04+00:00","dateModified":"2026-03-24T17:58:09+00:00","description":"Dieses Sherlock-Holmes-CD-Bundle enth\u00e4lt 3 CDs: CD 7: Der eisige Tod, CD 8: Der gr\u00fcne Admiral, CD 9: Holmes unter Verdacht.","breadcrumb":{"@id":"https:\/\/www.allscore.de\/shop\/produkt\/sherlock-holmes-die-neuen-faelle-bundle-7-9\/#breadcrumb"},"inLanguage":"de","potentialAction":[{"@type":"ReadAction","target":["https:\/\/www.allscore.de\/shop\/produkt\/sherlock-holmes-die-neuen-faelle-bundle-7-9\/"]}]},{"@type":"ImageObject","inLanguage":"de","@id":"https:\/\/www.allscore.de\/shop\/produkt\/sherlock-holmes-die-neuen-faelle-bundle-7-9\/#primaryimage","url":"https:\/\/www.allscore.de\/shop\/wp-content\/uploads\/2026\/03\/Sherlock-Holmes-Bundle.jpg","contentUrl":"https:\/\/www.allscore.de\/shop\/wp-content\/uploads\/2026\/03\/Sherlock-Holmes-Bundle.jpg","width":1200,"height":1200,"caption":"Sherlock-Holmes-Bundle"},{"@type":"BreadcrumbList","@id":"https:\/\/www.allscore.de\/shop\/produkt\/sherlock-holmes-die-neuen-faelle-bundle-7-9\/#breadcrumb","itemListElement":[{"@type":"ListItem","position":1,"name":"Startseite","item":"https:\/\/www.allscore.de\/shop\/"},{"@type":"ListItem","position":2,"name":"Produkte","item":"https:\/\/www.allscore.de\/shop\/shop\/"},{"@type":"ListItem","position":3,"name":"Sherlock Holmes &#8211; Die neuen F\u00e4lle: Bundle 7-9"}]},{"@type":"WebSite","@id":"https:\/\/www.allscore.de\/shop\/#website","url":"https:\/\/www.allscore.de\/shop\/","name":"Allscore Shop","description":"All Score Media","publisher":{"@id":"https:\/\/www.allscore.de\/shop\/#organization"},"potentialAction":[{"@type":"SearchAction","target":{"@type":"EntryPoint","urlTemplate":"https:\/\/www.allscore.de\/shop\/?s={search_term_string}"},"query-input":{"@type":"PropertyValueSpecification","valueRequired":true,"valueName":"search_term_string"}}],"inLanguage":"de"},{"@type":"Organization","@id":"https:\/\/www.allscore.de\/shop\/#organization","name":"All Score Media","alternateName":"Allscore","url":"https:\/\/www.allscore.de\/shop\/","logo":{"@type":"ImageObject","inLanguage":"de","@id":"https:\/\/www.allscore.de\/shop\/#\/schema\/logo\/image\/","url":"https:\/\/www.allscore.de\/shop\/wp-content\/uploads\/2026\/01\/Logo_Yoast_Shop_2026.png","contentUrl":"https:\/\/www.allscore.de\/shop\/wp-content\/uploads\/2026\/01\/Logo_Yoast_Shop_2026.png","width":696,"height":696,"caption":"All Score Media"},"image":{"@id":"https:\/\/www.allscore.de\/shop\/#\/schema\/logo\/image\/"}}]}},"_links":{"self":[{"href":"https:\/\/www.allscore.de\/shop\/wp-json\/wp\/v2\/product\/14948","targetHints":{"allow":["GET"]}}],"collection":[{"href":"https:\/\/www.allscore.de\/shop\/wp-json\/wp\/v2\/product"}],"about":[{"href":"https:\/\/www.allscore.de\/shop\/wp-json\/wp\/v2\/types\/product"}],"wp:featuredmedia":[{"embeddable":true,"href":"https:\/\/www.allscore.de\/shop\/wp-json\/wp\/v2\/media\/14943"}],"wp:attachment":[{"href":"https:\/\/www.allscore.de\/shop\/wp-json\/wp\/v2\/media?parent=14948"}],"wp:term":[{"taxonomy":"product_brand","embeddable":true,"href":"https:\/\/www.allscore.de\/shop\/wp-json\/wp\/v2\/product_brand?post=14948"},{"taxonomy":"product_cat","embeddable":true,"href":"https:\/\/www.allscore.de\/shop\/wp-json\/wp\/v2\/product_cat?post=14948"},{"taxonomy":"product_tag","embeddable":true,"href":"https:\/\/www.allscore.de\/shop\/wp-json\/wp\/v2\/product_tag?post=14948"}],"curies":[{"name":"wp","href":"https:\/\/api.w.org\/{rel}","templated":true}]}}