{"id":14873,"date":"2026-03-11T16:33:22","date_gmt":"2026-03-11T15:33:22","guid":{"rendered":"https:\/\/www.allscore.de\/shop\/?post_type=product&#038;p=14873"},"modified":"2026-04-18T16:49:41","modified_gmt":"2026-04-18T14:49:41","slug":"peter-thomas-sound-orchester-raumpatrouille-orion-cd","status":"publish","type":"product","link":"https:\/\/www.allscore.de\/shop\/produkt\/peter-thomas-sound-orchester-raumpatrouille-orion-cd\/","title":{"rendered":"Peter Thomas Sound Orchester &#8211; Raumpatrouille Orion (CD)"},"content":{"rendered":"<p>Peter Thomas Sound Orchester &#8211; Raumpatrouille Orion (CD)<br \/>\nMusic from the original tv-series (revised)<\/p>\n<p>Die siebte Ver\u00f6ffentlichung unserer Peter-Thomas-Reihe widmet sich der Filmmusik f\u00fcr die erste und bekannteste deutsche Science-Fiction-Fernsehserie RAUMPATROUILLE (umgangssprachlich auch RAUMPATROUILLE ORION). P\u00fcnktlich zum 60-j\u00e4hrigen Jubil\u00e4um des siebenteiligen Stra\u00dfenfegers (Erstausstrahlung: 17.9.1966 in der ARD) erscheint dieses legend\u00e4re und um bisher unver\u00f6ffentlichte Tracks erweiterte Highlight aus Peter Thomas\u2018 Schaffen erneut auf CD und LP.<\/p>\n<p>Selten hat die Musik zu einer Fernsehserie solch eine Strahlkraft \u00fcber die Bilder hinaus entwickelt wie dieser Soundtrack. Die Titelmusik kann heute ohne Z\u00f6gern als ikonisch bezeichnet werden. Alleine der Vocoder-Countdown zu Beginn wird und wurde unz\u00e4hlige Male verwendet. Von Pulp \u00fcber Pizzicato Five und Combustible Edison zu Die Fantastischen Vier und Mousse T wurde die RAUMPATROUILLE-Musik gecovert, gesampelt und geremixt.<\/p>\n<p>Seit 1966 gab es bereits etliche Tontr\u00e4gerver\u00f6ffentlichungen in unterschiedlichen Editionen, trotzdem ist es uns in Zusammenarbeit mit Peter Thomas\u2018 Sohn Philip gelungen, den Soundtrack um vier bisher unver\u00f6ffentlichte St\u00fccke, gefunden im Nachlass des Komponisten, zu erg\u00e4nzen. Basis der vorliegenden LP-Ver\u00f6ffentlichung ist die Original-Philips-LP von 1966, erg\u00e4nzt um die vier neuen Titel. Daf\u00fcr mussten drei Titel weichen, die allerdings nie in der Serie verwendet wurden.<br \/>\nDiese LP enth\u00e4lt also ausschlie\u00dflich Originalmusik aus der Serie, bis auf einen Titel, den wir &#8211; obwohl ebenfalls nicht in der Serie enthalten &#8211; nicht zu entnehmen wagten: \u201eBolero on the Moon Rocks\u201c, auf dessen Sample der Pulp-Hit \u201eThis is Hardcore\u201c (1998) basiert, und das so zu ganz eigenem Ruhm gelangte.<br \/>\nNeben der (fast) puristischen Originalmusik auf der LP enth\u00e4lt die CD mit \u00fcber 60 Minuten Laufzeit alle weiteren Original-Titel und Outtakes, die \u00fcber die Jahre zum Soundtrack hinzugef\u00fcgt wurden. Sp\u00e4ter \u201ehinzufabuliertes F\u00fcllmaterial\u201c wurde aus Platzgr\u00fcnden bzw. mangels Relevanz weggelassen.<\/p>\n<p>&nbsp;<\/p>\n<p><strong>Trackliste CD:<\/strong><\/p>\n<p>01.    Space-Patrol (Raumpatrouille)<br \/>\n02.    Shub-A-Dooe<br \/>\n03.    McLane In Command *<br \/>\n04.    Love In Space<br \/>\n05.    Bolero On The Moon Rocks<br \/>\n06.    Hyperion 29 Out Of Control *<br \/>\n07.    Song And Sound The Stars Around<br \/>\n08.    Landing On The Moon<br \/>\n09.    Piccicato In Heaven<br \/>\n10.    Outside Atmosphere<br \/>\n11.    Take Sex<br \/>\n12.    Jupiter&#8217;s Pop Music<br \/>\n13.    Sky-Life<br \/>\n14.    Guardians Of The Law *<br \/>\n15.    Ballet<br \/>\n16.    Orion 2000<br \/>\n17.    Danger For The Crew<br \/>\n18.    The Space Patrol&#8217;s Return<br \/>\n19.    Space-Patrol (Raumpatrouille) (Original TV-Version) *<br \/>\n20.    Enter The Crew<br \/>\n21.    Lancet Bossa Nova<br \/>\n22.    Position-Overkill<br \/>\n23.    Attention Frogs<br \/>\n24.    Starlight Party<br \/>\n25.    Invasion<br \/>\n26.    Vision Gamma<br \/>\n27.    Calling Earth<br \/>\n28.    Last Minute<br \/>\n29.    Camerata<br \/>\n30.    Till The Blue Moon<\/p>\n<p>* Bisher unver\u00f6ffentlicht<\/p>\n<p>In dieser Reihe, die dem gro\u00dfen deutschen Komponisten <strong>Peter Thomas<\/strong> (1925-2020) gewidmet ist, erschienen bisher:<br \/>\nASM 048: <strong>Bruce Lee: The Big Boss<\/strong> &#8211; Original Motion Picture Soundtrack (revised)<br \/>\nASM 049: <strong>Winnetou und sein Freund Old Firehand<\/strong> &#8211; Original Motion Picture Soundtrack (revised)<br \/>\nASM 051: <strong>Steiner &#8211; Das Eiserne Kreuz 2<\/strong> &#8211; Original Motion Picture Soundtrack (revised)<br \/>\nASM 057: <strong>Edgar Wallace<\/strong> &#8211; Music from the original movies (revised)<br \/>\nASM 058: <strong>Derrick &amp; Der Alte<\/strong> &#8211; Music from the original tv-series (1974-1984)<br \/>\nASM 063: <strong>Der Kommissar<\/strong> &#8211; Music from the original tv-series (1969-1972)<\/p>\n","protected":false},"excerpt":{"rendered":"<p>Diese CD im Digipack erscheint am 29. Mai 2026 und kann ab sofort hier vorbestellt werden. <\/p>\n","protected":false},"featured_media":14875,"template":"","meta":[],"product_brand":[],"product_cat":[617,221,105],"product_tag":[],"class_list":{"0":"post-14873","1":"product","2":"type-product","3":"status-publish","4":"has-post-thumbnail","6":"product_cat-peter-thomas-sound-orchester","7":"product_cat-science-fiction","8":"product_cat-soundtracks","9":"product_shipping_class-tontraeger-cd","10":"entry","11":"clearfix","12":"entry-grid","13":"entry-columns-3","14":"entry-product-module-layout-sidebar-right","15":"thumbnail-color-tone-dark","16":"entry-product","18":"entry-product-grid","20":"first","21":"instock","22":"taxable","23":"shipping-taxable","24":"purchasable","25":"product-type-simple"},"yoast_head":"<!-- This site is optimized with the Yoast SEO plugin v27.4 - https:\/\/yoast.com\/product\/yoast-seo-wordpress\/ -->\n<title>Peter Thomas Sound Orchester - Raumpatrouille Orion (CD)<\/title>\n<meta name=\"description\" content=\"Peter Thomas Sound Orchester - Raumpatrouille Orion - music from the original tv-series (revised). CD im aufw\u00e4ndig gestalteten Digipack,\" \/>\n<meta name=\"robots\" content=\"index, follow, max-snippet:-1, max-image-preview:large, max-video-preview:-1\" \/>\n<link rel=\"canonical\" href=\"https:\/\/www.allscore.de\/shop\/produkt\/peter-thomas-sound-orchester-raumpatrouille-orion-cd\/\" \/>\n<meta property=\"og:locale\" content=\"de_DE\" \/>\n<meta property=\"og:type\" content=\"article\" \/>\n<meta property=\"og:title\" content=\"Peter Thomas Sound Orchester - Raumpatrouille Orion (CD)\" \/>\n<meta property=\"og:description\" content=\"Music from the original tv-series (revised). CD im aufw\u00e4ndig gestalteten Digipack.\" \/>\n<meta property=\"og:url\" content=\"https:\/\/www.allscore.de\/shop\/produkt\/peter-thomas-sound-orchester-raumpatrouille-orion-cd\/\" \/>\n<meta property=\"og:site_name\" content=\"Allscore Shop\" \/>\n<meta property=\"article:modified_time\" content=\"2026-04-18T14:49:41+00:00\" \/>\n<meta property=\"og:image\" content=\"https:\/\/www.allscore.de\/shop\/wp-content\/uploads\/2026\/03\/ASM065_1200x1200.jpg\" \/>\n\t<meta property=\"og:image:width\" content=\"1200\" \/>\n\t<meta property=\"og:image:height\" content=\"1200\" \/>\n\t<meta property=\"og:image:type\" content=\"image\/jpeg\" \/>\n<meta name=\"twitter:card\" content=\"summary_large_image\" \/>\n<meta name=\"twitter:label1\" content=\"Gesch\u00e4tzte Lesezeit\" \/>\n\t<meta name=\"twitter:data1\" content=\"4\u00a0Minuten\" \/>\n<script type=\"application\/ld+json\" class=\"yoast-schema-graph\">{\"@context\":\"https:\\\/\\\/schema.org\",\"@graph\":[{\"@type\":\"WebPage\",\"@id\":\"https:\\\/\\\/www.allscore.de\\\/shop\\\/produkt\\\/peter-thomas-sound-orchester-raumpatrouille-orion-cd\\\/\",\"url\":\"https:\\\/\\\/www.allscore.de\\\/shop\\\/produkt\\\/peter-thomas-sound-orchester-raumpatrouille-orion-cd\\\/\",\"name\":\"Peter Thomas Sound Orchester - Raumpatrouille Orion (CD)\",\"isPartOf\":{\"@id\":\"https:\\\/\\\/www.allscore.de\\\/shop\\\/#website\"},\"primaryImageOfPage\":{\"@id\":\"https:\\\/\\\/www.allscore.de\\\/shop\\\/produkt\\\/peter-thomas-sound-orchester-raumpatrouille-orion-cd\\\/#primaryimage\"},\"image\":{\"@id\":\"https:\\\/\\\/www.allscore.de\\\/shop\\\/produkt\\\/peter-thomas-sound-orchester-raumpatrouille-orion-cd\\\/#primaryimage\"},\"thumbnailUrl\":\"https:\\\/\\\/www.allscore.de\\\/shop\\\/wp-content\\\/uploads\\\/2026\\\/03\\\/ASM065_1200x1200.jpg\",\"datePublished\":\"2026-03-11T15:33:22+00:00\",\"dateModified\":\"2026-04-18T14:49:41+00:00\",\"description\":\"Peter Thomas Sound Orchester - Raumpatrouille Orion - music from the original tv-series (revised). CD im aufw\u00e4ndig gestalteten Digipack,\",\"breadcrumb\":{\"@id\":\"https:\\\/\\\/www.allscore.de\\\/shop\\\/produkt\\\/peter-thomas-sound-orchester-raumpatrouille-orion-cd\\\/#breadcrumb\"},\"inLanguage\":\"de\",\"potentialAction\":[{\"@type\":\"ReadAction\",\"target\":[\"https:\\\/\\\/www.allscore.de\\\/shop\\\/produkt\\\/peter-thomas-sound-orchester-raumpatrouille-orion-cd\\\/\"]}]},{\"@type\":\"ImageObject\",\"inLanguage\":\"de\",\"@id\":\"https:\\\/\\\/www.allscore.de\\\/shop\\\/produkt\\\/peter-thomas-sound-orchester-raumpatrouille-orion-cd\\\/#primaryimage\",\"url\":\"https:\\\/\\\/www.allscore.de\\\/shop\\\/wp-content\\\/uploads\\\/2026\\\/03\\\/ASM065_1200x1200.jpg\",\"contentUrl\":\"https:\\\/\\\/www.allscore.de\\\/shop\\\/wp-content\\\/uploads\\\/2026\\\/03\\\/ASM065_1200x1200.jpg\",\"width\":1200,\"height\":1200,\"caption\":\"Raumpatrouille Orion\"},{\"@type\":\"BreadcrumbList\",\"@id\":\"https:\\\/\\\/www.allscore.de\\\/shop\\\/produkt\\\/peter-thomas-sound-orchester-raumpatrouille-orion-cd\\\/#breadcrumb\",\"itemListElement\":[{\"@type\":\"ListItem\",\"position\":1,\"name\":\"Startseite\",\"item\":\"https:\\\/\\\/www.allscore.de\\\/shop\\\/\"},{\"@type\":\"ListItem\",\"position\":2,\"name\":\"Produkte\",\"item\":\"https:\\\/\\\/www.allscore.de\\\/shop\\\/shop\\\/\"},{\"@type\":\"ListItem\",\"position\":3,\"name\":\"Peter Thomas Sound Orchester &#8211; Raumpatrouille Orion (CD)\"}]},{\"@type\":\"WebSite\",\"@id\":\"https:\\\/\\\/www.allscore.de\\\/shop\\\/#website\",\"url\":\"https:\\\/\\\/www.allscore.de\\\/shop\\\/\",\"name\":\"Allscore Shop\",\"description\":\"All Score Media\",\"publisher\":{\"@id\":\"https:\\\/\\\/www.allscore.de\\\/shop\\\/#organization\"},\"potentialAction\":[{\"@type\":\"SearchAction\",\"target\":{\"@type\":\"EntryPoint\",\"urlTemplate\":\"https:\\\/\\\/www.allscore.de\\\/shop\\\/?s={search_term_string}\"},\"query-input\":{\"@type\":\"PropertyValueSpecification\",\"valueRequired\":true,\"valueName\":\"search_term_string\"}}],\"inLanguage\":\"de\"},{\"@type\":\"Organization\",\"@id\":\"https:\\\/\\\/www.allscore.de\\\/shop\\\/#organization\",\"name\":\"All Score Media\",\"alternateName\":\"Allscore\",\"url\":\"https:\\\/\\\/www.allscore.de\\\/shop\\\/\",\"logo\":{\"@type\":\"ImageObject\",\"inLanguage\":\"de\",\"@id\":\"https:\\\/\\\/www.allscore.de\\\/shop\\\/#\\\/schema\\\/logo\\\/image\\\/\",\"url\":\"https:\\\/\\\/www.allscore.de\\\/shop\\\/wp-content\\\/uploads\\\/2026\\\/01\\\/Logo_Yoast_Shop_2026.png\",\"contentUrl\":\"https:\\\/\\\/www.allscore.de\\\/shop\\\/wp-content\\\/uploads\\\/2026\\\/01\\\/Logo_Yoast_Shop_2026.png\",\"width\":696,\"height\":696,\"caption\":\"All Score Media\"},\"image\":{\"@id\":\"https:\\\/\\\/www.allscore.de\\\/shop\\\/#\\\/schema\\\/logo\\\/image\\\/\"}}]}<\/script>\n<!-- \/ Yoast SEO plugin. -->","yoast_head_json":{"title":"Peter Thomas Sound Orchester - Raumpatrouille Orion (CD)","description":"Peter Thomas Sound Orchester - Raumpatrouille Orion - music from the original tv-series (revised). CD im aufw\u00e4ndig gestalteten Digipack,","robots":{"index":"index","follow":"follow","max-snippet":"max-snippet:-1","max-image-preview":"max-image-preview:large","max-video-preview":"max-video-preview:-1"},"canonical":"https:\/\/www.allscore.de\/shop\/produkt\/peter-thomas-sound-orchester-raumpatrouille-orion-cd\/","og_locale":"de_DE","og_type":"article","og_title":"Peter Thomas Sound Orchester - Raumpatrouille Orion (CD)","og_description":"Music from the original tv-series (revised). CD im aufw\u00e4ndig gestalteten Digipack.","og_url":"https:\/\/www.allscore.de\/shop\/produkt\/peter-thomas-sound-orchester-raumpatrouille-orion-cd\/","og_site_name":"Allscore Shop","article_modified_time":"2026-04-18T14:49:41+00:00","og_image":[{"width":1200,"height":1200,"url":"https:\/\/www.allscore.de\/shop\/wp-content\/uploads\/2026\/03\/ASM065_1200x1200.jpg","type":"image\/jpeg"}],"twitter_card":"summary_large_image","twitter_misc":{"Gesch\u00e4tzte Lesezeit":"4\u00a0Minuten"},"schema":{"@context":"https:\/\/schema.org","@graph":[{"@type":"WebPage","@id":"https:\/\/www.allscore.de\/shop\/produkt\/peter-thomas-sound-orchester-raumpatrouille-orion-cd\/","url":"https:\/\/www.allscore.de\/shop\/produkt\/peter-thomas-sound-orchester-raumpatrouille-orion-cd\/","name":"Peter Thomas Sound Orchester - Raumpatrouille Orion (CD)","isPartOf":{"@id":"https:\/\/www.allscore.de\/shop\/#website"},"primaryImageOfPage":{"@id":"https:\/\/www.allscore.de\/shop\/produkt\/peter-thomas-sound-orchester-raumpatrouille-orion-cd\/#primaryimage"},"image":{"@id":"https:\/\/www.allscore.de\/shop\/produkt\/peter-thomas-sound-orchester-raumpatrouille-orion-cd\/#primaryimage"},"thumbnailUrl":"https:\/\/www.allscore.de\/shop\/wp-content\/uploads\/2026\/03\/ASM065_1200x1200.jpg","datePublished":"2026-03-11T15:33:22+00:00","dateModified":"2026-04-18T14:49:41+00:00","description":"Peter Thomas Sound Orchester - Raumpatrouille Orion - music from the original tv-series (revised). CD im aufw\u00e4ndig gestalteten Digipack,","breadcrumb":{"@id":"https:\/\/www.allscore.de\/shop\/produkt\/peter-thomas-sound-orchester-raumpatrouille-orion-cd\/#breadcrumb"},"inLanguage":"de","potentialAction":[{"@type":"ReadAction","target":["https:\/\/www.allscore.de\/shop\/produkt\/peter-thomas-sound-orchester-raumpatrouille-orion-cd\/"]}]},{"@type":"ImageObject","inLanguage":"de","@id":"https:\/\/www.allscore.de\/shop\/produkt\/peter-thomas-sound-orchester-raumpatrouille-orion-cd\/#primaryimage","url":"https:\/\/www.allscore.de\/shop\/wp-content\/uploads\/2026\/03\/ASM065_1200x1200.jpg","contentUrl":"https:\/\/www.allscore.de\/shop\/wp-content\/uploads\/2026\/03\/ASM065_1200x1200.jpg","width":1200,"height":1200,"caption":"Raumpatrouille Orion"},{"@type":"BreadcrumbList","@id":"https:\/\/www.allscore.de\/shop\/produkt\/peter-thomas-sound-orchester-raumpatrouille-orion-cd\/#breadcrumb","itemListElement":[{"@type":"ListItem","position":1,"name":"Startseite","item":"https:\/\/www.allscore.de\/shop\/"},{"@type":"ListItem","position":2,"name":"Produkte","item":"https:\/\/www.allscore.de\/shop\/shop\/"},{"@type":"ListItem","position":3,"name":"Peter Thomas Sound Orchester &#8211; Raumpatrouille Orion (CD)"}]},{"@type":"WebSite","@id":"https:\/\/www.allscore.de\/shop\/#website","url":"https:\/\/www.allscore.de\/shop\/","name":"Allscore Shop","description":"All Score Media","publisher":{"@id":"https:\/\/www.allscore.de\/shop\/#organization"},"potentialAction":[{"@type":"SearchAction","target":{"@type":"EntryPoint","urlTemplate":"https:\/\/www.allscore.de\/shop\/?s={search_term_string}"},"query-input":{"@type":"PropertyValueSpecification","valueRequired":true,"valueName":"search_term_string"}}],"inLanguage":"de"},{"@type":"Organization","@id":"https:\/\/www.allscore.de\/shop\/#organization","name":"All Score Media","alternateName":"Allscore","url":"https:\/\/www.allscore.de\/shop\/","logo":{"@type":"ImageObject","inLanguage":"de","@id":"https:\/\/www.allscore.de\/shop\/#\/schema\/logo\/image\/","url":"https:\/\/www.allscore.de\/shop\/wp-content\/uploads\/2026\/01\/Logo_Yoast_Shop_2026.png","contentUrl":"https:\/\/www.allscore.de\/shop\/wp-content\/uploads\/2026\/01\/Logo_Yoast_Shop_2026.png","width":696,"height":696,"caption":"All Score Media"},"image":{"@id":"https:\/\/www.allscore.de\/shop\/#\/schema\/logo\/image\/"}}]}},"_links":{"self":[{"href":"https:\/\/www.allscore.de\/shop\/wp-json\/wp\/v2\/product\/14873","targetHints":{"allow":["GET"]}}],"collection":[{"href":"https:\/\/www.allscore.de\/shop\/wp-json\/wp\/v2\/product"}],"about":[{"href":"https:\/\/www.allscore.de\/shop\/wp-json\/wp\/v2\/types\/product"}],"wp:featuredmedia":[{"embeddable":true,"href":"https:\/\/www.allscore.de\/shop\/wp-json\/wp\/v2\/media\/14875"}],"wp:attachment":[{"href":"https:\/\/www.allscore.de\/shop\/wp-json\/wp\/v2\/media?parent=14873"}],"wp:term":[{"taxonomy":"product_brand","embeddable":true,"href":"https:\/\/www.allscore.de\/shop\/wp-json\/wp\/v2\/product_brand?post=14873"},{"taxonomy":"product_cat","embeddable":true,"href":"https:\/\/www.allscore.de\/shop\/wp-json\/wp\/v2\/product_cat?post=14873"},{"taxonomy":"product_tag","embeddable":true,"href":"https:\/\/www.allscore.de\/shop\/wp-json\/wp\/v2\/product_tag?post=14873"}],"curies":[{"name":"wp","href":"https:\/\/api.w.org\/{rel}","templated":true}]}}