{"id":14867,"date":"2026-03-11T16:32:11","date_gmt":"2026-03-11T15:32:11","guid":{"rendered":"https:\/\/www.allscore.de\/shop\/?post_type=product&#038;p=14867"},"modified":"2026-04-03T15:41:17","modified_gmt":"2026-04-03T13:41:17","slug":"peter-thomas-sound-orchester-raumpatrouille-orion-lp-testpressung-nur-12-exemplare-plus-cd","status":"publish","type":"product","link":"https:\/\/www.allscore.de\/shop\/produkt\/peter-thomas-sound-orchester-raumpatrouille-orion-lp-testpressung-nur-12-exemplare-plus-cd\/","title":{"rendered":"Peter Thomas Sound Orchester &#8211; RAUMPATROUILLE ORION LP-TESTPRESSUNG (nur 12 Exemplare) plus CD!"},"content":{"rendered":"<p>Peter Thomas Sound Orchester &#8211; Raumpatrouille Orion (TESTPRESSUNG plus CD)<br \/>\nMusic from the original tv-series (revised)<\/p>\n<p>Test- bzw Wei\u00dfpressung mit Blanko-Etikett &#8222;Bio-Vinyl&#8220; in wei\u00dfer Kastentasche.<br \/>\nSeltenes Sammlerst\u00fcck in einer Auflage von 12 St\u00fcck.<br \/>\nHandnummeriert (1\/12, 2\/12,&#8230;. 12\/12).<\/p>\n<p><strong>Trackliste LP:<\/strong><\/p>\n<p>Seite A<br \/>\nA1\tSpace-Patrol (Raumpatrouille)<br \/>\nA2\tShub-A-Dooe<br \/>\nA3\tMcLane In Command *<br \/>\nA4\tLove In Space<br \/>\nA5\tBolero On The Moon Rocks<br \/>\nA6\tHyperion 29 Out Of Control *<br \/>\nA7\tSong And Sound The Stars Around<br \/>\nA8\tLanding On The Moon<br \/>\nA9\tPiccicato In Heaven<\/p>\n<p>Seite B<br \/>\nB1 \tOutside Atmosphere<br \/>\nB2\tTake Sex<br \/>\nB3\tJupiter&#8217;s Pop Music<br \/>\nB4\tSky-Life<br \/>\nB5\tGuardians Of The Law *<br \/>\nB6\tBallet<br \/>\nB7\tOrion 2000<br \/>\nB8\tDanger For The Crew<br \/>\nB9\tThe Space Patrol&#8217;s Return<br \/>\nB10\tSpace-Patrol (Raumpatrouille) (Original TV-Version) *<\/p>\n<p>* Bisher unver\u00f6ffentlicht<\/p>\n","protected":false},"excerpt":{"rendered":"<p>Test- bzw Wei\u00dfpressung mit Blanko-Etikett &#8222;Bio-Vinyl&#8220; in wei\u00dfer Kastentasche, dazu die entsprechende Original-CD.<br \/>\nDie Tespressung wird sofort verschickt, die CD wird zum Ver\u00f6ffentlichungsdatum (29.05.26) nachgereicht.<\/p>\n","protected":false},"featured_media":12669,"template":"","meta":[],"product_brand":[],"product_cat":[617,428,221,105,153],"product_tag":[605,631],"class_list":{"0":"post-14867","1":"product","2":"type-product","3":"status-publish","4":"has-post-thumbnail","6":"product_cat-peter-thomas-sound-orchester","7":"product_cat-raritaeten","8":"product_cat-science-fiction","9":"product_cat-soundtracks","10":"product_cat-specials","11":"product_tag-testpressung","12":"product_tag-weissmuster","13":"product_shipping_class-tontraeger-schallplatte","14":"entry","15":"clearfix","16":"entry-grid","17":"entry-columns-3","18":"entry-product-module-layout-sidebar-right","19":"thumbnail-color-tone-light","20":"entry-product","22":"entry-product-grid","24":"first","25":"instock","26":"taxable","27":"shipping-taxable","28":"purchasable","29":"product-type-simple"},"yoast_head":"<!-- This site is optimized with the Yoast SEO plugin v27.4 - https:\/\/yoast.com\/product\/yoast-seo-wordpress\/ -->\n<title>Peter Thomas Sound Orchester - RAUMPATROUILLE ORION LP-TESTPRESSUNG (nur 12 Exemplare) plus CD!<\/title>\n<meta name=\"description\" content=\"Test- bzw Wei\u00dfpressung mit Blanko-Etikett &quot;Bio-Vinyl&quot; in wei\u00dfer Kastentasche, dazu die entsprechende Original-CD. Die Tespressung wird sofort verschickt, die CD wird zum Ver\u00f6ffentlichungsdatum (29.05.26) nachgereicht.\" \/>\n<meta name=\"robots\" content=\"index, follow, max-snippet:-1, max-image-preview:large, max-video-preview:-1\" \/>\n<link rel=\"canonical\" href=\"https:\/\/www.allscore.de\/shop\/produkt\/peter-thomas-sound-orchester-raumpatrouille-orion-lp-testpressung-nur-12-exemplare-plus-cd\/\" \/>\n<meta property=\"og:locale\" content=\"de_DE\" \/>\n<meta property=\"og:type\" content=\"article\" \/>\n<meta property=\"og:title\" content=\"Peter Thomas Sound Orchester - RAUMPATROUILLE ORION LP-TESTPRESSUNG (nur 12 Exemplare) plus CD!\" \/>\n<meta property=\"og:description\" content=\"Test- bzw Wei\u00dfpressung mit Blanko-Etikett &quot;Bio-Vinyl&quot; in wei\u00dfer Kastentasche, dazu die entsprechende Original-CD. Die Tespressung wird sofort verschickt, die CD wird zum Ver\u00f6ffentlichungsdatum (29.05.26) nachgereicht.\" \/>\n<meta property=\"og:url\" content=\"https:\/\/www.allscore.de\/shop\/produkt\/peter-thomas-sound-orchester-raumpatrouille-orion-lp-testpressung-nur-12-exemplare-plus-cd\/\" \/>\n<meta property=\"og:site_name\" content=\"Allscore Shop\" \/>\n<meta property=\"article:modified_time\" content=\"2026-04-03T13:41:17+00:00\" \/>\n<meta property=\"og:image\" content=\"https:\/\/www.allscore.de\/shop\/wp-content\/uploads\/2024\/02\/SHLP56_TP.jpg\" \/>\n\t<meta property=\"og:image:width\" content=\"1200\" \/>\n\t<meta property=\"og:image:height\" content=\"1200\" \/>\n\t<meta property=\"og:image:type\" content=\"image\/jpeg\" \/>\n<meta name=\"twitter:card\" content=\"summary_large_image\" \/>\n<meta name=\"twitter:label1\" content=\"Gesch\u00e4tzte Lesezeit\" \/>\n\t<meta name=\"twitter:data1\" content=\"3\u00a0Minuten\" \/>\n<script type=\"application\/ld+json\" class=\"yoast-schema-graph\">{\"@context\":\"https:\\\/\\\/schema.org\",\"@graph\":[{\"@type\":\"WebPage\",\"@id\":\"https:\\\/\\\/www.allscore.de\\\/shop\\\/produkt\\\/peter-thomas-sound-orchester-raumpatrouille-orion-lp-testpressung-nur-12-exemplare-plus-cd\\\/\",\"url\":\"https:\\\/\\\/www.allscore.de\\\/shop\\\/produkt\\\/peter-thomas-sound-orchester-raumpatrouille-orion-lp-testpressung-nur-12-exemplare-plus-cd\\\/\",\"name\":\"Peter Thomas Sound Orchester - RAUMPATROUILLE ORION LP-TESTPRESSUNG (nur 12 Exemplare) plus CD!\",\"isPartOf\":{\"@id\":\"https:\\\/\\\/www.allscore.de\\\/shop\\\/#website\"},\"primaryImageOfPage\":{\"@id\":\"https:\\\/\\\/www.allscore.de\\\/shop\\\/produkt\\\/peter-thomas-sound-orchester-raumpatrouille-orion-lp-testpressung-nur-12-exemplare-plus-cd\\\/#primaryimage\"},\"image\":{\"@id\":\"https:\\\/\\\/www.allscore.de\\\/shop\\\/produkt\\\/peter-thomas-sound-orchester-raumpatrouille-orion-lp-testpressung-nur-12-exemplare-plus-cd\\\/#primaryimage\"},\"thumbnailUrl\":\"https:\\\/\\\/www.allscore.de\\\/shop\\\/wp-content\\\/uploads\\\/2024\\\/02\\\/SHLP56_TP.jpg\",\"datePublished\":\"2026-03-11T15:32:11+00:00\",\"dateModified\":\"2026-04-03T13:41:17+00:00\",\"description\":\"Test- bzw Wei\u00dfpressung mit Blanko-Etikett \\\"Bio-Vinyl\\\" in wei\u00dfer Kastentasche, dazu die entsprechende Original-CD. Die Tespressung wird sofort verschickt, die CD wird zum Ver\u00f6ffentlichungsdatum (29.05.26) nachgereicht.\",\"breadcrumb\":{\"@id\":\"https:\\\/\\\/www.allscore.de\\\/shop\\\/produkt\\\/peter-thomas-sound-orchester-raumpatrouille-orion-lp-testpressung-nur-12-exemplare-plus-cd\\\/#breadcrumb\"},\"inLanguage\":\"de\",\"potentialAction\":[{\"@type\":\"ReadAction\",\"target\":[\"https:\\\/\\\/www.allscore.de\\\/shop\\\/produkt\\\/peter-thomas-sound-orchester-raumpatrouille-orion-lp-testpressung-nur-12-exemplare-plus-cd\\\/\"]}]},{\"@type\":\"ImageObject\",\"inLanguage\":\"de\",\"@id\":\"https:\\\/\\\/www.allscore.de\\\/shop\\\/produkt\\\/peter-thomas-sound-orchester-raumpatrouille-orion-lp-testpressung-nur-12-exemplare-plus-cd\\\/#primaryimage\",\"url\":\"https:\\\/\\\/www.allscore.de\\\/shop\\\/wp-content\\\/uploads\\\/2024\\\/02\\\/SHLP56_TP.jpg\",\"contentUrl\":\"https:\\\/\\\/www.allscore.de\\\/shop\\\/wp-content\\\/uploads\\\/2024\\\/02\\\/SHLP56_TP.jpg\",\"width\":1200,\"height\":1200,\"caption\":\"Testpressung\"},{\"@type\":\"BreadcrumbList\",\"@id\":\"https:\\\/\\\/www.allscore.de\\\/shop\\\/produkt\\\/peter-thomas-sound-orchester-raumpatrouille-orion-lp-testpressung-nur-12-exemplare-plus-cd\\\/#breadcrumb\",\"itemListElement\":[{\"@type\":\"ListItem\",\"position\":1,\"name\":\"Startseite\",\"item\":\"https:\\\/\\\/www.allscore.de\\\/shop\\\/\"},{\"@type\":\"ListItem\",\"position\":2,\"name\":\"Produkte\",\"item\":\"https:\\\/\\\/www.allscore.de\\\/shop\\\/shop\\\/\"},{\"@type\":\"ListItem\",\"position\":3,\"name\":\"Peter Thomas Sound Orchester &#8211; RAUMPATROUILLE ORION LP-TESTPRESSUNG (nur 12 Exemplare) plus CD!\"}]},{\"@type\":\"WebSite\",\"@id\":\"https:\\\/\\\/www.allscore.de\\\/shop\\\/#website\",\"url\":\"https:\\\/\\\/www.allscore.de\\\/shop\\\/\",\"name\":\"Allscore Shop\",\"description\":\"All Score Media\",\"publisher\":{\"@id\":\"https:\\\/\\\/www.allscore.de\\\/shop\\\/#organization\"},\"potentialAction\":[{\"@type\":\"SearchAction\",\"target\":{\"@type\":\"EntryPoint\",\"urlTemplate\":\"https:\\\/\\\/www.allscore.de\\\/shop\\\/?s={search_term_string}\"},\"query-input\":{\"@type\":\"PropertyValueSpecification\",\"valueRequired\":true,\"valueName\":\"search_term_string\"}}],\"inLanguage\":\"de\"},{\"@type\":\"Organization\",\"@id\":\"https:\\\/\\\/www.allscore.de\\\/shop\\\/#organization\",\"name\":\"All Score Media\",\"alternateName\":\"Allscore\",\"url\":\"https:\\\/\\\/www.allscore.de\\\/shop\\\/\",\"logo\":{\"@type\":\"ImageObject\",\"inLanguage\":\"de\",\"@id\":\"https:\\\/\\\/www.allscore.de\\\/shop\\\/#\\\/schema\\\/logo\\\/image\\\/\",\"url\":\"https:\\\/\\\/www.allscore.de\\\/shop\\\/wp-content\\\/uploads\\\/2026\\\/01\\\/Logo_Yoast_Shop_2026.png\",\"contentUrl\":\"https:\\\/\\\/www.allscore.de\\\/shop\\\/wp-content\\\/uploads\\\/2026\\\/01\\\/Logo_Yoast_Shop_2026.png\",\"width\":696,\"height\":696,\"caption\":\"All Score Media\"},\"image\":{\"@id\":\"https:\\\/\\\/www.allscore.de\\\/shop\\\/#\\\/schema\\\/logo\\\/image\\\/\"}}]}<\/script>\n<!-- \/ Yoast SEO plugin. -->","yoast_head_json":{"title":"Peter Thomas Sound Orchester - RAUMPATROUILLE ORION LP-TESTPRESSUNG (nur 12 Exemplare) plus CD!","description":"Test- bzw Wei\u00dfpressung mit Blanko-Etikett \"Bio-Vinyl\" in wei\u00dfer Kastentasche, dazu die entsprechende Original-CD. Die Tespressung wird sofort verschickt, die CD wird zum Ver\u00f6ffentlichungsdatum (29.05.26) nachgereicht.","robots":{"index":"index","follow":"follow","max-snippet":"max-snippet:-1","max-image-preview":"max-image-preview:large","max-video-preview":"max-video-preview:-1"},"canonical":"https:\/\/www.allscore.de\/shop\/produkt\/peter-thomas-sound-orchester-raumpatrouille-orion-lp-testpressung-nur-12-exemplare-plus-cd\/","og_locale":"de_DE","og_type":"article","og_title":"Peter Thomas Sound Orchester - RAUMPATROUILLE ORION LP-TESTPRESSUNG (nur 12 Exemplare) plus CD!","og_description":"Test- bzw Wei\u00dfpressung mit Blanko-Etikett \"Bio-Vinyl\" in wei\u00dfer Kastentasche, dazu die entsprechende Original-CD. Die Tespressung wird sofort verschickt, die CD wird zum Ver\u00f6ffentlichungsdatum (29.05.26) nachgereicht.","og_url":"https:\/\/www.allscore.de\/shop\/produkt\/peter-thomas-sound-orchester-raumpatrouille-orion-lp-testpressung-nur-12-exemplare-plus-cd\/","og_site_name":"Allscore Shop","article_modified_time":"2026-04-03T13:41:17+00:00","og_image":[{"width":1200,"height":1200,"url":"https:\/\/www.allscore.de\/shop\/wp-content\/uploads\/2024\/02\/SHLP56_TP.jpg","type":"image\/jpeg"}],"twitter_card":"summary_large_image","twitter_misc":{"Gesch\u00e4tzte Lesezeit":"3\u00a0Minuten"},"schema":{"@context":"https:\/\/schema.org","@graph":[{"@type":"WebPage","@id":"https:\/\/www.allscore.de\/shop\/produkt\/peter-thomas-sound-orchester-raumpatrouille-orion-lp-testpressung-nur-12-exemplare-plus-cd\/","url":"https:\/\/www.allscore.de\/shop\/produkt\/peter-thomas-sound-orchester-raumpatrouille-orion-lp-testpressung-nur-12-exemplare-plus-cd\/","name":"Peter Thomas Sound Orchester - RAUMPATROUILLE ORION LP-TESTPRESSUNG (nur 12 Exemplare) plus CD!","isPartOf":{"@id":"https:\/\/www.allscore.de\/shop\/#website"},"primaryImageOfPage":{"@id":"https:\/\/www.allscore.de\/shop\/produkt\/peter-thomas-sound-orchester-raumpatrouille-orion-lp-testpressung-nur-12-exemplare-plus-cd\/#primaryimage"},"image":{"@id":"https:\/\/www.allscore.de\/shop\/produkt\/peter-thomas-sound-orchester-raumpatrouille-orion-lp-testpressung-nur-12-exemplare-plus-cd\/#primaryimage"},"thumbnailUrl":"https:\/\/www.allscore.de\/shop\/wp-content\/uploads\/2024\/02\/SHLP56_TP.jpg","datePublished":"2026-03-11T15:32:11+00:00","dateModified":"2026-04-03T13:41:17+00:00","description":"Test- bzw Wei\u00dfpressung mit Blanko-Etikett \"Bio-Vinyl\" in wei\u00dfer Kastentasche, dazu die entsprechende Original-CD. Die Tespressung wird sofort verschickt, die CD wird zum Ver\u00f6ffentlichungsdatum (29.05.26) nachgereicht.","breadcrumb":{"@id":"https:\/\/www.allscore.de\/shop\/produkt\/peter-thomas-sound-orchester-raumpatrouille-orion-lp-testpressung-nur-12-exemplare-plus-cd\/#breadcrumb"},"inLanguage":"de","potentialAction":[{"@type":"ReadAction","target":["https:\/\/www.allscore.de\/shop\/produkt\/peter-thomas-sound-orchester-raumpatrouille-orion-lp-testpressung-nur-12-exemplare-plus-cd\/"]}]},{"@type":"ImageObject","inLanguage":"de","@id":"https:\/\/www.allscore.de\/shop\/produkt\/peter-thomas-sound-orchester-raumpatrouille-orion-lp-testpressung-nur-12-exemplare-plus-cd\/#primaryimage","url":"https:\/\/www.allscore.de\/shop\/wp-content\/uploads\/2024\/02\/SHLP56_TP.jpg","contentUrl":"https:\/\/www.allscore.de\/shop\/wp-content\/uploads\/2024\/02\/SHLP56_TP.jpg","width":1200,"height":1200,"caption":"Testpressung"},{"@type":"BreadcrumbList","@id":"https:\/\/www.allscore.de\/shop\/produkt\/peter-thomas-sound-orchester-raumpatrouille-orion-lp-testpressung-nur-12-exemplare-plus-cd\/#breadcrumb","itemListElement":[{"@type":"ListItem","position":1,"name":"Startseite","item":"https:\/\/www.allscore.de\/shop\/"},{"@type":"ListItem","position":2,"name":"Produkte","item":"https:\/\/www.allscore.de\/shop\/shop\/"},{"@type":"ListItem","position":3,"name":"Peter Thomas Sound Orchester &#8211; RAUMPATROUILLE ORION LP-TESTPRESSUNG (nur 12 Exemplare) plus CD!"}]},{"@type":"WebSite","@id":"https:\/\/www.allscore.de\/shop\/#website","url":"https:\/\/www.allscore.de\/shop\/","name":"Allscore Shop","description":"All Score Media","publisher":{"@id":"https:\/\/www.allscore.de\/shop\/#organization"},"potentialAction":[{"@type":"SearchAction","target":{"@type":"EntryPoint","urlTemplate":"https:\/\/www.allscore.de\/shop\/?s={search_term_string}"},"query-input":{"@type":"PropertyValueSpecification","valueRequired":true,"valueName":"search_term_string"}}],"inLanguage":"de"},{"@type":"Organization","@id":"https:\/\/www.allscore.de\/shop\/#organization","name":"All Score Media","alternateName":"Allscore","url":"https:\/\/www.allscore.de\/shop\/","logo":{"@type":"ImageObject","inLanguage":"de","@id":"https:\/\/www.allscore.de\/shop\/#\/schema\/logo\/image\/","url":"https:\/\/www.allscore.de\/shop\/wp-content\/uploads\/2026\/01\/Logo_Yoast_Shop_2026.png","contentUrl":"https:\/\/www.allscore.de\/shop\/wp-content\/uploads\/2026\/01\/Logo_Yoast_Shop_2026.png","width":696,"height":696,"caption":"All Score Media"},"image":{"@id":"https:\/\/www.allscore.de\/shop\/#\/schema\/logo\/image\/"}}]}},"_links":{"self":[{"href":"https:\/\/www.allscore.de\/shop\/wp-json\/wp\/v2\/product\/14867","targetHints":{"allow":["GET"]}}],"collection":[{"href":"https:\/\/www.allscore.de\/shop\/wp-json\/wp\/v2\/product"}],"about":[{"href":"https:\/\/www.allscore.de\/shop\/wp-json\/wp\/v2\/types\/product"}],"wp:featuredmedia":[{"embeddable":true,"href":"https:\/\/www.allscore.de\/shop\/wp-json\/wp\/v2\/media\/12669"}],"wp:attachment":[{"href":"https:\/\/www.allscore.de\/shop\/wp-json\/wp\/v2\/media?parent=14867"}],"wp:term":[{"taxonomy":"product_brand","embeddable":true,"href":"https:\/\/www.allscore.de\/shop\/wp-json\/wp\/v2\/product_brand?post=14867"},{"taxonomy":"product_cat","embeddable":true,"href":"https:\/\/www.allscore.de\/shop\/wp-json\/wp\/v2\/product_cat?post=14867"},{"taxonomy":"product_tag","embeddable":true,"href":"https:\/\/www.allscore.de\/shop\/wp-json\/wp\/v2\/product_tag?post=14867"}],"curies":[{"name":"wp","href":"https:\/\/api.w.org\/{rel}","templated":true}]}}