{"id":14797,"date":"2026-02-03T11:00:25","date_gmt":"2026-02-03T10:00:25","guid":{"rendered":"https:\/\/www.allscore.de\/shop\/?post_type=product&#038;p=14797"},"modified":"2026-04-02T10:03:30","modified_gmt":"2026-04-02T08:03:30","slug":"geister-schocker-122-die-roggenmuhme","status":"publish","type":"product","link":"https:\/\/www.allscore.de\/shop\/produkt\/geister-schocker-122-die-roggenmuhme\/","title":{"rendered":"Geister-Schocker 122: Die Roggenmuhme"},"content":{"rendered":"<p>Geister-Schocker 122: Die Roggenmuhme<\/p>\n<p>Sie ist so alt, wie die Legenden, die man sich von ihr erz\u00e4hlt. Und ihre Gestalt wirkt so harmlos, dass der Sp\u00f6tter zu sp\u00e4t erkennt, wen, besser noch was er vor sich hat. Wer sie entfesselt, sie aus ihrem Schlaf weckt, der st\u00f6\u00dft das Tor zum Wahnsinn auf. Der Infantrist Tobias Jannasch ist gerade erst der H\u00f6lle des Drei\u00dfigj\u00e4hrigen Krieges entronnen. Die Not ist gro\u00df im Land und so beschlie\u00dft er, jenen abgelegenen Acker zu bestellen, vor dem sein Vater ihn immer eindringlich gewarnt hatte\u2026<\/p>\n<p>Tobias: Achim Buch<br \/>\nFranziska: Franciska Friede<br \/>\nMichal: Rainer Fritzsche<br \/>\nAnka: Cornelia Waibel<br \/>\nEsther: Ilka Teichm\u00fcller<br \/>\nRoggenmuhme: Antje Thiele<br \/>\nEwelin: Franziska Endres<br \/>\nMilenka: Jenny Treibel<br \/>\nBartosz: Sebastian Fitzner<br \/>\nBertold: J\u00f6rg Hengstler<\/p>\n<p>Produktion: All Score Media<br \/>\nRegie: Gerd Naumann<br \/>\nBuch und Idee: Andreas Masuth<br \/>\nMusik: Tom Steinbrecher<br \/>\nSounddesign, Mischung &#038; Master: Tom Steinbrecher<\/p>\n","protected":false},"excerpt":{"rendered":"<p>Geister-Schocker 122: Die Roggenmuhme Sie ist so alt, wie die Legenden, die man sich von ihr erz\u00e4hlt. Und ihre Gestalt wirkt so harmlos, dass der Sp\u00f6tter zu sp\u00e4t erkennt, wen, besser noch was er vor sich hat. Wer sie entfesselt, sie aus ihrem Schlaf weckt, der st\u00f6\u00dft das Tor zum Wahnsinn auf. Der Infantrist Tobias&#8230;<\/p>\n<p><a rel=\"bookmark\" class=\"vonzot-button-simple wvc-button wvc-button-size-sm\" href=\"https:\/\/www.allscore.de\/shop\/produkt\/geister-schocker-122-die-roggenmuhme\/\"><span>Read more<\/span><\/a><\/p>\n","protected":false},"featured_media":14824,"template":"","meta":[],"product_brand":[],"product_cat":[74,72],"product_tag":[],"class_list":{"0":"post-14797","1":"product","2":"type-product","3":"status-publish","4":"has-post-thumbnail","6":"product_cat-geister-schocker","7":"product_cat-hoerspiele","8":"product_shipping_class-tontraeger-cd","9":"entry","10":"clearfix","11":"entry-grid","12":"entry-columns-3","13":"entry-product-module-layout-sidebar-right","14":"thumbnail-color-tone-dark","15":"entry-product","17":"entry-product-grid","19":"first","20":"instock","21":"sale","22":"taxable","23":"shipping-taxable","24":"purchasable","25":"product-type-simple"},"yoast_head":"<!-- This site is optimized with the Yoast SEO plugin v27.3 - https:\/\/yoast.com\/product\/yoast-seo-wordpress\/ -->\n<title>Geister-Schocker 122: Die Roggenmuhme<\/title>\n<meta name=\"description\" content=\"Sie ist so alt, wie die Legenden, die man sich von ihr erz\u00e4hlt. Und ihre Gestalt wirkt so harmlos, dass der Sp\u00f6tter zu sp\u00e4t erkennt, wen er vor sich hat...\" \/>\n<meta name=\"robots\" content=\"index, follow, max-snippet:-1, max-image-preview:large, max-video-preview:-1\" \/>\n<link rel=\"canonical\" href=\"https:\/\/www.allscore.de\/shop\/produkt\/geister-schocker-122-die-roggenmuhme\/\" \/>\n<meta property=\"og:locale\" content=\"de_DE\" \/>\n<meta property=\"og:type\" content=\"article\" \/>\n<meta property=\"og:title\" content=\"Geister-Schocker 122: Die Roggenmuhme\" \/>\n<meta property=\"og:description\" content=\"Sie ist so alt, wie die Legenden, die man sich von ihr erz\u00e4hlt. Und ihre Gestalt wirkt so harmlos, dass der Sp\u00f6tter zu sp\u00e4t erkennt, wen er vor sich hat...\" \/>\n<meta property=\"og:url\" content=\"https:\/\/www.allscore.de\/shop\/produkt\/geister-schocker-122-die-roggenmuhme\/\" \/>\n<meta property=\"og:site_name\" content=\"Allscore Shop\" \/>\n<meta property=\"article:modified_time\" content=\"2026-04-02T08:03:30+00:00\" \/>\n<meta property=\"og:image\" content=\"https:\/\/www.allscore.de\/shop\/wp-content\/uploads\/2026\/02\/GS122_1200px.jpg\" \/>\n\t<meta property=\"og:image:width\" content=\"1200\" \/>\n\t<meta property=\"og:image:height\" content=\"1200\" \/>\n\t<meta property=\"og:image:type\" content=\"image\/jpeg\" \/>\n<meta name=\"twitter:card\" content=\"summary_large_image\" \/>\n<meta name=\"twitter:label1\" content=\"Gesch\u00e4tzte Lesezeit\" \/>\n\t<meta name=\"twitter:data1\" content=\"1\u00a0Minute\" \/>\n<script type=\"application\/ld+json\" class=\"yoast-schema-graph\">{\"@context\":\"https:\\\/\\\/schema.org\",\"@graph\":[{\"@type\":\"WebPage\",\"@id\":\"https:\\\/\\\/www.allscore.de\\\/shop\\\/produkt\\\/geister-schocker-122-die-roggenmuhme\\\/\",\"url\":\"https:\\\/\\\/www.allscore.de\\\/shop\\\/produkt\\\/geister-schocker-122-die-roggenmuhme\\\/\",\"name\":\"Geister-Schocker 122: Die Roggenmuhme\",\"isPartOf\":{\"@id\":\"https:\\\/\\\/www.allscore.de\\\/shop\\\/#website\"},\"primaryImageOfPage\":{\"@id\":\"https:\\\/\\\/www.allscore.de\\\/shop\\\/produkt\\\/geister-schocker-122-die-roggenmuhme\\\/#primaryimage\"},\"image\":{\"@id\":\"https:\\\/\\\/www.allscore.de\\\/shop\\\/produkt\\\/geister-schocker-122-die-roggenmuhme\\\/#primaryimage\"},\"thumbnailUrl\":\"https:\\\/\\\/www.allscore.de\\\/shop\\\/wp-content\\\/uploads\\\/2026\\\/02\\\/GS122_1200px.jpg\",\"datePublished\":\"2026-02-03T10:00:25+00:00\",\"dateModified\":\"2026-04-02T08:03:30+00:00\",\"description\":\"Sie ist so alt, wie die Legenden, die man sich von ihr erz\u00e4hlt. Und ihre Gestalt wirkt so harmlos, dass der Sp\u00f6tter zu sp\u00e4t erkennt, wen er vor sich hat...\",\"breadcrumb\":{\"@id\":\"https:\\\/\\\/www.allscore.de\\\/shop\\\/produkt\\\/geister-schocker-122-die-roggenmuhme\\\/#breadcrumb\"},\"inLanguage\":\"de\",\"potentialAction\":[{\"@type\":\"ReadAction\",\"target\":[\"https:\\\/\\\/www.allscore.de\\\/shop\\\/produkt\\\/geister-schocker-122-die-roggenmuhme\\\/\"]}]},{\"@type\":\"ImageObject\",\"inLanguage\":\"de\",\"@id\":\"https:\\\/\\\/www.allscore.de\\\/shop\\\/produkt\\\/geister-schocker-122-die-roggenmuhme\\\/#primaryimage\",\"url\":\"https:\\\/\\\/www.allscore.de\\\/shop\\\/wp-content\\\/uploads\\\/2026\\\/02\\\/GS122_1200px.jpg\",\"contentUrl\":\"https:\\\/\\\/www.allscore.de\\\/shop\\\/wp-content\\\/uploads\\\/2026\\\/02\\\/GS122_1200px.jpg\",\"width\":1200,\"height\":1200,\"caption\":\"Geister-Schocker 122: Die Roggenmuhme\"},{\"@type\":\"BreadcrumbList\",\"@id\":\"https:\\\/\\\/www.allscore.de\\\/shop\\\/produkt\\\/geister-schocker-122-die-roggenmuhme\\\/#breadcrumb\",\"itemListElement\":[{\"@type\":\"ListItem\",\"position\":1,\"name\":\"Startseite\",\"item\":\"https:\\\/\\\/www.allscore.de\\\/shop\\\/\"},{\"@type\":\"ListItem\",\"position\":2,\"name\":\"Produkte\",\"item\":\"https:\\\/\\\/www.allscore.de\\\/shop\\\/shop\\\/\"},{\"@type\":\"ListItem\",\"position\":3,\"name\":\"Geister-Schocker 122: Die Roggenmuhme\"}]},{\"@type\":\"WebSite\",\"@id\":\"https:\\\/\\\/www.allscore.de\\\/shop\\\/#website\",\"url\":\"https:\\\/\\\/www.allscore.de\\\/shop\\\/\",\"name\":\"Allscore Shop\",\"description\":\"All Score Media\",\"publisher\":{\"@id\":\"https:\\\/\\\/www.allscore.de\\\/shop\\\/#organization\"},\"potentialAction\":[{\"@type\":\"SearchAction\",\"target\":{\"@type\":\"EntryPoint\",\"urlTemplate\":\"https:\\\/\\\/www.allscore.de\\\/shop\\\/?s={search_term_string}\"},\"query-input\":{\"@type\":\"PropertyValueSpecification\",\"valueRequired\":true,\"valueName\":\"search_term_string\"}}],\"inLanguage\":\"de\"},{\"@type\":\"Organization\",\"@id\":\"https:\\\/\\\/www.allscore.de\\\/shop\\\/#organization\",\"name\":\"All Score Media\",\"alternateName\":\"Allscore\",\"url\":\"https:\\\/\\\/www.allscore.de\\\/shop\\\/\",\"logo\":{\"@type\":\"ImageObject\",\"inLanguage\":\"de\",\"@id\":\"https:\\\/\\\/www.allscore.de\\\/shop\\\/#\\\/schema\\\/logo\\\/image\\\/\",\"url\":\"https:\\\/\\\/www.allscore.de\\\/shop\\\/wp-content\\\/uploads\\\/2026\\\/01\\\/Logo_Yoast_Shop_2026.png\",\"contentUrl\":\"https:\\\/\\\/www.allscore.de\\\/shop\\\/wp-content\\\/uploads\\\/2026\\\/01\\\/Logo_Yoast_Shop_2026.png\",\"width\":696,\"height\":696,\"caption\":\"All Score Media\"},\"image\":{\"@id\":\"https:\\\/\\\/www.allscore.de\\\/shop\\\/#\\\/schema\\\/logo\\\/image\\\/\"}}]}<\/script>\n<!-- \/ Yoast SEO plugin. -->","yoast_head_json":{"title":"Geister-Schocker 122: Die Roggenmuhme","description":"Sie ist so alt, wie die Legenden, die man sich von ihr erz\u00e4hlt. Und ihre Gestalt wirkt so harmlos, dass der Sp\u00f6tter zu sp\u00e4t erkennt, wen er vor sich hat...","robots":{"index":"index","follow":"follow","max-snippet":"max-snippet:-1","max-image-preview":"max-image-preview:large","max-video-preview":"max-video-preview:-1"},"canonical":"https:\/\/www.allscore.de\/shop\/produkt\/geister-schocker-122-die-roggenmuhme\/","og_locale":"de_DE","og_type":"article","og_title":"Geister-Schocker 122: Die Roggenmuhme","og_description":"Sie ist so alt, wie die Legenden, die man sich von ihr erz\u00e4hlt. Und ihre Gestalt wirkt so harmlos, dass der Sp\u00f6tter zu sp\u00e4t erkennt, wen er vor sich hat...","og_url":"https:\/\/www.allscore.de\/shop\/produkt\/geister-schocker-122-die-roggenmuhme\/","og_site_name":"Allscore Shop","article_modified_time":"2026-04-02T08:03:30+00:00","og_image":[{"width":1200,"height":1200,"url":"https:\/\/www.allscore.de\/shop\/wp-content\/uploads\/2026\/02\/GS122_1200px.jpg","type":"image\/jpeg"}],"twitter_card":"summary_large_image","twitter_misc":{"Gesch\u00e4tzte Lesezeit":"1\u00a0Minute"},"schema":{"@context":"https:\/\/schema.org","@graph":[{"@type":"WebPage","@id":"https:\/\/www.allscore.de\/shop\/produkt\/geister-schocker-122-die-roggenmuhme\/","url":"https:\/\/www.allscore.de\/shop\/produkt\/geister-schocker-122-die-roggenmuhme\/","name":"Geister-Schocker 122: Die Roggenmuhme","isPartOf":{"@id":"https:\/\/www.allscore.de\/shop\/#website"},"primaryImageOfPage":{"@id":"https:\/\/www.allscore.de\/shop\/produkt\/geister-schocker-122-die-roggenmuhme\/#primaryimage"},"image":{"@id":"https:\/\/www.allscore.de\/shop\/produkt\/geister-schocker-122-die-roggenmuhme\/#primaryimage"},"thumbnailUrl":"https:\/\/www.allscore.de\/shop\/wp-content\/uploads\/2026\/02\/GS122_1200px.jpg","datePublished":"2026-02-03T10:00:25+00:00","dateModified":"2026-04-02T08:03:30+00:00","description":"Sie ist so alt, wie die Legenden, die man sich von ihr erz\u00e4hlt. Und ihre Gestalt wirkt so harmlos, dass der Sp\u00f6tter zu sp\u00e4t erkennt, wen er vor sich hat...","breadcrumb":{"@id":"https:\/\/www.allscore.de\/shop\/produkt\/geister-schocker-122-die-roggenmuhme\/#breadcrumb"},"inLanguage":"de","potentialAction":[{"@type":"ReadAction","target":["https:\/\/www.allscore.de\/shop\/produkt\/geister-schocker-122-die-roggenmuhme\/"]}]},{"@type":"ImageObject","inLanguage":"de","@id":"https:\/\/www.allscore.de\/shop\/produkt\/geister-schocker-122-die-roggenmuhme\/#primaryimage","url":"https:\/\/www.allscore.de\/shop\/wp-content\/uploads\/2026\/02\/GS122_1200px.jpg","contentUrl":"https:\/\/www.allscore.de\/shop\/wp-content\/uploads\/2026\/02\/GS122_1200px.jpg","width":1200,"height":1200,"caption":"Geister-Schocker 122: Die Roggenmuhme"},{"@type":"BreadcrumbList","@id":"https:\/\/www.allscore.de\/shop\/produkt\/geister-schocker-122-die-roggenmuhme\/#breadcrumb","itemListElement":[{"@type":"ListItem","position":1,"name":"Startseite","item":"https:\/\/www.allscore.de\/shop\/"},{"@type":"ListItem","position":2,"name":"Produkte","item":"https:\/\/www.allscore.de\/shop\/shop\/"},{"@type":"ListItem","position":3,"name":"Geister-Schocker 122: Die Roggenmuhme"}]},{"@type":"WebSite","@id":"https:\/\/www.allscore.de\/shop\/#website","url":"https:\/\/www.allscore.de\/shop\/","name":"Allscore Shop","description":"All Score Media","publisher":{"@id":"https:\/\/www.allscore.de\/shop\/#organization"},"potentialAction":[{"@type":"SearchAction","target":{"@type":"EntryPoint","urlTemplate":"https:\/\/www.allscore.de\/shop\/?s={search_term_string}"},"query-input":{"@type":"PropertyValueSpecification","valueRequired":true,"valueName":"search_term_string"}}],"inLanguage":"de"},{"@type":"Organization","@id":"https:\/\/www.allscore.de\/shop\/#organization","name":"All Score Media","alternateName":"Allscore","url":"https:\/\/www.allscore.de\/shop\/","logo":{"@type":"ImageObject","inLanguage":"de","@id":"https:\/\/www.allscore.de\/shop\/#\/schema\/logo\/image\/","url":"https:\/\/www.allscore.de\/shop\/wp-content\/uploads\/2026\/01\/Logo_Yoast_Shop_2026.png","contentUrl":"https:\/\/www.allscore.de\/shop\/wp-content\/uploads\/2026\/01\/Logo_Yoast_Shop_2026.png","width":696,"height":696,"caption":"All Score Media"},"image":{"@id":"https:\/\/www.allscore.de\/shop\/#\/schema\/logo\/image\/"}}]}},"_links":{"self":[{"href":"https:\/\/www.allscore.de\/shop\/wp-json\/wp\/v2\/product\/14797","targetHints":{"allow":["GET"]}}],"collection":[{"href":"https:\/\/www.allscore.de\/shop\/wp-json\/wp\/v2\/product"}],"about":[{"href":"https:\/\/www.allscore.de\/shop\/wp-json\/wp\/v2\/types\/product"}],"wp:featuredmedia":[{"embeddable":true,"href":"https:\/\/www.allscore.de\/shop\/wp-json\/wp\/v2\/media\/14824"}],"wp:attachment":[{"href":"https:\/\/www.allscore.de\/shop\/wp-json\/wp\/v2\/media?parent=14797"}],"wp:term":[{"taxonomy":"product_brand","embeddable":true,"href":"https:\/\/www.allscore.de\/shop\/wp-json\/wp\/v2\/product_brand?post=14797"},{"taxonomy":"product_cat","embeddable":true,"href":"https:\/\/www.allscore.de\/shop\/wp-json\/wp\/v2\/product_cat?post=14797"},{"taxonomy":"product_tag","embeddable":true,"href":"https:\/\/www.allscore.de\/shop\/wp-json\/wp\/v2\/product_tag?post=14797"}],"curies":[{"name":"wp","href":"https:\/\/api.w.org\/{rel}","templated":true}]}}