{"id":14709,"date":"2026-01-09T18:07:06","date_gmt":"2026-01-09T17:07:06","guid":{"rendered":"https:\/\/www.allscore.de\/shop\/?post_type=product&#038;p=14709"},"modified":"2026-04-04T19:44:36","modified_gmt":"2026-04-04T17:44:36","slug":"geister-schocker-121-die-schrumpfkoepfe-von-exeter","status":"publish","type":"product","link":"https:\/\/www.allscore.de\/shop\/produkt\/geister-schocker-121-die-schrumpfkoepfe-von-exeter\/","title":{"rendered":"Geister-Schocker 121: Die Schrumpfk\u00f6pfe von Exeter"},"content":{"rendered":"<p>Geister-Schocker 121: Die Schrumpfk\u00f6pfe von Exeter<\/p>\n<p>Die Weaver Br\u00fcder entkamen in ihrem letzten Abenteuer nur knapp dem Tod. Auf der Suche nach einer sicheren Unterkunft erreichen Sie die Stadt Exeter, in der ihr Onkel mit seiner neuen Frau lebt. Doch dieser widmet sich einer seltsamen Leidenschaft, dem Sammeln von Schrumpfk\u00f6pfen. Und der letzte sieht noch ziemlich frisch aus &#8230;<\/p>\n<p>Autor: Jefferson Lloyd<\/p>\n<p>Erz\u00e4hler\/Angus: Marco Rosenberg<br \/>\nAlistair: Dirk Hardegen<br \/>\nMrs. Gish: Luise Lunow<br \/>\nFergus: Bert Franzke<br \/>\nRowan: Kaspar Eichel<br \/>\nRose: Dagmar Bittner<br \/>\nHamish: Hans-Georg Panczak<br \/>\nAnnabell: Vera Bunk<br \/>\nVictoria: Gabrielle Pietermann<br \/>\nGordon: Rainer Gerlach<br \/>\nRoana Dow: Philine Peters-Arnolds<\/p>\n","protected":false},"excerpt":{"rendered":"<p>Geister-Schocker 121: Die Schrumpfk\u00f6pfe von Exeter Die Weaver Br\u00fcder entkamen in ihrem letzten Abenteuer nur knapp dem Tod. Auf der Suche nach einer sicheren Unterkunft erreichen Sie die Stadt Exeter, in der ihr Onkel mit seiner neuen Frau lebt. Doch dieser widmet sich einer seltsamen Leidenschaft, dem Sammeln von Schrumpfk\u00f6pfen. Und der letzte sieht noch&#8230;<\/p>\n<p><a rel=\"bookmark\" class=\"vonzot-button-simple wvc-button wvc-button-size-sm\" href=\"https:\/\/www.allscore.de\/shop\/produkt\/geister-schocker-121-die-schrumpfkoepfe-von-exeter\/\"><span>Read more<\/span><\/a><\/p>\n","protected":false},"featured_media":14711,"template":"","meta":[],"product_brand":[],"product_cat":[74,72],"product_tag":[],"class_list":{"0":"post-14709","1":"product","2":"type-product","3":"status-publish","4":"has-post-thumbnail","6":"product_cat-geister-schocker","7":"product_cat-hoerspiele","8":"product_shipping_class-tontraeger-cd","9":"entry","10":"clearfix","11":"entry-grid","12":"entry-columns-3","13":"entry-product-module-layout-sidebar-right","14":"thumbnail-color-tone-dark","15":"entry-product","17":"entry-product-grid","19":"first","20":"instock","21":"sale","22":"taxable","23":"shipping-taxable","24":"purchasable","25":"product-type-simple"},"yoast_head":"<!-- This site is optimized with the Yoast SEO plugin v27.3 - https:\/\/yoast.com\/product\/yoast-seo-wordpress\/ -->\n<title>Geister-Schocker 121: Die Schrumpfk\u00f6pfe von Exeter<\/title>\n<meta name=\"description\" content=\"Auf der Suche nach einer Unterkunft erreichen die Weaver Br\u00fcder Exeter, wo ihr Onkel lebt. Dieser widmet sich dem Sammeln von Schrumpfk\u00f6pfen...\" \/>\n<meta name=\"robots\" content=\"index, follow, max-snippet:-1, max-image-preview:large, max-video-preview:-1\" \/>\n<link rel=\"canonical\" href=\"https:\/\/www.allscore.de\/shop\/produkt\/geister-schocker-121-die-schrumpfkoepfe-von-exeter\/\" \/>\n<meta property=\"og:locale\" content=\"de_DE\" \/>\n<meta property=\"og:type\" content=\"article\" \/>\n<meta property=\"og:title\" content=\"Geister-Schocker 121: Die Schrumpfk\u00f6pfe von Exeter\" \/>\n<meta property=\"og:description\" content=\"Auf der Suche nach einer Unterkunft erreichen die Weaver Br\u00fcder Exeter, wo ihr Onkel lebt. Dieser widmet sich dem Sammeln von Schrumpfk\u00f6pfen...\" \/>\n<meta property=\"og:url\" content=\"https:\/\/www.allscore.de\/shop\/produkt\/geister-schocker-121-die-schrumpfkoepfe-von-exeter\/\" \/>\n<meta property=\"og:site_name\" content=\"Allscore Shop\" \/>\n<meta property=\"article:modified_time\" content=\"2026-04-04T17:44:36+00:00\" \/>\n<meta property=\"og:image\" content=\"https:\/\/www.allscore.de\/shop\/wp-content\/uploads\/2026\/01\/GS121_1200px.jpg\" \/>\n\t<meta property=\"og:image:width\" content=\"1200\" \/>\n\t<meta property=\"og:image:height\" content=\"1200\" \/>\n\t<meta property=\"og:image:type\" content=\"image\/jpeg\" \/>\n<meta name=\"twitter:card\" content=\"summary_large_image\" \/>\n<meta name=\"twitter:label1\" content=\"Gesch\u00e4tzte Lesezeit\" \/>\n\t<meta name=\"twitter:data1\" content=\"1\u00a0Minute\" \/>\n<script type=\"application\/ld+json\" class=\"yoast-schema-graph\">{\"@context\":\"https:\\\/\\\/schema.org\",\"@graph\":[{\"@type\":\"WebPage\",\"@id\":\"https:\\\/\\\/www.allscore.de\\\/shop\\\/produkt\\\/geister-schocker-121-die-schrumpfkoepfe-von-exeter\\\/\",\"url\":\"https:\\\/\\\/www.allscore.de\\\/shop\\\/produkt\\\/geister-schocker-121-die-schrumpfkoepfe-von-exeter\\\/\",\"name\":\"Geister-Schocker 121: Die Schrumpfk\u00f6pfe von Exeter\",\"isPartOf\":{\"@id\":\"https:\\\/\\\/www.allscore.de\\\/shop\\\/#website\"},\"primaryImageOfPage\":{\"@id\":\"https:\\\/\\\/www.allscore.de\\\/shop\\\/produkt\\\/geister-schocker-121-die-schrumpfkoepfe-von-exeter\\\/#primaryimage\"},\"image\":{\"@id\":\"https:\\\/\\\/www.allscore.de\\\/shop\\\/produkt\\\/geister-schocker-121-die-schrumpfkoepfe-von-exeter\\\/#primaryimage\"},\"thumbnailUrl\":\"https:\\\/\\\/www.allscore.de\\\/shop\\\/wp-content\\\/uploads\\\/2026\\\/01\\\/GS121_1200px.jpg\",\"datePublished\":\"2026-01-09T17:07:06+00:00\",\"dateModified\":\"2026-04-04T17:44:36+00:00\",\"description\":\"Auf der Suche nach einer Unterkunft erreichen die Weaver Br\u00fcder Exeter, wo ihr Onkel lebt. Dieser widmet sich dem Sammeln von Schrumpfk\u00f6pfen...\",\"breadcrumb\":{\"@id\":\"https:\\\/\\\/www.allscore.de\\\/shop\\\/produkt\\\/geister-schocker-121-die-schrumpfkoepfe-von-exeter\\\/#breadcrumb\"},\"inLanguage\":\"de\",\"potentialAction\":[{\"@type\":\"ReadAction\",\"target\":[\"https:\\\/\\\/www.allscore.de\\\/shop\\\/produkt\\\/geister-schocker-121-die-schrumpfkoepfe-von-exeter\\\/\"]}]},{\"@type\":\"ImageObject\",\"inLanguage\":\"de\",\"@id\":\"https:\\\/\\\/www.allscore.de\\\/shop\\\/produkt\\\/geister-schocker-121-die-schrumpfkoepfe-von-exeter\\\/#primaryimage\",\"url\":\"https:\\\/\\\/www.allscore.de\\\/shop\\\/wp-content\\\/uploads\\\/2026\\\/01\\\/GS121_1200px.jpg\",\"contentUrl\":\"https:\\\/\\\/www.allscore.de\\\/shop\\\/wp-content\\\/uploads\\\/2026\\\/01\\\/GS121_1200px.jpg\",\"width\":1200,\"height\":1200,\"caption\":\"Geister-Schocker 121\"},{\"@type\":\"BreadcrumbList\",\"@id\":\"https:\\\/\\\/www.allscore.de\\\/shop\\\/produkt\\\/geister-schocker-121-die-schrumpfkoepfe-von-exeter\\\/#breadcrumb\",\"itemListElement\":[{\"@type\":\"ListItem\",\"position\":1,\"name\":\"Startseite\",\"item\":\"https:\\\/\\\/www.allscore.de\\\/shop\\\/\"},{\"@type\":\"ListItem\",\"position\":2,\"name\":\"Produkte\",\"item\":\"https:\\\/\\\/www.allscore.de\\\/shop\\\/shop\\\/\"},{\"@type\":\"ListItem\",\"position\":3,\"name\":\"Geister-Schocker 121: Die Schrumpfk\u00f6pfe von Exeter\"}]},{\"@type\":\"WebSite\",\"@id\":\"https:\\\/\\\/www.allscore.de\\\/shop\\\/#website\",\"url\":\"https:\\\/\\\/www.allscore.de\\\/shop\\\/\",\"name\":\"Allscore Shop\",\"description\":\"All Score Media\",\"publisher\":{\"@id\":\"https:\\\/\\\/www.allscore.de\\\/shop\\\/#organization\"},\"potentialAction\":[{\"@type\":\"SearchAction\",\"target\":{\"@type\":\"EntryPoint\",\"urlTemplate\":\"https:\\\/\\\/www.allscore.de\\\/shop\\\/?s={search_term_string}\"},\"query-input\":{\"@type\":\"PropertyValueSpecification\",\"valueRequired\":true,\"valueName\":\"search_term_string\"}}],\"inLanguage\":\"de\"},{\"@type\":\"Organization\",\"@id\":\"https:\\\/\\\/www.allscore.de\\\/shop\\\/#organization\",\"name\":\"All Score Media\",\"alternateName\":\"Allscore\",\"url\":\"https:\\\/\\\/www.allscore.de\\\/shop\\\/\",\"logo\":{\"@type\":\"ImageObject\",\"inLanguage\":\"de\",\"@id\":\"https:\\\/\\\/www.allscore.de\\\/shop\\\/#\\\/schema\\\/logo\\\/image\\\/\",\"url\":\"https:\\\/\\\/www.allscore.de\\\/shop\\\/wp-content\\\/uploads\\\/2026\\\/01\\\/Logo_Yoast_Shop_2026.png\",\"contentUrl\":\"https:\\\/\\\/www.allscore.de\\\/shop\\\/wp-content\\\/uploads\\\/2026\\\/01\\\/Logo_Yoast_Shop_2026.png\",\"width\":696,\"height\":696,\"caption\":\"All Score Media\"},\"image\":{\"@id\":\"https:\\\/\\\/www.allscore.de\\\/shop\\\/#\\\/schema\\\/logo\\\/image\\\/\"}}]}<\/script>\n<!-- \/ Yoast SEO plugin. -->","yoast_head_json":{"title":"Geister-Schocker 121: Die Schrumpfk\u00f6pfe von Exeter","description":"Auf der Suche nach einer Unterkunft erreichen die Weaver Br\u00fcder Exeter, wo ihr Onkel lebt. Dieser widmet sich dem Sammeln von Schrumpfk\u00f6pfen...","robots":{"index":"index","follow":"follow","max-snippet":"max-snippet:-1","max-image-preview":"max-image-preview:large","max-video-preview":"max-video-preview:-1"},"canonical":"https:\/\/www.allscore.de\/shop\/produkt\/geister-schocker-121-die-schrumpfkoepfe-von-exeter\/","og_locale":"de_DE","og_type":"article","og_title":"Geister-Schocker 121: Die Schrumpfk\u00f6pfe von Exeter","og_description":"Auf der Suche nach einer Unterkunft erreichen die Weaver Br\u00fcder Exeter, wo ihr Onkel lebt. Dieser widmet sich dem Sammeln von Schrumpfk\u00f6pfen...","og_url":"https:\/\/www.allscore.de\/shop\/produkt\/geister-schocker-121-die-schrumpfkoepfe-von-exeter\/","og_site_name":"Allscore Shop","article_modified_time":"2026-04-04T17:44:36+00:00","og_image":[{"width":1200,"height":1200,"url":"https:\/\/www.allscore.de\/shop\/wp-content\/uploads\/2026\/01\/GS121_1200px.jpg","type":"image\/jpeg"}],"twitter_card":"summary_large_image","twitter_misc":{"Gesch\u00e4tzte Lesezeit":"1\u00a0Minute"},"schema":{"@context":"https:\/\/schema.org","@graph":[{"@type":"WebPage","@id":"https:\/\/www.allscore.de\/shop\/produkt\/geister-schocker-121-die-schrumpfkoepfe-von-exeter\/","url":"https:\/\/www.allscore.de\/shop\/produkt\/geister-schocker-121-die-schrumpfkoepfe-von-exeter\/","name":"Geister-Schocker 121: Die Schrumpfk\u00f6pfe von Exeter","isPartOf":{"@id":"https:\/\/www.allscore.de\/shop\/#website"},"primaryImageOfPage":{"@id":"https:\/\/www.allscore.de\/shop\/produkt\/geister-schocker-121-die-schrumpfkoepfe-von-exeter\/#primaryimage"},"image":{"@id":"https:\/\/www.allscore.de\/shop\/produkt\/geister-schocker-121-die-schrumpfkoepfe-von-exeter\/#primaryimage"},"thumbnailUrl":"https:\/\/www.allscore.de\/shop\/wp-content\/uploads\/2026\/01\/GS121_1200px.jpg","datePublished":"2026-01-09T17:07:06+00:00","dateModified":"2026-04-04T17:44:36+00:00","description":"Auf der Suche nach einer Unterkunft erreichen die Weaver Br\u00fcder Exeter, wo ihr Onkel lebt. Dieser widmet sich dem Sammeln von Schrumpfk\u00f6pfen...","breadcrumb":{"@id":"https:\/\/www.allscore.de\/shop\/produkt\/geister-schocker-121-die-schrumpfkoepfe-von-exeter\/#breadcrumb"},"inLanguage":"de","potentialAction":[{"@type":"ReadAction","target":["https:\/\/www.allscore.de\/shop\/produkt\/geister-schocker-121-die-schrumpfkoepfe-von-exeter\/"]}]},{"@type":"ImageObject","inLanguage":"de","@id":"https:\/\/www.allscore.de\/shop\/produkt\/geister-schocker-121-die-schrumpfkoepfe-von-exeter\/#primaryimage","url":"https:\/\/www.allscore.de\/shop\/wp-content\/uploads\/2026\/01\/GS121_1200px.jpg","contentUrl":"https:\/\/www.allscore.de\/shop\/wp-content\/uploads\/2026\/01\/GS121_1200px.jpg","width":1200,"height":1200,"caption":"Geister-Schocker 121"},{"@type":"BreadcrumbList","@id":"https:\/\/www.allscore.de\/shop\/produkt\/geister-schocker-121-die-schrumpfkoepfe-von-exeter\/#breadcrumb","itemListElement":[{"@type":"ListItem","position":1,"name":"Startseite","item":"https:\/\/www.allscore.de\/shop\/"},{"@type":"ListItem","position":2,"name":"Produkte","item":"https:\/\/www.allscore.de\/shop\/shop\/"},{"@type":"ListItem","position":3,"name":"Geister-Schocker 121: Die Schrumpfk\u00f6pfe von Exeter"}]},{"@type":"WebSite","@id":"https:\/\/www.allscore.de\/shop\/#website","url":"https:\/\/www.allscore.de\/shop\/","name":"Allscore Shop","description":"All Score Media","publisher":{"@id":"https:\/\/www.allscore.de\/shop\/#organization"},"potentialAction":[{"@type":"SearchAction","target":{"@type":"EntryPoint","urlTemplate":"https:\/\/www.allscore.de\/shop\/?s={search_term_string}"},"query-input":{"@type":"PropertyValueSpecification","valueRequired":true,"valueName":"search_term_string"}}],"inLanguage":"de"},{"@type":"Organization","@id":"https:\/\/www.allscore.de\/shop\/#organization","name":"All Score Media","alternateName":"Allscore","url":"https:\/\/www.allscore.de\/shop\/","logo":{"@type":"ImageObject","inLanguage":"de","@id":"https:\/\/www.allscore.de\/shop\/#\/schema\/logo\/image\/","url":"https:\/\/www.allscore.de\/shop\/wp-content\/uploads\/2026\/01\/Logo_Yoast_Shop_2026.png","contentUrl":"https:\/\/www.allscore.de\/shop\/wp-content\/uploads\/2026\/01\/Logo_Yoast_Shop_2026.png","width":696,"height":696,"caption":"All Score Media"},"image":{"@id":"https:\/\/www.allscore.de\/shop\/#\/schema\/logo\/image\/"}}]}},"_links":{"self":[{"href":"https:\/\/www.allscore.de\/shop\/wp-json\/wp\/v2\/product\/14709","targetHints":{"allow":["GET"]}}],"collection":[{"href":"https:\/\/www.allscore.de\/shop\/wp-json\/wp\/v2\/product"}],"about":[{"href":"https:\/\/www.allscore.de\/shop\/wp-json\/wp\/v2\/types\/product"}],"wp:featuredmedia":[{"embeddable":true,"href":"https:\/\/www.allscore.de\/shop\/wp-json\/wp\/v2\/media\/14711"}],"wp:attachment":[{"href":"https:\/\/www.allscore.de\/shop\/wp-json\/wp\/v2\/media?parent=14709"}],"wp:term":[{"taxonomy":"product_brand","embeddable":true,"href":"https:\/\/www.allscore.de\/shop\/wp-json\/wp\/v2\/product_brand?post=14709"},{"taxonomy":"product_cat","embeddable":true,"href":"https:\/\/www.allscore.de\/shop\/wp-json\/wp\/v2\/product_cat?post=14709"},{"taxonomy":"product_tag","embeddable":true,"href":"https:\/\/www.allscore.de\/shop\/wp-json\/wp\/v2\/product_tag?post=14709"}],"curies":[{"name":"wp","href":"https:\/\/api.w.org\/{rel}","templated":true}]}}