{"id":14453,"date":"2025-10-23T13:41:33","date_gmt":"2025-10-23T11:41:33","guid":{"rendered":"https:\/\/www.allscore.de\/shop\/?post_type=product&#038;p=14453"},"modified":"2026-05-11T22:04:21","modified_gmt":"2026-05-11T20:04:21","slug":"peter-thomas-sound-orchester-der-kommissar-cd","status":"publish","type":"product","link":"https:\/\/www.allscore.de\/shop\/produkt\/peter-thomas-sound-orchester-der-kommissar-cd\/","title":{"rendered":"Peter Thomas Sound Orchester &#8211; Der Kommissar (CD)"},"content":{"rendered":"<p>Peter Thomas Sound Orchester &#8211; Der Kommissar (CD)<br \/>\nMusic from the original tv-series (1969-1972)<\/p>\n<p>Zum 100. Geburtstag des Komponisten Peter Thomas am 1. Dezember 2025 ver\u00f6ffentlicht Allscore eine Soundtrack-Premiere: Erstmals wird Thomas\u2018 Schaffen f\u00fcr die Krimiserie DER KOMMISSAR, die vom ZDF 1969 als Gegengewicht zu den damals in Deutschland erfolgreichen US-Krimis gestartet wurde, auf einem Album gew\u00fcrdigt.<\/p>\n<p>Die von Helmut Ringelmann produzierte Serie DER KOMMISSAR folgte in der ZDF-Seriengenealogie der Krimireihe DAS KRIMINALMUSEUM (1963-1970) und war ihrerseits Vorbild f\u00fcr die ebenfalls in M\u00fcnchen angesiedelten Nachfolger DERRICK und DER ALTE. Sie erschien in 97 Folgen von 1969 bis 1976, bis zuletzt in Schwarzwei\u00df. Durch die differenzierte Einbettung der Kriminalf\u00e4lle in gesellschaftliche Entwicklungen und Generationenkonflikte, gilt die Serie bis heute als stilbildendes Zeitdokument.<\/p>\n<p>Nicht zuletzt deshalb steht die DER KOMMISSAR auch f\u00fcr die progressive Verwendung aktueller Pop- und Rockmusiktitel (The Rolling Stones, CAN, T. Rex\u2026). Doch auch etablierte Filmmusikkomponisten kamen zum Zuge. So beispielsweise Peter Thomas, der zu 22 Folgen die Musik beisteuern durfte. Dies reichte von lediglich der Verwendung einzelner bereits produzierter Musiktitel (Library Music) bis hin zur kompletten Filmmusik einer Folge (Score). Am bekanntesten ist sicherlich Daisy Doors Titel \u201eDu lebst in deiner Welt\u201c aus Folge 39 (Als die Blumen Trauer trugen, 1971), das nach der Ausstrahlung die Charts st\u00fcrmte, eine halbe Million Singles verkaufte und zu drei ZDF-Hitparade-Auftritten der S\u00e4ngerin f\u00fchrte.<\/p>\n<p>&nbsp;<\/p>\n<p><strong>Trackliste CD:<\/strong><\/p>\n<p>01 The World Is Gone <em>aus Folge 8 \u201eDer Tod f\u00e4hrt 1. Klasse\u201c<\/em><br \/>\n02 Zuchthaus * <em>aus Folge 9 \u201eGeld von toten Kassierern\u201c<\/em><br \/>\n03 Abschiedsvorstellung * <em>aus Folge 10 \u201eSchrei vor dem Fenster\u201c<\/em><br \/>\n04 Corinna (instrumental) <em> aus Folge 11 \u201eDie Schrecklichen\u201c<\/em><br \/>\n05 Nymphenburg-Soul * <em>aus Folge 11 \u201eDie Schrecklichen\u201c<\/em><br \/>\n06 Corinna (vokal) * <em>aus Folge 11 \u201eDie Schrecklichen\u201c<\/em><br \/>\n07 Raubzug * <em>aus Folge 12 \u201eDie Waggonspringer\u201c<\/em><br \/>\n08 Tod am Bahndamm * <em>aus Folge 12 \u201eDie Waggonspringer\u201c<\/em><br \/>\n09 Grausamer Fund * <em>aus Folge 14 \u201eDas Ungeheuer\u201c<\/em><br \/>\n10 Melodie f\u00fcr eine Teekanne <em>aus Folge 15 \u201eDer Papierblumenm\u00f6rder\u201c<\/em><br \/>\n11 Papierblumenm\u00f6rder <em>\u00a0aus Folge 15 \u201eDer Papierblumenm\u00f6rder\u201c<\/em><br \/>\n12 Morbide Hausgemeinschaft * <em>\u00a0aus Folge 21 \u201e\u2026 wie die W\u00f6lfe\u201c<\/em><br \/>\n13 Peripherie-Beat * <em>\u00a0aus Folge 29 \u201eDer Moorm\u00f6rder\u201c<\/em><br \/>\n14 Jet-Set-Lady (Alt. Version) * <em>\u00a0aus Folge 29 \u201eDer Moorm\u00f6rder\u201c<\/em><br \/>\n15 Du lebst in deiner Welt (TV-Version) * <em>\u00a0aus Folge 39 \u201eAls die Blumen Trauer trugen\u201c<\/em><br \/>\n16 Dromedar Called Itzenplitz <em>\u00a0aus Folge 46 \u201e\u00dcberlegungen eines M\u00f6rders\u201c<\/em><br \/>\nCD-Bonus-Tracks:<br \/>\n17 Folksfest * <em>\u00a0aus Folge 11 \u201eDie Schrecklichen\u201c<\/em><br \/>\n18 Der Waggonspringer <em> aus Folge 12 \u201eDie Waggonspringer\u201c<\/em><br \/>\n19 Der Kommissar tanzt * <em>aus Folge 15 \u201eDer Papierblumenm\u00f6rder\u201c<\/em><br \/>\n20 Fuga Astronautica <em>\u00a0aus Folge 23 \u201eT\u00f6dlicher Irrtum\u201c<\/em><br \/>\n21 Tour des Wucherers * <em>\u00a0aus Folge 40 \u201eDer Tod des Herrn Kurusch\u201c<\/em><br \/>\n22 Miethai an Land * <em>\u00a0aus Folge 40 \u201eDer Tod des Herrn Kurusch\u201c<\/em><\/p>\n<p>* Bisher unver\u00f6ffentlicht<\/p>\n<p>Je experimenteller die Folge, desto experimenteller waren auch die Kompositionen von Peter Thomas. So kombinierte er in Folge 11 (Die Schrecklichen, 1969) Volksmusik mit Beat, Soul und Schlager. Regisseur war Zbyn\u011bk Brynych, mit dem er sp\u00e4ter noch bei diversen Filmen (u.a. DIE WEIBCHEN) und TV-Serien (DERRICK) erfolgreich zusammenarbeitete. Die Spannweite der Musik reichte bei Thomas\u2018 KOMMISSAR von Klassik \u00fcber Schlager bis hin zu Rockmusik und Soundcollagen. Wie immer konnte er im Studio auf erlesene Interpreten zur\u00fcckgreifen, wie z.B. Siegfried Schwab, Max Greger jr., Lothar Meid, Jiggs Whigham, Jan Hammer, Olaf K\u00fcbler, Sylvester Levay u.v.a.m.<\/p>\n<p>Nach <em>Bruce Lee: The Big Boss<\/em>, <em>Winnetou und sein Freund Old Firehand<\/em>, <em>Steiner &#8211; Das Eiserne Kreuz 2<\/em>, <em>Edgar Wallace<\/em> und <em>Derrick &amp; Der Alte<\/em> ist dies die sechste LP\/CD-Ver\u00f6ffentlichung einer Reihe, die dem Komponisten Peter Thomas (1925-2020) gewidmet ist.<\/p>\n","protected":false},"excerpt":{"rendered":"<p>Diese Version erscheint als CD im Digipack.<\/p>\n","protected":false},"featured_media":14467,"template":"","meta":[],"product_brand":[],"product_cat":[225,617,105],"product_tag":[],"class_list":{"0":"post-14453","1":"product","2":"type-product","3":"status-publish","4":"has-post-thumbnail","6":"product_cat-krimi","7":"product_cat-peter-thomas-sound-orchester","8":"product_cat-soundtracks","9":"product_shipping_class-tontraeger-cd","10":"entry","11":"clearfix","12":"entry-grid","13":"entry-columns-3","14":"entry-product-module-layout-sidebar-right","15":"thumbnail-color-tone-dark","16":"entry-product","18":"entry-product-grid","20":"first","21":"instock","22":"taxable","23":"shipping-taxable","24":"purchasable","25":"product-type-simple"},"yoast_head":"<!-- This site is optimized with the Yoast SEO plugin v27.4 - https:\/\/yoast.com\/product\/yoast-seo-wordpress\/ -->\n<title>Peter Thomas Sound Orchester - Der Kommissar (CD)<\/title>\n<meta name=\"description\" content=\"Peter Thomas Sound Orchester - Der Kommissar - music from the original tv-series (1969-1972). CD im aufw\u00e4ndig gestalteten Digipack,\" \/>\n<meta name=\"robots\" content=\"index, follow, max-snippet:-1, max-image-preview:large, max-video-preview:-1\" \/>\n<link rel=\"canonical\" href=\"https:\/\/www.allscore.de\/shop\/produkt\/peter-thomas-sound-orchester-der-kommissar-cd\/\" \/>\n<meta property=\"og:locale\" content=\"de_DE\" \/>\n<meta property=\"og:type\" content=\"article\" \/>\n<meta property=\"og:title\" content=\"Peter Thomas Sound Orchester - Der Kommissar (CD)\" \/>\n<meta property=\"og:description\" content=\"Music from the original tv-series (1969-1972). CD im aufw\u00e4ndig gestalteten Digipack.\" \/>\n<meta property=\"og:url\" content=\"https:\/\/www.allscore.de\/shop\/produkt\/peter-thomas-sound-orchester-der-kommissar-cd\/\" \/>\n<meta property=\"og:site_name\" content=\"Allscore Shop\" \/>\n<meta property=\"article:modified_time\" content=\"2026-05-11T20:04:21+00:00\" \/>\n<meta property=\"og:image\" content=\"https:\/\/www.allscore.de\/shop\/wp-content\/uploads\/2025\/10\/ASM063_1200x1200.jpg\" \/>\n\t<meta property=\"og:image:width\" content=\"1200\" \/>\n\t<meta property=\"og:image:height\" content=\"1200\" \/>\n\t<meta property=\"og:image:type\" content=\"image\/jpeg\" \/>\n<meta name=\"twitter:card\" content=\"summary_large_image\" \/>\n<meta name=\"twitter:label1\" content=\"Gesch\u00e4tzte Lesezeit\" \/>\n\t<meta name=\"twitter:data1\" content=\"4\u00a0Minuten\" \/>\n<script type=\"application\/ld+json\" class=\"yoast-schema-graph\">{\"@context\":\"https:\\\/\\\/schema.org\",\"@graph\":[{\"@type\":\"WebPage\",\"@id\":\"https:\\\/\\\/www.allscore.de\\\/shop\\\/produkt\\\/peter-thomas-sound-orchester-der-kommissar-cd\\\/\",\"url\":\"https:\\\/\\\/www.allscore.de\\\/shop\\\/produkt\\\/peter-thomas-sound-orchester-der-kommissar-cd\\\/\",\"name\":\"Peter Thomas Sound Orchester - Der Kommissar (CD)\",\"isPartOf\":{\"@id\":\"https:\\\/\\\/www.allscore.de\\\/shop\\\/#website\"},\"primaryImageOfPage\":{\"@id\":\"https:\\\/\\\/www.allscore.de\\\/shop\\\/produkt\\\/peter-thomas-sound-orchester-der-kommissar-cd\\\/#primaryimage\"},\"image\":{\"@id\":\"https:\\\/\\\/www.allscore.de\\\/shop\\\/produkt\\\/peter-thomas-sound-orchester-der-kommissar-cd\\\/#primaryimage\"},\"thumbnailUrl\":\"https:\\\/\\\/www.allscore.de\\\/shop\\\/wp-content\\\/uploads\\\/2025\\\/10\\\/ASM063_1200x1200.jpg\",\"datePublished\":\"2025-10-23T11:41:33+00:00\",\"dateModified\":\"2026-05-11T20:04:21+00:00\",\"description\":\"Peter Thomas Sound Orchester - Der Kommissar - music from the original tv-series (1969-1972). CD im aufw\u00e4ndig gestalteten Digipack,\",\"breadcrumb\":{\"@id\":\"https:\\\/\\\/www.allscore.de\\\/shop\\\/produkt\\\/peter-thomas-sound-orchester-der-kommissar-cd\\\/#breadcrumb\"},\"inLanguage\":\"de\",\"potentialAction\":[{\"@type\":\"ReadAction\",\"target\":[\"https:\\\/\\\/www.allscore.de\\\/shop\\\/produkt\\\/peter-thomas-sound-orchester-der-kommissar-cd\\\/\"]}]},{\"@type\":\"ImageObject\",\"inLanguage\":\"de\",\"@id\":\"https:\\\/\\\/www.allscore.de\\\/shop\\\/produkt\\\/peter-thomas-sound-orchester-der-kommissar-cd\\\/#primaryimage\",\"url\":\"https:\\\/\\\/www.allscore.de\\\/shop\\\/wp-content\\\/uploads\\\/2025\\\/10\\\/ASM063_1200x1200.jpg\",\"contentUrl\":\"https:\\\/\\\/www.allscore.de\\\/shop\\\/wp-content\\\/uploads\\\/2025\\\/10\\\/ASM063_1200x1200.jpg\",\"width\":1200,\"height\":1200,\"caption\":\"Der Kommissar\"},{\"@type\":\"BreadcrumbList\",\"@id\":\"https:\\\/\\\/www.allscore.de\\\/shop\\\/produkt\\\/peter-thomas-sound-orchester-der-kommissar-cd\\\/#breadcrumb\",\"itemListElement\":[{\"@type\":\"ListItem\",\"position\":1,\"name\":\"Startseite\",\"item\":\"https:\\\/\\\/www.allscore.de\\\/shop\\\/\"},{\"@type\":\"ListItem\",\"position\":2,\"name\":\"Produkte\",\"item\":\"https:\\\/\\\/www.allscore.de\\\/shop\\\/shop\\\/\"},{\"@type\":\"ListItem\",\"position\":3,\"name\":\"Peter Thomas Sound Orchester &#8211; Der Kommissar (CD)\"}]},{\"@type\":\"WebSite\",\"@id\":\"https:\\\/\\\/www.allscore.de\\\/shop\\\/#website\",\"url\":\"https:\\\/\\\/www.allscore.de\\\/shop\\\/\",\"name\":\"Allscore Shop\",\"description\":\"All Score Media\",\"publisher\":{\"@id\":\"https:\\\/\\\/www.allscore.de\\\/shop\\\/#organization\"},\"potentialAction\":[{\"@type\":\"SearchAction\",\"target\":{\"@type\":\"EntryPoint\",\"urlTemplate\":\"https:\\\/\\\/www.allscore.de\\\/shop\\\/?s={search_term_string}\"},\"query-input\":{\"@type\":\"PropertyValueSpecification\",\"valueRequired\":true,\"valueName\":\"search_term_string\"}}],\"inLanguage\":\"de\"},{\"@type\":\"Organization\",\"@id\":\"https:\\\/\\\/www.allscore.de\\\/shop\\\/#organization\",\"name\":\"All Score Media\",\"alternateName\":\"Allscore\",\"url\":\"https:\\\/\\\/www.allscore.de\\\/shop\\\/\",\"logo\":{\"@type\":\"ImageObject\",\"inLanguage\":\"de\",\"@id\":\"https:\\\/\\\/www.allscore.de\\\/shop\\\/#\\\/schema\\\/logo\\\/image\\\/\",\"url\":\"https:\\\/\\\/www.allscore.de\\\/shop\\\/wp-content\\\/uploads\\\/2026\\\/01\\\/Logo_Yoast_Shop_2026.png\",\"contentUrl\":\"https:\\\/\\\/www.allscore.de\\\/shop\\\/wp-content\\\/uploads\\\/2026\\\/01\\\/Logo_Yoast_Shop_2026.png\",\"width\":696,\"height\":696,\"caption\":\"All Score Media\"},\"image\":{\"@id\":\"https:\\\/\\\/www.allscore.de\\\/shop\\\/#\\\/schema\\\/logo\\\/image\\\/\"}}]}<\/script>\n<!-- \/ Yoast SEO plugin. -->","yoast_head_json":{"title":"Peter Thomas Sound Orchester - Der Kommissar (CD)","description":"Peter Thomas Sound Orchester - Der Kommissar - music from the original tv-series (1969-1972). CD im aufw\u00e4ndig gestalteten Digipack,","robots":{"index":"index","follow":"follow","max-snippet":"max-snippet:-1","max-image-preview":"max-image-preview:large","max-video-preview":"max-video-preview:-1"},"canonical":"https:\/\/www.allscore.de\/shop\/produkt\/peter-thomas-sound-orchester-der-kommissar-cd\/","og_locale":"de_DE","og_type":"article","og_title":"Peter Thomas Sound Orchester - Der Kommissar (CD)","og_description":"Music from the original tv-series (1969-1972). CD im aufw\u00e4ndig gestalteten Digipack.","og_url":"https:\/\/www.allscore.de\/shop\/produkt\/peter-thomas-sound-orchester-der-kommissar-cd\/","og_site_name":"Allscore Shop","article_modified_time":"2026-05-11T20:04:21+00:00","og_image":[{"width":1200,"height":1200,"url":"https:\/\/www.allscore.de\/shop\/wp-content\/uploads\/2025\/10\/ASM063_1200x1200.jpg","type":"image\/jpeg"}],"twitter_card":"summary_large_image","twitter_misc":{"Gesch\u00e4tzte Lesezeit":"4\u00a0Minuten"},"schema":{"@context":"https:\/\/schema.org","@graph":[{"@type":"WebPage","@id":"https:\/\/www.allscore.de\/shop\/produkt\/peter-thomas-sound-orchester-der-kommissar-cd\/","url":"https:\/\/www.allscore.de\/shop\/produkt\/peter-thomas-sound-orchester-der-kommissar-cd\/","name":"Peter Thomas Sound Orchester - Der Kommissar (CD)","isPartOf":{"@id":"https:\/\/www.allscore.de\/shop\/#website"},"primaryImageOfPage":{"@id":"https:\/\/www.allscore.de\/shop\/produkt\/peter-thomas-sound-orchester-der-kommissar-cd\/#primaryimage"},"image":{"@id":"https:\/\/www.allscore.de\/shop\/produkt\/peter-thomas-sound-orchester-der-kommissar-cd\/#primaryimage"},"thumbnailUrl":"https:\/\/www.allscore.de\/shop\/wp-content\/uploads\/2025\/10\/ASM063_1200x1200.jpg","datePublished":"2025-10-23T11:41:33+00:00","dateModified":"2026-05-11T20:04:21+00:00","description":"Peter Thomas Sound Orchester - Der Kommissar - music from the original tv-series (1969-1972). CD im aufw\u00e4ndig gestalteten Digipack,","breadcrumb":{"@id":"https:\/\/www.allscore.de\/shop\/produkt\/peter-thomas-sound-orchester-der-kommissar-cd\/#breadcrumb"},"inLanguage":"de","potentialAction":[{"@type":"ReadAction","target":["https:\/\/www.allscore.de\/shop\/produkt\/peter-thomas-sound-orchester-der-kommissar-cd\/"]}]},{"@type":"ImageObject","inLanguage":"de","@id":"https:\/\/www.allscore.de\/shop\/produkt\/peter-thomas-sound-orchester-der-kommissar-cd\/#primaryimage","url":"https:\/\/www.allscore.de\/shop\/wp-content\/uploads\/2025\/10\/ASM063_1200x1200.jpg","contentUrl":"https:\/\/www.allscore.de\/shop\/wp-content\/uploads\/2025\/10\/ASM063_1200x1200.jpg","width":1200,"height":1200,"caption":"Der Kommissar"},{"@type":"BreadcrumbList","@id":"https:\/\/www.allscore.de\/shop\/produkt\/peter-thomas-sound-orchester-der-kommissar-cd\/#breadcrumb","itemListElement":[{"@type":"ListItem","position":1,"name":"Startseite","item":"https:\/\/www.allscore.de\/shop\/"},{"@type":"ListItem","position":2,"name":"Produkte","item":"https:\/\/www.allscore.de\/shop\/shop\/"},{"@type":"ListItem","position":3,"name":"Peter Thomas Sound Orchester &#8211; Der Kommissar (CD)"}]},{"@type":"WebSite","@id":"https:\/\/www.allscore.de\/shop\/#website","url":"https:\/\/www.allscore.de\/shop\/","name":"Allscore Shop","description":"All Score Media","publisher":{"@id":"https:\/\/www.allscore.de\/shop\/#organization"},"potentialAction":[{"@type":"SearchAction","target":{"@type":"EntryPoint","urlTemplate":"https:\/\/www.allscore.de\/shop\/?s={search_term_string}"},"query-input":{"@type":"PropertyValueSpecification","valueRequired":true,"valueName":"search_term_string"}}],"inLanguage":"de"},{"@type":"Organization","@id":"https:\/\/www.allscore.de\/shop\/#organization","name":"All Score Media","alternateName":"Allscore","url":"https:\/\/www.allscore.de\/shop\/","logo":{"@type":"ImageObject","inLanguage":"de","@id":"https:\/\/www.allscore.de\/shop\/#\/schema\/logo\/image\/","url":"https:\/\/www.allscore.de\/shop\/wp-content\/uploads\/2026\/01\/Logo_Yoast_Shop_2026.png","contentUrl":"https:\/\/www.allscore.de\/shop\/wp-content\/uploads\/2026\/01\/Logo_Yoast_Shop_2026.png","width":696,"height":696,"caption":"All Score Media"},"image":{"@id":"https:\/\/www.allscore.de\/shop\/#\/schema\/logo\/image\/"}}]}},"_links":{"self":[{"href":"https:\/\/www.allscore.de\/shop\/wp-json\/wp\/v2\/product\/14453","targetHints":{"allow":["GET"]}}],"collection":[{"href":"https:\/\/www.allscore.de\/shop\/wp-json\/wp\/v2\/product"}],"about":[{"href":"https:\/\/www.allscore.de\/shop\/wp-json\/wp\/v2\/types\/product"}],"wp:featuredmedia":[{"embeddable":true,"href":"https:\/\/www.allscore.de\/shop\/wp-json\/wp\/v2\/media\/14467"}],"wp:attachment":[{"href":"https:\/\/www.allscore.de\/shop\/wp-json\/wp\/v2\/media?parent=14453"}],"wp:term":[{"taxonomy":"product_brand","embeddable":true,"href":"https:\/\/www.allscore.de\/shop\/wp-json\/wp\/v2\/product_brand?post=14453"},{"taxonomy":"product_cat","embeddable":true,"href":"https:\/\/www.allscore.de\/shop\/wp-json\/wp\/v2\/product_cat?post=14453"},{"taxonomy":"product_tag","embeddable":true,"href":"https:\/\/www.allscore.de\/shop\/wp-json\/wp\/v2\/product_tag?post=14453"}],"curies":[{"name":"wp","href":"https:\/\/api.w.org\/{rel}","templated":true}]}}