{"id":14235,"date":"2025-07-17T11:01:37","date_gmt":"2025-07-17T09:01:37","guid":{"rendered":"https:\/\/www.allscore.de\/shop\/?post_type=product&#038;p=14235"},"modified":"2026-04-25T19:12:54","modified_gmt":"2026-04-25T17:12:54","slug":"geister-schocker-118-josephas-henker","status":"publish","type":"product","link":"https:\/\/www.allscore.de\/shop\/produkt\/geister-schocker-118-josephas-henker\/","title":{"rendered":"Geister-Schocker 118: Josephas Henker"},"content":{"rendered":"<p>Geister-Schocker 118: Josephas Henker<\/p>\n<p>Der Amerikaner Paul Warringer und seine Frau Josepha befinden sich auf ihrer Hochzeitsreise im Land von Pauls Vorfahren &#8211; Deutschland. Das junge Paar ahnt nicht, dass ihre fr\u00f6hliche, ungezwungene Reise, von einer Macht aus uralten Zeiten \u00fcberschattet wird, die Paul in den Tod treiben soll. Als Paul Warringer endlich die Wahrheit \u00fcber sich und Josepha erf\u00e4hrt ist es zu sp\u00e4t. Der Fluch hat sie eingeholt &#8230;<\/p>\n<p>Autor: Earl Warren<\/p>\n<p>Mit Helmut Gauss, Karen Schulz-Vobach, Thomas Schmuckert, Luise Lunow, Udo Schenk, Bert Franzke, Santiago Ziesmer, Judith Steinh\u00e4user, Till Hagen, Maja Maneiro und Ann Vielhaben<\/p>\n","protected":false},"excerpt":{"rendered":"<p>Geister-Schocker 118: Josephas Henker Der Amerikaner Paul Warringer und seine Frau Josepha befinden sich auf ihrer Hochzeitsreise im Land von Pauls Vorfahren &#8211; Deutschland. Das junge Paar ahnt nicht, dass ihre fr\u00f6hliche, ungezwungene Reise, von einer Macht aus uralten Zeiten \u00fcberschattet wird, die Paul in den Tod treiben soll. Als Paul Warringer endlich die Wahrheit&#8230;<\/p>\n<p><a rel=\"bookmark\" class=\"vonzot-button-simple wvc-button wvc-button-size-sm\" href=\"https:\/\/www.allscore.de\/shop\/produkt\/geister-schocker-118-josephas-henker\/\"><span>Read more<\/span><\/a><\/p>\n","protected":false},"featured_media":14237,"template":"","meta":[],"product_brand":[],"product_cat":[74,72],"product_tag":[],"class_list":{"0":"post-14235","1":"product","2":"type-product","3":"status-publish","4":"has-post-thumbnail","6":"product_cat-geister-schocker","7":"product_cat-hoerspiele","8":"product_shipping_class-tontraeger-cd","9":"entry","10":"clearfix","11":"entry-grid","12":"entry-columns-3","13":"entry-product-module-layout-sidebar-right","14":"thumbnail-color-tone-dark","15":"entry-product","17":"entry-product-grid","19":"first","20":"instock","21":"sale","22":"taxable","23":"shipping-taxable","24":"purchasable","25":"product-type-simple"},"yoast_head":"<!-- This site is optimized with the Yoast SEO plugin v27.4 - https:\/\/yoast.com\/product\/yoast-seo-wordpress\/ -->\n<title>Geister-Schocker 118: Josephas Henker<\/title>\n<meta name=\"description\" content=\"Mit Helmut Gauss, Karen Schulz-Vobach, Thomas Schmuckert, Luise Lunow, Udo Schenk, Bert Franzke, Santiago Ziesmer, Judith Steinh\u00e4user, Till Hagen, Maja Maneiro und Ann Vielhaben\" \/>\n<meta name=\"robots\" content=\"index, follow, max-snippet:-1, max-image-preview:large, max-video-preview:-1\" \/>\n<link rel=\"canonical\" href=\"https:\/\/www.allscore.de\/shop\/produkt\/geister-schocker-118-josephas-henker\/\" \/>\n<meta property=\"og:locale\" content=\"de_DE\" \/>\n<meta property=\"og:type\" content=\"article\" \/>\n<meta property=\"og:title\" content=\"Geister-Schocker 118: Josephas Henker\" \/>\n<meta property=\"og:description\" content=\"Mit Helmut Gauss, Karen Schulz-Vobach, Thomas Schmuckert, Luise Lunow, Udo Schenk, Bert Franzke, Santiago Ziesmer, Judith Steinh\u00e4user, Till Hagen, Maja Maneiro und Ann Vielhaben\" \/>\n<meta property=\"og:url\" content=\"https:\/\/www.allscore.de\/shop\/produkt\/geister-schocker-118-josephas-henker\/\" \/>\n<meta property=\"og:site_name\" content=\"Allscore Shop\" \/>\n<meta property=\"article:modified_time\" content=\"2026-04-25T17:12:54+00:00\" \/>\n<meta property=\"og:image\" content=\"https:\/\/www.allscore.de\/shop\/wp-content\/uploads\/2025\/07\/GS118_1200px.jpg\" \/>\n\t<meta property=\"og:image:width\" content=\"1200\" \/>\n\t<meta property=\"og:image:height\" content=\"1200\" \/>\n\t<meta property=\"og:image:type\" content=\"image\/jpeg\" \/>\n<meta name=\"twitter:card\" content=\"summary_large_image\" \/>\n<meta name=\"twitter:label1\" content=\"Gesch\u00e4tzte Lesezeit\" \/>\n\t<meta name=\"twitter:data1\" content=\"1\u00a0Minute\" \/>\n<script type=\"application\/ld+json\" class=\"yoast-schema-graph\">{\"@context\":\"https:\\\/\\\/schema.org\",\"@graph\":[{\"@type\":\"WebPage\",\"@id\":\"https:\\\/\\\/www.allscore.de\\\/shop\\\/produkt\\\/geister-schocker-118-josephas-henker\\\/\",\"url\":\"https:\\\/\\\/www.allscore.de\\\/shop\\\/produkt\\\/geister-schocker-118-josephas-henker\\\/\",\"name\":\"Geister-Schocker 118: Josephas Henker\",\"isPartOf\":{\"@id\":\"https:\\\/\\\/www.allscore.de\\\/shop\\\/#website\"},\"primaryImageOfPage\":{\"@id\":\"https:\\\/\\\/www.allscore.de\\\/shop\\\/produkt\\\/geister-schocker-118-josephas-henker\\\/#primaryimage\"},\"image\":{\"@id\":\"https:\\\/\\\/www.allscore.de\\\/shop\\\/produkt\\\/geister-schocker-118-josephas-henker\\\/#primaryimage\"},\"thumbnailUrl\":\"https:\\\/\\\/www.allscore.de\\\/shop\\\/wp-content\\\/uploads\\\/2025\\\/07\\\/GS118_1200px.jpg\",\"datePublished\":\"2025-07-17T09:01:37+00:00\",\"dateModified\":\"2026-04-25T17:12:54+00:00\",\"description\":\"Mit Helmut Gauss, Karen Schulz-Vobach, Thomas Schmuckert, Luise Lunow, Udo Schenk, Bert Franzke, Santiago Ziesmer, Judith Steinh\u00e4user, Till Hagen, Maja Maneiro und Ann Vielhaben\",\"breadcrumb\":{\"@id\":\"https:\\\/\\\/www.allscore.de\\\/shop\\\/produkt\\\/geister-schocker-118-josephas-henker\\\/#breadcrumb\"},\"inLanguage\":\"de\",\"potentialAction\":[{\"@type\":\"ReadAction\",\"target\":[\"https:\\\/\\\/www.allscore.de\\\/shop\\\/produkt\\\/geister-schocker-118-josephas-henker\\\/\"]}]},{\"@type\":\"ImageObject\",\"inLanguage\":\"de\",\"@id\":\"https:\\\/\\\/www.allscore.de\\\/shop\\\/produkt\\\/geister-schocker-118-josephas-henker\\\/#primaryimage\",\"url\":\"https:\\\/\\\/www.allscore.de\\\/shop\\\/wp-content\\\/uploads\\\/2025\\\/07\\\/GS118_1200px.jpg\",\"contentUrl\":\"https:\\\/\\\/www.allscore.de\\\/shop\\\/wp-content\\\/uploads\\\/2025\\\/07\\\/GS118_1200px.jpg\",\"width\":1200,\"height\":1200,\"caption\":\"Geister-Schocker 118\"},{\"@type\":\"BreadcrumbList\",\"@id\":\"https:\\\/\\\/www.allscore.de\\\/shop\\\/produkt\\\/geister-schocker-118-josephas-henker\\\/#breadcrumb\",\"itemListElement\":[{\"@type\":\"ListItem\",\"position\":1,\"name\":\"Startseite\",\"item\":\"https:\\\/\\\/www.allscore.de\\\/shop\\\/\"},{\"@type\":\"ListItem\",\"position\":2,\"name\":\"Produkte\",\"item\":\"https:\\\/\\\/www.allscore.de\\\/shop\\\/shop\\\/\"},{\"@type\":\"ListItem\",\"position\":3,\"name\":\"Geister-Schocker 118: Josephas Henker\"}]},{\"@type\":\"WebSite\",\"@id\":\"https:\\\/\\\/www.allscore.de\\\/shop\\\/#website\",\"url\":\"https:\\\/\\\/www.allscore.de\\\/shop\\\/\",\"name\":\"Allscore Shop\",\"description\":\"All Score Media\",\"publisher\":{\"@id\":\"https:\\\/\\\/www.allscore.de\\\/shop\\\/#organization\"},\"potentialAction\":[{\"@type\":\"SearchAction\",\"target\":{\"@type\":\"EntryPoint\",\"urlTemplate\":\"https:\\\/\\\/www.allscore.de\\\/shop\\\/?s={search_term_string}\"},\"query-input\":{\"@type\":\"PropertyValueSpecification\",\"valueRequired\":true,\"valueName\":\"search_term_string\"}}],\"inLanguage\":\"de\"},{\"@type\":\"Organization\",\"@id\":\"https:\\\/\\\/www.allscore.de\\\/shop\\\/#organization\",\"name\":\"All Score Media\",\"alternateName\":\"Allscore\",\"url\":\"https:\\\/\\\/www.allscore.de\\\/shop\\\/\",\"logo\":{\"@type\":\"ImageObject\",\"inLanguage\":\"de\",\"@id\":\"https:\\\/\\\/www.allscore.de\\\/shop\\\/#\\\/schema\\\/logo\\\/image\\\/\",\"url\":\"https:\\\/\\\/www.allscore.de\\\/shop\\\/wp-content\\\/uploads\\\/2026\\\/01\\\/Logo_Yoast_Shop_2026.png\",\"contentUrl\":\"https:\\\/\\\/www.allscore.de\\\/shop\\\/wp-content\\\/uploads\\\/2026\\\/01\\\/Logo_Yoast_Shop_2026.png\",\"width\":696,\"height\":696,\"caption\":\"All Score Media\"},\"image\":{\"@id\":\"https:\\\/\\\/www.allscore.de\\\/shop\\\/#\\\/schema\\\/logo\\\/image\\\/\"}}]}<\/script>\n<!-- \/ Yoast SEO plugin. -->","yoast_head_json":{"title":"Geister-Schocker 118: Josephas Henker","description":"Mit Helmut Gauss, Karen Schulz-Vobach, Thomas Schmuckert, Luise Lunow, Udo Schenk, Bert Franzke, Santiago Ziesmer, Judith Steinh\u00e4user, Till Hagen, Maja Maneiro und Ann Vielhaben","robots":{"index":"index","follow":"follow","max-snippet":"max-snippet:-1","max-image-preview":"max-image-preview:large","max-video-preview":"max-video-preview:-1"},"canonical":"https:\/\/www.allscore.de\/shop\/produkt\/geister-schocker-118-josephas-henker\/","og_locale":"de_DE","og_type":"article","og_title":"Geister-Schocker 118: Josephas Henker","og_description":"Mit Helmut Gauss, Karen Schulz-Vobach, Thomas Schmuckert, Luise Lunow, Udo Schenk, Bert Franzke, Santiago Ziesmer, Judith Steinh\u00e4user, Till Hagen, Maja Maneiro und Ann Vielhaben","og_url":"https:\/\/www.allscore.de\/shop\/produkt\/geister-schocker-118-josephas-henker\/","og_site_name":"Allscore Shop","article_modified_time":"2026-04-25T17:12:54+00:00","og_image":[{"width":1200,"height":1200,"url":"https:\/\/www.allscore.de\/shop\/wp-content\/uploads\/2025\/07\/GS118_1200px.jpg","type":"image\/jpeg"}],"twitter_card":"summary_large_image","twitter_misc":{"Gesch\u00e4tzte Lesezeit":"1\u00a0Minute"},"schema":{"@context":"https:\/\/schema.org","@graph":[{"@type":"WebPage","@id":"https:\/\/www.allscore.de\/shop\/produkt\/geister-schocker-118-josephas-henker\/","url":"https:\/\/www.allscore.de\/shop\/produkt\/geister-schocker-118-josephas-henker\/","name":"Geister-Schocker 118: Josephas Henker","isPartOf":{"@id":"https:\/\/www.allscore.de\/shop\/#website"},"primaryImageOfPage":{"@id":"https:\/\/www.allscore.de\/shop\/produkt\/geister-schocker-118-josephas-henker\/#primaryimage"},"image":{"@id":"https:\/\/www.allscore.de\/shop\/produkt\/geister-schocker-118-josephas-henker\/#primaryimage"},"thumbnailUrl":"https:\/\/www.allscore.de\/shop\/wp-content\/uploads\/2025\/07\/GS118_1200px.jpg","datePublished":"2025-07-17T09:01:37+00:00","dateModified":"2026-04-25T17:12:54+00:00","description":"Mit Helmut Gauss, Karen Schulz-Vobach, Thomas Schmuckert, Luise Lunow, Udo Schenk, Bert Franzke, Santiago Ziesmer, Judith Steinh\u00e4user, Till Hagen, Maja Maneiro und Ann Vielhaben","breadcrumb":{"@id":"https:\/\/www.allscore.de\/shop\/produkt\/geister-schocker-118-josephas-henker\/#breadcrumb"},"inLanguage":"de","potentialAction":[{"@type":"ReadAction","target":["https:\/\/www.allscore.de\/shop\/produkt\/geister-schocker-118-josephas-henker\/"]}]},{"@type":"ImageObject","inLanguage":"de","@id":"https:\/\/www.allscore.de\/shop\/produkt\/geister-schocker-118-josephas-henker\/#primaryimage","url":"https:\/\/www.allscore.de\/shop\/wp-content\/uploads\/2025\/07\/GS118_1200px.jpg","contentUrl":"https:\/\/www.allscore.de\/shop\/wp-content\/uploads\/2025\/07\/GS118_1200px.jpg","width":1200,"height":1200,"caption":"Geister-Schocker 118"},{"@type":"BreadcrumbList","@id":"https:\/\/www.allscore.de\/shop\/produkt\/geister-schocker-118-josephas-henker\/#breadcrumb","itemListElement":[{"@type":"ListItem","position":1,"name":"Startseite","item":"https:\/\/www.allscore.de\/shop\/"},{"@type":"ListItem","position":2,"name":"Produkte","item":"https:\/\/www.allscore.de\/shop\/shop\/"},{"@type":"ListItem","position":3,"name":"Geister-Schocker 118: Josephas Henker"}]},{"@type":"WebSite","@id":"https:\/\/www.allscore.de\/shop\/#website","url":"https:\/\/www.allscore.de\/shop\/","name":"Allscore Shop","description":"All Score Media","publisher":{"@id":"https:\/\/www.allscore.de\/shop\/#organization"},"potentialAction":[{"@type":"SearchAction","target":{"@type":"EntryPoint","urlTemplate":"https:\/\/www.allscore.de\/shop\/?s={search_term_string}"},"query-input":{"@type":"PropertyValueSpecification","valueRequired":true,"valueName":"search_term_string"}}],"inLanguage":"de"},{"@type":"Organization","@id":"https:\/\/www.allscore.de\/shop\/#organization","name":"All Score Media","alternateName":"Allscore","url":"https:\/\/www.allscore.de\/shop\/","logo":{"@type":"ImageObject","inLanguage":"de","@id":"https:\/\/www.allscore.de\/shop\/#\/schema\/logo\/image\/","url":"https:\/\/www.allscore.de\/shop\/wp-content\/uploads\/2026\/01\/Logo_Yoast_Shop_2026.png","contentUrl":"https:\/\/www.allscore.de\/shop\/wp-content\/uploads\/2026\/01\/Logo_Yoast_Shop_2026.png","width":696,"height":696,"caption":"All Score Media"},"image":{"@id":"https:\/\/www.allscore.de\/shop\/#\/schema\/logo\/image\/"}}]}},"_links":{"self":[{"href":"https:\/\/www.allscore.de\/shop\/wp-json\/wp\/v2\/product\/14235","targetHints":{"allow":["GET"]}}],"collection":[{"href":"https:\/\/www.allscore.de\/shop\/wp-json\/wp\/v2\/product"}],"about":[{"href":"https:\/\/www.allscore.de\/shop\/wp-json\/wp\/v2\/types\/product"}],"wp:featuredmedia":[{"embeddable":true,"href":"https:\/\/www.allscore.de\/shop\/wp-json\/wp\/v2\/media\/14237"}],"wp:attachment":[{"href":"https:\/\/www.allscore.de\/shop\/wp-json\/wp\/v2\/media?parent=14235"}],"wp:term":[{"taxonomy":"product_brand","embeddable":true,"href":"https:\/\/www.allscore.de\/shop\/wp-json\/wp\/v2\/product_brand?post=14235"},{"taxonomy":"product_cat","embeddable":true,"href":"https:\/\/www.allscore.de\/shop\/wp-json\/wp\/v2\/product_cat?post=14235"},{"taxonomy":"product_tag","embeddable":true,"href":"https:\/\/www.allscore.de\/shop\/wp-json\/wp\/v2\/product_tag?post=14235"}],"curies":[{"name":"wp","href":"https:\/\/api.w.org\/{rel}","templated":true}]}}