{"id":13562,"date":"2024-10-29T16:02:37","date_gmt":"2024-10-29T15:02:37","guid":{"rendered":"https:\/\/www.allscore.de\/shop\/?post_type=product&#038;p=13562"},"modified":"2026-03-25T03:08:43","modified_gmt":"2026-03-25T02:08:43","slug":"peter-thomas-sound-orchester-derrick-der-alte-beigefarbene-lp","status":"publish","type":"product","link":"https:\/\/www.allscore.de\/shop\/produkt\/peter-thomas-sound-orchester-derrick-der-alte-beigefarbene-lp\/","title":{"rendered":"Peter Thomas Sound Orchester &#8211; Derrick &#038; Der Alte (limitierte beigefarbene LP)"},"content":{"rendered":"<p>Derrick &amp; Der Alte &#8211; Music from the original tv-series (1974-1984)<\/p>\n<p>DERRICK wird in diesem Jahr 50. Zwar ist es aufgrund der posthum bekanntgewordenen NS-Vergangenheit des Oberinspektor-Darstellers Horst Tappert zuletzt etwas ruhig um die meistverkaufte deutsche Fernsehserie geworden, doch ihrem Erfolg und ihrer Popularit\u00e4t tut dies keinen Abbruch. Und auch eine vergleichbare Krimi-Serie l\u00e4uft bis heute unbeirrbar weiter: DER ALTE. Das verbindende Element und Thema dieses Albums sind die Soundtracks von Peter Thomas, der beiden Serien einen musikalischen Traumstart erm\u00f6glichte.<\/p>\n<p>Von Peter Thomas und seinem Sound Orchester stammt bereits die Musik zur ersten DERRICK-Folge \u201eWaldweg\u201c (1974). Sechs weitere Episoden folgten. Der Komponist und Musiker hatte sogar einen Cameo-Auftritt in der DERRICK-Folge \u201eTod des Trompeters\u201c (1976), wo er sich im Publikum der S\u00e4ngerin Sabrina (Emy Cesaroni) befindet und kurz mit ihr interagiert. Das entsprechende St\u00fcck \u201eOhne Dich ist es Nacht\u201c war einstmals eine erfolgreiche Single und ist auch auf diesem Album zu h\u00f6ren. F\u00fcr die 1977 gestartete Fernsehkrimiserie DER ALTE schrieb Peter Thomas sogar die Titelmusik der ersten 100 Folgen. Neben dem Pilotfilm &#8222;Die Dienstreise&#8220; vertonte er au\u00dferdem drei weitere Episoden, darunter die skandaltr\u00e4chtige Folge &#8222;Der Alte schl\u00e4gt 2x zu&#8220;.<\/p>\n<p><img loading=\"lazy\" decoding=\"async\" class=\"size-full wp-image-13518\" src=\"https:\/\/www.allscore.de\/shop\/wp-content\/uploads\/2024\/10\/Derrick_Gatefold_beige.jpg\" alt=\"Derrick Gatefold beige\" width=\"1200\" height=\"800\" srcset=\"https:\/\/www.allscore.de\/shop\/wp-content\/uploads\/2024\/10\/Derrick_Gatefold_beige.jpg 1200w, https:\/\/www.allscore.de\/shop\/wp-content\/uploads\/2024\/10\/Derrick_Gatefold_beige-300x200.jpg 300w, https:\/\/www.allscore.de\/shop\/wp-content\/uploads\/2024\/10\/Derrick_Gatefold_beige-1024x683.jpg 1024w, https:\/\/www.allscore.de\/shop\/wp-content\/uploads\/2024\/10\/Derrick_Gatefold_beige-768x512.jpg 768w, https:\/\/www.allscore.de\/shop\/wp-content\/uploads\/2024\/10\/Derrick_Gatefold_beige-855x570.jpg 855w, https:\/\/www.allscore.de\/shop\/wp-content\/uploads\/2024\/10\/Derrick_Gatefold_beige-500x333.jpg 500w, https:\/\/www.allscore.de\/shop\/wp-content\/uploads\/2024\/10\/Derrick_Gatefold_beige-550x367.jpg 550w, https:\/\/www.allscore.de\/shop\/wp-content\/uploads\/2024\/10\/Derrick_Gatefold_beige-400x267.jpg 400w, https:\/\/www.allscore.de\/shop\/wp-content\/uploads\/2024\/10\/Derrick_Gatefold_beige-600x400.jpg 600w\" sizes=\"auto, (max-width: 1200px) 100vw, 1200px\" \/><br \/>\nDie perfekt den \u201eLook\u201c der Serien aufgreifenden Illustrationen auf und im Gatefold-Cover der LP stammen von Adrian Keindorf.<\/p>\n<p><strong>Trackliste LP:<\/strong><\/p>\n<p>Seite A<br \/>\n01 The House of the Rising Sun (My life as a girl) Derrick 17: Der Tod des Trompeters (1976)<br \/>\n02 Opium Derrick 17: Der Tod des Trompeters (1976)<br \/>\n03 Ohne Dich ist es Nacht Derrick 17: Der Tod des Trompeters (1976)<br \/>\n04 Sophisti-Cat Derrick 23: Auf eigene Faust (1976)<br \/>\n05 Musikant am Schwabylon* Derrick 23: Auf eigene Faust (1976)<br \/>\n06 Zahltag* Derrick 25: Das Bordfest (1976)<br \/>\n07 Bordkapelle* Derrick 25: Das Bordfest (1976)<br \/>\n08 Milky Way Derrick 33: Offene Rechnung (1977)<\/p>\n<p>Seite B<br \/>\n01 Der Alte &#8211; Titelmusik Der Alte 1-100<br \/>\n02 Verfolgungsjagd* Der Alte 1: Die Dienstreise (1977)<br \/>\n03 Tod im Olympiadorf* Der Alte 1: Die Dienstreise (1977)<br \/>\n04 Go Der Alte 3: Der Alte schl\u00e4gt zweimal zu (1977)<br \/>\n05 Der Stoff aus dem die Tr\u00e4ume sind Der Alte 10: Erk\u00e4ltung im Sommer (1978)<br \/>\n06 Alleingang* Der Alte 76: Alleingang (1984)<br \/>\n07 Eine Million* Der Alte 76: Alleingang (1984)<\/p>\n<p>50-Jahre-Derrick-Bonus (CD und LP):<br \/>\n08 Stephan &amp; Harry ermitteln* Derrick 1: Waldweg (1974)<br \/>\n09 Isar-Disco* Derrick 1: Waldweg (1974)<\/p>\n<p>* Bisher unver\u00f6ffentlicht<\/p>\n<p>Musikalisch reicht die Spannweite von einer Discofox-Version von \u201eThe House Of The Rising Sun\u201c \u00fcber Easy Listening bis zu krautrockigen und funky Instrumentals. Es \u00fcberrascht, wie experimentierfreudig man in den Siebzigern noch bei der musikalischen Ausstattung von TV-Serien war, bevor die Synthesizer in den Achtzigern alles \u00fcberrollten.<\/p>\n<p>Mehr als die H\u00e4lfte der Titel auf diesem Album sind bisher unver\u00f6ffentlicht, man darf also getrost von einer Premiere sprechen. Als Bonus sind zwei St\u00fccke aus der ersten DERRICK-Folge enthalten, die im Nachlass von Peter Thomas aufgetaucht sind. Aus derselben Quelle \u2013 aus Platzgr\u00fcnden aber nur auf der CD enthalten \u2013 entstammen die von Peter Thomas moderierte Pr\u00e4sentation zweier Versionen des \u201eDER ALTE-Titelthemas\u201c sowie eine von ihm selbst gesungene Demo-Version von \u201eOhne Dich ist es Nacht\u201c.<\/p>\n<p>Nach <em>Bruce Lee: The Big Boss<\/em>, <em>Winnetou und sein Freund Old Firehand<\/em>, <em>Steiner &#8211; Das Eiserne Kreuz 2<\/em> und <em>Edgar Wallace<\/em> ist dies die f\u00fcnfte LP\/CD-Ver\u00f6ffentlichung einer Reihe, die dem Komponisten Peter Thomas (1925-2020) gewidmet ist.<\/p>\n","protected":false},"excerpt":{"rendered":"<p>Diese auf 200 St\u00fcck limitierte Edition erscheint auf &#8222;Trenchcoat-beigefarbenem&#8220; 180g-Vinyl mit gef\u00fctterter Innenh\u00fclle im aufw\u00e4ndig gestalteten Klappcover.<\/p>\n","protected":false},"featured_media":13522,"template":"","meta":[],"product_brand":[],"product_cat":[225,617,105],"product_tag":[],"class_list":{"0":"post-13562","1":"product","2":"type-product","3":"status-publish","4":"has-post-thumbnail","6":"product_cat-krimi","7":"product_cat-peter-thomas-sound-orchester","8":"product_cat-soundtracks","9":"product_shipping_class-tontraeger-schallplatte","10":"entry","11":"clearfix","12":"entry-grid","13":"entry-columns-3","14":"entry-product-module-layout-sidebar-right","15":"thumbnail-color-tone-dark","16":"entry-product","18":"entry-product-grid","20":"first","21":"instock","22":"taxable","23":"shipping-taxable","24":"purchasable","25":"product-type-simple"},"yoast_head":"<!-- This site is optimized with the Yoast SEO plugin v27.3 - https:\/\/yoast.com\/product\/yoast-seo-wordpress\/ -->\n<title>Peter Thomas Sound Orchester - Derrick &amp; Der Alte (LP beige)<\/title>\n<meta name=\"description\" content=\"Peter Thomas Sound Orchester - Derrick &amp; Der Alte - music from the original tv-series. LP auf beigefarbenem 180g-Vinyl im aufw\u00e4ndig gestalteten Klappcover.\" \/>\n<meta name=\"robots\" content=\"index, follow, max-snippet:-1, max-image-preview:large, max-video-preview:-1\" \/>\n<link rel=\"canonical\" href=\"https:\/\/www.allscore.de\/shop\/produkt\/peter-thomas-sound-orchester-derrick-der-alte-beigefarbene-lp\/\" \/>\n<meta property=\"og:locale\" content=\"de_DE\" \/>\n<meta property=\"og:type\" content=\"article\" \/>\n<meta property=\"og:title\" content=\"Peter Thomas Sound Orchester - Derrick &amp; Der Alte (limitierte beigefarbene LP)\" \/>\n<meta property=\"og:description\" content=\"LP erscheint auf beigefarbenem 180g-Vinyl mit gef\u00fctterter Innenh\u00fclle im aufw\u00e4ndig gestalteten Klappcover.\" \/>\n<meta property=\"og:url\" content=\"https:\/\/www.allscore.de\/shop\/produkt\/peter-thomas-sound-orchester-derrick-der-alte-beigefarbene-lp\/\" \/>\n<meta property=\"og:site_name\" content=\"Allscore Shop\" \/>\n<meta property=\"article:modified_time\" content=\"2026-03-25T02:08:43+00:00\" \/>\n<meta property=\"og:image\" content=\"https:\/\/www.allscore.de\/shop\/wp-content\/uploads\/2024\/10\/ASM058_1200x1200px.jpg\" \/>\n\t<meta property=\"og:image:width\" content=\"1200\" \/>\n\t<meta property=\"og:image:height\" content=\"1200\" \/>\n\t<meta property=\"og:image:type\" content=\"image\/jpeg\" \/>\n<meta name=\"twitter:card\" content=\"summary_large_image\" \/>\n<meta name=\"twitter:label1\" content=\"Gesch\u00e4tzte Lesezeit\" \/>\n\t<meta name=\"twitter:data1\" content=\"4\u00a0Minuten\" \/>\n<script type=\"application\/ld+json\" class=\"yoast-schema-graph\">{\"@context\":\"https:\\\/\\\/schema.org\",\"@graph\":[{\"@type\":\"WebPage\",\"@id\":\"https:\\\/\\\/www.allscore.de\\\/shop\\\/produkt\\\/peter-thomas-sound-orchester-derrick-der-alte-beigefarbene-lp\\\/\",\"url\":\"https:\\\/\\\/www.allscore.de\\\/shop\\\/produkt\\\/peter-thomas-sound-orchester-derrick-der-alte-beigefarbene-lp\\\/\",\"name\":\"Peter Thomas Sound Orchester - Derrick & Der Alte (LP beige)\",\"isPartOf\":{\"@id\":\"https:\\\/\\\/www.allscore.de\\\/shop\\\/#website\"},\"primaryImageOfPage\":{\"@id\":\"https:\\\/\\\/www.allscore.de\\\/shop\\\/produkt\\\/peter-thomas-sound-orchester-derrick-der-alte-beigefarbene-lp\\\/#primaryimage\"},\"image\":{\"@id\":\"https:\\\/\\\/www.allscore.de\\\/shop\\\/produkt\\\/peter-thomas-sound-orchester-derrick-der-alte-beigefarbene-lp\\\/#primaryimage\"},\"thumbnailUrl\":\"https:\\\/\\\/www.allscore.de\\\/shop\\\/wp-content\\\/uploads\\\/2024\\\/10\\\/ASM058_1200x1200px.jpg\",\"datePublished\":\"2024-10-29T15:02:37+00:00\",\"dateModified\":\"2026-03-25T02:08:43+00:00\",\"description\":\"Peter Thomas Sound Orchester - Derrick & Der Alte - music from the original tv-series. LP auf beigefarbenem 180g-Vinyl im aufw\u00e4ndig gestalteten Klappcover.\",\"breadcrumb\":{\"@id\":\"https:\\\/\\\/www.allscore.de\\\/shop\\\/produkt\\\/peter-thomas-sound-orchester-derrick-der-alte-beigefarbene-lp\\\/#breadcrumb\"},\"inLanguage\":\"de\",\"potentialAction\":[{\"@type\":\"ReadAction\",\"target\":[\"https:\\\/\\\/www.allscore.de\\\/shop\\\/produkt\\\/peter-thomas-sound-orchester-derrick-der-alte-beigefarbene-lp\\\/\"]}]},{\"@type\":\"ImageObject\",\"inLanguage\":\"de\",\"@id\":\"https:\\\/\\\/www.allscore.de\\\/shop\\\/produkt\\\/peter-thomas-sound-orchester-derrick-der-alte-beigefarbene-lp\\\/#primaryimage\",\"url\":\"https:\\\/\\\/www.allscore.de\\\/shop\\\/wp-content\\\/uploads\\\/2024\\\/10\\\/ASM058_1200x1200px.jpg\",\"contentUrl\":\"https:\\\/\\\/www.allscore.de\\\/shop\\\/wp-content\\\/uploads\\\/2024\\\/10\\\/ASM058_1200x1200px.jpg\",\"width\":1200,\"height\":1200,\"caption\":\"Derrick & Der Alte\"},{\"@type\":\"BreadcrumbList\",\"@id\":\"https:\\\/\\\/www.allscore.de\\\/shop\\\/produkt\\\/peter-thomas-sound-orchester-derrick-der-alte-beigefarbene-lp\\\/#breadcrumb\",\"itemListElement\":[{\"@type\":\"ListItem\",\"position\":1,\"name\":\"Startseite\",\"item\":\"https:\\\/\\\/www.allscore.de\\\/shop\\\/\"},{\"@type\":\"ListItem\",\"position\":2,\"name\":\"Produkte\",\"item\":\"https:\\\/\\\/www.allscore.de\\\/shop\\\/shop\\\/\"},{\"@type\":\"ListItem\",\"position\":3,\"name\":\"Peter Thomas Sound Orchester &#8211; Derrick &#038; Der Alte (limitierte beigefarbene LP)\"}]},{\"@type\":\"WebSite\",\"@id\":\"https:\\\/\\\/www.allscore.de\\\/shop\\\/#website\",\"url\":\"https:\\\/\\\/www.allscore.de\\\/shop\\\/\",\"name\":\"Allscore Shop\",\"description\":\"All Score Media\",\"publisher\":{\"@id\":\"https:\\\/\\\/www.allscore.de\\\/shop\\\/#organization\"},\"potentialAction\":[{\"@type\":\"SearchAction\",\"target\":{\"@type\":\"EntryPoint\",\"urlTemplate\":\"https:\\\/\\\/www.allscore.de\\\/shop\\\/?s={search_term_string}\"},\"query-input\":{\"@type\":\"PropertyValueSpecification\",\"valueRequired\":true,\"valueName\":\"search_term_string\"}}],\"inLanguage\":\"de\"},{\"@type\":\"Organization\",\"@id\":\"https:\\\/\\\/www.allscore.de\\\/shop\\\/#organization\",\"name\":\"All Score Media\",\"alternateName\":\"Allscore\",\"url\":\"https:\\\/\\\/www.allscore.de\\\/shop\\\/\",\"logo\":{\"@type\":\"ImageObject\",\"inLanguage\":\"de\",\"@id\":\"https:\\\/\\\/www.allscore.de\\\/shop\\\/#\\\/schema\\\/logo\\\/image\\\/\",\"url\":\"https:\\\/\\\/www.allscore.de\\\/shop\\\/wp-content\\\/uploads\\\/2026\\\/01\\\/Logo_Yoast_Shop_2026.png\",\"contentUrl\":\"https:\\\/\\\/www.allscore.de\\\/shop\\\/wp-content\\\/uploads\\\/2026\\\/01\\\/Logo_Yoast_Shop_2026.png\",\"width\":696,\"height\":696,\"caption\":\"All Score Media\"},\"image\":{\"@id\":\"https:\\\/\\\/www.allscore.de\\\/shop\\\/#\\\/schema\\\/logo\\\/image\\\/\"}}]}<\/script>\n<!-- \/ Yoast SEO plugin. -->","yoast_head_json":{"title":"Peter Thomas Sound Orchester - Derrick & Der Alte (LP beige)","description":"Peter Thomas Sound Orchester - Derrick & Der Alte - music from the original tv-series. LP auf beigefarbenem 180g-Vinyl im aufw\u00e4ndig gestalteten Klappcover.","robots":{"index":"index","follow":"follow","max-snippet":"max-snippet:-1","max-image-preview":"max-image-preview:large","max-video-preview":"max-video-preview:-1"},"canonical":"https:\/\/www.allscore.de\/shop\/produkt\/peter-thomas-sound-orchester-derrick-der-alte-beigefarbene-lp\/","og_locale":"de_DE","og_type":"article","og_title":"Peter Thomas Sound Orchester - Derrick & Der Alte (limitierte beigefarbene LP)","og_description":"LP erscheint auf beigefarbenem 180g-Vinyl mit gef\u00fctterter Innenh\u00fclle im aufw\u00e4ndig gestalteten Klappcover.","og_url":"https:\/\/www.allscore.de\/shop\/produkt\/peter-thomas-sound-orchester-derrick-der-alte-beigefarbene-lp\/","og_site_name":"Allscore Shop","article_modified_time":"2026-03-25T02:08:43+00:00","og_image":[{"width":1200,"height":1200,"url":"https:\/\/www.allscore.de\/shop\/wp-content\/uploads\/2024\/10\/ASM058_1200x1200px.jpg","type":"image\/jpeg"}],"twitter_card":"summary_large_image","twitter_misc":{"Gesch\u00e4tzte Lesezeit":"4\u00a0Minuten"},"schema":{"@context":"https:\/\/schema.org","@graph":[{"@type":"WebPage","@id":"https:\/\/www.allscore.de\/shop\/produkt\/peter-thomas-sound-orchester-derrick-der-alte-beigefarbene-lp\/","url":"https:\/\/www.allscore.de\/shop\/produkt\/peter-thomas-sound-orchester-derrick-der-alte-beigefarbene-lp\/","name":"Peter Thomas Sound Orchester - Derrick & Der Alte (LP beige)","isPartOf":{"@id":"https:\/\/www.allscore.de\/shop\/#website"},"primaryImageOfPage":{"@id":"https:\/\/www.allscore.de\/shop\/produkt\/peter-thomas-sound-orchester-derrick-der-alte-beigefarbene-lp\/#primaryimage"},"image":{"@id":"https:\/\/www.allscore.de\/shop\/produkt\/peter-thomas-sound-orchester-derrick-der-alte-beigefarbene-lp\/#primaryimage"},"thumbnailUrl":"https:\/\/www.allscore.de\/shop\/wp-content\/uploads\/2024\/10\/ASM058_1200x1200px.jpg","datePublished":"2024-10-29T15:02:37+00:00","dateModified":"2026-03-25T02:08:43+00:00","description":"Peter Thomas Sound Orchester - Derrick & Der Alte - music from the original tv-series. LP auf beigefarbenem 180g-Vinyl im aufw\u00e4ndig gestalteten Klappcover.","breadcrumb":{"@id":"https:\/\/www.allscore.de\/shop\/produkt\/peter-thomas-sound-orchester-derrick-der-alte-beigefarbene-lp\/#breadcrumb"},"inLanguage":"de","potentialAction":[{"@type":"ReadAction","target":["https:\/\/www.allscore.de\/shop\/produkt\/peter-thomas-sound-orchester-derrick-der-alte-beigefarbene-lp\/"]}]},{"@type":"ImageObject","inLanguage":"de","@id":"https:\/\/www.allscore.de\/shop\/produkt\/peter-thomas-sound-orchester-derrick-der-alte-beigefarbene-lp\/#primaryimage","url":"https:\/\/www.allscore.de\/shop\/wp-content\/uploads\/2024\/10\/ASM058_1200x1200px.jpg","contentUrl":"https:\/\/www.allscore.de\/shop\/wp-content\/uploads\/2024\/10\/ASM058_1200x1200px.jpg","width":1200,"height":1200,"caption":"Derrick & Der Alte"},{"@type":"BreadcrumbList","@id":"https:\/\/www.allscore.de\/shop\/produkt\/peter-thomas-sound-orchester-derrick-der-alte-beigefarbene-lp\/#breadcrumb","itemListElement":[{"@type":"ListItem","position":1,"name":"Startseite","item":"https:\/\/www.allscore.de\/shop\/"},{"@type":"ListItem","position":2,"name":"Produkte","item":"https:\/\/www.allscore.de\/shop\/shop\/"},{"@type":"ListItem","position":3,"name":"Peter Thomas Sound Orchester &#8211; Derrick &#038; Der Alte (limitierte beigefarbene LP)"}]},{"@type":"WebSite","@id":"https:\/\/www.allscore.de\/shop\/#website","url":"https:\/\/www.allscore.de\/shop\/","name":"Allscore Shop","description":"All Score Media","publisher":{"@id":"https:\/\/www.allscore.de\/shop\/#organization"},"potentialAction":[{"@type":"SearchAction","target":{"@type":"EntryPoint","urlTemplate":"https:\/\/www.allscore.de\/shop\/?s={search_term_string}"},"query-input":{"@type":"PropertyValueSpecification","valueRequired":true,"valueName":"search_term_string"}}],"inLanguage":"de"},{"@type":"Organization","@id":"https:\/\/www.allscore.de\/shop\/#organization","name":"All Score Media","alternateName":"Allscore","url":"https:\/\/www.allscore.de\/shop\/","logo":{"@type":"ImageObject","inLanguage":"de","@id":"https:\/\/www.allscore.de\/shop\/#\/schema\/logo\/image\/","url":"https:\/\/www.allscore.de\/shop\/wp-content\/uploads\/2026\/01\/Logo_Yoast_Shop_2026.png","contentUrl":"https:\/\/www.allscore.de\/shop\/wp-content\/uploads\/2026\/01\/Logo_Yoast_Shop_2026.png","width":696,"height":696,"caption":"All Score Media"},"image":{"@id":"https:\/\/www.allscore.de\/shop\/#\/schema\/logo\/image\/"}}]}},"_links":{"self":[{"href":"https:\/\/www.allscore.de\/shop\/wp-json\/wp\/v2\/product\/13562","targetHints":{"allow":["GET"]}}],"collection":[{"href":"https:\/\/www.allscore.de\/shop\/wp-json\/wp\/v2\/product"}],"about":[{"href":"https:\/\/www.allscore.de\/shop\/wp-json\/wp\/v2\/types\/product"}],"wp:featuredmedia":[{"embeddable":true,"href":"https:\/\/www.allscore.de\/shop\/wp-json\/wp\/v2\/media\/13522"}],"wp:attachment":[{"href":"https:\/\/www.allscore.de\/shop\/wp-json\/wp\/v2\/media?parent=13562"}],"wp:term":[{"taxonomy":"product_brand","embeddable":true,"href":"https:\/\/www.allscore.de\/shop\/wp-json\/wp\/v2\/product_brand?post=13562"},{"taxonomy":"product_cat","embeddable":true,"href":"https:\/\/www.allscore.de\/shop\/wp-json\/wp\/v2\/product_cat?post=13562"},{"taxonomy":"product_tag","embeddable":true,"href":"https:\/\/www.allscore.de\/shop\/wp-json\/wp\/v2\/product_tag?post=13562"}],"curies":[{"name":"wp","href":"https:\/\/api.w.org\/{rel}","templated":true}]}}