{"id":13504,"date":"2024-10-25T17:40:36","date_gmt":"2024-10-25T15:40:36","guid":{"rendered":"https:\/\/www.allscore.de\/shop\/?post_type=product&#038;p=13504"},"modified":"2025-10-24T19:12:57","modified_gmt":"2025-10-24T17:12:57","slug":"mondo-sangue-diamantik-limited-edition","status":"publish","type":"product","link":"https:\/\/www.allscore.de\/shop\/produkt\/mondo-sangue-diamantik-limited-edition\/","title":{"rendered":"Mondo Sangue &#8211; DIAMANTIK (Special Edition mit Holzschliffkarte)"},"content":{"rendered":"<p>Mondo Sangue &#8211; DIAMANTIK<\/p>\n<p><em>Von Liebe und Vergeltungssucht getrieben, jagt die Meisterdiebin DIAMANTIK um die ganze Welt &#8211; mit dem Ziel, die unfassbarsten, exotischsten Schaupl\u00e4tze ihrer kostbarsten Diamanten zu erleichtern. Gerissene Geheimpolizisten, m\u00f6rderische Ninjas, blutdurstige Haie und sinnliche Sirenen f\u00fchren sie auf eine bislang unentdeckte sizilianische Insel. Wird sie unter dem Vulkan ihren geliebten Gef\u00e4hrten aus dem Jenseits zur\u00fcckholen k\u00f6nnen?<\/em><\/p>\n<p>&nbsp;<\/p>\n<p><img decoding=\"async\" src=\"https:\/\/www.allscore.de\/upload\/ASM_059_poster.jpg\" \/><br \/>\n<span style=\"font-size: 10pt;\">Filmplakat<\/span><\/p>\n<p>&nbsp;<\/p>\n<p>Mit DIAMANTIK entf\u00fchrt MONDO SANGUE das Publikum in die schillernde, stylische Welt der Swinging Sixties. Das psychedelisch angehauchte Pop-Art-Abenteuer liefert aber auch einige Grenzg\u00e4nge: Eurospy-, Abenteuer- und Martial-Arts-Kino treffen auf Beat, Bossanova und Disco. Mittels kantiger E-Gitarren, grooviger Schlagzeug-Beats, glamour\u00f6ser Orchesters\u00e4tze und epischer Gesangslinien werden DIAMANTIKs waghalsige Eskapaden erz\u00e4hlt. Heraus kommt ein zeitloser Genre-Cocktail, serviert als knallbuntes Konzeptalbum.<\/p>\n<p>Wie immer werden diverse filmische, wie musikalische Verweise ans italienische Genrekino offen ausgespielt, sodass cineastische Grenzg\u00e4nger*innen ein stilsicheres Zwinkern in Richtung Mario Bava oder Ennio Morricone bemerken d\u00fcrften. Zus\u00e4tzlich doppelten Boden erh\u00e4lt die Platte durch die Hommage an die kultigen, italienischen \u201eFumetti neri\u201c Comics, welche sich \u00e4u\u00dferst liberal mit den dunkleren Themen der Popkultur auseinandersetzen. Heraus kommt eine \u00e4u\u00dferst tanzbare, Beat-getriebene Mischung aus imagin\u00e4rem Kult-Soundtrack und Retropop.<\/p>\n<p>&nbsp;<\/p>\n<p><img loading=\"lazy\" decoding=\"async\" class=\"size-full wp-image-13502 alignnone\" src=\"https:\/\/www.allscore.de\/shop\/wp-content\/uploads\/2024\/10\/DIAMANTIK_Gatefold.jpg\" alt=\"DIAMANTIK_Gatefold\" width=\"1200\" height=\"800\" srcset=\"https:\/\/www.allscore.de\/shop\/wp-content\/uploads\/2024\/10\/DIAMANTIK_Gatefold.jpg 1200w, https:\/\/www.allscore.de\/shop\/wp-content\/uploads\/2024\/10\/DIAMANTIK_Gatefold-300x200.jpg 300w, https:\/\/www.allscore.de\/shop\/wp-content\/uploads\/2024\/10\/DIAMANTIK_Gatefold-1024x683.jpg 1024w, https:\/\/www.allscore.de\/shop\/wp-content\/uploads\/2024\/10\/DIAMANTIK_Gatefold-768x512.jpg 768w, https:\/\/www.allscore.de\/shop\/wp-content\/uploads\/2024\/10\/DIAMANTIK_Gatefold-855x570.jpg 855w, https:\/\/www.allscore.de\/shop\/wp-content\/uploads\/2024\/10\/DIAMANTIK_Gatefold-500x333.jpg 500w, https:\/\/www.allscore.de\/shop\/wp-content\/uploads\/2024\/10\/DIAMANTIK_Gatefold-550x367.jpg 550w, https:\/\/www.allscore.de\/shop\/wp-content\/uploads\/2024\/10\/DIAMANTIK_Gatefold-400x267.jpg 400w, https:\/\/www.allscore.de\/shop\/wp-content\/uploads\/2024\/10\/DIAMANTIK_Gatefold-600x400.jpg 600w\" sizes=\"auto, (max-width: 1200px) 100vw, 1200px\" \/><\/p>\n<p><span style=\"font-size: 10pt;\">Gatefold<\/span><\/p>\n<p>&nbsp;<\/p>\n<p>MONDO SANGUE haben f\u00fcr ihr sechstes Album DIAMANTIK wieder einen illustren Kreis Gleichgesinnter um sich geschart: Neben den vormaligen Kooperateuren Bela B und Rocko Schamoni sind erstmals auch Stefanie Schrank, Sedlmeir und das Pariser Duo Eroina zu h\u00f6ren.<\/p>\n<p>Die schwarze 180g-LP in von Adrian Keindorf aufwendig gestaltetem Gatefold-Cover und bedruckter Innenh\u00fclle ist auf 666 St\u00fcck limitiert und handnummeriert. Jeder LP liegt ein Filmplakat bei.<\/p>\n<p>\u00dcber MONDO SANGUE<br \/>\nDas Stuttgarter Duo MONDO SANGUE (Christian Bluthardt und Yvy Pop), gegr\u00fcndet 2015, produziert Musik in Anlehnung an das italienische Genrekino der 1960\/70er Jahre und transportiert diesen einzigartigen Sound gekonnt in die Neuzeit.<\/p>\n","protected":false},"excerpt":{"rendered":"<p>Schwarze 180g-LP im von Adrian Keindorf aufwendig gestalteten Gatefold-Cover.<br \/>\nLimitiert auf 666 St\u00fcck und handnummeriert.<br \/>\nJeder LP liegt ein Filmplakat bei.<\/p>\n<p>Diese auf 100 LPs limitierte &#8222;Special Edition&#8220; enth\u00e4lt zudem eine exklusive DIAMANTIK-Holzschliff-Karte mit funkelndem Extra (Gr\u00f6\u00dfe: ca. A5).<\/p>\n","protected":false},"featured_media":13498,"template":"","meta":[],"product_brand":[],"product_cat":[220,49,619,192,105],"product_tag":[334],"class_list":{"0":"post-13504","1":"product","2":"type-product","3":"status-publish","4":"has-post-thumbnail","6":"product_cat-action","7":"product_cat-bands","8":"product_cat-cinematic-music","9":"product_cat-mondo-sangue","10":"product_cat-soundtracks","11":"product_tag-film-inspired-music","12":"product_shipping_class-tontraeger-schallplatte","13":"entry","14":"clearfix","15":"entry-grid","16":"entry-columns-3","17":"entry-product-module-layout-sidebar-right","18":"thumbnail-color-tone-dark","19":"entry-product","21":"entry-product-grid","23":"first","24":"outofstock","25":"taxable","26":"shipping-taxable","27":"purchasable","28":"product-type-simple"},"yoast_head":"<!-- This site is optimized with the Yoast SEO plugin v27.3 - https:\/\/yoast.com\/product\/yoast-seo-wordpress\/ -->\n<title>Mondo Sangue - DIAMANTIK (Special Edition mit Holzschliffkarte)<\/title>\n<meta name=\"description\" content=\"Schwarze 180g-LP im von Adrian Keindorf aufwendig gestalteten Gatefold-Cover. Limitiert auf 666 St\u00fcck und handnummeriert. Jeder LP liegt ein Filmplakat bei.  Diese auf 100 LPs limitierte &quot;Special Edition&quot; enth\u00e4lt zudem eine exklusive DIAMANTIK-Holzschliff-Karte mit funkelndem Extra (Gr\u00f6\u00dfe: ca. A5).\" \/>\n<meta name=\"robots\" content=\"index, follow, max-snippet:-1, max-image-preview:large, max-video-preview:-1\" \/>\n<link rel=\"canonical\" href=\"https:\/\/www.allscore.de\/shop\/produkt\/mondo-sangue-diamantik-limited-edition\/\" \/>\n<meta property=\"og:locale\" content=\"de_DE\" \/>\n<meta property=\"og:type\" content=\"article\" \/>\n<meta property=\"og:title\" content=\"Mondo Sangue - DIAMANTIK (Special Edition mit Holzschliffkarte)\" \/>\n<meta property=\"og:description\" content=\"Schwarze 180g-LP im von Adrian Keindorf aufwendig gestalteten Gatefold-Cover. Limitiert auf 666 St\u00fcck und handnummeriert. Jeder LP liegt ein Filmplakat bei.  Diese auf 100 LPs limitierte &quot;Special Edition&quot; enth\u00e4lt zudem eine exklusive DIAMANTIK-Holzschliff-Karte mit funkelndem Extra (Gr\u00f6\u00dfe: ca. A5).\" \/>\n<meta property=\"og:url\" content=\"https:\/\/www.allscore.de\/shop\/produkt\/mondo-sangue-diamantik-limited-edition\/\" \/>\n<meta property=\"og:site_name\" content=\"Allscore Shop\" \/>\n<meta property=\"article:modified_time\" content=\"2025-10-24T17:12:57+00:00\" \/>\n<meta property=\"og:image\" content=\"https:\/\/www.allscore.de\/shop\/wp-content\/uploads\/2024\/10\/ASM059_1200x1200.jpg\" \/>\n\t<meta property=\"og:image:width\" content=\"1200\" \/>\n\t<meta property=\"og:image:height\" content=\"1200\" \/>\n\t<meta property=\"og:image:type\" content=\"image\/jpeg\" \/>\n<meta name=\"twitter:card\" content=\"summary_large_image\" \/>\n<meta name=\"twitter:label1\" content=\"Gesch\u00e4tzte Lesezeit\" \/>\n\t<meta name=\"twitter:data1\" content=\"2\u00a0Minuten\" \/>\n<script type=\"application\/ld+json\" class=\"yoast-schema-graph\">{\"@context\":\"https:\\\/\\\/schema.org\",\"@graph\":[{\"@type\":\"WebPage\",\"@id\":\"https:\\\/\\\/www.allscore.de\\\/shop\\\/produkt\\\/mondo-sangue-diamantik-limited-edition\\\/\",\"url\":\"https:\\\/\\\/www.allscore.de\\\/shop\\\/produkt\\\/mondo-sangue-diamantik-limited-edition\\\/\",\"name\":\"Mondo Sangue - DIAMANTIK (Special Edition mit Holzschliffkarte)\",\"isPartOf\":{\"@id\":\"https:\\\/\\\/www.allscore.de\\\/shop\\\/#website\"},\"primaryImageOfPage\":{\"@id\":\"https:\\\/\\\/www.allscore.de\\\/shop\\\/produkt\\\/mondo-sangue-diamantik-limited-edition\\\/#primaryimage\"},\"image\":{\"@id\":\"https:\\\/\\\/www.allscore.de\\\/shop\\\/produkt\\\/mondo-sangue-diamantik-limited-edition\\\/#primaryimage\"},\"thumbnailUrl\":\"https:\\\/\\\/www.allscore.de\\\/shop\\\/wp-content\\\/uploads\\\/2024\\\/10\\\/ASM059_1200x1200.jpg\",\"datePublished\":\"2024-10-25T15:40:36+00:00\",\"dateModified\":\"2025-10-24T17:12:57+00:00\",\"description\":\"Schwarze 180g-LP im von Adrian Keindorf aufwendig gestalteten Gatefold-Cover. Limitiert auf 666 St\u00fcck und handnummeriert. Jeder LP liegt ein Filmplakat bei. Diese auf 100 LPs limitierte \\\"Special Edition\\\" enth\u00e4lt zudem eine exklusive DIAMANTIK-Holzschliff-Karte mit funkelndem Extra (Gr\u00f6\u00dfe: ca. A5).\",\"breadcrumb\":{\"@id\":\"https:\\\/\\\/www.allscore.de\\\/shop\\\/produkt\\\/mondo-sangue-diamantik-limited-edition\\\/#breadcrumb\"},\"inLanguage\":\"de\",\"potentialAction\":[{\"@type\":\"ReadAction\",\"target\":[\"https:\\\/\\\/www.allscore.de\\\/shop\\\/produkt\\\/mondo-sangue-diamantik-limited-edition\\\/\"]}]},{\"@type\":\"ImageObject\",\"inLanguage\":\"de\",\"@id\":\"https:\\\/\\\/www.allscore.de\\\/shop\\\/produkt\\\/mondo-sangue-diamantik-limited-edition\\\/#primaryimage\",\"url\":\"https:\\\/\\\/www.allscore.de\\\/shop\\\/wp-content\\\/uploads\\\/2024\\\/10\\\/ASM059_1200x1200.jpg\",\"contentUrl\":\"https:\\\/\\\/www.allscore.de\\\/shop\\\/wp-content\\\/uploads\\\/2024\\\/10\\\/ASM059_1200x1200.jpg\",\"width\":1200,\"height\":1200,\"caption\":\"Mondo Sangue - DIAMANTIK\"},{\"@type\":\"BreadcrumbList\",\"@id\":\"https:\\\/\\\/www.allscore.de\\\/shop\\\/produkt\\\/mondo-sangue-diamantik-limited-edition\\\/#breadcrumb\",\"itemListElement\":[{\"@type\":\"ListItem\",\"position\":1,\"name\":\"Startseite\",\"item\":\"https:\\\/\\\/www.allscore.de\\\/shop\\\/\"},{\"@type\":\"ListItem\",\"position\":2,\"name\":\"Produkte\",\"item\":\"https:\\\/\\\/www.allscore.de\\\/shop\\\/shop\\\/\"},{\"@type\":\"ListItem\",\"position\":3,\"name\":\"Mondo Sangue &#8211; DIAMANTIK (Special Edition mit Holzschliffkarte)\"}]},{\"@type\":\"WebSite\",\"@id\":\"https:\\\/\\\/www.allscore.de\\\/shop\\\/#website\",\"url\":\"https:\\\/\\\/www.allscore.de\\\/shop\\\/\",\"name\":\"Allscore Shop\",\"description\":\"All Score Media\",\"publisher\":{\"@id\":\"https:\\\/\\\/www.allscore.de\\\/shop\\\/#organization\"},\"potentialAction\":[{\"@type\":\"SearchAction\",\"target\":{\"@type\":\"EntryPoint\",\"urlTemplate\":\"https:\\\/\\\/www.allscore.de\\\/shop\\\/?s={search_term_string}\"},\"query-input\":{\"@type\":\"PropertyValueSpecification\",\"valueRequired\":true,\"valueName\":\"search_term_string\"}}],\"inLanguage\":\"de\"},{\"@type\":\"Organization\",\"@id\":\"https:\\\/\\\/www.allscore.de\\\/shop\\\/#organization\",\"name\":\"All Score Media\",\"alternateName\":\"Allscore\",\"url\":\"https:\\\/\\\/www.allscore.de\\\/shop\\\/\",\"logo\":{\"@type\":\"ImageObject\",\"inLanguage\":\"de\",\"@id\":\"https:\\\/\\\/www.allscore.de\\\/shop\\\/#\\\/schema\\\/logo\\\/image\\\/\",\"url\":\"https:\\\/\\\/www.allscore.de\\\/shop\\\/wp-content\\\/uploads\\\/2026\\\/01\\\/Logo_Yoast_Shop_2026.png\",\"contentUrl\":\"https:\\\/\\\/www.allscore.de\\\/shop\\\/wp-content\\\/uploads\\\/2026\\\/01\\\/Logo_Yoast_Shop_2026.png\",\"width\":696,\"height\":696,\"caption\":\"All Score Media\"},\"image\":{\"@id\":\"https:\\\/\\\/www.allscore.de\\\/shop\\\/#\\\/schema\\\/logo\\\/image\\\/\"}}]}<\/script>\n<!-- \/ Yoast SEO plugin. -->","yoast_head_json":{"title":"Mondo Sangue - DIAMANTIK (Special Edition mit Holzschliffkarte)","description":"Schwarze 180g-LP im von Adrian Keindorf aufwendig gestalteten Gatefold-Cover. Limitiert auf 666 St\u00fcck und handnummeriert. Jeder LP liegt ein Filmplakat bei.  Diese auf 100 LPs limitierte \"Special Edition\" enth\u00e4lt zudem eine exklusive DIAMANTIK-Holzschliff-Karte mit funkelndem Extra (Gr\u00f6\u00dfe: ca. A5).","robots":{"index":"index","follow":"follow","max-snippet":"max-snippet:-1","max-image-preview":"max-image-preview:large","max-video-preview":"max-video-preview:-1"},"canonical":"https:\/\/www.allscore.de\/shop\/produkt\/mondo-sangue-diamantik-limited-edition\/","og_locale":"de_DE","og_type":"article","og_title":"Mondo Sangue - DIAMANTIK (Special Edition mit Holzschliffkarte)","og_description":"Schwarze 180g-LP im von Adrian Keindorf aufwendig gestalteten Gatefold-Cover. Limitiert auf 666 St\u00fcck und handnummeriert. Jeder LP liegt ein Filmplakat bei.  Diese auf 100 LPs limitierte \"Special Edition\" enth\u00e4lt zudem eine exklusive DIAMANTIK-Holzschliff-Karte mit funkelndem Extra (Gr\u00f6\u00dfe: ca. A5).","og_url":"https:\/\/www.allscore.de\/shop\/produkt\/mondo-sangue-diamantik-limited-edition\/","og_site_name":"Allscore Shop","article_modified_time":"2025-10-24T17:12:57+00:00","og_image":[{"width":1200,"height":1200,"url":"https:\/\/www.allscore.de\/shop\/wp-content\/uploads\/2024\/10\/ASM059_1200x1200.jpg","type":"image\/jpeg"}],"twitter_card":"summary_large_image","twitter_misc":{"Gesch\u00e4tzte Lesezeit":"2\u00a0Minuten"},"schema":{"@context":"https:\/\/schema.org","@graph":[{"@type":"WebPage","@id":"https:\/\/www.allscore.de\/shop\/produkt\/mondo-sangue-diamantik-limited-edition\/","url":"https:\/\/www.allscore.de\/shop\/produkt\/mondo-sangue-diamantik-limited-edition\/","name":"Mondo Sangue - DIAMANTIK (Special Edition mit Holzschliffkarte)","isPartOf":{"@id":"https:\/\/www.allscore.de\/shop\/#website"},"primaryImageOfPage":{"@id":"https:\/\/www.allscore.de\/shop\/produkt\/mondo-sangue-diamantik-limited-edition\/#primaryimage"},"image":{"@id":"https:\/\/www.allscore.de\/shop\/produkt\/mondo-sangue-diamantik-limited-edition\/#primaryimage"},"thumbnailUrl":"https:\/\/www.allscore.de\/shop\/wp-content\/uploads\/2024\/10\/ASM059_1200x1200.jpg","datePublished":"2024-10-25T15:40:36+00:00","dateModified":"2025-10-24T17:12:57+00:00","description":"Schwarze 180g-LP im von Adrian Keindorf aufwendig gestalteten Gatefold-Cover. Limitiert auf 666 St\u00fcck und handnummeriert. Jeder LP liegt ein Filmplakat bei. Diese auf 100 LPs limitierte \"Special Edition\" enth\u00e4lt zudem eine exklusive DIAMANTIK-Holzschliff-Karte mit funkelndem Extra (Gr\u00f6\u00dfe: ca. A5).","breadcrumb":{"@id":"https:\/\/www.allscore.de\/shop\/produkt\/mondo-sangue-diamantik-limited-edition\/#breadcrumb"},"inLanguage":"de","potentialAction":[{"@type":"ReadAction","target":["https:\/\/www.allscore.de\/shop\/produkt\/mondo-sangue-diamantik-limited-edition\/"]}]},{"@type":"ImageObject","inLanguage":"de","@id":"https:\/\/www.allscore.de\/shop\/produkt\/mondo-sangue-diamantik-limited-edition\/#primaryimage","url":"https:\/\/www.allscore.de\/shop\/wp-content\/uploads\/2024\/10\/ASM059_1200x1200.jpg","contentUrl":"https:\/\/www.allscore.de\/shop\/wp-content\/uploads\/2024\/10\/ASM059_1200x1200.jpg","width":1200,"height":1200,"caption":"Mondo Sangue - DIAMANTIK"},{"@type":"BreadcrumbList","@id":"https:\/\/www.allscore.de\/shop\/produkt\/mondo-sangue-diamantik-limited-edition\/#breadcrumb","itemListElement":[{"@type":"ListItem","position":1,"name":"Startseite","item":"https:\/\/www.allscore.de\/shop\/"},{"@type":"ListItem","position":2,"name":"Produkte","item":"https:\/\/www.allscore.de\/shop\/shop\/"},{"@type":"ListItem","position":3,"name":"Mondo Sangue &#8211; DIAMANTIK (Special Edition mit Holzschliffkarte)"}]},{"@type":"WebSite","@id":"https:\/\/www.allscore.de\/shop\/#website","url":"https:\/\/www.allscore.de\/shop\/","name":"Allscore Shop","description":"All Score Media","publisher":{"@id":"https:\/\/www.allscore.de\/shop\/#organization"},"potentialAction":[{"@type":"SearchAction","target":{"@type":"EntryPoint","urlTemplate":"https:\/\/www.allscore.de\/shop\/?s={search_term_string}"},"query-input":{"@type":"PropertyValueSpecification","valueRequired":true,"valueName":"search_term_string"}}],"inLanguage":"de"},{"@type":"Organization","@id":"https:\/\/www.allscore.de\/shop\/#organization","name":"All Score Media","alternateName":"Allscore","url":"https:\/\/www.allscore.de\/shop\/","logo":{"@type":"ImageObject","inLanguage":"de","@id":"https:\/\/www.allscore.de\/shop\/#\/schema\/logo\/image\/","url":"https:\/\/www.allscore.de\/shop\/wp-content\/uploads\/2026\/01\/Logo_Yoast_Shop_2026.png","contentUrl":"https:\/\/www.allscore.de\/shop\/wp-content\/uploads\/2026\/01\/Logo_Yoast_Shop_2026.png","width":696,"height":696,"caption":"All Score Media"},"image":{"@id":"https:\/\/www.allscore.de\/shop\/#\/schema\/logo\/image\/"}}]}},"_links":{"self":[{"href":"https:\/\/www.allscore.de\/shop\/wp-json\/wp\/v2\/product\/13504","targetHints":{"allow":["GET"]}}],"collection":[{"href":"https:\/\/www.allscore.de\/shop\/wp-json\/wp\/v2\/product"}],"about":[{"href":"https:\/\/www.allscore.de\/shop\/wp-json\/wp\/v2\/types\/product"}],"wp:featuredmedia":[{"embeddable":true,"href":"https:\/\/www.allscore.de\/shop\/wp-json\/wp\/v2\/media\/13498"}],"wp:attachment":[{"href":"https:\/\/www.allscore.de\/shop\/wp-json\/wp\/v2\/media?parent=13504"}],"wp:term":[{"taxonomy":"product_brand","embeddable":true,"href":"https:\/\/www.allscore.de\/shop\/wp-json\/wp\/v2\/product_brand?post=13504"},{"taxonomy":"product_cat","embeddable":true,"href":"https:\/\/www.allscore.de\/shop\/wp-json\/wp\/v2\/product_cat?post=13504"},{"taxonomy":"product_tag","embeddable":true,"href":"https:\/\/www.allscore.de\/shop\/wp-json\/wp\/v2\/product_tag?post=13504"}],"curies":[{"name":"wp","href":"https:\/\/api.w.org\/{rel}","templated":true}]}}