{"id":13401,"date":"2024-09-30T19:12:27","date_gmt":"2024-09-30T17:12:27","guid":{"rendered":"https:\/\/www.allscore.de\/shop\/?post_type=product&#038;p=13401"},"modified":"2026-04-18T16:49:41","modified_gmt":"2026-04-18T14:49:41","slug":"peter-thomas-sound-orchester-edgar-wallace-cd","status":"publish","type":"product","link":"https:\/\/www.allscore.de\/shop\/produkt\/peter-thomas-sound-orchester-edgar-wallace-cd\/","title":{"rendered":"Peter Thomas Sound Orchester &#8211; Edgar Wallace (CD)"},"content":{"rendered":"<p>Mit den deutschen Edgar-Wallace-Filmen, \u00fcberwiegend produziert von der Rialto Film, entstand zwischen 1959 und 1972 die am l\u00e4ngsten fortgesetzte Kinofilmreihe der BRD. Die Verfilmungen der Werke des britischen Kriminalschriftstellers waren von Anfang an ein gro\u00dfer Erfolg, was nicht zuletzt auch am unkonventionellen Einsatz signifikanter Musik lag.<\/p>\n<p>F\u00fcr den unverwechselbaren Sound fast der H\u00e4lfte dieser Thriller (18 von 38) zeichnete Peter Thomas verantwortlich. Dabei konnte er sich, je nach Budget, ordentlich austoben: Schreie, Sch\u00fcsse, das Klacken von Schnappmessern &#8211; es wurde eingebaut, was gefiel.<\/p>\n<p>Auf dem hier vorliegenden Album sind alle 17 Titelmusiken und sechs weitere St\u00fccke enthalten, die Peter Thomas zwischen 1961 und 1971 f\u00fcr die Wallace-Reihe schrieb. Es ist somit die erste Compilation, die alle von Peter Thomas mit Musik versorgten Filme der Reihe umfasst. Darunter sind f\u00fcnf Erstver\u00f6ffentlichungen. Auf der CD finden sich au\u00dferdem vier Bonustracks, die sich bereits auf der l\u00e4ngst vergriffenen <em>Best of Edgar Wallace<\/em>-CD von 2000\u00a0befanden.<\/p>\n<p>F\u00fcr die gro\u00dfartigen Illustrationen auf und im Digipack der CD zeichnet einmal mehr Adrian Keindorf verantwortlich.<\/p>\n<p><strong>Musik aus folgenden Edgar-Wallace-Filmen:<\/strong><\/p>\n<p>Die seltsame Gr\u00e4fin (1961)<br \/>\nDas R\u00e4tsel der roten Orchidee (1962)<br \/>\nDie T\u00fcr mit den sieben Schl\u00f6ssern (1962)<br \/>\nDer Zinker (1963)<br \/>\nDas indische Tuch (1963)<br \/>\nZimmer 13 (1964)<br \/>\nDie Gruft mit dem R\u00e4tselschlo\u00df (1964)<br \/>\nDer Hexer (1964)<br \/>\nDas Verr\u00e4tertor (1964)<br \/>\nNeues vom Hexer (1965)<br \/>\nDer unheimliche M\u00f6nch (1965)<br \/>\nDer Bucklige von Soho (1966)<br \/>\nDas Geheimnis der wei\u00dfen Nonne (1966)<br \/>\nDer Hund von Blackwood Castle (1968)<br \/>\nIm Banne des Unheimlichen (1968)<br \/>\nDer Gorilla von Soho (1968)<br \/>\nDer Mann mit dem Glasauge (1968)<br \/>\nDie Tote aus der Themse (1971)<\/p>\n<p>Nach <em>Bruce Lee: The Big Boss<\/em>, <em>Winnetou und sein Freund Old Firehand<\/em> und <em>Steiner &#8211; Das Eiserne Kreuz 2<\/em> ist dies die vierte LP\/CD-Ver\u00f6ffentlichung einer Reihe, die dem Komponisten Peter Thomas (1925-2020) gewidmet ist.<\/p>\n","protected":false},"excerpt":{"rendered":"<p>Diese Version erscheint als CD im aufw\u00e4ndig gestalteten Digipack.<\/p>\n","protected":false},"featured_media":13403,"template":"","meta":[],"product_brand":[],"product_cat":[225,617,105],"product_tag":[],"class_list":{"0":"post-13401","1":"product","2":"type-product","3":"status-publish","4":"has-post-thumbnail","6":"product_cat-krimi","7":"product_cat-peter-thomas-sound-orchester","8":"product_cat-soundtracks","9":"product_shipping_class-tontraeger-cd","10":"entry","11":"clearfix","12":"entry-grid","13":"entry-columns-3","14":"entry-product-module-layout-sidebar-right","15":"thumbnail-color-tone-dark","16":"entry-product","18":"entry-product-grid","20":"first","21":"instock","22":"taxable","23":"shipping-taxable","24":"purchasable","25":"product-type-simple"},"yoast_head":"<!-- This site is optimized with the Yoast SEO plugin v27.4 - https:\/\/yoast.com\/product\/yoast-seo-wordpress\/ -->\n<title>Peter Thomas Sound Orchester - Edgar Wallace (CD)<\/title>\n<meta name=\"description\" content=\"Auf der hier vorliegenden CD sind alle 17 Titelmusiken und zehn weitere St\u00fccke enthalten, die Peter Thomas f\u00fcr die Edgar-Wallace-Reihe schrieb.\" \/>\n<meta name=\"robots\" content=\"index, follow, max-snippet:-1, max-image-preview:large, max-video-preview:-1\" \/>\n<link rel=\"canonical\" href=\"https:\/\/www.allscore.de\/shop\/produkt\/peter-thomas-sound-orchester-edgar-wallace-cd\/\" \/>\n<meta property=\"og:locale\" content=\"de_DE\" \/>\n<meta property=\"og:type\" content=\"article\" \/>\n<meta property=\"og:title\" content=\"Peter Thomas Sound Orchester - Edgar Wallace (CD)\" \/>\n<meta property=\"og:description\" content=\"Auf der hier vorliegenden CD sind alle 17 Titelmusiken und zehn weitere St\u00fccke enthalten, die Peter Thomas f\u00fcr die Edgar-Wallace-Reihe schrieb.\" \/>\n<meta property=\"og:url\" content=\"https:\/\/www.allscore.de\/shop\/produkt\/peter-thomas-sound-orchester-edgar-wallace-cd\/\" \/>\n<meta property=\"og:site_name\" content=\"Allscore Shop\" \/>\n<meta property=\"article:modified_time\" content=\"2026-04-18T14:49:41+00:00\" \/>\n<meta property=\"og:image\" content=\"https:\/\/www.allscore.de\/shop\/wp-content\/uploads\/2024\/09\/ASM057_1200x1200.jpg\" \/>\n\t<meta property=\"og:image:width\" content=\"1200\" \/>\n\t<meta property=\"og:image:height\" content=\"1200\" \/>\n\t<meta property=\"og:image:type\" content=\"image\/jpeg\" \/>\n<meta name=\"twitter:card\" content=\"summary_large_image\" \/>\n<meta name=\"twitter:label1\" content=\"Gesch\u00e4tzte Lesezeit\" \/>\n\t<meta name=\"twitter:data1\" content=\"2\u00a0Minuten\" \/>\n<script type=\"application\/ld+json\" class=\"yoast-schema-graph\">{\"@context\":\"https:\\\/\\\/schema.org\",\"@graph\":[{\"@type\":\"WebPage\",\"@id\":\"https:\\\/\\\/www.allscore.de\\\/shop\\\/produkt\\\/peter-thomas-sound-orchester-edgar-wallace-cd\\\/\",\"url\":\"https:\\\/\\\/www.allscore.de\\\/shop\\\/produkt\\\/peter-thomas-sound-orchester-edgar-wallace-cd\\\/\",\"name\":\"Peter Thomas Sound Orchester - Edgar Wallace (CD)\",\"isPartOf\":{\"@id\":\"https:\\\/\\\/www.allscore.de\\\/shop\\\/#website\"},\"primaryImageOfPage\":{\"@id\":\"https:\\\/\\\/www.allscore.de\\\/shop\\\/produkt\\\/peter-thomas-sound-orchester-edgar-wallace-cd\\\/#primaryimage\"},\"image\":{\"@id\":\"https:\\\/\\\/www.allscore.de\\\/shop\\\/produkt\\\/peter-thomas-sound-orchester-edgar-wallace-cd\\\/#primaryimage\"},\"thumbnailUrl\":\"https:\\\/\\\/www.allscore.de\\\/shop\\\/wp-content\\\/uploads\\\/2024\\\/09\\\/ASM057_1200x1200.jpg\",\"datePublished\":\"2024-09-30T17:12:27+00:00\",\"dateModified\":\"2026-04-18T14:49:41+00:00\",\"description\":\"Auf der hier vorliegenden CD sind alle 17 Titelmusiken und zehn weitere St\u00fccke enthalten, die Peter Thomas f\u00fcr die Edgar-Wallace-Reihe schrieb.\",\"breadcrumb\":{\"@id\":\"https:\\\/\\\/www.allscore.de\\\/shop\\\/produkt\\\/peter-thomas-sound-orchester-edgar-wallace-cd\\\/#breadcrumb\"},\"inLanguage\":\"de\",\"potentialAction\":[{\"@type\":\"ReadAction\",\"target\":[\"https:\\\/\\\/www.allscore.de\\\/shop\\\/produkt\\\/peter-thomas-sound-orchester-edgar-wallace-cd\\\/\"]}]},{\"@type\":\"ImageObject\",\"inLanguage\":\"de\",\"@id\":\"https:\\\/\\\/www.allscore.de\\\/shop\\\/produkt\\\/peter-thomas-sound-orchester-edgar-wallace-cd\\\/#primaryimage\",\"url\":\"https:\\\/\\\/www.allscore.de\\\/shop\\\/wp-content\\\/uploads\\\/2024\\\/09\\\/ASM057_1200x1200.jpg\",\"contentUrl\":\"https:\\\/\\\/www.allscore.de\\\/shop\\\/wp-content\\\/uploads\\\/2024\\\/09\\\/ASM057_1200x1200.jpg\",\"width\":1200,\"height\":1200,\"caption\":\"Peter Thomas EDGAR WALLACE\"},{\"@type\":\"BreadcrumbList\",\"@id\":\"https:\\\/\\\/www.allscore.de\\\/shop\\\/produkt\\\/peter-thomas-sound-orchester-edgar-wallace-cd\\\/#breadcrumb\",\"itemListElement\":[{\"@type\":\"ListItem\",\"position\":1,\"name\":\"Startseite\",\"item\":\"https:\\\/\\\/www.allscore.de\\\/shop\\\/\"},{\"@type\":\"ListItem\",\"position\":2,\"name\":\"Produkte\",\"item\":\"https:\\\/\\\/www.allscore.de\\\/shop\\\/shop\\\/\"},{\"@type\":\"ListItem\",\"position\":3,\"name\":\"Peter Thomas Sound Orchester &#8211; Edgar Wallace (CD)\"}]},{\"@type\":\"WebSite\",\"@id\":\"https:\\\/\\\/www.allscore.de\\\/shop\\\/#website\",\"url\":\"https:\\\/\\\/www.allscore.de\\\/shop\\\/\",\"name\":\"Allscore Shop\",\"description\":\"All Score Media\",\"publisher\":{\"@id\":\"https:\\\/\\\/www.allscore.de\\\/shop\\\/#organization\"},\"potentialAction\":[{\"@type\":\"SearchAction\",\"target\":{\"@type\":\"EntryPoint\",\"urlTemplate\":\"https:\\\/\\\/www.allscore.de\\\/shop\\\/?s={search_term_string}\"},\"query-input\":{\"@type\":\"PropertyValueSpecification\",\"valueRequired\":true,\"valueName\":\"search_term_string\"}}],\"inLanguage\":\"de\"},{\"@type\":\"Organization\",\"@id\":\"https:\\\/\\\/www.allscore.de\\\/shop\\\/#organization\",\"name\":\"All Score Media\",\"alternateName\":\"Allscore\",\"url\":\"https:\\\/\\\/www.allscore.de\\\/shop\\\/\",\"logo\":{\"@type\":\"ImageObject\",\"inLanguage\":\"de\",\"@id\":\"https:\\\/\\\/www.allscore.de\\\/shop\\\/#\\\/schema\\\/logo\\\/image\\\/\",\"url\":\"https:\\\/\\\/www.allscore.de\\\/shop\\\/wp-content\\\/uploads\\\/2026\\\/01\\\/Logo_Yoast_Shop_2026.png\",\"contentUrl\":\"https:\\\/\\\/www.allscore.de\\\/shop\\\/wp-content\\\/uploads\\\/2026\\\/01\\\/Logo_Yoast_Shop_2026.png\",\"width\":696,\"height\":696,\"caption\":\"All Score Media\"},\"image\":{\"@id\":\"https:\\\/\\\/www.allscore.de\\\/shop\\\/#\\\/schema\\\/logo\\\/image\\\/\"}}]}<\/script>\n<!-- \/ Yoast SEO plugin. -->","yoast_head_json":{"title":"Peter Thomas Sound Orchester - Edgar Wallace (CD)","description":"Auf der hier vorliegenden CD sind alle 17 Titelmusiken und zehn weitere St\u00fccke enthalten, die Peter Thomas f\u00fcr die Edgar-Wallace-Reihe schrieb.","robots":{"index":"index","follow":"follow","max-snippet":"max-snippet:-1","max-image-preview":"max-image-preview:large","max-video-preview":"max-video-preview:-1"},"canonical":"https:\/\/www.allscore.de\/shop\/produkt\/peter-thomas-sound-orchester-edgar-wallace-cd\/","og_locale":"de_DE","og_type":"article","og_title":"Peter Thomas Sound Orchester - Edgar Wallace (CD)","og_description":"Auf der hier vorliegenden CD sind alle 17 Titelmusiken und zehn weitere St\u00fccke enthalten, die Peter Thomas f\u00fcr die Edgar-Wallace-Reihe schrieb.","og_url":"https:\/\/www.allscore.de\/shop\/produkt\/peter-thomas-sound-orchester-edgar-wallace-cd\/","og_site_name":"Allscore Shop","article_modified_time":"2026-04-18T14:49:41+00:00","og_image":[{"width":1200,"height":1200,"url":"https:\/\/www.allscore.de\/shop\/wp-content\/uploads\/2024\/09\/ASM057_1200x1200.jpg","type":"image\/jpeg"}],"twitter_card":"summary_large_image","twitter_misc":{"Gesch\u00e4tzte Lesezeit":"2\u00a0Minuten"},"schema":{"@context":"https:\/\/schema.org","@graph":[{"@type":"WebPage","@id":"https:\/\/www.allscore.de\/shop\/produkt\/peter-thomas-sound-orchester-edgar-wallace-cd\/","url":"https:\/\/www.allscore.de\/shop\/produkt\/peter-thomas-sound-orchester-edgar-wallace-cd\/","name":"Peter Thomas Sound Orchester - Edgar Wallace (CD)","isPartOf":{"@id":"https:\/\/www.allscore.de\/shop\/#website"},"primaryImageOfPage":{"@id":"https:\/\/www.allscore.de\/shop\/produkt\/peter-thomas-sound-orchester-edgar-wallace-cd\/#primaryimage"},"image":{"@id":"https:\/\/www.allscore.de\/shop\/produkt\/peter-thomas-sound-orchester-edgar-wallace-cd\/#primaryimage"},"thumbnailUrl":"https:\/\/www.allscore.de\/shop\/wp-content\/uploads\/2024\/09\/ASM057_1200x1200.jpg","datePublished":"2024-09-30T17:12:27+00:00","dateModified":"2026-04-18T14:49:41+00:00","description":"Auf der hier vorliegenden CD sind alle 17 Titelmusiken und zehn weitere St\u00fccke enthalten, die Peter Thomas f\u00fcr die Edgar-Wallace-Reihe schrieb.","breadcrumb":{"@id":"https:\/\/www.allscore.de\/shop\/produkt\/peter-thomas-sound-orchester-edgar-wallace-cd\/#breadcrumb"},"inLanguage":"de","potentialAction":[{"@type":"ReadAction","target":["https:\/\/www.allscore.de\/shop\/produkt\/peter-thomas-sound-orchester-edgar-wallace-cd\/"]}]},{"@type":"ImageObject","inLanguage":"de","@id":"https:\/\/www.allscore.de\/shop\/produkt\/peter-thomas-sound-orchester-edgar-wallace-cd\/#primaryimage","url":"https:\/\/www.allscore.de\/shop\/wp-content\/uploads\/2024\/09\/ASM057_1200x1200.jpg","contentUrl":"https:\/\/www.allscore.de\/shop\/wp-content\/uploads\/2024\/09\/ASM057_1200x1200.jpg","width":1200,"height":1200,"caption":"Peter Thomas EDGAR WALLACE"},{"@type":"BreadcrumbList","@id":"https:\/\/www.allscore.de\/shop\/produkt\/peter-thomas-sound-orchester-edgar-wallace-cd\/#breadcrumb","itemListElement":[{"@type":"ListItem","position":1,"name":"Startseite","item":"https:\/\/www.allscore.de\/shop\/"},{"@type":"ListItem","position":2,"name":"Produkte","item":"https:\/\/www.allscore.de\/shop\/shop\/"},{"@type":"ListItem","position":3,"name":"Peter Thomas Sound Orchester &#8211; Edgar Wallace (CD)"}]},{"@type":"WebSite","@id":"https:\/\/www.allscore.de\/shop\/#website","url":"https:\/\/www.allscore.de\/shop\/","name":"Allscore Shop","description":"All Score Media","publisher":{"@id":"https:\/\/www.allscore.de\/shop\/#organization"},"potentialAction":[{"@type":"SearchAction","target":{"@type":"EntryPoint","urlTemplate":"https:\/\/www.allscore.de\/shop\/?s={search_term_string}"},"query-input":{"@type":"PropertyValueSpecification","valueRequired":true,"valueName":"search_term_string"}}],"inLanguage":"de"},{"@type":"Organization","@id":"https:\/\/www.allscore.de\/shop\/#organization","name":"All Score Media","alternateName":"Allscore","url":"https:\/\/www.allscore.de\/shop\/","logo":{"@type":"ImageObject","inLanguage":"de","@id":"https:\/\/www.allscore.de\/shop\/#\/schema\/logo\/image\/","url":"https:\/\/www.allscore.de\/shop\/wp-content\/uploads\/2026\/01\/Logo_Yoast_Shop_2026.png","contentUrl":"https:\/\/www.allscore.de\/shop\/wp-content\/uploads\/2026\/01\/Logo_Yoast_Shop_2026.png","width":696,"height":696,"caption":"All Score Media"},"image":{"@id":"https:\/\/www.allscore.de\/shop\/#\/schema\/logo\/image\/"}}]}},"_links":{"self":[{"href":"https:\/\/www.allscore.de\/shop\/wp-json\/wp\/v2\/product\/13401","targetHints":{"allow":["GET"]}}],"collection":[{"href":"https:\/\/www.allscore.de\/shop\/wp-json\/wp\/v2\/product"}],"about":[{"href":"https:\/\/www.allscore.de\/shop\/wp-json\/wp\/v2\/types\/product"}],"wp:featuredmedia":[{"embeddable":true,"href":"https:\/\/www.allscore.de\/shop\/wp-json\/wp\/v2\/media\/13403"}],"wp:attachment":[{"href":"https:\/\/www.allscore.de\/shop\/wp-json\/wp\/v2\/media?parent=13401"}],"wp:term":[{"taxonomy":"product_brand","embeddable":true,"href":"https:\/\/www.allscore.de\/shop\/wp-json\/wp\/v2\/product_brand?post=13401"},{"taxonomy":"product_cat","embeddable":true,"href":"https:\/\/www.allscore.de\/shop\/wp-json\/wp\/v2\/product_cat?post=13401"},{"taxonomy":"product_tag","embeddable":true,"href":"https:\/\/www.allscore.de\/shop\/wp-json\/wp\/v2\/product_tag?post=13401"}],"curies":[{"name":"wp","href":"https:\/\/api.w.org\/{rel}","templated":true}]}}