{"id":13368,"date":"2024-09-23T11:12:35","date_gmt":"2024-09-23T09:12:35","guid":{"rendered":"https:\/\/www.allscore.de\/shop\/?post_type=product&#038;p=13368"},"modified":"2026-04-06T18:17:24","modified_gmt":"2026-04-06T16:17:24","slug":"professor-van-dusen-in-stillen-gewaessern-40","status":"publish","type":"product","link":"https:\/\/www.allscore.de\/shop\/produkt\/professor-van-dusen-in-stillen-gewaessern-40\/","title":{"rendered":"Professor van Dusen in stillen Gew\u00e4ssern (40)"},"content":{"rendered":"<p>Professor van Dusen in stillen Gew\u00e4ssern (40)<\/p>\n<p>Die Ausflugsfahrt von Professor van Dusen mit einer Segeljacht wird j\u00e4h gest\u00f6rt, als im kleinen englischen Ort Waterham eine Leiche aus dem Schleusenbecken gezogen wird. Scheinbar ist der Mann ertrunken. Doch van Dusen sch\u00f6pft Verdacht, dass es dabei nicht mit rechten Dingen zugegangen ist, zumal es nicht bei einem Toten bleibt. Schnell taucht ein Name auf: Blackclaver! Doch was hat es mit dieser Familie auf sich, die im abgelegenen Black Manor lebt? Professor van Dusen und sein Begleiter Hutchinson Hatch gehen der wahrhaft m\u00f6rderischen Familiengeschichte nach und m\u00fcssen erkennen, dass ein \u00fcberaus gef\u00e4hrlicher M\u00f6rder in den d\u00fcsteren Mauern umgeht.<\/p>\n<p>Professor van Dusen: Bernd Vollbrecht<br \/>\nHutchinson Hatch: Nicolai Tegeler<br \/>\nSir James Lockhart: Lutz Harder<br \/>\nJosuah Harrington: Martin Sabel<br \/>\nBenjamin Veck: Harry Walter<br \/>\nAnnabel Blackclaver: Andrea Cleven<br \/>\nRobert Blackclaver: J\u00f6rn Linnenbr\u00f6ker<br \/>\nDavid Blackclaver: Peter Sura<br \/>\nDorothea Blackclaver: Nina Witt<br \/>\n\u00c9mile Renaudin: Achim Buch<\/p>\n<p>Regie: Gerd Naumann<br \/>\nBuch: Marc Freund<br \/>\nMusikproduktion: Christian Bluthardt<br \/>\nSounddesign, Mischung &#038; Master: Tom Steinbrecher<\/p>\n<p>Spieldauer: ca. 66 Minuten<\/p>\n","protected":false},"excerpt":{"rendered":"<p>Professor van Dusen in stillen Gew\u00e4ssern (40) Die Ausflugsfahrt von Professor van Dusen mit einer Segeljacht wird j\u00e4h gest\u00f6rt, als im kleinen englischen Ort Waterham eine Leiche aus dem Schleusenbecken gezogen wird. Scheinbar ist der Mann ertrunken. Doch van Dusen sch\u00f6pft Verdacht, dass es dabei nicht mit rechten Dingen zugegangen ist, zumal es nicht bei&#8230;<\/p>\n<p><a rel=\"bookmark\" class=\"vonzot-button-simple wvc-button wvc-button-size-sm\" href=\"https:\/\/www.allscore.de\/shop\/produkt\/professor-van-dusen-in-stillen-gewaessern-40\/\"><span>Read more<\/span><\/a><\/p>\n","protected":false},"featured_media":13370,"template":"","meta":[],"product_brand":[],"product_cat":[72,210],"product_tag":[],"class_list":{"0":"post-13368","1":"product","2":"type-product","3":"status-publish","4":"has-post-thumbnail","6":"product_cat-hoerspiele","7":"product_cat-professor-van-dusen-neue-faelle","8":"product_shipping_class-tontraeger-cd","9":"entry","10":"clearfix","11":"entry-grid","12":"entry-columns-3","13":"entry-product-module-layout-sidebar-right","14":"thumbnail-color-tone-dark","15":"entry-product","17":"entry-product-grid","19":"first","20":"instock","21":"taxable","22":"shipping-taxable","23":"purchasable","24":"product-type-simple"},"yoast_head":"<!-- This site is optimized with the Yoast SEO plugin v27.3 - https:\/\/yoast.com\/product\/yoast-seo-wordpress\/ -->\n<title>Professor van Dusen in stillen Gew\u00e4ssern (40)<\/title>\n<meta name=\"description\" content=\"Professor van Dusen in stillen Gew\u00e4ssern (40) - der neueste Fall der Denkmaschine kann ab sofort im Allscore Shop bestellt werden.\" \/>\n<meta name=\"robots\" content=\"index, follow, max-snippet:-1, max-image-preview:large, max-video-preview:-1\" \/>\n<link rel=\"canonical\" href=\"https:\/\/www.allscore.de\/shop\/produkt\/professor-van-dusen-in-stillen-gewaessern-40\/\" \/>\n<meta property=\"og:locale\" content=\"de_DE\" \/>\n<meta property=\"og:type\" content=\"article\" \/>\n<meta property=\"og:title\" content=\"Professor van Dusen in stillen Gew\u00e4ssern (40)\" \/>\n<meta property=\"og:description\" content=\"Professor van Dusen in stillen Gew\u00e4ssern (40) - der neueste Fall der Denkmaschine kann ab sofort im Allscore Shop bestellt werden.\" \/>\n<meta property=\"og:url\" content=\"https:\/\/www.allscore.de\/shop\/produkt\/professor-van-dusen-in-stillen-gewaessern-40\/\" \/>\n<meta property=\"og:site_name\" content=\"Allscore Shop\" \/>\n<meta property=\"article:modified_time\" content=\"2026-04-06T16:17:24+00:00\" \/>\n<meta property=\"og:image\" content=\"https:\/\/www.allscore.de\/shop\/wp-content\/uploads\/2024\/09\/PvD40_1200x1200.jpg\" \/>\n\t<meta property=\"og:image:width\" content=\"1200\" \/>\n\t<meta property=\"og:image:height\" content=\"1200\" \/>\n\t<meta property=\"og:image:type\" content=\"image\/jpeg\" \/>\n<meta name=\"twitter:card\" content=\"summary_large_image\" \/>\n<meta name=\"twitter:label1\" content=\"Gesch\u00e4tzte Lesezeit\" \/>\n\t<meta name=\"twitter:data1\" content=\"1\u00a0Minute\" \/>\n<script type=\"application\/ld+json\" class=\"yoast-schema-graph\">{\"@context\":\"https:\\\/\\\/schema.org\",\"@graph\":[{\"@type\":\"WebPage\",\"@id\":\"https:\\\/\\\/www.allscore.de\\\/shop\\\/produkt\\\/professor-van-dusen-in-stillen-gewaessern-40\\\/\",\"url\":\"https:\\\/\\\/www.allscore.de\\\/shop\\\/produkt\\\/professor-van-dusen-in-stillen-gewaessern-40\\\/\",\"name\":\"Professor van Dusen in stillen Gew\u00e4ssern (40)\",\"isPartOf\":{\"@id\":\"https:\\\/\\\/www.allscore.de\\\/shop\\\/#website\"},\"primaryImageOfPage\":{\"@id\":\"https:\\\/\\\/www.allscore.de\\\/shop\\\/produkt\\\/professor-van-dusen-in-stillen-gewaessern-40\\\/#primaryimage\"},\"image\":{\"@id\":\"https:\\\/\\\/www.allscore.de\\\/shop\\\/produkt\\\/professor-van-dusen-in-stillen-gewaessern-40\\\/#primaryimage\"},\"thumbnailUrl\":\"https:\\\/\\\/www.allscore.de\\\/shop\\\/wp-content\\\/uploads\\\/2024\\\/09\\\/PvD40_1200x1200.jpg\",\"datePublished\":\"2024-09-23T09:12:35+00:00\",\"dateModified\":\"2026-04-06T16:17:24+00:00\",\"description\":\"Professor van Dusen in stillen Gew\u00e4ssern (40) - der neueste Fall der Denkmaschine kann ab sofort im Allscore Shop bestellt werden.\",\"breadcrumb\":{\"@id\":\"https:\\\/\\\/www.allscore.de\\\/shop\\\/produkt\\\/professor-van-dusen-in-stillen-gewaessern-40\\\/#breadcrumb\"},\"inLanguage\":\"de\",\"potentialAction\":[{\"@type\":\"ReadAction\",\"target\":[\"https:\\\/\\\/www.allscore.de\\\/shop\\\/produkt\\\/professor-van-dusen-in-stillen-gewaessern-40\\\/\"]}]},{\"@type\":\"ImageObject\",\"inLanguage\":\"de\",\"@id\":\"https:\\\/\\\/www.allscore.de\\\/shop\\\/produkt\\\/professor-van-dusen-in-stillen-gewaessern-40\\\/#primaryimage\",\"url\":\"https:\\\/\\\/www.allscore.de\\\/shop\\\/wp-content\\\/uploads\\\/2024\\\/09\\\/PvD40_1200x1200.jpg\",\"contentUrl\":\"https:\\\/\\\/www.allscore.de\\\/shop\\\/wp-content\\\/uploads\\\/2024\\\/09\\\/PvD40_1200x1200.jpg\",\"width\":1200,\"height\":1200,\"caption\":\"Professor van Dusen in stillen Gew\u00e4ssern 40\"},{\"@type\":\"BreadcrumbList\",\"@id\":\"https:\\\/\\\/www.allscore.de\\\/shop\\\/produkt\\\/professor-van-dusen-in-stillen-gewaessern-40\\\/#breadcrumb\",\"itemListElement\":[{\"@type\":\"ListItem\",\"position\":1,\"name\":\"Startseite\",\"item\":\"https:\\\/\\\/www.allscore.de\\\/shop\\\/\"},{\"@type\":\"ListItem\",\"position\":2,\"name\":\"Produkte\",\"item\":\"https:\\\/\\\/www.allscore.de\\\/shop\\\/shop\\\/\"},{\"@type\":\"ListItem\",\"position\":3,\"name\":\"Professor van Dusen in stillen Gew\u00e4ssern (40)\"}]},{\"@type\":\"WebSite\",\"@id\":\"https:\\\/\\\/www.allscore.de\\\/shop\\\/#website\",\"url\":\"https:\\\/\\\/www.allscore.de\\\/shop\\\/\",\"name\":\"Allscore Shop\",\"description\":\"All Score Media\",\"publisher\":{\"@id\":\"https:\\\/\\\/www.allscore.de\\\/shop\\\/#organization\"},\"potentialAction\":[{\"@type\":\"SearchAction\",\"target\":{\"@type\":\"EntryPoint\",\"urlTemplate\":\"https:\\\/\\\/www.allscore.de\\\/shop\\\/?s={search_term_string}\"},\"query-input\":{\"@type\":\"PropertyValueSpecification\",\"valueRequired\":true,\"valueName\":\"search_term_string\"}}],\"inLanguage\":\"de\"},{\"@type\":\"Organization\",\"@id\":\"https:\\\/\\\/www.allscore.de\\\/shop\\\/#organization\",\"name\":\"All Score Media\",\"alternateName\":\"Allscore\",\"url\":\"https:\\\/\\\/www.allscore.de\\\/shop\\\/\",\"logo\":{\"@type\":\"ImageObject\",\"inLanguage\":\"de\",\"@id\":\"https:\\\/\\\/www.allscore.de\\\/shop\\\/#\\\/schema\\\/logo\\\/image\\\/\",\"url\":\"https:\\\/\\\/www.allscore.de\\\/shop\\\/wp-content\\\/uploads\\\/2026\\\/01\\\/Logo_Yoast_Shop_2026.png\",\"contentUrl\":\"https:\\\/\\\/www.allscore.de\\\/shop\\\/wp-content\\\/uploads\\\/2026\\\/01\\\/Logo_Yoast_Shop_2026.png\",\"width\":696,\"height\":696,\"caption\":\"All Score Media\"},\"image\":{\"@id\":\"https:\\\/\\\/www.allscore.de\\\/shop\\\/#\\\/schema\\\/logo\\\/image\\\/\"}}]}<\/script>\n<!-- \/ Yoast SEO plugin. -->","yoast_head_json":{"title":"Professor van Dusen in stillen Gew\u00e4ssern (40)","description":"Professor van Dusen in stillen Gew\u00e4ssern (40) - der neueste Fall der Denkmaschine kann ab sofort im Allscore Shop bestellt werden.","robots":{"index":"index","follow":"follow","max-snippet":"max-snippet:-1","max-image-preview":"max-image-preview:large","max-video-preview":"max-video-preview:-1"},"canonical":"https:\/\/www.allscore.de\/shop\/produkt\/professor-van-dusen-in-stillen-gewaessern-40\/","og_locale":"de_DE","og_type":"article","og_title":"Professor van Dusen in stillen Gew\u00e4ssern (40)","og_description":"Professor van Dusen in stillen Gew\u00e4ssern (40) - der neueste Fall der Denkmaschine kann ab sofort im Allscore Shop bestellt werden.","og_url":"https:\/\/www.allscore.de\/shop\/produkt\/professor-van-dusen-in-stillen-gewaessern-40\/","og_site_name":"Allscore Shop","article_modified_time":"2026-04-06T16:17:24+00:00","og_image":[{"width":1200,"height":1200,"url":"https:\/\/www.allscore.de\/shop\/wp-content\/uploads\/2024\/09\/PvD40_1200x1200.jpg","type":"image\/jpeg"}],"twitter_card":"summary_large_image","twitter_misc":{"Gesch\u00e4tzte Lesezeit":"1\u00a0Minute"},"schema":{"@context":"https:\/\/schema.org","@graph":[{"@type":"WebPage","@id":"https:\/\/www.allscore.de\/shop\/produkt\/professor-van-dusen-in-stillen-gewaessern-40\/","url":"https:\/\/www.allscore.de\/shop\/produkt\/professor-van-dusen-in-stillen-gewaessern-40\/","name":"Professor van Dusen in stillen Gew\u00e4ssern (40)","isPartOf":{"@id":"https:\/\/www.allscore.de\/shop\/#website"},"primaryImageOfPage":{"@id":"https:\/\/www.allscore.de\/shop\/produkt\/professor-van-dusen-in-stillen-gewaessern-40\/#primaryimage"},"image":{"@id":"https:\/\/www.allscore.de\/shop\/produkt\/professor-van-dusen-in-stillen-gewaessern-40\/#primaryimage"},"thumbnailUrl":"https:\/\/www.allscore.de\/shop\/wp-content\/uploads\/2024\/09\/PvD40_1200x1200.jpg","datePublished":"2024-09-23T09:12:35+00:00","dateModified":"2026-04-06T16:17:24+00:00","description":"Professor van Dusen in stillen Gew\u00e4ssern (40) - der neueste Fall der Denkmaschine kann ab sofort im Allscore Shop bestellt werden.","breadcrumb":{"@id":"https:\/\/www.allscore.de\/shop\/produkt\/professor-van-dusen-in-stillen-gewaessern-40\/#breadcrumb"},"inLanguage":"de","potentialAction":[{"@type":"ReadAction","target":["https:\/\/www.allscore.de\/shop\/produkt\/professor-van-dusen-in-stillen-gewaessern-40\/"]}]},{"@type":"ImageObject","inLanguage":"de","@id":"https:\/\/www.allscore.de\/shop\/produkt\/professor-van-dusen-in-stillen-gewaessern-40\/#primaryimage","url":"https:\/\/www.allscore.de\/shop\/wp-content\/uploads\/2024\/09\/PvD40_1200x1200.jpg","contentUrl":"https:\/\/www.allscore.de\/shop\/wp-content\/uploads\/2024\/09\/PvD40_1200x1200.jpg","width":1200,"height":1200,"caption":"Professor van Dusen in stillen Gew\u00e4ssern 40"},{"@type":"BreadcrumbList","@id":"https:\/\/www.allscore.de\/shop\/produkt\/professor-van-dusen-in-stillen-gewaessern-40\/#breadcrumb","itemListElement":[{"@type":"ListItem","position":1,"name":"Startseite","item":"https:\/\/www.allscore.de\/shop\/"},{"@type":"ListItem","position":2,"name":"Produkte","item":"https:\/\/www.allscore.de\/shop\/shop\/"},{"@type":"ListItem","position":3,"name":"Professor van Dusen in stillen Gew\u00e4ssern (40)"}]},{"@type":"WebSite","@id":"https:\/\/www.allscore.de\/shop\/#website","url":"https:\/\/www.allscore.de\/shop\/","name":"Allscore Shop","description":"All Score Media","publisher":{"@id":"https:\/\/www.allscore.de\/shop\/#organization"},"potentialAction":[{"@type":"SearchAction","target":{"@type":"EntryPoint","urlTemplate":"https:\/\/www.allscore.de\/shop\/?s={search_term_string}"},"query-input":{"@type":"PropertyValueSpecification","valueRequired":true,"valueName":"search_term_string"}}],"inLanguage":"de"},{"@type":"Organization","@id":"https:\/\/www.allscore.de\/shop\/#organization","name":"All Score Media","alternateName":"Allscore","url":"https:\/\/www.allscore.de\/shop\/","logo":{"@type":"ImageObject","inLanguage":"de","@id":"https:\/\/www.allscore.de\/shop\/#\/schema\/logo\/image\/","url":"https:\/\/www.allscore.de\/shop\/wp-content\/uploads\/2026\/01\/Logo_Yoast_Shop_2026.png","contentUrl":"https:\/\/www.allscore.de\/shop\/wp-content\/uploads\/2026\/01\/Logo_Yoast_Shop_2026.png","width":696,"height":696,"caption":"All Score Media"},"image":{"@id":"https:\/\/www.allscore.de\/shop\/#\/schema\/logo\/image\/"}}]}},"_links":{"self":[{"href":"https:\/\/www.allscore.de\/shop\/wp-json\/wp\/v2\/product\/13368","targetHints":{"allow":["GET"]}}],"collection":[{"href":"https:\/\/www.allscore.de\/shop\/wp-json\/wp\/v2\/product"}],"about":[{"href":"https:\/\/www.allscore.de\/shop\/wp-json\/wp\/v2\/types\/product"}],"wp:featuredmedia":[{"embeddable":true,"href":"https:\/\/www.allscore.de\/shop\/wp-json\/wp\/v2\/media\/13370"}],"wp:attachment":[{"href":"https:\/\/www.allscore.de\/shop\/wp-json\/wp\/v2\/media?parent=13368"}],"wp:term":[{"taxonomy":"product_brand","embeddable":true,"href":"https:\/\/www.allscore.de\/shop\/wp-json\/wp\/v2\/product_brand?post=13368"},{"taxonomy":"product_cat","embeddable":true,"href":"https:\/\/www.allscore.de\/shop\/wp-json\/wp\/v2\/product_cat?post=13368"},{"taxonomy":"product_tag","embeddable":true,"href":"https:\/\/www.allscore.de\/shop\/wp-json\/wp\/v2\/product_tag?post=13368"}],"curies":[{"name":"wp","href":"https:\/\/api.w.org\/{rel}","templated":true}]}}