{"id":12883,"date":"2024-04-18T15:38:43","date_gmt":"2024-04-18T13:38:43","guid":{"rendered":"https:\/\/www.allscore.de\/shop\/?post_type=product&#038;p=12883"},"modified":"2025-10-24T19:12:59","modified_gmt":"2025-10-24T17:12:59","slug":"la-guerra-del-ferro-ironmaster-lp-rot-weisses-180g-vinyl","status":"publish","type":"product","link":"https:\/\/www.allscore.de\/shop\/produkt\/la-guerra-del-ferro-ironmaster-lp-rot-weisses-180g-vinyl\/","title":{"rendered":"La guerra del ferro: Ironmaster LP, rot-wei\u00dfes 180g Vinyl"},"content":{"rendered":"<p>La guerra del ferro: Ironmaster LP<\/p>\n<p>Das Label Beat Records schreibt: <\/p>\n<p>&#8222;Ironmaster is a movie directed by Umberto Lenzi in 1983 and it talks about Vud\u2019s deeds, a cruel tribal chief exiled by his own peers.<br \/>\nWith the help of a brutal iron sword, forged in a volcanic fire he will be storming the lands imposing his rule up to the moment Ela and a group of rebels will find the way to contrast him.<br \/>\nThe film, centered on the claim given by various Conan the Barbarian movies featured in the cast actors such as William Berger and Luigi Montefiori, the music was composed by the most tested artist duo of the period, Guido &#038; Maurizio De Angelis. <\/p>\n<p>We are in the period of electronic boom in film music world and the two musicians, prone to experimentation, forged a notable score, extremely avant-guarde , in the instrumental style which will be dominant in other soundtracks already released by Beat Records and Cabum such as Alien 2 sulla terra, 2019 dopo la caduta di New York, I predatori di Atlantide. In effects Ironmaster I guerrieri del ferro closes an aces poker dropped by the two composers which is a high quality complement for a lot of OSTs dominated by synths. <\/p>\n<p>The LP is released heavyweight, 180 grams and colored (a red stain surrounded by white), graphic layout by Daniele De Gemini, mastering by Enrico De Gemini.&#8220;<\/p>\n","protected":false},"excerpt":{"rendered":"<p>Aka: Ironmaster, The Iron Master, Barbaren &#8211; St\u00e4rker als Feuer und Eisen, Er &#8211; St\u00e4rker als Feuer und Eisen<\/p>\n","protected":false},"featured_media":12885,"template":"","meta":[],"product_brand":[],"product_cat":[220,620,105],"product_tag":[601],"class_list":{"0":"post-12883","1":"product","2":"type-product","3":"status-publish","4":"has-post-thumbnail","6":"product_cat-action","7":"product_cat-italienische-filmmusik","8":"product_cat-soundtracks","9":"product_tag-umberto-lenzi","10":"product_shipping_class-tontraeger-schallplatte","11":"entry","12":"clearfix","13":"entry-grid","14":"entry-columns-3","15":"entry-product-module-layout-sidebar-right","16":"thumbnail-color-tone-dark","17":"entry-product","19":"entry-product-grid","21":"first","22":"instock","23":"taxable","24":"shipping-taxable","25":"purchasable","26":"product-type-simple"},"yoast_head":"<!-- This site is optimized with the Yoast SEO plugin v27.3 - https:\/\/yoast.com\/product\/yoast-seo-wordpress\/ -->\n<title>La guerra del ferro: Ironmaster LP, rot-wei\u00dfes 180g Vinyl<\/title>\n<meta name=\"description\" content=\"Soundtrack zu La guerra del ferro: Ironmaster (Er - St\u00e4rker als Feuer und Eisen) von Umberto Lenzi, LP, rot-wei\u00dfes 180g Vinyl\" \/>\n<meta name=\"robots\" content=\"index, follow, max-snippet:-1, max-image-preview:large, max-video-preview:-1\" \/>\n<link rel=\"canonical\" href=\"https:\/\/www.allscore.de\/shop\/produkt\/la-guerra-del-ferro-ironmaster-lp-rot-weisses-180g-vinyl\/\" \/>\n<meta property=\"og:locale\" content=\"de_DE\" \/>\n<meta property=\"og:type\" content=\"article\" \/>\n<meta property=\"og:title\" content=\"La guerra del ferro: Ironmaster LP, rot-wei\u00dfes 180g Vinyl\" \/>\n<meta property=\"og:description\" content=\"Soundtrack zu La guerra del ferro: Ironmaster (Er - St\u00e4rker als Feuer und Eisen) von Umberto Lenzi, LP, rot-wei\u00dfes 180g Vinyl\" \/>\n<meta property=\"og:url\" content=\"https:\/\/www.allscore.de\/shop\/produkt\/la-guerra-del-ferro-ironmaster-lp-rot-weisses-180g-vinyl\/\" \/>\n<meta property=\"og:site_name\" content=\"Allscore Shop\" \/>\n<meta property=\"article:modified_time\" content=\"2025-10-24T17:12:59+00:00\" \/>\n<meta property=\"og:image\" content=\"https:\/\/www.allscore.de\/shop\/wp-content\/uploads\/2024\/04\/DDJLP20DLX.jpg\" \/>\n\t<meta property=\"og:image:width\" content=\"1200\" \/>\n\t<meta property=\"og:image:height\" content=\"1200\" \/>\n\t<meta property=\"og:image:type\" content=\"image\/jpeg\" \/>\n<meta name=\"twitter:card\" content=\"summary_large_image\" \/>\n<meta name=\"twitter:label1\" content=\"Gesch\u00e4tzte Lesezeit\" \/>\n\t<meta name=\"twitter:data1\" content=\"2\u00a0Minuten\" \/>\n<script type=\"application\/ld+json\" class=\"yoast-schema-graph\">{\"@context\":\"https:\\\/\\\/schema.org\",\"@graph\":[{\"@type\":\"WebPage\",\"@id\":\"https:\\\/\\\/www.allscore.de\\\/shop\\\/produkt\\\/la-guerra-del-ferro-ironmaster-lp-rot-weisses-180g-vinyl\\\/\",\"url\":\"https:\\\/\\\/www.allscore.de\\\/shop\\\/produkt\\\/la-guerra-del-ferro-ironmaster-lp-rot-weisses-180g-vinyl\\\/\",\"name\":\"La guerra del ferro: Ironmaster LP, rot-wei\u00dfes 180g Vinyl\",\"isPartOf\":{\"@id\":\"https:\\\/\\\/www.allscore.de\\\/shop\\\/#website\"},\"primaryImageOfPage\":{\"@id\":\"https:\\\/\\\/www.allscore.de\\\/shop\\\/produkt\\\/la-guerra-del-ferro-ironmaster-lp-rot-weisses-180g-vinyl\\\/#primaryimage\"},\"image\":{\"@id\":\"https:\\\/\\\/www.allscore.de\\\/shop\\\/produkt\\\/la-guerra-del-ferro-ironmaster-lp-rot-weisses-180g-vinyl\\\/#primaryimage\"},\"thumbnailUrl\":\"https:\\\/\\\/www.allscore.de\\\/shop\\\/wp-content\\\/uploads\\\/2024\\\/04\\\/DDJLP20DLX.jpg\",\"datePublished\":\"2024-04-18T13:38:43+00:00\",\"dateModified\":\"2025-10-24T17:12:59+00:00\",\"description\":\"Soundtrack zu La guerra del ferro: Ironmaster (Er - St\u00e4rker als Feuer und Eisen) von Umberto Lenzi, LP, rot-wei\u00dfes 180g Vinyl\",\"breadcrumb\":{\"@id\":\"https:\\\/\\\/www.allscore.de\\\/shop\\\/produkt\\\/la-guerra-del-ferro-ironmaster-lp-rot-weisses-180g-vinyl\\\/#breadcrumb\"},\"inLanguage\":\"de\",\"potentialAction\":[{\"@type\":\"ReadAction\",\"target\":[\"https:\\\/\\\/www.allscore.de\\\/shop\\\/produkt\\\/la-guerra-del-ferro-ironmaster-lp-rot-weisses-180g-vinyl\\\/\"]}]},{\"@type\":\"ImageObject\",\"inLanguage\":\"de\",\"@id\":\"https:\\\/\\\/www.allscore.de\\\/shop\\\/produkt\\\/la-guerra-del-ferro-ironmaster-lp-rot-weisses-180g-vinyl\\\/#primaryimage\",\"url\":\"https:\\\/\\\/www.allscore.de\\\/shop\\\/wp-content\\\/uploads\\\/2024\\\/04\\\/DDJLP20DLX.jpg\",\"contentUrl\":\"https:\\\/\\\/www.allscore.de\\\/shop\\\/wp-content\\\/uploads\\\/2024\\\/04\\\/DDJLP20DLX.jpg\",\"width\":1200,\"height\":1200,\"caption\":\"Ironmaster\"},{\"@type\":\"BreadcrumbList\",\"@id\":\"https:\\\/\\\/www.allscore.de\\\/shop\\\/produkt\\\/la-guerra-del-ferro-ironmaster-lp-rot-weisses-180g-vinyl\\\/#breadcrumb\",\"itemListElement\":[{\"@type\":\"ListItem\",\"position\":1,\"name\":\"Startseite\",\"item\":\"https:\\\/\\\/www.allscore.de\\\/shop\\\/\"},{\"@type\":\"ListItem\",\"position\":2,\"name\":\"Produkte\",\"item\":\"https:\\\/\\\/www.allscore.de\\\/shop\\\/shop\\\/\"},{\"@type\":\"ListItem\",\"position\":3,\"name\":\"La guerra del ferro: Ironmaster LP, rot-wei\u00dfes 180g Vinyl\"}]},{\"@type\":\"WebSite\",\"@id\":\"https:\\\/\\\/www.allscore.de\\\/shop\\\/#website\",\"url\":\"https:\\\/\\\/www.allscore.de\\\/shop\\\/\",\"name\":\"Allscore Shop\",\"description\":\"All Score Media\",\"publisher\":{\"@id\":\"https:\\\/\\\/www.allscore.de\\\/shop\\\/#organization\"},\"potentialAction\":[{\"@type\":\"SearchAction\",\"target\":{\"@type\":\"EntryPoint\",\"urlTemplate\":\"https:\\\/\\\/www.allscore.de\\\/shop\\\/?s={search_term_string}\"},\"query-input\":{\"@type\":\"PropertyValueSpecification\",\"valueRequired\":true,\"valueName\":\"search_term_string\"}}],\"inLanguage\":\"de\"},{\"@type\":\"Organization\",\"@id\":\"https:\\\/\\\/www.allscore.de\\\/shop\\\/#organization\",\"name\":\"All Score Media\",\"alternateName\":\"Allscore\",\"url\":\"https:\\\/\\\/www.allscore.de\\\/shop\\\/\",\"logo\":{\"@type\":\"ImageObject\",\"inLanguage\":\"de\",\"@id\":\"https:\\\/\\\/www.allscore.de\\\/shop\\\/#\\\/schema\\\/logo\\\/image\\\/\",\"url\":\"https:\\\/\\\/www.allscore.de\\\/shop\\\/wp-content\\\/uploads\\\/2026\\\/01\\\/Logo_Yoast_Shop_2026.png\",\"contentUrl\":\"https:\\\/\\\/www.allscore.de\\\/shop\\\/wp-content\\\/uploads\\\/2026\\\/01\\\/Logo_Yoast_Shop_2026.png\",\"width\":696,\"height\":696,\"caption\":\"All Score Media\"},\"image\":{\"@id\":\"https:\\\/\\\/www.allscore.de\\\/shop\\\/#\\\/schema\\\/logo\\\/image\\\/\"}}]}<\/script>\n<!-- \/ Yoast SEO plugin. -->","yoast_head_json":{"title":"La guerra del ferro: Ironmaster LP, rot-wei\u00dfes 180g Vinyl","description":"Soundtrack zu La guerra del ferro: Ironmaster (Er - St\u00e4rker als Feuer und Eisen) von Umberto Lenzi, LP, rot-wei\u00dfes 180g Vinyl","robots":{"index":"index","follow":"follow","max-snippet":"max-snippet:-1","max-image-preview":"max-image-preview:large","max-video-preview":"max-video-preview:-1"},"canonical":"https:\/\/www.allscore.de\/shop\/produkt\/la-guerra-del-ferro-ironmaster-lp-rot-weisses-180g-vinyl\/","og_locale":"de_DE","og_type":"article","og_title":"La guerra del ferro: Ironmaster LP, rot-wei\u00dfes 180g Vinyl","og_description":"Soundtrack zu La guerra del ferro: Ironmaster (Er - St\u00e4rker als Feuer und Eisen) von Umberto Lenzi, LP, rot-wei\u00dfes 180g Vinyl","og_url":"https:\/\/www.allscore.de\/shop\/produkt\/la-guerra-del-ferro-ironmaster-lp-rot-weisses-180g-vinyl\/","og_site_name":"Allscore Shop","article_modified_time":"2025-10-24T17:12:59+00:00","og_image":[{"width":1200,"height":1200,"url":"https:\/\/www.allscore.de\/shop\/wp-content\/uploads\/2024\/04\/DDJLP20DLX.jpg","type":"image\/jpeg"}],"twitter_card":"summary_large_image","twitter_misc":{"Gesch\u00e4tzte Lesezeit":"2\u00a0Minuten"},"schema":{"@context":"https:\/\/schema.org","@graph":[{"@type":"WebPage","@id":"https:\/\/www.allscore.de\/shop\/produkt\/la-guerra-del-ferro-ironmaster-lp-rot-weisses-180g-vinyl\/","url":"https:\/\/www.allscore.de\/shop\/produkt\/la-guerra-del-ferro-ironmaster-lp-rot-weisses-180g-vinyl\/","name":"La guerra del ferro: Ironmaster LP, rot-wei\u00dfes 180g Vinyl","isPartOf":{"@id":"https:\/\/www.allscore.de\/shop\/#website"},"primaryImageOfPage":{"@id":"https:\/\/www.allscore.de\/shop\/produkt\/la-guerra-del-ferro-ironmaster-lp-rot-weisses-180g-vinyl\/#primaryimage"},"image":{"@id":"https:\/\/www.allscore.de\/shop\/produkt\/la-guerra-del-ferro-ironmaster-lp-rot-weisses-180g-vinyl\/#primaryimage"},"thumbnailUrl":"https:\/\/www.allscore.de\/shop\/wp-content\/uploads\/2024\/04\/DDJLP20DLX.jpg","datePublished":"2024-04-18T13:38:43+00:00","dateModified":"2025-10-24T17:12:59+00:00","description":"Soundtrack zu La guerra del ferro: Ironmaster (Er - St\u00e4rker als Feuer und Eisen) von Umberto Lenzi, LP, rot-wei\u00dfes 180g Vinyl","breadcrumb":{"@id":"https:\/\/www.allscore.de\/shop\/produkt\/la-guerra-del-ferro-ironmaster-lp-rot-weisses-180g-vinyl\/#breadcrumb"},"inLanguage":"de","potentialAction":[{"@type":"ReadAction","target":["https:\/\/www.allscore.de\/shop\/produkt\/la-guerra-del-ferro-ironmaster-lp-rot-weisses-180g-vinyl\/"]}]},{"@type":"ImageObject","inLanguage":"de","@id":"https:\/\/www.allscore.de\/shop\/produkt\/la-guerra-del-ferro-ironmaster-lp-rot-weisses-180g-vinyl\/#primaryimage","url":"https:\/\/www.allscore.de\/shop\/wp-content\/uploads\/2024\/04\/DDJLP20DLX.jpg","contentUrl":"https:\/\/www.allscore.de\/shop\/wp-content\/uploads\/2024\/04\/DDJLP20DLX.jpg","width":1200,"height":1200,"caption":"Ironmaster"},{"@type":"BreadcrumbList","@id":"https:\/\/www.allscore.de\/shop\/produkt\/la-guerra-del-ferro-ironmaster-lp-rot-weisses-180g-vinyl\/#breadcrumb","itemListElement":[{"@type":"ListItem","position":1,"name":"Startseite","item":"https:\/\/www.allscore.de\/shop\/"},{"@type":"ListItem","position":2,"name":"Produkte","item":"https:\/\/www.allscore.de\/shop\/shop\/"},{"@type":"ListItem","position":3,"name":"La guerra del ferro: Ironmaster LP, rot-wei\u00dfes 180g Vinyl"}]},{"@type":"WebSite","@id":"https:\/\/www.allscore.de\/shop\/#website","url":"https:\/\/www.allscore.de\/shop\/","name":"Allscore Shop","description":"All Score Media","publisher":{"@id":"https:\/\/www.allscore.de\/shop\/#organization"},"potentialAction":[{"@type":"SearchAction","target":{"@type":"EntryPoint","urlTemplate":"https:\/\/www.allscore.de\/shop\/?s={search_term_string}"},"query-input":{"@type":"PropertyValueSpecification","valueRequired":true,"valueName":"search_term_string"}}],"inLanguage":"de"},{"@type":"Organization","@id":"https:\/\/www.allscore.de\/shop\/#organization","name":"All Score Media","alternateName":"Allscore","url":"https:\/\/www.allscore.de\/shop\/","logo":{"@type":"ImageObject","inLanguage":"de","@id":"https:\/\/www.allscore.de\/shop\/#\/schema\/logo\/image\/","url":"https:\/\/www.allscore.de\/shop\/wp-content\/uploads\/2026\/01\/Logo_Yoast_Shop_2026.png","contentUrl":"https:\/\/www.allscore.de\/shop\/wp-content\/uploads\/2026\/01\/Logo_Yoast_Shop_2026.png","width":696,"height":696,"caption":"All Score Media"},"image":{"@id":"https:\/\/www.allscore.de\/shop\/#\/schema\/logo\/image\/"}}]}},"_links":{"self":[{"href":"https:\/\/www.allscore.de\/shop\/wp-json\/wp\/v2\/product\/12883","targetHints":{"allow":["GET"]}}],"collection":[{"href":"https:\/\/www.allscore.de\/shop\/wp-json\/wp\/v2\/product"}],"about":[{"href":"https:\/\/www.allscore.de\/shop\/wp-json\/wp\/v2\/types\/product"}],"wp:featuredmedia":[{"embeddable":true,"href":"https:\/\/www.allscore.de\/shop\/wp-json\/wp\/v2\/media\/12885"}],"wp:attachment":[{"href":"https:\/\/www.allscore.de\/shop\/wp-json\/wp\/v2\/media?parent=12883"}],"wp:term":[{"taxonomy":"product_brand","embeddable":true,"href":"https:\/\/www.allscore.de\/shop\/wp-json\/wp\/v2\/product_brand?post=12883"},{"taxonomy":"product_cat","embeddable":true,"href":"https:\/\/www.allscore.de\/shop\/wp-json\/wp\/v2\/product_cat?post=12883"},{"taxonomy":"product_tag","embeddable":true,"href":"https:\/\/www.allscore.de\/shop\/wp-json\/wp\/v2\/product_tag?post=12883"}],"curies":[{"name":"wp","href":"https:\/\/api.w.org\/{rel}","templated":true}]}}