{"id":12845,"date":"2019-11-24T18:37:25","date_gmt":"2019-11-24T17:37:25","guid":{"rendered":"https:\/\/www.allscore.de\/shop\/?post_type=product&#038;p=12845"},"modified":"2026-01-21T13:09:57","modified_gmt":"2026-01-21T12:09:57","slug":"geister-schocker-84-kampf-um-die-felsenkirche","status":"publish","type":"product","link":"https:\/\/www.allscore.de\/shop\/produkt\/geister-schocker-84-kampf-um-die-felsenkirche\/","title":{"rendered":"Geister-Schocker 84: Kampf um die Felsenkirche"},"content":{"rendered":"<p>Geister-Schocker (84): Kampf um die Felsenkirche<\/p>\n<p><strong><u>Inhalt:<br \/>\n<\/u><\/strong>Die Felsenkirche in Idar Oberstein ist ein beliebtes Ausflugsziel. Doch keiner der Besucher scheint die alte Legende zu kennen. Sie handelt vom unsterblichen Kampf zweier Br\u00fcder, die sich hier einst um eine Frau schlugen. Der eine st\u00fcrzte den anderen in die Tiefe, und aus Reue erbaute er sp\u00e4ter die Felsenkirche. Doch scheinbar ist der Get\u00f6tete zur\u00fcckgekehrt, um sich zu r\u00e4chen. Mit Camen und Belinda machte ich mich auf den Weg, das R\u00e4tsel zu l\u00f6sen und der Fall entwickelte sich wieder einmal anders, als wir dachten\u0085 Ein neuer Fall mit dem Detektiv des \u00dcbersinnlichen \u0096 Christoph Schwarz.<\/p>\n<p><strong><u>Sprecher:<br \/>\n<\/u><\/strong>Sascha Rotermund, Marie Bierstedt, Karen Schulz-Vobach, Dagmar Bittner, Markus Raab, Matthias Ubert, Reent Reins, India Eva-Maria Roth, Marion Gretchen Schmitz, Martin Sabel, Marc Sch\u00fclert, Kim Hasper, Viktor Hacker, Ingo Abel, Christin Deuker, Franciska Friede, Dirk Hardegen, Fabian Harloff, Andr\u00e9 Beyer, Boris Baumann, Bastian Bringenberg, Timo Kinzel, Sascha Krueger, Christoph Memmert<\/p>\n<p><strong><u>Autor:<br \/>\n<\/u><\/strong>G. Arentzen<\/p>\n","protected":false},"excerpt":{"rendered":"<p>Geister-Schocker (84): Kampf um die Felsenkirche Inhalt: Die Felsenkirche in Idar Oberstein ist ein beliebtes Ausflugsziel. Doch keiner der Besucher scheint die alte Legende zu kennen. Sie handelt vom unsterblichen Kampf zweier Br\u00fcder, die sich hier einst um eine Frau schlugen. Der eine st\u00fcrzte den anderen in die Tiefe, und aus Reue erbaute er sp\u00e4ter&#8230;<\/p>\n<p><a rel=\"bookmark\" class=\"vonzot-button-simple wvc-button wvc-button-size-sm\" href=\"https:\/\/www.allscore.de\/shop\/produkt\/geister-schocker-84-kampf-um-die-felsenkirche\/\"><span>Read more<\/span><\/a><\/p>\n","protected":false},"featured_media":12847,"template":"","meta":[],"product_brand":[],"product_cat":[74,72],"product_tag":[],"class_list":{"0":"post-12845","1":"product","2":"type-product","3":"status-publish","4":"has-post-thumbnail","6":"product_cat-geister-schocker","7":"product_cat-hoerspiele","8":"product_shipping_class-tontraeger-cd","9":"entry","10":"clearfix","11":"entry-grid","12":"entry-columns-3","13":"entry-product-module-layout-sidebar-right","14":"thumbnail-color-tone-dark","15":"entry-product","17":"entry-product-grid","19":"first","20":"instock","21":"taxable","22":"shipping-taxable","23":"purchasable","24":"product-type-simple"},"yoast_head":"<!-- This site is optimized with the Yoast SEO plugin v27.4 - https:\/\/yoast.com\/product\/yoast-seo-wordpress\/ -->\n<title>Geister-Schocker 84: Kampf um die Felsenkirche<\/title>\n<meta name=\"description\" content=\"Geister-Schocker (84): Kampf um die Felsenkirche Inhalt: Die Felsenkirche in Idar Oberstein ist ein beliebtes Ausflugsziel. Doch keiner der Besucher\" \/>\n<meta name=\"robots\" content=\"index, follow, max-snippet:-1, max-image-preview:large, max-video-preview:-1\" \/>\n<link rel=\"canonical\" href=\"https:\/\/www.allscore.de\/shop\/produkt\/geister-schocker-84-kampf-um-die-felsenkirche\/\" \/>\n<meta property=\"og:locale\" content=\"de_DE\" \/>\n<meta property=\"og:type\" content=\"article\" \/>\n<meta property=\"og:title\" content=\"Geister-Schocker 84: Kampf um die Felsenkirche\" \/>\n<meta property=\"og:description\" content=\"Geister-Schocker (84): Kampf um die Felsenkirche Inhalt: Die Felsenkirche in Idar Oberstein ist ein beliebtes Ausflugsziel. Doch keiner der Besucher\" \/>\n<meta property=\"og:url\" content=\"https:\/\/www.allscore.de\/shop\/produkt\/geister-schocker-84-kampf-um-die-felsenkirche\/\" \/>\n<meta property=\"og:site_name\" content=\"Allscore Shop\" \/>\n<meta property=\"article:modified_time\" content=\"2026-01-21T12:09:57+00:00\" \/>\n<meta property=\"og:image\" content=\"https:\/\/www.allscore.de\/shop\/wp-content\/uploads\/2024\/04\/GS84_1200px.jpg\" \/>\n\t<meta property=\"og:image:width\" content=\"1200\" \/>\n\t<meta property=\"og:image:height\" content=\"1200\" \/>\n\t<meta property=\"og:image:type\" content=\"image\/jpeg\" \/>\n<meta name=\"twitter:card\" content=\"summary_large_image\" \/>\n<meta name=\"twitter:label1\" content=\"Gesch\u00e4tzte Lesezeit\" \/>\n\t<meta name=\"twitter:data1\" content=\"1\u00a0Minute\" \/>\n<script type=\"application\/ld+json\" class=\"yoast-schema-graph\">{\"@context\":\"https:\\\/\\\/schema.org\",\"@graph\":[{\"@type\":\"WebPage\",\"@id\":\"https:\\\/\\\/www.allscore.de\\\/shop\\\/produkt\\\/geister-schocker-84-kampf-um-die-felsenkirche\\\/\",\"url\":\"https:\\\/\\\/www.allscore.de\\\/shop\\\/produkt\\\/geister-schocker-84-kampf-um-die-felsenkirche\\\/\",\"name\":\"Geister-Schocker 84: Kampf um die Felsenkirche\",\"isPartOf\":{\"@id\":\"https:\\\/\\\/www.allscore.de\\\/shop\\\/#website\"},\"primaryImageOfPage\":{\"@id\":\"https:\\\/\\\/www.allscore.de\\\/shop\\\/produkt\\\/geister-schocker-84-kampf-um-die-felsenkirche\\\/#primaryimage\"},\"image\":{\"@id\":\"https:\\\/\\\/www.allscore.de\\\/shop\\\/produkt\\\/geister-schocker-84-kampf-um-die-felsenkirche\\\/#primaryimage\"},\"thumbnailUrl\":\"https:\\\/\\\/www.allscore.de\\\/shop\\\/wp-content\\\/uploads\\\/2024\\\/04\\\/GS84_1200px.jpg\",\"datePublished\":\"2019-11-24T17:37:25+00:00\",\"dateModified\":\"2026-01-21T12:09:57+00:00\",\"description\":\"Geister-Schocker (84): Kampf um die Felsenkirche Inhalt: Die Felsenkirche in Idar Oberstein ist ein beliebtes Ausflugsziel. Doch keiner der Besucher\",\"breadcrumb\":{\"@id\":\"https:\\\/\\\/www.allscore.de\\\/shop\\\/produkt\\\/geister-schocker-84-kampf-um-die-felsenkirche\\\/#breadcrumb\"},\"inLanguage\":\"de\",\"potentialAction\":[{\"@type\":\"ReadAction\",\"target\":[\"https:\\\/\\\/www.allscore.de\\\/shop\\\/produkt\\\/geister-schocker-84-kampf-um-die-felsenkirche\\\/\"]}]},{\"@type\":\"ImageObject\",\"inLanguage\":\"de\",\"@id\":\"https:\\\/\\\/www.allscore.de\\\/shop\\\/produkt\\\/geister-schocker-84-kampf-um-die-felsenkirche\\\/#primaryimage\",\"url\":\"https:\\\/\\\/www.allscore.de\\\/shop\\\/wp-content\\\/uploads\\\/2024\\\/04\\\/GS84_1200px.jpg\",\"contentUrl\":\"https:\\\/\\\/www.allscore.de\\\/shop\\\/wp-content\\\/uploads\\\/2024\\\/04\\\/GS84_1200px.jpg\",\"width\":1200,\"height\":1200,\"caption\":\"Geister-Schocker 84: Kampf um die Felsenkirche\"},{\"@type\":\"BreadcrumbList\",\"@id\":\"https:\\\/\\\/www.allscore.de\\\/shop\\\/produkt\\\/geister-schocker-84-kampf-um-die-felsenkirche\\\/#breadcrumb\",\"itemListElement\":[{\"@type\":\"ListItem\",\"position\":1,\"name\":\"Startseite\",\"item\":\"https:\\\/\\\/www.allscore.de\\\/shop\\\/\"},{\"@type\":\"ListItem\",\"position\":2,\"name\":\"Produkte\",\"item\":\"https:\\\/\\\/www.allscore.de\\\/shop\\\/shop\\\/\"},{\"@type\":\"ListItem\",\"position\":3,\"name\":\"Geister-Schocker 84: Kampf um die Felsenkirche\"}]},{\"@type\":\"WebSite\",\"@id\":\"https:\\\/\\\/www.allscore.de\\\/shop\\\/#website\",\"url\":\"https:\\\/\\\/www.allscore.de\\\/shop\\\/\",\"name\":\"Allscore Shop\",\"description\":\"All Score Media\",\"publisher\":{\"@id\":\"https:\\\/\\\/www.allscore.de\\\/shop\\\/#organization\"},\"potentialAction\":[{\"@type\":\"SearchAction\",\"target\":{\"@type\":\"EntryPoint\",\"urlTemplate\":\"https:\\\/\\\/www.allscore.de\\\/shop\\\/?s={search_term_string}\"},\"query-input\":{\"@type\":\"PropertyValueSpecification\",\"valueRequired\":true,\"valueName\":\"search_term_string\"}}],\"inLanguage\":\"de\"},{\"@type\":\"Organization\",\"@id\":\"https:\\\/\\\/www.allscore.de\\\/shop\\\/#organization\",\"name\":\"All Score Media\",\"alternateName\":\"Allscore\",\"url\":\"https:\\\/\\\/www.allscore.de\\\/shop\\\/\",\"logo\":{\"@type\":\"ImageObject\",\"inLanguage\":\"de\",\"@id\":\"https:\\\/\\\/www.allscore.de\\\/shop\\\/#\\\/schema\\\/logo\\\/image\\\/\",\"url\":\"https:\\\/\\\/www.allscore.de\\\/shop\\\/wp-content\\\/uploads\\\/2026\\\/01\\\/Logo_Yoast_Shop_2026.png\",\"contentUrl\":\"https:\\\/\\\/www.allscore.de\\\/shop\\\/wp-content\\\/uploads\\\/2026\\\/01\\\/Logo_Yoast_Shop_2026.png\",\"width\":696,\"height\":696,\"caption\":\"All Score Media\"},\"image\":{\"@id\":\"https:\\\/\\\/www.allscore.de\\\/shop\\\/#\\\/schema\\\/logo\\\/image\\\/\"}}]}<\/script>\n<!-- \/ Yoast SEO plugin. -->","yoast_head_json":{"title":"Geister-Schocker 84: Kampf um die Felsenkirche","description":"Geister-Schocker (84): Kampf um die Felsenkirche Inhalt: Die Felsenkirche in Idar Oberstein ist ein beliebtes Ausflugsziel. Doch keiner der Besucher","robots":{"index":"index","follow":"follow","max-snippet":"max-snippet:-1","max-image-preview":"max-image-preview:large","max-video-preview":"max-video-preview:-1"},"canonical":"https:\/\/www.allscore.de\/shop\/produkt\/geister-schocker-84-kampf-um-die-felsenkirche\/","og_locale":"de_DE","og_type":"article","og_title":"Geister-Schocker 84: Kampf um die Felsenkirche","og_description":"Geister-Schocker (84): Kampf um die Felsenkirche Inhalt: Die Felsenkirche in Idar Oberstein ist ein beliebtes Ausflugsziel. Doch keiner der Besucher","og_url":"https:\/\/www.allscore.de\/shop\/produkt\/geister-schocker-84-kampf-um-die-felsenkirche\/","og_site_name":"Allscore Shop","article_modified_time":"2026-01-21T12:09:57+00:00","og_image":[{"width":1200,"height":1200,"url":"https:\/\/www.allscore.de\/shop\/wp-content\/uploads\/2024\/04\/GS84_1200px.jpg","type":"image\/jpeg"}],"twitter_card":"summary_large_image","twitter_misc":{"Gesch\u00e4tzte Lesezeit":"1\u00a0Minute"},"schema":{"@context":"https:\/\/schema.org","@graph":[{"@type":"WebPage","@id":"https:\/\/www.allscore.de\/shop\/produkt\/geister-schocker-84-kampf-um-die-felsenkirche\/","url":"https:\/\/www.allscore.de\/shop\/produkt\/geister-schocker-84-kampf-um-die-felsenkirche\/","name":"Geister-Schocker 84: Kampf um die Felsenkirche","isPartOf":{"@id":"https:\/\/www.allscore.de\/shop\/#website"},"primaryImageOfPage":{"@id":"https:\/\/www.allscore.de\/shop\/produkt\/geister-schocker-84-kampf-um-die-felsenkirche\/#primaryimage"},"image":{"@id":"https:\/\/www.allscore.de\/shop\/produkt\/geister-schocker-84-kampf-um-die-felsenkirche\/#primaryimage"},"thumbnailUrl":"https:\/\/www.allscore.de\/shop\/wp-content\/uploads\/2024\/04\/GS84_1200px.jpg","datePublished":"2019-11-24T17:37:25+00:00","dateModified":"2026-01-21T12:09:57+00:00","description":"Geister-Schocker (84): Kampf um die Felsenkirche Inhalt: Die Felsenkirche in Idar Oberstein ist ein beliebtes Ausflugsziel. Doch keiner der Besucher","breadcrumb":{"@id":"https:\/\/www.allscore.de\/shop\/produkt\/geister-schocker-84-kampf-um-die-felsenkirche\/#breadcrumb"},"inLanguage":"de","potentialAction":[{"@type":"ReadAction","target":["https:\/\/www.allscore.de\/shop\/produkt\/geister-schocker-84-kampf-um-die-felsenkirche\/"]}]},{"@type":"ImageObject","inLanguage":"de","@id":"https:\/\/www.allscore.de\/shop\/produkt\/geister-schocker-84-kampf-um-die-felsenkirche\/#primaryimage","url":"https:\/\/www.allscore.de\/shop\/wp-content\/uploads\/2024\/04\/GS84_1200px.jpg","contentUrl":"https:\/\/www.allscore.de\/shop\/wp-content\/uploads\/2024\/04\/GS84_1200px.jpg","width":1200,"height":1200,"caption":"Geister-Schocker 84: Kampf um die Felsenkirche"},{"@type":"BreadcrumbList","@id":"https:\/\/www.allscore.de\/shop\/produkt\/geister-schocker-84-kampf-um-die-felsenkirche\/#breadcrumb","itemListElement":[{"@type":"ListItem","position":1,"name":"Startseite","item":"https:\/\/www.allscore.de\/shop\/"},{"@type":"ListItem","position":2,"name":"Produkte","item":"https:\/\/www.allscore.de\/shop\/shop\/"},{"@type":"ListItem","position":3,"name":"Geister-Schocker 84: Kampf um die Felsenkirche"}]},{"@type":"WebSite","@id":"https:\/\/www.allscore.de\/shop\/#website","url":"https:\/\/www.allscore.de\/shop\/","name":"Allscore Shop","description":"All Score Media","publisher":{"@id":"https:\/\/www.allscore.de\/shop\/#organization"},"potentialAction":[{"@type":"SearchAction","target":{"@type":"EntryPoint","urlTemplate":"https:\/\/www.allscore.de\/shop\/?s={search_term_string}"},"query-input":{"@type":"PropertyValueSpecification","valueRequired":true,"valueName":"search_term_string"}}],"inLanguage":"de"},{"@type":"Organization","@id":"https:\/\/www.allscore.de\/shop\/#organization","name":"All Score Media","alternateName":"Allscore","url":"https:\/\/www.allscore.de\/shop\/","logo":{"@type":"ImageObject","inLanguage":"de","@id":"https:\/\/www.allscore.de\/shop\/#\/schema\/logo\/image\/","url":"https:\/\/www.allscore.de\/shop\/wp-content\/uploads\/2026\/01\/Logo_Yoast_Shop_2026.png","contentUrl":"https:\/\/www.allscore.de\/shop\/wp-content\/uploads\/2026\/01\/Logo_Yoast_Shop_2026.png","width":696,"height":696,"caption":"All Score Media"},"image":{"@id":"https:\/\/www.allscore.de\/shop\/#\/schema\/logo\/image\/"}}]}},"_links":{"self":[{"href":"https:\/\/www.allscore.de\/shop\/wp-json\/wp\/v2\/product\/12845","targetHints":{"allow":["GET"]}}],"collection":[{"href":"https:\/\/www.allscore.de\/shop\/wp-json\/wp\/v2\/product"}],"about":[{"href":"https:\/\/www.allscore.de\/shop\/wp-json\/wp\/v2\/types\/product"}],"wp:featuredmedia":[{"embeddable":true,"href":"https:\/\/www.allscore.de\/shop\/wp-json\/wp\/v2\/media\/12847"}],"wp:attachment":[{"href":"https:\/\/www.allscore.de\/shop\/wp-json\/wp\/v2\/media?parent=12845"}],"wp:term":[{"taxonomy":"product_brand","embeddable":true,"href":"https:\/\/www.allscore.de\/shop\/wp-json\/wp\/v2\/product_brand?post=12845"},{"taxonomy":"product_cat","embeddable":true,"href":"https:\/\/www.allscore.de\/shop\/wp-json\/wp\/v2\/product_cat?post=12845"},{"taxonomy":"product_tag","embeddable":true,"href":"https:\/\/www.allscore.de\/shop\/wp-json\/wp\/v2\/product_tag?post=12845"}],"curies":[{"name":"wp","href":"https:\/\/api.w.org\/{rel}","templated":true}]}}