{"id":12667,"date":"2024-02-22T13:38:03","date_gmt":"2024-02-22T12:38:03","guid":{"rendered":"https:\/\/www.allscore.de\/shop\/?post_type=product&#038;p=12667"},"modified":"2025-10-24T19:12:59","modified_gmt":"2025-10-24T17:12:59","slug":"sherlock-holmes-neue-faelle-56-dolp-testpressung-und-originalautogramm-nur-10-exemplare","status":"publish","type":"product","link":"https:\/\/www.allscore.de\/shop\/produkt\/sherlock-holmes-neue-faelle-56-dolp-testpressung-und-originalautogramm-nur-10-exemplare\/","title":{"rendered":"Sherlock Holmes neue F\u00e4lle 56 &#8211; DoLP-Testpressung und Originalautogramm &#8211; nur 10 Exemplare!"},"content":{"rendered":"<p>Eine von 10 Testpressungen der Doppel-LP Sherlock Holmes &#8211; die neuen F\u00e4lle 56: Das Ende der Wahrheit.<\/p>\n<p>Dieses seltene Sammlerst\u00fcck enth\u00e4lt zwei LPs mit Blanko-Etikett &#8222;Bio-Vinyl&#8220; in wei\u00dfer Kastentasche.<\/p>\n<p>Handnummeriert (1\/10, 2\/10,&#8230;. 10\/10).<\/p>\n<p>Dazu eine Originalautogrammkarte(!) von Christian Rode ODER Peter Groeger.<\/p>\n<p>Wir haben noch jeweils 5 Automgrammkarten, d.h. pro Testpressungs-Bestellung gibt es EINE Autogrammkarte.<br \/>\nW\u00fcnsche nach einer bestimmten Autogrammkarte (im Bemerkungenfeld der Bestellung angeben) werden ber\u00fccksichtigt solange der Vorrat reicht.<br \/>\nEine Gew\u00e4hr darauf besteht explizit nicht.<\/p>\n","protected":false},"excerpt":{"rendered":"<p>Diese auf 10 Exemplare limitierte Testpressung der Doppel-LP ist bereits seit Wochen ausverkauft. Wir verkaufen hier nachtr\u00e4glich ein Exemplar, das vom Vorbesteller nicht abgeholt wurde. <\/p>\n","protected":false},"featured_media":12669,"template":"","meta":[],"product_brand":[],"product_cat":[72,428,213,153],"product_tag":[605],"class_list":{"0":"post-12667","1":"product","2":"type-product","3":"status-publish","4":"has-post-thumbnail","6":"product_cat-hoerspiele","7":"product_cat-raritaeten","8":"product_cat-sherlock-holmes-die-neuen-faelle","9":"product_cat-specials","10":"product_tag-testpressung","11":"product_shipping_class-tontraeger-schallplatte","12":"entry","13":"clearfix","14":"entry-grid","15":"entry-columns-3","16":"entry-product-module-layout-sidebar-right","17":"thumbnail-color-tone-light","18":"entry-product","20":"entry-product-grid","22":"first","23":"outofstock","24":"taxable","25":"shipping-taxable","26":"purchasable","27":"product-type-simple"},"yoast_head":"<!-- This site is optimized with the Yoast SEO plugin v27.4 - https:\/\/yoast.com\/product\/yoast-seo-wordpress\/ -->\n<title>Sherlock Holmes Doppel-LP-Testpressung und Originalautogramm<\/title>\n<meta name=\"description\" content=\"Sammlerst\u00fcck: Testpressung der Doppel-LP. Enth\u00e4lt zwei handnummerierte blanko LPs plus ein Autogramm von Christian Rode oder Peter Groeger.\" \/>\n<meta name=\"robots\" content=\"index, follow, max-snippet:-1, max-image-preview:large, max-video-preview:-1\" \/>\n<link rel=\"canonical\" href=\"https:\/\/www.allscore.de\/shop\/produkt\/sherlock-holmes-neue-faelle-56-dolp-testpressung-und-originalautogramm-nur-10-exemplare\/\" \/>\n<meta property=\"og:locale\" content=\"de_DE\" \/>\n<meta property=\"og:type\" content=\"article\" \/>\n<meta property=\"og:title\" content=\"Sherlock Holmes Doppel-LP-Testpressung und Originalautogramm\" \/>\n<meta property=\"og:description\" content=\"Sammlerst\u00fcck: Testpressung der Doppel-LP. Enth\u00e4lt zwei handnummerierte blanko LPs plus ein Autogramm von Christian Rode oder Peter Groeger.\" \/>\n<meta property=\"og:url\" content=\"https:\/\/www.allscore.de\/shop\/produkt\/sherlock-holmes-neue-faelle-56-dolp-testpressung-und-originalautogramm-nur-10-exemplare\/\" \/>\n<meta property=\"og:site_name\" content=\"Allscore Shop\" \/>\n<meta property=\"article:modified_time\" content=\"2025-10-24T17:12:59+00:00\" \/>\n<meta property=\"og:image\" content=\"https:\/\/www.allscore.de\/shop\/wp-content\/uploads\/2024\/02\/SHLP56_TP.jpg\" \/>\n\t<meta property=\"og:image:width\" content=\"1200\" \/>\n\t<meta property=\"og:image:height\" content=\"1200\" \/>\n\t<meta property=\"og:image:type\" content=\"image\/jpeg\" \/>\n<meta name=\"twitter:card\" content=\"summary_large_image\" \/>\n<meta name=\"twitter:label1\" content=\"Gesch\u00e4tzte Lesezeit\" \/>\n\t<meta name=\"twitter:data1\" content=\"1\u00a0Minute\" \/>\n<script type=\"application\/ld+json\" class=\"yoast-schema-graph\">{\"@context\":\"https:\\\/\\\/schema.org\",\"@graph\":[{\"@type\":\"WebPage\",\"@id\":\"https:\\\/\\\/www.allscore.de\\\/shop\\\/produkt\\\/sherlock-holmes-neue-faelle-56-dolp-testpressung-und-originalautogramm-nur-10-exemplare\\\/\",\"url\":\"https:\\\/\\\/www.allscore.de\\\/shop\\\/produkt\\\/sherlock-holmes-neue-faelle-56-dolp-testpressung-und-originalautogramm-nur-10-exemplare\\\/\",\"name\":\"Sherlock Holmes Doppel-LP-Testpressung und Originalautogramm\",\"isPartOf\":{\"@id\":\"https:\\\/\\\/www.allscore.de\\\/shop\\\/#website\"},\"primaryImageOfPage\":{\"@id\":\"https:\\\/\\\/www.allscore.de\\\/shop\\\/produkt\\\/sherlock-holmes-neue-faelle-56-dolp-testpressung-und-originalautogramm-nur-10-exemplare\\\/#primaryimage\"},\"image\":{\"@id\":\"https:\\\/\\\/www.allscore.de\\\/shop\\\/produkt\\\/sherlock-holmes-neue-faelle-56-dolp-testpressung-und-originalautogramm-nur-10-exemplare\\\/#primaryimage\"},\"thumbnailUrl\":\"https:\\\/\\\/www.allscore.de\\\/shop\\\/wp-content\\\/uploads\\\/2024\\\/02\\\/SHLP56_TP.jpg\",\"datePublished\":\"2024-02-22T12:38:03+00:00\",\"dateModified\":\"2025-10-24T17:12:59+00:00\",\"description\":\"Sammlerst\u00fcck: Testpressung der Doppel-LP. Enth\u00e4lt zwei handnummerierte blanko LPs plus ein Autogramm von Christian Rode oder Peter Groeger.\",\"breadcrumb\":{\"@id\":\"https:\\\/\\\/www.allscore.de\\\/shop\\\/produkt\\\/sherlock-holmes-neue-faelle-56-dolp-testpressung-und-originalautogramm-nur-10-exemplare\\\/#breadcrumb\"},\"inLanguage\":\"de\",\"potentialAction\":[{\"@type\":\"ReadAction\",\"target\":[\"https:\\\/\\\/www.allscore.de\\\/shop\\\/produkt\\\/sherlock-holmes-neue-faelle-56-dolp-testpressung-und-originalautogramm-nur-10-exemplare\\\/\"]}]},{\"@type\":\"ImageObject\",\"inLanguage\":\"de\",\"@id\":\"https:\\\/\\\/www.allscore.de\\\/shop\\\/produkt\\\/sherlock-holmes-neue-faelle-56-dolp-testpressung-und-originalautogramm-nur-10-exemplare\\\/#primaryimage\",\"url\":\"https:\\\/\\\/www.allscore.de\\\/shop\\\/wp-content\\\/uploads\\\/2024\\\/02\\\/SHLP56_TP.jpg\",\"contentUrl\":\"https:\\\/\\\/www.allscore.de\\\/shop\\\/wp-content\\\/uploads\\\/2024\\\/02\\\/SHLP56_TP.jpg\",\"width\":1200,\"height\":1200,\"caption\":\"Testpressung\"},{\"@type\":\"BreadcrumbList\",\"@id\":\"https:\\\/\\\/www.allscore.de\\\/shop\\\/produkt\\\/sherlock-holmes-neue-faelle-56-dolp-testpressung-und-originalautogramm-nur-10-exemplare\\\/#breadcrumb\",\"itemListElement\":[{\"@type\":\"ListItem\",\"position\":1,\"name\":\"Startseite\",\"item\":\"https:\\\/\\\/www.allscore.de\\\/shop\\\/\"},{\"@type\":\"ListItem\",\"position\":2,\"name\":\"Produkte\",\"item\":\"https:\\\/\\\/www.allscore.de\\\/shop\\\/shop\\\/\"},{\"@type\":\"ListItem\",\"position\":3,\"name\":\"Sherlock Holmes neue F\u00e4lle 56 &#8211; DoLP-Testpressung und Originalautogramm &#8211; nur 10 Exemplare!\"}]},{\"@type\":\"WebSite\",\"@id\":\"https:\\\/\\\/www.allscore.de\\\/shop\\\/#website\",\"url\":\"https:\\\/\\\/www.allscore.de\\\/shop\\\/\",\"name\":\"Allscore Shop\",\"description\":\"All Score Media\",\"publisher\":{\"@id\":\"https:\\\/\\\/www.allscore.de\\\/shop\\\/#organization\"},\"potentialAction\":[{\"@type\":\"SearchAction\",\"target\":{\"@type\":\"EntryPoint\",\"urlTemplate\":\"https:\\\/\\\/www.allscore.de\\\/shop\\\/?s={search_term_string}\"},\"query-input\":{\"@type\":\"PropertyValueSpecification\",\"valueRequired\":true,\"valueName\":\"search_term_string\"}}],\"inLanguage\":\"de\"},{\"@type\":\"Organization\",\"@id\":\"https:\\\/\\\/www.allscore.de\\\/shop\\\/#organization\",\"name\":\"All Score Media\",\"alternateName\":\"Allscore\",\"url\":\"https:\\\/\\\/www.allscore.de\\\/shop\\\/\",\"logo\":{\"@type\":\"ImageObject\",\"inLanguage\":\"de\",\"@id\":\"https:\\\/\\\/www.allscore.de\\\/shop\\\/#\\\/schema\\\/logo\\\/image\\\/\",\"url\":\"https:\\\/\\\/www.allscore.de\\\/shop\\\/wp-content\\\/uploads\\\/2026\\\/01\\\/Logo_Yoast_Shop_2026.png\",\"contentUrl\":\"https:\\\/\\\/www.allscore.de\\\/shop\\\/wp-content\\\/uploads\\\/2026\\\/01\\\/Logo_Yoast_Shop_2026.png\",\"width\":696,\"height\":696,\"caption\":\"All Score Media\"},\"image\":{\"@id\":\"https:\\\/\\\/www.allscore.de\\\/shop\\\/#\\\/schema\\\/logo\\\/image\\\/\"}}]}<\/script>\n<!-- \/ Yoast SEO plugin. -->","yoast_head_json":{"title":"Sherlock Holmes Doppel-LP-Testpressung und Originalautogramm","description":"Sammlerst\u00fcck: Testpressung der Doppel-LP. Enth\u00e4lt zwei handnummerierte blanko LPs plus ein Autogramm von Christian Rode oder Peter Groeger.","robots":{"index":"index","follow":"follow","max-snippet":"max-snippet:-1","max-image-preview":"max-image-preview:large","max-video-preview":"max-video-preview:-1"},"canonical":"https:\/\/www.allscore.de\/shop\/produkt\/sherlock-holmes-neue-faelle-56-dolp-testpressung-und-originalautogramm-nur-10-exemplare\/","og_locale":"de_DE","og_type":"article","og_title":"Sherlock Holmes Doppel-LP-Testpressung und Originalautogramm","og_description":"Sammlerst\u00fcck: Testpressung der Doppel-LP. Enth\u00e4lt zwei handnummerierte blanko LPs plus ein Autogramm von Christian Rode oder Peter Groeger.","og_url":"https:\/\/www.allscore.de\/shop\/produkt\/sherlock-holmes-neue-faelle-56-dolp-testpressung-und-originalautogramm-nur-10-exemplare\/","og_site_name":"Allscore Shop","article_modified_time":"2025-10-24T17:12:59+00:00","og_image":[{"width":1200,"height":1200,"url":"https:\/\/www.allscore.de\/shop\/wp-content\/uploads\/2024\/02\/SHLP56_TP.jpg","type":"image\/jpeg"}],"twitter_card":"summary_large_image","twitter_misc":{"Gesch\u00e4tzte Lesezeit":"1\u00a0Minute"},"schema":{"@context":"https:\/\/schema.org","@graph":[{"@type":"WebPage","@id":"https:\/\/www.allscore.de\/shop\/produkt\/sherlock-holmes-neue-faelle-56-dolp-testpressung-und-originalautogramm-nur-10-exemplare\/","url":"https:\/\/www.allscore.de\/shop\/produkt\/sherlock-holmes-neue-faelle-56-dolp-testpressung-und-originalautogramm-nur-10-exemplare\/","name":"Sherlock Holmes Doppel-LP-Testpressung und Originalautogramm","isPartOf":{"@id":"https:\/\/www.allscore.de\/shop\/#website"},"primaryImageOfPage":{"@id":"https:\/\/www.allscore.de\/shop\/produkt\/sherlock-holmes-neue-faelle-56-dolp-testpressung-und-originalautogramm-nur-10-exemplare\/#primaryimage"},"image":{"@id":"https:\/\/www.allscore.de\/shop\/produkt\/sherlock-holmes-neue-faelle-56-dolp-testpressung-und-originalautogramm-nur-10-exemplare\/#primaryimage"},"thumbnailUrl":"https:\/\/www.allscore.de\/shop\/wp-content\/uploads\/2024\/02\/SHLP56_TP.jpg","datePublished":"2024-02-22T12:38:03+00:00","dateModified":"2025-10-24T17:12:59+00:00","description":"Sammlerst\u00fcck: Testpressung der Doppel-LP. Enth\u00e4lt zwei handnummerierte blanko LPs plus ein Autogramm von Christian Rode oder Peter Groeger.","breadcrumb":{"@id":"https:\/\/www.allscore.de\/shop\/produkt\/sherlock-holmes-neue-faelle-56-dolp-testpressung-und-originalautogramm-nur-10-exemplare\/#breadcrumb"},"inLanguage":"de","potentialAction":[{"@type":"ReadAction","target":["https:\/\/www.allscore.de\/shop\/produkt\/sherlock-holmes-neue-faelle-56-dolp-testpressung-und-originalautogramm-nur-10-exemplare\/"]}]},{"@type":"ImageObject","inLanguage":"de","@id":"https:\/\/www.allscore.de\/shop\/produkt\/sherlock-holmes-neue-faelle-56-dolp-testpressung-und-originalautogramm-nur-10-exemplare\/#primaryimage","url":"https:\/\/www.allscore.de\/shop\/wp-content\/uploads\/2024\/02\/SHLP56_TP.jpg","contentUrl":"https:\/\/www.allscore.de\/shop\/wp-content\/uploads\/2024\/02\/SHLP56_TP.jpg","width":1200,"height":1200,"caption":"Testpressung"},{"@type":"BreadcrumbList","@id":"https:\/\/www.allscore.de\/shop\/produkt\/sherlock-holmes-neue-faelle-56-dolp-testpressung-und-originalautogramm-nur-10-exemplare\/#breadcrumb","itemListElement":[{"@type":"ListItem","position":1,"name":"Startseite","item":"https:\/\/www.allscore.de\/shop\/"},{"@type":"ListItem","position":2,"name":"Produkte","item":"https:\/\/www.allscore.de\/shop\/shop\/"},{"@type":"ListItem","position":3,"name":"Sherlock Holmes neue F\u00e4lle 56 &#8211; DoLP-Testpressung und Originalautogramm &#8211; nur 10 Exemplare!"}]},{"@type":"WebSite","@id":"https:\/\/www.allscore.de\/shop\/#website","url":"https:\/\/www.allscore.de\/shop\/","name":"Allscore Shop","description":"All Score Media","publisher":{"@id":"https:\/\/www.allscore.de\/shop\/#organization"},"potentialAction":[{"@type":"SearchAction","target":{"@type":"EntryPoint","urlTemplate":"https:\/\/www.allscore.de\/shop\/?s={search_term_string}"},"query-input":{"@type":"PropertyValueSpecification","valueRequired":true,"valueName":"search_term_string"}}],"inLanguage":"de"},{"@type":"Organization","@id":"https:\/\/www.allscore.de\/shop\/#organization","name":"All Score Media","alternateName":"Allscore","url":"https:\/\/www.allscore.de\/shop\/","logo":{"@type":"ImageObject","inLanguage":"de","@id":"https:\/\/www.allscore.de\/shop\/#\/schema\/logo\/image\/","url":"https:\/\/www.allscore.de\/shop\/wp-content\/uploads\/2026\/01\/Logo_Yoast_Shop_2026.png","contentUrl":"https:\/\/www.allscore.de\/shop\/wp-content\/uploads\/2026\/01\/Logo_Yoast_Shop_2026.png","width":696,"height":696,"caption":"All Score Media"},"image":{"@id":"https:\/\/www.allscore.de\/shop\/#\/schema\/logo\/image\/"}}]}},"_links":{"self":[{"href":"https:\/\/www.allscore.de\/shop\/wp-json\/wp\/v2\/product\/12667","targetHints":{"allow":["GET"]}}],"collection":[{"href":"https:\/\/www.allscore.de\/shop\/wp-json\/wp\/v2\/product"}],"about":[{"href":"https:\/\/www.allscore.de\/shop\/wp-json\/wp\/v2\/types\/product"}],"wp:featuredmedia":[{"embeddable":true,"href":"https:\/\/www.allscore.de\/shop\/wp-json\/wp\/v2\/media\/12669"}],"wp:attachment":[{"href":"https:\/\/www.allscore.de\/shop\/wp-json\/wp\/v2\/media?parent=12667"}],"wp:term":[{"taxonomy":"product_brand","embeddable":true,"href":"https:\/\/www.allscore.de\/shop\/wp-json\/wp\/v2\/product_brand?post=12667"},{"taxonomy":"product_cat","embeddable":true,"href":"https:\/\/www.allscore.de\/shop\/wp-json\/wp\/v2\/product_cat?post=12667"},{"taxonomy":"product_tag","embeddable":true,"href":"https:\/\/www.allscore.de\/shop\/wp-json\/wp\/v2\/product_tag?post=12667"}],"curies":[{"name":"wp","href":"https:\/\/api.w.org\/{rel}","templated":true}]}}