{"id":12570,"date":"2024-01-10T12:13:09","date_gmt":"2024-01-10T11:13:09","guid":{"rendered":"https:\/\/www.allscore.de\/shop\/?post_type=product&#038;p=12570"},"modified":"2026-01-22T13:00:06","modified_gmt":"2026-01-22T12:00:06","slug":"professor-van-dusen-zuernt-den-goettern-37","status":"publish","type":"product","link":"https:\/\/www.allscore.de\/shop\/produkt\/professor-van-dusen-zuernt-den-goettern-37\/","title":{"rendered":"Professor van Dusen z\u00fcrnt den G\u00f6ttern (37)"},"content":{"rendered":"<p>Professor van Dusen z\u00fcrnt den G\u00f6ttern (37)<\/p>\n<p>Ein ungew\u00f6hnlicher Todesfall in England erregt Professor van Dusens Interesse. Auf einer Wiese bei Hackney Marsh wird ein Toter gefunden, dessen Organe nahezu versteinert sind. Die Denkmaschine geht dem Fall nach und st\u00f6\u00dft im weiteren Verlauf auf einen toten Bildhauer und einige amerikanische Kunstsammler, die ebenso reich wie spurlos verschwunden sind. Was wei\u00df die mysteri\u00f6se Kunstagentin Euryale Ellis \u00fcber die Sache? Professor van Dusen ist \u00fcberzeugt, dass diese Frau ein Geheimnis umgibt. Doch es zu l\u00fcften, stellt ein schwieriges und gef\u00e4hrliches Unterfangen dar&#8230;<\/p>\n<p>Professor van Dusen: Bernd Vollbrecht<br \/>\nHutchinson Hatch: Nicolai Tegeler<br \/>\nInspector Smiley: Sven Brieger<br \/>\nAlbin Renders: Peter Sura<br \/>\nMatthew James: Matthias Klages<br \/>\nEuryale Ellis: Laurine Betz<br \/>\nEzra Filby: Kaspar Eichel<br \/>\nHotelangestellter: Jens Wendland<br \/>\nKutscher: Hanns J\u00f6rg Krumpholz<\/p>\n<p>Regie: Gerd Naumann<br \/>\nBuch: Marc Freund<br \/>\nMusikproduktion: Christian Bluthardt<br \/>\nSounddesign, Mischung &#038; Master: Tom Steinbrecher<\/p>\n","protected":false},"excerpt":{"rendered":"<p>Professor van Dusen z\u00fcrnt den G\u00f6ttern (37) Ein ungew\u00f6hnlicher Todesfall in England erregt Professor van Dusens Interesse. Auf einer Wiese bei Hackney Marsh wird ein Toter gefunden, dessen Organe nahezu versteinert sind. Die Denkmaschine geht dem Fall nach und st\u00f6\u00dft im weiteren Verlauf auf einen toten Bildhauer und einige amerikanische Kunstsammler, die ebenso reich wie&#8230;<\/p>\n<p><a rel=\"bookmark\" class=\"vonzot-button-simple wvc-button wvc-button-size-sm\" href=\"https:\/\/www.allscore.de\/shop\/produkt\/professor-van-dusen-zuernt-den-goettern-37\/\"><span>Read more<\/span><\/a><\/p>\n","protected":false},"featured_media":12572,"template":"","meta":[],"product_brand":[],"product_cat":[72,210],"product_tag":[],"class_list":{"0":"post-12570","1":"product","2":"type-product","3":"status-publish","4":"has-post-thumbnail","6":"product_cat-hoerspiele","7":"product_cat-professor-van-dusen-neue-faelle","8":"product_shipping_class-tontraeger-cd","9":"entry","10":"clearfix","11":"entry-grid","12":"entry-columns-3","13":"entry-product-module-layout-sidebar-right","14":"thumbnail-color-tone-dark","15":"entry-product","17":"entry-product-grid","19":"first","20":"instock","21":"taxable","22":"shipping-taxable","23":"purchasable","24":"product-type-simple"},"yoast_head":"<!-- This site is optimized with the Yoast SEO plugin v27.3 - https:\/\/yoast.com\/product\/yoast-seo-wordpress\/ -->\n<title>Professor van Dusen z\u00fcrnt den G\u00f6ttern (37)<\/title>\n<meta name=\"description\" content=\"Professor van Dusen z\u00fcrnt den G\u00f6ttern (37) - der neueste Fall der Denkmaschine kann ab sofort im Allscore Shop bestellt werden.\" \/>\n<meta name=\"robots\" content=\"index, follow, max-snippet:-1, max-image-preview:large, max-video-preview:-1\" \/>\n<link rel=\"canonical\" href=\"https:\/\/www.allscore.de\/shop\/produkt\/professor-van-dusen-zuernt-den-goettern-37\/\" \/>\n<meta property=\"og:locale\" content=\"de_DE\" \/>\n<meta property=\"og:type\" content=\"article\" \/>\n<meta property=\"og:title\" content=\"Professor van Dusen z\u00fcrnt den G\u00f6ttern (37)\" \/>\n<meta property=\"og:description\" content=\"Professor van Dusen z\u00fcrnt den G\u00f6ttern (37) - der neueste Fall der Denkmaschine kann ab sofort im Allscore Shop bestellt werden.\" \/>\n<meta property=\"og:url\" content=\"https:\/\/www.allscore.de\/shop\/produkt\/professor-van-dusen-zuernt-den-goettern-37\/\" \/>\n<meta property=\"og:site_name\" content=\"Allscore Shop\" \/>\n<meta property=\"article:modified_time\" content=\"2026-01-22T12:00:06+00:00\" \/>\n<meta property=\"og:image\" content=\"https:\/\/www.allscore.de\/shop\/wp-content\/uploads\/2024\/01\/PvD37_1200x1200.jpg\" \/>\n\t<meta property=\"og:image:width\" content=\"1200\" \/>\n\t<meta property=\"og:image:height\" content=\"1200\" \/>\n\t<meta property=\"og:image:type\" content=\"image\/jpeg\" \/>\n<meta name=\"twitter:card\" content=\"summary_large_image\" \/>\n<meta name=\"twitter:label1\" content=\"Gesch\u00e4tzte Lesezeit\" \/>\n\t<meta name=\"twitter:data1\" content=\"1\u00a0Minute\" \/>\n<script type=\"application\/ld+json\" class=\"yoast-schema-graph\">{\"@context\":\"https:\\\/\\\/schema.org\",\"@graph\":[{\"@type\":\"WebPage\",\"@id\":\"https:\\\/\\\/www.allscore.de\\\/shop\\\/produkt\\\/professor-van-dusen-zuernt-den-goettern-37\\\/\",\"url\":\"https:\\\/\\\/www.allscore.de\\\/shop\\\/produkt\\\/professor-van-dusen-zuernt-den-goettern-37\\\/\",\"name\":\"Professor van Dusen z\u00fcrnt den G\u00f6ttern (37)\",\"isPartOf\":{\"@id\":\"https:\\\/\\\/www.allscore.de\\\/shop\\\/#website\"},\"primaryImageOfPage\":{\"@id\":\"https:\\\/\\\/www.allscore.de\\\/shop\\\/produkt\\\/professor-van-dusen-zuernt-den-goettern-37\\\/#primaryimage\"},\"image\":{\"@id\":\"https:\\\/\\\/www.allscore.de\\\/shop\\\/produkt\\\/professor-van-dusen-zuernt-den-goettern-37\\\/#primaryimage\"},\"thumbnailUrl\":\"https:\\\/\\\/www.allscore.de\\\/shop\\\/wp-content\\\/uploads\\\/2024\\\/01\\\/PvD37_1200x1200.jpg\",\"datePublished\":\"2024-01-10T11:13:09+00:00\",\"dateModified\":\"2026-01-22T12:00:06+00:00\",\"description\":\"Professor van Dusen z\u00fcrnt den G\u00f6ttern (37) - der neueste Fall der Denkmaschine kann ab sofort im Allscore Shop bestellt werden.\",\"breadcrumb\":{\"@id\":\"https:\\\/\\\/www.allscore.de\\\/shop\\\/produkt\\\/professor-van-dusen-zuernt-den-goettern-37\\\/#breadcrumb\"},\"inLanguage\":\"de\",\"potentialAction\":[{\"@type\":\"ReadAction\",\"target\":[\"https:\\\/\\\/www.allscore.de\\\/shop\\\/produkt\\\/professor-van-dusen-zuernt-den-goettern-37\\\/\"]}]},{\"@type\":\"ImageObject\",\"inLanguage\":\"de\",\"@id\":\"https:\\\/\\\/www.allscore.de\\\/shop\\\/produkt\\\/professor-van-dusen-zuernt-den-goettern-37\\\/#primaryimage\",\"url\":\"https:\\\/\\\/www.allscore.de\\\/shop\\\/wp-content\\\/uploads\\\/2024\\\/01\\\/PvD37_1200x1200.jpg\",\"contentUrl\":\"https:\\\/\\\/www.allscore.de\\\/shop\\\/wp-content\\\/uploads\\\/2024\\\/01\\\/PvD37_1200x1200.jpg\",\"width\":1200,\"height\":1200,\"caption\":\"Professor van Dusen z\u00fcrnt den G\u00f6ttern\"},{\"@type\":\"BreadcrumbList\",\"@id\":\"https:\\\/\\\/www.allscore.de\\\/shop\\\/produkt\\\/professor-van-dusen-zuernt-den-goettern-37\\\/#breadcrumb\",\"itemListElement\":[{\"@type\":\"ListItem\",\"position\":1,\"name\":\"Startseite\",\"item\":\"https:\\\/\\\/www.allscore.de\\\/shop\\\/\"},{\"@type\":\"ListItem\",\"position\":2,\"name\":\"Produkte\",\"item\":\"https:\\\/\\\/www.allscore.de\\\/shop\\\/shop\\\/\"},{\"@type\":\"ListItem\",\"position\":3,\"name\":\"Professor van Dusen z\u00fcrnt den G\u00f6ttern (37)\"}]},{\"@type\":\"WebSite\",\"@id\":\"https:\\\/\\\/www.allscore.de\\\/shop\\\/#website\",\"url\":\"https:\\\/\\\/www.allscore.de\\\/shop\\\/\",\"name\":\"Allscore Shop\",\"description\":\"All Score Media\",\"publisher\":{\"@id\":\"https:\\\/\\\/www.allscore.de\\\/shop\\\/#organization\"},\"potentialAction\":[{\"@type\":\"SearchAction\",\"target\":{\"@type\":\"EntryPoint\",\"urlTemplate\":\"https:\\\/\\\/www.allscore.de\\\/shop\\\/?s={search_term_string}\"},\"query-input\":{\"@type\":\"PropertyValueSpecification\",\"valueRequired\":true,\"valueName\":\"search_term_string\"}}],\"inLanguage\":\"de\"},{\"@type\":\"Organization\",\"@id\":\"https:\\\/\\\/www.allscore.de\\\/shop\\\/#organization\",\"name\":\"All Score Media\",\"alternateName\":\"Allscore\",\"url\":\"https:\\\/\\\/www.allscore.de\\\/shop\\\/\",\"logo\":{\"@type\":\"ImageObject\",\"inLanguage\":\"de\",\"@id\":\"https:\\\/\\\/www.allscore.de\\\/shop\\\/#\\\/schema\\\/logo\\\/image\\\/\",\"url\":\"https:\\\/\\\/www.allscore.de\\\/shop\\\/wp-content\\\/uploads\\\/2026\\\/01\\\/Logo_Yoast_Shop_2026.png\",\"contentUrl\":\"https:\\\/\\\/www.allscore.de\\\/shop\\\/wp-content\\\/uploads\\\/2026\\\/01\\\/Logo_Yoast_Shop_2026.png\",\"width\":696,\"height\":696,\"caption\":\"All Score Media\"},\"image\":{\"@id\":\"https:\\\/\\\/www.allscore.de\\\/shop\\\/#\\\/schema\\\/logo\\\/image\\\/\"}}]}<\/script>\n<!-- \/ Yoast SEO plugin. -->","yoast_head_json":{"title":"Professor van Dusen z\u00fcrnt den G\u00f6ttern (37)","description":"Professor van Dusen z\u00fcrnt den G\u00f6ttern (37) - der neueste Fall der Denkmaschine kann ab sofort im Allscore Shop bestellt werden.","robots":{"index":"index","follow":"follow","max-snippet":"max-snippet:-1","max-image-preview":"max-image-preview:large","max-video-preview":"max-video-preview:-1"},"canonical":"https:\/\/www.allscore.de\/shop\/produkt\/professor-van-dusen-zuernt-den-goettern-37\/","og_locale":"de_DE","og_type":"article","og_title":"Professor van Dusen z\u00fcrnt den G\u00f6ttern (37)","og_description":"Professor van Dusen z\u00fcrnt den G\u00f6ttern (37) - der neueste Fall der Denkmaschine kann ab sofort im Allscore Shop bestellt werden.","og_url":"https:\/\/www.allscore.de\/shop\/produkt\/professor-van-dusen-zuernt-den-goettern-37\/","og_site_name":"Allscore Shop","article_modified_time":"2026-01-22T12:00:06+00:00","og_image":[{"width":1200,"height":1200,"url":"https:\/\/www.allscore.de\/shop\/wp-content\/uploads\/2024\/01\/PvD37_1200x1200.jpg","type":"image\/jpeg"}],"twitter_card":"summary_large_image","twitter_misc":{"Gesch\u00e4tzte Lesezeit":"1\u00a0Minute"},"schema":{"@context":"https:\/\/schema.org","@graph":[{"@type":"WebPage","@id":"https:\/\/www.allscore.de\/shop\/produkt\/professor-van-dusen-zuernt-den-goettern-37\/","url":"https:\/\/www.allscore.de\/shop\/produkt\/professor-van-dusen-zuernt-den-goettern-37\/","name":"Professor van Dusen z\u00fcrnt den G\u00f6ttern (37)","isPartOf":{"@id":"https:\/\/www.allscore.de\/shop\/#website"},"primaryImageOfPage":{"@id":"https:\/\/www.allscore.de\/shop\/produkt\/professor-van-dusen-zuernt-den-goettern-37\/#primaryimage"},"image":{"@id":"https:\/\/www.allscore.de\/shop\/produkt\/professor-van-dusen-zuernt-den-goettern-37\/#primaryimage"},"thumbnailUrl":"https:\/\/www.allscore.de\/shop\/wp-content\/uploads\/2024\/01\/PvD37_1200x1200.jpg","datePublished":"2024-01-10T11:13:09+00:00","dateModified":"2026-01-22T12:00:06+00:00","description":"Professor van Dusen z\u00fcrnt den G\u00f6ttern (37) - der neueste Fall der Denkmaschine kann ab sofort im Allscore Shop bestellt werden.","breadcrumb":{"@id":"https:\/\/www.allscore.de\/shop\/produkt\/professor-van-dusen-zuernt-den-goettern-37\/#breadcrumb"},"inLanguage":"de","potentialAction":[{"@type":"ReadAction","target":["https:\/\/www.allscore.de\/shop\/produkt\/professor-van-dusen-zuernt-den-goettern-37\/"]}]},{"@type":"ImageObject","inLanguage":"de","@id":"https:\/\/www.allscore.de\/shop\/produkt\/professor-van-dusen-zuernt-den-goettern-37\/#primaryimage","url":"https:\/\/www.allscore.de\/shop\/wp-content\/uploads\/2024\/01\/PvD37_1200x1200.jpg","contentUrl":"https:\/\/www.allscore.de\/shop\/wp-content\/uploads\/2024\/01\/PvD37_1200x1200.jpg","width":1200,"height":1200,"caption":"Professor van Dusen z\u00fcrnt den G\u00f6ttern"},{"@type":"BreadcrumbList","@id":"https:\/\/www.allscore.de\/shop\/produkt\/professor-van-dusen-zuernt-den-goettern-37\/#breadcrumb","itemListElement":[{"@type":"ListItem","position":1,"name":"Startseite","item":"https:\/\/www.allscore.de\/shop\/"},{"@type":"ListItem","position":2,"name":"Produkte","item":"https:\/\/www.allscore.de\/shop\/shop\/"},{"@type":"ListItem","position":3,"name":"Professor van Dusen z\u00fcrnt den G\u00f6ttern (37)"}]},{"@type":"WebSite","@id":"https:\/\/www.allscore.de\/shop\/#website","url":"https:\/\/www.allscore.de\/shop\/","name":"Allscore Shop","description":"All Score Media","publisher":{"@id":"https:\/\/www.allscore.de\/shop\/#organization"},"potentialAction":[{"@type":"SearchAction","target":{"@type":"EntryPoint","urlTemplate":"https:\/\/www.allscore.de\/shop\/?s={search_term_string}"},"query-input":{"@type":"PropertyValueSpecification","valueRequired":true,"valueName":"search_term_string"}}],"inLanguage":"de"},{"@type":"Organization","@id":"https:\/\/www.allscore.de\/shop\/#organization","name":"All Score Media","alternateName":"Allscore","url":"https:\/\/www.allscore.de\/shop\/","logo":{"@type":"ImageObject","inLanguage":"de","@id":"https:\/\/www.allscore.de\/shop\/#\/schema\/logo\/image\/","url":"https:\/\/www.allscore.de\/shop\/wp-content\/uploads\/2026\/01\/Logo_Yoast_Shop_2026.png","contentUrl":"https:\/\/www.allscore.de\/shop\/wp-content\/uploads\/2026\/01\/Logo_Yoast_Shop_2026.png","width":696,"height":696,"caption":"All Score Media"},"image":{"@id":"https:\/\/www.allscore.de\/shop\/#\/schema\/logo\/image\/"}}]}},"_links":{"self":[{"href":"https:\/\/www.allscore.de\/shop\/wp-json\/wp\/v2\/product\/12570","targetHints":{"allow":["GET"]}}],"collection":[{"href":"https:\/\/www.allscore.de\/shop\/wp-json\/wp\/v2\/product"}],"about":[{"href":"https:\/\/www.allscore.de\/shop\/wp-json\/wp\/v2\/types\/product"}],"wp:featuredmedia":[{"embeddable":true,"href":"https:\/\/www.allscore.de\/shop\/wp-json\/wp\/v2\/media\/12572"}],"wp:attachment":[{"href":"https:\/\/www.allscore.de\/shop\/wp-json\/wp\/v2\/media?parent=12570"}],"wp:term":[{"taxonomy":"product_brand","embeddable":true,"href":"https:\/\/www.allscore.de\/shop\/wp-json\/wp\/v2\/product_brand?post=12570"},{"taxonomy":"product_cat","embeddable":true,"href":"https:\/\/www.allscore.de\/shop\/wp-json\/wp\/v2\/product_cat?post=12570"},{"taxonomy":"product_tag","embeddable":true,"href":"https:\/\/www.allscore.de\/shop\/wp-json\/wp\/v2\/product_tag?post=12570"}],"curies":[{"name":"wp","href":"https:\/\/api.w.org\/{rel}","templated":true}]}}