{"id":12371,"date":"2023-10-23T17:50:30","date_gmt":"2023-10-23T15:50:30","guid":{"rendered":"https:\/\/www.allscore.de\/shop\/?post_type=product&#038;p=12371"},"modified":"2025-10-24T19:13:01","modified_gmt":"2025-10-24T17:13:01","slug":"sherlock-holmes-und-co-68-der-kalte-hauch-der-rache","status":"publish","type":"product","link":"https:\/\/www.allscore.de\/shop\/produkt\/sherlock-holmes-und-co-68-der-kalte-hauch-der-rache\/","title":{"rendered":"Sherlock Holmes und Co. 68: Der kalte Hauch der Rache"},"content":{"rendered":"<p>Sherlock Holmes und Co. 68: Der kalte Hauch der Rache<\/p>\n<p>Geoffrey Stafford erlebt den schlimmsten Alptraum. Seine Frau Gwen wird tot aus der Themse gefischt und ein Abschiedsbrief gefunden! Geoffrey kann nicht glauben, dass Gwen sich selbst das Leben genommen hat, aber wer ist dann daf\u00fcr verantwortlich? Inspector Cross und Mycroft Holmes versuchen beide, den verzweifelten Witwer von einem un\u00fcberlegten Rachefeldzug abzuhalten. Eine Spur f\u00fchrt ins Russenviertel Londons. Dort muss sich Geoffrey einem Gegner stellen, dem er haushoch unterlegen ist&#8230;<\/p>\n<p>Autor:<br \/>\nMarkus Duschek<\/p>\n<p>Sprecher:<br \/>\nGeoffrey Stafford: Bj\u00f6rn Schalla<br \/>\nInspektor Cross: Rainer Fritzsche<br \/>\nMycroft Holmes: Reent Reins<br \/>\nGwen: Mia Diekow<br \/>\nDr. Hoffman: Hans-J\u00fcrgen Dittberner<br \/>\nRasputin: Tetje Mierendorf<br \/>\nLudmilla Ivanova: Liane Rudolph<br \/>\nPolizist: Tim Knauer<br \/>\nAnatoli: Oliver Stritzel<br \/>\nYuri: Erich R\u00e4uker<br \/>\nTimmons: Robert Louis Griesbach<br \/>\nMetzger: Reinhard Scheunemann<br \/>\nTeeverk\u00e4ufer: Mario Klischies<br \/>\nMarktverk\u00e4ufer: Peter Sura<br \/>\nAnsage: Lutz Mackensy<\/p>\n","protected":false},"excerpt":{"rendered":"<p>Sherlock Holmes und Co. 68: Der kalte Hauch der Rache Geoffrey Stafford erlebt den schlimmsten Alptraum. Seine Frau Gwen wird tot aus der Themse gefischt und ein Abschiedsbrief gefunden! Geoffrey kann nicht glauben, dass Gwen sich selbst das Leben genommen hat, aber wer ist dann daf\u00fcr verantwortlich? Inspector Cross und Mycroft Holmes versuchen beide, den&#8230;<\/p>\n<p><a rel=\"bookmark\" class=\"vonzot-button-simple wvc-button wvc-button-size-sm\" href=\"https:\/\/www.allscore.de\/shop\/produkt\/sherlock-holmes-und-co-68-der-kalte-hauch-der-rache\/\"><span>Read more<\/span><\/a><\/p>\n","protected":false},"featured_media":12377,"template":"","meta":[],"product_brand":[],"product_cat":[72,424],"product_tag":[],"class_list":{"0":"post-12371","1":"product","2":"type-product","3":"status-publish","4":"has-post-thumbnail","6":"product_cat-hoerspiele","7":"product_cat-sherlock-holmes-und-co","8":"product_shipping_class-tontraeger-cd","9":"entry","10":"clearfix","11":"entry-grid","12":"entry-columns-3","13":"entry-product-module-layout-sidebar-right","14":"thumbnail-color-tone-dark","15":"entry-product","17":"entry-product-grid","19":"first","20":"instock","21":"taxable","22":"shipping-taxable","23":"purchasable","24":"product-type-simple"},"yoast_head":"<!-- This site is optimized with the Yoast SEO plugin v27.3 - https:\/\/yoast.com\/product\/yoast-seo-wordpress\/ -->\n<title>Sherlock Holmes und Co. 68: Der kalte Hauch der Rache<\/title>\n<meta name=\"description\" content=\"Sherlock Holmes und Co. 68: Der kalte Hauch der Rache Geoffrey Stafford erlebt den schlimmsten Alptraum. Seine Frau Gwen wird tot aus der Themse gefischt\" \/>\n<meta name=\"robots\" content=\"index, follow, max-snippet:-1, max-image-preview:large, max-video-preview:-1\" \/>\n<link rel=\"canonical\" href=\"https:\/\/www.allscore.de\/shop\/produkt\/sherlock-holmes-und-co-68-der-kalte-hauch-der-rache\/\" \/>\n<meta property=\"og:locale\" content=\"de_DE\" \/>\n<meta property=\"og:type\" content=\"article\" \/>\n<meta property=\"og:title\" content=\"Sherlock Holmes und Co. 68: Der kalte Hauch der Rache\" \/>\n<meta property=\"og:description\" content=\"Sherlock Holmes und Co. 68: Der kalte Hauch der Rache Geoffrey Stafford erlebt den schlimmsten Alptraum. Seine Frau Gwen wird tot aus der Themse gefischt\" \/>\n<meta property=\"og:url\" content=\"https:\/\/www.allscore.de\/shop\/produkt\/sherlock-holmes-und-co-68-der-kalte-hauch-der-rache\/\" \/>\n<meta property=\"og:site_name\" content=\"Allscore Shop\" \/>\n<meta property=\"article:modified_time\" content=\"2025-10-24T17:13:01+00:00\" \/>\n<meta property=\"og:image\" content=\"https:\/\/www.allscore.de\/shop\/wp-content\/uploads\/2023\/10\/SHCo68_1200px.jpg\" \/>\n\t<meta property=\"og:image:width\" content=\"1200\" \/>\n\t<meta property=\"og:image:height\" content=\"1200\" \/>\n\t<meta property=\"og:image:type\" content=\"image\/jpeg\" \/>\n<meta name=\"twitter:card\" content=\"summary_large_image\" \/>\n<meta name=\"twitter:label1\" content=\"Gesch\u00e4tzte Lesezeit\" \/>\n\t<meta name=\"twitter:data1\" content=\"1\u00a0Minute\" \/>\n<script type=\"application\/ld+json\" class=\"yoast-schema-graph\">{\"@context\":\"https:\\\/\\\/schema.org\",\"@graph\":[{\"@type\":\"WebPage\",\"@id\":\"https:\\\/\\\/www.allscore.de\\\/shop\\\/produkt\\\/sherlock-holmes-und-co-68-der-kalte-hauch-der-rache\\\/\",\"url\":\"https:\\\/\\\/www.allscore.de\\\/shop\\\/produkt\\\/sherlock-holmes-und-co-68-der-kalte-hauch-der-rache\\\/\",\"name\":\"Sherlock Holmes und Co. 68: Der kalte Hauch der Rache\",\"isPartOf\":{\"@id\":\"https:\\\/\\\/www.allscore.de\\\/shop\\\/#website\"},\"primaryImageOfPage\":{\"@id\":\"https:\\\/\\\/www.allscore.de\\\/shop\\\/produkt\\\/sherlock-holmes-und-co-68-der-kalte-hauch-der-rache\\\/#primaryimage\"},\"image\":{\"@id\":\"https:\\\/\\\/www.allscore.de\\\/shop\\\/produkt\\\/sherlock-holmes-und-co-68-der-kalte-hauch-der-rache\\\/#primaryimage\"},\"thumbnailUrl\":\"https:\\\/\\\/www.allscore.de\\\/shop\\\/wp-content\\\/uploads\\\/2023\\\/10\\\/SHCo68_1200px.jpg\",\"datePublished\":\"2023-10-23T15:50:30+00:00\",\"dateModified\":\"2025-10-24T17:13:01+00:00\",\"description\":\"Sherlock Holmes und Co. 68: Der kalte Hauch der Rache Geoffrey Stafford erlebt den schlimmsten Alptraum. Seine Frau Gwen wird tot aus der Themse gefischt\",\"breadcrumb\":{\"@id\":\"https:\\\/\\\/www.allscore.de\\\/shop\\\/produkt\\\/sherlock-holmes-und-co-68-der-kalte-hauch-der-rache\\\/#breadcrumb\"},\"inLanguage\":\"de\",\"potentialAction\":[{\"@type\":\"ReadAction\",\"target\":[\"https:\\\/\\\/www.allscore.de\\\/shop\\\/produkt\\\/sherlock-holmes-und-co-68-der-kalte-hauch-der-rache\\\/\"]}]},{\"@type\":\"ImageObject\",\"inLanguage\":\"de\",\"@id\":\"https:\\\/\\\/www.allscore.de\\\/shop\\\/produkt\\\/sherlock-holmes-und-co-68-der-kalte-hauch-der-rache\\\/#primaryimage\",\"url\":\"https:\\\/\\\/www.allscore.de\\\/shop\\\/wp-content\\\/uploads\\\/2023\\\/10\\\/SHCo68_1200px.jpg\",\"contentUrl\":\"https:\\\/\\\/www.allscore.de\\\/shop\\\/wp-content\\\/uploads\\\/2023\\\/10\\\/SHCo68_1200px.jpg\",\"width\":1200,\"height\":1200,\"caption\":\"Sherlock Holmes & Co. 68\"},{\"@type\":\"BreadcrumbList\",\"@id\":\"https:\\\/\\\/www.allscore.de\\\/shop\\\/produkt\\\/sherlock-holmes-und-co-68-der-kalte-hauch-der-rache\\\/#breadcrumb\",\"itemListElement\":[{\"@type\":\"ListItem\",\"position\":1,\"name\":\"Startseite\",\"item\":\"https:\\\/\\\/www.allscore.de\\\/shop\\\/\"},{\"@type\":\"ListItem\",\"position\":2,\"name\":\"Produkte\",\"item\":\"https:\\\/\\\/www.allscore.de\\\/shop\\\/shop\\\/\"},{\"@type\":\"ListItem\",\"position\":3,\"name\":\"Sherlock Holmes und Co. 68: Der kalte Hauch der Rache\"}]},{\"@type\":\"WebSite\",\"@id\":\"https:\\\/\\\/www.allscore.de\\\/shop\\\/#website\",\"url\":\"https:\\\/\\\/www.allscore.de\\\/shop\\\/\",\"name\":\"Allscore Shop\",\"description\":\"All Score Media\",\"publisher\":{\"@id\":\"https:\\\/\\\/www.allscore.de\\\/shop\\\/#organization\"},\"potentialAction\":[{\"@type\":\"SearchAction\",\"target\":{\"@type\":\"EntryPoint\",\"urlTemplate\":\"https:\\\/\\\/www.allscore.de\\\/shop\\\/?s={search_term_string}\"},\"query-input\":{\"@type\":\"PropertyValueSpecification\",\"valueRequired\":true,\"valueName\":\"search_term_string\"}}],\"inLanguage\":\"de\"},{\"@type\":\"Organization\",\"@id\":\"https:\\\/\\\/www.allscore.de\\\/shop\\\/#organization\",\"name\":\"All Score Media\",\"alternateName\":\"Allscore\",\"url\":\"https:\\\/\\\/www.allscore.de\\\/shop\\\/\",\"logo\":{\"@type\":\"ImageObject\",\"inLanguage\":\"de\",\"@id\":\"https:\\\/\\\/www.allscore.de\\\/shop\\\/#\\\/schema\\\/logo\\\/image\\\/\",\"url\":\"https:\\\/\\\/www.allscore.de\\\/shop\\\/wp-content\\\/uploads\\\/2026\\\/01\\\/Logo_Yoast_Shop_2026.png\",\"contentUrl\":\"https:\\\/\\\/www.allscore.de\\\/shop\\\/wp-content\\\/uploads\\\/2026\\\/01\\\/Logo_Yoast_Shop_2026.png\",\"width\":696,\"height\":696,\"caption\":\"All Score Media\"},\"image\":{\"@id\":\"https:\\\/\\\/www.allscore.de\\\/shop\\\/#\\\/schema\\\/logo\\\/image\\\/\"}}]}<\/script>\n<!-- \/ Yoast SEO plugin. -->","yoast_head_json":{"title":"Sherlock Holmes und Co. 68: Der kalte Hauch der Rache","description":"Sherlock Holmes und Co. 68: Der kalte Hauch der Rache Geoffrey Stafford erlebt den schlimmsten Alptraum. Seine Frau Gwen wird tot aus der Themse gefischt","robots":{"index":"index","follow":"follow","max-snippet":"max-snippet:-1","max-image-preview":"max-image-preview:large","max-video-preview":"max-video-preview:-1"},"canonical":"https:\/\/www.allscore.de\/shop\/produkt\/sherlock-holmes-und-co-68-der-kalte-hauch-der-rache\/","og_locale":"de_DE","og_type":"article","og_title":"Sherlock Holmes und Co. 68: Der kalte Hauch der Rache","og_description":"Sherlock Holmes und Co. 68: Der kalte Hauch der Rache Geoffrey Stafford erlebt den schlimmsten Alptraum. Seine Frau Gwen wird tot aus der Themse gefischt","og_url":"https:\/\/www.allscore.de\/shop\/produkt\/sherlock-holmes-und-co-68-der-kalte-hauch-der-rache\/","og_site_name":"Allscore Shop","article_modified_time":"2025-10-24T17:13:01+00:00","og_image":[{"width":1200,"height":1200,"url":"https:\/\/www.allscore.de\/shop\/wp-content\/uploads\/2023\/10\/SHCo68_1200px.jpg","type":"image\/jpeg"}],"twitter_card":"summary_large_image","twitter_misc":{"Gesch\u00e4tzte Lesezeit":"1\u00a0Minute"},"schema":{"@context":"https:\/\/schema.org","@graph":[{"@type":"WebPage","@id":"https:\/\/www.allscore.de\/shop\/produkt\/sherlock-holmes-und-co-68-der-kalte-hauch-der-rache\/","url":"https:\/\/www.allscore.de\/shop\/produkt\/sherlock-holmes-und-co-68-der-kalte-hauch-der-rache\/","name":"Sherlock Holmes und Co. 68: Der kalte Hauch der Rache","isPartOf":{"@id":"https:\/\/www.allscore.de\/shop\/#website"},"primaryImageOfPage":{"@id":"https:\/\/www.allscore.de\/shop\/produkt\/sherlock-holmes-und-co-68-der-kalte-hauch-der-rache\/#primaryimage"},"image":{"@id":"https:\/\/www.allscore.de\/shop\/produkt\/sherlock-holmes-und-co-68-der-kalte-hauch-der-rache\/#primaryimage"},"thumbnailUrl":"https:\/\/www.allscore.de\/shop\/wp-content\/uploads\/2023\/10\/SHCo68_1200px.jpg","datePublished":"2023-10-23T15:50:30+00:00","dateModified":"2025-10-24T17:13:01+00:00","description":"Sherlock Holmes und Co. 68: Der kalte Hauch der Rache Geoffrey Stafford erlebt den schlimmsten Alptraum. Seine Frau Gwen wird tot aus der Themse gefischt","breadcrumb":{"@id":"https:\/\/www.allscore.de\/shop\/produkt\/sherlock-holmes-und-co-68-der-kalte-hauch-der-rache\/#breadcrumb"},"inLanguage":"de","potentialAction":[{"@type":"ReadAction","target":["https:\/\/www.allscore.de\/shop\/produkt\/sherlock-holmes-und-co-68-der-kalte-hauch-der-rache\/"]}]},{"@type":"ImageObject","inLanguage":"de","@id":"https:\/\/www.allscore.de\/shop\/produkt\/sherlock-holmes-und-co-68-der-kalte-hauch-der-rache\/#primaryimage","url":"https:\/\/www.allscore.de\/shop\/wp-content\/uploads\/2023\/10\/SHCo68_1200px.jpg","contentUrl":"https:\/\/www.allscore.de\/shop\/wp-content\/uploads\/2023\/10\/SHCo68_1200px.jpg","width":1200,"height":1200,"caption":"Sherlock Holmes & Co. 68"},{"@type":"BreadcrumbList","@id":"https:\/\/www.allscore.de\/shop\/produkt\/sherlock-holmes-und-co-68-der-kalte-hauch-der-rache\/#breadcrumb","itemListElement":[{"@type":"ListItem","position":1,"name":"Startseite","item":"https:\/\/www.allscore.de\/shop\/"},{"@type":"ListItem","position":2,"name":"Produkte","item":"https:\/\/www.allscore.de\/shop\/shop\/"},{"@type":"ListItem","position":3,"name":"Sherlock Holmes und Co. 68: Der kalte Hauch der Rache"}]},{"@type":"WebSite","@id":"https:\/\/www.allscore.de\/shop\/#website","url":"https:\/\/www.allscore.de\/shop\/","name":"Allscore Shop","description":"All Score Media","publisher":{"@id":"https:\/\/www.allscore.de\/shop\/#organization"},"potentialAction":[{"@type":"SearchAction","target":{"@type":"EntryPoint","urlTemplate":"https:\/\/www.allscore.de\/shop\/?s={search_term_string}"},"query-input":{"@type":"PropertyValueSpecification","valueRequired":true,"valueName":"search_term_string"}}],"inLanguage":"de"},{"@type":"Organization","@id":"https:\/\/www.allscore.de\/shop\/#organization","name":"All Score Media","alternateName":"Allscore","url":"https:\/\/www.allscore.de\/shop\/","logo":{"@type":"ImageObject","inLanguage":"de","@id":"https:\/\/www.allscore.de\/shop\/#\/schema\/logo\/image\/","url":"https:\/\/www.allscore.de\/shop\/wp-content\/uploads\/2026\/01\/Logo_Yoast_Shop_2026.png","contentUrl":"https:\/\/www.allscore.de\/shop\/wp-content\/uploads\/2026\/01\/Logo_Yoast_Shop_2026.png","width":696,"height":696,"caption":"All Score Media"},"image":{"@id":"https:\/\/www.allscore.de\/shop\/#\/schema\/logo\/image\/"}}]}},"_links":{"self":[{"href":"https:\/\/www.allscore.de\/shop\/wp-json\/wp\/v2\/product\/12371","targetHints":{"allow":["GET"]}}],"collection":[{"href":"https:\/\/www.allscore.de\/shop\/wp-json\/wp\/v2\/product"}],"about":[{"href":"https:\/\/www.allscore.de\/shop\/wp-json\/wp\/v2\/types\/product"}],"wp:featuredmedia":[{"embeddable":true,"href":"https:\/\/www.allscore.de\/shop\/wp-json\/wp\/v2\/media\/12377"}],"wp:attachment":[{"href":"https:\/\/www.allscore.de\/shop\/wp-json\/wp\/v2\/media?parent=12371"}],"wp:term":[{"taxonomy":"product_brand","embeddable":true,"href":"https:\/\/www.allscore.de\/shop\/wp-json\/wp\/v2\/product_brand?post=12371"},{"taxonomy":"product_cat","embeddable":true,"href":"https:\/\/www.allscore.de\/shop\/wp-json\/wp\/v2\/product_cat?post=12371"},{"taxonomy":"product_tag","embeddable":true,"href":"https:\/\/www.allscore.de\/shop\/wp-json\/wp\/v2\/product_tag?post=12371"}],"curies":[{"name":"wp","href":"https:\/\/api.w.org\/{rel}","templated":true}]}}