{"id":12192,"date":"2023-08-11T12:11:07","date_gmt":"2023-08-11T10:11:07","guid":{"rendered":"https:\/\/www.allscore.de\/shop\/?post_type=product&#038;p=12192"},"modified":"2025-12-18T09:24:13","modified_gmt":"2025-12-18T08:24:13","slug":"croon-a-roma","status":"publish","type":"product","link":"https:\/\/www.allscore.de\/shop\/produkt\/croon-a-roma\/","title":{"rendered":"Croon-a-Roma"},"content":{"rendered":"<p>Croon-a-Roma<br \/>\nRare Sentimental Vocal Tracks from Italian 60s and 70s Movies<\/p>\n<p>Hier geht es um waschechte Crooner, also Entertainer zwischen Schmalz und Sentiment. Bei den vorgestellten S\u00e4ngern und S\u00e4ngerinnen handelt es sich gr\u00f6\u00dftenteils um unbekannte K\u00fcnstler, die sonst hinter den Komponistennamen (hier z.B.: Francesco De Masi, Nico Fidenco oder Stelvio Cipriani) oder Filmtiteln (wie: &#8222;F\u00fcr ein paar Leichen mehr&#8220;, &#8222;Nackt unter Kannibalen&#8220; oder &#8222;Ein Mann f\u00fcr eine Nacht&#8220;) zur\u00fcckstehen m\u00fcssen. Zudem ist diese CD eine Verneigung vor dem r\u00f6mischen Label Beat Records, das seit den 60er Jahren unz\u00e4hlige Soundtracks und die Solo-Werke der mitwirkenden K\u00fcnstler ver\u00f6ffentlicht.<\/p>\n<p>PRESSE<br \/>\nepd film [8\/04]: &#8222;Sch\u00f6ner und eing\u00e4ngiger kann Italo-Pop nicht sein.[\u2026]Die musikalischen Sch\u00e4tze, die das italienische Unterhaltungskino der sechziger und siebziger Jahre offeriert, scheinen unersch\u00f6pflich zu sein&#8220;<br \/>\nS\u00fcdwest Presse [14\/11\/02]: &#8222;\u2026hier gibt&#8217;s s\u00fcffige Sixties-Canzoni, samtige Ennio Morricone-Verschnitte und gediegenes Easy-Listening.&#8220;<br \/>\nPlayer [2\/03]: &#8222;Fast glaubt man, beim H\u00f6ren die schwarzhaarigen Sch\u00f6nheiten am Strand auf und ab promenieren zu sehen \u2026 eine erfrischende Reise ins Filmitalien der 60er und 70er.&#8220;<br \/>\n[Lift 1\/03]: &#8222;\u2026jeder Track ist mehr als nur Sound und Score, nein, es sind echte Lieder\u2026&#8220;<\/p>\n","protected":false},"excerpt":{"rendered":"<p>Lagerfund: L\u00e4ngst vergriffene CD aus dem Jahr 2002. Ein paar wenige rare, original-eingeschwei\u00dfte CDs stehen nun hier zum Verkauf.<\/p>\n","protected":false},"featured_media":12194,"template":"","meta":[],"product_brand":[],"product_cat":[49,620,428,105,153,389,149],"product_tag":[569,570,108,107],"class_list":{"0":"post-12192","1":"product","2":"type-product","3":"status-publish","4":"has-post-thumbnail","6":"product_cat-bands","7":"product_cat-italienische-filmmusik","8":"product_cat-raritaeten","9":"product_cat-soundtracks","10":"product_cat-specials","11":"product_cat-various-artists","12":"product_cat-western","13":"product_tag-canzone","14":"product_tag-crooner","15":"product_tag-soundtracks","16":"product_tag-western","17":"product_shipping_class-tontraeger-cd","18":"entry","19":"clearfix","20":"entry-grid","21":"entry-columns-3","22":"entry-product-module-layout-sidebar-right","23":"thumbnail-color-tone-dark","24":"entry-product","26":"entry-product-grid","28":"first","29":"instock","30":"taxable","31":"shipping-taxable","32":"purchasable","33":"product-type-simple"},"yoast_head":"<!-- This site is optimized with the Yoast SEO plugin v27.4 - https:\/\/yoast.com\/product\/yoast-seo-wordpress\/ -->\n<title>Croon-a-Roma (Sentimental Vocal Tracks from Italian Movies)<\/title>\n<meta name=\"description\" content=\"Lagerfund: L\u00e4ngst vergriffene CD aus dem Jahr 2002. Ein paar wenige rare, original-eingeschwei\u00dfte CDs stehen nun hier zum Verkauf.\" \/>\n<meta name=\"robots\" content=\"index, follow, max-snippet:-1, max-image-preview:large, max-video-preview:-1\" \/>\n<link rel=\"canonical\" href=\"https:\/\/www.allscore.de\/shop\/produkt\/croon-a-roma\/\" \/>\n<meta property=\"og:locale\" content=\"de_DE\" \/>\n<meta property=\"og:type\" content=\"article\" \/>\n<meta property=\"og:title\" content=\"Croon-a-Roma\" \/>\n<meta property=\"og:description\" content=\"Rare Sentimental Vocal Tracks from Italian 60s and 70s Movies\" \/>\n<meta property=\"og:url\" content=\"https:\/\/www.allscore.de\/shop\/produkt\/croon-a-roma\/\" \/>\n<meta property=\"og:site_name\" content=\"Allscore Shop\" \/>\n<meta property=\"article:modified_time\" content=\"2025-12-18T08:24:13+00:00\" \/>\n<meta property=\"og:image\" content=\"https:\/\/www.allscore.de\/shop\/wp-content\/uploads\/2023\/08\/ASM013_1200x1200.jpg\" \/>\n\t<meta property=\"og:image:width\" content=\"1200\" \/>\n\t<meta property=\"og:image:height\" content=\"1200\" \/>\n\t<meta property=\"og:image:type\" content=\"image\/jpeg\" \/>\n<meta name=\"twitter:card\" content=\"summary_large_image\" \/>\n<meta name=\"twitter:label1\" content=\"Gesch\u00e4tzte Lesezeit\" \/>\n\t<meta name=\"twitter:data1\" content=\"1\u00a0Minute\" \/>\n<script type=\"application\/ld+json\" class=\"yoast-schema-graph\">{\"@context\":\"https:\\\/\\\/schema.org\",\"@graph\":[{\"@type\":\"WebPage\",\"@id\":\"https:\\\/\\\/www.allscore.de\\\/shop\\\/produkt\\\/croon-a-roma\\\/\",\"url\":\"https:\\\/\\\/www.allscore.de\\\/shop\\\/produkt\\\/croon-a-roma\\\/\",\"name\":\"Croon-a-Roma (Sentimental Vocal Tracks from Italian Movies)\",\"isPartOf\":{\"@id\":\"https:\\\/\\\/www.allscore.de\\\/shop\\\/#website\"},\"primaryImageOfPage\":{\"@id\":\"https:\\\/\\\/www.allscore.de\\\/shop\\\/produkt\\\/croon-a-roma\\\/#primaryimage\"},\"image\":{\"@id\":\"https:\\\/\\\/www.allscore.de\\\/shop\\\/produkt\\\/croon-a-roma\\\/#primaryimage\"},\"thumbnailUrl\":\"https:\\\/\\\/www.allscore.de\\\/shop\\\/wp-content\\\/uploads\\\/2023\\\/08\\\/ASM013_1200x1200.jpg\",\"datePublished\":\"2023-08-11T10:11:07+00:00\",\"dateModified\":\"2025-12-18T08:24:13+00:00\",\"description\":\"Lagerfund: L\u00e4ngst vergriffene CD aus dem Jahr 2002. Ein paar wenige rare, original-eingeschwei\u00dfte CDs stehen nun hier zum Verkauf.\",\"breadcrumb\":{\"@id\":\"https:\\\/\\\/www.allscore.de\\\/shop\\\/produkt\\\/croon-a-roma\\\/#breadcrumb\"},\"inLanguage\":\"de\",\"potentialAction\":[{\"@type\":\"ReadAction\",\"target\":[\"https:\\\/\\\/www.allscore.de\\\/shop\\\/produkt\\\/croon-a-roma\\\/\"]}]},{\"@type\":\"ImageObject\",\"inLanguage\":\"de\",\"@id\":\"https:\\\/\\\/www.allscore.de\\\/shop\\\/produkt\\\/croon-a-roma\\\/#primaryimage\",\"url\":\"https:\\\/\\\/www.allscore.de\\\/shop\\\/wp-content\\\/uploads\\\/2023\\\/08\\\/ASM013_1200x1200.jpg\",\"contentUrl\":\"https:\\\/\\\/www.allscore.de\\\/shop\\\/wp-content\\\/uploads\\\/2023\\\/08\\\/ASM013_1200x1200.jpg\",\"width\":1200,\"height\":1200,\"caption\":\"Croon-a-Roma\"},{\"@type\":\"BreadcrumbList\",\"@id\":\"https:\\\/\\\/www.allscore.de\\\/shop\\\/produkt\\\/croon-a-roma\\\/#breadcrumb\",\"itemListElement\":[{\"@type\":\"ListItem\",\"position\":1,\"name\":\"Startseite\",\"item\":\"https:\\\/\\\/www.allscore.de\\\/shop\\\/\"},{\"@type\":\"ListItem\",\"position\":2,\"name\":\"Produkte\",\"item\":\"https:\\\/\\\/www.allscore.de\\\/shop\\\/shop\\\/\"},{\"@type\":\"ListItem\",\"position\":3,\"name\":\"Croon-a-Roma\"}]},{\"@type\":\"WebSite\",\"@id\":\"https:\\\/\\\/www.allscore.de\\\/shop\\\/#website\",\"url\":\"https:\\\/\\\/www.allscore.de\\\/shop\\\/\",\"name\":\"Allscore Shop\",\"description\":\"All Score Media\",\"publisher\":{\"@id\":\"https:\\\/\\\/www.allscore.de\\\/shop\\\/#organization\"},\"potentialAction\":[{\"@type\":\"SearchAction\",\"target\":{\"@type\":\"EntryPoint\",\"urlTemplate\":\"https:\\\/\\\/www.allscore.de\\\/shop\\\/?s={search_term_string}\"},\"query-input\":{\"@type\":\"PropertyValueSpecification\",\"valueRequired\":true,\"valueName\":\"search_term_string\"}}],\"inLanguage\":\"de\"},{\"@type\":\"Organization\",\"@id\":\"https:\\\/\\\/www.allscore.de\\\/shop\\\/#organization\",\"name\":\"All Score Media\",\"alternateName\":\"Allscore\",\"url\":\"https:\\\/\\\/www.allscore.de\\\/shop\\\/\",\"logo\":{\"@type\":\"ImageObject\",\"inLanguage\":\"de\",\"@id\":\"https:\\\/\\\/www.allscore.de\\\/shop\\\/#\\\/schema\\\/logo\\\/image\\\/\",\"url\":\"https:\\\/\\\/www.allscore.de\\\/shop\\\/wp-content\\\/uploads\\\/2026\\\/01\\\/Logo_Yoast_Shop_2026.png\",\"contentUrl\":\"https:\\\/\\\/www.allscore.de\\\/shop\\\/wp-content\\\/uploads\\\/2026\\\/01\\\/Logo_Yoast_Shop_2026.png\",\"width\":696,\"height\":696,\"caption\":\"All Score Media\"},\"image\":{\"@id\":\"https:\\\/\\\/www.allscore.de\\\/shop\\\/#\\\/schema\\\/logo\\\/image\\\/\"}}]}<\/script>\n<!-- \/ Yoast SEO plugin. -->","yoast_head_json":{"title":"Croon-a-Roma (Sentimental Vocal Tracks from Italian Movies)","description":"Lagerfund: L\u00e4ngst vergriffene CD aus dem Jahr 2002. Ein paar wenige rare, original-eingeschwei\u00dfte CDs stehen nun hier zum Verkauf.","robots":{"index":"index","follow":"follow","max-snippet":"max-snippet:-1","max-image-preview":"max-image-preview:large","max-video-preview":"max-video-preview:-1"},"canonical":"https:\/\/www.allscore.de\/shop\/produkt\/croon-a-roma\/","og_locale":"de_DE","og_type":"article","og_title":"Croon-a-Roma","og_description":"Rare Sentimental Vocal Tracks from Italian 60s and 70s Movies","og_url":"https:\/\/www.allscore.de\/shop\/produkt\/croon-a-roma\/","og_site_name":"Allscore Shop","article_modified_time":"2025-12-18T08:24:13+00:00","og_image":[{"width":1200,"height":1200,"url":"https:\/\/www.allscore.de\/shop\/wp-content\/uploads\/2023\/08\/ASM013_1200x1200.jpg","type":"image\/jpeg"}],"twitter_card":"summary_large_image","twitter_misc":{"Gesch\u00e4tzte Lesezeit":"1\u00a0Minute"},"schema":{"@context":"https:\/\/schema.org","@graph":[{"@type":"WebPage","@id":"https:\/\/www.allscore.de\/shop\/produkt\/croon-a-roma\/","url":"https:\/\/www.allscore.de\/shop\/produkt\/croon-a-roma\/","name":"Croon-a-Roma (Sentimental Vocal Tracks from Italian Movies)","isPartOf":{"@id":"https:\/\/www.allscore.de\/shop\/#website"},"primaryImageOfPage":{"@id":"https:\/\/www.allscore.de\/shop\/produkt\/croon-a-roma\/#primaryimage"},"image":{"@id":"https:\/\/www.allscore.de\/shop\/produkt\/croon-a-roma\/#primaryimage"},"thumbnailUrl":"https:\/\/www.allscore.de\/shop\/wp-content\/uploads\/2023\/08\/ASM013_1200x1200.jpg","datePublished":"2023-08-11T10:11:07+00:00","dateModified":"2025-12-18T08:24:13+00:00","description":"Lagerfund: L\u00e4ngst vergriffene CD aus dem Jahr 2002. Ein paar wenige rare, original-eingeschwei\u00dfte CDs stehen nun hier zum Verkauf.","breadcrumb":{"@id":"https:\/\/www.allscore.de\/shop\/produkt\/croon-a-roma\/#breadcrumb"},"inLanguage":"de","potentialAction":[{"@type":"ReadAction","target":["https:\/\/www.allscore.de\/shop\/produkt\/croon-a-roma\/"]}]},{"@type":"ImageObject","inLanguage":"de","@id":"https:\/\/www.allscore.de\/shop\/produkt\/croon-a-roma\/#primaryimage","url":"https:\/\/www.allscore.de\/shop\/wp-content\/uploads\/2023\/08\/ASM013_1200x1200.jpg","contentUrl":"https:\/\/www.allscore.de\/shop\/wp-content\/uploads\/2023\/08\/ASM013_1200x1200.jpg","width":1200,"height":1200,"caption":"Croon-a-Roma"},{"@type":"BreadcrumbList","@id":"https:\/\/www.allscore.de\/shop\/produkt\/croon-a-roma\/#breadcrumb","itemListElement":[{"@type":"ListItem","position":1,"name":"Startseite","item":"https:\/\/www.allscore.de\/shop\/"},{"@type":"ListItem","position":2,"name":"Produkte","item":"https:\/\/www.allscore.de\/shop\/shop\/"},{"@type":"ListItem","position":3,"name":"Croon-a-Roma"}]},{"@type":"WebSite","@id":"https:\/\/www.allscore.de\/shop\/#website","url":"https:\/\/www.allscore.de\/shop\/","name":"Allscore Shop","description":"All Score Media","publisher":{"@id":"https:\/\/www.allscore.de\/shop\/#organization"},"potentialAction":[{"@type":"SearchAction","target":{"@type":"EntryPoint","urlTemplate":"https:\/\/www.allscore.de\/shop\/?s={search_term_string}"},"query-input":{"@type":"PropertyValueSpecification","valueRequired":true,"valueName":"search_term_string"}}],"inLanguage":"de"},{"@type":"Organization","@id":"https:\/\/www.allscore.de\/shop\/#organization","name":"All Score Media","alternateName":"Allscore","url":"https:\/\/www.allscore.de\/shop\/","logo":{"@type":"ImageObject","inLanguage":"de","@id":"https:\/\/www.allscore.de\/shop\/#\/schema\/logo\/image\/","url":"https:\/\/www.allscore.de\/shop\/wp-content\/uploads\/2026\/01\/Logo_Yoast_Shop_2026.png","contentUrl":"https:\/\/www.allscore.de\/shop\/wp-content\/uploads\/2026\/01\/Logo_Yoast_Shop_2026.png","width":696,"height":696,"caption":"All Score Media"},"image":{"@id":"https:\/\/www.allscore.de\/shop\/#\/schema\/logo\/image\/"}}]}},"_links":{"self":[{"href":"https:\/\/www.allscore.de\/shop\/wp-json\/wp\/v2\/product\/12192","targetHints":{"allow":["GET"]}}],"collection":[{"href":"https:\/\/www.allscore.de\/shop\/wp-json\/wp\/v2\/product"}],"about":[{"href":"https:\/\/www.allscore.de\/shop\/wp-json\/wp\/v2\/types\/product"}],"wp:featuredmedia":[{"embeddable":true,"href":"https:\/\/www.allscore.de\/shop\/wp-json\/wp\/v2\/media\/12194"}],"wp:attachment":[{"href":"https:\/\/www.allscore.de\/shop\/wp-json\/wp\/v2\/media?parent=12192"}],"wp:term":[{"taxonomy":"product_brand","embeddable":true,"href":"https:\/\/www.allscore.de\/shop\/wp-json\/wp\/v2\/product_brand?post=12192"},{"taxonomy":"product_cat","embeddable":true,"href":"https:\/\/www.allscore.de\/shop\/wp-json\/wp\/v2\/product_cat?post=12192"},{"taxonomy":"product_tag","embeddable":true,"href":"https:\/\/www.allscore.de\/shop\/wp-json\/wp\/v2\/product_tag?post=12192"}],"curies":[{"name":"wp","href":"https:\/\/api.w.org\/{rel}","templated":true}]}}