{"id":11747,"date":"2023-01-19T11:27:13","date_gmt":"2023-01-19T10:27:13","guid":{"rendered":"https:\/\/www.allscore.de\/shop\/?post_type=product&#038;p=11747"},"modified":"2026-04-11T10:21:20","modified_gmt":"2026-04-11T08:21:20","slug":"peter-thomas-steiner-das-eiserne-kreuz-2-cd","status":"publish","type":"product","link":"https:\/\/www.allscore.de\/shop\/produkt\/peter-thomas-steiner-das-eiserne-kreuz-2-cd\/","title":{"rendered":"Peter Thomas Sound Orchester &#8211; Steiner-Das Eiserne Kreuz 2 (CD)"},"content":{"rendered":"<p><em>Steiner &#8211; Das Eiserne Kreuz, Teil 2<\/em> (aka: <em>Breakthrough<\/em>) ist eine Deutsch-Britische Filmproduktion aus dem Jahr 1979, hochkar\u00e4tig besetzt mit Richard Burton, Robert Mitchum, Rod Steiger, Curd J\u00fcrgens, Klaus L\u00f6witsch, Michael Parks, Werner Pochath, Horst Janson, Helmut Griem, Christoph Waltz (uncredited) und vielen mehr.<\/p>\n<p>Der Produzent Wolf C. Hartwig plante, finanziert mit den Millionen der immens erfolgreichen <em>Schulm\u00e4dchen-Report-Filme<\/em>, eine internationale Gro\u00dfproduktion. Regie in <em>Steiner &#8211; Das Eiserne Kreuz<\/em>, basierend auf Willi Heinrichs Weltkriegsroman \u201eDas geduldige Fleisch\u201c, f\u00fchrte Sam Peckinpah. Die Musik sollte aus der Feder von Peter Thomas kommen. Leider kamen die beiden nicht miteinander klar (Interview mit Peter Thomas in \u201eDer Filmkomponist Peter Thomas\u201c von Gerd Naumann, 2009 ibidem Verlag). Letztendlich schrieb der amerikanische Komponist Ernest Gold die Musik. Der Film wurde 1977, trotz gro\u00dfer finanzieller Querelen, ein internationaler Erfolg.<\/p>\n<p>Alsbald wurde eine Fortsetzung gedreht. Die Regie f\u00fchrte Andrew V. McLaglen, und bei der Filmmusik kam nun Peter Thomas zum Zuge. Der neue Regisseur und der Komponist verstanden sich auf Anhieb gut. Die Titelmelodie von Peter Thomas wurde kurz nach der Filmpremiere 1979 von der Ariola als Single ver\u00f6ffentlicht. Der Film <em>Steiner &#8211; Das Eiserne Kreuz, Teil 2<\/em> konnte allerdings trotz Starbesetzung nicht mehr an den Erfolg des ersten Teiles ankn\u00fcpfen. Eine bereits angedachte LP-Ver\u00f6ffentlichung des Soundtracks wurde vermutlich deshalb nicht mehr weiterverfolgt.<\/p>\n<p>Das vorliegende Album ist die Vinyl-Premiere der Filmmusik, erg\u00e4nzt um einen bisher unver\u00f6ffentlichten Titel (auf LP und CD), der auf einer l\u00e4ngst vergriffenen CD-Ver\u00f6ffentlichung aus dem Jahr 1993 noch nicht enthalten war.<\/p>\n<p>Nach <em>Peter Thomas Sound Orchester \u2013 Bruce Lee: The Big Boss<\/em> (CD\/LP ASM 048, Allscore 2020) und <em>Peter Thomas Sound Orchester \u2013 Winnetou und sein Freund Old Firehand<\/em> (CD\/LP ASM 049, Allscore 2021) ist dies die dritte CD\/LP-Ver\u00f6ffentlichung einer Reihe, die dem Komponisten Peter Thomas gewidmet ist.<\/p>\n<p>F\u00fcr die Illustrationen innen und au\u00dfen auf dem Digipack der CD zeichnet erneut Adrian Keindorf verantwortlich.<\/p>\n","protected":false},"excerpt":{"rendered":"<p>aka: Breakthrough, Cross of Iron II, Sergeant Steiner, Steiner &#8211; Das Eiserne Kreuz II<\/p>\n","protected":false},"featured_media":11751,"template":"","meta":[],"product_brand":[],"product_cat":[220,617,105],"product_tag":[565],"class_list":{"0":"post-11747","1":"product","2":"type-product","3":"status-publish","4":"has-post-thumbnail","6":"product_cat-action","7":"product_cat-peter-thomas-sound-orchester","8":"product_cat-soundtracks","9":"product_tag-kriegsfilm","10":"product_shipping_class-tontraeger-cd","11":"entry","12":"clearfix","13":"entry-grid","14":"entry-columns-3","15":"entry-product-module-layout-sidebar-right","16":"thumbnail-color-tone-dark","17":"entry-product","19":"entry-product-grid","21":"first","22":"instock","23":"taxable","24":"shipping-taxable","25":"purchasable","26":"product-type-simple"},"yoast_head":"<!-- This site is optimized with the Yoast SEO plugin v27.4 - https:\/\/yoast.com\/product\/yoast-seo-wordpress\/ -->\n<title>Peter Thomas: Steiner - Das Eiserne Kreuz 2 (CD)<\/title>\n<meta name=\"description\" content=\"aka: Breakthrough, Cross of Iron II, Sergeant Steiner, Steiner - Das Eiserne Kreuz II\" \/>\n<meta name=\"robots\" content=\"index, follow, max-snippet:-1, max-image-preview:large, max-video-preview:-1\" \/>\n<link rel=\"canonical\" href=\"https:\/\/www.allscore.de\/shop\/produkt\/peter-thomas-steiner-das-eiserne-kreuz-2-cd\/\" \/>\n<meta property=\"og:locale\" content=\"de_DE\" \/>\n<meta property=\"og:type\" content=\"article\" \/>\n<meta property=\"og:title\" content=\"Peter Thomas: Steiner - Das Eiserne Kreuz 2 (CD)\" \/>\n<meta property=\"og:description\" content=\"aka: Breakthrough, Cross of Iron II, Sergeant Steiner, Steiner - Das Eiserne Kreuz II\" \/>\n<meta property=\"og:url\" content=\"https:\/\/www.allscore.de\/shop\/produkt\/peter-thomas-steiner-das-eiserne-kreuz-2-cd\/\" \/>\n<meta property=\"og:site_name\" content=\"Allscore Shop\" \/>\n<meta property=\"article:modified_time\" content=\"2026-04-11T08:21:20+00:00\" \/>\n<meta property=\"og:image\" content=\"https:\/\/www.allscore.de\/shop\/wp-content\/uploads\/2023\/01\/ASM051_1200x1200.jpg\" \/>\n\t<meta property=\"og:image:width\" content=\"1200\" \/>\n\t<meta property=\"og:image:height\" content=\"1200\" \/>\n\t<meta property=\"og:image:type\" content=\"image\/jpeg\" \/>\n<meta name=\"twitter:card\" content=\"summary_large_image\" \/>\n<meta name=\"twitter:label1\" content=\"Gesch\u00e4tzte Lesezeit\" \/>\n\t<meta name=\"twitter:data1\" content=\"2\u00a0Minuten\" \/>\n<script type=\"application\/ld+json\" class=\"yoast-schema-graph\">{\"@context\":\"https:\\\/\\\/schema.org\",\"@graph\":[{\"@type\":\"WebPage\",\"@id\":\"https:\\\/\\\/www.allscore.de\\\/shop\\\/produkt\\\/peter-thomas-steiner-das-eiserne-kreuz-2-cd\\\/\",\"url\":\"https:\\\/\\\/www.allscore.de\\\/shop\\\/produkt\\\/peter-thomas-steiner-das-eiserne-kreuz-2-cd\\\/\",\"name\":\"Peter Thomas: Steiner - Das Eiserne Kreuz 2 (CD)\",\"isPartOf\":{\"@id\":\"https:\\\/\\\/www.allscore.de\\\/shop\\\/#website\"},\"primaryImageOfPage\":{\"@id\":\"https:\\\/\\\/www.allscore.de\\\/shop\\\/produkt\\\/peter-thomas-steiner-das-eiserne-kreuz-2-cd\\\/#primaryimage\"},\"image\":{\"@id\":\"https:\\\/\\\/www.allscore.de\\\/shop\\\/produkt\\\/peter-thomas-steiner-das-eiserne-kreuz-2-cd\\\/#primaryimage\"},\"thumbnailUrl\":\"https:\\\/\\\/www.allscore.de\\\/shop\\\/wp-content\\\/uploads\\\/2023\\\/01\\\/ASM051_1200x1200.jpg\",\"datePublished\":\"2023-01-19T10:27:13+00:00\",\"dateModified\":\"2026-04-11T08:21:20+00:00\",\"description\":\"aka: Breakthrough, Cross of Iron II, Sergeant Steiner, Steiner - Das Eiserne Kreuz II\",\"breadcrumb\":{\"@id\":\"https:\\\/\\\/www.allscore.de\\\/shop\\\/produkt\\\/peter-thomas-steiner-das-eiserne-kreuz-2-cd\\\/#breadcrumb\"},\"inLanguage\":\"de\",\"potentialAction\":[{\"@type\":\"ReadAction\",\"target\":[\"https:\\\/\\\/www.allscore.de\\\/shop\\\/produkt\\\/peter-thomas-steiner-das-eiserne-kreuz-2-cd\\\/\"]}]},{\"@type\":\"ImageObject\",\"inLanguage\":\"de\",\"@id\":\"https:\\\/\\\/www.allscore.de\\\/shop\\\/produkt\\\/peter-thomas-steiner-das-eiserne-kreuz-2-cd\\\/#primaryimage\",\"url\":\"https:\\\/\\\/www.allscore.de\\\/shop\\\/wp-content\\\/uploads\\\/2023\\\/01\\\/ASM051_1200x1200.jpg\",\"contentUrl\":\"https:\\\/\\\/www.allscore.de\\\/shop\\\/wp-content\\\/uploads\\\/2023\\\/01\\\/ASM051_1200x1200.jpg\",\"width\":1200,\"height\":1200,\"caption\":\"Steiner - Das Eiserne Kreuz 2\"},{\"@type\":\"BreadcrumbList\",\"@id\":\"https:\\\/\\\/www.allscore.de\\\/shop\\\/produkt\\\/peter-thomas-steiner-das-eiserne-kreuz-2-cd\\\/#breadcrumb\",\"itemListElement\":[{\"@type\":\"ListItem\",\"position\":1,\"name\":\"Startseite\",\"item\":\"https:\\\/\\\/www.allscore.de\\\/shop\\\/\"},{\"@type\":\"ListItem\",\"position\":2,\"name\":\"Produkte\",\"item\":\"https:\\\/\\\/www.allscore.de\\\/shop\\\/shop\\\/\"},{\"@type\":\"ListItem\",\"position\":3,\"name\":\"Peter Thomas Sound Orchester &#8211; Steiner-Das Eiserne Kreuz 2 (CD)\"}]},{\"@type\":\"WebSite\",\"@id\":\"https:\\\/\\\/www.allscore.de\\\/shop\\\/#website\",\"url\":\"https:\\\/\\\/www.allscore.de\\\/shop\\\/\",\"name\":\"Allscore Shop\",\"description\":\"All Score Media\",\"publisher\":{\"@id\":\"https:\\\/\\\/www.allscore.de\\\/shop\\\/#organization\"},\"potentialAction\":[{\"@type\":\"SearchAction\",\"target\":{\"@type\":\"EntryPoint\",\"urlTemplate\":\"https:\\\/\\\/www.allscore.de\\\/shop\\\/?s={search_term_string}\"},\"query-input\":{\"@type\":\"PropertyValueSpecification\",\"valueRequired\":true,\"valueName\":\"search_term_string\"}}],\"inLanguage\":\"de\"},{\"@type\":\"Organization\",\"@id\":\"https:\\\/\\\/www.allscore.de\\\/shop\\\/#organization\",\"name\":\"All Score Media\",\"alternateName\":\"Allscore\",\"url\":\"https:\\\/\\\/www.allscore.de\\\/shop\\\/\",\"logo\":{\"@type\":\"ImageObject\",\"inLanguage\":\"de\",\"@id\":\"https:\\\/\\\/www.allscore.de\\\/shop\\\/#\\\/schema\\\/logo\\\/image\\\/\",\"url\":\"https:\\\/\\\/www.allscore.de\\\/shop\\\/wp-content\\\/uploads\\\/2026\\\/01\\\/Logo_Yoast_Shop_2026.png\",\"contentUrl\":\"https:\\\/\\\/www.allscore.de\\\/shop\\\/wp-content\\\/uploads\\\/2026\\\/01\\\/Logo_Yoast_Shop_2026.png\",\"width\":696,\"height\":696,\"caption\":\"All Score Media\"},\"image\":{\"@id\":\"https:\\\/\\\/www.allscore.de\\\/shop\\\/#\\\/schema\\\/logo\\\/image\\\/\"}}]}<\/script>\n<!-- \/ Yoast SEO plugin. -->","yoast_head_json":{"title":"Peter Thomas: Steiner - Das Eiserne Kreuz 2 (CD)","description":"aka: Breakthrough, Cross of Iron II, Sergeant Steiner, Steiner - Das Eiserne Kreuz II","robots":{"index":"index","follow":"follow","max-snippet":"max-snippet:-1","max-image-preview":"max-image-preview:large","max-video-preview":"max-video-preview:-1"},"canonical":"https:\/\/www.allscore.de\/shop\/produkt\/peter-thomas-steiner-das-eiserne-kreuz-2-cd\/","og_locale":"de_DE","og_type":"article","og_title":"Peter Thomas: Steiner - Das Eiserne Kreuz 2 (CD)","og_description":"aka: Breakthrough, Cross of Iron II, Sergeant Steiner, Steiner - Das Eiserne Kreuz II","og_url":"https:\/\/www.allscore.de\/shop\/produkt\/peter-thomas-steiner-das-eiserne-kreuz-2-cd\/","og_site_name":"Allscore Shop","article_modified_time":"2026-04-11T08:21:20+00:00","og_image":[{"width":1200,"height":1200,"url":"https:\/\/www.allscore.de\/shop\/wp-content\/uploads\/2023\/01\/ASM051_1200x1200.jpg","type":"image\/jpeg"}],"twitter_card":"summary_large_image","twitter_misc":{"Gesch\u00e4tzte Lesezeit":"2\u00a0Minuten"},"schema":{"@context":"https:\/\/schema.org","@graph":[{"@type":"WebPage","@id":"https:\/\/www.allscore.de\/shop\/produkt\/peter-thomas-steiner-das-eiserne-kreuz-2-cd\/","url":"https:\/\/www.allscore.de\/shop\/produkt\/peter-thomas-steiner-das-eiserne-kreuz-2-cd\/","name":"Peter Thomas: Steiner - Das Eiserne Kreuz 2 (CD)","isPartOf":{"@id":"https:\/\/www.allscore.de\/shop\/#website"},"primaryImageOfPage":{"@id":"https:\/\/www.allscore.de\/shop\/produkt\/peter-thomas-steiner-das-eiserne-kreuz-2-cd\/#primaryimage"},"image":{"@id":"https:\/\/www.allscore.de\/shop\/produkt\/peter-thomas-steiner-das-eiserne-kreuz-2-cd\/#primaryimage"},"thumbnailUrl":"https:\/\/www.allscore.de\/shop\/wp-content\/uploads\/2023\/01\/ASM051_1200x1200.jpg","datePublished":"2023-01-19T10:27:13+00:00","dateModified":"2026-04-11T08:21:20+00:00","description":"aka: Breakthrough, Cross of Iron II, Sergeant Steiner, Steiner - Das Eiserne Kreuz II","breadcrumb":{"@id":"https:\/\/www.allscore.de\/shop\/produkt\/peter-thomas-steiner-das-eiserne-kreuz-2-cd\/#breadcrumb"},"inLanguage":"de","potentialAction":[{"@type":"ReadAction","target":["https:\/\/www.allscore.de\/shop\/produkt\/peter-thomas-steiner-das-eiserne-kreuz-2-cd\/"]}]},{"@type":"ImageObject","inLanguage":"de","@id":"https:\/\/www.allscore.de\/shop\/produkt\/peter-thomas-steiner-das-eiserne-kreuz-2-cd\/#primaryimage","url":"https:\/\/www.allscore.de\/shop\/wp-content\/uploads\/2023\/01\/ASM051_1200x1200.jpg","contentUrl":"https:\/\/www.allscore.de\/shop\/wp-content\/uploads\/2023\/01\/ASM051_1200x1200.jpg","width":1200,"height":1200,"caption":"Steiner - Das Eiserne Kreuz 2"},{"@type":"BreadcrumbList","@id":"https:\/\/www.allscore.de\/shop\/produkt\/peter-thomas-steiner-das-eiserne-kreuz-2-cd\/#breadcrumb","itemListElement":[{"@type":"ListItem","position":1,"name":"Startseite","item":"https:\/\/www.allscore.de\/shop\/"},{"@type":"ListItem","position":2,"name":"Produkte","item":"https:\/\/www.allscore.de\/shop\/shop\/"},{"@type":"ListItem","position":3,"name":"Peter Thomas Sound Orchester &#8211; Steiner-Das Eiserne Kreuz 2 (CD)"}]},{"@type":"WebSite","@id":"https:\/\/www.allscore.de\/shop\/#website","url":"https:\/\/www.allscore.de\/shop\/","name":"Allscore Shop","description":"All Score Media","publisher":{"@id":"https:\/\/www.allscore.de\/shop\/#organization"},"potentialAction":[{"@type":"SearchAction","target":{"@type":"EntryPoint","urlTemplate":"https:\/\/www.allscore.de\/shop\/?s={search_term_string}"},"query-input":{"@type":"PropertyValueSpecification","valueRequired":true,"valueName":"search_term_string"}}],"inLanguage":"de"},{"@type":"Organization","@id":"https:\/\/www.allscore.de\/shop\/#organization","name":"All Score Media","alternateName":"Allscore","url":"https:\/\/www.allscore.de\/shop\/","logo":{"@type":"ImageObject","inLanguage":"de","@id":"https:\/\/www.allscore.de\/shop\/#\/schema\/logo\/image\/","url":"https:\/\/www.allscore.de\/shop\/wp-content\/uploads\/2026\/01\/Logo_Yoast_Shop_2026.png","contentUrl":"https:\/\/www.allscore.de\/shop\/wp-content\/uploads\/2026\/01\/Logo_Yoast_Shop_2026.png","width":696,"height":696,"caption":"All Score Media"},"image":{"@id":"https:\/\/www.allscore.de\/shop\/#\/schema\/logo\/image\/"}}]}},"_links":{"self":[{"href":"https:\/\/www.allscore.de\/shop\/wp-json\/wp\/v2\/product\/11747","targetHints":{"allow":["GET"]}}],"collection":[{"href":"https:\/\/www.allscore.de\/shop\/wp-json\/wp\/v2\/product"}],"about":[{"href":"https:\/\/www.allscore.de\/shop\/wp-json\/wp\/v2\/types\/product"}],"wp:featuredmedia":[{"embeddable":true,"href":"https:\/\/www.allscore.de\/shop\/wp-json\/wp\/v2\/media\/11751"}],"wp:attachment":[{"href":"https:\/\/www.allscore.de\/shop\/wp-json\/wp\/v2\/media?parent=11747"}],"wp:term":[{"taxonomy":"product_brand","embeddable":true,"href":"https:\/\/www.allscore.de\/shop\/wp-json\/wp\/v2\/product_brand?post=11747"},{"taxonomy":"product_cat","embeddable":true,"href":"https:\/\/www.allscore.de\/shop\/wp-json\/wp\/v2\/product_cat?post=11747"},{"taxonomy":"product_tag","embeddable":true,"href":"https:\/\/www.allscore.de\/shop\/wp-json\/wp\/v2\/product_tag?post=11747"}],"curies":[{"name":"wp","href":"https:\/\/api.w.org\/{rel}","templated":true}]}}