{"id":11657,"date":"2022-10-08T12:30:47","date_gmt":"2022-10-08T10:30:47","guid":{"rendered":"https:\/\/www.allscore.de\/shop\/?post_type=product&#038;p=11657"},"modified":"2025-10-24T19:13:07","modified_gmt":"2025-10-24T17:13:07","slug":"delitto-in-formula-uno-der-superbulle-in-der-formel-1-lp","status":"publish","type":"product","link":"https:\/\/www.allscore.de\/shop\/produkt\/delitto-in-formula-uno-der-superbulle-in-der-formel-1-lp\/","title":{"rendered":"Delitto in formula uno (Der Superbulle in der Formel 1) LP"},"content":{"rendered":"<p>Delitto in formula uno (Der Superbulle in der Formel 1) LP<\/p>\n<p>Das Label Beat Records schreibt:<br \/>\n&#8222;After almost 40 years since its theatrical debut, in collaboration with Ribot, we are proud to present the original motion picture soundtrack of the penultimate movie of the &#8222;Delitti&#8220; series interpreted by the Cuban star Tomas Milian, score signed by Maestro Frizzi. Thanks to the finding, in one of the Maestro studio, of some master tapes of the original recording sessions, it was possible to realize 3 releases that will make all fans of this music excited: a CD, a 12&#8243; 180 grams black vinyl and a stylish 7&#8243; colored vinyl. Three different productions on which is recorded the wonderful soundtrack by the Maestro, aside some bonus tracks let&#8217;s not talk about cult music you can listen to in the scene in which Milian investigates in the gym. In that part of the movie we can experience a wonderful dance cue while he is interrogating Licinia Lentini and the following explosive &#8222;You and I&#8220;, featuring the powerful voice of Tommie Babie which we have in 4 different versions!&#8220;<\/p>\n","protected":false},"excerpt":{"rendered":"<p>Aka: Crime in Formula One, Der Superbulle in der Formel 1, Formel 1 und hei\u00dfe M\u00e4dchen<\/p>\n<p>Diese LP ist auf schwarzes 180g-Vinyl gepresst.<\/p>\n","protected":false},"featured_media":11659,"template":"","meta":[],"product_brand":[],"product_cat":[620,411,225,105],"product_tag":[],"class_list":{"0":"post-11657","1":"product","2":"type-product","3":"status-publish","4":"has-post-thumbnail","6":"product_cat-italienische-filmmusik","7":"product_cat-komoedie","8":"product_cat-krimi","9":"product_cat-soundtracks","10":"product_shipping_class-tontraeger-schallplatte","11":"entry","12":"clearfix","13":"entry-grid","14":"entry-columns-3","15":"entry-product-module-layout-sidebar-right","16":"thumbnail-color-tone-dark","17":"entry-product","19":"entry-product-grid","21":"first","22":"instock","23":"taxable","24":"shipping-taxable","25":"purchasable","26":"product-type-simple"},"yoast_head":"<!-- This site is optimized with the Yoast SEO plugin v27.3 - https:\/\/yoast.com\/product\/yoast-seo-wordpress\/ -->\n<title>Formel 1 und hei\u00dfe M\u00e4dchen LP<\/title>\n<meta name=\"description\" content=\"Formel 1 und hei\u00dfe M\u00e4dchen (Soundtrack-LP, schwarzes 180g-Vinyl) Musik von Fabio Frizzi, Darsteller: Tomas Milian, Dagmar Lassander...\" \/>\n<meta name=\"robots\" content=\"index, follow, max-snippet:-1, max-image-preview:large, max-video-preview:-1\" \/>\n<link rel=\"canonical\" href=\"https:\/\/www.allscore.de\/shop\/produkt\/delitto-in-formula-uno-der-superbulle-in-der-formel-1-lp\/\" \/>\n<meta property=\"og:locale\" content=\"de_DE\" \/>\n<meta property=\"og:type\" content=\"article\" \/>\n<meta property=\"og:title\" content=\"Formel 1 und hei\u00dfe M\u00e4dchen LP\" \/>\n<meta property=\"og:description\" content=\"Formel 1 und hei\u00dfe M\u00e4dchen (Soundtrack-LP, schwarzes 180g-Vinyl) Musik von Fabio Frizzi, Darsteller: Tomas Milian, Dagmar Lassander...\" \/>\n<meta property=\"og:url\" content=\"https:\/\/www.allscore.de\/shop\/produkt\/delitto-in-formula-uno-der-superbulle-in-der-formel-1-lp\/\" \/>\n<meta property=\"og:site_name\" content=\"Allscore Shop\" \/>\n<meta property=\"article:modified_time\" content=\"2025-10-24T17:13:07+00:00\" \/>\n<meta property=\"og:image\" content=\"https:\/\/www.allscore.de\/shop\/wp-content\/uploads\/2022\/12\/DDJLP11DLX.jpg\" \/>\n\t<meta property=\"og:image:width\" content=\"1200\" \/>\n\t<meta property=\"og:image:height\" content=\"1200\" \/>\n\t<meta property=\"og:image:type\" content=\"image\/jpeg\" \/>\n<meta name=\"twitter:card\" content=\"summary_large_image\" \/>\n<meta name=\"twitter:label1\" content=\"Gesch\u00e4tzte Lesezeit\" \/>\n\t<meta name=\"twitter:data1\" content=\"1\u00a0Minute\" \/>\n<script type=\"application\/ld+json\" class=\"yoast-schema-graph\">{\"@context\":\"https:\\\/\\\/schema.org\",\"@graph\":[{\"@type\":\"WebPage\",\"@id\":\"https:\\\/\\\/www.allscore.de\\\/shop\\\/produkt\\\/delitto-in-formula-uno-der-superbulle-in-der-formel-1-lp\\\/\",\"url\":\"https:\\\/\\\/www.allscore.de\\\/shop\\\/produkt\\\/delitto-in-formula-uno-der-superbulle-in-der-formel-1-lp\\\/\",\"name\":\"Formel 1 und hei\u00dfe M\u00e4dchen LP\",\"isPartOf\":{\"@id\":\"https:\\\/\\\/www.allscore.de\\\/shop\\\/#website\"},\"primaryImageOfPage\":{\"@id\":\"https:\\\/\\\/www.allscore.de\\\/shop\\\/produkt\\\/delitto-in-formula-uno-der-superbulle-in-der-formel-1-lp\\\/#primaryimage\"},\"image\":{\"@id\":\"https:\\\/\\\/www.allscore.de\\\/shop\\\/produkt\\\/delitto-in-formula-uno-der-superbulle-in-der-formel-1-lp\\\/#primaryimage\"},\"thumbnailUrl\":\"https:\\\/\\\/www.allscore.de\\\/shop\\\/wp-content\\\/uploads\\\/2022\\\/12\\\/DDJLP11DLX.jpg\",\"datePublished\":\"2022-10-08T10:30:47+00:00\",\"dateModified\":\"2025-10-24T17:13:07+00:00\",\"description\":\"Formel 1 und hei\u00dfe M\u00e4dchen (Soundtrack-LP, schwarzes 180g-Vinyl) Musik von Fabio Frizzi, Darsteller: Tomas Milian, Dagmar Lassander...\",\"breadcrumb\":{\"@id\":\"https:\\\/\\\/www.allscore.de\\\/shop\\\/produkt\\\/delitto-in-formula-uno-der-superbulle-in-der-formel-1-lp\\\/#breadcrumb\"},\"inLanguage\":\"de\",\"potentialAction\":[{\"@type\":\"ReadAction\",\"target\":[\"https:\\\/\\\/www.allscore.de\\\/shop\\\/produkt\\\/delitto-in-formula-uno-der-superbulle-in-der-formel-1-lp\\\/\"]}]},{\"@type\":\"ImageObject\",\"inLanguage\":\"de\",\"@id\":\"https:\\\/\\\/www.allscore.de\\\/shop\\\/produkt\\\/delitto-in-formula-uno-der-superbulle-in-der-formel-1-lp\\\/#primaryimage\",\"url\":\"https:\\\/\\\/www.allscore.de\\\/shop\\\/wp-content\\\/uploads\\\/2022\\\/12\\\/DDJLP11DLX.jpg\",\"contentUrl\":\"https:\\\/\\\/www.allscore.de\\\/shop\\\/wp-content\\\/uploads\\\/2022\\\/12\\\/DDJLP11DLX.jpg\",\"width\":1200,\"height\":1200,\"caption\":\"Delitto In Formula Uno\"},{\"@type\":\"BreadcrumbList\",\"@id\":\"https:\\\/\\\/www.allscore.de\\\/shop\\\/produkt\\\/delitto-in-formula-uno-der-superbulle-in-der-formel-1-lp\\\/#breadcrumb\",\"itemListElement\":[{\"@type\":\"ListItem\",\"position\":1,\"name\":\"Startseite\",\"item\":\"https:\\\/\\\/www.allscore.de\\\/shop\\\/\"},{\"@type\":\"ListItem\",\"position\":2,\"name\":\"Produkte\",\"item\":\"https:\\\/\\\/www.allscore.de\\\/shop\\\/shop\\\/\"},{\"@type\":\"ListItem\",\"position\":3,\"name\":\"Delitto in formula uno (Der Superbulle in der Formel 1) LP\"}]},{\"@type\":\"WebSite\",\"@id\":\"https:\\\/\\\/www.allscore.de\\\/shop\\\/#website\",\"url\":\"https:\\\/\\\/www.allscore.de\\\/shop\\\/\",\"name\":\"Allscore Shop\",\"description\":\"All Score Media\",\"publisher\":{\"@id\":\"https:\\\/\\\/www.allscore.de\\\/shop\\\/#organization\"},\"potentialAction\":[{\"@type\":\"SearchAction\",\"target\":{\"@type\":\"EntryPoint\",\"urlTemplate\":\"https:\\\/\\\/www.allscore.de\\\/shop\\\/?s={search_term_string}\"},\"query-input\":{\"@type\":\"PropertyValueSpecification\",\"valueRequired\":true,\"valueName\":\"search_term_string\"}}],\"inLanguage\":\"de\"},{\"@type\":\"Organization\",\"@id\":\"https:\\\/\\\/www.allscore.de\\\/shop\\\/#organization\",\"name\":\"All Score Media\",\"alternateName\":\"Allscore\",\"url\":\"https:\\\/\\\/www.allscore.de\\\/shop\\\/\",\"logo\":{\"@type\":\"ImageObject\",\"inLanguage\":\"de\",\"@id\":\"https:\\\/\\\/www.allscore.de\\\/shop\\\/#\\\/schema\\\/logo\\\/image\\\/\",\"url\":\"https:\\\/\\\/www.allscore.de\\\/shop\\\/wp-content\\\/uploads\\\/2026\\\/01\\\/Logo_Yoast_Shop_2026.png\",\"contentUrl\":\"https:\\\/\\\/www.allscore.de\\\/shop\\\/wp-content\\\/uploads\\\/2026\\\/01\\\/Logo_Yoast_Shop_2026.png\",\"width\":696,\"height\":696,\"caption\":\"All Score Media\"},\"image\":{\"@id\":\"https:\\\/\\\/www.allscore.de\\\/shop\\\/#\\\/schema\\\/logo\\\/image\\\/\"}}]}<\/script>\n<!-- \/ Yoast SEO plugin. -->","yoast_head_json":{"title":"Formel 1 und hei\u00dfe M\u00e4dchen LP","description":"Formel 1 und hei\u00dfe M\u00e4dchen (Soundtrack-LP, schwarzes 180g-Vinyl) Musik von Fabio Frizzi, Darsteller: Tomas Milian, Dagmar Lassander...","robots":{"index":"index","follow":"follow","max-snippet":"max-snippet:-1","max-image-preview":"max-image-preview:large","max-video-preview":"max-video-preview:-1"},"canonical":"https:\/\/www.allscore.de\/shop\/produkt\/delitto-in-formula-uno-der-superbulle-in-der-formel-1-lp\/","og_locale":"de_DE","og_type":"article","og_title":"Formel 1 und hei\u00dfe M\u00e4dchen LP","og_description":"Formel 1 und hei\u00dfe M\u00e4dchen (Soundtrack-LP, schwarzes 180g-Vinyl) Musik von Fabio Frizzi, Darsteller: Tomas Milian, Dagmar Lassander...","og_url":"https:\/\/www.allscore.de\/shop\/produkt\/delitto-in-formula-uno-der-superbulle-in-der-formel-1-lp\/","og_site_name":"Allscore Shop","article_modified_time":"2025-10-24T17:13:07+00:00","og_image":[{"width":1200,"height":1200,"url":"https:\/\/www.allscore.de\/shop\/wp-content\/uploads\/2022\/12\/DDJLP11DLX.jpg","type":"image\/jpeg"}],"twitter_card":"summary_large_image","twitter_misc":{"Gesch\u00e4tzte Lesezeit":"1\u00a0Minute"},"schema":{"@context":"https:\/\/schema.org","@graph":[{"@type":"WebPage","@id":"https:\/\/www.allscore.de\/shop\/produkt\/delitto-in-formula-uno-der-superbulle-in-der-formel-1-lp\/","url":"https:\/\/www.allscore.de\/shop\/produkt\/delitto-in-formula-uno-der-superbulle-in-der-formel-1-lp\/","name":"Formel 1 und hei\u00dfe M\u00e4dchen LP","isPartOf":{"@id":"https:\/\/www.allscore.de\/shop\/#website"},"primaryImageOfPage":{"@id":"https:\/\/www.allscore.de\/shop\/produkt\/delitto-in-formula-uno-der-superbulle-in-der-formel-1-lp\/#primaryimage"},"image":{"@id":"https:\/\/www.allscore.de\/shop\/produkt\/delitto-in-formula-uno-der-superbulle-in-der-formel-1-lp\/#primaryimage"},"thumbnailUrl":"https:\/\/www.allscore.de\/shop\/wp-content\/uploads\/2022\/12\/DDJLP11DLX.jpg","datePublished":"2022-10-08T10:30:47+00:00","dateModified":"2025-10-24T17:13:07+00:00","description":"Formel 1 und hei\u00dfe M\u00e4dchen (Soundtrack-LP, schwarzes 180g-Vinyl) Musik von Fabio Frizzi, Darsteller: Tomas Milian, Dagmar Lassander...","breadcrumb":{"@id":"https:\/\/www.allscore.de\/shop\/produkt\/delitto-in-formula-uno-der-superbulle-in-der-formel-1-lp\/#breadcrumb"},"inLanguage":"de","potentialAction":[{"@type":"ReadAction","target":["https:\/\/www.allscore.de\/shop\/produkt\/delitto-in-formula-uno-der-superbulle-in-der-formel-1-lp\/"]}]},{"@type":"ImageObject","inLanguage":"de","@id":"https:\/\/www.allscore.de\/shop\/produkt\/delitto-in-formula-uno-der-superbulle-in-der-formel-1-lp\/#primaryimage","url":"https:\/\/www.allscore.de\/shop\/wp-content\/uploads\/2022\/12\/DDJLP11DLX.jpg","contentUrl":"https:\/\/www.allscore.de\/shop\/wp-content\/uploads\/2022\/12\/DDJLP11DLX.jpg","width":1200,"height":1200,"caption":"Delitto In Formula Uno"},{"@type":"BreadcrumbList","@id":"https:\/\/www.allscore.de\/shop\/produkt\/delitto-in-formula-uno-der-superbulle-in-der-formel-1-lp\/#breadcrumb","itemListElement":[{"@type":"ListItem","position":1,"name":"Startseite","item":"https:\/\/www.allscore.de\/shop\/"},{"@type":"ListItem","position":2,"name":"Produkte","item":"https:\/\/www.allscore.de\/shop\/shop\/"},{"@type":"ListItem","position":3,"name":"Delitto in formula uno (Der Superbulle in der Formel 1) LP"}]},{"@type":"WebSite","@id":"https:\/\/www.allscore.de\/shop\/#website","url":"https:\/\/www.allscore.de\/shop\/","name":"Allscore Shop","description":"All Score Media","publisher":{"@id":"https:\/\/www.allscore.de\/shop\/#organization"},"potentialAction":[{"@type":"SearchAction","target":{"@type":"EntryPoint","urlTemplate":"https:\/\/www.allscore.de\/shop\/?s={search_term_string}"},"query-input":{"@type":"PropertyValueSpecification","valueRequired":true,"valueName":"search_term_string"}}],"inLanguage":"de"},{"@type":"Organization","@id":"https:\/\/www.allscore.de\/shop\/#organization","name":"All Score Media","alternateName":"Allscore","url":"https:\/\/www.allscore.de\/shop\/","logo":{"@type":"ImageObject","inLanguage":"de","@id":"https:\/\/www.allscore.de\/shop\/#\/schema\/logo\/image\/","url":"https:\/\/www.allscore.de\/shop\/wp-content\/uploads\/2026\/01\/Logo_Yoast_Shop_2026.png","contentUrl":"https:\/\/www.allscore.de\/shop\/wp-content\/uploads\/2026\/01\/Logo_Yoast_Shop_2026.png","width":696,"height":696,"caption":"All Score Media"},"image":{"@id":"https:\/\/www.allscore.de\/shop\/#\/schema\/logo\/image\/"}}]}},"_links":{"self":[{"href":"https:\/\/www.allscore.de\/shop\/wp-json\/wp\/v2\/product\/11657","targetHints":{"allow":["GET"]}}],"collection":[{"href":"https:\/\/www.allscore.de\/shop\/wp-json\/wp\/v2\/product"}],"about":[{"href":"https:\/\/www.allscore.de\/shop\/wp-json\/wp\/v2\/types\/product"}],"wp:featuredmedia":[{"embeddable":true,"href":"https:\/\/www.allscore.de\/shop\/wp-json\/wp\/v2\/media\/11659"}],"wp:attachment":[{"href":"https:\/\/www.allscore.de\/shop\/wp-json\/wp\/v2\/media?parent=11657"}],"wp:term":[{"taxonomy":"product_brand","embeddable":true,"href":"https:\/\/www.allscore.de\/shop\/wp-json\/wp\/v2\/product_brand?post=11657"},{"taxonomy":"product_cat","embeddable":true,"href":"https:\/\/www.allscore.de\/shop\/wp-json\/wp\/v2\/product_cat?post=11657"},{"taxonomy":"product_tag","embeddable":true,"href":"https:\/\/www.allscore.de\/shop\/wp-json\/wp\/v2\/product_tag?post=11657"}],"curies":[{"name":"wp","href":"https:\/\/api.w.org\/{rel}","templated":true}]}}