{"id":11581,"date":"2022-11-10T17:07:08","date_gmt":"2022-11-10T16:07:08","guid":{"rendered":"https:\/\/www.allscore.de\/shop\/?post_type=product&#038;p=11581"},"modified":"2026-04-05T11:28:11","modified_gmt":"2026-04-05T09:28:11","slug":"zwei-himmelhunde-auf-dem-weg-zur-hoelle-lp","status":"publish","type":"product","link":"https:\/\/www.allscore.de\/shop\/produkt\/zwei-himmelhunde-auf-dem-weg-zur-hoelle-lp\/","title":{"rendered":"Pi\u00f9 forte ragazzi! (Zwei Himmelhunde auf dem Weg zur H\u00f6lle) LP, gr\u00fcn-gelbes 180g-Vinyl"},"content":{"rendered":"<p>Pi\u00f9 forte ragazzi! (Zwei Himmelhunde auf dem Weg zur H\u00f6lle) LP, gr\u00fcn-gelbes 180g-Vinyl<\/p>\n<p>Das Label Beat Records schreibt:<br \/>\n&#8222;Beat Records and West Edizioni Musicali are glad to announce the release on vinyl of the original motion picture soundtrack of Pi\u00f9 forte ragazzi!, featuring the music composed by Guido &#038; Maurizio De Angelis, in occasion of the 50th anniversary of that memorable movie directed by Giuseppe Colizzi and produced by Italo Zingarelli in 1972. One of the first movies by the popular actors duo set far from far West, the two actors interpreting Plata and Salud, ramshackle airplanes pilots that fly on Brazil, trying to earn a living between gold seekers and fighting the turn villain, evil Mr. Ears. The score by the two brothers, based on the cue Flying through the air, as usual various and skillfully arranged, shows us its first 50th years of life, in all its splendor, immortal melodies destined to the future too. Finally available on a collector colored* vinyl, yellow and green like Brazil flag color and with an important weight, 180 grams, in our DDJ LP DLX series dedicated to Italian cult cinema.&#8220;<\/p>\n","protected":false},"excerpt":{"rendered":"<p>Aka: All the Way Boys, Zwei Himmelhunde auf dem Weg zur H\u00f6lle<\/p>\n<p>Diese auf 500 LPs limitierte Edition ist auf gr\u00fcn-gelbes 180g-Vinyl gepresst.<\/p>\n","protected":false},"featured_media":11583,"template":"","meta":[],"product_brand":[],"product_cat":[220,620,411,105],"product_tag":[416,445],"class_list":{"0":"post-11581","1":"product","2":"type-product","3":"status-publish","4":"has-post-thumbnail","6":"product_cat-action","7":"product_cat-italienische-filmmusik","8":"product_cat-komoedie","9":"product_cat-soundtracks","10":"product_tag-bud-spencer","11":"product_tag-terence-hill","12":"product_shipping_class-tontraeger-schallplatte","13":"entry","14":"clearfix","15":"entry-grid","16":"entry-columns-3","17":"entry-product-module-layout-sidebar-right","18":"thumbnail-color-tone-dark","19":"entry-product","21":"entry-product-grid","23":"first","24":"instock","25":"taxable","26":"shipping-taxable","27":"purchasable","28":"product-type-simple"},"yoast_head":"<!-- This site is optimized with the Yoast SEO plugin v27.4 - https:\/\/yoast.com\/product\/yoast-seo-wordpress\/ -->\n<title>Zwei Himmelhunde auf dem Weg zur H\u00f6lle LP<\/title>\n<meta name=\"description\" content=\"Zwei Himmelhunde auf dem Weg zur H\u00f6lle (Soundtrack-LP, gr\u00fcn-gelbes 180g-Vinyl) Bud Spencer und Terence Hill in ihren Paraderollen.\" \/>\n<meta name=\"robots\" content=\"index, follow, max-snippet:-1, max-image-preview:large, max-video-preview:-1\" \/>\n<link rel=\"canonical\" href=\"https:\/\/www.allscore.de\/shop\/produkt\/zwei-himmelhunde-auf-dem-weg-zur-hoelle-lp\/\" \/>\n<meta property=\"og:locale\" content=\"de_DE\" \/>\n<meta property=\"og:type\" content=\"article\" \/>\n<meta property=\"og:title\" content=\"Zwei Himmelhunde auf dem Weg zur H\u00f6lle LP\" \/>\n<meta property=\"og:description\" content=\"Zwei Himmelhunde auf dem Weg zur H\u00f6lle (Soundtrack-LP, gr\u00fcn-gelbes 180g-Vinyl) Bud Spencer und Terence Hill in ihren Paraderollen.\" \/>\n<meta property=\"og:url\" content=\"https:\/\/www.allscore.de\/shop\/produkt\/zwei-himmelhunde-auf-dem-weg-zur-hoelle-lp\/\" \/>\n<meta property=\"og:site_name\" content=\"Allscore Shop\" \/>\n<meta property=\"article:modified_time\" content=\"2026-04-05T09:28:11+00:00\" \/>\n<meta property=\"og:image\" content=\"https:\/\/www.allscore.de\/shop\/wp-content\/uploads\/2022\/11\/DDJ14DLX.jpg\" \/>\n\t<meta property=\"og:image:width\" content=\"1200\" \/>\n\t<meta property=\"og:image:height\" content=\"1199\" \/>\n\t<meta property=\"og:image:type\" content=\"image\/jpeg\" \/>\n<meta name=\"twitter:card\" content=\"summary_large_image\" \/>\n<meta name=\"twitter:label1\" content=\"Gesch\u00e4tzte Lesezeit\" \/>\n\t<meta name=\"twitter:data1\" content=\"2\u00a0Minuten\" \/>\n<script type=\"application\/ld+json\" class=\"yoast-schema-graph\">{\"@context\":\"https:\\\/\\\/schema.org\",\"@graph\":[{\"@type\":\"WebPage\",\"@id\":\"https:\\\/\\\/www.allscore.de\\\/shop\\\/produkt\\\/zwei-himmelhunde-auf-dem-weg-zur-hoelle-lp\\\/\",\"url\":\"https:\\\/\\\/www.allscore.de\\\/shop\\\/produkt\\\/zwei-himmelhunde-auf-dem-weg-zur-hoelle-lp\\\/\",\"name\":\"Zwei Himmelhunde auf dem Weg zur H\u00f6lle LP\",\"isPartOf\":{\"@id\":\"https:\\\/\\\/www.allscore.de\\\/shop\\\/#website\"},\"primaryImageOfPage\":{\"@id\":\"https:\\\/\\\/www.allscore.de\\\/shop\\\/produkt\\\/zwei-himmelhunde-auf-dem-weg-zur-hoelle-lp\\\/#primaryimage\"},\"image\":{\"@id\":\"https:\\\/\\\/www.allscore.de\\\/shop\\\/produkt\\\/zwei-himmelhunde-auf-dem-weg-zur-hoelle-lp\\\/#primaryimage\"},\"thumbnailUrl\":\"https:\\\/\\\/www.allscore.de\\\/shop\\\/wp-content\\\/uploads\\\/2022\\\/11\\\/DDJ14DLX.jpg\",\"datePublished\":\"2022-11-10T16:07:08+00:00\",\"dateModified\":\"2026-04-05T09:28:11+00:00\",\"description\":\"Zwei Himmelhunde auf dem Weg zur H\u00f6lle (Soundtrack-LP, gr\u00fcn-gelbes 180g-Vinyl) Bud Spencer und Terence Hill in ihren Paraderollen.\",\"breadcrumb\":{\"@id\":\"https:\\\/\\\/www.allscore.de\\\/shop\\\/produkt\\\/zwei-himmelhunde-auf-dem-weg-zur-hoelle-lp\\\/#breadcrumb\"},\"inLanguage\":\"de\",\"potentialAction\":[{\"@type\":\"ReadAction\",\"target\":[\"https:\\\/\\\/www.allscore.de\\\/shop\\\/produkt\\\/zwei-himmelhunde-auf-dem-weg-zur-hoelle-lp\\\/\"]}]},{\"@type\":\"ImageObject\",\"inLanguage\":\"de\",\"@id\":\"https:\\\/\\\/www.allscore.de\\\/shop\\\/produkt\\\/zwei-himmelhunde-auf-dem-weg-zur-hoelle-lp\\\/#primaryimage\",\"url\":\"https:\\\/\\\/www.allscore.de\\\/shop\\\/wp-content\\\/uploads\\\/2022\\\/11\\\/DDJ14DLX.jpg\",\"contentUrl\":\"https:\\\/\\\/www.allscore.de\\\/shop\\\/wp-content\\\/uploads\\\/2022\\\/11\\\/DDJ14DLX.jpg\",\"width\":1200,\"height\":1199,\"caption\":\"Zwei Himmelhunde auf dem Weg zur H\u00f6lle\"},{\"@type\":\"BreadcrumbList\",\"@id\":\"https:\\\/\\\/www.allscore.de\\\/shop\\\/produkt\\\/zwei-himmelhunde-auf-dem-weg-zur-hoelle-lp\\\/#breadcrumb\",\"itemListElement\":[{\"@type\":\"ListItem\",\"position\":1,\"name\":\"Startseite\",\"item\":\"https:\\\/\\\/www.allscore.de\\\/shop\\\/\"},{\"@type\":\"ListItem\",\"position\":2,\"name\":\"Produkte\",\"item\":\"https:\\\/\\\/www.allscore.de\\\/shop\\\/shop\\\/\"},{\"@type\":\"ListItem\",\"position\":3,\"name\":\"Pi\u00f9 forte ragazzi! (Zwei Himmelhunde auf dem Weg zur H\u00f6lle) LP, gr\u00fcn-gelbes 180g-Vinyl\"}]},{\"@type\":\"WebSite\",\"@id\":\"https:\\\/\\\/www.allscore.de\\\/shop\\\/#website\",\"url\":\"https:\\\/\\\/www.allscore.de\\\/shop\\\/\",\"name\":\"Allscore Shop\",\"description\":\"All Score Media\",\"publisher\":{\"@id\":\"https:\\\/\\\/www.allscore.de\\\/shop\\\/#organization\"},\"potentialAction\":[{\"@type\":\"SearchAction\",\"target\":{\"@type\":\"EntryPoint\",\"urlTemplate\":\"https:\\\/\\\/www.allscore.de\\\/shop\\\/?s={search_term_string}\"},\"query-input\":{\"@type\":\"PropertyValueSpecification\",\"valueRequired\":true,\"valueName\":\"search_term_string\"}}],\"inLanguage\":\"de\"},{\"@type\":\"Organization\",\"@id\":\"https:\\\/\\\/www.allscore.de\\\/shop\\\/#organization\",\"name\":\"All Score Media\",\"alternateName\":\"Allscore\",\"url\":\"https:\\\/\\\/www.allscore.de\\\/shop\\\/\",\"logo\":{\"@type\":\"ImageObject\",\"inLanguage\":\"de\",\"@id\":\"https:\\\/\\\/www.allscore.de\\\/shop\\\/#\\\/schema\\\/logo\\\/image\\\/\",\"url\":\"https:\\\/\\\/www.allscore.de\\\/shop\\\/wp-content\\\/uploads\\\/2026\\\/01\\\/Logo_Yoast_Shop_2026.png\",\"contentUrl\":\"https:\\\/\\\/www.allscore.de\\\/shop\\\/wp-content\\\/uploads\\\/2026\\\/01\\\/Logo_Yoast_Shop_2026.png\",\"width\":696,\"height\":696,\"caption\":\"All Score Media\"},\"image\":{\"@id\":\"https:\\\/\\\/www.allscore.de\\\/shop\\\/#\\\/schema\\\/logo\\\/image\\\/\"}}]}<\/script>\n<!-- \/ Yoast SEO plugin. -->","yoast_head_json":{"title":"Zwei Himmelhunde auf dem Weg zur H\u00f6lle LP","description":"Zwei Himmelhunde auf dem Weg zur H\u00f6lle (Soundtrack-LP, gr\u00fcn-gelbes 180g-Vinyl) Bud Spencer und Terence Hill in ihren Paraderollen.","robots":{"index":"index","follow":"follow","max-snippet":"max-snippet:-1","max-image-preview":"max-image-preview:large","max-video-preview":"max-video-preview:-1"},"canonical":"https:\/\/www.allscore.de\/shop\/produkt\/zwei-himmelhunde-auf-dem-weg-zur-hoelle-lp\/","og_locale":"de_DE","og_type":"article","og_title":"Zwei Himmelhunde auf dem Weg zur H\u00f6lle LP","og_description":"Zwei Himmelhunde auf dem Weg zur H\u00f6lle (Soundtrack-LP, gr\u00fcn-gelbes 180g-Vinyl) Bud Spencer und Terence Hill in ihren Paraderollen.","og_url":"https:\/\/www.allscore.de\/shop\/produkt\/zwei-himmelhunde-auf-dem-weg-zur-hoelle-lp\/","og_site_name":"Allscore Shop","article_modified_time":"2026-04-05T09:28:11+00:00","og_image":[{"width":1200,"height":1199,"url":"https:\/\/www.allscore.de\/shop\/wp-content\/uploads\/2022\/11\/DDJ14DLX.jpg","type":"image\/jpeg"}],"twitter_card":"summary_large_image","twitter_misc":{"Gesch\u00e4tzte Lesezeit":"2\u00a0Minuten"},"schema":{"@context":"https:\/\/schema.org","@graph":[{"@type":"WebPage","@id":"https:\/\/www.allscore.de\/shop\/produkt\/zwei-himmelhunde-auf-dem-weg-zur-hoelle-lp\/","url":"https:\/\/www.allscore.de\/shop\/produkt\/zwei-himmelhunde-auf-dem-weg-zur-hoelle-lp\/","name":"Zwei Himmelhunde auf dem Weg zur H\u00f6lle LP","isPartOf":{"@id":"https:\/\/www.allscore.de\/shop\/#website"},"primaryImageOfPage":{"@id":"https:\/\/www.allscore.de\/shop\/produkt\/zwei-himmelhunde-auf-dem-weg-zur-hoelle-lp\/#primaryimage"},"image":{"@id":"https:\/\/www.allscore.de\/shop\/produkt\/zwei-himmelhunde-auf-dem-weg-zur-hoelle-lp\/#primaryimage"},"thumbnailUrl":"https:\/\/www.allscore.de\/shop\/wp-content\/uploads\/2022\/11\/DDJ14DLX.jpg","datePublished":"2022-11-10T16:07:08+00:00","dateModified":"2026-04-05T09:28:11+00:00","description":"Zwei Himmelhunde auf dem Weg zur H\u00f6lle (Soundtrack-LP, gr\u00fcn-gelbes 180g-Vinyl) Bud Spencer und Terence Hill in ihren Paraderollen.","breadcrumb":{"@id":"https:\/\/www.allscore.de\/shop\/produkt\/zwei-himmelhunde-auf-dem-weg-zur-hoelle-lp\/#breadcrumb"},"inLanguage":"de","potentialAction":[{"@type":"ReadAction","target":["https:\/\/www.allscore.de\/shop\/produkt\/zwei-himmelhunde-auf-dem-weg-zur-hoelle-lp\/"]}]},{"@type":"ImageObject","inLanguage":"de","@id":"https:\/\/www.allscore.de\/shop\/produkt\/zwei-himmelhunde-auf-dem-weg-zur-hoelle-lp\/#primaryimage","url":"https:\/\/www.allscore.de\/shop\/wp-content\/uploads\/2022\/11\/DDJ14DLX.jpg","contentUrl":"https:\/\/www.allscore.de\/shop\/wp-content\/uploads\/2022\/11\/DDJ14DLX.jpg","width":1200,"height":1199,"caption":"Zwei Himmelhunde auf dem Weg zur H\u00f6lle"},{"@type":"BreadcrumbList","@id":"https:\/\/www.allscore.de\/shop\/produkt\/zwei-himmelhunde-auf-dem-weg-zur-hoelle-lp\/#breadcrumb","itemListElement":[{"@type":"ListItem","position":1,"name":"Startseite","item":"https:\/\/www.allscore.de\/shop\/"},{"@type":"ListItem","position":2,"name":"Produkte","item":"https:\/\/www.allscore.de\/shop\/shop\/"},{"@type":"ListItem","position":3,"name":"Pi\u00f9 forte ragazzi! (Zwei Himmelhunde auf dem Weg zur H\u00f6lle) LP, gr\u00fcn-gelbes 180g-Vinyl"}]},{"@type":"WebSite","@id":"https:\/\/www.allscore.de\/shop\/#website","url":"https:\/\/www.allscore.de\/shop\/","name":"Allscore Shop","description":"All Score Media","publisher":{"@id":"https:\/\/www.allscore.de\/shop\/#organization"},"potentialAction":[{"@type":"SearchAction","target":{"@type":"EntryPoint","urlTemplate":"https:\/\/www.allscore.de\/shop\/?s={search_term_string}"},"query-input":{"@type":"PropertyValueSpecification","valueRequired":true,"valueName":"search_term_string"}}],"inLanguage":"de"},{"@type":"Organization","@id":"https:\/\/www.allscore.de\/shop\/#organization","name":"All Score Media","alternateName":"Allscore","url":"https:\/\/www.allscore.de\/shop\/","logo":{"@type":"ImageObject","inLanguage":"de","@id":"https:\/\/www.allscore.de\/shop\/#\/schema\/logo\/image\/","url":"https:\/\/www.allscore.de\/shop\/wp-content\/uploads\/2026\/01\/Logo_Yoast_Shop_2026.png","contentUrl":"https:\/\/www.allscore.de\/shop\/wp-content\/uploads\/2026\/01\/Logo_Yoast_Shop_2026.png","width":696,"height":696,"caption":"All Score Media"},"image":{"@id":"https:\/\/www.allscore.de\/shop\/#\/schema\/logo\/image\/"}}]}},"_links":{"self":[{"href":"https:\/\/www.allscore.de\/shop\/wp-json\/wp\/v2\/product\/11581","targetHints":{"allow":["GET"]}}],"collection":[{"href":"https:\/\/www.allscore.de\/shop\/wp-json\/wp\/v2\/product"}],"about":[{"href":"https:\/\/www.allscore.de\/shop\/wp-json\/wp\/v2\/types\/product"}],"wp:featuredmedia":[{"embeddable":true,"href":"https:\/\/www.allscore.de\/shop\/wp-json\/wp\/v2\/media\/11583"}],"wp:attachment":[{"href":"https:\/\/www.allscore.de\/shop\/wp-json\/wp\/v2\/media?parent=11581"}],"wp:term":[{"taxonomy":"product_brand","embeddable":true,"href":"https:\/\/www.allscore.de\/shop\/wp-json\/wp\/v2\/product_brand?post=11581"},{"taxonomy":"product_cat","embeddable":true,"href":"https:\/\/www.allscore.de\/shop\/wp-json\/wp\/v2\/product_cat?post=11581"},{"taxonomy":"product_tag","embeddable":true,"href":"https:\/\/www.allscore.de\/shop\/wp-json\/wp\/v2\/product_tag?post=11581"}],"curies":[{"name":"wp","href":"https:\/\/api.w.org\/{rel}","templated":true}]}}