{"id":11459,"date":"2022-10-21T12:36:42","date_gmt":"2022-10-21T10:36:42","guid":{"rendered":"https:\/\/www.allscore.de\/shop\/?post_type=product&#038;p=11459"},"modified":"2025-10-24T19:13:06","modified_gmt":"2025-10-24T17:13:06","slug":"eine-weihnachtsgeschichte","status":"publish","type":"product","link":"https:\/\/www.allscore.de\/shop\/produkt\/eine-weihnachtsgeschichte\/","title":{"rendered":"Eine Weihnachtsgeschichte"},"content":{"rendered":"<p>Eine Weihnachtsgeschichte<\/p>\n<p>Mit seiner Weihnachtsgeschichte schuf Charles Dickens unbestritten einen der sch\u00f6nsten und beliebtesten Klassiker der Weltliteratur. Erleben Sie Ebenezer Scrooges einzigartige Reise durch die Zeit, begleitet von den Geistern der vergangenen, der gegenw\u00e4rtigen und der zuk\u00fcnftigen Weihnacht. Ein zeitloses H\u00f6rerlebnis mit vielen bekannten Stimmen in einer neuen Vertonung.<\/p>\n<p>Erz\u00e4hler: Peter Weis<\/p>\n<p>Ebenezer Scrooge: J\u00fcrgen Kluckert<br \/>\nFred: Bastian Sierich<br \/>\nLaura: Jessica Walther-Gabory<br \/>\nBettler: Lothar Hinze<br \/>\nBob Cratchit: Tobias Nath<br \/>\nBelinda Cratchit: Rubina Nath<br \/>\nTim Cratchit: Pia Nath<br \/>\nJacob Marley: J\u00fcrgen Thormann<br \/>\nMr. Bumble: Udo Schenk<br \/>\nMr. Bee: Bernd Vollbrecht<br \/>\nGeist der vergangenen Weihnacht: Bodo Wolf<br \/>\nGeist der gegenw\u00e4rtigen Weihnacht: Sascha Rotermund<br \/>\nGeist der zuk\u00fcnftigen Weihnacht: Peter Fleischmann<br \/>\nJunger Scrooge: Peter Lontzek<br \/>\nMr. Fezziwig: Stefan Staudinger<br \/>\nHenry: Manuel Straube<br \/>\nBella: Marion von Stengel<br \/>\nKaufmann 1: Thomas K\u00e4stner<br \/>\nKaufmann 2: Hanns J\u00f6rg Krumpolz<br \/>\nKaufmann 3: Rainer Fritzsche<br \/>\nDame 1: Sabine Arnhold<br \/>\nDame 2: Antje Thiele<br \/>\nSchuldner: Nicolai Tegeler<br \/>\nSchuldnerin: Franziska Endres<br \/>\nPassant: Torsten M\u00fcnchow<\/p>\n<p>Regie und Produktion: Gerd Naumann<br \/>\nBuch: Marc Freund, nach der Erz\u00e4hlung A CHRISTMAS CAROL (1843) von Charles Dickens<br \/>\nSounddesign, Mischung &#038; Master: Tom Steinbrecher<br \/>\nMusik: Christian Bluthardt<br \/>\nIllustrationen: Lidia Beleninova<\/p>\n<p>Spieldauer: ca. 71 Minuten<\/p>\n","protected":false},"excerpt":{"rendered":"<p>Eine Weihnachtsgeschichte Mit seiner Weihnachtsgeschichte schuf Charles Dickens unbestritten einen der sch\u00f6nsten und beliebtesten Klassiker der Weltliteratur. Erleben Sie Ebenezer Scrooges einzigartige Reise durch die Zeit, begleitet von den Geistern der vergangenen, der gegenw\u00e4rtigen und der zuk\u00fcnftigen Weihnacht. Ein zeitloses H\u00f6rerlebnis mit vielen bekannten Stimmen in einer neuen Vertonung. Erz\u00e4hler: Peter Weis Ebenezer Scrooge: J\u00fcrgen&#8230;<\/p>\n<p><a rel=\"bookmark\" class=\"vonzot-button-simple wvc-button wvc-button-size-sm\" href=\"https:\/\/www.allscore.de\/shop\/produkt\/eine-weihnachtsgeschichte\/\"><span>Read more<\/span><\/a><\/p>\n","protected":false},"featured_media":11462,"template":"","meta":[],"product_brand":[],"product_cat":[72,561],"product_tag":[],"class_list":{"0":"post-11459","1":"product","2":"type-product","3":"status-publish","4":"has-post-thumbnail","6":"product_cat-hoerspiele","7":"product_cat-weihnachtsgeschichte","8":"product_shipping_class-tontraeger-cd","9":"entry","10":"clearfix","11":"entry-grid","12":"entry-columns-3","13":"entry-product-module-layout-sidebar-right","14":"thumbnail-color-tone-dark","15":"entry-product","17":"entry-product-grid","19":"first","20":"instock","21":"taxable","22":"shipping-taxable","23":"purchasable","24":"product-type-simple"},"yoast_head":"<!-- This site is optimized with the Yoast SEO plugin v27.3 - https:\/\/yoast.com\/product\/yoast-seo-wordpress\/ -->\n<title>Eine Weihnachtsgeschichte<\/title>\n<meta name=\"description\" content=\"Eine Weihnachtsgeschichte - nach der Erz\u00e4hlung &quot;A Christmas Carol&quot; von Charles Dickens. Ein zeitloses H\u00f6rerlebnis in einer neuen Vertonung.\" \/>\n<meta name=\"robots\" content=\"index, follow, max-snippet:-1, max-image-preview:large, max-video-preview:-1\" \/>\n<link rel=\"canonical\" href=\"https:\/\/www.allscore.de\/shop\/produkt\/eine-weihnachtsgeschichte\/\" \/>\n<meta property=\"og:locale\" content=\"de_DE\" \/>\n<meta property=\"og:type\" content=\"article\" \/>\n<meta property=\"og:title\" content=\"Eine Weihnachtsgeschichte - nach der Erz\u00e4hlung &quot;A Christmas Carol&quot; von Charles Dickens.\" \/>\n<meta property=\"og:description\" content=\"Mit seiner Weihnachtsgeschichte schuf Charles Dickens unbestritten einen der sch\u00f6nsten und beliebtesten Klassiker der Weltliteratur. Erleben Sie Ebenezer Scrooges einzigartige Reise durch die Zeit, begleitet von den Geistern der vergangenen, der gegenw\u00e4rtigen und der zuk\u00fcnftigen Weihnacht. Ein zeitloses H\u00f6rerlebnis mit vielen bekannten Stimmen in einer neuen Vertonung.\" \/>\n<meta property=\"og:url\" content=\"https:\/\/www.allscore.de\/shop\/produkt\/eine-weihnachtsgeschichte\/\" \/>\n<meta property=\"og:site_name\" content=\"Allscore Shop\" \/>\n<meta property=\"article:modified_time\" content=\"2025-10-24T17:13:06+00:00\" \/>\n<meta property=\"og:image\" content=\"https:\/\/www.allscore.de\/shop\/wp-content\/uploads\/2022\/10\/Xmas01_1200x1200.jpg\" \/>\n\t<meta property=\"og:image:width\" content=\"1200\" \/>\n\t<meta property=\"og:image:height\" content=\"1200\" \/>\n\t<meta property=\"og:image:type\" content=\"image\/jpeg\" \/>\n<meta name=\"twitter:card\" content=\"summary_large_image\" \/>\n<meta name=\"twitter:label1\" content=\"Gesch\u00e4tzte Lesezeit\" \/>\n\t<meta name=\"twitter:data1\" content=\"2\u00a0Minuten\" \/>\n<script type=\"application\/ld+json\" class=\"yoast-schema-graph\">{\"@context\":\"https:\\\/\\\/schema.org\",\"@graph\":[{\"@type\":\"WebPage\",\"@id\":\"https:\\\/\\\/www.allscore.de\\\/shop\\\/produkt\\\/eine-weihnachtsgeschichte\\\/\",\"url\":\"https:\\\/\\\/www.allscore.de\\\/shop\\\/produkt\\\/eine-weihnachtsgeschichte\\\/\",\"name\":\"Eine Weihnachtsgeschichte\",\"isPartOf\":{\"@id\":\"https:\\\/\\\/www.allscore.de\\\/shop\\\/#website\"},\"primaryImageOfPage\":{\"@id\":\"https:\\\/\\\/www.allscore.de\\\/shop\\\/produkt\\\/eine-weihnachtsgeschichte\\\/#primaryimage\"},\"image\":{\"@id\":\"https:\\\/\\\/www.allscore.de\\\/shop\\\/produkt\\\/eine-weihnachtsgeschichte\\\/#primaryimage\"},\"thumbnailUrl\":\"https:\\\/\\\/www.allscore.de\\\/shop\\\/wp-content\\\/uploads\\\/2022\\\/10\\\/Xmas01_1200x1200.jpg\",\"datePublished\":\"2022-10-21T10:36:42+00:00\",\"dateModified\":\"2025-10-24T17:13:06+00:00\",\"description\":\"Eine Weihnachtsgeschichte - nach der Erz\u00e4hlung \\\"A Christmas Carol\\\" von Charles Dickens. Ein zeitloses H\u00f6rerlebnis in einer neuen Vertonung.\",\"breadcrumb\":{\"@id\":\"https:\\\/\\\/www.allscore.de\\\/shop\\\/produkt\\\/eine-weihnachtsgeschichte\\\/#breadcrumb\"},\"inLanguage\":\"de\",\"potentialAction\":[{\"@type\":\"ReadAction\",\"target\":[\"https:\\\/\\\/www.allscore.de\\\/shop\\\/produkt\\\/eine-weihnachtsgeschichte\\\/\"]}]},{\"@type\":\"ImageObject\",\"inLanguage\":\"de\",\"@id\":\"https:\\\/\\\/www.allscore.de\\\/shop\\\/produkt\\\/eine-weihnachtsgeschichte\\\/#primaryimage\",\"url\":\"https:\\\/\\\/www.allscore.de\\\/shop\\\/wp-content\\\/uploads\\\/2022\\\/10\\\/Xmas01_1200x1200.jpg\",\"contentUrl\":\"https:\\\/\\\/www.allscore.de\\\/shop\\\/wp-content\\\/uploads\\\/2022\\\/10\\\/Xmas01_1200x1200.jpg\",\"width\":1200,\"height\":1200,\"caption\":\"Eine Weihnachtsgeschichte\"},{\"@type\":\"BreadcrumbList\",\"@id\":\"https:\\\/\\\/www.allscore.de\\\/shop\\\/produkt\\\/eine-weihnachtsgeschichte\\\/#breadcrumb\",\"itemListElement\":[{\"@type\":\"ListItem\",\"position\":1,\"name\":\"Startseite\",\"item\":\"https:\\\/\\\/www.allscore.de\\\/shop\\\/\"},{\"@type\":\"ListItem\",\"position\":2,\"name\":\"Produkte\",\"item\":\"https:\\\/\\\/www.allscore.de\\\/shop\\\/shop\\\/\"},{\"@type\":\"ListItem\",\"position\":3,\"name\":\"Eine Weihnachtsgeschichte\"}]},{\"@type\":\"WebSite\",\"@id\":\"https:\\\/\\\/www.allscore.de\\\/shop\\\/#website\",\"url\":\"https:\\\/\\\/www.allscore.de\\\/shop\\\/\",\"name\":\"Allscore Shop\",\"description\":\"All Score Media\",\"publisher\":{\"@id\":\"https:\\\/\\\/www.allscore.de\\\/shop\\\/#organization\"},\"potentialAction\":[{\"@type\":\"SearchAction\",\"target\":{\"@type\":\"EntryPoint\",\"urlTemplate\":\"https:\\\/\\\/www.allscore.de\\\/shop\\\/?s={search_term_string}\"},\"query-input\":{\"@type\":\"PropertyValueSpecification\",\"valueRequired\":true,\"valueName\":\"search_term_string\"}}],\"inLanguage\":\"de\"},{\"@type\":\"Organization\",\"@id\":\"https:\\\/\\\/www.allscore.de\\\/shop\\\/#organization\",\"name\":\"All Score Media\",\"alternateName\":\"Allscore\",\"url\":\"https:\\\/\\\/www.allscore.de\\\/shop\\\/\",\"logo\":{\"@type\":\"ImageObject\",\"inLanguage\":\"de\",\"@id\":\"https:\\\/\\\/www.allscore.de\\\/shop\\\/#\\\/schema\\\/logo\\\/image\\\/\",\"url\":\"https:\\\/\\\/www.allscore.de\\\/shop\\\/wp-content\\\/uploads\\\/2026\\\/01\\\/Logo_Yoast_Shop_2026.png\",\"contentUrl\":\"https:\\\/\\\/www.allscore.de\\\/shop\\\/wp-content\\\/uploads\\\/2026\\\/01\\\/Logo_Yoast_Shop_2026.png\",\"width\":696,\"height\":696,\"caption\":\"All Score Media\"},\"image\":{\"@id\":\"https:\\\/\\\/www.allscore.de\\\/shop\\\/#\\\/schema\\\/logo\\\/image\\\/\"}}]}<\/script>\n<!-- \/ Yoast SEO plugin. -->","yoast_head_json":{"title":"Eine Weihnachtsgeschichte","description":"Eine Weihnachtsgeschichte - nach der Erz\u00e4hlung \"A Christmas Carol\" von Charles Dickens. Ein zeitloses H\u00f6rerlebnis in einer neuen Vertonung.","robots":{"index":"index","follow":"follow","max-snippet":"max-snippet:-1","max-image-preview":"max-image-preview:large","max-video-preview":"max-video-preview:-1"},"canonical":"https:\/\/www.allscore.de\/shop\/produkt\/eine-weihnachtsgeschichte\/","og_locale":"de_DE","og_type":"article","og_title":"Eine Weihnachtsgeschichte - nach der Erz\u00e4hlung \"A Christmas Carol\" von Charles Dickens.","og_description":"Mit seiner Weihnachtsgeschichte schuf Charles Dickens unbestritten einen der sch\u00f6nsten und beliebtesten Klassiker der Weltliteratur. Erleben Sie Ebenezer Scrooges einzigartige Reise durch die Zeit, begleitet von den Geistern der vergangenen, der gegenw\u00e4rtigen und der zuk\u00fcnftigen Weihnacht. Ein zeitloses H\u00f6rerlebnis mit vielen bekannten Stimmen in einer neuen Vertonung.","og_url":"https:\/\/www.allscore.de\/shop\/produkt\/eine-weihnachtsgeschichte\/","og_site_name":"Allscore Shop","article_modified_time":"2025-10-24T17:13:06+00:00","og_image":[{"width":1200,"height":1200,"url":"https:\/\/www.allscore.de\/shop\/wp-content\/uploads\/2022\/10\/Xmas01_1200x1200.jpg","type":"image\/jpeg"}],"twitter_card":"summary_large_image","twitter_misc":{"Gesch\u00e4tzte Lesezeit":"2\u00a0Minuten"},"schema":{"@context":"https:\/\/schema.org","@graph":[{"@type":"WebPage","@id":"https:\/\/www.allscore.de\/shop\/produkt\/eine-weihnachtsgeschichte\/","url":"https:\/\/www.allscore.de\/shop\/produkt\/eine-weihnachtsgeschichte\/","name":"Eine Weihnachtsgeschichte","isPartOf":{"@id":"https:\/\/www.allscore.de\/shop\/#website"},"primaryImageOfPage":{"@id":"https:\/\/www.allscore.de\/shop\/produkt\/eine-weihnachtsgeschichte\/#primaryimage"},"image":{"@id":"https:\/\/www.allscore.de\/shop\/produkt\/eine-weihnachtsgeschichte\/#primaryimage"},"thumbnailUrl":"https:\/\/www.allscore.de\/shop\/wp-content\/uploads\/2022\/10\/Xmas01_1200x1200.jpg","datePublished":"2022-10-21T10:36:42+00:00","dateModified":"2025-10-24T17:13:06+00:00","description":"Eine Weihnachtsgeschichte - nach der Erz\u00e4hlung \"A Christmas Carol\" von Charles Dickens. Ein zeitloses H\u00f6rerlebnis in einer neuen Vertonung.","breadcrumb":{"@id":"https:\/\/www.allscore.de\/shop\/produkt\/eine-weihnachtsgeschichte\/#breadcrumb"},"inLanguage":"de","potentialAction":[{"@type":"ReadAction","target":["https:\/\/www.allscore.de\/shop\/produkt\/eine-weihnachtsgeschichte\/"]}]},{"@type":"ImageObject","inLanguage":"de","@id":"https:\/\/www.allscore.de\/shop\/produkt\/eine-weihnachtsgeschichte\/#primaryimage","url":"https:\/\/www.allscore.de\/shop\/wp-content\/uploads\/2022\/10\/Xmas01_1200x1200.jpg","contentUrl":"https:\/\/www.allscore.de\/shop\/wp-content\/uploads\/2022\/10\/Xmas01_1200x1200.jpg","width":1200,"height":1200,"caption":"Eine Weihnachtsgeschichte"},{"@type":"BreadcrumbList","@id":"https:\/\/www.allscore.de\/shop\/produkt\/eine-weihnachtsgeschichte\/#breadcrumb","itemListElement":[{"@type":"ListItem","position":1,"name":"Startseite","item":"https:\/\/www.allscore.de\/shop\/"},{"@type":"ListItem","position":2,"name":"Produkte","item":"https:\/\/www.allscore.de\/shop\/shop\/"},{"@type":"ListItem","position":3,"name":"Eine Weihnachtsgeschichte"}]},{"@type":"WebSite","@id":"https:\/\/www.allscore.de\/shop\/#website","url":"https:\/\/www.allscore.de\/shop\/","name":"Allscore Shop","description":"All Score Media","publisher":{"@id":"https:\/\/www.allscore.de\/shop\/#organization"},"potentialAction":[{"@type":"SearchAction","target":{"@type":"EntryPoint","urlTemplate":"https:\/\/www.allscore.de\/shop\/?s={search_term_string}"},"query-input":{"@type":"PropertyValueSpecification","valueRequired":true,"valueName":"search_term_string"}}],"inLanguage":"de"},{"@type":"Organization","@id":"https:\/\/www.allscore.de\/shop\/#organization","name":"All Score Media","alternateName":"Allscore","url":"https:\/\/www.allscore.de\/shop\/","logo":{"@type":"ImageObject","inLanguage":"de","@id":"https:\/\/www.allscore.de\/shop\/#\/schema\/logo\/image\/","url":"https:\/\/www.allscore.de\/shop\/wp-content\/uploads\/2026\/01\/Logo_Yoast_Shop_2026.png","contentUrl":"https:\/\/www.allscore.de\/shop\/wp-content\/uploads\/2026\/01\/Logo_Yoast_Shop_2026.png","width":696,"height":696,"caption":"All Score Media"},"image":{"@id":"https:\/\/www.allscore.de\/shop\/#\/schema\/logo\/image\/"}}]}},"_links":{"self":[{"href":"https:\/\/www.allscore.de\/shop\/wp-json\/wp\/v2\/product\/11459","targetHints":{"allow":["GET"]}}],"collection":[{"href":"https:\/\/www.allscore.de\/shop\/wp-json\/wp\/v2\/product"}],"about":[{"href":"https:\/\/www.allscore.de\/shop\/wp-json\/wp\/v2\/types\/product"}],"wp:featuredmedia":[{"embeddable":true,"href":"https:\/\/www.allscore.de\/shop\/wp-json\/wp\/v2\/media\/11462"}],"wp:attachment":[{"href":"https:\/\/www.allscore.de\/shop\/wp-json\/wp\/v2\/media?parent=11459"}],"wp:term":[{"taxonomy":"product_brand","embeddable":true,"href":"https:\/\/www.allscore.de\/shop\/wp-json\/wp\/v2\/product_brand?post=11459"},{"taxonomy":"product_cat","embeddable":true,"href":"https:\/\/www.allscore.de\/shop\/wp-json\/wp\/v2\/product_cat?post=11459"},{"taxonomy":"product_tag","embeddable":true,"href":"https:\/\/www.allscore.de\/shop\/wp-json\/wp\/v2\/product_tag?post=11459"}],"curies":[{"name":"wp","href":"https:\/\/api.w.org\/{rel}","templated":true}]}}