{"id":11411,"date":"2022-10-13T16:10:05","date_gmt":"2022-10-13T14:10:05","guid":{"rendered":"https:\/\/www.allscore.de\/shop\/?post_type=product&#038;p=11411"},"modified":"2026-01-22T13:00:06","modified_gmt":"2026-01-22T12:00:06","slug":"inspector-lestrade-der-kobold-von-bath-fall-16","status":"publish","type":"product","link":"https:\/\/www.allscore.de\/shop\/produkt\/inspector-lestrade-der-kobold-von-bath-fall-16\/","title":{"rendered":"Inspector Lestrade 16: Der Kobold von Bath"},"content":{"rendered":"<p>Inspector Lestrade: Der Kobold von Bath (Fall 16)<\/p>\n<p>Ein merkw\u00fcrdiger Anruf erreicht Lestrade. Darin berichtet eine offenbar verwirrte Frau, dass ein mordl\u00fcsterner Gnom ihr ungeborenes Kind aus ihrem Leib gestohlen habe. Trotz aller Zweifel beschlie\u00dft Lestrade, der Sache auf den Grund zu gehen. Gemeinsam mit Inspector Dash sucht er die Frau auf, die ihn so verzweifelt um Hilfe bat. Vor Ort erfahren die Yard-Beamten, dass Amber Halbrook vor einem Jahr einen furchtbaren Schicksalsschlag erlitt, von dem sie sich nie wieder erholt hat. Und obwohl alles gegen die Schilderung der schwerkranken Frau spricht, hat Lestrade ein ungutes Gef\u00fchl. Wie richtig er damit liegt, zeigt sich, als Mrs. Halbrook vor seinen Augen stirbt\u2026<\/p>\n<p>Inspector Lestrade: Lutz Harder<br \/>\nInspector Dash: Michael Pink<br \/>\nCommissioner Cedric Hawksley: Bodo Wolf<br \/>\nDr. Thomas Lovell: J\u00f6rg Hengstler<br \/>\nSergeant Penfield: Tim Moeseritz<br \/>\nJosephine Truscott: Elisabeth G\u00fcnther<br \/>\nKenneth Halbrook: Achim Buch<br \/>\nAmber Halbrook: Jessica Walther-Gabory<br \/>\nDr. Conway: Thomas K\u00e4stner<br \/>\nSherlock Holmes: Christian Rode<br \/>\nDoktor Watson: Peter Groeger<\/p>\n<p>Regie: Gerd Naumann<br \/>\nBuch und Idee: Andreas Masuth<br \/>\nMusik: Christian Bluthardt<br \/>\nSounddesign, Mischung &#038; Master: Tom Steinbrecher<\/p>\n<p>Spieldauer: ca. 60 Minuten<\/p>\n","protected":false},"excerpt":{"rendered":"<p>Inspector Lestrade: Der Kobold von Bath (Fall 16) Ein merkw\u00fcrdiger Anruf erreicht Lestrade. Darin berichtet eine offenbar verwirrte Frau, dass ein mordl\u00fcsterner Gnom ihr ungeborenes Kind aus ihrem Leib gestohlen habe. Trotz aller Zweifel beschlie\u00dft Lestrade, der Sache auf den Grund zu gehen. Gemeinsam mit Inspector Dash sucht er die Frau auf, die ihn so&#8230;<\/p>\n<p><a rel=\"bookmark\" class=\"vonzot-button-simple wvc-button wvc-button-size-sm\" href=\"https:\/\/www.allscore.de\/shop\/produkt\/inspector-lestrade-der-kobold-von-bath-fall-16\/\"><span>Read more<\/span><\/a><\/p>\n","protected":false},"featured_media":11413,"template":"","meta":[],"product_brand":[],"product_cat":[72,217],"product_tag":[],"class_list":{"0":"post-11411","1":"product","2":"type-product","3":"status-publish","4":"has-post-thumbnail","6":"product_cat-hoerspiele","7":"product_cat-inspector-lestrade","8":"product_shipping_class-tontraeger-cd","9":"entry","10":"clearfix","11":"entry-grid","12":"entry-columns-3","13":"entry-product-module-layout-sidebar-right","14":"thumbnail-color-tone-dark","15":"entry-product","17":"entry-product-grid","19":"first","20":"instock","21":"taxable","22":"shipping-taxable","23":"purchasable","24":"product-type-simple"},"yoast_head":"<!-- This site is optimized with the Yoast SEO plugin v27.4 - https:\/\/yoast.com\/product\/yoast-seo-wordpress\/ -->\n<title>Inspector Lestrade 16: Der Kobold von Bath<\/title>\n<meta name=\"description\" content=\"Eine offenbar verwirrte Frau berichtet Inspector Lestrade, dass ein mordl\u00fcsterner Gnom ihr ungeborenes Kind aus ihrem Leib gestohlen habe...\" \/>\n<meta name=\"robots\" content=\"index, follow, max-snippet:-1, max-image-preview:large, max-video-preview:-1\" \/>\n<link rel=\"canonical\" href=\"https:\/\/www.allscore.de\/shop\/produkt\/inspector-lestrade-der-kobold-von-bath-fall-16\/\" \/>\n<meta property=\"og:locale\" content=\"de_DE\" \/>\n<meta property=\"og:type\" content=\"article\" \/>\n<meta property=\"og:title\" content=\"Inspector Lestrade: Der Kobold von Bath (Fall 16)\" \/>\n<meta property=\"og:description\" content=\"Ein merkw\u00fcrdiger Anruf erreicht Lestrade. Darin berichtet eine offenbar verwirrte Frau, dass ein mordl\u00fcsterner Gnom ihr ungeborenes Kind aus ihrem Leib gestohlen habe. Trotz aller Zweifel beschlie\u00dft Lestrade, der Sache auf den Grund zu gehen.\" \/>\n<meta property=\"og:url\" content=\"https:\/\/www.allscore.de\/shop\/produkt\/inspector-lestrade-der-kobold-von-bath-fall-16\/\" \/>\n<meta property=\"og:site_name\" content=\"Allscore Shop\" \/>\n<meta property=\"article:modified_time\" content=\"2026-01-22T12:00:06+00:00\" \/>\n<meta property=\"og:image\" content=\"https:\/\/www.allscore.de\/shop\/wp-content\/uploads\/2022\/10\/Lest16_1200x1200.jpg\" \/>\n\t<meta property=\"og:image:width\" content=\"1200\" \/>\n\t<meta property=\"og:image:height\" content=\"1200\" \/>\n\t<meta property=\"og:image:type\" content=\"image\/jpeg\" \/>\n<meta name=\"twitter:card\" content=\"summary_large_image\" \/>\n<meta name=\"twitter:label1\" content=\"Gesch\u00e4tzte Lesezeit\" \/>\n\t<meta name=\"twitter:data1\" content=\"1\u00a0Minute\" \/>\n<script type=\"application\/ld+json\" class=\"yoast-schema-graph\">{\"@context\":\"https:\\\/\\\/schema.org\",\"@graph\":[{\"@type\":\"WebPage\",\"@id\":\"https:\\\/\\\/www.allscore.de\\\/shop\\\/produkt\\\/inspector-lestrade-der-kobold-von-bath-fall-16\\\/\",\"url\":\"https:\\\/\\\/www.allscore.de\\\/shop\\\/produkt\\\/inspector-lestrade-der-kobold-von-bath-fall-16\\\/\",\"name\":\"Inspector Lestrade 16: Der Kobold von Bath\",\"isPartOf\":{\"@id\":\"https:\\\/\\\/www.allscore.de\\\/shop\\\/#website\"},\"primaryImageOfPage\":{\"@id\":\"https:\\\/\\\/www.allscore.de\\\/shop\\\/produkt\\\/inspector-lestrade-der-kobold-von-bath-fall-16\\\/#primaryimage\"},\"image\":{\"@id\":\"https:\\\/\\\/www.allscore.de\\\/shop\\\/produkt\\\/inspector-lestrade-der-kobold-von-bath-fall-16\\\/#primaryimage\"},\"thumbnailUrl\":\"https:\\\/\\\/www.allscore.de\\\/shop\\\/wp-content\\\/uploads\\\/2022\\\/10\\\/Lest16_1200x1200.jpg\",\"datePublished\":\"2022-10-13T14:10:05+00:00\",\"dateModified\":\"2026-01-22T12:00:06+00:00\",\"description\":\"Eine offenbar verwirrte Frau berichtet Inspector Lestrade, dass ein mordl\u00fcsterner Gnom ihr ungeborenes Kind aus ihrem Leib gestohlen habe...\",\"breadcrumb\":{\"@id\":\"https:\\\/\\\/www.allscore.de\\\/shop\\\/produkt\\\/inspector-lestrade-der-kobold-von-bath-fall-16\\\/#breadcrumb\"},\"inLanguage\":\"de\",\"potentialAction\":[{\"@type\":\"ReadAction\",\"target\":[\"https:\\\/\\\/www.allscore.de\\\/shop\\\/produkt\\\/inspector-lestrade-der-kobold-von-bath-fall-16\\\/\"]}]},{\"@type\":\"ImageObject\",\"inLanguage\":\"de\",\"@id\":\"https:\\\/\\\/www.allscore.de\\\/shop\\\/produkt\\\/inspector-lestrade-der-kobold-von-bath-fall-16\\\/#primaryimage\",\"url\":\"https:\\\/\\\/www.allscore.de\\\/shop\\\/wp-content\\\/uploads\\\/2022\\\/10\\\/Lest16_1200x1200.jpg\",\"contentUrl\":\"https:\\\/\\\/www.allscore.de\\\/shop\\\/wp-content\\\/uploads\\\/2022\\\/10\\\/Lest16_1200x1200.jpg\",\"width\":1200,\"height\":1200,\"caption\":\"Inspector Lestrade (16): Der Kobold von Bath\"},{\"@type\":\"BreadcrumbList\",\"@id\":\"https:\\\/\\\/www.allscore.de\\\/shop\\\/produkt\\\/inspector-lestrade-der-kobold-von-bath-fall-16\\\/#breadcrumb\",\"itemListElement\":[{\"@type\":\"ListItem\",\"position\":1,\"name\":\"Startseite\",\"item\":\"https:\\\/\\\/www.allscore.de\\\/shop\\\/\"},{\"@type\":\"ListItem\",\"position\":2,\"name\":\"Produkte\",\"item\":\"https:\\\/\\\/www.allscore.de\\\/shop\\\/shop\\\/\"},{\"@type\":\"ListItem\",\"position\":3,\"name\":\"Inspector Lestrade 16: Der Kobold von Bath\"}]},{\"@type\":\"WebSite\",\"@id\":\"https:\\\/\\\/www.allscore.de\\\/shop\\\/#website\",\"url\":\"https:\\\/\\\/www.allscore.de\\\/shop\\\/\",\"name\":\"Allscore Shop\",\"description\":\"All Score Media\",\"publisher\":{\"@id\":\"https:\\\/\\\/www.allscore.de\\\/shop\\\/#organization\"},\"potentialAction\":[{\"@type\":\"SearchAction\",\"target\":{\"@type\":\"EntryPoint\",\"urlTemplate\":\"https:\\\/\\\/www.allscore.de\\\/shop\\\/?s={search_term_string}\"},\"query-input\":{\"@type\":\"PropertyValueSpecification\",\"valueRequired\":true,\"valueName\":\"search_term_string\"}}],\"inLanguage\":\"de\"},{\"@type\":\"Organization\",\"@id\":\"https:\\\/\\\/www.allscore.de\\\/shop\\\/#organization\",\"name\":\"All Score Media\",\"alternateName\":\"Allscore\",\"url\":\"https:\\\/\\\/www.allscore.de\\\/shop\\\/\",\"logo\":{\"@type\":\"ImageObject\",\"inLanguage\":\"de\",\"@id\":\"https:\\\/\\\/www.allscore.de\\\/shop\\\/#\\\/schema\\\/logo\\\/image\\\/\",\"url\":\"https:\\\/\\\/www.allscore.de\\\/shop\\\/wp-content\\\/uploads\\\/2026\\\/01\\\/Logo_Yoast_Shop_2026.png\",\"contentUrl\":\"https:\\\/\\\/www.allscore.de\\\/shop\\\/wp-content\\\/uploads\\\/2026\\\/01\\\/Logo_Yoast_Shop_2026.png\",\"width\":696,\"height\":696,\"caption\":\"All Score Media\"},\"image\":{\"@id\":\"https:\\\/\\\/www.allscore.de\\\/shop\\\/#\\\/schema\\\/logo\\\/image\\\/\"}}]}<\/script>\n<!-- \/ Yoast SEO plugin. -->","yoast_head_json":{"title":"Inspector Lestrade 16: Der Kobold von Bath","description":"Eine offenbar verwirrte Frau berichtet Inspector Lestrade, dass ein mordl\u00fcsterner Gnom ihr ungeborenes Kind aus ihrem Leib gestohlen habe...","robots":{"index":"index","follow":"follow","max-snippet":"max-snippet:-1","max-image-preview":"max-image-preview:large","max-video-preview":"max-video-preview:-1"},"canonical":"https:\/\/www.allscore.de\/shop\/produkt\/inspector-lestrade-der-kobold-von-bath-fall-16\/","og_locale":"de_DE","og_type":"article","og_title":"Inspector Lestrade: Der Kobold von Bath (Fall 16)","og_description":"Ein merkw\u00fcrdiger Anruf erreicht Lestrade. Darin berichtet eine offenbar verwirrte Frau, dass ein mordl\u00fcsterner Gnom ihr ungeborenes Kind aus ihrem Leib gestohlen habe. Trotz aller Zweifel beschlie\u00dft Lestrade, der Sache auf den Grund zu gehen.","og_url":"https:\/\/www.allscore.de\/shop\/produkt\/inspector-lestrade-der-kobold-von-bath-fall-16\/","og_site_name":"Allscore Shop","article_modified_time":"2026-01-22T12:00:06+00:00","og_image":[{"width":1200,"height":1200,"url":"https:\/\/www.allscore.de\/shop\/wp-content\/uploads\/2022\/10\/Lest16_1200x1200.jpg","type":"image\/jpeg"}],"twitter_card":"summary_large_image","twitter_misc":{"Gesch\u00e4tzte Lesezeit":"1\u00a0Minute"},"schema":{"@context":"https:\/\/schema.org","@graph":[{"@type":"WebPage","@id":"https:\/\/www.allscore.de\/shop\/produkt\/inspector-lestrade-der-kobold-von-bath-fall-16\/","url":"https:\/\/www.allscore.de\/shop\/produkt\/inspector-lestrade-der-kobold-von-bath-fall-16\/","name":"Inspector Lestrade 16: Der Kobold von Bath","isPartOf":{"@id":"https:\/\/www.allscore.de\/shop\/#website"},"primaryImageOfPage":{"@id":"https:\/\/www.allscore.de\/shop\/produkt\/inspector-lestrade-der-kobold-von-bath-fall-16\/#primaryimage"},"image":{"@id":"https:\/\/www.allscore.de\/shop\/produkt\/inspector-lestrade-der-kobold-von-bath-fall-16\/#primaryimage"},"thumbnailUrl":"https:\/\/www.allscore.de\/shop\/wp-content\/uploads\/2022\/10\/Lest16_1200x1200.jpg","datePublished":"2022-10-13T14:10:05+00:00","dateModified":"2026-01-22T12:00:06+00:00","description":"Eine offenbar verwirrte Frau berichtet Inspector Lestrade, dass ein mordl\u00fcsterner Gnom ihr ungeborenes Kind aus ihrem Leib gestohlen habe...","breadcrumb":{"@id":"https:\/\/www.allscore.de\/shop\/produkt\/inspector-lestrade-der-kobold-von-bath-fall-16\/#breadcrumb"},"inLanguage":"de","potentialAction":[{"@type":"ReadAction","target":["https:\/\/www.allscore.de\/shop\/produkt\/inspector-lestrade-der-kobold-von-bath-fall-16\/"]}]},{"@type":"ImageObject","inLanguage":"de","@id":"https:\/\/www.allscore.de\/shop\/produkt\/inspector-lestrade-der-kobold-von-bath-fall-16\/#primaryimage","url":"https:\/\/www.allscore.de\/shop\/wp-content\/uploads\/2022\/10\/Lest16_1200x1200.jpg","contentUrl":"https:\/\/www.allscore.de\/shop\/wp-content\/uploads\/2022\/10\/Lest16_1200x1200.jpg","width":1200,"height":1200,"caption":"Inspector Lestrade (16): Der Kobold von Bath"},{"@type":"BreadcrumbList","@id":"https:\/\/www.allscore.de\/shop\/produkt\/inspector-lestrade-der-kobold-von-bath-fall-16\/#breadcrumb","itemListElement":[{"@type":"ListItem","position":1,"name":"Startseite","item":"https:\/\/www.allscore.de\/shop\/"},{"@type":"ListItem","position":2,"name":"Produkte","item":"https:\/\/www.allscore.de\/shop\/shop\/"},{"@type":"ListItem","position":3,"name":"Inspector Lestrade 16: Der Kobold von Bath"}]},{"@type":"WebSite","@id":"https:\/\/www.allscore.de\/shop\/#website","url":"https:\/\/www.allscore.de\/shop\/","name":"Allscore Shop","description":"All Score Media","publisher":{"@id":"https:\/\/www.allscore.de\/shop\/#organization"},"potentialAction":[{"@type":"SearchAction","target":{"@type":"EntryPoint","urlTemplate":"https:\/\/www.allscore.de\/shop\/?s={search_term_string}"},"query-input":{"@type":"PropertyValueSpecification","valueRequired":true,"valueName":"search_term_string"}}],"inLanguage":"de"},{"@type":"Organization","@id":"https:\/\/www.allscore.de\/shop\/#organization","name":"All Score Media","alternateName":"Allscore","url":"https:\/\/www.allscore.de\/shop\/","logo":{"@type":"ImageObject","inLanguage":"de","@id":"https:\/\/www.allscore.de\/shop\/#\/schema\/logo\/image\/","url":"https:\/\/www.allscore.de\/shop\/wp-content\/uploads\/2026\/01\/Logo_Yoast_Shop_2026.png","contentUrl":"https:\/\/www.allscore.de\/shop\/wp-content\/uploads\/2026\/01\/Logo_Yoast_Shop_2026.png","width":696,"height":696,"caption":"All Score Media"},"image":{"@id":"https:\/\/www.allscore.de\/shop\/#\/schema\/logo\/image\/"}}]}},"_links":{"self":[{"href":"https:\/\/www.allscore.de\/shop\/wp-json\/wp\/v2\/product\/11411","targetHints":{"allow":["GET"]}}],"collection":[{"href":"https:\/\/www.allscore.de\/shop\/wp-json\/wp\/v2\/product"}],"about":[{"href":"https:\/\/www.allscore.de\/shop\/wp-json\/wp\/v2\/types\/product"}],"wp:featuredmedia":[{"embeddable":true,"href":"https:\/\/www.allscore.de\/shop\/wp-json\/wp\/v2\/media\/11413"}],"wp:attachment":[{"href":"https:\/\/www.allscore.de\/shop\/wp-json\/wp\/v2\/media?parent=11411"}],"wp:term":[{"taxonomy":"product_brand","embeddable":true,"href":"https:\/\/www.allscore.de\/shop\/wp-json\/wp\/v2\/product_brand?post=11411"},{"taxonomy":"product_cat","embeddable":true,"href":"https:\/\/www.allscore.de\/shop\/wp-json\/wp\/v2\/product_cat?post=11411"},{"taxonomy":"product_tag","embeddable":true,"href":"https:\/\/www.allscore.de\/shop\/wp-json\/wp\/v2\/product_tag?post=11411"}],"curies":[{"name":"wp","href":"https:\/\/api.w.org\/{rel}","templated":true}]}}