{"id":11291,"date":"2022-09-08T15:12:09","date_gmt":"2022-09-08T13:12:09","guid":{"rendered":"https:\/\/www.allscore.de\/shop\/?post_type=product&#038;p=11291"},"modified":"2025-12-16T21:21:22","modified_gmt":"2025-12-16T20:21:22","slug":"mondo-sangue-verso-eric-pfeil-radio-gelato-81-mondo-originale-mix","status":"publish","type":"product","link":"https:\/\/www.allscore.de\/shop\/produkt\/mondo-sangue-verso-eric-pfeil-radio-gelato-81-mondo-originale-mix\/","title":{"rendered":"Mondo Sangue verso Eric Pfeil \u2013 Radio Gelato"},"content":{"rendered":"<p>\u201eRadio Gelato\u201c als 7&#8243;-Vinyl-Single vom Label Rheinschallplatten. Limitiert auf 566 St\u00fcck, mit Wechselcover, nur echt mit doppelter A-Seite!<\/p>\n<p>Eric Pfeil \u00fcber die Single: &#8222;Urspr\u00fcnglich 2014 digital bei Trikont ver\u00f6ffentlicht, war das Lied mein fr\u00fcher, sehr naiver Versuch einer Italopop-Beschw\u00f6rung. Als ich meinem Produzent Ekki Maas damals diverse Referenzlieder f\u00fcr die Klangfindung vorspielte, rieb der sich freudig die H\u00e4nde und sprach: \u201eToll, endlich kann ich alle verbotenen Sounds in einem St\u00fcck unterbringen.\u201c Und so geschah es. Der erhoffte Sommerhit wurde das Lied damals nicht. Au\u00dfer in Stuttgart, dort gelte ich seither in zwei oder drei Haushalten als One-Hit-Wonder.<br \/>\nDer Clou der Single findet sich auf der anderen Seite (\u201eRadio Gelato\u201c ist eine Doppel-A-Side). Dort n\u00e4mlich servieren meine Freunde von MONDO SANGUE ihren \u201e1981-er-Original-Mix\u201c, der Ricchi e Poveri ohne Helm mit der frisierten Vespa auf dem Standstreifen \u00fcberholt. Ein gro\u00dfes Danke daf\u00fcr an Yvy Pop und Christian Bluthardt. Danke auch an Ina Kristina Kalvelage f\u00fcr das Cover und Thomas Rhein und Markus Rhein, auf deren Label die Platte mit freundlicher Genehmigung von Trikont heute erscheint.<br \/>\nInsomma: L\u2019estate sta finendo. Wenn Sie nach einem Lied suchten, um dem Sommer leise \u201eCiao\u201c zuzufl\u00fcstern \u2013 hier ist es! Die Single ist rarer als Fahrradwege in Neapel und sollte beim Schallplattenverk\u00e4ufer Ihres Vertrauens erh\u00e4ltlich sein.&#8220;<\/p>\n","protected":false},"excerpt":{"rendered":"<p>Die auf 566 St\u00fcck limitierte Single mit Wechselcover gibt es im Allscore Shop mit exklusivem Bonus in Form eines beigelegten Downloadcodes des \u201e1981-er-Original-Mixes\u201c.<\/p>\n","protected":false},"featured_media":11295,"template":"","meta":[],"product_brand":[],"product_cat":[49,192],"product_tag":[541],"class_list":{"0":"post-11291","1":"product","2":"type-product","3":"status-publish","4":"has-post-thumbnail","6":"product_cat-bands","7":"product_cat-mondo-sangue","8":"product_tag-italo-disco","9":"product_shipping_class-tontraeger-cd","10":"entry","11":"clearfix","12":"entry-grid","13":"entry-columns-3","14":"entry-product-module-layout-sidebar-right","15":"thumbnail-color-tone-dark","16":"entry-product","18":"entry-product-grid","20":"first","21":"instock","22":"taxable","23":"shipping-taxable","24":"purchasable","25":"product-type-simple"},"yoast_head":"<!-- This site is optimized with the Yoast SEO plugin v27.3 - https:\/\/yoast.com\/product\/yoast-seo-wordpress\/ -->\n<title>Mondo Sangue verso Eric Pfeil - Radio Gelato (7&quot;-Single)<\/title>\n<meta name=\"description\" content=\"Radio Gelato als 7\u2033-Vinyl-Single vom Label Rheinschallplatten. Limitiert auf 566 St\u00fcck, mit Wechselcover, nur echt mit doppelter A-Seite!\" \/>\n<meta name=\"robots\" content=\"index, follow, max-snippet:-1, max-image-preview:large, max-video-preview:-1\" \/>\n<link rel=\"canonical\" href=\"https:\/\/www.allscore.de\/shop\/produkt\/mondo-sangue-verso-eric-pfeil-radio-gelato-81-mondo-originale-mix\/\" \/>\n<meta property=\"og:locale\" content=\"de_DE\" \/>\n<meta property=\"og:type\" content=\"article\" \/>\n<meta property=\"og:title\" content=\"Mondo Sangue verso Eric Pfeil - Radio Gelato\" \/>\n<meta property=\"og:description\" content=\"Radio Gelato als 7\u2033-Vinyl-Single vom Label Rheinschallplatten. Limitiert auf 566 St\u00fcck, mit Wechselcover, nur echt mit doppelter A-Seite!\" \/>\n<meta property=\"og:url\" content=\"https:\/\/www.allscore.de\/shop\/produkt\/mondo-sangue-verso-eric-pfeil-radio-gelato-81-mondo-originale-mix\/\" \/>\n<meta property=\"og:site_name\" content=\"Allscore Shop\" \/>\n<meta property=\"article:modified_time\" content=\"2025-12-16T20:21:22+00:00\" \/>\n<meta property=\"og:image\" content=\"https:\/\/www.allscore.de\/shop\/wp-content\/uploads\/2022\/09\/ASM055_RadioGelato_1200.jpg\" \/>\n\t<meta property=\"og:image:width\" content=\"1200\" \/>\n\t<meta property=\"og:image:height\" content=\"1200\" \/>\n\t<meta property=\"og:image:type\" content=\"image\/jpeg\" \/>\n<meta name=\"twitter:card\" content=\"summary_large_image\" \/>\n<meta name=\"twitter:label1\" content=\"Gesch\u00e4tzte Lesezeit\" \/>\n\t<meta name=\"twitter:data1\" content=\"2\u00a0Minuten\" \/>\n<script type=\"application\/ld+json\" class=\"yoast-schema-graph\">{\"@context\":\"https:\\\/\\\/schema.org\",\"@graph\":[{\"@type\":\"WebPage\",\"@id\":\"https:\\\/\\\/www.allscore.de\\\/shop\\\/produkt\\\/mondo-sangue-verso-eric-pfeil-radio-gelato-81-mondo-originale-mix\\\/\",\"url\":\"https:\\\/\\\/www.allscore.de\\\/shop\\\/produkt\\\/mondo-sangue-verso-eric-pfeil-radio-gelato-81-mondo-originale-mix\\\/\",\"name\":\"Mondo Sangue verso Eric Pfeil - Radio Gelato (7\\\"-Single)\",\"isPartOf\":{\"@id\":\"https:\\\/\\\/www.allscore.de\\\/shop\\\/#website\"},\"primaryImageOfPage\":{\"@id\":\"https:\\\/\\\/www.allscore.de\\\/shop\\\/produkt\\\/mondo-sangue-verso-eric-pfeil-radio-gelato-81-mondo-originale-mix\\\/#primaryimage\"},\"image\":{\"@id\":\"https:\\\/\\\/www.allscore.de\\\/shop\\\/produkt\\\/mondo-sangue-verso-eric-pfeil-radio-gelato-81-mondo-originale-mix\\\/#primaryimage\"},\"thumbnailUrl\":\"https:\\\/\\\/www.allscore.de\\\/shop\\\/wp-content\\\/uploads\\\/2022\\\/09\\\/ASM055_RadioGelato_1200.jpg\",\"datePublished\":\"2022-09-08T13:12:09+00:00\",\"dateModified\":\"2025-12-16T20:21:22+00:00\",\"description\":\"Radio Gelato als 7\u2033-Vinyl-Single vom Label Rheinschallplatten. Limitiert auf 566 St\u00fcck, mit Wechselcover, nur echt mit doppelter A-Seite!\",\"breadcrumb\":{\"@id\":\"https:\\\/\\\/www.allscore.de\\\/shop\\\/produkt\\\/mondo-sangue-verso-eric-pfeil-radio-gelato-81-mondo-originale-mix\\\/#breadcrumb\"},\"inLanguage\":\"de\",\"potentialAction\":[{\"@type\":\"ReadAction\",\"target\":[\"https:\\\/\\\/www.allscore.de\\\/shop\\\/produkt\\\/mondo-sangue-verso-eric-pfeil-radio-gelato-81-mondo-originale-mix\\\/\"]}]},{\"@type\":\"ImageObject\",\"inLanguage\":\"de\",\"@id\":\"https:\\\/\\\/www.allscore.de\\\/shop\\\/produkt\\\/mondo-sangue-verso-eric-pfeil-radio-gelato-81-mondo-originale-mix\\\/#primaryimage\",\"url\":\"https:\\\/\\\/www.allscore.de\\\/shop\\\/wp-content\\\/uploads\\\/2022\\\/09\\\/ASM055_RadioGelato_1200.jpg\",\"contentUrl\":\"https:\\\/\\\/www.allscore.de\\\/shop\\\/wp-content\\\/uploads\\\/2022\\\/09\\\/ASM055_RadioGelato_1200.jpg\",\"width\":1200,\"height\":1200,\"caption\":\"Mondo Sangue versus Eric Pfeil\"},{\"@type\":\"BreadcrumbList\",\"@id\":\"https:\\\/\\\/www.allscore.de\\\/shop\\\/produkt\\\/mondo-sangue-verso-eric-pfeil-radio-gelato-81-mondo-originale-mix\\\/#breadcrumb\",\"itemListElement\":[{\"@type\":\"ListItem\",\"position\":1,\"name\":\"Startseite\",\"item\":\"https:\\\/\\\/www.allscore.de\\\/shop\\\/\"},{\"@type\":\"ListItem\",\"position\":2,\"name\":\"Produkte\",\"item\":\"https:\\\/\\\/www.allscore.de\\\/shop\\\/shop\\\/\"},{\"@type\":\"ListItem\",\"position\":3,\"name\":\"Mondo Sangue verso Eric Pfeil \u2013 Radio Gelato\"}]},{\"@type\":\"WebSite\",\"@id\":\"https:\\\/\\\/www.allscore.de\\\/shop\\\/#website\",\"url\":\"https:\\\/\\\/www.allscore.de\\\/shop\\\/\",\"name\":\"Allscore Shop\",\"description\":\"All Score Media\",\"publisher\":{\"@id\":\"https:\\\/\\\/www.allscore.de\\\/shop\\\/#organization\"},\"potentialAction\":[{\"@type\":\"SearchAction\",\"target\":{\"@type\":\"EntryPoint\",\"urlTemplate\":\"https:\\\/\\\/www.allscore.de\\\/shop\\\/?s={search_term_string}\"},\"query-input\":{\"@type\":\"PropertyValueSpecification\",\"valueRequired\":true,\"valueName\":\"search_term_string\"}}],\"inLanguage\":\"de\"},{\"@type\":\"Organization\",\"@id\":\"https:\\\/\\\/www.allscore.de\\\/shop\\\/#organization\",\"name\":\"All Score Media\",\"alternateName\":\"Allscore\",\"url\":\"https:\\\/\\\/www.allscore.de\\\/shop\\\/\",\"logo\":{\"@type\":\"ImageObject\",\"inLanguage\":\"de\",\"@id\":\"https:\\\/\\\/www.allscore.de\\\/shop\\\/#\\\/schema\\\/logo\\\/image\\\/\",\"url\":\"https:\\\/\\\/www.allscore.de\\\/shop\\\/wp-content\\\/uploads\\\/2026\\\/01\\\/Logo_Yoast_Shop_2026.png\",\"contentUrl\":\"https:\\\/\\\/www.allscore.de\\\/shop\\\/wp-content\\\/uploads\\\/2026\\\/01\\\/Logo_Yoast_Shop_2026.png\",\"width\":696,\"height\":696,\"caption\":\"All Score Media\"},\"image\":{\"@id\":\"https:\\\/\\\/www.allscore.de\\\/shop\\\/#\\\/schema\\\/logo\\\/image\\\/\"}}]}<\/script>\n<!-- \/ Yoast SEO plugin. -->","yoast_head_json":{"title":"Mondo Sangue verso Eric Pfeil - Radio Gelato (7\"-Single)","description":"Radio Gelato als 7\u2033-Vinyl-Single vom Label Rheinschallplatten. Limitiert auf 566 St\u00fcck, mit Wechselcover, nur echt mit doppelter A-Seite!","robots":{"index":"index","follow":"follow","max-snippet":"max-snippet:-1","max-image-preview":"max-image-preview:large","max-video-preview":"max-video-preview:-1"},"canonical":"https:\/\/www.allscore.de\/shop\/produkt\/mondo-sangue-verso-eric-pfeil-radio-gelato-81-mondo-originale-mix\/","og_locale":"de_DE","og_type":"article","og_title":"Mondo Sangue verso Eric Pfeil - Radio Gelato","og_description":"Radio Gelato als 7\u2033-Vinyl-Single vom Label Rheinschallplatten. Limitiert auf 566 St\u00fcck, mit Wechselcover, nur echt mit doppelter A-Seite!","og_url":"https:\/\/www.allscore.de\/shop\/produkt\/mondo-sangue-verso-eric-pfeil-radio-gelato-81-mondo-originale-mix\/","og_site_name":"Allscore Shop","article_modified_time":"2025-12-16T20:21:22+00:00","og_image":[{"width":1200,"height":1200,"url":"https:\/\/www.allscore.de\/shop\/wp-content\/uploads\/2022\/09\/ASM055_RadioGelato_1200.jpg","type":"image\/jpeg"}],"twitter_card":"summary_large_image","twitter_misc":{"Gesch\u00e4tzte Lesezeit":"2\u00a0Minuten"},"schema":{"@context":"https:\/\/schema.org","@graph":[{"@type":"WebPage","@id":"https:\/\/www.allscore.de\/shop\/produkt\/mondo-sangue-verso-eric-pfeil-radio-gelato-81-mondo-originale-mix\/","url":"https:\/\/www.allscore.de\/shop\/produkt\/mondo-sangue-verso-eric-pfeil-radio-gelato-81-mondo-originale-mix\/","name":"Mondo Sangue verso Eric Pfeil - Radio Gelato (7\"-Single)","isPartOf":{"@id":"https:\/\/www.allscore.de\/shop\/#website"},"primaryImageOfPage":{"@id":"https:\/\/www.allscore.de\/shop\/produkt\/mondo-sangue-verso-eric-pfeil-radio-gelato-81-mondo-originale-mix\/#primaryimage"},"image":{"@id":"https:\/\/www.allscore.de\/shop\/produkt\/mondo-sangue-verso-eric-pfeil-radio-gelato-81-mondo-originale-mix\/#primaryimage"},"thumbnailUrl":"https:\/\/www.allscore.de\/shop\/wp-content\/uploads\/2022\/09\/ASM055_RadioGelato_1200.jpg","datePublished":"2022-09-08T13:12:09+00:00","dateModified":"2025-12-16T20:21:22+00:00","description":"Radio Gelato als 7\u2033-Vinyl-Single vom Label Rheinschallplatten. Limitiert auf 566 St\u00fcck, mit Wechselcover, nur echt mit doppelter A-Seite!","breadcrumb":{"@id":"https:\/\/www.allscore.de\/shop\/produkt\/mondo-sangue-verso-eric-pfeil-radio-gelato-81-mondo-originale-mix\/#breadcrumb"},"inLanguage":"de","potentialAction":[{"@type":"ReadAction","target":["https:\/\/www.allscore.de\/shop\/produkt\/mondo-sangue-verso-eric-pfeil-radio-gelato-81-mondo-originale-mix\/"]}]},{"@type":"ImageObject","inLanguage":"de","@id":"https:\/\/www.allscore.de\/shop\/produkt\/mondo-sangue-verso-eric-pfeil-radio-gelato-81-mondo-originale-mix\/#primaryimage","url":"https:\/\/www.allscore.de\/shop\/wp-content\/uploads\/2022\/09\/ASM055_RadioGelato_1200.jpg","contentUrl":"https:\/\/www.allscore.de\/shop\/wp-content\/uploads\/2022\/09\/ASM055_RadioGelato_1200.jpg","width":1200,"height":1200,"caption":"Mondo Sangue versus Eric Pfeil"},{"@type":"BreadcrumbList","@id":"https:\/\/www.allscore.de\/shop\/produkt\/mondo-sangue-verso-eric-pfeil-radio-gelato-81-mondo-originale-mix\/#breadcrumb","itemListElement":[{"@type":"ListItem","position":1,"name":"Startseite","item":"https:\/\/www.allscore.de\/shop\/"},{"@type":"ListItem","position":2,"name":"Produkte","item":"https:\/\/www.allscore.de\/shop\/shop\/"},{"@type":"ListItem","position":3,"name":"Mondo Sangue verso Eric Pfeil \u2013 Radio Gelato"}]},{"@type":"WebSite","@id":"https:\/\/www.allscore.de\/shop\/#website","url":"https:\/\/www.allscore.de\/shop\/","name":"Allscore Shop","description":"All Score Media","publisher":{"@id":"https:\/\/www.allscore.de\/shop\/#organization"},"potentialAction":[{"@type":"SearchAction","target":{"@type":"EntryPoint","urlTemplate":"https:\/\/www.allscore.de\/shop\/?s={search_term_string}"},"query-input":{"@type":"PropertyValueSpecification","valueRequired":true,"valueName":"search_term_string"}}],"inLanguage":"de"},{"@type":"Organization","@id":"https:\/\/www.allscore.de\/shop\/#organization","name":"All Score Media","alternateName":"Allscore","url":"https:\/\/www.allscore.de\/shop\/","logo":{"@type":"ImageObject","inLanguage":"de","@id":"https:\/\/www.allscore.de\/shop\/#\/schema\/logo\/image\/","url":"https:\/\/www.allscore.de\/shop\/wp-content\/uploads\/2026\/01\/Logo_Yoast_Shop_2026.png","contentUrl":"https:\/\/www.allscore.de\/shop\/wp-content\/uploads\/2026\/01\/Logo_Yoast_Shop_2026.png","width":696,"height":696,"caption":"All Score Media"},"image":{"@id":"https:\/\/www.allscore.de\/shop\/#\/schema\/logo\/image\/"}}]}},"_links":{"self":[{"href":"https:\/\/www.allscore.de\/shop\/wp-json\/wp\/v2\/product\/11291","targetHints":{"allow":["GET"]}}],"collection":[{"href":"https:\/\/www.allscore.de\/shop\/wp-json\/wp\/v2\/product"}],"about":[{"href":"https:\/\/www.allscore.de\/shop\/wp-json\/wp\/v2\/types\/product"}],"wp:featuredmedia":[{"embeddable":true,"href":"https:\/\/www.allscore.de\/shop\/wp-json\/wp\/v2\/media\/11295"}],"wp:attachment":[{"href":"https:\/\/www.allscore.de\/shop\/wp-json\/wp\/v2\/media?parent=11291"}],"wp:term":[{"taxonomy":"product_brand","embeddable":true,"href":"https:\/\/www.allscore.de\/shop\/wp-json\/wp\/v2\/product_brand?post=11291"},{"taxonomy":"product_cat","embeddable":true,"href":"https:\/\/www.allscore.de\/shop\/wp-json\/wp\/v2\/product_cat?post=11291"},{"taxonomy":"product_tag","embeddable":true,"href":"https:\/\/www.allscore.de\/shop\/wp-json\/wp\/v2\/product_tag?post=11291"}],"curies":[{"name":"wp","href":"https:\/\/api.w.org\/{rel}","templated":true}]}}